{"id":1862,"date":"2024-09-09T13:32:02","date_gmt":"2024-09-09T11:32:02","guid":{"rendered":"https:\/\/www.elementlogic.net\/?page_id=240"},"modified":"2025-09-10T14:06:55","modified_gmt":"2025-09-10T14:06:55","slug":"frontpage","status":"publish","type":"page","link":"https:\/\/www.elementlogic.net\/cl\/","title":{"rendered":"Frontpage"},"content":{"rendered":"\n\t\t<div style=\"--dekode-hero-dim:0.5; --t2-icon-fill:var(--wp--preset--color--white); min-height:1000px;\" class=\"alignfull dekode-hero-content-position-center has-media-background wp-elements-96623d66418856503acdfc6e10a31048 wp-block-dekode-hero has-text-color has-white-color\">\n\t\t\t\t\t<video\n\t\t\tautoplay\n\t\t\tloop\n\t\t\tmuted\n\t\t\tplaysinline\n\t\t\tposter=\"\"\n\t\t\tsrc=\"https:\/\/www.elementlogic.net\/content\/uploads\/sites\/12\/\/2024\/09\/solutions-and-services.mp4\">\n\t\t<\/video>\n\t\t\n\t\t\t<div class=\"dekode-hero__content\">\n\t\t\t\t<div class=\"dekode-hero__container\">\n\t\t\t\t\t\n\n<p>Optimizing warehouse performance<\/p>\n\n\n\n<h1 class=\"wp-block-heading\" id=\"llevamos-tu-almacen-al-siguiente-nivel\">Llevamos tu almac\u00e9n al siguiente nivel<\/h1>\n\n\n<p class=\"t2-ingress wp-block-t2-ingress\">Descubre c\u00f3mo podemos ayudarte a satisfacer las necesidades y superar las expectativas de tus clientes<\/p>\n\n\n<div class=\"wp-block-buttons is-content-justification-center is-layout-flex wp-container-core-buttons-is-layout-1 wp-block-buttons-is-layout-flex\">\n<div class=\"wp-block-button has-icon has-icon-theme_arrow\"><a class=\"wp-block-button__link wp-element-button\" href=\"https:\/\/www.elementlogic.net\/cl\/soluciones-y-servicios\/\">M\u00e1s informaci\u00f3n<svg xmlns=\"http:\/\/www.w3.org\/2000\/svg\" viewBox=\"0 0 24 24\" height=\"24\" width=\"24\" class=\"t2-icon t2-icon-theme_arrow\" aria-hidden=\"true\" focusable=\"false\"><path d=\"M16.627 12.75H5.25C5.03717 12.75 4.859 12.6782 4.7155 12.5345C4.57183 12.391 4.5 12.2128 4.5 12C4.5 11.7872 4.57183 11.609 4.7155 11.4655C4.859 11.3218 5.03717 11.25 5.25 11.25H16.627L11.4577 6.08076C11.3091 5.93209 11.2357 5.75809 11.2375 5.55876C11.2395 5.35942 11.318 5.18217 11.473 5.02701C11.6282 4.88217 11.8038 4.80717 12 4.80201C12.1962 4.79684 12.3718 4.87184 12.527 5.02701L18.8673 11.3673C18.9609 11.4609 19.0269 11.5597 19.0652 11.6635C19.1037 11.7673 19.123 11.8795 19.123 12C19.123 12.1205 19.1037 12.2327 19.0652 12.3365C19.0269 12.4403 18.9609 12.5391 18.8673 12.6328L12.527 18.973C12.3885 19.1115 12.217 19.1823 12.0125 19.1855C11.808 19.1887 11.6282 19.1178 11.473 18.973C11.318 18.8178 11.2405 18.6397 11.2405 18.4385C11.2405 18.2372 11.318 18.0589 11.473 17.9038L16.627 12.75Z\" fill=\"var(--t2-icon-fill, #000)\"\/><\/svg><\/a><\/div>\n<\/div>\n\n\n\t\t\t\t<\/div>\n\t\t\t<\/div>\n\t\t<\/div>\n\t\t\n\n\n<h2 class=\"wp-block-heading has-text-align-center\" id=\"explore-1\">Descubre m\u00e1s<\/h2>\n\n\n<p class=\"t2-ingress has-text-align-center wp-block-t2-ingress\">Ofrecemos soluciones inteligentes y rentables, adaptadas a las necesidades de nuestros clientes<\/p>\n\n\n\t\t<div style=\"--link-cards-grid-columns: 3\" class=\"dekode-link-cards has-3-columns alignwide wp-block-dekode-link-cards\">\n\t\t\t<div class=\"dekode-link-cards__items\">\n\t\t\t\t\n<a class=\"wp-block-dekode-link-card has-background has-primary-background-color\" href=\"https:\/\/www.elementlogic.net\/cl\/soluciones-y-servicios\/\">\t<div class=\"dekode-link-card__content\">\n\t\t\t\t<p class=\"dekode-link-card__title\">\n\t\t\tSoluciones y servicios\t\t<\/p>\n\t\t\t\t\t<p class=\"dekode-link-card__description\">Brindamos soluciones a medida para mejorar el rendimiento y la eficiencia del almac\u00e9n.<\/p>\n\t\t\t<\/div>\n\t<\/a>\n\n<a class=\"wp-block-dekode-link-card has-background has-primary-background-color\" href=\"https:\/\/www.elementlogic.net\/cl\/cases\">\t<div class=\"dekode-link-card__content\">\n\t\t\t\t<p class=\"dekode-link-card__title\">\n\t\t\tCasos de \u00e9xito\t\t<\/p>\n\t\t\t\t\t<p class=\"dekode-link-card__description\">Con nuestras soluciones AutoStore\u00ae y nuestra cartera de software, los clientes logran resultados \u00fanicos.<\/p>\n\t\t\t<\/div>\n\t<\/a>\n\n<a class=\"wp-block-dekode-link-card has-background has-primary-background-color\" href=\"https:\/\/www.elementlogic.net\/cl\/whitepaper\/\">\t<div class=\"dekode-link-card__content\">\n\t\t\t\t<p class=\"dekode-link-card__title\">\n\t\t\tWhitepapers\t\t<\/p>\n\t\t\t\t\t<p class=\"dekode-link-card__description\">Compartimos nuestra experiencia y te ofrecemos una visi\u00f3n general sobre las \u00faltimas tendencias del sector.<\/p>\n\t\t\t<\/div>\n\t<\/a>\n\n\t\t\t<\/div>\n\t\t<\/div>\n\n\n\t\t<div style=\"--dekode-hero-dim:0.4; --t2-icon-fill:var(--wp--preset--color--white); min-height:350px;\" class=\"alignfull dekode-hero-content-position-center has-media-background wp-block-dekode-hero has-text-color has-white-color\">\n\t\t\t<img loading=\"lazy\" decoding=\"async\" width=\"1024\" height=\"683\" src=\"https:\/\/www.elementlogic.net\/content\/uploads\/sites\/26\/2024\/11\/Automated_warehouse_Element-Logic-1024x683-1.jpg\" class=\"dekode-hero__image\" alt=\"\" style=\"--focalpoint: 52% 35%;\" srcset=\"https:\/\/www.elementlogic.net\/content\/uploads\/sites\/26\/2024\/11\/Automated_warehouse_Element-Logic-1024x683-1.jpg 1024w, https:\/\/www.elementlogic.net\/content\/uploads\/sites\/26\/2024\/11\/Automated_warehouse_Element-Logic-1024x683-1-300x200.jpg 300w, https:\/\/www.elementlogic.net\/content\/uploads\/sites\/26\/2024\/11\/Automated_warehouse_Element-Logic-1024x683-1-768x512.jpg 768w\" sizes=\"(max-width: 1024px) 100vw, 1024px\" \/>\n\t\t\t<div class=\"dekode-hero__content\">\n\t\t\t\t<div class=\"dekode-hero__container\">\n\t\t\t\t\t\n\n<h2 class=\"wp-block-heading\" id=\"primer-y-mayor-partner-de-autostore-del-mundo\">Primer y mayor partner de AutoStore del mundo<\/h2>\n\n\n\t\t\t\t<\/div>\n\t\t\t<\/div>\n\t\t<\/div>\n\t\t\n\n\n\t\t<div class=\"alignwide is-mode-constrained is-gap-center wp-block-t2-simple-media-text has-background has-primary-background-color   \">\n\t\t\t<div class=\"t2-simple-media-text__container\">\n\t\t\t\t<div class=\"t2-simple-media-text__image\"><img loading=\"lazy\" decoding=\"async\" width=\"768\" height=\"595\" src=\"https:\/\/www.elementlogic.net\/content\/uploads\/sites\/26\/2024\/11\/SDI-to-Element-Logic-square-768x595-1.jpg\" class=\"\" alt=\"\" style=\"--focalpoint: 50% 50%;\" srcset=\"https:\/\/www.elementlogic.net\/content\/uploads\/sites\/26\/2024\/11\/SDI-to-Element-Logic-square-768x595-1.jpg 768w, https:\/\/www.elementlogic.net\/content\/uploads\/sites\/26\/2024\/11\/SDI-to-Element-Logic-square-768x595-1-300x232.jpg 300w\" sizes=\"(max-width: 768px) 100vw, 768px\" \/><\/div>\n\t\t\t\t<div class=\"t2-simple-media-text__content-container\">\n\t\t\t\t\t<div class=\"t2-simple-media-text__content\">\n\t\t\t\t\t\t<div class=\"t2-simple-media-text__content-inner\">\n\t\t\t\t\t\t\t\n\n<h4 class=\"wp-block-heading\" id=\"noticias\">Noticias<\/h4>\n\n\n\n<h3 class=\"wp-block-heading\" id=\"sdi-element-logic-cambia-su-nombre-a-element-logic\">SDI ELEMENT LOGIC CAMBIA SU NOMBRE A ELEMENT LOGIC<\/h3>\n\n\n\n<p>Esta evoluci\u00f3n representa un avance significativo en la misi\u00f3n de la empresa de convertirse en l\u00edder mundial en automatizaci\u00f3n de almacenamiento y sirve como un movimiento estrat\u00e9gico que combina 90 a\u00f1os de experiencia bajo una sola marca.&nbsp;<\/p>\n\n\n\n<div class=\"wp-block-buttons is-layout-flex wp-block-buttons-is-layout-flex\">\n<div class=\"wp-block-button is-style-fill\"><a class=\"wp-block-button__link wp-element-button\" href=\"https:\/\/www.elementlogic.net\/cl\/2024\/10\/26\/sdi-element-logic-cambia-su-nombre-a-element-logic\/\">Leer m\u00e1s<\/a><\/div>\n<\/div>\n\n\n\t\t\t\t\t\t<\/div>\n\t\t\t\t\t<\/div>\n\t\t\t\t<\/div>\n\t\t\t<\/div>\n\t\t<\/div>\n\t\t\n\n\n\t\t<div class=\"alignwide is-mode-constrained is-gap-center has-media-on-the-right wp-block-t2-simple-media-text has-background has-cool-grey-10-background-color  has-media-shadow has-media-contain\">\n\t\t\t<div class=\"t2-simple-media-text__container\">\n\t\t\t\t<div class=\"t2-simple-media-text__image\"><img loading=\"lazy\" decoding=\"async\" width=\"724\" height=\"1024\" src=\"https:\/\/www.elementlogic.net\/content\/uploads\/sites\/26\/2024\/11\/image-77-1-1.png\" class=\"\" alt=\"\" style=\"--focalpoint: 50% 50%;\" srcset=\"https:\/\/www.elementlogic.net\/content\/uploads\/sites\/26\/2024\/11\/image-77-1-1.png 724w, https:\/\/www.elementlogic.net\/content\/uploads\/sites\/26\/2024\/11\/image-77-1-1-212x300.png 212w\" sizes=\"(max-width: 724px) 100vw, 724px\" \/><\/div>\n\t\t\t\t<div class=\"t2-simple-media-text__content-container\">\n\t\t\t\t\t<div class=\"t2-simple-media-text__content\">\n\t\t\t\t\t\t<div class=\"t2-simple-media-text__content-inner\">\n\t\t\t\t\t\t\t\n\n<h3 class=\"wp-block-heading\" id=\"es-posible-una-intralogistica-sostenible\">\u00bfEs posible una intralog\u00edstica sostenible?<\/h3>\n\n\n\n<p>La clave de cualquier soluci\u00f3n intralog\u00edstica es facilitar la circulaci\u00f3n y distribuci\u00f3n eficiente de bienes. Pero, \u00bfpuede la intralog\u00edstica ser tambi\u00e9n sostenible? Lo analizamos en nuestro \u00faltimo whitepaper.<\/p>\n\n\n\n<div class=\"wp-block-buttons is-layout-flex wp-block-buttons-is-layout-flex\">\n<div class=\"wp-block-button is-style-fill has-icon has-icon-theme_arrow\"><a class=\"wp-block-button__link wp-element-button\" href=\"https:\/\/www.elementlogic.net\/cl\/whitepaper\/\">Accede al whitepaper<svg xmlns=\"http:\/\/www.w3.org\/2000\/svg\" viewBox=\"0 0 24 24\" height=\"24\" width=\"24\" class=\"t2-icon t2-icon-theme_arrow\" aria-hidden=\"true\" focusable=\"false\"><path d=\"M16.627 12.75H5.25C5.03717 12.75 4.859 12.6782 4.7155 12.5345C4.57183 12.391 4.5 12.2128 4.5 12C4.5 11.7872 4.57183 11.609 4.7155 11.4655C4.859 11.3218 5.03717 11.25 5.25 11.25H16.627L11.4577 6.08076C11.3091 5.93209 11.2357 5.75809 11.2375 5.55876C11.2395 5.35942 11.318 5.18217 11.473 5.02701C11.6282 4.88217 11.8038 4.80717 12 4.80201C12.1962 4.79684 12.3718 4.87184 12.527 5.02701L18.8673 11.3673C18.9609 11.4609 19.0269 11.5597 19.0652 11.6635C19.1037 11.7673 19.123 11.8795 19.123 12C19.123 12.1205 19.1037 12.2327 19.0652 12.3365C19.0269 12.4403 18.9609 12.5391 18.8673 12.6328L12.527 18.973C12.3885 19.1115 12.217 19.1823 12.0125 19.1855C11.808 19.1887 11.6282 19.1178 11.473 18.973C11.318 18.8178 11.2405 18.6397 11.2405 18.4385C11.2405 18.2372 11.318 18.0589 11.473 17.9038L16.627 12.75Z\" fill=\"var(--t2-icon-fill, #000)\"\/><\/svg><\/a><\/div>\n<\/div>\n\n\n\t\t\t\t\t\t<\/div>\n\t\t\t\t\t<\/div>\n\t\t\t\t<\/div>\n\t\t\t<\/div>\n\t\t<\/div>\n\t\t\n\n\n<h4 class=\"wp-block-heading alignwide\" id=\"ultimas-noticias\">\u00daltimas noticias: <\/h4>\n\n\n<div class=\"t2-featured-content-layout alignwide wp-block-t2-featured-content-layout\">\n<div class=\"t2-featured-query-post t2-featured-content is-post-type-post category-uncategorized wp-block-t2-featured-query-post\"><a class=\"t2-post-link wp-block-t2-post-link\" href=\"https:\/\/www.elementlogic.net\/cl\/noticias\/sdi-element-logic-cambia-su-nombre-a-element-logic\/\">\n\t<figure style=\"--t2-focal-point: 50% 50%;\" class=\"t2-post-featured-image has-image-ratio-3-2 wp-block-t2-post-featured-image\"><img loading=\"lazy\" decoding=\"async\" width=\"1280\" height=\"683\" src=\"https:\/\/www.elementlogic.net\/content\/uploads\/sites\/26\/2024\/10\/SDI-to-Element-Logic-1.jpg\" class=\"attachment-post-thumbnail size-post-thumbnail wp-post-image\" alt=\"\" srcset=\"https:\/\/www.elementlogic.net\/content\/uploads\/sites\/26\/2024\/10\/SDI-to-Element-Logic-1.jpg 1280w, https:\/\/www.elementlogic.net\/content\/uploads\/sites\/26\/2024\/10\/SDI-to-Element-Logic-1-300x160.jpg 300w, https:\/\/www.elementlogic.net\/content\/uploads\/sites\/26\/2024\/10\/SDI-to-Element-Logic-1-1024x546.jpg 1024w, https:\/\/www.elementlogic.net\/content\/uploads\/sites\/26\/2024\/10\/SDI-to-Element-Logic-1-768x410.jpg 768w\" sizes=\"(max-width: 1280px) 100vw, 1280px\" \/><\/figure>\n\t<\/a>\n\n\t\t<div class=\"card-content wp-block-t2-wrapper\">\n\t<div class=\"wp-block-post-date\"><time datetime=\"2024-10-26T00:31:51+00:00\">Octubre 26, 2024<\/time><\/div>\n\t<h3 class=\"t2-post-title wp-block-t2-post-title\"><a href=\"https:\/\/www.elementlogic.net\/cl\/noticias\/sdi-element-logic-cambia-su-nombre-a-element-logic\/\" target=\"_self\" >SDI ELEMENT LOGIC CAMBIA SU NOMBRE A ELEMENT LOGIC<\/a><\/h3>\n\t<div class=\"t2-post-excerpt wp-block-t2-post-excerpt\"><p>PARA PUBLICACI\u00d3N INMEDIATA \u2013 LOS \u00c1NGELES, OCTUBRE 2024 \u2014 Despu\u00e9s de una incorporaci\u00f3n e integraci\u00f3n exitosa, SDI Element Logic dar\u00e1 [&hellip;]<\/p><\/div>\n<\/div>\n<\/div>\n\n<div class=\"t2-featured-query-post t2-featured-content is-post-type-post category-uncategorized wp-block-t2-featured-query-post\"><a class=\"t2-post-link wp-block-t2-post-link\" href=\"https:\/\/www.elementlogic.net\/cl\/noticias\/reformation-selecciona-a-element-logic-para-nuevo-proyecto-de-autostore\/\">\n\t<figure style=\"--t2-focal-point: 50% 50%;\" class=\"t2-post-featured-image has-image-ratio-3-2 wp-block-t2-post-featured-image\"><img loading=\"lazy\" decoding=\"async\" width=\"624\" height=\"390\" src=\"https:\/\/www.elementlogic.net\/content\/uploads\/sites\/26\/2024\/08\/Reformation-mockup-1.jpg\" class=\"attachment-post-thumbnail size-post-thumbnail wp-post-image\" alt=\"\" srcset=\"https:\/\/www.elementlogic.net\/content\/uploads\/sites\/26\/2024\/08\/Reformation-mockup-1.jpg 624w, https:\/\/www.elementlogic.net\/content\/uploads\/sites\/26\/2024\/08\/Reformation-mockup-1-300x188.jpg 300w\" sizes=\"(max-width: 624px) 100vw, 624px\" \/><\/figure>\n\t<\/a>\n\n\t\t<div class=\"card-content wp-block-t2-wrapper\">\n\t<div class=\"wp-block-post-date\"><time datetime=\"2024-08-27T11:12:34+00:00\">Agosto 27, 2024<\/time><\/div>\n\t<h3 class=\"t2-post-title wp-block-t2-post-title\"><a href=\"https:\/\/www.elementlogic.net\/cl\/noticias\/reformation-selecciona-a-element-logic-para-nuevo-proyecto-de-autostore\/\" target=\"_self\" >Reformation Selecciona A Element Logic Para Nuevo Proyecto De Autostore<\/a><\/h3>\n\t<div class=\"t2-post-excerpt wp-block-t2-post-excerpt\"><p>PARA PUBLICACI\u00d3N INMEDIATA \u2013 AGOSTO DE 2024\u202f Reformation es conocida por su ropa de inspiraci\u00f3n vintage y su dedicaci\u00f3n a [&hellip;]<\/p><\/div>\n<\/div>\n<\/div>\n\n<div class=\"t2-featured-query-post t2-featured-content is-post-type-post category-uncategorized wp-block-t2-featured-query-post\"><a class=\"t2-post-link wp-block-t2-post-link\" href=\"https:\/\/www.elementlogic.net\/cl\/noticias\/element-logic-nombra-a-ankush-malhotra-como-nuevo-ceo-del-grupo\/\">\n\t<figure style=\"--t2-focal-point: 50% 50%;\" class=\"t2-post-featured-image has-image-ratio-3-2 wp-block-t2-post-featured-image\"><img loading=\"lazy\" decoding=\"async\" width=\"1024\" height=\"726\" src=\"https:\/\/www.elementlogic.net\/content\/uploads\/sites\/26\/2024\/08\/Dag-Adler-Blakseth-and-Akush-Malhotra-picture-1024x726-1-1.jpg\" class=\"attachment-post-thumbnail size-post-thumbnail wp-post-image\" alt=\"\" srcset=\"https:\/\/www.elementlogic.net\/content\/uploads\/sites\/26\/2024\/08\/Dag-Adler-Blakseth-and-Akush-Malhotra-picture-1024x726-1-1.jpg 1024w, https:\/\/www.elementlogic.net\/content\/uploads\/sites\/26\/2024\/08\/Dag-Adler-Blakseth-and-Akush-Malhotra-picture-1024x726-1-1-300x213.jpg 300w, https:\/\/www.elementlogic.net\/content\/uploads\/sites\/26\/2024\/08\/Dag-Adler-Blakseth-and-Akush-Malhotra-picture-1024x726-1-1-768x545.jpg 768w\" sizes=\"(max-width: 1024px) 100vw, 1024px\" \/><\/figure>\n\t<\/a>\n\n\t\t<div class=\"card-content wp-block-t2-wrapper\">\n\t<div class=\"wp-block-post-date\"><time datetime=\"2024-08-27T10:21:16+00:00\">Agosto 27, 2024<\/time><\/div>\n\t<h3 class=\"t2-post-title wp-block-t2-post-title\"><a href=\"https:\/\/www.elementlogic.net\/cl\/noticias\/element-logic-nombra-a-ankush-malhotra-como-nuevo-ceo-del-grupo\/\" target=\"_self\" >Element Logic nombra a Ankush Malhotra como nuevo CEO del Grupo<\/a><\/h3>\n\t<div class=\"t2-post-excerpt wp-block-t2-post-excerpt\"><p>PARA PUBLICACI\u00d3N INMEDIATA \u2013 MELBOURNE, FL, 27 DE AGOSTO DE 2024 Element Logic empresa tecnol\u00f3gica, especializada en Intralogistica y automatizaci\u00f3n [&hellip;]<\/p><\/div>\n<\/div>\n<\/div>\n<\/div>\n\n\n<h4 class=\"wp-block-heading alignwide\" id=\"casos-de-exito\">Casos de \u00e9xito:<\/h4>\n\n\n<div class=\"t2-featured-content-layout alignwide wp-block-t2-featured-content-layout\">\n<div class=\"t2-featured-query-post t2-featured-content is-post-type-case case_tax-logistica-de-transporte wp-block-t2-featured-query-post\"><a class=\"t2-post-link wp-block-t2-post-link\" href=\"https:\/\/www.elementlogic.net\/cl\/cases\/caso-de-estudio-de-toll-group\/\">\n\t<div class=\"client-logo-image-wrapper\"><img loading=\"lazy\" decoding=\"async\" width=\"300\" height=\"167\" src=\"https:\/\/www.elementlogic.net\/content\/uploads\/sites\/26\/2024\/10\/toll-group-vector-logo-300x167-1.png\" class=\"client-logo-image\" alt=\"\" \/><\/div>\n\t<figure style=\"--t2-focal-point: 50% 50%;\" class=\"t2-post-featured-image has-image-ratio-3-2 wp-block-t2-post-featured-image\"><img loading=\"lazy\" decoding=\"async\" width=\"1024\" height=\"512\" src=\"https:\/\/www.elementlogic.net\/content\/uploads\/sites\/26\/2024\/11\/joey-12-optimized-1024x512-2.jpg\" class=\"attachment-post-thumbnail size-post-thumbnail wp-post-image\" alt=\"\" srcset=\"https:\/\/www.elementlogic.net\/content\/uploads\/sites\/26\/2024\/11\/joey-12-optimized-1024x512-2.jpg 1024w, https:\/\/www.elementlogic.net\/content\/uploads\/sites\/26\/2024\/11\/joey-12-optimized-1024x512-2-300x150.jpg 300w, https:\/\/www.elementlogic.net\/content\/uploads\/sites\/26\/2024\/11\/joey-12-optimized-1024x512-2-768x384.jpg 768w\" sizes=\"(max-width: 1024px) 100vw, 1024px\" \/><\/figure>\n\t\n<\/a>\n\n\t\t<div class=\"card-content wp-block-t2-wrapper\">\n\t<div class=\"wp-block-dekode-post-terms\"><span>Log\u00edstica de transporte<\/span><\/div>\n\t<h3 class=\"t2-post-title wp-block-t2-post-title\"><a href=\"https:\/\/www.elementlogic.net\/cl\/cases\/caso-de-estudio-de-toll-group\/\" target=\"_self\" >Caso de Estudio de Toll Group<\/a><\/h3>\n\t<div class=\"t2-post-excerpt wp-block-t2-post-excerpt\"><p>La soluci\u00f3n Element Logic para Toll Group&nbsp; ENFOQUE DE CONSULTOR\u00cdA: Como parte del enfoque de consultor\u00eda de Element Logic, analizamos [&hellip;]<\/p><\/div>\n<\/div>\n<\/div>\n\n<div class=\"t2-featured-query-post t2-featured-content is-post-type-case case_tax-retail wp-block-t2-featured-query-post\"><a class=\"t2-post-link wp-block-t2-post-link\" href=\"https:\/\/www.elementlogic.net\/cl\/cases\/caso-de-estudio-de-stage-stores\/\">\n\t\n\t<figure style=\"--t2-focal-point: 50% 50%;\" class=\"t2-post-featured-image has-image-ratio-3-2 wp-block-t2-post-featured-image\"><img loading=\"lazy\" decoding=\"async\" width=\"1024\" height=\"683\" src=\"https:\/\/www.elementlogic.net\/content\/uploads\/sites\/26\/2024\/10\/joey-puch-element-1024x683-1.jpg\" class=\"attachment-post-thumbnail size-post-thumbnail wp-post-image\" alt=\"\" srcset=\"https:\/\/www.elementlogic.net\/content\/uploads\/sites\/26\/2024\/10\/joey-puch-element-1024x683-1.jpg 1024w, https:\/\/www.elementlogic.net\/content\/uploads\/sites\/26\/2024\/10\/joey-puch-element-1024x683-1-300x200.jpg 300w, https:\/\/www.elementlogic.net\/content\/uploads\/sites\/26\/2024\/10\/joey-puch-element-1024x683-1-768x512.jpg 768w\" sizes=\"(max-width: 1024px) 100vw, 1024px\" \/><\/figure>\n\t\n<\/a>\n\n\t\t<div class=\"card-content wp-block-t2-wrapper\">\n\t<div class=\"wp-block-dekode-post-terms\"><span>Retail<\/span><\/div>\n\t<h3 class=\"t2-post-title wp-block-t2-post-title\"><a href=\"https:\/\/www.elementlogic.net\/cl\/cases\/caso-de-estudio-de-stage-stores\/\" target=\"_self\" >Caso de Estudio de Stage Stores<\/a><\/h3>\n\t<div class=\"t2-post-excerpt wp-block-t2-post-excerpt\"><p>La soluci\u00f3n Element Logic para Stage Stores&nbsp; ENFOQUE DE CONSULTOR\u00cdA: Como parte del enfoque de consultor\u00eda de Element Logic, analizamos [&hellip;]<\/p><\/div>\n<\/div>\n<\/div>\n\n<div class=\"t2-featured-query-post t2-featured-content is-post-type-case case_tax-moda-y-equipamiento-deportivo case_tax-retail wp-block-t2-featured-query-post\"><a class=\"t2-post-link wp-block-t2-post-link\" href=\"https:\/\/www.elementlogic.net\/cl\/cases\/caso-de-estudio-saramax\/\">\n\t\n\t<figure style=\"--t2-focal-point: 50% 50%;\" class=\"t2-post-featured-image has-image-ratio-3-2 wp-block-t2-post-featured-image\"><img loading=\"lazy\" decoding=\"async\" width=\"1024\" height=\"619\" src=\"https:\/\/www.elementlogic.net\/content\/uploads\/sites\/26\/2024\/10\/saramax-put-to-light-ready-LED-display-1024x619-1-1.jpg\" class=\"attachment-post-thumbnail size-post-thumbnail wp-post-image\" alt=\"\" srcset=\"https:\/\/www.elementlogic.net\/content\/uploads\/sites\/26\/2024\/10\/saramax-put-to-light-ready-LED-display-1024x619-1-1.jpg 1024w, https:\/\/www.elementlogic.net\/content\/uploads\/sites\/26\/2024\/10\/saramax-put-to-light-ready-LED-display-1024x619-1-1-300x181.jpg 300w, https:\/\/www.elementlogic.net\/content\/uploads\/sites\/26\/2024\/10\/saramax-put-to-light-ready-LED-display-1024x619-1-1-768x464.jpg 768w\" sizes=\"(max-width: 1024px) 100vw, 1024px\" \/><\/figure>\n\t\n<\/a>\n\n\t\t<div class=\"card-content wp-block-t2-wrapper\">\n\t<div class=\"wp-block-dekode-post-terms\"><span>Moda y equipamiento deportivo<\/span><span>Retail<\/span><\/div>\n\t<h3 class=\"t2-post-title wp-block-t2-post-title\"><a href=\"https:\/\/www.elementlogic.net\/cl\/cases\/caso-de-estudio-saramax\/\" target=\"_self\" >Caso de Estudio Saramax<\/a><\/h3>\n\t<div class=\"t2-post-excerpt wp-block-t2-post-excerpt\"><p>La soluci\u00f3n ELEMENT LOGIC para Saramax&nbsp; ENFOQUE DE CONSULTOR\u00cdA: Como parte del enfoque de consultor\u00eda de Element Logic, analizamos los [&hellip;]<\/p><\/div>\n<\/div>\n<\/div>\n<\/div>\n\n","protected":false},"excerpt":{"rendered":"<p>Descubre m\u00e1s \u00daltimas noticias: Casos de \u00e9xito:<\/p>\n","protected":false},"author":5,"featured_media":0,"parent":0,"menu_order":0,"comment_status":"closed","ping_status":"closed","template":"","meta":{"hreflang_relation":240,"_el_cross_publish_source_blog_url":"","_el_cross_publish_source_blog_id":0,"_el_cross_publish_source_post_id":0,"_el_cross_publish_sync_state":"","exclude_from_search":false,"content-type":"","footnotes":""},"class_list":["post-1862","page","type-page","status-publish","hentry"],"yoast_head":"<!-- This site is optimized with the Yoast SEO Premium plugin v23.9 (Yoast SEO v23.9) - https:\/\/yoast.com\/wordpress\/plugins\/seo\/ -->\n<title>Frontpage - Element Logic Chile<\/title>\n<meta name=\"robots\" content=\"index, follow, max-snippet:-1, max-image-preview:large, max-video-preview:-1\" \/>\n<link rel=\"canonical\" href=\"https:\/\/www.elementlogic.net\/cl\/\" \/>\n<meta property=\"og:locale\" content=\"es_ES\" \/>\n<meta property=\"og:type\" content=\"article\" \/>\n<meta property=\"og:title\" content=\"Frontpage\" \/>\n<meta property=\"og:description\" content=\"Descubre m\u00e1s \u00daltimas noticias: Casos de \u00e9xito:\" \/>\n<meta property=\"og:url\" content=\"https:\/\/www.elementlogic.net\/cl\/\" \/>\n<meta property=\"og:site_name\" content=\"Element Logic Chile\" \/>\n<meta property=\"article:modified_time\" content=\"2025-09-10T14:06:55+00:00\" \/>\n<meta name=\"twitter:card\" content=\"summary_large_image\" \/>\n<meta name=\"twitter:label1\" content=\"Tiempo estimado de lectura\" \/>\n\t<meta name=\"twitter:data1\" content=\"1 minuto\" \/>\n<script type=\"application\/ld+json\" class=\"yoast-schema-graph\">{\"@context\":\"https:\/\/schema.org\",\"@graph\":[{\"@type\":\"WebPage\",\"@id\":\"https:\/\/www.elementlogic.net\/cl\/\",\"url\":\"https:\/\/www.elementlogic.net\/cl\/\",\"name\":\"Frontpage - Element Logic Chile\",\"isPartOf\":{\"@id\":\"https:\/\/www.elementlogic.net\/cl\/#website\"},\"datePublished\":\"2024-09-09T11:32:02+00:00\",\"dateModified\":\"2025-09-10T14:06:55+00:00\",\"inLanguage\":\"es-CL\",\"potentialAction\":[{\"@type\":\"ReadAction\",\"target\":[\"https:\/\/www.elementlogic.net\/cl\/\"]}]},{\"@type\":\"WebSite\",\"@id\":\"https:\/\/www.elementlogic.net\/cl\/#website\",\"url\":\"https:\/\/www.elementlogic.net\/cl\/\",\"name\":\"Element Logic Chile\",\"description\":\"\",\"potentialAction\":[{\"@type\":\"SearchAction\",\"target\":{\"@type\":\"EntryPoint\",\"urlTemplate\":\"https:\/\/www.elementlogic.net\/cl\/?s={search_term_string}\"},\"query-input\":{\"@type\":\"PropertyValueSpecification\",\"valueRequired\":true,\"valueName\":\"search_term_string\"}}],\"inLanguage\":\"es-CL\"}]}<\/script>\n<!-- \/ Yoast SEO Premium plugin. -->","yoast_head_json":{"title":"Frontpage - Element Logic Chile","robots":{"index":"index","follow":"follow","max-snippet":"max-snippet:-1","max-image-preview":"max-image-preview:large","max-video-preview":"max-video-preview:-1"},"canonical":"https:\/\/www.elementlogic.net\/cl\/","og_locale":"es_ES","og_type":"article","og_title":"Frontpage","og_description":"Descubre m\u00e1s \u00daltimas noticias: Casos de \u00e9xito:","og_url":"https:\/\/www.elementlogic.net\/cl\/","og_site_name":"Element Logic Chile","article_modified_time":"2025-09-10T14:06:55+00:00","twitter_card":"summary_large_image","twitter_misc":{"Tiempo estimado de lectura":"1 minuto"},"schema":{"@context":"https:\/\/schema.org","@graph":[{"@type":"WebPage","@id":"https:\/\/www.elementlogic.net\/cl\/","url":"https:\/\/www.elementlogic.net\/cl\/","name":"Frontpage - Element Logic Chile","isPartOf":{"@id":"https:\/\/www.elementlogic.net\/cl\/#website"},"datePublished":"2024-09-09T11:32:02+00:00","dateModified":"2025-09-10T14:06:55+00:00","inLanguage":"es-CL","potentialAction":[{"@type":"ReadAction","target":["https:\/\/www.elementlogic.net\/cl\/"]}]},{"@type":"WebSite","@id":"https:\/\/www.elementlogic.net\/cl\/#website","url":"https:\/\/www.elementlogic.net\/cl\/","name":"Element Logic Chile","description":"","potentialAction":[{"@type":"SearchAction","target":{"@type":"EntryPoint","urlTemplate":"https:\/\/www.elementlogic.net\/cl\/?s={search_term_string}"},"query-input":{"@type":"PropertyValueSpecification","valueRequired":true,"valueName":"search_term_string"}}],"inLanguage":"es-CL"}]}},"_links":{"self":[{"href":"https:\/\/www.elementlogic.net\/cl\/wp-json\/wp\/v2\/pages\/1862"}],"collection":[{"href":"https:\/\/www.elementlogic.net\/cl\/wp-json\/wp\/v2\/pages"}],"about":[{"href":"https:\/\/www.elementlogic.net\/cl\/wp-json\/wp\/v2\/types\/page"}],"author":[{"embeddable":true,"href":"https:\/\/www.elementlogic.net\/cl\/wp-json\/wp\/v2\/users\/5"}],"replies":[{"embeddable":true,"href":"https:\/\/www.elementlogic.net\/cl\/wp-json\/wp\/v2\/comments?post=1862"}],"version-history":[{"count":5,"href":"https:\/\/www.elementlogic.net\/cl\/wp-json\/wp\/v2\/pages\/1862\/revisions"}],"predecessor-version":[{"id":3382,"href":"https:\/\/www.elementlogic.net\/cl\/wp-json\/wp\/v2\/pages\/1862\/revisions\/3382"}],"wp:attachment":[{"href":"https:\/\/www.elementlogic.net\/cl\/wp-json\/wp\/v2\/media?parent=1862"}],"curies":[{"name":"wp","href":"https:\/\/api.w.org\/{rel}","templated":true}]}}