{"id":1893,"date":"2024-09-03T15:08:58","date_gmt":"2024-09-03T13:08:58","guid":{"rendered":"https:\/\/www.elementlogic.net\/?page_id=1845"},"modified":"2024-11-21T21:02:34","modified_gmt":"2024-11-21T21:02:34","slug":"controlador","status":"publish","type":"page","link":"https:\/\/www.elementlogic.net\/cl\/soluciones-y-servicios\/autostore\/controlador\/","title":{"rendered":"Controlador"},"content":{"rendered":"<p class=\"t2-ingress wp-block-t2-ingress\">El Controlador de AutoStore act\u00faa como el centro de mando.<\/p>\n\n\n<p><\/p>\n\n\n\n\t\t<div class=\"alignwide is-mode-constrained is-gap-center wp-block-t2-simple-media-text   \">\n\t\t\t<div class=\"t2-simple-media-text__container\">\n\t\t\t\t<div class=\"t2-simple-media-text__image\"><img loading=\"lazy\" decoding=\"async\" width=\"768\" height=\"768\" src=\"https:\/\/www.elementlogic.net\/content\/uploads\/sites\/26\/2024\/11\/Controller1-1024x1024-1-768x768.jpg\" class=\"\" alt=\"\" style=\"--focalpoint: 50% 50%;\" srcset=\"https:\/\/www.elementlogic.net\/content\/uploads\/sites\/26\/2024\/11\/Controller1-1024x1024-1-768x768.jpg 768w, https:\/\/www.elementlogic.net\/content\/uploads\/sites\/26\/2024\/11\/Controller1-1024x1024-1-300x300.jpg 300w, https:\/\/www.elementlogic.net\/content\/uploads\/sites\/26\/2024\/11\/Controller1-1024x1024-1-150x150.jpg 150w, https:\/\/www.elementlogic.net\/content\/uploads\/sites\/26\/2024\/11\/Controller1-1024x1024-1.jpg 1024w\" sizes=\"(max-width: 768px) 100vw, 768px\" \/><\/div>\n\t\t\t\t<div class=\"t2-simple-media-text__content-container\">\n\t\t\t\t\t<div class=\"t2-simple-media-text__content\">\n\t\t\t\t\t\t<div class=\"t2-simple-media-text__content-inner\">\n\t\t\t\t\t\t\t\n\n<p>Est\u00e1 encargado de seguir la ubicaci\u00f3n de las cubetas, los robots y los puertos, adem\u00e1s de gestionar el tr\u00e1fico y planificar las rutas para las tareas que realizan los robots.&nbsp;<\/p>\n\n\n\n<p>Al mismo tiempo, <a href=\"https:\/\/www.elementlogic.net\/cl\/soluciones-y-servicios\/software\">la plataforma de software eManager <\/a>de Element Logic, dise\u00f1ada espec\u00edficamente para AutoStore, gestiona la informaci\u00f3n detallada de los productos y las actividades dentro de las cubetas.&nbsp;<\/p>\n\n\n\t\t\t\t\t\t<\/div>\n\t\t\t\t\t<\/div>\n\t\t\t\t<\/div>\n\t\t\t<\/div>\n\t\t<\/div>\n\t\t","protected":false},"excerpt":{"rendered":"","protected":false},"author":11,"featured_media":0,"parent":1912,"menu_order":0,"comment_status":"closed","ping_status":"closed","template":"","meta":{"hreflang_relation":0,"_el_cross_publish_source_blog_url":"","_el_cross_publish_source_blog_id":0,"_el_cross_publish_source_post_id":0,"_el_cross_publish_sync_state":"","exclude_from_search":false,"content-type":"","footnotes":""},"class_list":["post-1893","page","type-page","status-publish","hentry"],"yoast_head":"<!-- This site is optimized with the Yoast SEO Premium plugin v23.9 (Yoast SEO v23.9) - https:\/\/yoast.com\/wordpress\/plugins\/seo\/ -->\n<title>Controlador - Element Logic Chile<\/title>\n<meta name=\"robots\" content=\"index, follow, max-snippet:-1, max-image-preview:large, max-video-preview:-1\" \/>\n<link rel=\"canonical\" href=\"https:\/\/www.elementlogic.net\/cl\/soluciones-y-servicios\/autostore\/controlador\/\" \/>\n<meta property=\"og:locale\" content=\"es_ES\" \/>\n<meta property=\"og:type\" content=\"article\" \/>\n<meta property=\"og:title\" content=\"Controlador\" \/>\n<meta property=\"og:url\" content=\"https:\/\/www.elementlogic.net\/cl\/soluciones-y-servicios\/autostore\/controlador\/\" \/>\n<meta property=\"og:site_name\" content=\"Element Logic Chile\" \/>\n<meta property=\"article:modified_time\" content=\"2024-11-21T21:02:34+00:00\" \/>\n<meta name=\"twitter:card\" content=\"summary_large_image\" \/>\n<meta name=\"twitter:label1\" content=\"Tiempo estimado de lectura\" \/>\n\t<meta name=\"twitter:data1\" content=\"1 minuto\" \/>\n<script type=\"application\/ld+json\" class=\"yoast-schema-graph\">{\"@context\":\"https:\/\/schema.org\",\"@graph\":[{\"@type\":\"WebPage\",\"@id\":\"https:\/\/www.elementlogic.net\/cl\/soluciones-y-servicios\/autostore\/controlador\/\",\"url\":\"https:\/\/www.elementlogic.net\/cl\/soluciones-y-servicios\/autostore\/controlador\/\",\"name\":\"Controlador - Element Logic Chile\",\"isPartOf\":{\"@id\":\"https:\/\/www.elementlogic.net\/cl\/#website\"},\"datePublished\":\"2024-09-03T13:08:58+00:00\",\"dateModified\":\"2024-11-21T21:02:34+00:00\",\"breadcrumb\":{\"@id\":\"https:\/\/www.elementlogic.net\/cl\/soluciones-y-servicios\/autostore\/controlador\/#breadcrumb\"},\"inLanguage\":\"es-CL\",\"potentialAction\":[{\"@type\":\"ReadAction\",\"target\":[\"https:\/\/www.elementlogic.net\/cl\/soluciones-y-servicios\/autostore\/controlador\/\"]}]},{\"@type\":\"BreadcrumbList\",\"@id\":\"https:\/\/www.elementlogic.net\/cl\/soluciones-y-servicios\/autostore\/controlador\/#breadcrumb\",\"itemListElement\":[{\"@type\":\"ListItem\",\"position\":1,\"name\":\"Soluciones y servicios\",\"item\":\"https:\/\/www.elementlogic.net\/cl\/soluciones-y-servicios\/\"},{\"@type\":\"ListItem\",\"position\":2,\"name\":\"AutoStore\",\"item\":\"https:\/\/www.elementlogic.net\/cl\/soluciones-y-servicios\/autostore\/\"},{\"@type\":\"ListItem\",\"position\":3,\"name\":\"Controlador\"}]},{\"@type\":\"WebSite\",\"@id\":\"https:\/\/www.elementlogic.net\/cl\/#website\",\"url\":\"https:\/\/www.elementlogic.net\/cl\/\",\"name\":\"Element Logic Chile\",\"description\":\"\",\"potentialAction\":[{\"@type\":\"SearchAction\",\"target\":{\"@type\":\"EntryPoint\",\"urlTemplate\":\"https:\/\/www.elementlogic.net\/cl\/?s={search_term_string}\"},\"query-input\":{\"@type\":\"PropertyValueSpecification\",\"valueRequired\":true,\"valueName\":\"search_term_string\"}}],\"inLanguage\":\"es-CL\"}]}<\/script>\n<!-- \/ Yoast SEO Premium plugin. -->","yoast_head_json":{"title":"Controlador - Element Logic Chile","robots":{"index":"index","follow":"follow","max-snippet":"max-snippet:-1","max-image-preview":"max-image-preview:large","max-video-preview":"max-video-preview:-1"},"canonical":"https:\/\/www.elementlogic.net\/cl\/soluciones-y-servicios\/autostore\/controlador\/","og_locale":"es_ES","og_type":"article","og_title":"Controlador","og_url":"https:\/\/www.elementlogic.net\/cl\/soluciones-y-servicios\/autostore\/controlador\/","og_site_name":"Element Logic Chile","article_modified_time":"2024-11-21T21:02:34+00:00","twitter_card":"summary_large_image","twitter_misc":{"Tiempo estimado de lectura":"1 minuto"},"schema":{"@context":"https:\/\/schema.org","@graph":[{"@type":"WebPage","@id":"https:\/\/www.elementlogic.net\/cl\/soluciones-y-servicios\/autostore\/controlador\/","url":"https:\/\/www.elementlogic.net\/cl\/soluciones-y-servicios\/autostore\/controlador\/","name":"Controlador - Element Logic Chile","isPartOf":{"@id":"https:\/\/www.elementlogic.net\/cl\/#website"},"datePublished":"2024-09-03T13:08:58+00:00","dateModified":"2024-11-21T21:02:34+00:00","breadcrumb":{"@id":"https:\/\/www.elementlogic.net\/cl\/soluciones-y-servicios\/autostore\/controlador\/#breadcrumb"},"inLanguage":"es-CL","potentialAction":[{"@type":"ReadAction","target":["https:\/\/www.elementlogic.net\/cl\/soluciones-y-servicios\/autostore\/controlador\/"]}]},{"@type":"BreadcrumbList","@id":"https:\/\/www.elementlogic.net\/cl\/soluciones-y-servicios\/autostore\/controlador\/#breadcrumb","itemListElement":[{"@type":"ListItem","position":1,"name":"Soluciones y servicios","item":"https:\/\/www.elementlogic.net\/cl\/soluciones-y-servicios\/"},{"@type":"ListItem","position":2,"name":"AutoStore","item":"https:\/\/www.elementlogic.net\/cl\/soluciones-y-servicios\/autostore\/"},{"@type":"ListItem","position":3,"name":"Controlador"}]},{"@type":"WebSite","@id":"https:\/\/www.elementlogic.net\/cl\/#website","url":"https:\/\/www.elementlogic.net\/cl\/","name":"Element Logic Chile","description":"","potentialAction":[{"@type":"SearchAction","target":{"@type":"EntryPoint","urlTemplate":"https:\/\/www.elementlogic.net\/cl\/?s={search_term_string}"},"query-input":{"@type":"PropertyValueSpecification","valueRequired":true,"valueName":"search_term_string"}}],"inLanguage":"es-CL"}]}},"_links":{"self":[{"href":"https:\/\/www.elementlogic.net\/cl\/wp-json\/wp\/v2\/pages\/1893"}],"collection":[{"href":"https:\/\/www.elementlogic.net\/cl\/wp-json\/wp\/v2\/pages"}],"about":[{"href":"https:\/\/www.elementlogic.net\/cl\/wp-json\/wp\/v2\/types\/page"}],"author":[{"embeddable":true,"href":"https:\/\/www.elementlogic.net\/cl\/wp-json\/wp\/v2\/users\/11"}],"replies":[{"embeddable":true,"href":"https:\/\/www.elementlogic.net\/cl\/wp-json\/wp\/v2\/comments?post=1893"}],"version-history":[{"count":2,"href":"https:\/\/www.elementlogic.net\/cl\/wp-json\/wp\/v2\/pages\/1893\/revisions"}],"predecessor-version":[{"id":3160,"href":"https:\/\/www.elementlogic.net\/cl\/wp-json\/wp\/v2\/pages\/1893\/revisions\/3160"}],"up":[{"embeddable":true,"href":"https:\/\/www.elementlogic.net\/cl\/wp-json\/wp\/v2\/pages\/1912"}],"wp:attachment":[{"href":"https:\/\/www.elementlogic.net\/cl\/wp-json\/wp\/v2\/media?parent=1893"}],"curies":[{"name":"wp","href":"https:\/\/api.w.org\/{rel}","templated":true}]}}