{"id":1908,"date":"2024-09-03T10:53:37","date_gmt":"2024-09-03T08:53:37","guid":{"rendered":"https:\/\/www.elementlogic.net\/?page_id=1484"},"modified":"2024-11-25T16:47:44","modified_gmt":"2024-11-25T16:47:44","slug":"contacta-con-nosotros","status":"publish","type":"page","link":"https:\/\/www.elementlogic.net\/cl\/contacta-con-nosotros\/","title":{"rendered":"Contacta con nosotros"},"content":{"rendered":"\n\t\t<div style=\"--dekode-hero-dim:0.5; --t2-icon-fill:var(--wp--preset--color--white); min-height:500px;\" class=\"alignfull dekode-hero-content-position-center has-media-background wp-elements-c357dafeb26597ca383927d219599d27 wp-block-dekode-hero has-text-color has-white-color\">\n\t\t\t<img loading=\"lazy\" decoding=\"async\" width=\"1024\" height=\"682\" src=\"https:\/\/www.elementlogic.net\/content\/uploads\/sites\/26\/\/2024\/11\/autostore-unit.jpg\" class=\"dekode-hero__image\" alt=\"\" style=\"--focalpoint: 46% 42%;\" srcset=\"https:\/\/www.elementlogic.net\/content\/uploads\/sites\/26\/2024\/11\/autostore-unit.jpg 1024w, https:\/\/www.elementlogic.net\/content\/uploads\/sites\/26\/2024\/11\/autostore-unit-300x200.jpg 300w, https:\/\/www.elementlogic.net\/content\/uploads\/sites\/26\/2024\/11\/autostore-unit-768x512.jpg 768w\" sizes=\"(max-width: 1024px) 100vw, 1024px\" \/>\n\t\t\t<div class=\"dekode-hero__content\">\n\t\t\t\t<div class=\"dekode-hero__container\">\n\t\t\t\t\t\n\n<h1 class=\"wp-block-heading\" id=\"contacta-con-nosotros\">Contacta con nosotros<\/h1>\n\n\n<p class=\"t2-ingress wp-block-t2-ingress\">Elija a qui\u00e9n desea contactar y complete el formulario.<\/p>\n\n\n<div class=\"wp-block-buttons is-layout-flex wp-block-buttons-is-layout-flex\"><\/div>\n\n\n\t\t\t\t<\/div>\n\t\t\t<\/div>\n\t\t<\/div>\n\t\t\n\n\n<div style=\"height:50px\" aria-hidden=\"true\" class=\"wp-block-spacer\"><\/div>\n\n\n\n\t\t<div class=\"alignwide is-mode-constrained is-gap-center has-media-on-the-right wp-block-t2-simple-media-text has-background has-white-background-color   \">\n\t\t\t<div class=\"t2-simple-media-text__container\">\n\t\t\t\t\n\t\t\t\t<div class=\"t2-simple-media-text__content-container\">\n\t\t\t\t\t<div class=\"t2-simple-media-text__content\">\n\t\t\t\t\t\t<div class=\"t2-simple-media-text__content-inner\">\n\t\t\t\t\t\t\t\n\n<h4 class=\"wp-block-heading has-text-align-left\" id=\"get-started-1\"><\/h4>\n\n\n\n<h3 class=\"wp-block-heading has-text-align-left\" id=\"talk-with-our-experts-to-learn-more-about-our-services-and-how-we-can-apply-them-to-make-your-warehouse-the-most-efficient-1\">Nuestros expertos le ayudar\u00e1n a transformar su Centro de distribuci\u00f3n en una operaci\u00f3n de m\u00e1xima eficiencia.<\/h3>\n\n\n\t\t\t\t\t\t<\/div>\n\t\t\t\t\t<\/div>\n\t\t\t\t<\/div>\n\t\t\t<\/div>\n\t\t<\/div>\n\t\t\n\n<div class=\"t2-featured-content-layout alignwide wp-block-t2-featured-content-layout\">\n<div class=\"t2-featured-single-post t2-featured-content is-post-type-person role-chief-executive-officer-americas wp-block-t2-featured-single-post\"><figure style=\"--t2-focal-point: 50% 50%;\" class=\"t2-post-featured-image has-image-ratio-1-1 wp-block-t2-post-featured-image\"><img loading=\"lazy\" decoding=\"async\" width=\"1195\" height=\"1300\" src=\"https:\/\/www.elementlogic.net\/content\/uploads\/2024\/09\/EL_GMB-Krish-Nathan-e1726226533181.jpg\" class=\"attachment-post-thumbnail size-post-thumbnail wp-post-image\" alt=\"\" srcset=\"https:\/\/www.elementlogic.net\/content\/uploads\/2024\/09\/EL_GMB-Krish-Nathan-e1726226533181.jpg 1195w, https:\/\/www.elementlogic.net\/content\/uploads\/2024\/09\/EL_GMB-Krish-Nathan-e1726226533181-276x300.jpg 276w, https:\/\/www.elementlogic.net\/content\/uploads\/2024\/09\/EL_GMB-Krish-Nathan-e1726226533181-941x1024.jpg 941w, https:\/\/www.elementlogic.net\/content\/uploads\/2024\/09\/EL_GMB-Krish-Nathan-e1726226533181-768x835.jpg 768w\" sizes=\"(max-width: 1195px) 100vw, 1195px\" \/><\/figure>\n\n\t\t<div class=\"card-content wp-block-t2-wrapper\">\n<div class=\"taxonomy-role wp-block-post-terms\">Chief Executive Officer Americas<\/div>\n<h3 class=\"t2-post-title wp-block-t2-post-title\">Krish Nathan<\/h3>\n<div class=\"card-info wp-block-t2-people-meta\"><div class=\"card-info__post-meta meta-key-people_email\"><a class=\"wp-block-button__link wp-element-button\" href=\"mailto:krish.nathan@elementlogic.us\">E-mail<\/a><\/div><div class=\"card-info__post-meta meta-key-people_phone\"><a href=\"tel:+1 818 554 8274\">+1 818 554 8274<\/a><\/div><\/div>\n<\/div>\n<\/div>\n<\/div>\n\n\n<div style=\"height:100px\" aria-hidden=\"true\" class=\"wp-block-spacer\"><\/div>\n\n\n\n<div class=\"wp-block-group has-global-padding is-layout-constrained wp-block-group-is-layout-constrained\"><\/div>\n\n\n\n<div class=\"wp-block-leadin-hubspot-form-block\">\n\t\t\t\t\t\t<script>\n\t\t\t\t\t\t\twindow.hsFormsOnReady = window.hsFormsOnReady || [];\n\t\t\t\t\t\t\twindow.hsFormsOnReady.push(()=>{\n\t\t\t\t\t\t\t\thbspt.forms.create({\n\t\t\t\t\t\t\t\t\tportalId: 6196497,\n\t\t\t\t\t\t\t\t\tformId: \"bcfbfff8-7969-4fe7-ac01-7947c6b3bfdb\",\n\t\t\t\t\t\t\t\t\ttarget: \"#hbspt-form-1777648966000-6449791695\",\n\t\t\t\t\t\t\t\t\tregion: \"na1\",\n\t\t\t\t\t\t\t\t\t\n\t\t\t\t\t\t\t})});\n\t\t\t\t\t\t<\/script>\n\t\t\t\t\t\t<div class=\"hbspt-form\" id=\"hbspt-form-1777648966000-6449791695\"><\/div><\/div>\n","protected":false},"excerpt":{"rendered":"","protected":false},"author":11,"featured_media":0,"parent":0,"menu_order":0,"comment_status":"closed","ping_status":"closed","template":"","meta":{"hreflang_relation":0,"_el_cross_publish_source_blog_url":"","_el_cross_publish_source_blog_id":0,"_el_cross_publish_source_post_id":0,"_el_cross_publish_sync_state":"","exclude_from_search":false,"content-type":"","footnotes":""},"class_list":["post-1908","page","type-page","status-publish","hentry"],"yoast_head":"<!-- This site is optimized with the Yoast SEO Premium plugin v23.9 (Yoast SEO v23.9) - https:\/\/yoast.com\/wordpress\/plugins\/seo\/ -->\n<title>Contacta con nosotros - Element Logic Chile<\/title>\n<meta name=\"robots\" content=\"index, follow, max-snippet:-1, max-image-preview:large, max-video-preview:-1\" \/>\n<link rel=\"canonical\" href=\"https:\/\/www.elementlogic.net\/cl\/contacta-con-nosotros\/\" \/>\n<meta property=\"og:locale\" content=\"es_ES\" \/>\n<meta property=\"og:type\" content=\"article\" \/>\n<meta property=\"og:title\" content=\"Contacta con nosotros\" \/>\n<meta property=\"og:url\" content=\"https:\/\/www.elementlogic.net\/cl\/contacta-con-nosotros\/\" \/>\n<meta property=\"og:site_name\" content=\"Element Logic Chile\" \/>\n<meta property=\"article:modified_time\" content=\"2024-11-25T16:47:44+00:00\" \/>\n<meta name=\"twitter:card\" content=\"summary_large_image\" \/>\n<meta name=\"twitter:label1\" content=\"Tiempo estimado de lectura\" \/>\n\t<meta name=\"twitter:data1\" content=\"1 minuto\" \/>\n<script type=\"application\/ld+json\" class=\"yoast-schema-graph\">{\"@context\":\"https:\/\/schema.org\",\"@graph\":[{\"@type\":\"WebPage\",\"@id\":\"https:\/\/www.elementlogic.net\/cl\/contacta-con-nosotros\/\",\"url\":\"https:\/\/www.elementlogic.net\/cl\/contacta-con-nosotros\/\",\"name\":\"Contacta con nosotros - Element Logic Chile\",\"isPartOf\":{\"@id\":\"https:\/\/www.elementlogic.net\/cl\/#website\"},\"datePublished\":\"2024-09-03T08:53:37+00:00\",\"dateModified\":\"2024-11-25T16:47:44+00:00\",\"inLanguage\":\"es-CL\",\"potentialAction\":[{\"@type\":\"ReadAction\",\"target\":[\"https:\/\/www.elementlogic.net\/cl\/contacta-con-nosotros\/\"]}]},{\"@type\":\"WebSite\",\"@id\":\"https:\/\/www.elementlogic.net\/cl\/#website\",\"url\":\"https:\/\/www.elementlogic.net\/cl\/\",\"name\":\"Element Logic Chile\",\"description\":\"\",\"potentialAction\":[{\"@type\":\"SearchAction\",\"target\":{\"@type\":\"EntryPoint\",\"urlTemplate\":\"https:\/\/www.elementlogic.net\/cl\/?s={search_term_string}\"},\"query-input\":{\"@type\":\"PropertyValueSpecification\",\"valueRequired\":true,\"valueName\":\"search_term_string\"}}],\"inLanguage\":\"es-CL\"}]}<\/script>\n<!-- \/ Yoast SEO Premium plugin. -->","yoast_head_json":{"title":"Contacta con nosotros - Element Logic Chile","robots":{"index":"index","follow":"follow","max-snippet":"max-snippet:-1","max-image-preview":"max-image-preview:large","max-video-preview":"max-video-preview:-1"},"canonical":"https:\/\/www.elementlogic.net\/cl\/contacta-con-nosotros\/","og_locale":"es_ES","og_type":"article","og_title":"Contacta con nosotros","og_url":"https:\/\/www.elementlogic.net\/cl\/contacta-con-nosotros\/","og_site_name":"Element Logic Chile","article_modified_time":"2024-11-25T16:47:44+00:00","twitter_card":"summary_large_image","twitter_misc":{"Tiempo estimado de lectura":"1 minuto"},"schema":{"@context":"https:\/\/schema.org","@graph":[{"@type":"WebPage","@id":"https:\/\/www.elementlogic.net\/cl\/contacta-con-nosotros\/","url":"https:\/\/www.elementlogic.net\/cl\/contacta-con-nosotros\/","name":"Contacta con nosotros - Element Logic Chile","isPartOf":{"@id":"https:\/\/www.elementlogic.net\/cl\/#website"},"datePublished":"2024-09-03T08:53:37+00:00","dateModified":"2024-11-25T16:47:44+00:00","inLanguage":"es-CL","potentialAction":[{"@type":"ReadAction","target":["https:\/\/www.elementlogic.net\/cl\/contacta-con-nosotros\/"]}]},{"@type":"WebSite","@id":"https:\/\/www.elementlogic.net\/cl\/#website","url":"https:\/\/www.elementlogic.net\/cl\/","name":"Element Logic Chile","description":"","potentialAction":[{"@type":"SearchAction","target":{"@type":"EntryPoint","urlTemplate":"https:\/\/www.elementlogic.net\/cl\/?s={search_term_string}"},"query-input":{"@type":"PropertyValueSpecification","valueRequired":true,"valueName":"search_term_string"}}],"inLanguage":"es-CL"}]}},"_links":{"self":[{"href":"https:\/\/www.elementlogic.net\/cl\/wp-json\/wp\/v2\/pages\/1908"}],"collection":[{"href":"https:\/\/www.elementlogic.net\/cl\/wp-json\/wp\/v2\/pages"}],"about":[{"href":"https:\/\/www.elementlogic.net\/cl\/wp-json\/wp\/v2\/types\/page"}],"author":[{"embeddable":true,"href":"https:\/\/www.elementlogic.net\/cl\/wp-json\/wp\/v2\/users\/11"}],"replies":[{"embeddable":true,"href":"https:\/\/www.elementlogic.net\/cl\/wp-json\/wp\/v2\/comments?post=1908"}],"version-history":[{"count":4,"href":"https:\/\/www.elementlogic.net\/cl\/wp-json\/wp\/v2\/pages\/1908\/revisions"}],"predecessor-version":[{"id":2923,"href":"https:\/\/www.elementlogic.net\/cl\/wp-json\/wp\/v2\/pages\/1908\/revisions\/2923"}],"wp:attachment":[{"href":"https:\/\/www.elementlogic.net\/cl\/wp-json\/wp\/v2\/media?parent=1908"}],"curies":[{"name":"wp","href":"https:\/\/api.w.org\/{rel}","templated":true}]}}