{"id":1909,"date":"2024-09-03T09:38:10","date_gmt":"2024-09-03T07:38:10","guid":{"rendered":"https:\/\/www.elementlogic.net\/?page_id=750"},"modified":"2024-11-21T19:42:36","modified_gmt":"2024-11-21T19:42:36","slug":"sobre-element-logic","status":"publish","type":"page","link":"https:\/\/www.elementlogic.net\/cl\/sobre-element-logic\/","title":{"rendered":"Sobre Element Logic"},"content":{"rendered":"\n\t\t<div style=\"--dekode-hero-dim:0.5; --t2-icon-fill:var(--wp--preset--color--white); min-height:500px;\" class=\"alignfull dekode-hero-content-position-center has-media-background wp-elements-08b41b404aafa92a2965cc0c65b19919 wp-block-dekode-hero has-text-color has-white-color\">\n\t\t\t<img loading=\"lazy\" decoding=\"async\" width=\"1\" height=\"1\" src=\"https:\/\/www.elementlogic.net\/content\/uploads\/sites\/26\/\/2024\/11\/Warehouse-Automation_conveyor-belts_Element-Logic-1.jpg\" class=\"dekode-hero__image\" alt=\"\" style=\"--focalpoint: 10% 6%;\" \/>\n\t\t\t<div class=\"dekode-hero__content\">\n\t\t\t\t<div class=\"dekode-hero__container\">\n\t\t\t\t\t\n\n<h1 class=\"wp-block-heading has-text-align-center\" id=\"sobre-element-logic\">Sobre Element Logic<\/h1>\n\n\n<p class=\"t2-ingress has-text-align-center wp-block-t2-ingress\">Element Logic\u00ae lleva desde 1985 optimizando el rendimiento de los almacenes. Somos el primer y mayor partner de AutoStore\u00ae del mundo.<\/p>\n\n\t\t\t\t<\/div>\n\t\t\t<\/div>\n\t\t<\/div>\n\t\t\n\n<p class=\"t2-ingress alignwide wp-block-t2-ingress\">En 2022, Element Logic adquiri\u00f3 SDI, lo que nos ha permitido convertirnos en uno de los mayores integradores de sistemas a escala global. Estamos especializados en almacenamiento y recuperaci\u00f3n, sistemas de fulfilment unitario y en el dise\u00f1o e instalaci\u00f3n de soluciones a medida para agilizar el flujo de trabajo de nuestros clientes. Nuestras soluciones rob\u00f3ticas, sistemas de manipulaci\u00f3n de materiales, software y servicios de consultor\u00eda contribuyen a mejorar la cadena de valor de nuestros clientes, aumentar su rentabilidad y afrontar as\u00ed la creciente demanda de entregas ultrarr\u00e1pidas. Optimizamos almacenes de todos los tama\u00f1os para una amplia gama de sectores, como el de componentes electr\u00f3nicos, distribuci\u00f3n de piezas, electr\u00f3nica de consumo, 3PL, productos farmac\u00e9uticos y ropa y equipamiento deportivo, entre otros.<\/p>\n\n\n\t\t<div class=\"alignwide is-mode-constrained is-gap-center wp-block-t2-simple-media-text   \">\n\t\t\t<div class=\"t2-simple-media-text__container\">\n\t\t\t\t<div class=\"t2-simple-media-text__image\"><img loading=\"lazy\" decoding=\"async\" width=\"768\" height=\"1087\" src=\"https:\/\/www.elementlogic.net\/content\/uploads\/sites\/26\/2024\/11\/Whitepaper-Humans-and-robots-ES-1-pdf-768x1087.jpg\" class=\"\" alt=\"\" style=\"--focalpoint: 50% 50%;\" srcset=\"https:\/\/www.elementlogic.net\/content\/uploads\/sites\/26\/2024\/11\/Whitepaper-Humans-and-robots-ES-1-pdf-768x1087.jpg 768w, https:\/\/www.elementlogic.net\/content\/uploads\/sites\/26\/2024\/11\/Whitepaper-Humans-and-robots-ES-1-pdf-212x300.jpg 212w, https:\/\/www.elementlogic.net\/content\/uploads\/sites\/26\/2024\/11\/Whitepaper-Humans-and-robots-ES-1-pdf-724x1024.jpg 724w, https:\/\/www.elementlogic.net\/content\/uploads\/sites\/26\/2024\/11\/Whitepaper-Humans-and-robots-ES-1-pdf.jpg 1058w\" sizes=\"(max-width: 768px) 100vw, 768px\" \/><\/div>\n\t\t\t\t<div class=\"t2-simple-media-text__content-container\">\n\t\t\t\t\t<div class=\"t2-simple-media-text__content\">\n\t\t\t\t\t\t<div class=\"t2-simple-media-text__content-inner\">\n\t\t\t\t\t\t\t\n\n<h3 class=\"wp-block-heading\" id=\"nuestra-historia\">Nuestra historia<\/h3>\n\n\n\n<p>Descubre c\u00f3mo empez\u00f3 nuestro proyecto, lo que representamos y lo que nos mueve.<\/p>\n\n\n\n<div class=\"wp-block-buttons is-layout-flex wp-block-buttons-is-layout-flex\">\n<div class=\"wp-block-button is-style-fill has-icon has-icon-theme_arrow\"><a class=\"wp-block-button__link wp-element-button\" href=\"https:\/\/www.elementlogic.net\/cl\/sobre-element-logic\/nuestra-historia\/\">Descubre m\u00e1s<svg xmlns=\"http:\/\/www.w3.org\/2000\/svg\" viewBox=\"0 0 24 24\" height=\"24\" width=\"24\" class=\"t2-icon t2-icon-theme_arrow\" aria-hidden=\"true\" focusable=\"false\"><path d=\"M16.627 12.75H5.25C5.03717 12.75 4.859 12.6782 4.7155 12.5345C4.57183 12.391 4.5 12.2128 4.5 12C4.5 11.7872 4.57183 11.609 4.7155 11.4655C4.859 11.3218 5.03717 11.25 5.25 11.25H16.627L11.4577 6.08076C11.3091 5.93209 11.2357 5.75809 11.2375 5.55876C11.2395 5.35942 11.318 5.18217 11.473 5.02701C11.6282 4.88217 11.8038 4.80717 12 4.80201C12.1962 4.79684 12.3718 4.87184 12.527 5.02701L18.8673 11.3673C18.9609 11.4609 19.0269 11.5597 19.0652 11.6635C19.1037 11.7673 19.123 11.8795 19.123 12C19.123 12.1205 19.1037 12.2327 19.0652 12.3365C19.0269 12.4403 18.9609 12.5391 18.8673 12.6328L12.527 18.973C12.3885 19.1115 12.217 19.1823 12.0125 19.1855C11.808 19.1887 11.6282 19.1178 11.473 18.973C11.318 18.8178 11.2405 18.6397 11.2405 18.4385C11.2405 18.2372 11.318 18.0589 11.473 17.9038L16.627 12.75Z\" fill=\"var(--t2-icon-fill, #000)\"\/><\/svg><\/a><\/div>\n<\/div>\n\n\n\t\t\t\t\t\t<\/div>\n\t\t\t\t\t<\/div>\n\t\t\t\t<\/div>\n\t\t\t<\/div>\n\t\t<\/div>\n\t\t\n\n\n<div class=\"wp-block-group alignwide has-global-padding is-layout-constrained wp-block-group-is-layout-constrained\">\n\t\t<div class=\"alignwide is-mode-constrained is-gap-center has-media-on-the-right wp-block-t2-simple-media-text   \">\n\t\t\t<div class=\"t2-simple-media-text__container\">\n\t\t\t\t<div class=\"t2-simple-media-text__image\"><img loading=\"lazy\" decoding=\"async\" width=\"768\" height=\"398\" src=\"https:\/\/www.elementlogic.net\/content\/uploads\/sites\/26\/2024\/11\/Captura-de-pantalla-2024-10-08-a-las-9.47.57-1024x531-1-768x398.png\" class=\"\" alt=\"\" style=\"--focalpoint: 65% 14%;\" srcset=\"https:\/\/www.elementlogic.net\/content\/uploads\/sites\/26\/2024\/11\/Captura-de-pantalla-2024-10-08-a-las-9.47.57-1024x531-1-768x398.png 768w, https:\/\/www.elementlogic.net\/content\/uploads\/sites\/26\/2024\/11\/Captura-de-pantalla-2024-10-08-a-las-9.47.57-1024x531-1-300x156.png 300w, https:\/\/www.elementlogic.net\/content\/uploads\/sites\/26\/2024\/11\/Captura-de-pantalla-2024-10-08-a-las-9.47.57-1024x531-1.png 1024w\" sizes=\"(max-width: 768px) 100vw, 768px\" \/><\/div>\n\t\t\t\t<div class=\"t2-simple-media-text__content-container\">\n\t\t\t\t\t<div class=\"t2-simple-media-text__content\">\n\t\t\t\t\t\t<div class=\"t2-simple-media-text__content-inner\">\n\t\t\t\t\t\t\t\n\n<h3 class=\"wp-block-heading\" id=\"talento\">Talento<\/h3>\n\n\n\n<p>\u00bfQuieres formar parte de nuestro equipo? Element Logic est\u00e1 formado por profesionales comprometidos y competentes que valoran las oportunidades y los retos.<\/p>\n\n\n\n<div class=\"wp-block-buttons is-layout-flex wp-block-buttons-is-layout-flex\">\n<div class=\"wp-block-button is-style-fill has-icon has-icon-theme_arrow\"><a class=\"wp-block-button__link wp-element-button\" href=\"https:\/\/www.elementlogic.net\/cl\/sobre-element-logic\/carrera-profesional\/\">Descubre m\u00e1s<svg xmlns=\"http:\/\/www.w3.org\/2000\/svg\" viewBox=\"0 0 24 24\" height=\"24\" width=\"24\" class=\"t2-icon t2-icon-theme_arrow\" aria-hidden=\"true\" focusable=\"false\"><path d=\"M16.627 12.75H5.25C5.03717 12.75 4.859 12.6782 4.7155 12.5345C4.57183 12.391 4.5 12.2128 4.5 12C4.5 11.7872 4.57183 11.609 4.7155 11.4655C4.859 11.3218 5.03717 11.25 5.25 11.25H16.627L11.4577 6.08076C11.3091 5.93209 11.2357 5.75809 11.2375 5.55876C11.2395 5.35942 11.318 5.18217 11.473 5.02701C11.6282 4.88217 11.8038 4.80717 12 4.80201C12.1962 4.79684 12.3718 4.87184 12.527 5.02701L18.8673 11.3673C18.9609 11.4609 19.0269 11.5597 19.0652 11.6635C19.1037 11.7673 19.123 11.8795 19.123 12C19.123 12.1205 19.1037 12.2327 19.0652 12.3365C19.0269 12.4403 18.9609 12.5391 18.8673 12.6328L12.527 18.973C12.3885 19.1115 12.217 19.1823 12.0125 19.1855C11.808 19.1887 11.6282 19.1178 11.473 18.973C11.318 18.8178 11.2405 18.6397 11.2405 18.4385C11.2405 18.2372 11.318 18.0589 11.473 17.9038L16.627 12.75Z\" fill=\"var(--t2-icon-fill, #000)\"\/><\/svg><\/a><\/div>\n<\/div>\n\n\n\t\t\t\t\t\t<\/div>\n\t\t\t\t\t<\/div>\n\t\t\t\t<\/div>\n\t\t\t<\/div>\n\t\t<\/div>\n\t\t\n\n\n\t\t<div class=\"alignwide is-mode-constrained is-gap-center wp-block-t2-simple-media-text   \">\n\t\t\t<div class=\"t2-simple-media-text__container\">\n\t\t\t\t<div class=\"t2-simple-media-text__image\"><img decoding=\"async\" width=\"100%\" height=\"100%\" src=\"https:\/\/www.elementlogic.net\/content\/uploads\/sites\/26\/\/2024\/11\/Jollyroom-warehouse-1-1400x934-1.webp\" class=\"\" alt=\"\" style=\"--focalpoint: 50% 50%;\" \/><\/div>\n\t\t\t\t<div class=\"t2-simple-media-text__content-container\">\n\t\t\t\t\t<div class=\"t2-simple-media-text__content\">\n\t\t\t\t\t\t<div class=\"t2-simple-media-text__content-inner\">\n\t\t\t\t\t\t\t\n\n<h3 class=\"wp-block-heading\" id=\"management\">D\u00f3nde estamos<\/h3>\n\n\n\n<p>Localiza las oficinas de Element Logic y contacta con nosotros hoy mismo.<\/p>\n\n\n\n<div class=\"wp-block-buttons is-layout-flex wp-block-buttons-is-layout-flex\">\n<div class=\"wp-block-button is-style-fill has-icon has-icon-theme_arrow\"><a class=\"wp-block-button__link wp-element-button\" href=\"https:\/\/www.elementlogic.net\/about-us\/locations\/\">Descubre m\u00e1s<svg xmlns=\"http:\/\/www.w3.org\/2000\/svg\" viewBox=\"0 0 24 24\" height=\"24\" width=\"24\" class=\"t2-icon t2-icon-theme_arrow\" aria-hidden=\"true\" focusable=\"false\"><path d=\"M16.627 12.75H5.25C5.03717 12.75 4.859 12.6782 4.7155 12.5345C4.57183 12.391 4.5 12.2128 4.5 12C4.5 11.7872 4.57183 11.609 4.7155 11.4655C4.859 11.3218 5.03717 11.25 5.25 11.25H16.627L11.4577 6.08076C11.3091 5.93209 11.2357 5.75809 11.2375 5.55876C11.2395 5.35942 11.318 5.18217 11.473 5.02701C11.6282 4.88217 11.8038 4.80717 12 4.80201C12.1962 4.79684 12.3718 4.87184 12.527 5.02701L18.8673 11.3673C18.9609 11.4609 19.0269 11.5597 19.0652 11.6635C19.1037 11.7673 19.123 11.8795 19.123 12C19.123 12.1205 19.1037 12.2327 19.0652 12.3365C19.0269 12.4403 18.9609 12.5391 18.8673 12.6328L12.527 18.973C12.3885 19.1115 12.217 19.1823 12.0125 19.1855C11.808 19.1887 11.6282 19.1178 11.473 18.973C11.318 18.8178 11.2405 18.6397 11.2405 18.4385C11.2405 18.2372 11.318 18.0589 11.473 17.9038L16.627 12.75Z\" fill=\"var(--t2-icon-fill, #000)\"\/><\/svg><\/a><\/div>\n<\/div>\n\n\n\t\t\t\t\t\t<\/div>\n\t\t\t\t\t<\/div>\n\t\t\t\t<\/div>\n\t\t\t<\/div>\n\t\t<\/div>\n\t\t<\/div>\n","protected":false},"excerpt":{"rendered":"","protected":false},"author":6,"featured_media":0,"parent":0,"menu_order":0,"comment_status":"closed","ping_status":"closed","template":"","meta":{"hreflang_relation":0,"_el_cross_publish_source_blog_url":"","_el_cross_publish_source_blog_id":0,"_el_cross_publish_source_post_id":0,"_el_cross_publish_sync_state":"","exclude_from_search":false,"content-type":"","footnotes":""},"class_list":["post-1909","page","type-page","status-publish","hentry"],"yoast_head":"<!-- This site is optimized with the Yoast SEO Premium plugin v23.9 (Yoast SEO v23.9) - https:\/\/yoast.com\/wordpress\/plugins\/seo\/ -->\n<title>Sobre Element Logic - Element Logic Chile<\/title>\n<meta name=\"robots\" content=\"index, follow, max-snippet:-1, max-image-preview:large, max-video-preview:-1\" \/>\n<link rel=\"canonical\" href=\"https:\/\/www.elementlogic.net\/cl\/sobre-element-logic\/\" \/>\n<meta property=\"og:locale\" content=\"es_ES\" \/>\n<meta property=\"og:type\" content=\"article\" \/>\n<meta property=\"og:title\" content=\"Sobre Element Logic\" \/>\n<meta property=\"og:url\" content=\"https:\/\/www.elementlogic.net\/cl\/sobre-element-logic\/\" \/>\n<meta property=\"og:site_name\" content=\"Element Logic Chile\" \/>\n<meta property=\"article:modified_time\" content=\"2024-11-21T19:42:36+00:00\" \/>\n<meta name=\"twitter:card\" content=\"summary_large_image\" \/>\n<meta name=\"twitter:label1\" content=\"Tiempo estimado de lectura\" \/>\n\t<meta name=\"twitter:data1\" content=\"1 minuto\" \/>\n<script type=\"application\/ld+json\" class=\"yoast-schema-graph\">{\"@context\":\"https:\/\/schema.org\",\"@graph\":[{\"@type\":\"WebPage\",\"@id\":\"https:\/\/www.elementlogic.net\/cl\/sobre-element-logic\/\",\"url\":\"https:\/\/www.elementlogic.net\/cl\/sobre-element-logic\/\",\"name\":\"Sobre Element Logic - Element Logic Chile\",\"isPartOf\":{\"@id\":\"https:\/\/www.elementlogic.net\/cl\/#website\"},\"datePublished\":\"2024-09-03T07:38:10+00:00\",\"dateModified\":\"2024-11-21T19:42:36+00:00\",\"inLanguage\":\"es-CL\",\"potentialAction\":[{\"@type\":\"ReadAction\",\"target\":[\"https:\/\/www.elementlogic.net\/cl\/sobre-element-logic\/\"]}]},{\"@type\":\"WebSite\",\"@id\":\"https:\/\/www.elementlogic.net\/cl\/#website\",\"url\":\"https:\/\/www.elementlogic.net\/cl\/\",\"name\":\"Element Logic Chile\",\"description\":\"\",\"potentialAction\":[{\"@type\":\"SearchAction\",\"target\":{\"@type\":\"EntryPoint\",\"urlTemplate\":\"https:\/\/www.elementlogic.net\/cl\/?s={search_term_string}\"},\"query-input\":{\"@type\":\"PropertyValueSpecification\",\"valueRequired\":true,\"valueName\":\"search_term_string\"}}],\"inLanguage\":\"es-CL\"}]}<\/script>\n<!-- \/ Yoast SEO Premium plugin. -->","yoast_head_json":{"title":"Sobre Element Logic - Element Logic Chile","robots":{"index":"index","follow":"follow","max-snippet":"max-snippet:-1","max-image-preview":"max-image-preview:large","max-video-preview":"max-video-preview:-1"},"canonical":"https:\/\/www.elementlogic.net\/cl\/sobre-element-logic\/","og_locale":"es_ES","og_type":"article","og_title":"Sobre Element Logic","og_url":"https:\/\/www.elementlogic.net\/cl\/sobre-element-logic\/","og_site_name":"Element Logic Chile","article_modified_time":"2024-11-21T19:42:36+00:00","twitter_card":"summary_large_image","twitter_misc":{"Tiempo estimado de lectura":"1 minuto"},"schema":{"@context":"https:\/\/schema.org","@graph":[{"@type":"WebPage","@id":"https:\/\/www.elementlogic.net\/cl\/sobre-element-logic\/","url":"https:\/\/www.elementlogic.net\/cl\/sobre-element-logic\/","name":"Sobre Element Logic - Element Logic Chile","isPartOf":{"@id":"https:\/\/www.elementlogic.net\/cl\/#website"},"datePublished":"2024-09-03T07:38:10+00:00","dateModified":"2024-11-21T19:42:36+00:00","inLanguage":"es-CL","potentialAction":[{"@type":"ReadAction","target":["https:\/\/www.elementlogic.net\/cl\/sobre-element-logic\/"]}]},{"@type":"WebSite","@id":"https:\/\/www.elementlogic.net\/cl\/#website","url":"https:\/\/www.elementlogic.net\/cl\/","name":"Element Logic Chile","description":"","potentialAction":[{"@type":"SearchAction","target":{"@type":"EntryPoint","urlTemplate":"https:\/\/www.elementlogic.net\/cl\/?s={search_term_string}"},"query-input":{"@type":"PropertyValueSpecification","valueRequired":true,"valueName":"search_term_string"}}],"inLanguage":"es-CL"}]}},"_links":{"self":[{"href":"https:\/\/www.elementlogic.net\/cl\/wp-json\/wp\/v2\/pages\/1909"}],"collection":[{"href":"https:\/\/www.elementlogic.net\/cl\/wp-json\/wp\/v2\/pages"}],"about":[{"href":"https:\/\/www.elementlogic.net\/cl\/wp-json\/wp\/v2\/types\/page"}],"author":[{"embeddable":true,"href":"https:\/\/www.elementlogic.net\/cl\/wp-json\/wp\/v2\/users\/6"}],"replies":[{"embeddable":true,"href":"https:\/\/www.elementlogic.net\/cl\/wp-json\/wp\/v2\/comments?post=1909"}],"version-history":[{"count":2,"href":"https:\/\/www.elementlogic.net\/cl\/wp-json\/wp\/v2\/pages\/1909\/revisions"}],"predecessor-version":[{"id":3130,"href":"https:\/\/www.elementlogic.net\/cl\/wp-json\/wp\/v2\/pages\/1909\/revisions\/3130"}],"wp:attachment":[{"href":"https:\/\/www.elementlogic.net\/cl\/wp-json\/wp\/v2\/media?parent=1909"}],"curies":[{"name":"wp","href":"https:\/\/api.w.org\/{rel}","templated":true}]}}