{"id":2115,"date":"2024-08-22T19:56:51","date_gmt":"2024-08-22T17:56:51","guid":{"rendered":"https:\/\/www.elementlogic.net\/?page_id=284"},"modified":"2024-11-25T15:58:30","modified_gmt":"2024-11-25T15:58:30","slug":"nuestra-historia","status":"publish","type":"page","link":"https:\/\/www.elementlogic.net\/cl\/sobre-element-logic\/nuestra-historia\/","title":{"rendered":"Nuestra historia"},"content":{"rendered":"\n\t\t<div style=\"--dekode-hero-dim:0.5; --t2-icon-fill:var(--wp--preset--color--white); min-height:500px;\" class=\"alignfull dekode-hero-content-position-center has-media-background wp-elements-9f34a10904c3cc627a10313594ce1b84 wp-block-dekode-hero has-text-color has-white-color\">\n\t\t\t<img loading=\"lazy\" decoding=\"async\" width=\"1\" height=\"1\" src=\"https:\/\/www.elementlogic.net\/content\/uploads\/sites\/26\/\/2024\/11\/Captura-de-pantalla-2024-10-07-a-las-15.50.14.png\" class=\"dekode-hero__image\" alt=\"\" style=\"--focalpoint: 50% 50%;\" \/>\n\t\t\t<div class=\"dekode-hero__content\">\n\t\t\t\t<div class=\"dekode-hero__container\">\n\t\t\t\t\t\n\n<h1 class=\"wp-block-heading has-text-align-center\" id=\"nuestra-historia\">Nuestra historia<\/h1>\n\n\n\n<p class=\"has-text-align-center\">Desde la fundaci\u00f3n de Element Logic en 1985, hemos optimizado con \u00e9xito almacenes en todo el mundo.<\/p>\n\n\n\n<div class=\"wp-block-buttons is-content-justification-left is-layout-flex wp-container-core-buttons-is-layout-1 wp-block-buttons-is-layout-flex\">\n<div class=\"wp-block-button has-icon has-icon-theme_arrow\"><a class=\"wp-block-button__link wp-element-button\" href=\"https:\/\/www.elementlogic.net\/cl\/contacta-con-nosotros\/\">Habla con un experto<svg xmlns=\"http:\/\/www.w3.org\/2000\/svg\" viewBox=\"0 0 24 24\" height=\"24\" width=\"24\" class=\"t2-icon t2-icon-theme_arrow\" aria-hidden=\"true\" focusable=\"false\"><path d=\"M16.627 12.75H5.25C5.03717 12.75 4.859 12.6782 4.7155 12.5345C4.57183 12.391 4.5 12.2128 4.5 12C4.5 11.7872 4.57183 11.609 4.7155 11.4655C4.859 11.3218 5.03717 11.25 5.25 11.25H16.627L11.4577 6.08076C11.3091 5.93209 11.2357 5.75809 11.2375 5.55876C11.2395 5.35942 11.318 5.18217 11.473 5.02701C11.6282 4.88217 11.8038 4.80717 12 4.80201C12.1962 4.79684 12.3718 4.87184 12.527 5.02701L18.8673 11.3673C18.9609 11.4609 19.0269 11.5597 19.0652 11.6635C19.1037 11.7673 19.123 11.8795 19.123 12C19.123 12.1205 19.1037 12.2327 19.0652 12.3365C19.0269 12.4403 18.9609 12.5391 18.8673 12.6328L12.527 18.973C12.3885 19.1115 12.217 19.1823 12.0125 19.1855C11.808 19.1887 11.6282 19.1178 11.473 18.973C11.318 18.8178 11.2405 18.6397 11.2405 18.4385C11.2405 18.2372 11.318 18.0589 11.473 17.9038L16.627 12.75Z\" fill=\"var(--t2-icon-fill, #000)\"\/><\/svg><\/a><\/div>\n<\/div>\n\n\n\t\t\t\t<\/div>\n\t\t\t<\/div>\n\t\t<\/div>\n\t\t\n\n\n<figure class=\"wp-block-embed alignwide is-type-video is-provider-youtube wp-block-embed-youtube wp-embed-aspect-16-9 wp-has-aspect-ratio\"><div class=\"wp-block-embed__wrapper\">\n<iframe loading=\"lazy\" title=\"We are Element Logic | World`s first AutoStore partner | EN\" width=\"500\" height=\"281\" src=\"https:\/\/www.youtube.com\/embed\/8p_4EE-z5hA?feature=oembed\" frameborder=\"0\" allow=\"accelerometer; autoplay; clipboard-write; encrypted-media; gyroscope; picture-in-picture; web-share\" referrerpolicy=\"strict-origin-when-cross-origin\" allowfullscreen><\/iframe>\n<\/div><\/figure>\n\n\n\n<h2 class=\"wp-block-heading\" id=\"expertos-en-almacenes-inteligentes-desde-1985\">Expertos en almacenes inteligentes desde 1985<\/h2>\n\n\n\n<p>Desde la fundaci\u00f3n de Element Logic en 1985, nuestro objetivo siempre ha sido optimizar el rendimiento de los almacenes. Nuestros primeros productos automatizados fueron carruseles verticales y, en solo una d\u00e9cada, Element Logic se consolid\u00f3 como l\u00edder del mercado en los pa\u00edses n\u00f3rdicos. La clave de nuestro \u00e9xito sigue siendo la misma: un equipo comprometido que se esfuerza por comprender las necesidades de los clientes y que conf\u00eda en la innovaci\u00f3n tecnol\u00f3gica.<\/p>\n\n\n\n<p>En nuestros inicios, desarrollamos un software que cronometraba los pasos realizados por los operarios de almac\u00e9n. Desde entonces, aunque nuestros m\u00e9todos y nuestro portafolio han evolucionado, el n\u00facleo de nuestro producto se mantiene intacto: ofrecemos soluciones de picking inteligentes y autom\u00e1ticas, potenciadas con nuestro propio software, para optimizar el flujo de trabajo del almac\u00e9n.<\/p>\n\n\n\n<figure class=\"wp-block-image size-large\"><img loading=\"lazy\" decoding=\"async\" width=\"1024\" height=\"489\" src=\"https:\/\/www.elementlogic.net\/content\/uploads\/sites\/26\/2024\/11\/Element_history1-1024x489.jpg\" alt=\"\" class=\"wp-image-3145\" srcset=\"https:\/\/www.elementlogic.net\/content\/uploads\/sites\/26\/2024\/11\/Element_history1-1024x489.jpg 1024w, https:\/\/www.elementlogic.net\/content\/uploads\/sites\/26\/2024\/11\/Element_history1-300x143.jpg 300w, https:\/\/www.elementlogic.net\/content\/uploads\/sites\/26\/2024\/11\/Element_history1-768x367.jpg 768w, https:\/\/www.elementlogic.net\/content\/uploads\/sites\/26\/2024\/11\/Element_history1.jpg 1500w\" sizes=\"(max-width: 1024px) 100vw, 1024px\" \/><\/figure>\n\n\n\n<h2 class=\"wp-block-heading\" id=\"element-logic-primer-partner-de-autostore\">Element Logic, primer partner de AutoStore<\/h2>\n\n\n\n<p>El inventor de los robots AutoStore, Ingvar Hognaland, y el fundador de Element Logic, Kjell Blakseth, se conocieron en una feria en 2003. En ese momento, el sector no tom\u00f3 en serio su \u201cloca idea del robot\u201d, pero a nosotros nos cautiv\u00f3. Tanto es as\u00ed, que seis meses despu\u00e9s, Element Logic instal\u00f3 el primer sistema AutoStore del mundo.<\/p>\n\n\n\n<p>Los primeros a\u00f1os de colaboraci\u00f3n fueron complicados, ya que el mercado desconfiaba de los posibles riesgos de la automatizaci\u00f3n. Sin embargo, aunque el producto a\u00fan estaba en una fase inicial y no ten\u00eda la fama que tiene hoy, su potencial era evidente para Element Logic.<\/p>\n\n\n\n<p>&nbsp;As\u00ed se forj\u00f3 un v\u00ednculo estrecho entre Element Logic y&nbsp;<a href=\"https:\/\/www.autostoresystem.com\/\" target=\"_blank\" rel=\"noreferrer noopener\">AutoStore<\/a>: dos empresas que se entienden, se apoyan mutuamente y crecieron juntas a medida que el mercado fue madurando.<\/p>\n\n\n\n<figure class=\"wp-block-image size-large\"><img decoding=\"async\" src=\"https:\/\/www.elementlogic.net\/content\/uploads\/sites\/12\/\/2024\/09\/Element_history2-1024x526.jpg\" alt=\"Foto antigua de empleados de Element Logic con herramientas el\u00e9ctricas, antes de ser partners de AutoStore\" class=\"wp-image-721\" \/><\/figure>\n\n\n\n<h2 class=\"wp-block-heading\" id=\"element-logic-se-expande-por-europa\"><strong>Element Logic se expande por Europa<\/strong><\/h2>\n\n\n\n<p>Los pa\u00edses n\u00f3rdicos siempre han sido nuestro principal mercado, hasta que en 2015 vendimos nuestro primer proyecto AutoStore fuera de esta regi\u00f3n y, al a\u00f1o siguiente, m\u00e1s del 50% de nuestros ingresos ya se generaban fuera de Noruega. En 2016, abrimos nuestra oficina en Alemania, seguida de Reino Unido y Francia. Pa\u00eds por pa\u00eds, hemos contribuido a preparar los almacenes para el futuro, dise\u00f1ando soluciones inteligentes con AutoStore. A lo largo del camino, como partners de AutoStore, hemos construido tanto la instalaci\u00f3n m\u00e1s grande del mundo como la m\u00e1s peque\u00f1a.<\/p>\n\n\n\n<p>En 2020, Element Logic obtuvo los derechos exclusivos de distribuci\u00f3n de AutoStore en toda Europa, lo que nos permiti\u00f3 operar a gran escala en varios pa\u00edses europeos. Desde entonces, nos hemos convertido en el mayor distribuidor mundial de AutoStore. En 2022, adquirimos&nbsp;<a href=\"https:\/\/www.elementlogic.net\/mx\/\" target=\"_blank\" rel=\"noreferrer noopener\">SDI<\/a>, una empresa de referencia en el sector de la manipulaci\u00f3n de materiales en Am\u00e9rica desde 1977, lo que nos otorg\u00f3 los derechos de distribuci\u00f3n global. En 2023 nos expandimos a la regi\u00f3n Asia-Pac\u00edfico con la apertura de nuestra sede regional en Singapur.Hoy en d\u00eda, somos uno de los mayores integradores de sistemas a nivel mundial.<\/p>\n\n\n\n<figure class=\"wp-block-image size-large\"><img decoding=\"async\" src=\"https:\/\/www.elementlogic.net\/content\/uploads\/sites\/12\/\/2024\/09\/image-51-1024x568.png\" alt=\"\" class=\"wp-image-354\" \/><\/figure>\n\n\n\n<h2 class=\"wp-block-heading\" id=\"impulsados-por-la-tecnologia\"><strong>Impulsados por la tecnolog\u00eda<\/strong><\/h2>\n\n\n\n<p>Desde que compramos nuestro primer ordenador en 1985, hemos confiado en las nuevas tecnolog\u00edas. De hecho, ser los primeros en adoptarlas forma parte del ADN de Element Logic. Nuestro software es uno de nuestros activos m\u00e1s preciados, ya que permite a nuestros clientes maximizar la eficiencia de AutoStore y aumentar la productividad en el almac\u00e9n. Nuestro departamento de I+D est\u00e1 continuamente mejor\u00e1ndolo.<\/p>\n\n\n\n<p>Como primer partner de AutoStore, estamos convencidos del potencial de los robots para optimizar el rendimiento de los almacenes. Por eso, Element Logic se ha asociado tambi\u00e9n con Right Hand Robotics y ha lanzado un\u00a0<a href=\"https:\/\/www.elementlogic.net\/cl\/soluciones-y-servicios\/robot-de-picking-unitario-de-element-logic\/\" target=\"_blank\" rel=\"noreferrer noopener\">robot de picking unitario<\/a>\u00a0que funciona con machine learning. El robot de picking puede instalarse en un puerto o estaci\u00f3n de picking y es capaz de recoger art\u00edculos nuevos. A medida que realiza el picking, aprende y mejora constantemente. Seg\u00fan uno de nuestros clientes, \u201ceste es, sin lugar a dudas, el futuro de la intralog\u00edstica\u201d.<\/p>\n\n\n\n<h2 class=\"wp-block-heading\" id=\"las-personas-en-el-centro-de-la-estrategia\"><strong>Las personas, en el centro de la estrategia<\/strong><\/h2>\n\n\n\n<p>Aunque trabajamos a diario con tecnolog\u00eda realmente innovadora, en Element Logic lo que m\u00e1s valoramos son las personas. Nuestra cultura es horizontal y nos enfocamos en crear un entorno respetuoso, humano y abierto. Esta filosof\u00eda tambi\u00e9n define la manera en la que tratamos a nuestros clientes y abordamos sus desaf\u00edos: ning\u00fan reto es demasiado peque\u00f1o ni demasiado grande.<\/p>\n\n\n\n\t\t<div class=\"alignwide wp-block-dekode-simple-cta\">\n\t\t\t<div class=\"dekode-simple-cta__inner\">\n\n<h2 class=\"wp-block-heading\" id=\"contacta-con-nosotros\">Contacta con nosotros<\/h2>\n\n\n<p class=\"t2-ingress wp-block-t2-ingress\">Encuentra tu oficina y contacta con nosotros<\/p>\n\n\n<div class=\"wp-block-buttons is-layout-flex wp-block-buttons-is-layout-flex\">\n<div class=\"wp-block-button has-icon has-icon-theme_arrow\"><a class=\"wp-block-button__link wp-element-button\" href=\"https:\/\/www.elementlogic.net\/cl\/contacta-con-nosotros\">Nuestras oficinas<svg xmlns=\"http:\/\/www.w3.org\/2000\/svg\" viewBox=\"0 0 24 24\" height=\"24\" width=\"24\" class=\"t2-icon t2-icon-theme_arrow\" aria-hidden=\"true\" focusable=\"false\"><path d=\"M16.627 12.75H5.25C5.03717 12.75 4.859 12.6782 4.7155 12.5345C4.57183 12.391 4.5 12.2128 4.5 12C4.5 11.7872 4.57183 11.609 4.7155 11.4655C4.859 11.3218 5.03717 11.25 5.25 11.25H16.627L11.4577 6.08076C11.3091 5.93209 11.2357 5.75809 11.2375 5.55876C11.2395 5.35942 11.318 5.18217 11.473 5.02701C11.6282 4.88217 11.8038 4.80717 12 4.80201C12.1962 4.79684 12.3718 4.87184 12.527 5.02701L18.8673 11.3673C18.9609 11.4609 19.0269 11.5597 19.0652 11.6635C19.1037 11.7673 19.123 11.8795 19.123 12C19.123 12.1205 19.1037 12.2327 19.0652 12.3365C19.0269 12.4403 18.9609 12.5391 18.8673 12.6328L12.527 18.973C12.3885 19.1115 12.217 19.1823 12.0125 19.1855C11.808 19.1887 11.6282 19.1178 11.473 18.973C11.318 18.8178 11.2405 18.6397 11.2405 18.4385C11.2405 18.2372 11.318 18.0589 11.473 17.9038L16.627 12.75Z\" fill=\"var(--t2-icon-fill, #000)\"\/><\/svg><\/a><\/div>\n<\/div>\n\n<\/div>\n\t\t<\/div>","protected":false},"excerpt":{"rendered":"<p>Expertos en almacenes inteligentes desde 1985 Desde la fundaci\u00f3n de Element Logic en 1985, nuestro objetivo siempre ha sido optimizar [&hellip;]<\/p>\n","protected":false},"author":5,"featured_media":3145,"parent":1909,"menu_order":0,"comment_status":"closed","ping_status":"closed","template":"","meta":{"hreflang_relation":0,"_el_cross_publish_source_blog_url":"","_el_cross_publish_source_blog_id":0,"_el_cross_publish_source_post_id":0,"_el_cross_publish_sync_state":"","exclude_from_search":false,"content-type":"","footnotes":""},"class_list":["post-2115","page","type-page","status-publish","has-post-thumbnail","hentry"],"yoast_head":"<!-- This site is optimized with the Yoast SEO Premium plugin v23.9 (Yoast SEO v23.9) - https:\/\/yoast.com\/wordpress\/plugins\/seo\/ -->\n<title>Nuestra historia - Element Logic Chile<\/title>\n<meta name=\"robots\" content=\"index, follow, max-snippet:-1, max-image-preview:large, max-video-preview:-1\" \/>\n<link rel=\"canonical\" href=\"https:\/\/www.elementlogic.net\/cl\/sobre-element-logic\/nuestra-historia\/\" \/>\n<meta property=\"og:locale\" content=\"es_ES\" \/>\n<meta property=\"og:type\" content=\"article\" \/>\n<meta property=\"og:title\" content=\"Nuestra historia\" \/>\n<meta property=\"og:description\" content=\"Expertos en almacenes inteligentes desde 1985 Desde la fundaci\u00f3n de Element Logic en 1985, nuestro objetivo siempre ha sido optimizar [&hellip;]\" \/>\n<meta property=\"og:url\" content=\"https:\/\/www.elementlogic.net\/cl\/sobre-element-logic\/nuestra-historia\/\" \/>\n<meta property=\"og:site_name\" content=\"Element Logic Chile\" \/>\n<meta property=\"article:modified_time\" content=\"2024-11-25T15:58:30+00:00\" \/>\n<meta property=\"og:image\" content=\"https:\/\/www.elementlogic.net\/content\/uploads\/sites\/26\/2024\/11\/Element_history1.jpg\" \/>\n\t<meta property=\"og:image:width\" content=\"1500\" \/>\n\t<meta property=\"og:image:height\" content=\"716\" \/>\n\t<meta property=\"og:image:type\" content=\"image\/jpeg\" \/>\n<meta name=\"twitter:card\" content=\"summary_large_image\" \/>\n<meta name=\"twitter:label1\" content=\"Tiempo estimado de lectura\" \/>\n\t<meta name=\"twitter:data1\" content=\"5 minutos\" \/>\n<script type=\"application\/ld+json\" class=\"yoast-schema-graph\">{\"@context\":\"https:\/\/schema.org\",\"@graph\":[{\"@type\":\"WebPage\",\"@id\":\"https:\/\/www.elementlogic.net\/cl\/sobre-element-logic\/nuestra-historia\/\",\"url\":\"https:\/\/www.elementlogic.net\/cl\/sobre-element-logic\/nuestra-historia\/\",\"name\":\"Nuestra historia - Element Logic Chile\",\"isPartOf\":{\"@id\":\"https:\/\/www.elementlogic.net\/cl\/#website\"},\"primaryImageOfPage\":{\"@id\":\"https:\/\/www.elementlogic.net\/cl\/sobre-element-logic\/nuestra-historia\/#primaryimage\"},\"image\":{\"@id\":\"https:\/\/www.elementlogic.net\/cl\/sobre-element-logic\/nuestra-historia\/#primaryimage\"},\"thumbnailUrl\":\"https:\/\/www.elementlogic.net\/content\/uploads\/sites\/26\/2024\/11\/Element_history1.jpg\",\"datePublished\":\"2024-08-22T17:56:51+00:00\",\"dateModified\":\"2024-11-25T15:58:30+00:00\",\"breadcrumb\":{\"@id\":\"https:\/\/www.elementlogic.net\/cl\/sobre-element-logic\/nuestra-historia\/#breadcrumb\"},\"inLanguage\":\"es-CL\",\"potentialAction\":[{\"@type\":\"ReadAction\",\"target\":[\"https:\/\/www.elementlogic.net\/cl\/sobre-element-logic\/nuestra-historia\/\"]}]},{\"@type\":\"ImageObject\",\"inLanguage\":\"es-CL\",\"@id\":\"https:\/\/www.elementlogic.net\/cl\/sobre-element-logic\/nuestra-historia\/#primaryimage\",\"url\":\"https:\/\/www.elementlogic.net\/content\/uploads\/sites\/26\/2024\/11\/Element_history1.jpg\",\"contentUrl\":\"https:\/\/www.elementlogic.net\/content\/uploads\/sites\/26\/2024\/11\/Element_history1.jpg\",\"width\":1500,\"height\":716},{\"@type\":\"BreadcrumbList\",\"@id\":\"https:\/\/www.elementlogic.net\/cl\/sobre-element-logic\/nuestra-historia\/#breadcrumb\",\"itemListElement\":[{\"@type\":\"ListItem\",\"position\":1,\"name\":\"Sobre Element Logic\",\"item\":\"https:\/\/www.elementlogic.net\/cl\/sobre-element-logic\/\"},{\"@type\":\"ListItem\",\"position\":2,\"name\":\"Nuestra historia\"}]},{\"@type\":\"WebSite\",\"@id\":\"https:\/\/www.elementlogic.net\/cl\/#website\",\"url\":\"https:\/\/www.elementlogic.net\/cl\/\",\"name\":\"Element Logic Chile\",\"description\":\"\",\"potentialAction\":[{\"@type\":\"SearchAction\",\"target\":{\"@type\":\"EntryPoint\",\"urlTemplate\":\"https:\/\/www.elementlogic.net\/cl\/?s={search_term_string}\"},\"query-input\":{\"@type\":\"PropertyValueSpecification\",\"valueRequired\":true,\"valueName\":\"search_term_string\"}}],\"inLanguage\":\"es-CL\"}]}<\/script>\n<!-- \/ Yoast SEO Premium plugin. -->","yoast_head_json":{"title":"Nuestra historia - Element Logic Chile","robots":{"index":"index","follow":"follow","max-snippet":"max-snippet:-1","max-image-preview":"max-image-preview:large","max-video-preview":"max-video-preview:-1"},"canonical":"https:\/\/www.elementlogic.net\/cl\/sobre-element-logic\/nuestra-historia\/","og_locale":"es_ES","og_type":"article","og_title":"Nuestra historia","og_description":"Expertos en almacenes inteligentes desde 1985 Desde la fundaci\u00f3n de Element Logic en 1985, nuestro objetivo siempre ha sido optimizar [&hellip;]","og_url":"https:\/\/www.elementlogic.net\/cl\/sobre-element-logic\/nuestra-historia\/","og_site_name":"Element Logic Chile","article_modified_time":"2024-11-25T15:58:30+00:00","og_image":[{"width":1500,"height":716,"url":"https:\/\/www.elementlogic.net\/content\/uploads\/sites\/26\/2024\/11\/Element_history1.jpg","type":"image\/jpeg"}],"twitter_card":"summary_large_image","twitter_misc":{"Tiempo estimado de lectura":"5 minutos"},"schema":{"@context":"https:\/\/schema.org","@graph":[{"@type":"WebPage","@id":"https:\/\/www.elementlogic.net\/cl\/sobre-element-logic\/nuestra-historia\/","url":"https:\/\/www.elementlogic.net\/cl\/sobre-element-logic\/nuestra-historia\/","name":"Nuestra historia - Element Logic Chile","isPartOf":{"@id":"https:\/\/www.elementlogic.net\/cl\/#website"},"primaryImageOfPage":{"@id":"https:\/\/www.elementlogic.net\/cl\/sobre-element-logic\/nuestra-historia\/#primaryimage"},"image":{"@id":"https:\/\/www.elementlogic.net\/cl\/sobre-element-logic\/nuestra-historia\/#primaryimage"},"thumbnailUrl":"https:\/\/www.elementlogic.net\/content\/uploads\/sites\/26\/2024\/11\/Element_history1.jpg","datePublished":"2024-08-22T17:56:51+00:00","dateModified":"2024-11-25T15:58:30+00:00","breadcrumb":{"@id":"https:\/\/www.elementlogic.net\/cl\/sobre-element-logic\/nuestra-historia\/#breadcrumb"},"inLanguage":"es-CL","potentialAction":[{"@type":"ReadAction","target":["https:\/\/www.elementlogic.net\/cl\/sobre-element-logic\/nuestra-historia\/"]}]},{"@type":"ImageObject","inLanguage":"es-CL","@id":"https:\/\/www.elementlogic.net\/cl\/sobre-element-logic\/nuestra-historia\/#primaryimage","url":"https:\/\/www.elementlogic.net\/content\/uploads\/sites\/26\/2024\/11\/Element_history1.jpg","contentUrl":"https:\/\/www.elementlogic.net\/content\/uploads\/sites\/26\/2024\/11\/Element_history1.jpg","width":1500,"height":716},{"@type":"BreadcrumbList","@id":"https:\/\/www.elementlogic.net\/cl\/sobre-element-logic\/nuestra-historia\/#breadcrumb","itemListElement":[{"@type":"ListItem","position":1,"name":"Sobre Element Logic","item":"https:\/\/www.elementlogic.net\/cl\/sobre-element-logic\/"},{"@type":"ListItem","position":2,"name":"Nuestra historia"}]},{"@type":"WebSite","@id":"https:\/\/www.elementlogic.net\/cl\/#website","url":"https:\/\/www.elementlogic.net\/cl\/","name":"Element Logic Chile","description":"","potentialAction":[{"@type":"SearchAction","target":{"@type":"EntryPoint","urlTemplate":"https:\/\/www.elementlogic.net\/cl\/?s={search_term_string}"},"query-input":{"@type":"PropertyValueSpecification","valueRequired":true,"valueName":"search_term_string"}}],"inLanguage":"es-CL"}]}},"_links":{"self":[{"href":"https:\/\/www.elementlogic.net\/cl\/wp-json\/wp\/v2\/pages\/2115"}],"collection":[{"href":"https:\/\/www.elementlogic.net\/cl\/wp-json\/wp\/v2\/pages"}],"about":[{"href":"https:\/\/www.elementlogic.net\/cl\/wp-json\/wp\/v2\/types\/page"}],"author":[{"embeddable":true,"href":"https:\/\/www.elementlogic.net\/cl\/wp-json\/wp\/v2\/users\/5"}],"replies":[{"embeddable":true,"href":"https:\/\/www.elementlogic.net\/cl\/wp-json\/wp\/v2\/comments?post=2115"}],"version-history":[{"count":1,"href":"https:\/\/www.elementlogic.net\/cl\/wp-json\/wp\/v2\/pages\/2115\/revisions"}],"predecessor-version":[{"id":3146,"href":"https:\/\/www.elementlogic.net\/cl\/wp-json\/wp\/v2\/pages\/2115\/revisions\/3146"}],"up":[{"embeddable":true,"href":"https:\/\/www.elementlogic.net\/cl\/wp-json\/wp\/v2\/pages\/1909"}],"wp:featuredmedia":[{"embeddable":true,"href":"https:\/\/www.elementlogic.net\/cl\/wp-json\/wp\/v2\/media\/3145"}],"wp:attachment":[{"href":"https:\/\/www.elementlogic.net\/cl\/wp-json\/wp\/v2\/media?parent=2115"}],"curies":[{"name":"wp","href":"https:\/\/api.w.org\/{rel}","templated":true}]}}