{"id":2116,"date":"2024-08-22T19:52:00","date_gmt":"2024-08-22T17:52:00","guid":{"rendered":"https:\/\/www.elementlogic.net\/?page_id=800"},"modified":"2024-11-21T15:42:14","modified_gmt":"2024-11-21T15:42:14","slug":"servicio-al-cliente","status":"publish","type":"page","link":"https:\/\/www.elementlogic.net\/cl\/soluciones-y-servicios\/servicio-al-cliente\/","title":{"rendered":"Servicio al cliente"},"content":{"rendered":"\n\t\t<div style=\"--dekode-hero-dim:0.5; --t2-icon-fill:var(--wp--preset--color--white); min-height:500px;\" class=\"alignfull dekode-hero-content-position-center has-media-background wp-elements-4df8c4af79b9fad810f53df1eb3e3268 wp-block-dekode-hero has-text-color has-white-color\">\n\t\t\t\t\t<video\n\t\t\tautoplay\n\t\t\tloop\n\t\t\tmuted\n\t\t\tplaysinline\n\t\t\tposter=\"https:\/\/www.elementlogic.net\/content\/uploads\/sites\/26\/\/2024\/11\/Bergfreunde_ElementLogic_DSC_4547-3-scaled.jpg\"\n\t\t\tsrc=\"https:\/\/www.elementlogic.net\/content\/uploads\/sites\/12\/\/2024\/09\/service-support.mp4\">\n\t\t<\/video>\n\t\t\n\t\t\t<div class=\"dekode-hero__content\">\n\t\t\t\t<div class=\"dekode-hero__container\">\n\t\t\t\t\t\n\n<h1 class=\"wp-block-heading has-text-align-center\" id=\"a-medida-para-tu-exito\"><strong>A medida para tu \u00e9xito<\/strong><\/h1>\n\n\n\n<p class=\"has-text-align-center\">Nuestro objetivo es ofrecerte soluciones que superen tus expectativas<\/p>\n\n\n\n<div class=\"wp-block-buttons is-content-justification-center is-layout-flex wp-container-core-buttons-is-layout-1 wp-block-buttons-is-layout-flex\">\n<div class=\"wp-block-button has-icon has-icon-theme_arrow\"><a class=\"wp-block-button__link has-text-align-center wp-element-button\" href=\"https:\/\/www.elementlogic.net\/cl\/contacta-con-nosotros\/\">Habla con un experto para obtener m\u00e1s informaci\u00f3n<svg xmlns=\"http:\/\/www.w3.org\/2000\/svg\" viewBox=\"0 0 24 24\" height=\"24\" width=\"24\" class=\"t2-icon t2-icon-theme_arrow\" aria-hidden=\"true\" focusable=\"false\"><path d=\"M16.627 12.75H5.25C5.03717 12.75 4.859 12.6782 4.7155 12.5345C4.57183 12.391 4.5 12.2128 4.5 12C4.5 11.7872 4.57183 11.609 4.7155 11.4655C4.859 11.3218 5.03717 11.25 5.25 11.25H16.627L11.4577 6.08076C11.3091 5.93209 11.2357 5.75809 11.2375 5.55876C11.2395 5.35942 11.318 5.18217 11.473 5.02701C11.6282 4.88217 11.8038 4.80717 12 4.80201C12.1962 4.79684 12.3718 4.87184 12.527 5.02701L18.8673 11.3673C18.9609 11.4609 19.0269 11.5597 19.0652 11.6635C19.1037 11.7673 19.123 11.8795 19.123 12C19.123 12.1205 19.1037 12.2327 19.0652 12.3365C19.0269 12.4403 18.9609 12.5391 18.8673 12.6328L12.527 18.973C12.3885 19.1115 12.217 19.1823 12.0125 19.1855C11.808 19.1887 11.6282 19.1178 11.473 18.973C11.318 18.8178 11.2405 18.6397 11.2405 18.4385C11.2405 18.2372 11.318 18.0589 11.473 17.9038L16.627 12.75Z\" fill=\"var(--t2-icon-fill, #000)\"\/><\/svg><\/a><\/div>\n<\/div>\n\n\n\t\t\t\t<\/div>\n\t\t\t<\/div>\n\t\t<\/div>\n\t\t\n\n\n<p>Desde la primera consulta hasta la puesta en marcha del sistema, nos aseguramos de que cada soluci\u00f3n se ajuste perfectamente a las necesidades espec\u00edficas de tu negocio. Contamos con un equipo experto en soporte, mantenimiento, formaci\u00f3n y consultor\u00eda data-driven, siempre enfocado en ayudarte a optimizar al m\u00e1ximo tu almac\u00e9n.&nbsp;<\/p>\n\n\n\n<h2 class=\"wp-block-heading\" id=\"onboarding-y-formacion\"><strong>Onboarding y Formaci\u00f3n<\/strong>&nbsp;<\/h2>\n\n\n\n<p>Saca el m\u00e1ximo provecho de tu sistema de almacenamiento y preparaci\u00f3n de pedidos AutoStore con nuestro programa de onboarding y formaci\u00f3n personalizada. Como cliente de Element Logic, recibir\u00e1s toda la formaci\u00f3n necesaria para dominar la automatizaci\u00f3n de almacenes de la mano de nuestro equipo de expertos. Nuestras sesiones se centran en las operaciones, la seguridad y la resoluci\u00f3n de posibles incidencias. El onboarding garantiza que tu equipo se adapte r\u00e1pidamente a su nuevo flujo de trabajo, adquiriendo confianza en el uso del sistema automatizado en cuesti\u00f3n de d\u00edas.&nbsp;<\/p>\n\n\n\n<figure class=\"wp-block-image size-large\"><img decoding=\"async\" src=\"https:\/\/www.elementlogic.net\/content\/uploads\/sites\/12\/\/2024\/09\/EL_superuser-training8-wo-instr-e1726227709934-1024x532.jpg\" alt=\"\" class=\"wp-image-166\" \/><\/figure>\n\n\n\n<h2 class=\"wp-block-heading\" id=\"programa-de-superusuarios\"><strong>Programa de Superusuarios<\/strong>&nbsp;<\/h2>\n\n\n\n<p>Recomendamos formar a un grupo selecto de trabajadores que se convertir\u00e1n en los superusuarios de la soluci\u00f3n dentro de tu empresa. Estos profesionales adquirir\u00e1n un conocimiento exhaustivo del sistema AutoStore, capacit\u00e1ndose para gestionar escenarios complejos y resolver incidencias. El programa de formaci\u00f3n de Element Logic garantiza un aprendizaje continuo para adaptarse a tus necesidades y optimizar al m\u00e1ximo tu soluci\u00f3n. Con el apoyo de nuestro equipo de soporte, contar\u00e1s con todo lo necesario para alcanzar el \u00e9xito.&nbsp;<\/p>\n\n\n\n<h2 class=\"wp-block-heading\" id=\"soporte\"><strong>Soporte<\/strong><\/h2>\n\n\n\n<p>Ser cliente de Element Logic significa contar con un equipo de soporte siempre a tu disposici\u00f3n. Si necesitas asistencia con AutoStore, software, sistemas de control, equipos o ajustes en la configuraci\u00f3n, estamos aqu\u00ed para apoyarte. Puedes contactarnos de forma sencilla a trav\u00e9s de nuestra web, por correo electr\u00f3nico o por tel\u00e9fono, y te ofreceremos una respuesta r\u00e1pida y eficaz.&nbsp;<\/p>\n\n\n\n\t\t<blockquote class=\"wp-block-dekode-quote\">\n\t\t\t<div class=\"wp-block-dekode-quote__icon\">\n\t\t\t\t<img loading=\"lazy\" decoding=\"async\" width=\"300\" height=\"300\" src=\"https:\/\/www.elementlogic.net\/content\/uploads\/sites\/26\/\/2024\/11\/Arnold-e1724057459194-300x300-1.jpg\" class=\"quote-image\" alt=\"\" srcset=\"https:\/\/www.elementlogic.net\/content\/uploads\/sites\/26\/2024\/11\/Arnold-e1724057459194-300x300-1.jpg 300w, https:\/\/www.elementlogic.net\/content\/uploads\/sites\/26\/2024\/11\/Arnold-e1724057459194-300x300-1-150x150.jpg 150w\" sizes=\"(max-width: 300px) 100vw, 300px\" \/><svg xmlns=\"http:\/\/www.w3.org\/2000\/svg\" viewBox=\"0 0 24 24\" height=\"96\" width=\"96\" class=\"t2-icon t2-icon-theme_quote\" aria-hidden=\"true\" focusable=\"false\"><path d=\"M6.7808 16.5288L8.49055 13.5673C8.43289 13.5993 8.36555 13.6217 8.28855 13.6345C8.21155 13.6473 8.13464 13.6538 8.0578 13.6538C7.04114 13.6538 6.17797 13.2958 5.4683 12.5798C4.7588 11.8638 4.40405 11.0038 4.40405 10C4.40405 8.98334 4.7588 8.12017 5.4683 7.4105C6.17797 6.701 7.04114 6.34625 8.0578 6.34625C9.06164 6.34625 9.92155 6.701 10.6376 7.4105C11.3536 8.12017 11.7116 8.98334 11.7116 10C11.7116 10.3513 11.669 10.6783 11.5838 10.9808C11.4985 11.2833 11.3737 11.5718 11.2096 11.8463L8.07305 17.2788C8.00905 17.3904 7.92122 17.4808 7.80955 17.55C7.69805 17.6192 7.57305 17.6538 7.43455 17.6538C7.14739 17.6538 6.93205 17.5288 6.78855 17.2788C6.64489 17.0288 6.6423 16.7788 6.7808 16.5288ZM15.6656 16.5288L17.3751 13.5673C17.3174 13.5993 17.2501 13.6217 17.1731 13.6345C17.0962 13.6473 17.0193 13.6538 16.9423 13.6538C15.9256 13.6538 15.0626 13.2958 14.3531 12.5798C13.6434 11.8638 13.2886 11.0038 13.2886 10C13.2886 8.977 13.6434 8.11225 14.3531 7.40575C15.0626 6.69942 15.9256 6.34625 16.9423 6.34625C17.9461 6.34625 18.8061 6.701 19.5221 7.4105C20.2381 8.12017 20.5961 8.98334 20.5961 10C20.5961 10.3513 20.5535 10.6783 20.4683 10.9808C20.383 11.2833 20.2583 11.5718 20.0943 11.8463L16.9578 17.2788C16.8936 17.3904 16.8058 17.4808 16.6943 17.55C16.5828 17.6192 16.4578 17.6538 16.3193 17.6538C16.0321 17.6538 15.8167 17.5288 15.6731 17.2788C15.5296 17.0288 15.5271 16.7788 15.6656 16.5288Z\" fill=\"var(--t2-icon-fill, #000)\"\/><\/svg>\n\t\t\t<\/div>\n\t\t\t<div class=\"wp-block-dekode-quote__text\">\n\t\t\t\t<p>Nuestra filosof\u00eda se basa en desarrollar una soluci\u00f3n escalable que permita a nuestros clientes crecer y obtener resultados. Esto es lo que llamamos The Element Way<\/p>\n<cite>Arnold Nielsen, Key Account Manager, Element Logic Noruega<\/cite>\n\t\t\t<\/div>\n\t\t<\/blockquote>\n\n\n<h2 class=\"wp-block-heading\" id=\"mantenimiento\"><strong>Mantenimiento<\/strong><\/h2>\n\n\n\n<p>Nuestro equipo est\u00e1 siempre en busca de oportunidades de mejora para impulsar el crecimiento de tu negocio. Nuestros t\u00e9cnicos se encargan del mantenimiento programado en tus instalaciones sin interrumpir las operaciones diarias.&nbsp;<\/p>\n\n\n\n<figure class=\"wp-block-image size-large\"><img decoding=\"async\" src=\"https:\/\/www.elementlogic.net\/content\/uploads\/sites\/12\/\/2024\/09\/Wallpaper-10-scaled-1024x429.jpg\" alt=\"\" class=\"wp-image-215\" \/><\/figure>\n\n\n\n<h2 class=\"wp-block-heading\" id=\"insights-y-optimizacion\"><strong>Insights y optimizaci\u00f3n<\/strong>&nbsp;<\/h2>\n\n\n\n<p>Te ofrecemos datos detallados sobre el rendimiento de tu soluci\u00f3n AutoStore. Esta informaci\u00f3n sirve de base para que nuestro equipo de <strong>Servicio al Cliente<\/strong> te ayude a optimizar continuamente tu sistema.&nbsp;<\/p>\n\n\n\n<p>&#8220;Para garantizar la satisfacci\u00f3n del cliente, disponemos de un equipo interno altamente cualificado, compuesto por t\u00e9cnicos de servicio, soporte, y expertos en software y log\u00edstica. Esto nos permite ser \u00e1giles y ofrecer asistencia inmediata. Nuestra filosof\u00eda se basa en desarrollar una soluci\u00f3n escalable que permita a nuestros clientes crecer y obtener resultados. Esto es lo que llamamos The Element Way&#8221;, Arnold Nielsen, Key Account Manager, Element Logic Noruega.&nbsp;<\/p>\n\n\n\n<h3 class=\"wp-block-heading\" id=\"mas-informacion-sobre-nuestras-soluciones-y-servicios\">M\u00e1s informaci\u00f3n sobre nuestras soluciones y servicios:<\/h3>\n\n\n\n\t\t<div style=\"--link-cards-grid-columns: 3\" class=\"dekode-link-cards has-3-columns wp-block-dekode-link-cards\">\n\t\t\t<div class=\"dekode-link-cards__items\">\n\t\t\t\t\n<a class=\"wp-block-dekode-link-card\" href=\"https:\/\/www.elementlogic.net\/cl\/soluciones-y-servicios\/diseno-y-consultoria\/\"><img loading=\"lazy\" decoding=\"async\" width=\"768\" height=\"512\" src=\"https:\/\/www.elementlogic.net\/content\/uploads\/sites\/26\/2024\/11\/Element_Leslii_warehouse-768x512-1.webp\" class=\"\" alt=\"\" \/>\t<div class=\"dekode-link-card__content\">\n\t\t\t\t<p class=\"dekode-link-card__title\">\n\t\t\tDise\u00f1o y Consultor\u00eda\t\t<\/p>\n\t\t\t<\/div>\n\t<\/a>\n\n<a class=\"wp-block-dekode-link-card\" href=\"https:\/\/www.elementlogic.net\/cl\/soluciones-y-servicios\/instalacion-de-autostore\/\"><img loading=\"lazy\" decoding=\"async\" width=\"768\" height=\"512\" src=\"https:\/\/www.elementlogic.net\/content\/uploads\/sites\/26\/2024\/11\/EL_construction25-768x512-1-1.jpg\" class=\"\" alt=\"\" \/>\t<div class=\"dekode-link-card__content\">\n\t\t\t\t<p class=\"dekode-link-card__title\">\n\t\t\tEntrega del sistema\t\t<\/p>\n\t\t\t<\/div>\n\t<\/a>\n\n<a class=\"wp-block-dekode-link-card\" href=\"https:\/\/www.elementlogic.net\/cl\/soluciones-y-servicios\/autostore\/\"><img loading=\"lazy\" decoding=\"async\" width=\"768\" height=\"563\" src=\"https:\/\/www.elementlogic.net\/content\/uploads\/sites\/26\/\/2024\/11\/R5_Robot-Side_copy-kopi-2-768x563-2.jpg\" class=\"\" alt=\"\" \/>\t<div class=\"dekode-link-card__content\">\n\t\t\t\t<p class=\"dekode-link-card__title\">\n\t\t\tAutoStore\t\t<\/p>\n\t\t\t<\/div>\n\t<\/a>\n\n\t\t\t<\/div>\n\t\t<\/div>","protected":false},"excerpt":{"rendered":"<p>Desde la primera consulta hasta la puesta en marcha del sistema, nos aseguramos de que cada soluci\u00f3n se ajuste perfectamente [&hellip;]<\/p>\n","protected":false},"author":5,"featured_media":0,"parent":1952,"menu_order":0,"comment_status":"closed","ping_status":"closed","template":"","meta":{"hreflang_relation":0,"_el_cross_publish_source_blog_url":"","_el_cross_publish_source_blog_id":0,"_el_cross_publish_source_post_id":0,"_el_cross_publish_sync_state":"","exclude_from_search":false,"content-type":"","footnotes":""},"class_list":["post-2116","page","type-page","status-publish","hentry"],"yoast_head":"<!-- This site is optimized with the Yoast SEO Premium plugin v23.9 (Yoast SEO v23.9) - https:\/\/yoast.com\/wordpress\/plugins\/seo\/ -->\n<title>Servicio al cliente - Element Logic Chile<\/title>\n<meta name=\"robots\" content=\"index, follow, max-snippet:-1, max-image-preview:large, max-video-preview:-1\" \/>\n<link rel=\"canonical\" href=\"https:\/\/www.elementlogic.net\/cl\/soluciones-y-servicios\/servicio-al-cliente\/\" \/>\n<meta property=\"og:locale\" content=\"es_ES\" \/>\n<meta property=\"og:type\" content=\"article\" \/>\n<meta property=\"og:title\" content=\"Servicio al cliente\" \/>\n<meta property=\"og:description\" content=\"Desde la primera consulta hasta la puesta en marcha del sistema, nos aseguramos de que cada soluci\u00f3n se ajuste perfectamente [&hellip;]\" \/>\n<meta property=\"og:url\" content=\"https:\/\/www.elementlogic.net\/cl\/soluciones-y-servicios\/servicio-al-cliente\/\" \/>\n<meta property=\"og:site_name\" content=\"Element Logic Chile\" \/>\n<meta property=\"article:modified_time\" content=\"2024-11-21T15:42:14+00:00\" \/>\n<meta property=\"og:image\" content=\"https:\/\/www.elementlogic.net\/content\/uploads\/sites\/12\/\/2024\/09\/EL_superuser-training8-wo-instr-e1726227709934-1024x532.jpg\" \/>\n<meta name=\"twitter:card\" content=\"summary_large_image\" \/>\n<meta name=\"twitter:label1\" content=\"Tiempo estimado de lectura\" \/>\n\t<meta name=\"twitter:data1\" content=\"3 minutos\" \/>\n<script type=\"application\/ld+json\" class=\"yoast-schema-graph\">{\"@context\":\"https:\/\/schema.org\",\"@graph\":[{\"@type\":\"WebPage\",\"@id\":\"https:\/\/www.elementlogic.net\/cl\/soluciones-y-servicios\/servicio-al-cliente\/\",\"url\":\"https:\/\/www.elementlogic.net\/cl\/soluciones-y-servicios\/servicio-al-cliente\/\",\"name\":\"Servicio al cliente - Element Logic Chile\",\"isPartOf\":{\"@id\":\"https:\/\/www.elementlogic.net\/cl\/#website\"},\"primaryImageOfPage\":{\"@id\":\"https:\/\/www.elementlogic.net\/cl\/soluciones-y-servicios\/servicio-al-cliente\/#primaryimage\"},\"image\":{\"@id\":\"https:\/\/www.elementlogic.net\/cl\/soluciones-y-servicios\/servicio-al-cliente\/#primaryimage\"},\"thumbnailUrl\":\"https:\/\/www.elementlogic.net\/content\/uploads\/sites\/12\/\/2024\/09\/EL_superuser-training8-wo-instr-e1726227709934-1024x532.jpg\",\"datePublished\":\"2024-08-22T17:52:00+00:00\",\"dateModified\":\"2024-11-21T15:42:14+00:00\",\"breadcrumb\":{\"@id\":\"https:\/\/www.elementlogic.net\/cl\/soluciones-y-servicios\/servicio-al-cliente\/#breadcrumb\"},\"inLanguage\":\"es-CL\",\"potentialAction\":[{\"@type\":\"ReadAction\",\"target\":[\"https:\/\/www.elementlogic.net\/cl\/soluciones-y-servicios\/servicio-al-cliente\/\"]}]},{\"@type\":\"ImageObject\",\"inLanguage\":\"es-CL\",\"@id\":\"https:\/\/www.elementlogic.net\/cl\/soluciones-y-servicios\/servicio-al-cliente\/#primaryimage\",\"url\":\"https:\/\/www.elementlogic.net\/content\/uploads\/sites\/12\/\/2024\/09\/EL_superuser-training8-wo-instr-e1726227709934-1024x532.jpg\",\"contentUrl\":\"https:\/\/www.elementlogic.net\/content\/uploads\/sites\/12\/\/2024\/09\/EL_superuser-training8-wo-instr-e1726227709934-1024x532.jpg\"},{\"@type\":\"BreadcrumbList\",\"@id\":\"https:\/\/www.elementlogic.net\/cl\/soluciones-y-servicios\/servicio-al-cliente\/#breadcrumb\",\"itemListElement\":[{\"@type\":\"ListItem\",\"position\":1,\"name\":\"Soluciones y servicios\",\"item\":\"https:\/\/www.elementlogic.net\/cl\/soluciones-y-servicios\/\"},{\"@type\":\"ListItem\",\"position\":2,\"name\":\"Servicio al cliente\"}]},{\"@type\":\"WebSite\",\"@id\":\"https:\/\/www.elementlogic.net\/cl\/#website\",\"url\":\"https:\/\/www.elementlogic.net\/cl\/\",\"name\":\"Element Logic Chile\",\"description\":\"\",\"potentialAction\":[{\"@type\":\"SearchAction\",\"target\":{\"@type\":\"EntryPoint\",\"urlTemplate\":\"https:\/\/www.elementlogic.net\/cl\/?s={search_term_string}\"},\"query-input\":{\"@type\":\"PropertyValueSpecification\",\"valueRequired\":true,\"valueName\":\"search_term_string\"}}],\"inLanguage\":\"es-CL\"}]}<\/script>\n<!-- \/ Yoast SEO Premium plugin. -->","yoast_head_json":{"title":"Servicio al cliente - Element Logic Chile","robots":{"index":"index","follow":"follow","max-snippet":"max-snippet:-1","max-image-preview":"max-image-preview:large","max-video-preview":"max-video-preview:-1"},"canonical":"https:\/\/www.elementlogic.net\/cl\/soluciones-y-servicios\/servicio-al-cliente\/","og_locale":"es_ES","og_type":"article","og_title":"Servicio al cliente","og_description":"Desde la primera consulta hasta la puesta en marcha del sistema, nos aseguramos de que cada soluci\u00f3n se ajuste perfectamente [&hellip;]","og_url":"https:\/\/www.elementlogic.net\/cl\/soluciones-y-servicios\/servicio-al-cliente\/","og_site_name":"Element Logic Chile","article_modified_time":"2024-11-21T15:42:14+00:00","og_image":[{"url":"https:\/\/www.elementlogic.net\/content\/uploads\/sites\/12\/\/2024\/09\/EL_superuser-training8-wo-instr-e1726227709934-1024x532.jpg"}],"twitter_card":"summary_large_image","twitter_misc":{"Tiempo estimado de lectura":"3 minutos"},"schema":{"@context":"https:\/\/schema.org","@graph":[{"@type":"WebPage","@id":"https:\/\/www.elementlogic.net\/cl\/soluciones-y-servicios\/servicio-al-cliente\/","url":"https:\/\/www.elementlogic.net\/cl\/soluciones-y-servicios\/servicio-al-cliente\/","name":"Servicio al cliente - Element Logic Chile","isPartOf":{"@id":"https:\/\/www.elementlogic.net\/cl\/#website"},"primaryImageOfPage":{"@id":"https:\/\/www.elementlogic.net\/cl\/soluciones-y-servicios\/servicio-al-cliente\/#primaryimage"},"image":{"@id":"https:\/\/www.elementlogic.net\/cl\/soluciones-y-servicios\/servicio-al-cliente\/#primaryimage"},"thumbnailUrl":"https:\/\/www.elementlogic.net\/content\/uploads\/sites\/12\/\/2024\/09\/EL_superuser-training8-wo-instr-e1726227709934-1024x532.jpg","datePublished":"2024-08-22T17:52:00+00:00","dateModified":"2024-11-21T15:42:14+00:00","breadcrumb":{"@id":"https:\/\/www.elementlogic.net\/cl\/soluciones-y-servicios\/servicio-al-cliente\/#breadcrumb"},"inLanguage":"es-CL","potentialAction":[{"@type":"ReadAction","target":["https:\/\/www.elementlogic.net\/cl\/soluciones-y-servicios\/servicio-al-cliente\/"]}]},{"@type":"ImageObject","inLanguage":"es-CL","@id":"https:\/\/www.elementlogic.net\/cl\/soluciones-y-servicios\/servicio-al-cliente\/#primaryimage","url":"https:\/\/www.elementlogic.net\/content\/uploads\/sites\/12\/\/2024\/09\/EL_superuser-training8-wo-instr-e1726227709934-1024x532.jpg","contentUrl":"https:\/\/www.elementlogic.net\/content\/uploads\/sites\/12\/\/2024\/09\/EL_superuser-training8-wo-instr-e1726227709934-1024x532.jpg"},{"@type":"BreadcrumbList","@id":"https:\/\/www.elementlogic.net\/cl\/soluciones-y-servicios\/servicio-al-cliente\/#breadcrumb","itemListElement":[{"@type":"ListItem","position":1,"name":"Soluciones y servicios","item":"https:\/\/www.elementlogic.net\/cl\/soluciones-y-servicios\/"},{"@type":"ListItem","position":2,"name":"Servicio al cliente"}]},{"@type":"WebSite","@id":"https:\/\/www.elementlogic.net\/cl\/#website","url":"https:\/\/www.elementlogic.net\/cl\/","name":"Element Logic Chile","description":"","potentialAction":[{"@type":"SearchAction","target":{"@type":"EntryPoint","urlTemplate":"https:\/\/www.elementlogic.net\/cl\/?s={search_term_string}"},"query-input":{"@type":"PropertyValueSpecification","valueRequired":true,"valueName":"search_term_string"}}],"inLanguage":"es-CL"}]}},"_links":{"self":[{"href":"https:\/\/www.elementlogic.net\/cl\/wp-json\/wp\/v2\/pages\/2116"}],"collection":[{"href":"https:\/\/www.elementlogic.net\/cl\/wp-json\/wp\/v2\/pages"}],"about":[{"href":"https:\/\/www.elementlogic.net\/cl\/wp-json\/wp\/v2\/types\/page"}],"author":[{"embeddable":true,"href":"https:\/\/www.elementlogic.net\/cl\/wp-json\/wp\/v2\/users\/5"}],"replies":[{"embeddable":true,"href":"https:\/\/www.elementlogic.net\/cl\/wp-json\/wp\/v2\/comments?post=2116"}],"version-history":[{"count":2,"href":"https:\/\/www.elementlogic.net\/cl\/wp-json\/wp\/v2\/pages\/2116\/revisions"}],"predecessor-version":[{"id":3123,"href":"https:\/\/www.elementlogic.net\/cl\/wp-json\/wp\/v2\/pages\/2116\/revisions\/3123"}],"up":[{"embeddable":true,"href":"https:\/\/www.elementlogic.net\/cl\/wp-json\/wp\/v2\/pages\/1952"}],"wp:attachment":[{"href":"https:\/\/www.elementlogic.net\/cl\/wp-json\/wp\/v2\/media?parent=2116"}],"curies":[{"name":"wp","href":"https:\/\/api.w.org\/{rel}","templated":true}]}}