{"id":2118,"date":"2024-08-22T19:50:46","date_gmt":"2024-08-22T17:50:46","guid":{"rendered":"https:\/\/www.elementlogic.net\/?page_id=271"},"modified":"2024-11-21T15:28:19","modified_gmt":"2024-11-21T15:28:19","slug":"diseno-y-consultoria","status":"publish","type":"page","link":"https:\/\/www.elementlogic.net\/cl\/soluciones-y-servicios\/diseno-y-consultoria\/","title":{"rendered":"Dise\u00f1o y Consultor\u00eda"},"content":{"rendered":"\n\t\t<div style=\"--dekode-hero-dim:0.5; --t2-icon-fill:var(--wp--preset--color--white); min-height:500px;\" class=\"alignfull dekode-hero-content-position-center has-media-background wp-elements-531ff49c3d26e37ee9b3926d32e17e2b wp-block-dekode-hero has-text-color has-white-color\">\n\t\t\t\t\t<video\n\t\t\tautoplay\n\t\t\tloop\n\t\t\tmuted\n\t\t\tplaysinline\n\t\t\tposter=\"\"\n\t\t\tsrc=\"https:\/\/www.elementlogic.net\/content\/uploads\/sites\/12\/\/2024\/09\/design-consulting.mp4\">\n\t\t<\/video>\n\t\t\n\t\t\t<div class=\"dekode-hero__content\">\n\t\t\t\t<div class=\"dekode-hero__container\">\n\t\t\t\t\t\n\n<h1 class=\"wp-block-heading has-text-align-center\" id=\"una-solucion-intralogistica-adaptada-a-tus-necesidades\">Una soluci\u00f3n intralog\u00edstica adaptada a tus necesidades<\/h1>\n\n\n\n<p class=\"has-text-align-center\">Prep\u00e1rate para afrontar el crecimiento y las necesidades futuras con un sistema de almacenamiento compacto y picking de alto rendimiento dise\u00f1ado e instalado por Element Logic.<\/p>\n\n\n\n<div class=\"wp-block-buttons is-content-justification-center is-layout-flex wp-container-core-buttons-is-layout-1 wp-block-buttons-is-layout-flex\">\n<div class=\"wp-block-button has-icon has-icon-theme_arrow\"><a class=\"wp-block-button__link wp-element-button\" href=\"https:\/\/www.elementlogic.net\/cl\/contacta-con-nosotros\/\">Habla con un experto para obtener m\u00e1s informaci\u00f3n<svg xmlns=\"http:\/\/www.w3.org\/2000\/svg\" viewBox=\"0 0 24 24\" height=\"24\" width=\"24\" class=\"t2-icon t2-icon-theme_arrow\" aria-hidden=\"true\" focusable=\"false\"><path d=\"M16.627 12.75H5.25C5.03717 12.75 4.859 12.6782 4.7155 12.5345C4.57183 12.391 4.5 12.2128 4.5 12C4.5 11.7872 4.57183 11.609 4.7155 11.4655C4.859 11.3218 5.03717 11.25 5.25 11.25H16.627L11.4577 6.08076C11.3091 5.93209 11.2357 5.75809 11.2375 5.55876C11.2395 5.35942 11.318 5.18217 11.473 5.02701C11.6282 4.88217 11.8038 4.80717 12 4.80201C12.1962 4.79684 12.3718 4.87184 12.527 5.02701L18.8673 11.3673C18.9609 11.4609 19.0269 11.5597 19.0652 11.6635C19.1037 11.7673 19.123 11.8795 19.123 12C19.123 12.1205 19.1037 12.2327 19.0652 12.3365C19.0269 12.4403 18.9609 12.5391 18.8673 12.6328L12.527 18.973C12.3885 19.1115 12.217 19.1823 12.0125 19.1855C11.808 19.1887 11.6282 19.1178 11.473 18.973C11.318 18.8178 11.2405 18.6397 11.2405 18.4385C11.2405 18.2372 11.318 18.0589 11.473 17.9038L16.627 12.75Z\" fill=\"var(--t2-icon-fill, #000)\"\/><\/svg><\/a><\/div>\n<\/div>\n\n\n\t\t\t\t<\/div>\n\t\t\t<\/div>\n\t\t<\/div>\n\t\t\n\n\n<p>En Element Logic, sabemos que cada cliente es \u00fanico, al igual que las caracter\u00edsticas de su almac\u00e9n, sus operaciones, desaf\u00edos y oportunidades. Por eso, nuestro equipo de expertos en AutoStore e intralog\u00edstica analiza minuciosamente las necesidades espec\u00edficas de cada cliente desde el inicio de la colaboraci\u00f3n. Conf\u00eda en la experiencia y creatividad de nuestros dise\u00f1adores para crear el sistema de almacenaje automatizado ideal para tu espacio, maximizando tu \u00e9xito.<\/p>\n\n\n\n<p>Tanto si se trata de un nuevo almac\u00e9n automatizado como si deseas\u00a0<a href=\"https:\/\/www.elementlogic.net\/cl\/cases\/un-ecommerce-de-joyeria-y-complementos-instala-uno-de-los-autostore-mas-pequenos-y-rentables\/\" target=\"_blank\" rel=\"noreferrer noopener\">aprovechar el espacio<\/a>\u00a0existente, dise\u00f1amos la soluci\u00f3n de almacenamiento m\u00e1s inteligente y\u00a0rentable\u00a0para ti.<\/p>\n\n\n\n\t\t<blockquote class=\"wp-block-dekode-quote\">\n\t\t\t<div class=\"wp-block-dekode-quote__icon\">\n\t\t\t\t<img loading=\"lazy\" decoding=\"async\" width=\"300\" height=\"300\" src=\"https:\/\/www.elementlogic.net\/content\/uploads\/sites\/26\/2024\/11\/element-logic-lasse-1-300x300-1-1.jpg\" class=\"quote-image\" alt=\"\" srcset=\"https:\/\/www.elementlogic.net\/content\/uploads\/sites\/26\/2024\/11\/element-logic-lasse-1-300x300-1-1.jpg 300w, https:\/\/www.elementlogic.net\/content\/uploads\/sites\/26\/2024\/11\/element-logic-lasse-1-300x300-1-1-150x150.jpg 150w\" sizes=\"(max-width: 300px) 100vw, 300px\" \/><svg xmlns=\"http:\/\/www.w3.org\/2000\/svg\" viewBox=\"0 0 24 24\" height=\"96\" width=\"96\" class=\"t2-icon t2-icon-theme_quote\" aria-hidden=\"true\" focusable=\"false\"><path d=\"M6.7808 16.5288L8.49055 13.5673C8.43289 13.5993 8.36555 13.6217 8.28855 13.6345C8.21155 13.6473 8.13464 13.6538 8.0578 13.6538C7.04114 13.6538 6.17797 13.2958 5.4683 12.5798C4.7588 11.8638 4.40405 11.0038 4.40405 10C4.40405 8.98334 4.7588 8.12017 5.4683 7.4105C6.17797 6.701 7.04114 6.34625 8.0578 6.34625C9.06164 6.34625 9.92155 6.701 10.6376 7.4105C11.3536 8.12017 11.7116 8.98334 11.7116 10C11.7116 10.3513 11.669 10.6783 11.5838 10.9808C11.4985 11.2833 11.3737 11.5718 11.2096 11.8463L8.07305 17.2788C8.00905 17.3904 7.92122 17.4808 7.80955 17.55C7.69805 17.6192 7.57305 17.6538 7.43455 17.6538C7.14739 17.6538 6.93205 17.5288 6.78855 17.2788C6.64489 17.0288 6.6423 16.7788 6.7808 16.5288ZM15.6656 16.5288L17.3751 13.5673C17.3174 13.5993 17.2501 13.6217 17.1731 13.6345C17.0962 13.6473 17.0193 13.6538 16.9423 13.6538C15.9256 13.6538 15.0626 13.2958 14.3531 12.5798C13.6434 11.8638 13.2886 11.0038 13.2886 10C13.2886 8.977 13.6434 8.11225 14.3531 7.40575C15.0626 6.69942 15.9256 6.34625 16.9423 6.34625C17.9461 6.34625 18.8061 6.701 19.5221 7.4105C20.2381 8.12017 20.5961 8.98334 20.5961 10C20.5961 10.3513 20.5535 10.6783 20.4683 10.9808C20.383 11.2833 20.2583 11.5718 20.0943 11.8463L16.9578 17.2788C16.8936 17.3904 16.8058 17.4808 16.6943 17.55C16.5828 17.6192 16.4578 17.6538 16.3193 17.6538C16.0321 17.6538 15.8167 17.5288 15.6731 17.2788C15.5296 17.0288 15.5271 16.7788 15.6656 16.5288Z\" fill=\"var(--t2-icon-fill, #000)\"\/><\/svg>\n\t\t\t<\/div>\n\t\t\t<div class=\"wp-block-dekode-quote__text\">\n\t\t\t\t<p>Dedicamos mucho tiempo a analizar los n\u00fameros y a entender las necesidades del cliente, y realizamos simulaciones para encontrar la soluci\u00f3n que aporte m\u00e1s valor. Nuestro objetivo es crear una soluci\u00f3n de almac\u00e9n automatizado lo m\u00e1s eficiente posible con el menor coste para el cliente<\/p>\n<cite>Lasse Vik, Product Manager AutoStore, Element Logic<\/cite>\n\t\t\t<\/div>\n\t\t<\/blockquote>\n\n\n<figure class=\"wp-block-image alignwide size-large\"><img decoding=\"async\" src=\"https:\/\/www.elementlogic.net\/content\/uploads\/sites\/12\/\/2024\/09\/fallback-design-1024x544.jpg\" alt=\"\" class=\"wp-image-176\" \/><\/figure>\n\n\n\n<h2 class=\"wp-block-heading\" id=\"el-almacen-automatizado-mas-eficiente-y-rentable-para-ti\">El almac\u00e9n automatizado m\u00e1s eficiente y rentable para ti<\/h2>\n\n\n\n<p>En Element Logic, probamos exhaustivamente cada soluci\u00f3n de almacenaje automatizado para garantizar que sea la opci\u00f3n m\u00e1s rentable para tu negocio. Nuestro equipo de dise\u00f1o de AutoStore crea modelos en 3D y realiza simulaciones en diversos escenarios, brind\u00e1ndote una visi\u00f3n clara sobre la capacidad y eficiencia que puedes esperar de tu almac\u00e9n automatizado.<\/p>\n\n\n\n<p>Valoramos el di\u00e1logo constante y mantenemos un contacto directo contigo a lo largo de todo el proceso de automatizaci\u00f3n de tu sistema AutoStore. Juntos, decidimos c\u00f3mo llevar a cabo la instalaci\u00f3n de manera \u00f3ptima.<\/p>\n\n\n\n<h3 class=\"wp-block-heading\" id=\"mas-informacion-sobre-nuestras-soluciones-y-servicios\">M\u00e1s informaci\u00f3n sobre nuestras soluciones y servicios:<\/h3>\n\n\n\n\t\t<div style=\"--link-cards-grid-columns: 3\" class=\"dekode-link-cards has-3-columns wp-block-dekode-link-cards\">\n\t\t\t<div class=\"dekode-link-cards__items\">\n\t\t\t\t\n<a class=\"wp-block-dekode-link-card\" href=\"https:\/\/www.elementlogic.net\/cl\/soluciones-y-servicios\/servicio-al-cliente\/\"><img loading=\"lazy\" decoding=\"async\" width=\"600\" height=\"400\" src=\"https:\/\/www.elementlogic.net\/content\/uploads\/sites\/26\/2024\/11\/image-12-2.png\" class=\"\" alt=\"\" \/>\t<div class=\"dekode-link-card__content\">\n\t\t\t\t<p class=\"dekode-link-card__title\">\n\t\t\tServicio al cliente\t\t<\/p>\n\t\t\t<\/div>\n\t<\/a>\n\n<a class=\"wp-block-dekode-link-card\" href=\"https:\/\/www.elementlogic.net\/cl\/soluciones-y-servicios\/instalacion-de-autostore\/\"><img loading=\"lazy\" decoding=\"async\" width=\"768\" height=\"512\" src=\"https:\/\/www.elementlogic.net\/content\/uploads\/sites\/26\/2024\/11\/EL_construction15-768x512-1-1.jpg\" class=\"\" alt=\"\" \/>\t<div class=\"dekode-link-card__content\">\n\t\t\t\t<p class=\"dekode-link-card__title\">\n\t\t\tEntrega del sistema\t\t<\/p>\n\t\t\t<\/div>\n\t<\/a>\n\n<a class=\"wp-block-dekode-link-card\" href=\"https:\/\/www.elementlogic.net\/cl\/soluciones-y-servicios\/software\/\"><img loading=\"lazy\" decoding=\"async\" width=\"768\" height=\"512\" src=\"https:\/\/www.elementlogic.net\/content\/uploads\/sites\/26\/2024\/05\/EL_eLogiq_-6-1-768x512.jpg\" class=\"\" alt=\"\" \/>\t<div class=\"dekode-link-card__content\">\n\t\t\t\t<p class=\"dekode-link-card__title\">\n\t\t\tSoftware\t\t<\/p>\n\t\t\t<\/div>\n\t<\/a>\n\n\t\t\t<\/div>\n\t\t<\/div>","protected":false},"excerpt":{"rendered":"<p>En Element Logic, sabemos que cada cliente es \u00fanico, al igual que las caracter\u00edsticas de su almac\u00e9n, sus operaciones, desaf\u00edos [&hellip;]<\/p>\n","protected":false},"author":1,"featured_media":0,"parent":1952,"menu_order":0,"comment_status":"closed","ping_status":"closed","template":"","meta":{"hreflang_relation":0,"_el_cross_publish_source_blog_url":"","_el_cross_publish_source_blog_id":0,"_el_cross_publish_source_post_id":0,"_el_cross_publish_sync_state":"","exclude_from_search":false,"content-type":"","footnotes":""},"class_list":["post-2118","page","type-page","status-publish","hentry"],"yoast_head":"<!-- This site is optimized with the Yoast SEO Premium plugin v23.9 (Yoast SEO v23.9) - https:\/\/yoast.com\/wordpress\/plugins\/seo\/ -->\n<title>Dise\u00f1o y Consultor\u00eda - Element Logic Chile<\/title>\n<meta name=\"robots\" content=\"index, follow, max-snippet:-1, max-image-preview:large, max-video-preview:-1\" \/>\n<link rel=\"canonical\" href=\"https:\/\/www.elementlogic.net\/cl\/soluciones-y-servicios\/diseno-y-consultoria\/\" \/>\n<meta property=\"og:locale\" content=\"es_ES\" \/>\n<meta property=\"og:type\" content=\"article\" \/>\n<meta property=\"og:title\" content=\"Dise\u00f1o y Consultor\u00eda\" \/>\n<meta property=\"og:description\" content=\"En Element Logic, sabemos que cada cliente es \u00fanico, al igual que las caracter\u00edsticas de su almac\u00e9n, sus operaciones, desaf\u00edos [&hellip;]\" \/>\n<meta property=\"og:url\" content=\"https:\/\/www.elementlogic.net\/cl\/soluciones-y-servicios\/diseno-y-consultoria\/\" \/>\n<meta property=\"og:site_name\" content=\"Element Logic Chile\" \/>\n<meta property=\"article:modified_time\" content=\"2024-11-21T15:28:19+00:00\" \/>\n<meta property=\"og:image\" content=\"https:\/\/www.elementlogic.net\/content\/uploads\/sites\/12\/\/2024\/09\/fallback-design-1024x544.jpg\" \/>\n<meta name=\"twitter:card\" content=\"summary_large_image\" \/>\n<meta name=\"twitter:label1\" content=\"Tiempo estimado de lectura\" \/>\n\t<meta name=\"twitter:data1\" content=\"2 minutos\" \/>\n<script type=\"application\/ld+json\" class=\"yoast-schema-graph\">{\"@context\":\"https:\/\/schema.org\",\"@graph\":[{\"@type\":\"WebPage\",\"@id\":\"https:\/\/www.elementlogic.net\/cl\/soluciones-y-servicios\/diseno-y-consultoria\/\",\"url\":\"https:\/\/www.elementlogic.net\/cl\/soluciones-y-servicios\/diseno-y-consultoria\/\",\"name\":\"Dise\u00f1o y Consultor\u00eda - Element Logic Chile\",\"isPartOf\":{\"@id\":\"https:\/\/www.elementlogic.net\/cl\/#website\"},\"primaryImageOfPage\":{\"@id\":\"https:\/\/www.elementlogic.net\/cl\/soluciones-y-servicios\/diseno-y-consultoria\/#primaryimage\"},\"image\":{\"@id\":\"https:\/\/www.elementlogic.net\/cl\/soluciones-y-servicios\/diseno-y-consultoria\/#primaryimage\"},\"thumbnailUrl\":\"https:\/\/www.elementlogic.net\/content\/uploads\/sites\/12\/\/2024\/09\/fallback-design-1024x544.jpg\",\"datePublished\":\"2024-08-22T17:50:46+00:00\",\"dateModified\":\"2024-11-21T15:28:19+00:00\",\"breadcrumb\":{\"@id\":\"https:\/\/www.elementlogic.net\/cl\/soluciones-y-servicios\/diseno-y-consultoria\/#breadcrumb\"},\"inLanguage\":\"es-CL\",\"potentialAction\":[{\"@type\":\"ReadAction\",\"target\":[\"https:\/\/www.elementlogic.net\/cl\/soluciones-y-servicios\/diseno-y-consultoria\/\"]}]},{\"@type\":\"ImageObject\",\"inLanguage\":\"es-CL\",\"@id\":\"https:\/\/www.elementlogic.net\/cl\/soluciones-y-servicios\/diseno-y-consultoria\/#primaryimage\",\"url\":\"https:\/\/www.elementlogic.net\/content\/uploads\/sites\/12\/\/2024\/09\/fallback-design-1024x544.jpg\",\"contentUrl\":\"https:\/\/www.elementlogic.net\/content\/uploads\/sites\/12\/\/2024\/09\/fallback-design-1024x544.jpg\"},{\"@type\":\"BreadcrumbList\",\"@id\":\"https:\/\/www.elementlogic.net\/cl\/soluciones-y-servicios\/diseno-y-consultoria\/#breadcrumb\",\"itemListElement\":[{\"@type\":\"ListItem\",\"position\":1,\"name\":\"Soluciones y servicios\",\"item\":\"https:\/\/www.elementlogic.net\/cl\/soluciones-y-servicios\/\"},{\"@type\":\"ListItem\",\"position\":2,\"name\":\"Dise\u00f1o y Consultor\u00eda\"}]},{\"@type\":\"WebSite\",\"@id\":\"https:\/\/www.elementlogic.net\/cl\/#website\",\"url\":\"https:\/\/www.elementlogic.net\/cl\/\",\"name\":\"Element Logic Chile\",\"description\":\"\",\"potentialAction\":[{\"@type\":\"SearchAction\",\"target\":{\"@type\":\"EntryPoint\",\"urlTemplate\":\"https:\/\/www.elementlogic.net\/cl\/?s={search_term_string}\"},\"query-input\":{\"@type\":\"PropertyValueSpecification\",\"valueRequired\":true,\"valueName\":\"search_term_string\"}}],\"inLanguage\":\"es-CL\"}]}<\/script>\n<!-- \/ Yoast SEO Premium plugin. -->","yoast_head_json":{"title":"Dise\u00f1o y Consultor\u00eda - Element Logic Chile","robots":{"index":"index","follow":"follow","max-snippet":"max-snippet:-1","max-image-preview":"max-image-preview:large","max-video-preview":"max-video-preview:-1"},"canonical":"https:\/\/www.elementlogic.net\/cl\/soluciones-y-servicios\/diseno-y-consultoria\/","og_locale":"es_ES","og_type":"article","og_title":"Dise\u00f1o y Consultor\u00eda","og_description":"En Element Logic, sabemos que cada cliente es \u00fanico, al igual que las caracter\u00edsticas de su almac\u00e9n, sus operaciones, desaf\u00edos [&hellip;]","og_url":"https:\/\/www.elementlogic.net\/cl\/soluciones-y-servicios\/diseno-y-consultoria\/","og_site_name":"Element Logic Chile","article_modified_time":"2024-11-21T15:28:19+00:00","og_image":[{"url":"https:\/\/www.elementlogic.net\/content\/uploads\/sites\/12\/\/2024\/09\/fallback-design-1024x544.jpg"}],"twitter_card":"summary_large_image","twitter_misc":{"Tiempo estimado de lectura":"2 minutos"},"schema":{"@context":"https:\/\/schema.org","@graph":[{"@type":"WebPage","@id":"https:\/\/www.elementlogic.net\/cl\/soluciones-y-servicios\/diseno-y-consultoria\/","url":"https:\/\/www.elementlogic.net\/cl\/soluciones-y-servicios\/diseno-y-consultoria\/","name":"Dise\u00f1o y Consultor\u00eda - Element Logic Chile","isPartOf":{"@id":"https:\/\/www.elementlogic.net\/cl\/#website"},"primaryImageOfPage":{"@id":"https:\/\/www.elementlogic.net\/cl\/soluciones-y-servicios\/diseno-y-consultoria\/#primaryimage"},"image":{"@id":"https:\/\/www.elementlogic.net\/cl\/soluciones-y-servicios\/diseno-y-consultoria\/#primaryimage"},"thumbnailUrl":"https:\/\/www.elementlogic.net\/content\/uploads\/sites\/12\/\/2024\/09\/fallback-design-1024x544.jpg","datePublished":"2024-08-22T17:50:46+00:00","dateModified":"2024-11-21T15:28:19+00:00","breadcrumb":{"@id":"https:\/\/www.elementlogic.net\/cl\/soluciones-y-servicios\/diseno-y-consultoria\/#breadcrumb"},"inLanguage":"es-CL","potentialAction":[{"@type":"ReadAction","target":["https:\/\/www.elementlogic.net\/cl\/soluciones-y-servicios\/diseno-y-consultoria\/"]}]},{"@type":"ImageObject","inLanguage":"es-CL","@id":"https:\/\/www.elementlogic.net\/cl\/soluciones-y-servicios\/diseno-y-consultoria\/#primaryimage","url":"https:\/\/www.elementlogic.net\/content\/uploads\/sites\/12\/\/2024\/09\/fallback-design-1024x544.jpg","contentUrl":"https:\/\/www.elementlogic.net\/content\/uploads\/sites\/12\/\/2024\/09\/fallback-design-1024x544.jpg"},{"@type":"BreadcrumbList","@id":"https:\/\/www.elementlogic.net\/cl\/soluciones-y-servicios\/diseno-y-consultoria\/#breadcrumb","itemListElement":[{"@type":"ListItem","position":1,"name":"Soluciones y servicios","item":"https:\/\/www.elementlogic.net\/cl\/soluciones-y-servicios\/"},{"@type":"ListItem","position":2,"name":"Dise\u00f1o y Consultor\u00eda"}]},{"@type":"WebSite","@id":"https:\/\/www.elementlogic.net\/cl\/#website","url":"https:\/\/www.elementlogic.net\/cl\/","name":"Element Logic Chile","description":"","potentialAction":[{"@type":"SearchAction","target":{"@type":"EntryPoint","urlTemplate":"https:\/\/www.elementlogic.net\/cl\/?s={search_term_string}"},"query-input":{"@type":"PropertyValueSpecification","valueRequired":true,"valueName":"search_term_string"}}],"inLanguage":"es-CL"}]}},"_links":{"self":[{"href":"https:\/\/www.elementlogic.net\/cl\/wp-json\/wp\/v2\/pages\/2118"}],"collection":[{"href":"https:\/\/www.elementlogic.net\/cl\/wp-json\/wp\/v2\/pages"}],"about":[{"href":"https:\/\/www.elementlogic.net\/cl\/wp-json\/wp\/v2\/types\/page"}],"author":[{"embeddable":true,"href":"https:\/\/www.elementlogic.net\/cl\/wp-json\/wp\/v2\/users\/1"}],"replies":[{"embeddable":true,"href":"https:\/\/www.elementlogic.net\/cl\/wp-json\/wp\/v2\/comments?post=2118"}],"version-history":[{"count":2,"href":"https:\/\/www.elementlogic.net\/cl\/wp-json\/wp\/v2\/pages\/2118\/revisions"}],"predecessor-version":[{"id":3118,"href":"https:\/\/www.elementlogic.net\/cl\/wp-json\/wp\/v2\/pages\/2118\/revisions\/3118"}],"up":[{"embeddable":true,"href":"https:\/\/www.elementlogic.net\/cl\/wp-json\/wp\/v2\/pages\/1952"}],"wp:attachment":[{"href":"https:\/\/www.elementlogic.net\/cl\/wp-json\/wp\/v2\/media?parent=2118"}],"curies":[{"name":"wp","href":"https:\/\/api.w.org\/{rel}","templated":true}]}}