{"id":143,"date":"2024-09-09T21:55:19","date_gmt":"2024-09-09T19:55:19","guid":{"rendered":"https:\/\/www.elementlogic.net\/?page_id=2182"},"modified":"2025-11-27T12:20:40","modified_gmt":"2025-11-27T12:20:40","slug":"tri-nove-trendy-ktere-pomahaji-formovat-intralogistiku","status":"publish","type":"page","link":"https:\/\/www.elementlogic.net\/cz\/whitepaper\/tri-nove-trendy-ktere-pomahaji-formovat-intralogistiku\/","title":{"rendered":"T\u0159i nov\u00e9 trendy, kter\u00e9 pom\u00e1haj\u00ed formovat intralogistiku"},"content":{"rendered":"\n\t\t<div style=\"--dekode-hero-dim:0.5; --t2-icon-fill:var(--wp--preset--color--white);\" class=\"alignfull dekode-hero-content-position-center has-media-background wp-block-dekode-hero\">\n\t\t\t<img loading=\"lazy\" decoding=\"async\" width=\"1024\" height=\"429\" src=\"https:\/\/www.elementlogic.net\/content\/uploads\/sites\/19\/\/2024\/09\/Wallpaper-10-scaled-1024x429.jpg\" class=\"dekode-hero__image\" alt=\"\" style=\"--focalpoint: 32% 43%;\" srcset=\"https:\/\/www.elementlogic.net\/content\/uploads\/sites\/19\/2024\/09\/Wallpaper-10-scaled-1024x429.jpg 1024w, https:\/\/www.elementlogic.net\/content\/uploads\/sites\/19\/2024\/09\/Wallpaper-10-scaled-300x126.jpg 300w, https:\/\/www.elementlogic.net\/content\/uploads\/sites\/19\/2024\/09\/Wallpaper-10-scaled-768x322.jpg 768w, https:\/\/www.elementlogic.net\/content\/uploads\/sites\/19\/2024\/09\/Wallpaper-10-scaled-1536x643.jpg 1536w, https:\/\/www.elementlogic.net\/content\/uploads\/sites\/19\/2024\/09\/Wallpaper-10-scaled-2048x858.jpg 2048w\" sizes=\"(max-width: 1024px) 100vw, 1024px\" \/>\n\t\t\t<div class=\"dekode-hero__content\">\n\t\t\t\t<div class=\"dekode-hero__container\">\n\t\t\t\t\t\n\n<h1 class=\"wp-block-heading\" id=\"tri-nove-trendy-ktere-pomahaji-formovat-intralogistiku\">T\u0159i nov\u00e9 trendy, kter\u00e9 pom\u00e1haj\u00ed formovat intralogistiku<\/h1>\n\n\n\n<p>Zaj\u00edm\u00e1 v\u00e1s, jak se bude tato oblast vyv\u00edjet v nadch\u00e1zej\u00edc\u00edch letech? Po 35 letech optimalizace v\u00fdkonnosti sklad\u016f m\u00e1me bohat\u00e9 zku\u0161enosti a dok\u00e1\u017eeme rozli\u0161it, co je trval\u00fd trend a co je jen m\u00f3dn\u00ed v\u00fdst\u0159elek.<\/p>\n\n\n\t\t\t\t<\/div>\n\t\t\t<\/div>\n\t\t<\/div>\n\t\t\n\n\n<p>V uplynul\u00fdch dvou letech jsme byli sv\u011bdky obrovsk\u00e9ho r\u016fstu a zm\u011bn v oblasti intralogistiky. Krom\u011b nov\u00fdch technologi\u00ed a inovativn\u00ed distribuce k z\u00e1kazn\u00edk\u016f vid\u00edme, \u017ee se m\u011bn\u00ed i o\u010dek\u00e1v\u00e1n\u00ed z\u00e1kazn\u00edk\u016f. Cht\u011bj\u00ed a o\u010dek\u00e1vaj\u00ed rychlej\u0161\u00ed a spolehliv\u011bj\u0161\u00ed fulfillment, a to hned.<\/p>\n\n\n\n<p>Pro udr\u017een\u00ed konkurenceschopnosti je d\u016fle\u017eit\u00e9 porozum\u011bt nov\u00fdm trend\u016fm, kter\u00e9 utv\u00e1\u0159\u00ed obor.<\/p>\n\n\n\n<p>Pr\u00e1v\u011b z toho d\u016fvodu jsme napsali tento dokument. Zab\u00fdv\u00e1me se v n\u011bm t\u0159emi nejv\u00fdznamn\u011bj\u0161\u00edmi trendy v intralogistice a fulfillmentu. Jsme p\u0159esv\u011bd\u010deni, \u017ee tyto trendy budou hr\u00e1t z\u00e1sadn\u00ed roli v tom, jak se toto odv\u011btv\u00ed bude v p\u0159\u00ed\u0161t\u00edch letech vyv\u00edjet.<\/p>\n\n\n\n<h3 class=\"wp-block-heading\" id=\"v-tomto-informacnim-dokumentu-se-dozvite-vice-o-nasledujicich-trendech-v-intralogistice\"><strong>V tomto informa\u010dn\u00edm dokumentu se dozv\u00edte v\u00edce o n\u00e1sleduj\u00edc\u00edch trendech v intralogistice:<\/strong><\/h3>\n\n\n\n<ul class=\"wp-block-list\">\n<li>Prodej potravin p\u0159es internet a co z\u00e1kazn\u00edci o\u010dek\u00e1vaj\u00ed ohledn\u011b dodac\u00edch lh\u016ft a flexibility.<\/li>\n\n\n\n<li>Mikro fulfillment centra a nov\u00e9 zp\u016fsoby, kter\u00e9 pom\u00e1haj\u00ed zkr\u00e1tit dobu dod\u00e1n\u00ed.<\/li>\n\n\n\n<li>O tom, zda automatizace jako slu\u017eba neboli AaaS, bude \u0159e\u0161en\u00edm pro automatizaci sklad\u016f bez nutnosti vynakl\u00e1dat velk\u00e9 po\u010d\u00e1te\u010dn\u00ed investice.<\/li>\n<\/ul>\n\n\n\n<p>Tento informa\u010dn\u00ed dokument je k dispozici zdarma v \u010desk\u00e9m jazyce.<\/p>\n\n\n\n\t\t<div class=\"wp-block-dekode-dynamics-form\">\n\t\t\t<div class=\"embedded-form\">\n\t\t\t\t<div\n\t\t\t\t\tdata-form-id=\"151a1f58-6e2a-f011-8c4e-6045bdf51dec\"\n\t\t\t\t\tdata-form-api-url=\"https:\/\/public-eur.mkt.dynamics.com\/api\/v1.0\/orgs\/0d653081-4a98-4454-9ade-26f2fbe674ee\/landingpageforms\"\n\t\t\t\t\tdata-cached-form-url=\"https:\/\/assets-eur.mkt.dynamics.com\/0d653081-4a98-4454-9ade-26f2fbe674ee\/digitalassets\/forms\/151a1f58-6e2a-f011-8c4e-6045bdf51dec\"\n\t\t\t\t><\/div>\n\t\t\t<\/div>\n\t\t<\/div>","protected":false},"excerpt":{"rendered":"<p>V uplynul\u00fdch dvou letech jsme byli sv\u011bdky obrovsk\u00e9ho r\u016fstu a zm\u011bn v oblasti intralogistiky. Krom\u011b nov\u00fdch technologi\u00ed a inovativn\u00ed distribuce [&hellip;]<\/p>\n","protected":false},"author":3,"featured_media":0,"parent":155,"menu_order":0,"comment_status":"closed","ping_status":"closed","template":"","meta":{"hreflang_relation":2182,"_el_cross_publish_source_blog_url":"","_el_cross_publish_source_blog_id":0,"_el_cross_publish_source_post_id":0,"_el_cross_publish_sync_state":"","exclude_from_search":false,"footnotes":""},"class_list":["post-143","page","type-page","status-publish","hentry"],"yoast_head":"<!-- This site is optimized with the Yoast SEO Premium plugin v23.9 (Yoast SEO v23.9) - https:\/\/yoast.com\/wordpress\/plugins\/seo\/ -->\n<title>T\u0159i nov\u00e9 trendy, kter\u00e9 pom\u00e1haj\u00ed formovat intralogistiku - Element Logic Czech Republic<\/title>\n<meta name=\"description\" content=\"Zaj\u00edm\u00e1 v\u00e1s, jak se bude tato oblast intralogistiky vyv\u00edjet v nadch\u00e1zej\u00edc\u00edch letech? V\u00edme, co je trval\u00fd trend a co je jen m\u00f3dn\u00ed v\u00fdst\u0159elek!\" \/>\n<meta name=\"robots\" content=\"index, follow, max-snippet:-1, max-image-preview:large, max-video-preview:-1\" \/>\n<link rel=\"canonical\" href=\"https:\/\/www.elementlogic.net\/cz\/whitepaper\/tri-nove-trendy-ktere-pomahaji-formovat-intralogistiku\/\" \/>\n<meta property=\"og:locale\" content=\"cs_CZ\" \/>\n<meta property=\"og:type\" content=\"article\" \/>\n<meta property=\"og:title\" content=\"T\u0159i nov\u00e9 trendy, kter\u00e9 pom\u00e1haj\u00ed formovat intralogistiku\" \/>\n<meta property=\"og:description\" content=\"Zaj\u00edm\u00e1 v\u00e1s, jak se bude tato oblast intralogistiky vyv\u00edjet v nadch\u00e1zej\u00edc\u00edch letech? V\u00edme, co je trval\u00fd trend a co je jen m\u00f3dn\u00ed v\u00fdst\u0159elek!\" \/>\n<meta property=\"og:url\" content=\"https:\/\/www.elementlogic.net\/cz\/whitepaper\/tri-nove-trendy-ktere-pomahaji-formovat-intralogistiku\/\" \/>\n<meta property=\"og:site_name\" content=\"Element Logic Czech Republic\" \/>\n<meta property=\"article:modified_time\" content=\"2025-11-27T12:20:40+00:00\" \/>\n<meta name=\"twitter:card\" content=\"summary_large_image\" \/>\n<meta name=\"twitter:label1\" content=\"Odhadovan\u00e1 doba \u010dten\u00ed\" \/>\n\t<meta name=\"twitter:data1\" content=\"2 minuty\" \/>\n<script type=\"application\/ld+json\" class=\"yoast-schema-graph\">{\"@context\":\"https:\/\/schema.org\",\"@graph\":[{\"@type\":\"WebPage\",\"@id\":\"https:\/\/www.elementlogic.net\/cz\/whitepaper\/tri-nove-trendy-ktere-pomahaji-formovat-intralogistiku\/\",\"url\":\"https:\/\/www.elementlogic.net\/cz\/whitepaper\/tri-nove-trendy-ktere-pomahaji-formovat-intralogistiku\/\",\"name\":\"T\u0159i nov\u00e9 trendy, kter\u00e9 pom\u00e1haj\u00ed formovat intralogistiku - Element Logic Czech Republic\",\"isPartOf\":{\"@id\":\"https:\/\/www.elementlogic.net\/cz\/#website\"},\"datePublished\":\"2024-09-09T19:55:19+00:00\",\"dateModified\":\"2025-11-27T12:20:40+00:00\",\"description\":\"Zaj\u00edm\u00e1 v\u00e1s, jak se bude tato oblast intralogistiky vyv\u00edjet v nadch\u00e1zej\u00edc\u00edch letech? V\u00edme, co je trval\u00fd trend a co je jen m\u00f3dn\u00ed v\u00fdst\u0159elek!\",\"breadcrumb\":{\"@id\":\"https:\/\/www.elementlogic.net\/cz\/whitepaper\/tri-nove-trendy-ktere-pomahaji-formovat-intralogistiku\/#breadcrumb\"},\"inLanguage\":\"cs\",\"potentialAction\":[{\"@type\":\"ReadAction\",\"target\":[\"https:\/\/www.elementlogic.net\/cz\/whitepaper\/tri-nove-trendy-ktere-pomahaji-formovat-intralogistiku\/\"]}]},{\"@type\":\"BreadcrumbList\",\"@id\":\"https:\/\/www.elementlogic.net\/cz\/whitepaper\/tri-nove-trendy-ktere-pomahaji-formovat-intralogistiku\/#breadcrumb\",\"itemListElement\":[{\"@type\":\"ListItem\",\"position\":1,\"name\":\"Whitepapery\",\"item\":\"https:\/\/www.elementlogic.net\/cz\/whitepaper\/\"},{\"@type\":\"ListItem\",\"position\":2,\"name\":\"T\u0159i nov\u00e9 trendy, kter\u00e9 pom\u00e1haj\u00ed formovat intralogistiku\"}]},{\"@type\":\"WebSite\",\"@id\":\"https:\/\/www.elementlogic.net\/cz\/#website\",\"url\":\"https:\/\/www.elementlogic.net\/cz\/\",\"name\":\"Element Logic Czech Republic\",\"description\":\"\",\"potentialAction\":[{\"@type\":\"SearchAction\",\"target\":{\"@type\":\"EntryPoint\",\"urlTemplate\":\"https:\/\/www.elementlogic.net\/cz\/?s={search_term_string}\"},\"query-input\":{\"@type\":\"PropertyValueSpecification\",\"valueRequired\":true,\"valueName\":\"search_term_string\"}}],\"inLanguage\":\"cs\"}]}<\/script>\n<!-- \/ Yoast SEO Premium plugin. -->","yoast_head_json":{"title":"T\u0159i nov\u00e9 trendy, kter\u00e9 pom\u00e1haj\u00ed formovat intralogistiku - Element Logic Czech Republic","description":"Zaj\u00edm\u00e1 v\u00e1s, jak se bude tato oblast intralogistiky vyv\u00edjet v nadch\u00e1zej\u00edc\u00edch letech? V\u00edme, co je trval\u00fd trend a co je jen m\u00f3dn\u00ed v\u00fdst\u0159elek!","robots":{"index":"index","follow":"follow","max-snippet":"max-snippet:-1","max-image-preview":"max-image-preview:large","max-video-preview":"max-video-preview:-1"},"canonical":"https:\/\/www.elementlogic.net\/cz\/whitepaper\/tri-nove-trendy-ktere-pomahaji-formovat-intralogistiku\/","og_locale":"cs_CZ","og_type":"article","og_title":"T\u0159i nov\u00e9 trendy, kter\u00e9 pom\u00e1haj\u00ed formovat intralogistiku","og_description":"Zaj\u00edm\u00e1 v\u00e1s, jak se bude tato oblast intralogistiky vyv\u00edjet v nadch\u00e1zej\u00edc\u00edch letech? V\u00edme, co je trval\u00fd trend a co je jen m\u00f3dn\u00ed v\u00fdst\u0159elek!","og_url":"https:\/\/www.elementlogic.net\/cz\/whitepaper\/tri-nove-trendy-ktere-pomahaji-formovat-intralogistiku\/","og_site_name":"Element Logic Czech Republic","article_modified_time":"2025-11-27T12:20:40+00:00","twitter_card":"summary_large_image","twitter_misc":{"Odhadovan\u00e1 doba \u010dten\u00ed":"2 minuty"},"schema":{"@context":"https:\/\/schema.org","@graph":[{"@type":"WebPage","@id":"https:\/\/www.elementlogic.net\/cz\/whitepaper\/tri-nove-trendy-ktere-pomahaji-formovat-intralogistiku\/","url":"https:\/\/www.elementlogic.net\/cz\/whitepaper\/tri-nove-trendy-ktere-pomahaji-formovat-intralogistiku\/","name":"T\u0159i nov\u00e9 trendy, kter\u00e9 pom\u00e1haj\u00ed formovat intralogistiku - Element Logic Czech Republic","isPartOf":{"@id":"https:\/\/www.elementlogic.net\/cz\/#website"},"datePublished":"2024-09-09T19:55:19+00:00","dateModified":"2025-11-27T12:20:40+00:00","description":"Zaj\u00edm\u00e1 v\u00e1s, jak se bude tato oblast intralogistiky vyv\u00edjet v nadch\u00e1zej\u00edc\u00edch letech? V\u00edme, co je trval\u00fd trend a co je jen m\u00f3dn\u00ed v\u00fdst\u0159elek!","breadcrumb":{"@id":"https:\/\/www.elementlogic.net\/cz\/whitepaper\/tri-nove-trendy-ktere-pomahaji-formovat-intralogistiku\/#breadcrumb"},"inLanguage":"cs","potentialAction":[{"@type":"ReadAction","target":["https:\/\/www.elementlogic.net\/cz\/whitepaper\/tri-nove-trendy-ktere-pomahaji-formovat-intralogistiku\/"]}]},{"@type":"BreadcrumbList","@id":"https:\/\/www.elementlogic.net\/cz\/whitepaper\/tri-nove-trendy-ktere-pomahaji-formovat-intralogistiku\/#breadcrumb","itemListElement":[{"@type":"ListItem","position":1,"name":"Whitepapery","item":"https:\/\/www.elementlogic.net\/cz\/whitepaper\/"},{"@type":"ListItem","position":2,"name":"T\u0159i nov\u00e9 trendy, kter\u00e9 pom\u00e1haj\u00ed formovat intralogistiku"}]},{"@type":"WebSite","@id":"https:\/\/www.elementlogic.net\/cz\/#website","url":"https:\/\/www.elementlogic.net\/cz\/","name":"Element Logic Czech Republic","description":"","potentialAction":[{"@type":"SearchAction","target":{"@type":"EntryPoint","urlTemplate":"https:\/\/www.elementlogic.net\/cz\/?s={search_term_string}"},"query-input":{"@type":"PropertyValueSpecification","valueRequired":true,"valueName":"search_term_string"}}],"inLanguage":"cs"}]}},"_links":{"self":[{"href":"https:\/\/www.elementlogic.net\/cz\/wp-json\/wp\/v2\/pages\/143"}],"collection":[{"href":"https:\/\/www.elementlogic.net\/cz\/wp-json\/wp\/v2\/pages"}],"about":[{"href":"https:\/\/www.elementlogic.net\/cz\/wp-json\/wp\/v2\/types\/page"}],"author":[{"embeddable":true,"href":"https:\/\/www.elementlogic.net\/cz\/wp-json\/wp\/v2\/users\/3"}],"replies":[{"embeddable":true,"href":"https:\/\/www.elementlogic.net\/cz\/wp-json\/wp\/v2\/comments?post=143"}],"version-history":[{"count":5,"href":"https:\/\/www.elementlogic.net\/cz\/wp-json\/wp\/v2\/pages\/143\/revisions"}],"predecessor-version":[{"id":2337,"href":"https:\/\/www.elementlogic.net\/cz\/wp-json\/wp\/v2\/pages\/143\/revisions\/2337"}],"up":[{"embeddable":true,"href":"https:\/\/www.elementlogic.net\/cz\/wp-json\/wp\/v2\/pages\/155"}],"wp:attachment":[{"href":"https:\/\/www.elementlogic.net\/cz\/wp-json\/wp\/v2\/media?parent=143"}],"curies":[{"name":"wp","href":"https:\/\/api.w.org\/{rel}","templated":true}]}}