{"id":146,"date":"2024-09-09T21:50:17","date_gmt":"2024-09-09T19:50:17","guid":{"rendered":"https:\/\/www.elementlogic.net\/?page_id=2178"},"modified":"2025-11-27T12:19:49","modified_gmt":"2025-11-27T12:19:49","slug":"spocitejte-navratnost-vasi-investice-do-automatizace-skladu-s-element-logic","status":"publish","type":"page","link":"https:\/\/www.elementlogic.net\/cz\/whitepaper\/spocitejte-navratnost-vasi-investice-do-automatizace-skladu-s-element-logic\/","title":{"rendered":"Spo\u010d\u00edtejte n\u00e1vratnost Va\u0161\u00ed investice do automatizace skladu s Element Logic"},"content":{"rendered":"\n\t\t<div style=\"--dekode-hero-dim:0.5; --t2-icon-fill:var(--wp--preset--color--white);\" class=\"alignfull dekode-hero-content-position-center has-media-background wp-block-dekode-hero has-text-color has-white-color\">\n\t\t\t<img loading=\"lazy\" decoding=\"async\" width=\"1024\" height=\"683\" src=\"https:\/\/www.elementlogic.net\/content\/uploads\/sites\/19\/\/2024\/09\/Element-Logic-cooperation-28168118-1024x683.jpg\" class=\"dekode-hero__image\" alt=\"\" style=\"--focalpoint: 47% 36%;\" srcset=\"https:\/\/www.elementlogic.net\/content\/uploads\/sites\/19\/2024\/09\/Element-Logic-cooperation-28168118-1024x683.jpg 1024w, https:\/\/www.elementlogic.net\/content\/uploads\/sites\/19\/2024\/09\/Element-Logic-cooperation-28168118-300x200.jpg 300w, https:\/\/www.elementlogic.net\/content\/uploads\/sites\/19\/2024\/09\/Element-Logic-cooperation-28168118-768x512.jpg 768w, https:\/\/www.elementlogic.net\/content\/uploads\/sites\/19\/2024\/09\/Element-Logic-cooperation-28168118.jpg 1080w\" sizes=\"(max-width: 1024px) 100vw, 1024px\" \/>\n\t\t\t<div class=\"dekode-hero__content\">\n\t\t\t\t<div class=\"dekode-hero__container\">\n\t\t\t\t\t\n\n<h1 class=\"wp-block-heading\" id=\"spocitejte-navratnost-vasi-investice-do-automatizace-skladu-s-element-logic\">Spo\u010d\u00edtejte n\u00e1vratnost Va\u0161\u00ed investice do automatizace skladu s Element Logic<\/h1>\n\n\n\n<p>Automatizace skladov\u00e9ho \u0159e\u0161en\u00ed p\u0159in\u00e1\u0161\u00ed mnoho v\u00fdhod. \u00dasporu m\u00edsta, spokojen\u011bj\u0161\u00ed z\u00e1kazn\u00edky a p\u0159\u00edjemn\u011bj\u0161\u00ed pracovi\u0161t\u011b pro zam\u011bstnance. Jak\u00fd je ale jej\u00ed finan\u010dn\u00ed p\u0159\u00ednos?<\/p>\n\n\n\t\t\t\t<\/div>\n\t\t\t<\/div>\n\t\t<\/div>\n\t\t\n\n\n<p>N\u00e1\u0161 t\u00fdm odborn\u00edk\u016f V\u00e1m pom\u016f\u017ee s v\u00fdpo\u010dtem n\u00e1vratnosti investice. V tomto informa\u010dn\u00edm dokumentu se s V\u00e1mi pod\u011bl\u00edme o na\u0161e znalosti a zku\u0161enosti s finan\u010dn\u00edm oce\u0148ov\u00e1n\u00edm p\u0159\u00ednos\u016f automatizace z kr\u00e1tkodob\u00e9ho i dlouhodob\u00e9ho hlediska.<\/p>\n\n\n\n<p>N\u011bkter\u00e9 p\u0159\u00ednosy se daj\u00ed snadno vy\u010d\u00edslit, zat\u00edmco jin\u00e9 nelze tak jednozna\u010dn\u011b ohodnotit.<\/p>\n\n\n\n<p>Chcete se dozv\u011bd\u011bt, jak doc\u00edlit n\u00e1vratnosti prost\u0159edk\u016f investovan\u00fdch do automatizace, kter\u00e1 V\u00e1s podpo\u0159\u00ed na cest\u011b k r\u016fstu?<\/p>\n\n\n\n<h3 class=\"wp-block-heading\" id=\"stahnete-si-nas-informacni-dokument-kde-se-mimo-jine-dozvite\"><strong><strong>St\u00e1hn\u011bte si n\u00e1\u0161 informa\u010dn\u00ed dokument, kde se mimo jin\u00e9 dozv\u00edte:<\/strong><\/strong><\/h3>\n\n\n\n<ul class=\"wp-block-list\">\n<li>Jak\u00fdm zp\u016fsobem Element Logic prov\u00e1d\u00ed kalkulaci a anal\u00fdzu ROI<\/li>\n\n\n\n<li>Jak\u00e9 jsou finan\u010dn\u00ed p\u0159\u00ednosy plynouc\u00ed z automatick\u00e9ho syst\u00e9mu skladov\u00e1n\u00ed<\/li>\n\n\n\n<li>Jak\u00e1 \u010d\u00edsla a hodnoty maj\u00ed vliv na Va\u0161i n\u00e1vratnost investice<\/li>\n\n\n\n<li>Jak\u00e1 je pr\u016fm\u011brn\u00e1 hodnota ROI p\u0159i automatizaci dodan\u00e9 od Element Logic<\/li>\n\n\n\n<li>Jak\u00e9 rekordn\u00ed hodnoty ROI se poda\u0159ilo doc\u00edlit ned\u00e1vn\u00e9mu klientovi Element Logic<\/li>\n<\/ul>\n\n\n\n<p>Informa\u010dn\u00ed dokument je zdarma a je k dispozici v&nbsp;\u010de\u0161tin\u011b.<\/p>\n\n\n\n\t\t<div class=\"wp-block-dekode-dynamics-form\">\n\t\t\t<div class=\"embedded-form\">\n\t\t\t\t<div\n\t\t\t\t\tdata-form-id=\"151a1f58-6e2a-f011-8c4e-6045bdf51dec\"\n\t\t\t\t\tdata-form-api-url=\"https:\/\/public-eur.mkt.dynamics.com\/api\/v1.0\/orgs\/0d653081-4a98-4454-9ade-26f2fbe674ee\/landingpageforms\"\n\t\t\t\t\tdata-cached-form-url=\"https:\/\/assets-eur.mkt.dynamics.com\/0d653081-4a98-4454-9ade-26f2fbe674ee\/digitalassets\/forms\/151a1f58-6e2a-f011-8c4e-6045bdf51dec\"\n\t\t\t\t><\/div>\n\t\t\t<\/div>\n\t\t<\/div>","protected":false},"excerpt":{"rendered":"<p>N\u00e1\u0161 t\u00fdm odborn\u00edk\u016f V\u00e1m pom\u016f\u017ee s v\u00fdpo\u010dtem n\u00e1vratnosti investice. V tomto informa\u010dn\u00edm dokumentu se s V\u00e1mi pod\u011bl\u00edme o na\u0161e znalosti [&hellip;]<\/p>\n","protected":false},"author":3,"featured_media":0,"parent":155,"menu_order":0,"comment_status":"closed","ping_status":"closed","template":"","meta":{"hreflang_relation":2178,"_el_cross_publish_source_blog_url":"","_el_cross_publish_source_blog_id":0,"_el_cross_publish_source_post_id":0,"_el_cross_publish_sync_state":"","exclude_from_search":false,"footnotes":""},"class_list":["post-146","page","type-page","status-publish","hentry"],"yoast_head":"<!-- This site is optimized with the Yoast SEO Premium plugin v23.9 (Yoast SEO v23.9) - https:\/\/yoast.com\/wordpress\/plugins\/seo\/ -->\n<title>Spo\u010d\u00edtejte n\u00e1vratnost Va\u0161\u00ed investice do automatizace skladu s Element Logic - Element Logic Czech Republic<\/title>\n<meta name=\"description\" content=\"Automatizace skladov\u00e9ho \u0159e\u0161en\u00ed p\u0159in\u00e1\u0161\u00ed mnoho v\u00fdhod jako je \u00fasporu m\u00edsta, spokojen\u011bj\u0161\u00ed z\u00e1kazn\u00edci a dal\u0161\u00ed. Jak\u00e1 je ale n\u00e1vratnost investice?\" \/>\n<meta name=\"robots\" content=\"index, follow, max-snippet:-1, max-image-preview:large, max-video-preview:-1\" \/>\n<link rel=\"canonical\" href=\"https:\/\/www.elementlogic.net\/cz\/whitepaper\/spocitejte-navratnost-vasi-investice-do-automatizace-skladu-s-element-logic\/\" \/>\n<meta property=\"og:locale\" content=\"cs_CZ\" \/>\n<meta property=\"og:type\" content=\"article\" \/>\n<meta property=\"og:title\" content=\"Spo\u010d\u00edtejte n\u00e1vratnost Va\u0161\u00ed investice do automatizace skladu s Element Logic\" \/>\n<meta property=\"og:description\" content=\"Automatizace skladov\u00e9ho \u0159e\u0161en\u00ed p\u0159in\u00e1\u0161\u00ed mnoho v\u00fdhod jako je \u00fasporu m\u00edsta, spokojen\u011bj\u0161\u00ed z\u00e1kazn\u00edci a dal\u0161\u00ed. Jak\u00e1 je ale n\u00e1vratnost investice?\" \/>\n<meta property=\"og:url\" content=\"https:\/\/www.elementlogic.net\/cz\/whitepaper\/spocitejte-navratnost-vasi-investice-do-automatizace-skladu-s-element-logic\/\" \/>\n<meta property=\"og:site_name\" content=\"Element Logic Czech Republic\" \/>\n<meta property=\"article:modified_time\" content=\"2025-11-27T12:19:49+00:00\" \/>\n<meta name=\"twitter:card\" content=\"summary_large_image\" \/>\n<script type=\"application\/ld+json\" class=\"yoast-schema-graph\">{\"@context\":\"https:\/\/schema.org\",\"@graph\":[{\"@type\":\"WebPage\",\"@id\":\"https:\/\/www.elementlogic.net\/cz\/whitepaper\/spocitejte-navratnost-vasi-investice-do-automatizace-skladu-s-element-logic\/\",\"url\":\"https:\/\/www.elementlogic.net\/cz\/whitepaper\/spocitejte-navratnost-vasi-investice-do-automatizace-skladu-s-element-logic\/\",\"name\":\"Spo\u010d\u00edtejte n\u00e1vratnost Va\u0161\u00ed investice do automatizace skladu s Element Logic - Element Logic Czech Republic\",\"isPartOf\":{\"@id\":\"https:\/\/www.elementlogic.net\/cz\/#website\"},\"datePublished\":\"2024-09-09T19:50:17+00:00\",\"dateModified\":\"2025-11-27T12:19:49+00:00\",\"description\":\"Automatizace skladov\u00e9ho \u0159e\u0161en\u00ed p\u0159in\u00e1\u0161\u00ed mnoho v\u00fdhod jako je \u00fasporu m\u00edsta, spokojen\u011bj\u0161\u00ed z\u00e1kazn\u00edci a dal\u0161\u00ed. Jak\u00e1 je ale n\u00e1vratnost investice?\",\"breadcrumb\":{\"@id\":\"https:\/\/www.elementlogic.net\/cz\/whitepaper\/spocitejte-navratnost-vasi-investice-do-automatizace-skladu-s-element-logic\/#breadcrumb\"},\"inLanguage\":\"cs\",\"potentialAction\":[{\"@type\":\"ReadAction\",\"target\":[\"https:\/\/www.elementlogic.net\/cz\/whitepaper\/spocitejte-navratnost-vasi-investice-do-automatizace-skladu-s-element-logic\/\"]}]},{\"@type\":\"BreadcrumbList\",\"@id\":\"https:\/\/www.elementlogic.net\/cz\/whitepaper\/spocitejte-navratnost-vasi-investice-do-automatizace-skladu-s-element-logic\/#breadcrumb\",\"itemListElement\":[{\"@type\":\"ListItem\",\"position\":1,\"name\":\"Whitepapery\",\"item\":\"https:\/\/www.elementlogic.net\/cz\/whitepaper\/\"},{\"@type\":\"ListItem\",\"position\":2,\"name\":\"Spo\u010d\u00edtejte n\u00e1vratnost Va\u0161\u00ed investice do automatizace skladu s Element Logic\"}]},{\"@type\":\"WebSite\",\"@id\":\"https:\/\/www.elementlogic.net\/cz\/#website\",\"url\":\"https:\/\/www.elementlogic.net\/cz\/\",\"name\":\"Element Logic Czech Republic\",\"description\":\"\",\"potentialAction\":[{\"@type\":\"SearchAction\",\"target\":{\"@type\":\"EntryPoint\",\"urlTemplate\":\"https:\/\/www.elementlogic.net\/cz\/?s={search_term_string}\"},\"query-input\":{\"@type\":\"PropertyValueSpecification\",\"valueRequired\":true,\"valueName\":\"search_term_string\"}}],\"inLanguage\":\"cs\"}]}<\/script>\n<!-- \/ Yoast SEO Premium plugin. -->","yoast_head_json":{"title":"Spo\u010d\u00edtejte n\u00e1vratnost Va\u0161\u00ed investice do automatizace skladu s Element Logic - Element Logic Czech Republic","description":"Automatizace skladov\u00e9ho \u0159e\u0161en\u00ed p\u0159in\u00e1\u0161\u00ed mnoho v\u00fdhod jako je \u00fasporu m\u00edsta, spokojen\u011bj\u0161\u00ed z\u00e1kazn\u00edci a dal\u0161\u00ed. Jak\u00e1 je ale n\u00e1vratnost investice?","robots":{"index":"index","follow":"follow","max-snippet":"max-snippet:-1","max-image-preview":"max-image-preview:large","max-video-preview":"max-video-preview:-1"},"canonical":"https:\/\/www.elementlogic.net\/cz\/whitepaper\/spocitejte-navratnost-vasi-investice-do-automatizace-skladu-s-element-logic\/","og_locale":"cs_CZ","og_type":"article","og_title":"Spo\u010d\u00edtejte n\u00e1vratnost Va\u0161\u00ed investice do automatizace skladu s Element Logic","og_description":"Automatizace skladov\u00e9ho \u0159e\u0161en\u00ed p\u0159in\u00e1\u0161\u00ed mnoho v\u00fdhod jako je \u00fasporu m\u00edsta, spokojen\u011bj\u0161\u00ed z\u00e1kazn\u00edci a dal\u0161\u00ed. Jak\u00e1 je ale n\u00e1vratnost investice?","og_url":"https:\/\/www.elementlogic.net\/cz\/whitepaper\/spocitejte-navratnost-vasi-investice-do-automatizace-skladu-s-element-logic\/","og_site_name":"Element Logic Czech Republic","article_modified_time":"2025-11-27T12:19:49+00:00","twitter_card":"summary_large_image","schema":{"@context":"https:\/\/schema.org","@graph":[{"@type":"WebPage","@id":"https:\/\/www.elementlogic.net\/cz\/whitepaper\/spocitejte-navratnost-vasi-investice-do-automatizace-skladu-s-element-logic\/","url":"https:\/\/www.elementlogic.net\/cz\/whitepaper\/spocitejte-navratnost-vasi-investice-do-automatizace-skladu-s-element-logic\/","name":"Spo\u010d\u00edtejte n\u00e1vratnost Va\u0161\u00ed investice do automatizace skladu s Element Logic - Element Logic Czech Republic","isPartOf":{"@id":"https:\/\/www.elementlogic.net\/cz\/#website"},"datePublished":"2024-09-09T19:50:17+00:00","dateModified":"2025-11-27T12:19:49+00:00","description":"Automatizace skladov\u00e9ho \u0159e\u0161en\u00ed p\u0159in\u00e1\u0161\u00ed mnoho v\u00fdhod jako je \u00fasporu m\u00edsta, spokojen\u011bj\u0161\u00ed z\u00e1kazn\u00edci a dal\u0161\u00ed. Jak\u00e1 je ale n\u00e1vratnost investice?","breadcrumb":{"@id":"https:\/\/www.elementlogic.net\/cz\/whitepaper\/spocitejte-navratnost-vasi-investice-do-automatizace-skladu-s-element-logic\/#breadcrumb"},"inLanguage":"cs","potentialAction":[{"@type":"ReadAction","target":["https:\/\/www.elementlogic.net\/cz\/whitepaper\/spocitejte-navratnost-vasi-investice-do-automatizace-skladu-s-element-logic\/"]}]},{"@type":"BreadcrumbList","@id":"https:\/\/www.elementlogic.net\/cz\/whitepaper\/spocitejte-navratnost-vasi-investice-do-automatizace-skladu-s-element-logic\/#breadcrumb","itemListElement":[{"@type":"ListItem","position":1,"name":"Whitepapery","item":"https:\/\/www.elementlogic.net\/cz\/whitepaper\/"},{"@type":"ListItem","position":2,"name":"Spo\u010d\u00edtejte n\u00e1vratnost Va\u0161\u00ed investice do automatizace skladu s Element Logic"}]},{"@type":"WebSite","@id":"https:\/\/www.elementlogic.net\/cz\/#website","url":"https:\/\/www.elementlogic.net\/cz\/","name":"Element Logic Czech Republic","description":"","potentialAction":[{"@type":"SearchAction","target":{"@type":"EntryPoint","urlTemplate":"https:\/\/www.elementlogic.net\/cz\/?s={search_term_string}"},"query-input":{"@type":"PropertyValueSpecification","valueRequired":true,"valueName":"search_term_string"}}],"inLanguage":"cs"}]}},"_links":{"self":[{"href":"https:\/\/www.elementlogic.net\/cz\/wp-json\/wp\/v2\/pages\/146"}],"collection":[{"href":"https:\/\/www.elementlogic.net\/cz\/wp-json\/wp\/v2\/pages"}],"about":[{"href":"https:\/\/www.elementlogic.net\/cz\/wp-json\/wp\/v2\/types\/page"}],"author":[{"embeddable":true,"href":"https:\/\/www.elementlogic.net\/cz\/wp-json\/wp\/v2\/users\/3"}],"replies":[{"embeddable":true,"href":"https:\/\/www.elementlogic.net\/cz\/wp-json\/wp\/v2\/comments?post=146"}],"version-history":[{"count":5,"href":"https:\/\/www.elementlogic.net\/cz\/wp-json\/wp\/v2\/pages\/146\/revisions"}],"predecessor-version":[{"id":2336,"href":"https:\/\/www.elementlogic.net\/cz\/wp-json\/wp\/v2\/pages\/146\/revisions\/2336"}],"up":[{"embeddable":true,"href":"https:\/\/www.elementlogic.net\/cz\/wp-json\/wp\/v2\/pages\/155"}],"wp:attachment":[{"href":"https:\/\/www.elementlogic.net\/cz\/wp-json\/wp\/v2\/media?parent=146"}],"curies":[{"name":"wp","href":"https:\/\/api.w.org\/{rel}","templated":true}]}}