{"id":148,"date":"2024-09-09T21:46:16","date_gmt":"2024-09-09T19:46:16","guid":{"rendered":"https:\/\/www.elementlogic.net\/?page_id=2173"},"modified":"2025-11-27T12:19:18","modified_gmt":"2025-11-27T12:19:18","slug":"vyuziti-dat-dalsi-uroven-automatizace-skladu","status":"publish","type":"page","link":"https:\/\/www.elementlogic.net\/cz\/whitepaper\/vyuziti-dat-dalsi-uroven-automatizace-skladu\/","title":{"rendered":"Vyu\u017eit\u00ed dat: Dal\u0161\u00ed \u00farove\u0148 automatizace skladu"},"content":{"rendered":"\n\t\t<div style=\"--dekode-hero-dim:0.5; --t2-icon-fill:var(--wp--preset--color--white);\" class=\"alignfull dekode-hero-content-position-center has-media-background wp-block-dekode-hero\">\n\t\t\t<img loading=\"lazy\" decoding=\"async\" width=\"1024\" height=\"683\" src=\"https:\/\/www.elementlogic.net\/content\/uploads\/sites\/19\/\/2024\/09\/EL_eLogiq_-2-1024x683-1.jpg\" class=\"dekode-hero__image\" alt=\"\" style=\"--focalpoint: 49% 28%;\" srcset=\"https:\/\/www.elementlogic.net\/content\/uploads\/sites\/19\/2024\/09\/EL_eLogiq_-2-1024x683-1.jpg 1024w, https:\/\/www.elementlogic.net\/content\/uploads\/sites\/19\/2024\/09\/EL_eLogiq_-2-1024x683-1-300x200.jpg 300w, https:\/\/www.elementlogic.net\/content\/uploads\/sites\/19\/2024\/09\/EL_eLogiq_-2-1024x683-1-768x512.jpg 768w\" sizes=\"(max-width: 1024px) 100vw, 1024px\" \/>\n\t\t\t<div class=\"dekode-hero__content\">\n\t\t\t\t<div class=\"dekode-hero__container\">\n\t\t\t\t\t\n\n<h1 class=\"wp-block-heading\" id=\"vyuziti-dat-dalsi-uroven-automatizace-skladu\">Vyu\u017eit\u00ed dat: Dal\u0161\u00ed \u00farove\u0148 automatizace skladu<\/h1>\n\n\n\n<p>Chcete-li prosperovat a b\u00fdt konkurenceschopn\u00ed, mus\u00edte m\u00edt schopnost p\u0159edv\u00eddat nov\u00e9 situace a okam\u017eit\u011b na n\u011b reagovat. Toho dos\u00e1hnete, kdy\u017e za\u010dnete vyu\u017e\u00edvat data ukryt\u00e1 ve va\u0161em skladu.<\/p>\n\n\n\t\t\t\t<\/div>\n\t\t\t<\/div>\n\t\t<\/div>\n\t\t\n\n\n<p>Data skryt\u00e1 v provozu skladu v\u00e1m mohou poskytnout u\u017eite\u010dn\u00e9 informace t\u00fdkaj\u00edc\u00ed se pl\u00e1nov\u00e1n\u00ed kapacit, prediktivn\u00ed \u00fadr\u017eby, pl\u00e1nov\u00e1n\u00ed dopravy a udr\u017eov\u00e1n\u00ed motivace zam\u011bstnanc\u016f.<\/p>\n\n\n\n<p>\u201eData jsou skryt\u00fdm zlatem ve skladech po cel\u00e9m sv\u011bt\u011b. Je na\u010dase je vyu\u017e\u00edt,\u201c tvrd\u00ed Sutharshan Nadarajah, technologick\u00fd \u0159editel spole\u010dnosti Element Logic.<\/p>\n\n\n\n<p>V&nbsp;tomto dokumentu Nadarajah vysv\u011btluje, jak je budoucnost intralogistiky prov\u00e1z\u00e1na s datov\u00fdmi \u0159e\u0161en\u00edmi a jak udr\u017eet krok s p\u0159ich\u00e1zej\u00edc\u00edmi zm\u011bnami.<\/p>\n\n\n\n<h3 class=\"wp-block-heading\" id=\"pri-cteni-se-dozvite-nasledujici-informace\"><strong><strong>P\u0159i \u010dten\u00ed se dozv\u00edte n\u00e1sleduj\u00edc\u00ed informace:<\/strong><\/strong><\/h3>\n\n\n\n<ul class=\"wp-block-list\">\n<li>Jak vypad\u00e1 budoucnost intralogistiky zalo\u017een\u00e1 na datech?<\/li>\n\n\n\n<li>Kde ve va\u0161em skladu cenn\u00e1 data naj\u00edt<\/li>\n\n\n\n<li>Jak se ujistit, \u017ee investujete do spr\u00e1vn\u00fdch softwarov\u00fdch \u0159e\u0161en\u00ed<\/li>\n\n\n\n<li>Jak na vyu\u017e\u00edv\u00e1n\u00ed dat benefitovat<\/li>\n\n\n\n<li>P\u0159\u00edklady vyu\u017eit\u00ed datov\u00fdch \u0159e\u0161en\u00ed k optimalizaci skladov\u00fdch operac\u00ed<\/li>\n\n\n\n<li>Softwarov\u00fd ekosyst\u00e9m Element Logic<\/li>\n<\/ul>\n\n\n\n<p>Tento dokument je k dispozici zdarma a v \u010de\u0161tin\u011b.<\/p>\n\n\n\n\t\t<div class=\"wp-block-dekode-dynamics-form\">\n\t\t\t<div class=\"embedded-form\">\n\t\t\t\t<div\n\t\t\t\t\tdata-form-id=\"151a1f58-6e2a-f011-8c4e-6045bdf51dec\"\n\t\t\t\t\tdata-form-api-url=\"https:\/\/public-eur.mkt.dynamics.com\/api\/v1.0\/orgs\/0d653081-4a98-4454-9ade-26f2fbe674ee\/landingpageforms\"\n\t\t\t\t\tdata-cached-form-url=\"https:\/\/assets-eur.mkt.dynamics.com\/0d653081-4a98-4454-9ade-26f2fbe674ee\/digitalassets\/forms\/151a1f58-6e2a-f011-8c4e-6045bdf51dec\"\n\t\t\t\t><\/div>\n\t\t\t<\/div>\n\t\t<\/div>","protected":false},"excerpt":{"rendered":"<p>Data skryt\u00e1 v provozu skladu v\u00e1m mohou poskytnout u\u017eite\u010dn\u00e9 informace t\u00fdkaj\u00edc\u00ed se pl\u00e1nov\u00e1n\u00ed kapacit, prediktivn\u00ed \u00fadr\u017eby, pl\u00e1nov\u00e1n\u00ed dopravy a udr\u017eov\u00e1n\u00ed [&hellip;]<\/p>\n","protected":false},"author":3,"featured_media":0,"parent":155,"menu_order":0,"comment_status":"closed","ping_status":"closed","template":"","meta":{"hreflang_relation":2173,"_el_cross_publish_source_blog_url":"","_el_cross_publish_source_blog_id":0,"_el_cross_publish_source_post_id":0,"_el_cross_publish_sync_state":"","exclude_from_search":false,"footnotes":""},"class_list":["post-148","page","type-page","status-publish","hentry"],"yoast_head":"<!-- This site is optimized with the Yoast SEO Premium plugin v23.9 (Yoast SEO v23.9) - https:\/\/yoast.com\/wordpress\/plugins\/seo\/ -->\n<title>Vyu\u017eit\u00ed dat: Dal\u0161\u00ed \u00farove\u0148 automatizace skladu - Element Logic Czech Republic<\/title>\n<meta name=\"description\" content=\"Chcete-li prosperovat a b\u00fdt konkurenceschopn\u00ed, mus\u00edte m\u00edt schopnost p\u0159edv\u00eddat nov\u00e9 situace a okam\u017eit\u011b na n\u011b reagovat. Toho dos\u00e1hnete, kdy\u017e za\u010dnete vyu\u017e\u00edvat data ukryt\u00e1 ve va\u0161em skladu.\" \/>\n<meta name=\"robots\" content=\"index, follow, max-snippet:-1, max-image-preview:large, max-video-preview:-1\" \/>\n<link rel=\"canonical\" href=\"https:\/\/www.elementlogic.net\/cz\/whitepaper\/vyuziti-dat-dalsi-uroven-automatizace-skladu\/\" \/>\n<meta property=\"og:locale\" content=\"cs_CZ\" \/>\n<meta property=\"og:type\" content=\"article\" \/>\n<meta property=\"og:title\" content=\"Vyu\u017eit\u00ed dat: Dal\u0161\u00ed \u00farove\u0148 automatizace skladu\" \/>\n<meta property=\"og:description\" content=\"Chcete-li prosperovat a b\u00fdt konkurenceschopn\u00ed, mus\u00edte m\u00edt schopnost p\u0159edv\u00eddat nov\u00e9 situace a okam\u017eit\u011b na n\u011b reagovat. Toho dos\u00e1hnete, kdy\u017e za\u010dnete vyu\u017e\u00edvat data ukryt\u00e1 ve va\u0161em skladu.\" \/>\n<meta property=\"og:url\" content=\"https:\/\/www.elementlogic.net\/cz\/whitepaper\/vyuziti-dat-dalsi-uroven-automatizace-skladu\/\" \/>\n<meta property=\"og:site_name\" content=\"Element Logic Czech Republic\" \/>\n<meta property=\"article:modified_time\" content=\"2025-11-27T12:19:18+00:00\" \/>\n<meta name=\"twitter:card\" content=\"summary_large_image\" \/>\n<meta name=\"twitter:label1\" content=\"Odhadovan\u00e1 doba \u010dten\u00ed\" \/>\n\t<meta name=\"twitter:data1\" content=\"1 minuta\" \/>\n<script type=\"application\/ld+json\" class=\"yoast-schema-graph\">{\"@context\":\"https:\/\/schema.org\",\"@graph\":[{\"@type\":\"WebPage\",\"@id\":\"https:\/\/www.elementlogic.net\/cz\/whitepaper\/vyuziti-dat-dalsi-uroven-automatizace-skladu\/\",\"url\":\"https:\/\/www.elementlogic.net\/cz\/whitepaper\/vyuziti-dat-dalsi-uroven-automatizace-skladu\/\",\"name\":\"Vyu\u017eit\u00ed dat: Dal\u0161\u00ed \u00farove\u0148 automatizace skladu - Element Logic Czech Republic\",\"isPartOf\":{\"@id\":\"https:\/\/www.elementlogic.net\/cz\/#website\"},\"datePublished\":\"2024-09-09T19:46:16+00:00\",\"dateModified\":\"2025-11-27T12:19:18+00:00\",\"description\":\"Chcete-li prosperovat a b\u00fdt konkurenceschopn\u00ed, mus\u00edte m\u00edt schopnost p\u0159edv\u00eddat nov\u00e9 situace a okam\u017eit\u011b na n\u011b reagovat. Toho dos\u00e1hnete, kdy\u017e za\u010dnete vyu\u017e\u00edvat data ukryt\u00e1 ve va\u0161em skladu.\",\"breadcrumb\":{\"@id\":\"https:\/\/www.elementlogic.net\/cz\/whitepaper\/vyuziti-dat-dalsi-uroven-automatizace-skladu\/#breadcrumb\"},\"inLanguage\":\"cs\",\"potentialAction\":[{\"@type\":\"ReadAction\",\"target\":[\"https:\/\/www.elementlogic.net\/cz\/whitepaper\/vyuziti-dat-dalsi-uroven-automatizace-skladu\/\"]}]},{\"@type\":\"BreadcrumbList\",\"@id\":\"https:\/\/www.elementlogic.net\/cz\/whitepaper\/vyuziti-dat-dalsi-uroven-automatizace-skladu\/#breadcrumb\",\"itemListElement\":[{\"@type\":\"ListItem\",\"position\":1,\"name\":\"Whitepapery\",\"item\":\"https:\/\/www.elementlogic.net\/cz\/whitepaper\/\"},{\"@type\":\"ListItem\",\"position\":2,\"name\":\"Vyu\u017eit\u00ed dat: Dal\u0161\u00ed \u00farove\u0148 automatizace skladu\"}]},{\"@type\":\"WebSite\",\"@id\":\"https:\/\/www.elementlogic.net\/cz\/#website\",\"url\":\"https:\/\/www.elementlogic.net\/cz\/\",\"name\":\"Element Logic Czech Republic\",\"description\":\"\",\"potentialAction\":[{\"@type\":\"SearchAction\",\"target\":{\"@type\":\"EntryPoint\",\"urlTemplate\":\"https:\/\/www.elementlogic.net\/cz\/?s={search_term_string}\"},\"query-input\":{\"@type\":\"PropertyValueSpecification\",\"valueRequired\":true,\"valueName\":\"search_term_string\"}}],\"inLanguage\":\"cs\"}]}<\/script>\n<!-- \/ Yoast SEO Premium plugin. -->","yoast_head_json":{"title":"Vyu\u017eit\u00ed dat: Dal\u0161\u00ed \u00farove\u0148 automatizace skladu - Element Logic Czech Republic","description":"Chcete-li prosperovat a b\u00fdt konkurenceschopn\u00ed, mus\u00edte m\u00edt schopnost p\u0159edv\u00eddat nov\u00e9 situace a okam\u017eit\u011b na n\u011b reagovat. Toho dos\u00e1hnete, kdy\u017e za\u010dnete vyu\u017e\u00edvat data ukryt\u00e1 ve va\u0161em skladu.","robots":{"index":"index","follow":"follow","max-snippet":"max-snippet:-1","max-image-preview":"max-image-preview:large","max-video-preview":"max-video-preview:-1"},"canonical":"https:\/\/www.elementlogic.net\/cz\/whitepaper\/vyuziti-dat-dalsi-uroven-automatizace-skladu\/","og_locale":"cs_CZ","og_type":"article","og_title":"Vyu\u017eit\u00ed dat: Dal\u0161\u00ed \u00farove\u0148 automatizace skladu","og_description":"Chcete-li prosperovat a b\u00fdt konkurenceschopn\u00ed, mus\u00edte m\u00edt schopnost p\u0159edv\u00eddat nov\u00e9 situace a okam\u017eit\u011b na n\u011b reagovat. Toho dos\u00e1hnete, kdy\u017e za\u010dnete vyu\u017e\u00edvat data ukryt\u00e1 ve va\u0161em skladu.","og_url":"https:\/\/www.elementlogic.net\/cz\/whitepaper\/vyuziti-dat-dalsi-uroven-automatizace-skladu\/","og_site_name":"Element Logic Czech Republic","article_modified_time":"2025-11-27T12:19:18+00:00","twitter_card":"summary_large_image","twitter_misc":{"Odhadovan\u00e1 doba \u010dten\u00ed":"1 minuta"},"schema":{"@context":"https:\/\/schema.org","@graph":[{"@type":"WebPage","@id":"https:\/\/www.elementlogic.net\/cz\/whitepaper\/vyuziti-dat-dalsi-uroven-automatizace-skladu\/","url":"https:\/\/www.elementlogic.net\/cz\/whitepaper\/vyuziti-dat-dalsi-uroven-automatizace-skladu\/","name":"Vyu\u017eit\u00ed dat: Dal\u0161\u00ed \u00farove\u0148 automatizace skladu - Element Logic Czech Republic","isPartOf":{"@id":"https:\/\/www.elementlogic.net\/cz\/#website"},"datePublished":"2024-09-09T19:46:16+00:00","dateModified":"2025-11-27T12:19:18+00:00","description":"Chcete-li prosperovat a b\u00fdt konkurenceschopn\u00ed, mus\u00edte m\u00edt schopnost p\u0159edv\u00eddat nov\u00e9 situace a okam\u017eit\u011b na n\u011b reagovat. Toho dos\u00e1hnete, kdy\u017e za\u010dnete vyu\u017e\u00edvat data ukryt\u00e1 ve va\u0161em skladu.","breadcrumb":{"@id":"https:\/\/www.elementlogic.net\/cz\/whitepaper\/vyuziti-dat-dalsi-uroven-automatizace-skladu\/#breadcrumb"},"inLanguage":"cs","potentialAction":[{"@type":"ReadAction","target":["https:\/\/www.elementlogic.net\/cz\/whitepaper\/vyuziti-dat-dalsi-uroven-automatizace-skladu\/"]}]},{"@type":"BreadcrumbList","@id":"https:\/\/www.elementlogic.net\/cz\/whitepaper\/vyuziti-dat-dalsi-uroven-automatizace-skladu\/#breadcrumb","itemListElement":[{"@type":"ListItem","position":1,"name":"Whitepapery","item":"https:\/\/www.elementlogic.net\/cz\/whitepaper\/"},{"@type":"ListItem","position":2,"name":"Vyu\u017eit\u00ed dat: Dal\u0161\u00ed \u00farove\u0148 automatizace skladu"}]},{"@type":"WebSite","@id":"https:\/\/www.elementlogic.net\/cz\/#website","url":"https:\/\/www.elementlogic.net\/cz\/","name":"Element Logic Czech Republic","description":"","potentialAction":[{"@type":"SearchAction","target":{"@type":"EntryPoint","urlTemplate":"https:\/\/www.elementlogic.net\/cz\/?s={search_term_string}"},"query-input":{"@type":"PropertyValueSpecification","valueRequired":true,"valueName":"search_term_string"}}],"inLanguage":"cs"}]}},"_links":{"self":[{"href":"https:\/\/www.elementlogic.net\/cz\/wp-json\/wp\/v2\/pages\/148"}],"collection":[{"href":"https:\/\/www.elementlogic.net\/cz\/wp-json\/wp\/v2\/pages"}],"about":[{"href":"https:\/\/www.elementlogic.net\/cz\/wp-json\/wp\/v2\/types\/page"}],"author":[{"embeddable":true,"href":"https:\/\/www.elementlogic.net\/cz\/wp-json\/wp\/v2\/users\/3"}],"replies":[{"embeddable":true,"href":"https:\/\/www.elementlogic.net\/cz\/wp-json\/wp\/v2\/comments?post=148"}],"version-history":[{"count":5,"href":"https:\/\/www.elementlogic.net\/cz\/wp-json\/wp\/v2\/pages\/148\/revisions"}],"predecessor-version":[{"id":2335,"href":"https:\/\/www.elementlogic.net\/cz\/wp-json\/wp\/v2\/pages\/148\/revisions\/2335"}],"up":[{"embeddable":true,"href":"https:\/\/www.elementlogic.net\/cz\/wp-json\/wp\/v2\/pages\/155"}],"wp:attachment":[{"href":"https:\/\/www.elementlogic.net\/cz\/wp-json\/wp\/v2\/media?parent=148"}],"curies":[{"name":"wp","href":"https:\/\/api.w.org\/{rel}","templated":true}]}}