{"id":150,"date":"2024-09-09T21:40:43","date_gmt":"2024-09-09T19:40:43","guid":{"rendered":"https:\/\/www.elementlogic.net\/?page_id=2164"},"modified":"2025-11-27T12:17:56","modified_gmt":"2025-11-27T12:17:56","slug":"vyuzijte-potencial-vaseho-skladu-naplno-diky-umele-inteligenci","status":"publish","type":"page","link":"https:\/\/www.elementlogic.net\/cz\/whitepaper\/vyuzijte-potencial-vaseho-skladu-naplno-diky-umele-inteligenci\/","title":{"rendered":"Vyu\u017eijte potenci\u00e1l va\u0161eho skladu naplno d\u00edky um\u011bl\u00e9 inteligenci"},"content":{"rendered":"\n\t\t<div style=\"--dekode-hero-dim:0.5; --t2-icon-fill:var(--wp--preset--color--white);\" class=\"alignfull dekode-hero-content-position-center has-media-background wp-block-dekode-hero\">\n\t\t\t<img loading=\"lazy\" decoding=\"async\" width=\"600\" height=\"400\" src=\"https:\/\/www.elementlogic.net\/content\/uploads\/sites\/19\/\/2024\/09\/image-11.png\" class=\"dekode-hero__image\" alt=\"\" style=\"--focalpoint: 54% 27%;\" srcset=\"https:\/\/www.elementlogic.net\/content\/uploads\/sites\/19\/2024\/09\/image-11.png 600w, https:\/\/www.elementlogic.net\/content\/uploads\/sites\/19\/2024\/09\/image-11-300x200.png 300w\" sizes=\"(max-width: 600px) 100vw, 600px\" \/>\n\t\t\t<div class=\"dekode-hero__content\">\n\t\t\t\t<div class=\"dekode-hero__container\">\n\t\t\t\t\t\n\n<h1 class=\"wp-block-heading\" id=\"vyuzijte-potencial-vaseho-skladu-naplno-diky-umele-inteligenci\">Vyu\u017eijte potenci\u00e1l va\u0161eho skladu naplno d\u00edky um\u011bl\u00e9 inteligenci<\/h1>\n\n\n\n<p>V tomto informa\u010dn\u00edm dokumentu se dozv\u00edte, jak na \u00fasp\u011b\u0161n\u00e9 automatizovan\u00e9 pracovn\u00ed postupy a jak zv\u00fd\u0161it produktivitu i r\u016fst d\u00edky spolupr\u00e1ci lid\u00ed s roboty.<\/p>\n\n\n\t\t\t\t<\/div>\n\t\t\t<\/div>\n\t\t<\/div>\n\t\t\n\n\n<p>Tlak popt\u00e1vky na p\u0159izp\u016fsobiv\u00e1 a roz\u0161i\u0159iteln\u00e1 skladov\u00e1 \u0159e\u0161en\u00ed nikdy nebyl vy\u0161\u0161\u00ed. M\u016f\u017ee za to pandemie, finan\u010dn\u00ed recese a p\u0159\u00edrodn\u00ed katastrofy, kter\u00e9 zap\u0159\u00ed\u010di\u0148uj\u00ed p\u0159eru\u0161en\u00ed dodavatelsk\u00fdch \u0159et\u011bzc\u016f.<\/p>\n\n\n\n<p>St\u00e1hn\u011bte si tento informa\u010dn\u00ed dokument a objevte zp\u016fsoby, jak d\u00edky automatizaci a robotick\u00fdm technologi\u00edm s&nbsp;um\u011blou inteligenc\u00ed vyu\u017e\u00edt potenci\u00e1l va\u0161eho skladu naplno a z\u00e1rove\u0148 zv\u00fd\u0161it jeho efektivitu. Dozv\u00edte se, jak spolupr\u00e1ce mezi roboty a lidmi pom\u00e1h\u00e1 vytv\u00e1\u0159et jedine\u010dn\u00fd z\u00e1\u017eitek pro va\u0161e z\u00e1kazn\u00edky, jak podporuje jejich loajalitu a generuje pozitivn\u00ed reference.<\/p>\n\n\n\n<p>Dokument obsahuje tak\u00e9 skute\u010dn\u00e9 p\u0159\u00edklady a poznatky od profesion\u00e1l\u016f z odv\u011btv\u00ed.<\/p>\n\n\n\n<h3 class=\"wp-block-heading\" id=\"pri-cteni-tohoto-dokumentu-se-dozvite-o\"><strong><strong>P\u0159i \u010dten\u00ed tohoto dokumentu se dozv\u00edte o:<\/strong><\/strong><\/h3>\n\n\n\n<ul class=\"wp-block-list\">\n<li>Pro\u010d roboti nikdy nemohou nahradit lidi.<\/li>\n\n\n\n<li>Jak automatizace skladu sni\u017euje fluktuaci zam\u011bstnanc\u016f<\/li>\n\n\n\n<li>Pro\u010d Kjetil z Bildeler.no rad\u011bji pracuje ve zautomatizovan\u00e9m skladu<\/li>\n\n\n\n<li>Jak ve skute\u010dnosti funguje automatizovan\u00fd sklad<\/li>\n\n\n\n<li>Softwaru, kter\u00fd odhaluje pln\u00fd potenci\u00e1l skladu<\/li>\n\n\n\n<li>Jak vypad\u00e1 budoucnost automatizace sklad\u016f<\/li>\n\n\n\n<li>P\u0159\u00edklady z jin\u00fdch odv\u011btv\u00ed, ve kter\u00fdch byli roboti \u00fasp\u011b\u0161n\u011b implementov\u00e1ni<\/li>\n<\/ul>\n\n\n\n<p>Dokument je k&nbsp;dispozici v&nbsp;anglick\u00e9m jazyce a zcela zdarma.<\/p>\n\n\n\n\t\t<div class=\"wp-block-dekode-dynamics-form\">\n\t\t\t<div class=\"embedded-form\">\n\t\t\t\t<div\n\t\t\t\t\tdata-form-id=\"151a1f58-6e2a-f011-8c4e-6045bdf51dec\"\n\t\t\t\t\tdata-form-api-url=\"https:\/\/public-eur.mkt.dynamics.com\/api\/v1.0\/orgs\/0d653081-4a98-4454-9ade-26f2fbe674ee\/landingpageforms\"\n\t\t\t\t\tdata-cached-form-url=\"https:\/\/assets-eur.mkt.dynamics.com\/0d653081-4a98-4454-9ade-26f2fbe674ee\/digitalassets\/forms\/151a1f58-6e2a-f011-8c4e-6045bdf51dec\"\n\t\t\t\t><\/div>\n\t\t\t<\/div>\n\t\t<\/div>","protected":false},"excerpt":{"rendered":"<p>Tlak popt\u00e1vky na p\u0159izp\u016fsobiv\u00e1 a roz\u0161i\u0159iteln\u00e1 skladov\u00e1 \u0159e\u0161en\u00ed nikdy nebyl vy\u0161\u0161\u00ed. M\u016f\u017ee za to pandemie, finan\u010dn\u00ed recese a p\u0159\u00edrodn\u00ed katastrofy, [&hellip;]<\/p>\n","protected":false},"author":3,"featured_media":0,"parent":155,"menu_order":0,"comment_status":"closed","ping_status":"closed","template":"","meta":{"hreflang_relation":2164,"_el_cross_publish_source_blog_url":"","_el_cross_publish_source_blog_id":0,"_el_cross_publish_source_post_id":0,"_el_cross_publish_sync_state":"","exclude_from_search":false,"footnotes":""},"class_list":["post-150","page","type-page","status-publish","hentry"],"yoast_head":"<!-- This site is optimized with the Yoast SEO Premium plugin v23.9 (Yoast SEO v23.9) - https:\/\/yoast.com\/wordpress\/plugins\/seo\/ -->\n<title>Vyu\u017eijte potenci\u00e1l va\u0161eho skladu naplno d\u00edky um\u011bl\u00e9 inteligenci - Element Logic Czech Republic<\/title>\n<meta name=\"description\" content=\"V tomto informa\u010dn\u00edm dokumentu se dozv\u00edte, jak na \u00fasp\u011b\u0161n\u00e9 automatizovan\u00e9 pracovn\u00ed postupy a jak zv\u00fd\u0161it produktivitu i r\u016fst d\u00edky spolupr\u00e1ci lid\u00ed s roboty.\" \/>\n<meta name=\"robots\" content=\"index, follow, max-snippet:-1, max-image-preview:large, max-video-preview:-1\" \/>\n<link rel=\"canonical\" href=\"https:\/\/www.elementlogic.net\/cz\/whitepaper\/vyuzijte-potencial-vaseho-skladu-naplno-diky-umele-inteligenci\/\" \/>\n<meta property=\"og:locale\" content=\"cs_CZ\" \/>\n<meta property=\"og:type\" content=\"article\" \/>\n<meta property=\"og:title\" content=\"Vyu\u017eijte potenci\u00e1l va\u0161eho skladu naplno d\u00edky um\u011bl\u00e9 inteligenci\" \/>\n<meta property=\"og:description\" content=\"V tomto informa\u010dn\u00edm dokumentu se dozv\u00edte, jak na \u00fasp\u011b\u0161n\u00e9 automatizovan\u00e9 pracovn\u00ed postupy a jak zv\u00fd\u0161it produktivitu i r\u016fst d\u00edky spolupr\u00e1ci lid\u00ed s roboty.\" \/>\n<meta property=\"og:url\" content=\"https:\/\/www.elementlogic.net\/cz\/whitepaper\/vyuzijte-potencial-vaseho-skladu-naplno-diky-umele-inteligenci\/\" \/>\n<meta property=\"og:site_name\" content=\"Element Logic Czech Republic\" \/>\n<meta property=\"article:modified_time\" content=\"2025-11-27T12:17:56+00:00\" \/>\n<meta name=\"twitter:card\" content=\"summary_large_image\" \/>\n<meta name=\"twitter:label1\" content=\"Odhadovan\u00e1 doba \u010dten\u00ed\" \/>\n\t<meta name=\"twitter:data1\" content=\"1 minuta\" \/>\n<script type=\"application\/ld+json\" class=\"yoast-schema-graph\">{\"@context\":\"https:\/\/schema.org\",\"@graph\":[{\"@type\":\"WebPage\",\"@id\":\"https:\/\/www.elementlogic.net\/cz\/whitepaper\/vyuzijte-potencial-vaseho-skladu-naplno-diky-umele-inteligenci\/\",\"url\":\"https:\/\/www.elementlogic.net\/cz\/whitepaper\/vyuzijte-potencial-vaseho-skladu-naplno-diky-umele-inteligenci\/\",\"name\":\"Vyu\u017eijte potenci\u00e1l va\u0161eho skladu naplno d\u00edky um\u011bl\u00e9 inteligenci - Element Logic Czech Republic\",\"isPartOf\":{\"@id\":\"https:\/\/www.elementlogic.net\/cz\/#website\"},\"datePublished\":\"2024-09-09T19:40:43+00:00\",\"dateModified\":\"2025-11-27T12:17:56+00:00\",\"description\":\"V tomto informa\u010dn\u00edm dokumentu se dozv\u00edte, jak na \u00fasp\u011b\u0161n\u00e9 automatizovan\u00e9 pracovn\u00ed postupy a jak zv\u00fd\u0161it produktivitu i r\u016fst d\u00edky spolupr\u00e1ci lid\u00ed s roboty.\",\"breadcrumb\":{\"@id\":\"https:\/\/www.elementlogic.net\/cz\/whitepaper\/vyuzijte-potencial-vaseho-skladu-naplno-diky-umele-inteligenci\/#breadcrumb\"},\"inLanguage\":\"cs\",\"potentialAction\":[{\"@type\":\"ReadAction\",\"target\":[\"https:\/\/www.elementlogic.net\/cz\/whitepaper\/vyuzijte-potencial-vaseho-skladu-naplno-diky-umele-inteligenci\/\"]}]},{\"@type\":\"BreadcrumbList\",\"@id\":\"https:\/\/www.elementlogic.net\/cz\/whitepaper\/vyuzijte-potencial-vaseho-skladu-naplno-diky-umele-inteligenci\/#breadcrumb\",\"itemListElement\":[{\"@type\":\"ListItem\",\"position\":1,\"name\":\"Whitepapery\",\"item\":\"https:\/\/www.elementlogic.net\/cz\/whitepaper\/\"},{\"@type\":\"ListItem\",\"position\":2,\"name\":\"Vyu\u017eijte potenci\u00e1l va\u0161eho skladu naplno d\u00edky um\u011bl\u00e9 inteligenci\"}]},{\"@type\":\"WebSite\",\"@id\":\"https:\/\/www.elementlogic.net\/cz\/#website\",\"url\":\"https:\/\/www.elementlogic.net\/cz\/\",\"name\":\"Element Logic Czech Republic\",\"description\":\"\",\"potentialAction\":[{\"@type\":\"SearchAction\",\"target\":{\"@type\":\"EntryPoint\",\"urlTemplate\":\"https:\/\/www.elementlogic.net\/cz\/?s={search_term_string}\"},\"query-input\":{\"@type\":\"PropertyValueSpecification\",\"valueRequired\":true,\"valueName\":\"search_term_string\"}}],\"inLanguage\":\"cs\"}]}<\/script>\n<!-- \/ Yoast SEO Premium plugin. -->","yoast_head_json":{"title":"Vyu\u017eijte potenci\u00e1l va\u0161eho skladu naplno d\u00edky um\u011bl\u00e9 inteligenci - Element Logic Czech Republic","description":"V tomto informa\u010dn\u00edm dokumentu se dozv\u00edte, jak na \u00fasp\u011b\u0161n\u00e9 automatizovan\u00e9 pracovn\u00ed postupy a jak zv\u00fd\u0161it produktivitu i r\u016fst d\u00edky spolupr\u00e1ci lid\u00ed s roboty.","robots":{"index":"index","follow":"follow","max-snippet":"max-snippet:-1","max-image-preview":"max-image-preview:large","max-video-preview":"max-video-preview:-1"},"canonical":"https:\/\/www.elementlogic.net\/cz\/whitepaper\/vyuzijte-potencial-vaseho-skladu-naplno-diky-umele-inteligenci\/","og_locale":"cs_CZ","og_type":"article","og_title":"Vyu\u017eijte potenci\u00e1l va\u0161eho skladu naplno d\u00edky um\u011bl\u00e9 inteligenci","og_description":"V tomto informa\u010dn\u00edm dokumentu se dozv\u00edte, jak na \u00fasp\u011b\u0161n\u00e9 automatizovan\u00e9 pracovn\u00ed postupy a jak zv\u00fd\u0161it produktivitu i r\u016fst d\u00edky spolupr\u00e1ci lid\u00ed s roboty.","og_url":"https:\/\/www.elementlogic.net\/cz\/whitepaper\/vyuzijte-potencial-vaseho-skladu-naplno-diky-umele-inteligenci\/","og_site_name":"Element Logic Czech Republic","article_modified_time":"2025-11-27T12:17:56+00:00","twitter_card":"summary_large_image","twitter_misc":{"Odhadovan\u00e1 doba \u010dten\u00ed":"1 minuta"},"schema":{"@context":"https:\/\/schema.org","@graph":[{"@type":"WebPage","@id":"https:\/\/www.elementlogic.net\/cz\/whitepaper\/vyuzijte-potencial-vaseho-skladu-naplno-diky-umele-inteligenci\/","url":"https:\/\/www.elementlogic.net\/cz\/whitepaper\/vyuzijte-potencial-vaseho-skladu-naplno-diky-umele-inteligenci\/","name":"Vyu\u017eijte potenci\u00e1l va\u0161eho skladu naplno d\u00edky um\u011bl\u00e9 inteligenci - Element Logic Czech Republic","isPartOf":{"@id":"https:\/\/www.elementlogic.net\/cz\/#website"},"datePublished":"2024-09-09T19:40:43+00:00","dateModified":"2025-11-27T12:17:56+00:00","description":"V tomto informa\u010dn\u00edm dokumentu se dozv\u00edte, jak na \u00fasp\u011b\u0161n\u00e9 automatizovan\u00e9 pracovn\u00ed postupy a jak zv\u00fd\u0161it produktivitu i r\u016fst d\u00edky spolupr\u00e1ci lid\u00ed s roboty.","breadcrumb":{"@id":"https:\/\/www.elementlogic.net\/cz\/whitepaper\/vyuzijte-potencial-vaseho-skladu-naplno-diky-umele-inteligenci\/#breadcrumb"},"inLanguage":"cs","potentialAction":[{"@type":"ReadAction","target":["https:\/\/www.elementlogic.net\/cz\/whitepaper\/vyuzijte-potencial-vaseho-skladu-naplno-diky-umele-inteligenci\/"]}]},{"@type":"BreadcrumbList","@id":"https:\/\/www.elementlogic.net\/cz\/whitepaper\/vyuzijte-potencial-vaseho-skladu-naplno-diky-umele-inteligenci\/#breadcrumb","itemListElement":[{"@type":"ListItem","position":1,"name":"Whitepapery","item":"https:\/\/www.elementlogic.net\/cz\/whitepaper\/"},{"@type":"ListItem","position":2,"name":"Vyu\u017eijte potenci\u00e1l va\u0161eho skladu naplno d\u00edky um\u011bl\u00e9 inteligenci"}]},{"@type":"WebSite","@id":"https:\/\/www.elementlogic.net\/cz\/#website","url":"https:\/\/www.elementlogic.net\/cz\/","name":"Element Logic Czech Republic","description":"","potentialAction":[{"@type":"SearchAction","target":{"@type":"EntryPoint","urlTemplate":"https:\/\/www.elementlogic.net\/cz\/?s={search_term_string}"},"query-input":{"@type":"PropertyValueSpecification","valueRequired":true,"valueName":"search_term_string"}}],"inLanguage":"cs"}]}},"_links":{"self":[{"href":"https:\/\/www.elementlogic.net\/cz\/wp-json\/wp\/v2\/pages\/150"}],"collection":[{"href":"https:\/\/www.elementlogic.net\/cz\/wp-json\/wp\/v2\/pages"}],"about":[{"href":"https:\/\/www.elementlogic.net\/cz\/wp-json\/wp\/v2\/types\/page"}],"author":[{"embeddable":true,"href":"https:\/\/www.elementlogic.net\/cz\/wp-json\/wp\/v2\/users\/3"}],"replies":[{"embeddable":true,"href":"https:\/\/www.elementlogic.net\/cz\/wp-json\/wp\/v2\/comments?post=150"}],"version-history":[{"count":5,"href":"https:\/\/www.elementlogic.net\/cz\/wp-json\/wp\/v2\/pages\/150\/revisions"}],"predecessor-version":[{"id":2334,"href":"https:\/\/www.elementlogic.net\/cz\/wp-json\/wp\/v2\/pages\/150\/revisions\/2334"}],"up":[{"embeddable":true,"href":"https:\/\/www.elementlogic.net\/cz\/wp-json\/wp\/v2\/pages\/155"}],"wp:attachment":[{"href":"https:\/\/www.elementlogic.net\/cz\/wp-json\/wp\/v2\/media?parent=150"}],"curies":[{"name":"wp","href":"https:\/\/api.w.org\/{rel}","templated":true}]}}