{"id":153,"date":"2024-09-09T21:29:59","date_gmt":"2024-09-09T19:29:59","guid":{"rendered":"https:\/\/www.elementlogic.net\/?page_id=2150"},"modified":"2025-11-27T12:17:08","modified_gmt":"2025-11-27T12:17:08","slug":"udrzitelna-intralogistika-a-automatizace","status":"publish","type":"page","link":"https:\/\/www.elementlogic.net\/cz\/whitepaper\/udrzitelna-intralogistika-a-automatizace\/","title":{"rendered":"Udr\u017eiteln\u00e1 intralogistika a automatizace"},"content":{"rendered":"\n\t\t<div style=\"--dekode-hero-dim:0.5; --t2-icon-fill:var(--wp--preset--color--white);\" class=\"alignfull dekode-hero-content-position-center has-media-background wp-block-dekode-hero\">\n\t\t\t<img loading=\"lazy\" decoding=\"async\" width=\"600\" height=\"520\" src=\"https:\/\/www.elementlogic.net\/content\/uploads\/sites\/19\/\/2024\/09\/image-10.png\" class=\"dekode-hero__image\" alt=\"\" style=\"--focalpoint: 54% 28%;\" srcset=\"https:\/\/www.elementlogic.net\/content\/uploads\/sites\/19\/2024\/09\/image-10.png 600w, https:\/\/www.elementlogic.net\/content\/uploads\/sites\/19\/2024\/09\/image-10-300x260.png 300w\" sizes=\"(max-width: 600px) 100vw, 600px\" \/>\n\t\t\t<div class=\"dekode-hero__content\">\n\t\t\t\t<div class=\"dekode-hero__container\">\n\t\t\t\t\t\n\n<h1 class=\"wp-block-heading\" id=\"udrzitelna-intralogistika-a-automatizace\">Udr\u017eiteln\u00e1 intralogistika a automatizace<\/h1>\n\n\n\n<p>Je to v\u016fbec mo\u017en\u00e9? Zeptali jsme se na\u0161eho odborn\u00edka na udr\u017eitelnost. St\u00e1hn\u011bte si n\u00e1\u0161 informa\u010dn\u00ed dokument a dozv\u00edte se v\u00edce.<\/p>\n\n\n\t\t\t\t<\/div>\n\t\t\t<\/div>\n\t\t<\/div>\n\t\t\n\n\n<p>\u201eZ\u00e1kazn\u00edci dnes cht\u011bj\u00ed m\u00edt jistotu, \u017ee spole\u010dnosti, od kter\u00fdch nakupuj\u00ed, dbaj\u00ed na ochranu \u017eivotn\u00edho prost\u0159ed\u00ed,\u201c \u0159\u00edk\u00e1 Kevin Kempe, viceprezident pro udr\u017eitelnost a ESG v Element Logic.&nbsp;<\/p>\n\n\n\n<p>M\u016f\u017eete v\u0161ak provozovat efektivn\u00ed sklad a z\u00e1rove\u0148 plnit c\u00edle udr\u017eitelnosti, kter\u00e9 od v\u00e1s stakeholde\u0159i o\u010dek\u00e1vaj\u00ed?&nbsp;<\/p>\n\n\n\n<h3 class=\"wp-block-heading\" id=\"v-tomto-informacnim-dokumentu-se-dozvite\"><strong>V tomto informa\u010dn\u00edm dokumentu se dozv\u00edte:<\/strong>&nbsp;<\/h3>\n\n\n\n<ul class=\"wp-block-list\">\n<li>Jak se automatizace m\u011bn\u00ed v udr\u017eiteln\u011bj\u0161\u00ed pr\u016fmysl&nbsp;<\/li>\n\n\n\n<li>Na co byste se m\u011bli zam\u011b\u0159it p\u0159i investov\u00e1n\u00ed do udr\u017eiteln\u011bj\u0161\u00ed skladov\u00e9 technologie&nbsp;&nbsp;&nbsp;<\/li>\n\n\n\n<li>Jak m\u016f\u017eete zlep\u0161it vyu\u017eit\u00ed zdroj\u016f, efektivitu a dopad na \u017eivotn\u00ed prost\u0159ed\u00ed&nbsp;<\/li>\n\n\n\n<li>Jak lze automatizaci sklad\u016f vyu\u017e\u00edt k pos\u00edlen\u00ed spole\u010densk\u00e9 odpov\u011bdnosti&nbsp;<\/li>\n\n\n\n<li>Jak b\u00fdt transparentn\u00ed a vyhnout se greenwashingu&nbsp;<\/li>\n\n\n\n<li>D\u016fle\u017eit\u00e9 sm\u011brnice EU a jak je dodr\u017eovat&nbsp;<\/li>\n\n\n\n<li>Jak m\u016f\u017eete d\u00e1le minimalizovat svou uhl\u00edkovou stopu pomoc\u00ed obnoviteln\u00fdch zdroj\u016f energie&nbsp;<\/li>\n\n\n\n<li>O p\u0159\u00edpadov\u00e9 studii z\u00e1kazn\u00edka, kter\u00fd \u0161el ve sn\u00ed\u017een\u00ed sv\u00e9 uhl\u00edkov\u00e9 stopy opravdu daleko&nbsp;<\/li>\n<\/ul>\n\n\n\n<p>Tento dokument je zdarma a je k dispozici v angli\u010dtin\u011b.<\/p>\n\n\n\n\t\t<div class=\"wp-block-dekode-dynamics-form\">\n\t\t\t<div class=\"embedded-form\">\n\t\t\t\t<div\n\t\t\t\t\tdata-form-id=\"151a1f58-6e2a-f011-8c4e-6045bdf51dec\"\n\t\t\t\t\tdata-form-api-url=\"https:\/\/public-eur.mkt.dynamics.com\/api\/v1.0\/orgs\/0d653081-4a98-4454-9ade-26f2fbe674ee\/landingpageforms\"\n\t\t\t\t\tdata-cached-form-url=\"https:\/\/assets-eur.mkt.dynamics.com\/0d653081-4a98-4454-9ade-26f2fbe674ee\/digitalassets\/forms\/151a1f58-6e2a-f011-8c4e-6045bdf51dec\"\n\t\t\t\t><\/div>\n\t\t\t<\/div>\n\t\t<\/div>","protected":false},"excerpt":{"rendered":"<p>\u201eZ\u00e1kazn\u00edci dnes cht\u011bj\u00ed m\u00edt jistotu, \u017ee spole\u010dnosti, od kter\u00fdch nakupuj\u00ed, dbaj\u00ed na ochranu \u017eivotn\u00edho prost\u0159ed\u00ed,\u201c \u0159\u00edk\u00e1 Kevin Kempe, viceprezident pro [&hellip;]<\/p>\n","protected":false},"author":3,"featured_media":0,"parent":155,"menu_order":0,"comment_status":"closed","ping_status":"closed","template":"","meta":{"hreflang_relation":2150,"_el_cross_publish_source_blog_url":"","_el_cross_publish_source_blog_id":0,"_el_cross_publish_source_post_id":0,"_el_cross_publish_sync_state":"","exclude_from_search":false,"footnotes":""},"class_list":["post-153","page","type-page","status-publish","hentry"],"yoast_head":"<!-- This site is optimized with the Yoast SEO Premium plugin v23.9 (Yoast SEO v23.9) - https:\/\/yoast.com\/wordpress\/plugins\/seo\/ -->\n<title>Udr\u017eiteln\u00e1 intralogistika a automatizace - Element Logic Czech Republic<\/title>\n<meta name=\"description\" content=\"Je to v\u016fbec mo\u017en\u00e9? Zeptali jsme se na\u0161eho odborn\u00edka na udr\u017eitelnost. St\u00e1hn\u011bte si n\u00e1\u0161 informa\u010dn\u00ed dokument a dozv\u00edte se v\u00edce.\" \/>\n<meta name=\"robots\" content=\"index, follow, max-snippet:-1, max-image-preview:large, max-video-preview:-1\" \/>\n<link rel=\"canonical\" href=\"https:\/\/www.elementlogic.net\/cz\/whitepaper\/udrzitelna-intralogistika-a-automatizace\/\" \/>\n<meta property=\"og:locale\" content=\"cs_CZ\" \/>\n<meta property=\"og:type\" content=\"article\" \/>\n<meta property=\"og:title\" content=\"Udr\u017eiteln\u00e1 intralogistika a automatizace\" \/>\n<meta property=\"og:description\" content=\"Je to v\u016fbec mo\u017en\u00e9? Zeptali jsme se na\u0161eho odborn\u00edka na udr\u017eitelnost. St\u00e1hn\u011bte si n\u00e1\u0161 informa\u010dn\u00ed dokument a dozv\u00edte se v\u00edce.\" \/>\n<meta property=\"og:url\" content=\"https:\/\/www.elementlogic.net\/cz\/whitepaper\/udrzitelna-intralogistika-a-automatizace\/\" \/>\n<meta property=\"og:site_name\" content=\"Element Logic Czech Republic\" \/>\n<meta property=\"article:modified_time\" content=\"2025-11-27T12:17:08+00:00\" \/>\n<meta name=\"twitter:card\" content=\"summary_large_image\" \/>\n<meta name=\"twitter:label1\" content=\"Odhadovan\u00e1 doba \u010dten\u00ed\" \/>\n\t<meta name=\"twitter:data1\" content=\"1 minuta\" \/>\n<script type=\"application\/ld+json\" class=\"yoast-schema-graph\">{\"@context\":\"https:\/\/schema.org\",\"@graph\":[{\"@type\":\"WebPage\",\"@id\":\"https:\/\/www.elementlogic.net\/cz\/whitepaper\/udrzitelna-intralogistika-a-automatizace\/\",\"url\":\"https:\/\/www.elementlogic.net\/cz\/whitepaper\/udrzitelna-intralogistika-a-automatizace\/\",\"name\":\"Udr\u017eiteln\u00e1 intralogistika a automatizace - Element Logic Czech Republic\",\"isPartOf\":{\"@id\":\"https:\/\/www.elementlogic.net\/cz\/#website\"},\"datePublished\":\"2024-09-09T19:29:59+00:00\",\"dateModified\":\"2025-11-27T12:17:08+00:00\",\"description\":\"Je to v\u016fbec mo\u017en\u00e9? Zeptali jsme se na\u0161eho odborn\u00edka na udr\u017eitelnost. St\u00e1hn\u011bte si n\u00e1\u0161 informa\u010dn\u00ed dokument a dozv\u00edte se v\u00edce.\",\"breadcrumb\":{\"@id\":\"https:\/\/www.elementlogic.net\/cz\/whitepaper\/udrzitelna-intralogistika-a-automatizace\/#breadcrumb\"},\"inLanguage\":\"cs\",\"potentialAction\":[{\"@type\":\"ReadAction\",\"target\":[\"https:\/\/www.elementlogic.net\/cz\/whitepaper\/udrzitelna-intralogistika-a-automatizace\/\"]}]},{\"@type\":\"BreadcrumbList\",\"@id\":\"https:\/\/www.elementlogic.net\/cz\/whitepaper\/udrzitelna-intralogistika-a-automatizace\/#breadcrumb\",\"itemListElement\":[{\"@type\":\"ListItem\",\"position\":1,\"name\":\"Whitepapery\",\"item\":\"https:\/\/www.elementlogic.net\/cz\/whitepaper\/\"},{\"@type\":\"ListItem\",\"position\":2,\"name\":\"Udr\u017eiteln\u00e1 intralogistika a automatizace\"}]},{\"@type\":\"WebSite\",\"@id\":\"https:\/\/www.elementlogic.net\/cz\/#website\",\"url\":\"https:\/\/www.elementlogic.net\/cz\/\",\"name\":\"Element Logic Czech Republic\",\"description\":\"\",\"potentialAction\":[{\"@type\":\"SearchAction\",\"target\":{\"@type\":\"EntryPoint\",\"urlTemplate\":\"https:\/\/www.elementlogic.net\/cz\/?s={search_term_string}\"},\"query-input\":{\"@type\":\"PropertyValueSpecification\",\"valueRequired\":true,\"valueName\":\"search_term_string\"}}],\"inLanguage\":\"cs\"}]}<\/script>\n<!-- \/ Yoast SEO Premium plugin. -->","yoast_head_json":{"title":"Udr\u017eiteln\u00e1 intralogistika a automatizace - Element Logic Czech Republic","description":"Je to v\u016fbec mo\u017en\u00e9? Zeptali jsme se na\u0161eho odborn\u00edka na udr\u017eitelnost. St\u00e1hn\u011bte si n\u00e1\u0161 informa\u010dn\u00ed dokument a dozv\u00edte se v\u00edce.","robots":{"index":"index","follow":"follow","max-snippet":"max-snippet:-1","max-image-preview":"max-image-preview:large","max-video-preview":"max-video-preview:-1"},"canonical":"https:\/\/www.elementlogic.net\/cz\/whitepaper\/udrzitelna-intralogistika-a-automatizace\/","og_locale":"cs_CZ","og_type":"article","og_title":"Udr\u017eiteln\u00e1 intralogistika a automatizace","og_description":"Je to v\u016fbec mo\u017en\u00e9? Zeptali jsme se na\u0161eho odborn\u00edka na udr\u017eitelnost. St\u00e1hn\u011bte si n\u00e1\u0161 informa\u010dn\u00ed dokument a dozv\u00edte se v\u00edce.","og_url":"https:\/\/www.elementlogic.net\/cz\/whitepaper\/udrzitelna-intralogistika-a-automatizace\/","og_site_name":"Element Logic Czech Republic","article_modified_time":"2025-11-27T12:17:08+00:00","twitter_card":"summary_large_image","twitter_misc":{"Odhadovan\u00e1 doba \u010dten\u00ed":"1 minuta"},"schema":{"@context":"https:\/\/schema.org","@graph":[{"@type":"WebPage","@id":"https:\/\/www.elementlogic.net\/cz\/whitepaper\/udrzitelna-intralogistika-a-automatizace\/","url":"https:\/\/www.elementlogic.net\/cz\/whitepaper\/udrzitelna-intralogistika-a-automatizace\/","name":"Udr\u017eiteln\u00e1 intralogistika a automatizace - Element Logic Czech Republic","isPartOf":{"@id":"https:\/\/www.elementlogic.net\/cz\/#website"},"datePublished":"2024-09-09T19:29:59+00:00","dateModified":"2025-11-27T12:17:08+00:00","description":"Je to v\u016fbec mo\u017en\u00e9? Zeptali jsme se na\u0161eho odborn\u00edka na udr\u017eitelnost. St\u00e1hn\u011bte si n\u00e1\u0161 informa\u010dn\u00ed dokument a dozv\u00edte se v\u00edce.","breadcrumb":{"@id":"https:\/\/www.elementlogic.net\/cz\/whitepaper\/udrzitelna-intralogistika-a-automatizace\/#breadcrumb"},"inLanguage":"cs","potentialAction":[{"@type":"ReadAction","target":["https:\/\/www.elementlogic.net\/cz\/whitepaper\/udrzitelna-intralogistika-a-automatizace\/"]}]},{"@type":"BreadcrumbList","@id":"https:\/\/www.elementlogic.net\/cz\/whitepaper\/udrzitelna-intralogistika-a-automatizace\/#breadcrumb","itemListElement":[{"@type":"ListItem","position":1,"name":"Whitepapery","item":"https:\/\/www.elementlogic.net\/cz\/whitepaper\/"},{"@type":"ListItem","position":2,"name":"Udr\u017eiteln\u00e1 intralogistika a automatizace"}]},{"@type":"WebSite","@id":"https:\/\/www.elementlogic.net\/cz\/#website","url":"https:\/\/www.elementlogic.net\/cz\/","name":"Element Logic Czech Republic","description":"","potentialAction":[{"@type":"SearchAction","target":{"@type":"EntryPoint","urlTemplate":"https:\/\/www.elementlogic.net\/cz\/?s={search_term_string}"},"query-input":{"@type":"PropertyValueSpecification","valueRequired":true,"valueName":"search_term_string"}}],"inLanguage":"cs"}]}},"_links":{"self":[{"href":"https:\/\/www.elementlogic.net\/cz\/wp-json\/wp\/v2\/pages\/153"}],"collection":[{"href":"https:\/\/www.elementlogic.net\/cz\/wp-json\/wp\/v2\/pages"}],"about":[{"href":"https:\/\/www.elementlogic.net\/cz\/wp-json\/wp\/v2\/types\/page"}],"author":[{"embeddable":true,"href":"https:\/\/www.elementlogic.net\/cz\/wp-json\/wp\/v2\/users\/3"}],"replies":[{"embeddable":true,"href":"https:\/\/www.elementlogic.net\/cz\/wp-json\/wp\/v2\/comments?post=153"}],"version-history":[{"count":5,"href":"https:\/\/www.elementlogic.net\/cz\/wp-json\/wp\/v2\/pages\/153\/revisions"}],"predecessor-version":[{"id":2333,"href":"https:\/\/www.elementlogic.net\/cz\/wp-json\/wp\/v2\/pages\/153\/revisions\/2333"}],"up":[{"embeddable":true,"href":"https:\/\/www.elementlogic.net\/cz\/wp-json\/wp\/v2\/pages\/155"}],"wp:attachment":[{"href":"https:\/\/www.elementlogic.net\/cz\/wp-json\/wp\/v2\/media?parent=153"}],"curies":[{"name":"wp","href":"https:\/\/api.w.org\/{rel}","templated":true}]}}