{"id":180,"date":"2024-09-03T15:26:40","date_gmt":"2024-09-03T13:26:40","guid":{"rendered":"https:\/\/www.elementlogic.net\/?page_id=1865"},"modified":"2024-12-05T16:36:19","modified_gmt":"2024-12-05T16:36:19","slug":"zasobniky","status":"publish","type":"page","link":"https:\/\/www.elementlogic.net\/cz\/reseni-a-sluzby\/autostore\/zasobniky\/","title":{"rendered":"Z\u00e1sobn\u00edky"},"content":{"rendered":"<p class=\"t2-ingress wp-block-t2-ingress\">Z\u00e1sobn\u00edky AutoStore o rozm\u011brech 400 x 600 mm jsou dostupn\u00e9 ve t\u0159ech v\u00fd\u0161k\u00e1ch (220 mm, 330 mm, 425 mm), aby vyhovovaly r\u016fzn\u00fdm podm\u00ednk\u00e1m jednotliv\u00fdch sklad\u016f.<\/p>\n\n\n\t\t<div class=\"alignwide is-mode-constrained is-gap-center wp-block-t2-simple-media-text   \">\n\t\t\t<div class=\"t2-simple-media-text__container\">\n\t\t\t\t<div class=\"t2-simple-media-text__image\"><img loading=\"lazy\" decoding=\"async\" width=\"768\" height=\"512\" src=\"https:\/\/www.elementlogic.net\/content\/uploads\/sites\/19\/\/2024\/09\/AS-Bins-330mm-top-768x512.jpg\" class=\"\" alt=\"\" style=\"--focalpoint: 50% 50%;\" srcset=\"https:\/\/www.elementlogic.net\/content\/uploads\/sites\/19\/2024\/09\/AS-Bins-330mm-top-768x512.jpg 768w, https:\/\/www.elementlogic.net\/content\/uploads\/sites\/19\/2024\/09\/AS-Bins-330mm-top-300x200.jpg 300w, https:\/\/www.elementlogic.net\/content\/uploads\/sites\/19\/2024\/09\/AS-Bins-330mm-top-1024x683.jpg 1024w, https:\/\/www.elementlogic.net\/content\/uploads\/sites\/19\/2024\/09\/AS-Bins-330mm-top-1536x1025.jpg 1536w, https:\/\/www.elementlogic.net\/content\/uploads\/sites\/19\/2024\/09\/AS-Bins-330mm-top.jpg 1920w\" sizes=\"(max-width: 768px) 100vw, 768px\" \/><\/div>\n\t\t\t\t<div class=\"t2-simple-media-text__content-container\">\n\t\t\t\t\t<div class=\"t2-simple-media-text__content\">\n\t\t\t\t\t\t<div class=\"t2-simple-media-text__content-inner\">\n\t\t\t\t\t\t\t\n\n<p>Nejvy\u0161\u0161\u00ed je kompatibiln\u00ed s roboty B1 a R5+. Ka\u017ed\u00fd z\u00e1sobn\u00edk lze rozd\u011blit a\u017e 32 pohybliv\u00fdmi p\u0159ep\u00e1\u017ekami pro ulo\u017een\u00ed v\u00edce kategori\u00ed v\u00fdrobk\u016f.<\/p>\n\n\n\n<p>Z\u00e1sobn\u00edky jsou d\u00edky sv\u00e9 jedine\u010dn\u00e9 konstrukci a \u0161etrnosti robot\u016f vysoce odoln\u00e9. Lze do nich ukl\u00e1dat n\u00e1klad o hmotnosti a\u017e 30 kg. Ve sv\u00e9m \u0159e\u0161en\u00ed na sebe m\u016f\u017eete naskl\u00e1dat 14, 16 nebo 24 ko\u0161\u016f.<\/p>\n\n\n\n<p>Ka\u017ed\u00fd z\u00e1sobn\u00edk m\u00e1 pevnou konstrukci, vodic\u00ed detaily a jedine\u010dn\u00e9 ID pro p\u0159esn\u00e9 sledov\u00e1n\u00ed z\u00e1sob. Tyto vlastnosti zaji\u0161\u0165uj\u00ed \u00faplnou kontrolu nad z\u00e1sobami a dlouhodob\u00fd v\u00fdkon, co\u017e dokazuj\u00ed z\u00e1sobn\u00edky, kter\u00e9 se dosud pou\u017e\u00edvaj\u00ed ve v\u016fbec prvn\u00edm skladu AutoStore \u2013 od roku 2005.<\/p>\n\n\n\t\t\t\t\t\t<\/div>\n\t\t\t\t\t<\/div>\n\t\t\t\t<\/div>\n\t\t\t<\/div>\n\t\t<\/div>\n\t\t\n\n\n<p><\/p>\n","protected":false},"excerpt":{"rendered":"","protected":false},"author":3,"featured_media":181,"parent":212,"menu_order":0,"comment_status":"closed","ping_status":"closed","template":"","meta":{"hreflang_relation":1865,"_el_cross_publish_source_blog_url":"","_el_cross_publish_source_blog_id":0,"_el_cross_publish_source_post_id":0,"_el_cross_publish_sync_state":"","exclude_from_search":false,"footnotes":""},"class_list":["post-180","page","type-page","status-publish","has-post-thumbnail","hentry"],"yoast_head":"<!-- This site is optimized with the Yoast SEO Premium plugin v23.9 (Yoast SEO v23.9) - https:\/\/yoast.com\/wordpress\/plugins\/seo\/ -->\n<title>Z\u00e1sobn\u00edky - Element Logic Czech Republic<\/title>\n<meta name=\"description\" content=\"Z\u00e1sobn\u00edky AutoStore o rozm\u011brech 400 x 600 mm jsou dostupn\u00e9 ve t\u0159ech v\u00fd\u0161k\u00e1ch (220 mm, 330 mm, 425 mm), aby vyhovovaly r\u016fzn\u00fdm podm\u00ednk\u00e1m jednotliv\u00fdch sklad\u016f.\" \/>\n<meta name=\"robots\" content=\"index, follow, max-snippet:-1, max-image-preview:large, max-video-preview:-1\" \/>\n<link rel=\"canonical\" href=\"https:\/\/www.elementlogic.net\/cz\/reseni-a-sluzby\/autostore\/zasobniky\/\" \/>\n<meta property=\"og:locale\" content=\"cs_CZ\" \/>\n<meta property=\"og:type\" content=\"article\" \/>\n<meta property=\"og:title\" content=\"Z\u00e1sobn\u00edky\" \/>\n<meta property=\"og:description\" content=\"Z\u00e1sobn\u00edky AutoStore o rozm\u011brech 400 x 600 mm jsou dostupn\u00e9 ve t\u0159ech v\u00fd\u0161k\u00e1ch (220 mm, 330 mm, 425 mm), aby vyhovovaly r\u016fzn\u00fdm podm\u00ednk\u00e1m jednotliv\u00fdch sklad\u016f.\" \/>\n<meta property=\"og:url\" content=\"https:\/\/www.elementlogic.net\/cz\/reseni-a-sluzby\/autostore\/zasobniky\/\" \/>\n<meta property=\"og:site_name\" content=\"Element Logic Czech Republic\" \/>\n<meta property=\"article:modified_time\" content=\"2024-12-05T16:36:19+00:00\" \/>\n<meta property=\"og:image\" content=\"https:\/\/www.elementlogic.net\/content\/uploads\/sites\/19\/\/2024\/09\/AS-Bins-330mm-top.jpg\" \/>\n\t<meta property=\"og:image:width\" content=\"1920\" \/>\n\t<meta property=\"og:image:height\" content=\"1281\" \/>\n\t<meta property=\"og:image:type\" content=\"image\/jpeg\" \/>\n<meta name=\"twitter:card\" content=\"summary_large_image\" \/>\n<meta name=\"twitter:label1\" content=\"Odhadovan\u00e1 doba \u010dten\u00ed\" \/>\n\t<meta name=\"twitter:data1\" content=\"1 minuta\" \/>\n<script type=\"application\/ld+json\" class=\"yoast-schema-graph\">{\"@context\":\"https:\/\/schema.org\",\"@graph\":[{\"@type\":\"WebPage\",\"@id\":\"https:\/\/www.elementlogic.net\/cz\/reseni-a-sluzby\/autostore\/zasobniky\/\",\"url\":\"https:\/\/www.elementlogic.net\/cz\/reseni-a-sluzby\/autostore\/zasobniky\/\",\"name\":\"Z\u00e1sobn\u00edky - Element Logic Czech Republic\",\"isPartOf\":{\"@id\":\"https:\/\/www.elementlogic.net\/cz\/#website\"},\"primaryImageOfPage\":{\"@id\":\"https:\/\/www.elementlogic.net\/cz\/reseni-a-sluzby\/autostore\/zasobniky\/#primaryimage\"},\"image\":{\"@id\":\"https:\/\/www.elementlogic.net\/cz\/reseni-a-sluzby\/autostore\/zasobniky\/#primaryimage\"},\"thumbnailUrl\":\"https:\/\/www.elementlogic.net\/content\/uploads\/sites\/19\/\/2024\/09\/AS-Bins-330mm-top.jpg\",\"datePublished\":\"2024-09-03T13:26:40+00:00\",\"dateModified\":\"2024-12-05T16:36:19+00:00\",\"description\":\"Z\u00e1sobn\u00edky AutoStore o rozm\u011brech 400 x 600 mm jsou dostupn\u00e9 ve t\u0159ech v\u00fd\u0161k\u00e1ch (220 mm, 330 mm, 425 mm), aby vyhovovaly r\u016fzn\u00fdm podm\u00ednk\u00e1m jednotliv\u00fdch sklad\u016f.\",\"breadcrumb\":{\"@id\":\"https:\/\/www.elementlogic.net\/cz\/reseni-a-sluzby\/autostore\/zasobniky\/#breadcrumb\"},\"inLanguage\":\"cs\",\"potentialAction\":[{\"@type\":\"ReadAction\",\"target\":[\"https:\/\/www.elementlogic.net\/cz\/reseni-a-sluzby\/autostore\/zasobniky\/\"]}]},{\"@type\":\"ImageObject\",\"inLanguage\":\"cs\",\"@id\":\"https:\/\/www.elementlogic.net\/cz\/reseni-a-sluzby\/autostore\/zasobniky\/#primaryimage\",\"url\":\"https:\/\/www.elementlogic.net\/content\/uploads\/sites\/19\/\/2024\/09\/AS-Bins-330mm-top.jpg\",\"contentUrl\":\"https:\/\/www.elementlogic.net\/content\/uploads\/sites\/19\/\/2024\/09\/AS-Bins-330mm-top.jpg\",\"width\":1920,\"height\":1281},{\"@type\":\"BreadcrumbList\",\"@id\":\"https:\/\/www.elementlogic.net\/cz\/reseni-a-sluzby\/autostore\/zasobniky\/#breadcrumb\",\"itemListElement\":[{\"@type\":\"ListItem\",\"position\":1,\"name\":\"\u0158e\u0161en\u00ed a slu\u017eby\",\"item\":\"https:\/\/www.elementlogic.net\/cz\/reseni-a-sluzby\/\"},{\"@type\":\"ListItem\",\"position\":2,\"name\":\"AutoStore\",\"item\":\"https:\/\/www.elementlogic.net\/cz\/reseni-a-sluzby\/autostore\/\"},{\"@type\":\"ListItem\",\"position\":3,\"name\":\"Z\u00e1sobn\u00edky\"}]},{\"@type\":\"WebSite\",\"@id\":\"https:\/\/www.elementlogic.net\/cz\/#website\",\"url\":\"https:\/\/www.elementlogic.net\/cz\/\",\"name\":\"Element Logic Czech Republic\",\"description\":\"\",\"potentialAction\":[{\"@type\":\"SearchAction\",\"target\":{\"@type\":\"EntryPoint\",\"urlTemplate\":\"https:\/\/www.elementlogic.net\/cz\/?s={search_term_string}\"},\"query-input\":{\"@type\":\"PropertyValueSpecification\",\"valueRequired\":true,\"valueName\":\"search_term_string\"}}],\"inLanguage\":\"cs\"}]}<\/script>\n<!-- \/ Yoast SEO Premium plugin. -->","yoast_head_json":{"title":"Z\u00e1sobn\u00edky - Element Logic Czech Republic","description":"Z\u00e1sobn\u00edky AutoStore o rozm\u011brech 400 x 600 mm jsou dostupn\u00e9 ve t\u0159ech v\u00fd\u0161k\u00e1ch (220 mm, 330 mm, 425 mm), aby vyhovovaly r\u016fzn\u00fdm podm\u00ednk\u00e1m jednotliv\u00fdch sklad\u016f.","robots":{"index":"index","follow":"follow","max-snippet":"max-snippet:-1","max-image-preview":"max-image-preview:large","max-video-preview":"max-video-preview:-1"},"canonical":"https:\/\/www.elementlogic.net\/cz\/reseni-a-sluzby\/autostore\/zasobniky\/","og_locale":"cs_CZ","og_type":"article","og_title":"Z\u00e1sobn\u00edky","og_description":"Z\u00e1sobn\u00edky AutoStore o rozm\u011brech 400 x 600 mm jsou dostupn\u00e9 ve t\u0159ech v\u00fd\u0161k\u00e1ch (220 mm, 330 mm, 425 mm), aby vyhovovaly r\u016fzn\u00fdm podm\u00ednk\u00e1m jednotliv\u00fdch sklad\u016f.","og_url":"https:\/\/www.elementlogic.net\/cz\/reseni-a-sluzby\/autostore\/zasobniky\/","og_site_name":"Element Logic Czech Republic","article_modified_time":"2024-12-05T16:36:19+00:00","og_image":[{"width":1920,"height":1281,"url":"https:\/\/www.elementlogic.net\/content\/uploads\/sites\/19\/\/2024\/09\/AS-Bins-330mm-top.jpg","type":"image\/jpeg"}],"twitter_card":"summary_large_image","twitter_misc":{"Odhadovan\u00e1 doba \u010dten\u00ed":"1 minuta"},"schema":{"@context":"https:\/\/schema.org","@graph":[{"@type":"WebPage","@id":"https:\/\/www.elementlogic.net\/cz\/reseni-a-sluzby\/autostore\/zasobniky\/","url":"https:\/\/www.elementlogic.net\/cz\/reseni-a-sluzby\/autostore\/zasobniky\/","name":"Z\u00e1sobn\u00edky - Element Logic Czech Republic","isPartOf":{"@id":"https:\/\/www.elementlogic.net\/cz\/#website"},"primaryImageOfPage":{"@id":"https:\/\/www.elementlogic.net\/cz\/reseni-a-sluzby\/autostore\/zasobniky\/#primaryimage"},"image":{"@id":"https:\/\/www.elementlogic.net\/cz\/reseni-a-sluzby\/autostore\/zasobniky\/#primaryimage"},"thumbnailUrl":"https:\/\/www.elementlogic.net\/content\/uploads\/sites\/19\/\/2024\/09\/AS-Bins-330mm-top.jpg","datePublished":"2024-09-03T13:26:40+00:00","dateModified":"2024-12-05T16:36:19+00:00","description":"Z\u00e1sobn\u00edky AutoStore o rozm\u011brech 400 x 600 mm jsou dostupn\u00e9 ve t\u0159ech v\u00fd\u0161k\u00e1ch (220 mm, 330 mm, 425 mm), aby vyhovovaly r\u016fzn\u00fdm podm\u00ednk\u00e1m jednotliv\u00fdch sklad\u016f.","breadcrumb":{"@id":"https:\/\/www.elementlogic.net\/cz\/reseni-a-sluzby\/autostore\/zasobniky\/#breadcrumb"},"inLanguage":"cs","potentialAction":[{"@type":"ReadAction","target":["https:\/\/www.elementlogic.net\/cz\/reseni-a-sluzby\/autostore\/zasobniky\/"]}]},{"@type":"ImageObject","inLanguage":"cs","@id":"https:\/\/www.elementlogic.net\/cz\/reseni-a-sluzby\/autostore\/zasobniky\/#primaryimage","url":"https:\/\/www.elementlogic.net\/content\/uploads\/sites\/19\/\/2024\/09\/AS-Bins-330mm-top.jpg","contentUrl":"https:\/\/www.elementlogic.net\/content\/uploads\/sites\/19\/\/2024\/09\/AS-Bins-330mm-top.jpg","width":1920,"height":1281},{"@type":"BreadcrumbList","@id":"https:\/\/www.elementlogic.net\/cz\/reseni-a-sluzby\/autostore\/zasobniky\/#breadcrumb","itemListElement":[{"@type":"ListItem","position":1,"name":"\u0158e\u0161en\u00ed a slu\u017eby","item":"https:\/\/www.elementlogic.net\/cz\/reseni-a-sluzby\/"},{"@type":"ListItem","position":2,"name":"AutoStore","item":"https:\/\/www.elementlogic.net\/cz\/reseni-a-sluzby\/autostore\/"},{"@type":"ListItem","position":3,"name":"Z\u00e1sobn\u00edky"}]},{"@type":"WebSite","@id":"https:\/\/www.elementlogic.net\/cz\/#website","url":"https:\/\/www.elementlogic.net\/cz\/","name":"Element Logic Czech Republic","description":"","potentialAction":[{"@type":"SearchAction","target":{"@type":"EntryPoint","urlTemplate":"https:\/\/www.elementlogic.net\/cz\/?s={search_term_string}"},"query-input":{"@type":"PropertyValueSpecification","valueRequired":true,"valueName":"search_term_string"}}],"inLanguage":"cs"}]}},"_links":{"self":[{"href":"https:\/\/www.elementlogic.net\/cz\/wp-json\/wp\/v2\/pages\/180"}],"collection":[{"href":"https:\/\/www.elementlogic.net\/cz\/wp-json\/wp\/v2\/pages"}],"about":[{"href":"https:\/\/www.elementlogic.net\/cz\/wp-json\/wp\/v2\/types\/page"}],"author":[{"embeddable":true,"href":"https:\/\/www.elementlogic.net\/cz\/wp-json\/wp\/v2\/users\/3"}],"replies":[{"embeddable":true,"href":"https:\/\/www.elementlogic.net\/cz\/wp-json\/wp\/v2\/comments?post=180"}],"version-history":[{"count":5,"href":"https:\/\/www.elementlogic.net\/cz\/wp-json\/wp\/v2\/pages\/180\/revisions"}],"predecessor-version":[{"id":2028,"href":"https:\/\/www.elementlogic.net\/cz\/wp-json\/wp\/v2\/pages\/180\/revisions\/2028"}],"up":[{"embeddable":true,"href":"https:\/\/www.elementlogic.net\/cz\/wp-json\/wp\/v2\/pages\/212"}],"wp:featuredmedia":[{"embeddable":true,"href":"https:\/\/www.elementlogic.net\/cz\/wp-json\/wp\/v2\/media\/181"}],"wp:attachment":[{"href":"https:\/\/www.elementlogic.net\/cz\/wp-json\/wp\/v2\/media?parent=180"}],"curies":[{"name":"wp","href":"https:\/\/api.w.org\/{rel}","templated":true}]}}