{"id":188,"date":"2024-09-03T15:08:58","date_gmt":"2024-09-03T13:08:58","guid":{"rendered":"https:\/\/www.elementlogic.net\/?page_id=1845"},"modified":"2024-12-05T16:34:27","modified_gmt":"2024-12-05T16:34:27","slug":"ridici-jednotka","status":"publish","type":"page","link":"https:\/\/www.elementlogic.net\/cz\/reseni-a-sluzby\/autostore\/ridici-jednotka\/","title":{"rendered":"\u0158\u00eddic\u00ed jednotka"},"content":{"rendered":"<p class=\"t2-ingress wp-block-t2-ingress\">\u0158\u00eddic\u00ed jednotka AutoStore slou\u017e\u00ed jako centr\u00e1ln\u00ed st\u0159edisko.<\/p>\n\n\n\t\t<div class=\"alignwide is-mode-constrained is-gap-center wp-block-t2-simple-media-text   \">\n\t\t\t<div class=\"t2-simple-media-text__container\">\n\t\t\t\t<div class=\"t2-simple-media-text__image\"><img loading=\"lazy\" decoding=\"async\" width=\"768\" height=\"768\" src=\"https:\/\/www.elementlogic.net\/content\/uploads\/sites\/19\/\/2024\/09\/Controller1-768x768.jpg\" class=\"\" alt=\"\" style=\"--focalpoint: 50% 50%;\" srcset=\"https:\/\/www.elementlogic.net\/content\/uploads\/sites\/19\/2024\/09\/Controller1-768x768.jpg 768w, https:\/\/www.elementlogic.net\/content\/uploads\/sites\/19\/2024\/09\/Controller1-300x300.jpg 300w, https:\/\/www.elementlogic.net\/content\/uploads\/sites\/19\/2024\/09\/Controller1-1024x1024.jpg 1024w, https:\/\/www.elementlogic.net\/content\/uploads\/sites\/19\/2024\/09\/Controller1-150x150.jpg 150w, https:\/\/www.elementlogic.net\/content\/uploads\/sites\/19\/2024\/09\/Controller1-1536x1536.jpg 1536w, https:\/\/www.elementlogic.net\/content\/uploads\/sites\/19\/2024\/09\/Controller1.jpg 1920w\" sizes=\"(max-width: 768px) 100vw, 768px\" \/><\/div>\n\t\t\t\t<div class=\"t2-simple-media-text__content-container\">\n\t\t\t\t\t<div class=\"t2-simple-media-text__content\">\n\t\t\t\t\t\t<div class=\"t2-simple-media-text__content-inner\">\n\t\t\t\t\t\t\t\n\n<p>Zodpov\u00edd\u00e1 za sledov\u00e1n\u00ed polohy p\u0159ihr\u00e1dek, robot\u016f a p\u0159\u00edstav\u016f a \u200b\u200bza \u0159\u00edzen\u00ed provozu a pl\u00e1nov\u00e1n\u00ed tras pro roboty.<\/p>\n\n\n\n<p><\/p>\n\n\n\n<p><a href=\"https:\/\/www.elementlogic.net\/cz\/reseni-a-sluzby\/software\/emanager\/\">Softwarov\u00e1 platforma eManager<\/a> od Element Logic, p\u0159izp\u016fsoben\u00e1 syst\u00e9mu AutoStore, zpracov\u00e1v\u00e1 specifick\u00e9 informace o produktech a operac\u00edch v z\u00e1sobn\u00edc\u00edch.<\/p>\n\n\n\t\t\t\t\t\t<\/div>\n\t\t\t\t\t<\/div>\n\t\t\t\t<\/div>\n\t\t\t<\/div>\n\t\t<\/div>\n\t\t","protected":false},"excerpt":{"rendered":"","protected":false},"author":3,"featured_media":189,"parent":212,"menu_order":0,"comment_status":"closed","ping_status":"closed","template":"","meta":{"hreflang_relation":1845,"_el_cross_publish_source_blog_url":"","_el_cross_publish_source_blog_id":0,"_el_cross_publish_source_post_id":0,"_el_cross_publish_sync_state":"","exclude_from_search":false,"footnotes":""},"class_list":["post-188","page","type-page","status-publish","has-post-thumbnail","hentry"],"yoast_head":"<!-- This site is optimized with the Yoast SEO Premium plugin v23.9 (Yoast SEO v23.9) - https:\/\/yoast.com\/wordpress\/plugins\/seo\/ -->\n<title>\u0158\u00eddic\u00ed jednotka - Element Logic Czech Republic<\/title>\n<meta name=\"description\" content=\"\u0158\u00eddic\u00ed jednotka AutoStore slou\u017e\u00ed jako centr\u00e1ln\u00ed st\u0159edisko.\" \/>\n<meta name=\"robots\" content=\"index, follow, max-snippet:-1, max-image-preview:large, max-video-preview:-1\" \/>\n<link rel=\"canonical\" href=\"https:\/\/www.elementlogic.net\/cz\/reseni-a-sluzby\/autostore\/ridici-jednotka\/\" \/>\n<meta property=\"og:locale\" content=\"cs_CZ\" \/>\n<meta property=\"og:type\" content=\"article\" \/>\n<meta property=\"og:title\" content=\"\u0158\u00eddic\u00ed jednotka\" \/>\n<meta property=\"og:description\" content=\"\u0158\u00eddic\u00ed jednotka AutoStore slou\u017e\u00ed jako centr\u00e1ln\u00ed st\u0159edisko.\" \/>\n<meta property=\"og:url\" content=\"https:\/\/www.elementlogic.net\/cz\/reseni-a-sluzby\/autostore\/ridici-jednotka\/\" \/>\n<meta property=\"og:site_name\" content=\"Element Logic Czech Republic\" \/>\n<meta property=\"article:modified_time\" content=\"2024-12-05T16:34:27+00:00\" \/>\n<meta property=\"og:image\" content=\"https:\/\/www.elementlogic.net\/content\/uploads\/sites\/19\/\/2024\/09\/Controller1.jpg\" \/>\n\t<meta property=\"og:image:width\" content=\"1920\" \/>\n\t<meta property=\"og:image:height\" content=\"1920\" \/>\n\t<meta property=\"og:image:type\" content=\"image\/jpeg\" \/>\n<meta name=\"twitter:card\" content=\"summary_large_image\" \/>\n<meta name=\"twitter:label1\" content=\"Odhadovan\u00e1 doba \u010dten\u00ed\" \/>\n\t<meta name=\"twitter:data1\" content=\"1 minuta\" \/>\n<script type=\"application\/ld+json\" class=\"yoast-schema-graph\">{\"@context\":\"https:\/\/schema.org\",\"@graph\":[{\"@type\":\"WebPage\",\"@id\":\"https:\/\/www.elementlogic.net\/cz\/reseni-a-sluzby\/autostore\/ridici-jednotka\/\",\"url\":\"https:\/\/www.elementlogic.net\/cz\/reseni-a-sluzby\/autostore\/ridici-jednotka\/\",\"name\":\"\u0158\u00eddic\u00ed jednotka - Element Logic Czech Republic\",\"isPartOf\":{\"@id\":\"https:\/\/www.elementlogic.net\/cz\/#website\"},\"primaryImageOfPage\":{\"@id\":\"https:\/\/www.elementlogic.net\/cz\/reseni-a-sluzby\/autostore\/ridici-jednotka\/#primaryimage\"},\"image\":{\"@id\":\"https:\/\/www.elementlogic.net\/cz\/reseni-a-sluzby\/autostore\/ridici-jednotka\/#primaryimage\"},\"thumbnailUrl\":\"https:\/\/www.elementlogic.net\/content\/uploads\/sites\/19\/\/2024\/09\/Controller1.jpg\",\"datePublished\":\"2024-09-03T13:08:58+00:00\",\"dateModified\":\"2024-12-05T16:34:27+00:00\",\"description\":\"\u0158\u00eddic\u00ed jednotka AutoStore slou\u017e\u00ed jako centr\u00e1ln\u00ed st\u0159edisko.\",\"breadcrumb\":{\"@id\":\"https:\/\/www.elementlogic.net\/cz\/reseni-a-sluzby\/autostore\/ridici-jednotka\/#breadcrumb\"},\"inLanguage\":\"cs\",\"potentialAction\":[{\"@type\":\"ReadAction\",\"target\":[\"https:\/\/www.elementlogic.net\/cz\/reseni-a-sluzby\/autostore\/ridici-jednotka\/\"]}]},{\"@type\":\"ImageObject\",\"inLanguage\":\"cs\",\"@id\":\"https:\/\/www.elementlogic.net\/cz\/reseni-a-sluzby\/autostore\/ridici-jednotka\/#primaryimage\",\"url\":\"https:\/\/www.elementlogic.net\/content\/uploads\/sites\/19\/\/2024\/09\/Controller1.jpg\",\"contentUrl\":\"https:\/\/www.elementlogic.net\/content\/uploads\/sites\/19\/\/2024\/09\/Controller1.jpg\",\"width\":1920,\"height\":1920},{\"@type\":\"BreadcrumbList\",\"@id\":\"https:\/\/www.elementlogic.net\/cz\/reseni-a-sluzby\/autostore\/ridici-jednotka\/#breadcrumb\",\"itemListElement\":[{\"@type\":\"ListItem\",\"position\":1,\"name\":\"\u0158e\u0161en\u00ed a slu\u017eby\",\"item\":\"https:\/\/www.elementlogic.net\/cz\/reseni-a-sluzby\/\"},{\"@type\":\"ListItem\",\"position\":2,\"name\":\"AutoStore\",\"item\":\"https:\/\/www.elementlogic.net\/cz\/reseni-a-sluzby\/autostore\/\"},{\"@type\":\"ListItem\",\"position\":3,\"name\":\"\u0158\u00eddic\u00ed jednotka\"}]},{\"@type\":\"WebSite\",\"@id\":\"https:\/\/www.elementlogic.net\/cz\/#website\",\"url\":\"https:\/\/www.elementlogic.net\/cz\/\",\"name\":\"Element Logic Czech Republic\",\"description\":\"\",\"potentialAction\":[{\"@type\":\"SearchAction\",\"target\":{\"@type\":\"EntryPoint\",\"urlTemplate\":\"https:\/\/www.elementlogic.net\/cz\/?s={search_term_string}\"},\"query-input\":{\"@type\":\"PropertyValueSpecification\",\"valueRequired\":true,\"valueName\":\"search_term_string\"}}],\"inLanguage\":\"cs\"}]}<\/script>\n<!-- \/ Yoast SEO Premium plugin. -->","yoast_head_json":{"title":"\u0158\u00eddic\u00ed jednotka - Element Logic Czech Republic","description":"\u0158\u00eddic\u00ed jednotka AutoStore slou\u017e\u00ed jako centr\u00e1ln\u00ed st\u0159edisko.","robots":{"index":"index","follow":"follow","max-snippet":"max-snippet:-1","max-image-preview":"max-image-preview:large","max-video-preview":"max-video-preview:-1"},"canonical":"https:\/\/www.elementlogic.net\/cz\/reseni-a-sluzby\/autostore\/ridici-jednotka\/","og_locale":"cs_CZ","og_type":"article","og_title":"\u0158\u00eddic\u00ed jednotka","og_description":"\u0158\u00eddic\u00ed jednotka AutoStore slou\u017e\u00ed jako centr\u00e1ln\u00ed st\u0159edisko.","og_url":"https:\/\/www.elementlogic.net\/cz\/reseni-a-sluzby\/autostore\/ridici-jednotka\/","og_site_name":"Element Logic Czech Republic","article_modified_time":"2024-12-05T16:34:27+00:00","og_image":[{"width":1920,"height":1920,"url":"https:\/\/www.elementlogic.net\/content\/uploads\/sites\/19\/\/2024\/09\/Controller1.jpg","type":"image\/jpeg"}],"twitter_card":"summary_large_image","twitter_misc":{"Odhadovan\u00e1 doba \u010dten\u00ed":"1 minuta"},"schema":{"@context":"https:\/\/schema.org","@graph":[{"@type":"WebPage","@id":"https:\/\/www.elementlogic.net\/cz\/reseni-a-sluzby\/autostore\/ridici-jednotka\/","url":"https:\/\/www.elementlogic.net\/cz\/reseni-a-sluzby\/autostore\/ridici-jednotka\/","name":"\u0158\u00eddic\u00ed jednotka - Element Logic Czech Republic","isPartOf":{"@id":"https:\/\/www.elementlogic.net\/cz\/#website"},"primaryImageOfPage":{"@id":"https:\/\/www.elementlogic.net\/cz\/reseni-a-sluzby\/autostore\/ridici-jednotka\/#primaryimage"},"image":{"@id":"https:\/\/www.elementlogic.net\/cz\/reseni-a-sluzby\/autostore\/ridici-jednotka\/#primaryimage"},"thumbnailUrl":"https:\/\/www.elementlogic.net\/content\/uploads\/sites\/19\/\/2024\/09\/Controller1.jpg","datePublished":"2024-09-03T13:08:58+00:00","dateModified":"2024-12-05T16:34:27+00:00","description":"\u0158\u00eddic\u00ed jednotka AutoStore slou\u017e\u00ed jako centr\u00e1ln\u00ed st\u0159edisko.","breadcrumb":{"@id":"https:\/\/www.elementlogic.net\/cz\/reseni-a-sluzby\/autostore\/ridici-jednotka\/#breadcrumb"},"inLanguage":"cs","potentialAction":[{"@type":"ReadAction","target":["https:\/\/www.elementlogic.net\/cz\/reseni-a-sluzby\/autostore\/ridici-jednotka\/"]}]},{"@type":"ImageObject","inLanguage":"cs","@id":"https:\/\/www.elementlogic.net\/cz\/reseni-a-sluzby\/autostore\/ridici-jednotka\/#primaryimage","url":"https:\/\/www.elementlogic.net\/content\/uploads\/sites\/19\/\/2024\/09\/Controller1.jpg","contentUrl":"https:\/\/www.elementlogic.net\/content\/uploads\/sites\/19\/\/2024\/09\/Controller1.jpg","width":1920,"height":1920},{"@type":"BreadcrumbList","@id":"https:\/\/www.elementlogic.net\/cz\/reseni-a-sluzby\/autostore\/ridici-jednotka\/#breadcrumb","itemListElement":[{"@type":"ListItem","position":1,"name":"\u0158e\u0161en\u00ed a slu\u017eby","item":"https:\/\/www.elementlogic.net\/cz\/reseni-a-sluzby\/"},{"@type":"ListItem","position":2,"name":"AutoStore","item":"https:\/\/www.elementlogic.net\/cz\/reseni-a-sluzby\/autostore\/"},{"@type":"ListItem","position":3,"name":"\u0158\u00eddic\u00ed jednotka"}]},{"@type":"WebSite","@id":"https:\/\/www.elementlogic.net\/cz\/#website","url":"https:\/\/www.elementlogic.net\/cz\/","name":"Element Logic Czech Republic","description":"","potentialAction":[{"@type":"SearchAction","target":{"@type":"EntryPoint","urlTemplate":"https:\/\/www.elementlogic.net\/cz\/?s={search_term_string}"},"query-input":{"@type":"PropertyValueSpecification","valueRequired":true,"valueName":"search_term_string"}}],"inLanguage":"cs"}]}},"_links":{"self":[{"href":"https:\/\/www.elementlogic.net\/cz\/wp-json\/wp\/v2\/pages\/188"}],"collection":[{"href":"https:\/\/www.elementlogic.net\/cz\/wp-json\/wp\/v2\/pages"}],"about":[{"href":"https:\/\/www.elementlogic.net\/cz\/wp-json\/wp\/v2\/types\/page"}],"author":[{"embeddable":true,"href":"https:\/\/www.elementlogic.net\/cz\/wp-json\/wp\/v2\/users\/3"}],"replies":[{"embeddable":true,"href":"https:\/\/www.elementlogic.net\/cz\/wp-json\/wp\/v2\/comments?post=188"}],"version-history":[{"count":5,"href":"https:\/\/www.elementlogic.net\/cz\/wp-json\/wp\/v2\/pages\/188\/revisions"}],"predecessor-version":[{"id":2025,"href":"https:\/\/www.elementlogic.net\/cz\/wp-json\/wp\/v2\/pages\/188\/revisions\/2025"}],"up":[{"embeddable":true,"href":"https:\/\/www.elementlogic.net\/cz\/wp-json\/wp\/v2\/pages\/212"}],"wp:featuredmedia":[{"embeddable":true,"href":"https:\/\/www.elementlogic.net\/cz\/wp-json\/wp\/v2\/media\/189"}],"wp:attachment":[{"href":"https:\/\/www.elementlogic.net\/cz\/wp-json\/wp\/v2\/media?parent=188"}],"curies":[{"name":"wp","href":"https:\/\/api.w.org\/{rel}","templated":true}]}}