{"id":190,"date":"2024-09-03T15:04:48","date_gmt":"2024-09-03T13:04:48","guid":{"rendered":"https:\/\/www.elementlogic.net\/?page_id=1842"},"modified":"2024-12-05T16:35:15","modified_gmt":"2024-12-05T16:35:15","slug":"roboti","status":"publish","type":"page","link":"https:\/\/www.elementlogic.net\/cz\/reseni-a-sluzby\/autostore\/roboti\/","title":{"rendered":"Roboti"},"content":{"rendered":"<p class=\"t2-ingress wp-block-t2-ingress\">Roboti AutoStore jsou z\u00e1kladem va\u0161eho \u0159e\u0161en\u00ed a ne\u00fanavn\u011b a p\u0159esn\u011b vyb\u00edraj\u00ed a dod\u00e1vaj\u00ed z\u00e1sobn\u00edky (biny).<\/p>\n\n\n\t\t<div class=\"alignwide is-mode-constrained is-gap-center wp-block-t2-simple-media-text   \">\n\t\t\t<div class=\"t2-simple-media-text__container\">\n\t\t\t\t<div class=\"t2-simple-media-text__image\"><video muted autoplay loop style=\"--focalpoint: 50% 50%;\"><source src=\"https:\/\/www.elementlogic.net\/content\/uploads\/sites\/19\/\/2024\/09\/R5-Spin-White-Background-1.mp4\" type=\"video\/mp4\" \/><\/video><\/div>\n\t\t\t\t<div class=\"t2-simple-media-text__content-container\">\n\t\t\t\t\t<div class=\"t2-simple-media-text__content\">\n\t\t\t\t\t\t<div class=\"t2-simple-media-text__content-inner\">\n\t\t\t\t\t\t\t\n\n<p>Vyu\u017e\u00edvaj\u00ed osm kol pro pohyb v p\u011bti sm\u011brech, co\u017e zaji\u0161\u0165uje efektivn\u00ed orientaci v prostoru. Roboti Red Line, v\u010detn\u011b model\u016f R5, R5+, R5 Pro a R5 Pro+, jsou zn\u00e1m\u00e9 svou spolehlivost\u00ed, efektivitou a energetickou \u0161etrnost\u00ed.<\/p>\n\n\n\n<p>Oba roboti pracuj\u00ed nep\u0159etr\u017eit\u011b a v p\u0159\u00edpad\u011b pot\u0159eby se samy nab\u00edjej\u00ed.<\/p>\n\n\n\t\t\t\t\t\t<\/div>\n\t\t\t\t\t<\/div>\n\t\t\t\t<\/div>\n\t\t\t<\/div>\n\t\t<\/div>\n\t\t","protected":false},"excerpt":{"rendered":"","protected":false},"author":3,"featured_media":621,"parent":212,"menu_order":0,"comment_status":"closed","ping_status":"closed","template":"","meta":{"hreflang_relation":1842,"_el_cross_publish_source_blog_url":"","_el_cross_publish_source_blog_id":0,"_el_cross_publish_source_post_id":0,"_el_cross_publish_sync_state":"","exclude_from_search":false,"footnotes":""},"class_list":["post-190","page","type-page","status-publish","has-post-thumbnail","hentry"],"yoast_head":"<!-- This site is optimized with the Yoast SEO Premium plugin v23.9 (Yoast SEO v23.9) - https:\/\/yoast.com\/wordpress\/plugins\/seo\/ -->\n<title>Roboti - Element Logic Czech Republic<\/title>\n<meta name=\"description\" content=\"Roboti AutoStore jsou z\u00e1kladem va\u0161eho \u0159e\u0161en\u00ed a ne\u00fanavn\u011b a p\u0159esn\u011b vyb\u00edraj\u00ed a dod\u00e1vaj\u00ed z\u00e1sobn\u00edky (biny).\" \/>\n<meta name=\"robots\" content=\"index, follow, max-snippet:-1, max-image-preview:large, max-video-preview:-1\" \/>\n<link rel=\"canonical\" href=\"https:\/\/www.elementlogic.net\/cz\/reseni-a-sluzby\/autostore\/roboti\/\" \/>\n<meta property=\"og:locale\" content=\"cs_CZ\" \/>\n<meta property=\"og:type\" content=\"article\" \/>\n<meta property=\"og:title\" content=\"Roboti\" \/>\n<meta property=\"og:description\" content=\"Roboti AutoStore jsou z\u00e1kladem va\u0161eho \u0159e\u0161en\u00ed a ne\u00fanavn\u011b a p\u0159esn\u011b vyb\u00edraj\u00ed a dod\u00e1vaj\u00ed z\u00e1sobn\u00edky (biny).\" \/>\n<meta property=\"og:url\" content=\"https:\/\/www.elementlogic.net\/cz\/reseni-a-sluzby\/autostore\/roboti\/\" \/>\n<meta property=\"og:site_name\" content=\"Element Logic Czech Republic\" \/>\n<meta property=\"article:modified_time\" content=\"2024-12-05T16:35:15+00:00\" \/>\n<meta property=\"og:image\" content=\"https:\/\/www.elementlogic.net\/content\/uploads\/sites\/19\/\/2024\/09\/AutoStore-robot-implemented-by-Element-Logic.jpg\" \/>\n\t<meta property=\"og:image:width\" content=\"2560\" \/>\n\t<meta property=\"og:image:height\" content=\"1708\" \/>\n\t<meta property=\"og:image:type\" content=\"image\/jpeg\" \/>\n<meta name=\"twitter:card\" content=\"summary_large_image\" \/>\n<meta name=\"twitter:label1\" content=\"Odhadovan\u00e1 doba \u010dten\u00ed\" \/>\n\t<meta name=\"twitter:data1\" content=\"1 minuta\" \/>\n<script type=\"application\/ld+json\" class=\"yoast-schema-graph\">{\"@context\":\"https:\/\/schema.org\",\"@graph\":[{\"@type\":\"WebPage\",\"@id\":\"https:\/\/www.elementlogic.net\/cz\/reseni-a-sluzby\/autostore\/roboti\/\",\"url\":\"https:\/\/www.elementlogic.net\/cz\/reseni-a-sluzby\/autostore\/roboti\/\",\"name\":\"Roboti - Element Logic Czech Republic\",\"isPartOf\":{\"@id\":\"https:\/\/www.elementlogic.net\/cz\/#website\"},\"primaryImageOfPage\":{\"@id\":\"https:\/\/www.elementlogic.net\/cz\/reseni-a-sluzby\/autostore\/roboti\/#primaryimage\"},\"image\":{\"@id\":\"https:\/\/www.elementlogic.net\/cz\/reseni-a-sluzby\/autostore\/roboti\/#primaryimage\"},\"thumbnailUrl\":\"https:\/\/www.elementlogic.net\/content\/uploads\/sites\/19\/\/2024\/09\/AutoStore-robot-implemented-by-Element-Logic.jpg\",\"datePublished\":\"2024-09-03T13:04:48+00:00\",\"dateModified\":\"2024-12-05T16:35:15+00:00\",\"description\":\"Roboti AutoStore jsou z\u00e1kladem va\u0161eho \u0159e\u0161en\u00ed a ne\u00fanavn\u011b a p\u0159esn\u011b vyb\u00edraj\u00ed a dod\u00e1vaj\u00ed z\u00e1sobn\u00edky (biny).\",\"breadcrumb\":{\"@id\":\"https:\/\/www.elementlogic.net\/cz\/reseni-a-sluzby\/autostore\/roboti\/#breadcrumb\"},\"inLanguage\":\"cs\",\"potentialAction\":[{\"@type\":\"ReadAction\",\"target\":[\"https:\/\/www.elementlogic.net\/cz\/reseni-a-sluzby\/autostore\/roboti\/\"]}]},{\"@type\":\"ImageObject\",\"inLanguage\":\"cs\",\"@id\":\"https:\/\/www.elementlogic.net\/cz\/reseni-a-sluzby\/autostore\/roboti\/#primaryimage\",\"url\":\"https:\/\/www.elementlogic.net\/content\/uploads\/sites\/19\/\/2024\/09\/AutoStore-robot-implemented-by-Element-Logic.jpg\",\"contentUrl\":\"https:\/\/www.elementlogic.net\/content\/uploads\/sites\/19\/\/2024\/09\/AutoStore-robot-implemented-by-Element-Logic.jpg\",\"width\":2560,\"height\":1708},{\"@type\":\"BreadcrumbList\",\"@id\":\"https:\/\/www.elementlogic.net\/cz\/reseni-a-sluzby\/autostore\/roboti\/#breadcrumb\",\"itemListElement\":[{\"@type\":\"ListItem\",\"position\":1,\"name\":\"\u0158e\u0161en\u00ed a slu\u017eby\",\"item\":\"https:\/\/www.elementlogic.net\/cz\/reseni-a-sluzby\/\"},{\"@type\":\"ListItem\",\"position\":2,\"name\":\"AutoStore\",\"item\":\"https:\/\/www.elementlogic.net\/cz\/reseni-a-sluzby\/autostore\/\"},{\"@type\":\"ListItem\",\"position\":3,\"name\":\"Roboti\"}]},{\"@type\":\"WebSite\",\"@id\":\"https:\/\/www.elementlogic.net\/cz\/#website\",\"url\":\"https:\/\/www.elementlogic.net\/cz\/\",\"name\":\"Element Logic Czech Republic\",\"description\":\"\",\"potentialAction\":[{\"@type\":\"SearchAction\",\"target\":{\"@type\":\"EntryPoint\",\"urlTemplate\":\"https:\/\/www.elementlogic.net\/cz\/?s={search_term_string}\"},\"query-input\":{\"@type\":\"PropertyValueSpecification\",\"valueRequired\":true,\"valueName\":\"search_term_string\"}}],\"inLanguage\":\"cs\"}]}<\/script>\n<!-- \/ Yoast SEO Premium plugin. -->","yoast_head_json":{"title":"Roboti - Element Logic Czech Republic","description":"Roboti AutoStore jsou z\u00e1kladem va\u0161eho \u0159e\u0161en\u00ed a ne\u00fanavn\u011b a p\u0159esn\u011b vyb\u00edraj\u00ed a dod\u00e1vaj\u00ed z\u00e1sobn\u00edky (biny).","robots":{"index":"index","follow":"follow","max-snippet":"max-snippet:-1","max-image-preview":"max-image-preview:large","max-video-preview":"max-video-preview:-1"},"canonical":"https:\/\/www.elementlogic.net\/cz\/reseni-a-sluzby\/autostore\/roboti\/","og_locale":"cs_CZ","og_type":"article","og_title":"Roboti","og_description":"Roboti AutoStore jsou z\u00e1kladem va\u0161eho \u0159e\u0161en\u00ed a ne\u00fanavn\u011b a p\u0159esn\u011b vyb\u00edraj\u00ed a dod\u00e1vaj\u00ed z\u00e1sobn\u00edky (biny).","og_url":"https:\/\/www.elementlogic.net\/cz\/reseni-a-sluzby\/autostore\/roboti\/","og_site_name":"Element Logic Czech Republic","article_modified_time":"2024-12-05T16:35:15+00:00","og_image":[{"width":2560,"height":1708,"url":"https:\/\/www.elementlogic.net\/content\/uploads\/sites\/19\/\/2024\/09\/AutoStore-robot-implemented-by-Element-Logic.jpg","type":"image\/jpeg"}],"twitter_card":"summary_large_image","twitter_misc":{"Odhadovan\u00e1 doba \u010dten\u00ed":"1 minuta"},"schema":{"@context":"https:\/\/schema.org","@graph":[{"@type":"WebPage","@id":"https:\/\/www.elementlogic.net\/cz\/reseni-a-sluzby\/autostore\/roboti\/","url":"https:\/\/www.elementlogic.net\/cz\/reseni-a-sluzby\/autostore\/roboti\/","name":"Roboti - Element Logic Czech Republic","isPartOf":{"@id":"https:\/\/www.elementlogic.net\/cz\/#website"},"primaryImageOfPage":{"@id":"https:\/\/www.elementlogic.net\/cz\/reseni-a-sluzby\/autostore\/roboti\/#primaryimage"},"image":{"@id":"https:\/\/www.elementlogic.net\/cz\/reseni-a-sluzby\/autostore\/roboti\/#primaryimage"},"thumbnailUrl":"https:\/\/www.elementlogic.net\/content\/uploads\/sites\/19\/\/2024\/09\/AutoStore-robot-implemented-by-Element-Logic.jpg","datePublished":"2024-09-03T13:04:48+00:00","dateModified":"2024-12-05T16:35:15+00:00","description":"Roboti AutoStore jsou z\u00e1kladem va\u0161eho \u0159e\u0161en\u00ed a ne\u00fanavn\u011b a p\u0159esn\u011b vyb\u00edraj\u00ed a dod\u00e1vaj\u00ed z\u00e1sobn\u00edky (biny).","breadcrumb":{"@id":"https:\/\/www.elementlogic.net\/cz\/reseni-a-sluzby\/autostore\/roboti\/#breadcrumb"},"inLanguage":"cs","potentialAction":[{"@type":"ReadAction","target":["https:\/\/www.elementlogic.net\/cz\/reseni-a-sluzby\/autostore\/roboti\/"]}]},{"@type":"ImageObject","inLanguage":"cs","@id":"https:\/\/www.elementlogic.net\/cz\/reseni-a-sluzby\/autostore\/roboti\/#primaryimage","url":"https:\/\/www.elementlogic.net\/content\/uploads\/sites\/19\/\/2024\/09\/AutoStore-robot-implemented-by-Element-Logic.jpg","contentUrl":"https:\/\/www.elementlogic.net\/content\/uploads\/sites\/19\/\/2024\/09\/AutoStore-robot-implemented-by-Element-Logic.jpg","width":2560,"height":1708},{"@type":"BreadcrumbList","@id":"https:\/\/www.elementlogic.net\/cz\/reseni-a-sluzby\/autostore\/roboti\/#breadcrumb","itemListElement":[{"@type":"ListItem","position":1,"name":"\u0158e\u0161en\u00ed a slu\u017eby","item":"https:\/\/www.elementlogic.net\/cz\/reseni-a-sluzby\/"},{"@type":"ListItem","position":2,"name":"AutoStore","item":"https:\/\/www.elementlogic.net\/cz\/reseni-a-sluzby\/autostore\/"},{"@type":"ListItem","position":3,"name":"Roboti"}]},{"@type":"WebSite","@id":"https:\/\/www.elementlogic.net\/cz\/#website","url":"https:\/\/www.elementlogic.net\/cz\/","name":"Element Logic Czech Republic","description":"","potentialAction":[{"@type":"SearchAction","target":{"@type":"EntryPoint","urlTemplate":"https:\/\/www.elementlogic.net\/cz\/?s={search_term_string}"},"query-input":{"@type":"PropertyValueSpecification","valueRequired":true,"valueName":"search_term_string"}}],"inLanguage":"cs"}]}},"_links":{"self":[{"href":"https:\/\/www.elementlogic.net\/cz\/wp-json\/wp\/v2\/pages\/190"}],"collection":[{"href":"https:\/\/www.elementlogic.net\/cz\/wp-json\/wp\/v2\/pages"}],"about":[{"href":"https:\/\/www.elementlogic.net\/cz\/wp-json\/wp\/v2\/types\/page"}],"author":[{"embeddable":true,"href":"https:\/\/www.elementlogic.net\/cz\/wp-json\/wp\/v2\/users\/3"}],"replies":[{"embeddable":true,"href":"https:\/\/www.elementlogic.net\/cz\/wp-json\/wp\/v2\/comments?post=190"}],"version-history":[{"count":4,"href":"https:\/\/www.elementlogic.net\/cz\/wp-json\/wp\/v2\/pages\/190\/revisions"}],"predecessor-version":[{"id":2026,"href":"https:\/\/www.elementlogic.net\/cz\/wp-json\/wp\/v2\/pages\/190\/revisions\/2026"}],"up":[{"embeddable":true,"href":"https:\/\/www.elementlogic.net\/cz\/wp-json\/wp\/v2\/pages\/212"}],"wp:featuredmedia":[{"embeddable":true,"href":"https:\/\/www.elementlogic.net\/cz\/wp-json\/wp\/v2\/media\/621"}],"wp:attachment":[{"href":"https:\/\/www.elementlogic.net\/cz\/wp-json\/wp\/v2\/media?parent=190"}],"curies":[{"name":"wp","href":"https:\/\/api.w.org\/{rel}","templated":true}]}}