{"id":214,"date":"2024-08-30T13:31:09","date_gmt":"2024-08-30T11:31:09","guid":{"rendered":"https:\/\/www.elementlogic.net\/?page_id=1574"},"modified":"2024-12-05T16:30:48","modified_gmt":"2024-12-05T16:30:48","slug":"prozkoumejte","status":"publish","type":"page","link":"https:\/\/www.elementlogic.net\/cz\/prozkoumejte\/","title":{"rendered":"Prozkoumejte"},"content":{"rendered":"\n\t\t<div style=\"--dekode-hero-dim:0.5; --t2-icon-fill:var(--wp--preset--color--white); min-height:500px;\" class=\"alignfull dekode-hero-content-position-center has-media-background wp-elements-ecf001cd3e20cb4a2584fdb85f6f4d9b wp-block-dekode-hero has-text-color has-white-color\">\n\t\t\t<img loading=\"lazy\" decoding=\"async\" width=\"1024\" height=\"429\" src=\"https:\/\/www.elementlogic.net\/content\/uploads\/sites\/19\/\/2024\/09\/Wallpaper-10-scaled-1024x429.jpg\" class=\"dekode-hero__image\" alt=\"\" style=\"--focalpoint: 50% 50%;\" srcset=\"https:\/\/www.elementlogic.net\/content\/uploads\/sites\/19\/2024\/09\/Wallpaper-10-scaled-1024x429.jpg 1024w, https:\/\/www.elementlogic.net\/content\/uploads\/sites\/19\/2024\/09\/Wallpaper-10-scaled-300x126.jpg 300w, https:\/\/www.elementlogic.net\/content\/uploads\/sites\/19\/2024\/09\/Wallpaper-10-scaled-768x322.jpg 768w, https:\/\/www.elementlogic.net\/content\/uploads\/sites\/19\/2024\/09\/Wallpaper-10-scaled-1536x643.jpg 1536w, https:\/\/www.elementlogic.net\/content\/uploads\/sites\/19\/2024\/09\/Wallpaper-10-scaled-2048x858.jpg 2048w\" sizes=\"(max-width: 1024px) 100vw, 1024px\" \/>\n\t\t\t<div class=\"dekode-hero__content\">\n\t\t\t\t<div class=\"dekode-hero__container\">\n\t\t\t\t\t\n\n<h1 class=\"wp-block-heading has-text-align-center\" id=\"prozkoumejte\"><strong>Prozkoumejte<\/strong><\/h1>\n\n\n<p class=\"t2-ingress has-text-align-center wp-block-t2-ingress\">Prohlubte sv\u00e9 znalosti o automatizaci sklad\u016f objeven\u00edm na\u0161ich novinek, p\u0159\u00edpadov\u00fdch studi\u00ed, whitepaper\u016f a zaj\u00edmav\u00fdch \u010dl\u00e1nk\u016f.<\/p>\n\n\t\t\t\t<\/div>\n\t\t\t<\/div>\n\t\t<\/div>\n\t\t\n\n\n\t\t<div class=\"alignwide is-mode-constrained is-gap-center wp-block-t2-simple-media-text   \">\n\t\t\t<div class=\"t2-simple-media-text__container\">\n\t\t\t\t<div class=\"t2-simple-media-text__image\"><img loading=\"lazy\" decoding=\"async\" width=\"768\" height=\"512\" src=\"https:\/\/www.elementlogic.net\/content\/uploads\/sites\/19\/\/2024\/09\/Eoperator-768x512.jpeg\" class=\"\" alt=\"\" style=\"--focalpoint: 50% 50%;\" srcset=\"https:\/\/www.elementlogic.net\/content\/uploads\/sites\/19\/2024\/09\/Eoperator-768x512.jpeg 768w, https:\/\/www.elementlogic.net\/content\/uploads\/sites\/19\/2024\/09\/Eoperator-300x200.jpeg 300w, https:\/\/www.elementlogic.net\/content\/uploads\/sites\/19\/2024\/09\/Eoperator-1024x683.jpeg 1024w, https:\/\/www.elementlogic.net\/content\/uploads\/sites\/19\/2024\/09\/Eoperator.jpeg 1080w\" sizes=\"(max-width: 768px) 100vw, 768px\" \/><\/div>\n\t\t\t\t<div class=\"t2-simple-media-text__content-container\">\n\t\t\t\t\t<div class=\"t2-simple-media-text__content\">\n\t\t\t\t\t\t<div class=\"t2-simple-media-text__content-inner\">\n\t\t\t\t\t\t\t\n\n<h3 class=\"wp-block-heading\" id=\"novinky\">Novinky<\/h3>\n\n\n\n<p>Zjist\u011bte v\u00edce o oborov\u00fdch aktualit\u00e1ch, produktech a novink\u00e1ch v Element Logic.<\/p>\n\n\n\n<div class=\"wp-block-buttons is-layout-flex wp-block-buttons-is-layout-flex\">\n<div class=\"wp-block-button is-style-fill has-icon has-icon-theme_arrow\"><a class=\"wp-block-button__link wp-element-button\" href=\"https:\/\/www.elementlogic.net\/cz\/novinky-z-element-logic\/\">Zjist\u011bte v\u00edce<svg xmlns=\"http:\/\/www.w3.org\/2000\/svg\" viewBox=\"0 0 24 24\" height=\"24\" width=\"24\" class=\"t2-icon t2-icon-theme_arrow\" aria-hidden=\"true\" focusable=\"false\"><path d=\"M16.627 12.75H5.25C5.03717 12.75 4.859 12.6782 4.7155 12.5345C4.57183 12.391 4.5 12.2128 4.5 12C4.5 11.7872 4.57183 11.609 4.7155 11.4655C4.859 11.3218 5.03717 11.25 5.25 11.25H16.627L11.4577 6.08076C11.3091 5.93209 11.2357 5.75809 11.2375 5.55876C11.2395 5.35942 11.318 5.18217 11.473 5.02701C11.6282 4.88217 11.8038 4.80717 12 4.80201C12.1962 4.79684 12.3718 4.87184 12.527 5.02701L18.8673 11.3673C18.9609 11.4609 19.0269 11.5597 19.0652 11.6635C19.1037 11.7673 19.123 11.8795 19.123 12C19.123 12.1205 19.1037 12.2327 19.0652 12.3365C19.0269 12.4403 18.9609 12.5391 18.8673 12.6328L12.527 18.973C12.3885 19.1115 12.217 19.1823 12.0125 19.1855C11.808 19.1887 11.6282 19.1178 11.473 18.973C11.318 18.8178 11.2405 18.6397 11.2405 18.4385C11.2405 18.2372 11.318 18.0589 11.473 17.9038L16.627 12.75Z\" fill=\"var(--t2-icon-fill, #000)\"\/><\/svg><\/a><\/div>\n<\/div>\n\n\n\t\t\t\t\t\t<\/div>\n\t\t\t\t\t<\/div>\n\t\t\t\t<\/div>\n\t\t\t<\/div>\n\t\t<\/div>\n\t\t\n\n\n\t\t<div class=\"alignwide is-mode-constrained is-gap-center has-media-on-the-right wp-block-t2-simple-media-text   \">\n\t\t\t<div class=\"t2-simple-media-text__container\">\n\t\t\t\t<div class=\"t2-simple-media-text__image\"><img loading=\"lazy\" decoding=\"async\" width=\"768\" height=\"498\" src=\"https:\/\/www.elementlogic.net\/content\/uploads\/sites\/19\/\/2024\/09\/Element-Logic-and-Bergaard-Amundsen-People-768x498.jpg\" class=\"\" alt=\"\" style=\"--focalpoint: 50% 50%;\" srcset=\"https:\/\/www.elementlogic.net\/content\/uploads\/sites\/19\/2024\/09\/Element-Logic-and-Bergaard-Amundsen-People-768x498.jpg 768w, https:\/\/www.elementlogic.net\/content\/uploads\/sites\/19\/2024\/09\/Element-Logic-and-Bergaard-Amundsen-People-300x194.jpg 300w, https:\/\/www.elementlogic.net\/content\/uploads\/sites\/19\/2024\/09\/Element-Logic-and-Bergaard-Amundsen-People-1024x664.jpg 1024w, https:\/\/www.elementlogic.net\/content\/uploads\/sites\/19\/2024\/09\/Element-Logic-and-Bergaard-Amundsen-People-1536x996.jpg 1536w, https:\/\/www.elementlogic.net\/content\/uploads\/sites\/19\/2024\/09\/Element-Logic-and-Bergaard-Amundsen-People.jpg 1600w\" sizes=\"(max-width: 768px) 100vw, 768px\" \/><\/div>\n\t\t\t\t<div class=\"t2-simple-media-text__content-container\">\n\t\t\t\t\t<div class=\"t2-simple-media-text__content\">\n\t\t\t\t\t\t<div class=\"t2-simple-media-text__content-inner\">\n\t\t\t\t\t\t\t\n\n<h3 class=\"wp-block-heading\" id=\"cases-1\">P\u0159\u00edpadov\u00e9 studie<\/h3>\n\n\n\n<p>Optimalizace sklad\u016f je na\u0161\u00ed v\u00e1\u0161n\u00ed. Pono\u0159te se do na\u0161ich \u00fasp\u011b\u0161n\u00fdch projekt\u016f.<\/p>\n\n\n\n<div class=\"wp-block-buttons is-layout-flex wp-block-buttons-is-layout-flex\">\n<div class=\"wp-block-button is-style-fill has-icon has-icon-theme_arrow\"><a class=\"wp-block-button__link wp-element-button\" href=\"https:\/\/www.elementlogic.net\/cz\/cases\/\">Zjist\u011bte v\u00edce<svg xmlns=\"http:\/\/www.w3.org\/2000\/svg\" viewBox=\"0 0 24 24\" height=\"24\" width=\"24\" class=\"t2-icon t2-icon-theme_arrow\" aria-hidden=\"true\" focusable=\"false\"><path d=\"M16.627 12.75H5.25C5.03717 12.75 4.859 12.6782 4.7155 12.5345C4.57183 12.391 4.5 12.2128 4.5 12C4.5 11.7872 4.57183 11.609 4.7155 11.4655C4.859 11.3218 5.03717 11.25 5.25 11.25H16.627L11.4577 6.08076C11.3091 5.93209 11.2357 5.75809 11.2375 5.55876C11.2395 5.35942 11.318 5.18217 11.473 5.02701C11.6282 4.88217 11.8038 4.80717 12 4.80201C12.1962 4.79684 12.3718 4.87184 12.527 5.02701L18.8673 11.3673C18.9609 11.4609 19.0269 11.5597 19.0652 11.6635C19.1037 11.7673 19.123 11.8795 19.123 12C19.123 12.1205 19.1037 12.2327 19.0652 12.3365C19.0269 12.4403 18.9609 12.5391 18.8673 12.6328L12.527 18.973C12.3885 19.1115 12.217 19.1823 12.0125 19.1855C11.808 19.1887 11.6282 19.1178 11.473 18.973C11.318 18.8178 11.2405 18.6397 11.2405 18.4385C11.2405 18.2372 11.318 18.0589 11.473 17.9038L16.627 12.75Z\" fill=\"var(--t2-icon-fill, #000)\"\/><\/svg><\/a><\/div>\n<\/div>\n\n\n\t\t\t\t\t\t<\/div>\n\t\t\t\t\t<\/div>\n\t\t\t\t<\/div>\n\t\t\t<\/div>\n\t\t<\/div>\n\t\t\n\n\n\t\t<div class=\"alignwide is-mode-constrained is-gap-center wp-block-t2-simple-media-text   \">\n\t\t\t<div class=\"t2-simple-media-text__container\">\n\t\t\t\t<div class=\"t2-simple-media-text__image\"><img loading=\"lazy\" decoding=\"async\" width=\"768\" height=\"512\" src=\"https:\/\/www.elementlogic.net\/content\/uploads\/sites\/19\/\/2024\/09\/EL_eLogiq_-2-1024x683-1-768x512.jpg\" class=\"\" alt=\"\" style=\"--focalpoint: 50% 50%;\" srcset=\"https:\/\/www.elementlogic.net\/content\/uploads\/sites\/19\/2024\/09\/EL_eLogiq_-2-1024x683-1-768x512.jpg 768w, https:\/\/www.elementlogic.net\/content\/uploads\/sites\/19\/2024\/09\/EL_eLogiq_-2-1024x683-1-300x200.jpg 300w, https:\/\/www.elementlogic.net\/content\/uploads\/sites\/19\/2024\/09\/EL_eLogiq_-2-1024x683-1.jpg 1024w\" sizes=\"(max-width: 768px) 100vw, 768px\" \/><\/div>\n\t\t\t\t<div class=\"t2-simple-media-text__content-container\">\n\t\t\t\t\t<div class=\"t2-simple-media-text__content\">\n\t\t\t\t\t\t<div class=\"t2-simple-media-text__content-inner\">\n\t\t\t\t\t\t\t\n\n<h3 class=\"wp-block-heading\" id=\"insighty\">Insighty<\/h3>\n\n\n\n<p>Z\u00edskejte cenn\u00fd vhled do automatizace sklad\u016f a nejnov\u011bj\u0161\u00edch trend\u016f v intralogistice.<\/p>\n\n\n\n<div class=\"wp-block-buttons is-layout-flex wp-block-buttons-is-layout-flex\">\n<div class=\"wp-block-button is-style-fill has-icon has-icon-theme_arrow\"><a class=\"wp-block-button__link wp-element-button\" href=\"https:\/\/www.elementlogic.net\/cz\/insights\/\">Zjist\u011bte v\u00edce<svg xmlns=\"http:\/\/www.w3.org\/2000\/svg\" viewBox=\"0 0 24 24\" height=\"24\" width=\"24\" class=\"t2-icon t2-icon-theme_arrow\" aria-hidden=\"true\" focusable=\"false\"><path d=\"M16.627 12.75H5.25C5.03717 12.75 4.859 12.6782 4.7155 12.5345C4.57183 12.391 4.5 12.2128 4.5 12C4.5 11.7872 4.57183 11.609 4.7155 11.4655C4.859 11.3218 5.03717 11.25 5.25 11.25H16.627L11.4577 6.08076C11.3091 5.93209 11.2357 5.75809 11.2375 5.55876C11.2395 5.35942 11.318 5.18217 11.473 5.02701C11.6282 4.88217 11.8038 4.80717 12 4.80201C12.1962 4.79684 12.3718 4.87184 12.527 5.02701L18.8673 11.3673C18.9609 11.4609 19.0269 11.5597 19.0652 11.6635C19.1037 11.7673 19.123 11.8795 19.123 12C19.123 12.1205 19.1037 12.2327 19.0652 12.3365C19.0269 12.4403 18.9609 12.5391 18.8673 12.6328L12.527 18.973C12.3885 19.1115 12.217 19.1823 12.0125 19.1855C11.808 19.1887 11.6282 19.1178 11.473 18.973C11.318 18.8178 11.2405 18.6397 11.2405 18.4385C11.2405 18.2372 11.318 18.0589 11.473 17.9038L16.627 12.75Z\" fill=\"var(--t2-icon-fill, #000)\"\/><\/svg><\/a><\/div>\n<\/div>\n\n\n\t\t\t\t\t\t<\/div>\n\t\t\t\t\t<\/div>\n\t\t\t\t<\/div>\n\t\t\t<\/div>\n\t\t<\/div>\n\t\t\n\n\n\t\t<div class=\"alignwide is-mode-constrained is-gap-center has-media-on-the-right wp-block-t2-simple-media-text  has-media-shadow has-media-contain\">\n\t\t\t<div class=\"t2-simple-media-text__container\">\n\t\t\t\t<div class=\"t2-simple-media-text__image\"><img loading=\"lazy\" decoding=\"async\" width=\"594\" height=\"842\" src=\"https:\/\/www.elementlogic.net\/content\/uploads\/sites\/19\/\/2024\/09\/Whitepaper_Sustainability.png\" class=\"\" alt=\"\" style=\"--focalpoint: 50% 50%;\" srcset=\"https:\/\/www.elementlogic.net\/content\/uploads\/sites\/19\/2024\/09\/Whitepaper_Sustainability.png 594w, https:\/\/www.elementlogic.net\/content\/uploads\/sites\/19\/2024\/09\/Whitepaper_Sustainability-212x300.png 212w\" sizes=\"(max-width: 594px) 100vw, 594px\" \/><\/div>\n\t\t\t\t<div class=\"t2-simple-media-text__content-container\">\n\t\t\t\t\t<div class=\"t2-simple-media-text__content\">\n\t\t\t\t\t\t<div class=\"t2-simple-media-text__content-inner\">\n\t\t\t\t\t\t\t\n\n<h3 class=\"wp-block-heading\" id=\"whitepapery\">Whitepapery<\/h3>\n\n\n\n<p>Prohl\u00e9dn\u011bte si na\u0161e informa\u010dn\u00ed dokumenty, ve kter\u00fdch naleznete d\u016fkladn\u00e9 anal\u00fdzy, tipy, doporu\u010den\u00ed a nejnov\u011bj\u0161\u00ed trendy v oblasti automatizace sklad\u016f.<\/p>\n\n\n\n<div class=\"wp-block-buttons is-layout-flex wp-block-buttons-is-layout-flex\">\n<div class=\"wp-block-button is-style-fill has-icon has-icon-theme_arrow\"><a class=\"wp-block-button__link wp-element-button\" href=\"https:\/\/www.elementlogic.net\/cz\/whitepaper\/\">Zjist\u011bte v\u00edce<svg xmlns=\"http:\/\/www.w3.org\/2000\/svg\" viewBox=\"0 0 24 24\" height=\"24\" width=\"24\" class=\"t2-icon t2-icon-theme_arrow\" aria-hidden=\"true\" focusable=\"false\"><path d=\"M16.627 12.75H5.25C5.03717 12.75 4.859 12.6782 4.7155 12.5345C4.57183 12.391 4.5 12.2128 4.5 12C4.5 11.7872 4.57183 11.609 4.7155 11.4655C4.859 11.3218 5.03717 11.25 5.25 11.25H16.627L11.4577 6.08076C11.3091 5.93209 11.2357 5.75809 11.2375 5.55876C11.2395 5.35942 11.318 5.18217 11.473 5.02701C11.6282 4.88217 11.8038 4.80717 12 4.80201C12.1962 4.79684 12.3718 4.87184 12.527 5.02701L18.8673 11.3673C18.9609 11.4609 19.0269 11.5597 19.0652 11.6635C19.1037 11.7673 19.123 11.8795 19.123 12C19.123 12.1205 19.1037 12.2327 19.0652 12.3365C19.0269 12.4403 18.9609 12.5391 18.8673 12.6328L12.527 18.973C12.3885 19.1115 12.217 19.1823 12.0125 19.1855C11.808 19.1887 11.6282 19.1178 11.473 18.973C11.318 18.8178 11.2405 18.6397 11.2405 18.4385C11.2405 18.2372 11.318 18.0589 11.473 17.9038L16.627 12.75Z\" fill=\"var(--t2-icon-fill, #000)\"\/><\/svg><\/a><\/div>\n<\/div>\n\n\n\t\t\t\t\t\t<\/div>\n\t\t\t\t\t<\/div>\n\t\t\t\t<\/div>\n\t\t\t<\/div>\n\t\t<\/div>\n\t\t\n\n\n\t\t<div class=\"alignwide is-mode-constrained is-gap-center wp-block-t2-simple-media-text   \">\n\t\t\t<div class=\"t2-simple-media-text__container\">\n\t\t\t\t<div class=\"t2-simple-media-text__image\"><img loading=\"lazy\" decoding=\"async\" width=\"768\" height=\"417\" src=\"https:\/\/www.elementlogic.net\/content\/uploads\/sites\/19\/\/2024\/09\/ImageBank-scaled-768x417.jpg\" class=\"\" alt=\"\" style=\"--focalpoint: 50% 50%;\" srcset=\"https:\/\/www.elementlogic.net\/content\/uploads\/sites\/19\/2024\/09\/ImageBank-scaled-768x417.jpg 768w, https:\/\/www.elementlogic.net\/content\/uploads\/sites\/19\/2024\/09\/ImageBank-scaled-300x163.jpg 300w, https:\/\/www.elementlogic.net\/content\/uploads\/sites\/19\/2024\/09\/ImageBank-scaled-1024x556.jpg 1024w, https:\/\/www.elementlogic.net\/content\/uploads\/sites\/19\/2024\/09\/ImageBank-scaled-1536x834.jpg 1536w, https:\/\/www.elementlogic.net\/content\/uploads\/sites\/19\/2024\/09\/ImageBank-scaled-2048x1112.jpg 2048w\" sizes=\"(max-width: 768px) 100vw, 768px\" \/><\/div>\n\t\t\t\t<div class=\"t2-simple-media-text__content-container\">\n\t\t\t\t\t<div class=\"t2-simple-media-text__content\">\n\t\t\t\t\t\t<div class=\"t2-simple-media-text__content-inner\">\n\t\t\t\t\t\t\t\n\n<h3 class=\"wp-block-heading\" id=\"media\">M\u00e9dia<\/h3>\n\n\n\n<p>Obr\u00e1zky, videa a dal\u0161\u00ed m\u00e9dia od Element Logic.<\/p>\n\n\n\n<div class=\"wp-block-buttons is-layout-flex wp-block-buttons-is-layout-flex\">\n<div class=\"wp-block-button is-style-fill has-icon has-icon-theme_arrow\"><a class=\"wp-block-button__link wp-element-button\" href=\"https:\/\/elementlogic.imageshop.no\/\/1540299\">Zjist\u011bte v\u00edce<svg xmlns=\"http:\/\/www.w3.org\/2000\/svg\" viewBox=\"0 0 24 24\" height=\"24\" width=\"24\" class=\"t2-icon t2-icon-theme_arrow\" aria-hidden=\"true\" focusable=\"false\"><path d=\"M16.627 12.75H5.25C5.03717 12.75 4.859 12.6782 4.7155 12.5345C4.57183 12.391 4.5 12.2128 4.5 12C4.5 11.7872 4.57183 11.609 4.7155 11.4655C4.859 11.3218 5.03717 11.25 5.25 11.25H16.627L11.4577 6.08076C11.3091 5.93209 11.2357 5.75809 11.2375 5.55876C11.2395 5.35942 11.318 5.18217 11.473 5.02701C11.6282 4.88217 11.8038 4.80717 12 4.80201C12.1962 4.79684 12.3718 4.87184 12.527 5.02701L18.8673 11.3673C18.9609 11.4609 19.0269 11.5597 19.0652 11.6635C19.1037 11.7673 19.123 11.8795 19.123 12C19.123 12.1205 19.1037 12.2327 19.0652 12.3365C19.0269 12.4403 18.9609 12.5391 18.8673 12.6328L12.527 18.973C12.3885 19.1115 12.217 19.1823 12.0125 19.1855C11.808 19.1887 11.6282 19.1178 11.473 18.973C11.318 18.8178 11.2405 18.6397 11.2405 18.4385C11.2405 18.2372 11.318 18.0589 11.473 17.9038L16.627 12.75Z\" fill=\"var(--t2-icon-fill, #000)\"\/><\/svg><\/a><\/div>\n<\/div>\n\n\n\t\t\t\t\t\t<\/div>\n\t\t\t\t\t<\/div>\n\t\t\t\t<\/div>\n\t\t\t<\/div>\n\t\t<\/div>\n\t\t","protected":false},"excerpt":{"rendered":"","protected":false},"author":3,"featured_media":215,"parent":0,"menu_order":0,"comment_status":"closed","ping_status":"closed","template":"","meta":{"hreflang_relation":1574,"_el_cross_publish_source_blog_url":"","_el_cross_publish_source_blog_id":0,"_el_cross_publish_source_post_id":0,"_el_cross_publish_sync_state":"","exclude_from_search":false,"footnotes":""},"class_list":["post-214","page","type-page","status-publish","has-post-thumbnail","hentry"],"yoast_head":"<!-- This site is optimized with the Yoast SEO Premium plugin v23.9 (Yoast SEO v23.9) - https:\/\/yoast.com\/wordpress\/plugins\/seo\/ -->\n<title>Prozkoumejte - Element Logic Czech Republic<\/title>\n<meta name=\"description\" content=\"Prohlubte sv\u00e9 znalosti o automatizaci sklad\u016f objeven\u00edm na\u0161ich novinek, p\u0159\u00edpadov\u00fdch studi\u00ed, whitepaper\u016f a zaj\u00edmav\u00fdch \u010dl\u00e1nk\u016f.\" \/>\n<meta name=\"robots\" content=\"index, follow, max-snippet:-1, max-image-preview:large, max-video-preview:-1\" \/>\n<link rel=\"canonical\" href=\"https:\/\/www.elementlogic.net\/cz\/prozkoumejte\/\" \/>\n<meta property=\"og:locale\" content=\"cs_CZ\" \/>\n<meta property=\"og:type\" content=\"article\" \/>\n<meta property=\"og:title\" content=\"Prozkoumejte\" \/>\n<meta property=\"og:description\" content=\"Prohlubte sv\u00e9 znalosti o automatizaci sklad\u016f objeven\u00edm na\u0161ich novinek, p\u0159\u00edpadov\u00fdch studi\u00ed, whitepaper\u016f a zaj\u00edmav\u00fdch \u010dl\u00e1nk\u016f.\" \/>\n<meta property=\"og:url\" content=\"https:\/\/www.elementlogic.net\/cz\/prozkoumejte\/\" \/>\n<meta property=\"og:site_name\" content=\"Element Logic Czech Republic\" \/>\n<meta property=\"article:modified_time\" content=\"2024-12-05T16:30:48+00:00\" \/>\n<meta property=\"og:image\" content=\"https:\/\/www.elementlogic.net\/content\/uploads\/sites\/19\/\/2024\/09\/Wallpaper-10-scaled.jpg\" \/>\n\t<meta property=\"og:image:width\" content=\"2560\" \/>\n\t<meta property=\"og:image:height\" content=\"1072\" \/>\n\t<meta property=\"og:image:type\" content=\"image\/jpeg\" \/>\n<meta name=\"twitter:card\" content=\"summary_large_image\" \/>\n<meta name=\"twitter:label1\" content=\"Odhadovan\u00e1 doba \u010dten\u00ed\" \/>\n\t<meta name=\"twitter:data1\" content=\"1 minuta\" \/>\n<script type=\"application\/ld+json\" class=\"yoast-schema-graph\">{\"@context\":\"https:\/\/schema.org\",\"@graph\":[{\"@type\":\"WebPage\",\"@id\":\"https:\/\/www.elementlogic.net\/cz\/prozkoumejte\/\",\"url\":\"https:\/\/www.elementlogic.net\/cz\/prozkoumejte\/\",\"name\":\"Prozkoumejte - Element Logic Czech Republic\",\"isPartOf\":{\"@id\":\"https:\/\/www.elementlogic.net\/cz\/#website\"},\"primaryImageOfPage\":{\"@id\":\"https:\/\/www.elementlogic.net\/cz\/prozkoumejte\/#primaryimage\"},\"image\":{\"@id\":\"https:\/\/www.elementlogic.net\/cz\/prozkoumejte\/#primaryimage\"},\"thumbnailUrl\":\"https:\/\/www.elementlogic.net\/content\/uploads\/sites\/19\/\/2024\/09\/Wallpaper-10-scaled.jpg\",\"datePublished\":\"2024-08-30T11:31:09+00:00\",\"dateModified\":\"2024-12-05T16:30:48+00:00\",\"description\":\"Prohlubte sv\u00e9 znalosti o automatizaci sklad\u016f objeven\u00edm na\u0161ich novinek, p\u0159\u00edpadov\u00fdch studi\u00ed, whitepaper\u016f a zaj\u00edmav\u00fdch \u010dl\u00e1nk\u016f.\",\"inLanguage\":\"cs\",\"potentialAction\":[{\"@type\":\"ReadAction\",\"target\":[\"https:\/\/www.elementlogic.net\/cz\/prozkoumejte\/\"]}]},{\"@type\":\"ImageObject\",\"inLanguage\":\"cs\",\"@id\":\"https:\/\/www.elementlogic.net\/cz\/prozkoumejte\/#primaryimage\",\"url\":\"https:\/\/www.elementlogic.net\/content\/uploads\/sites\/19\/\/2024\/09\/Wallpaper-10-scaled.jpg\",\"contentUrl\":\"https:\/\/www.elementlogic.net\/content\/uploads\/sites\/19\/\/2024\/09\/Wallpaper-10-scaled.jpg\",\"width\":2560,\"height\":1072},{\"@type\":\"WebSite\",\"@id\":\"https:\/\/www.elementlogic.net\/cz\/#website\",\"url\":\"https:\/\/www.elementlogic.net\/cz\/\",\"name\":\"Element Logic Czech Republic\",\"description\":\"\",\"potentialAction\":[{\"@type\":\"SearchAction\",\"target\":{\"@type\":\"EntryPoint\",\"urlTemplate\":\"https:\/\/www.elementlogic.net\/cz\/?s={search_term_string}\"},\"query-input\":{\"@type\":\"PropertyValueSpecification\",\"valueRequired\":true,\"valueName\":\"search_term_string\"}}],\"inLanguage\":\"cs\"}]}<\/script>\n<!-- \/ Yoast SEO Premium plugin. -->","yoast_head_json":{"title":"Prozkoumejte - Element Logic Czech Republic","description":"Prohlubte sv\u00e9 znalosti o automatizaci sklad\u016f objeven\u00edm na\u0161ich novinek, p\u0159\u00edpadov\u00fdch studi\u00ed, whitepaper\u016f a zaj\u00edmav\u00fdch \u010dl\u00e1nk\u016f.","robots":{"index":"index","follow":"follow","max-snippet":"max-snippet:-1","max-image-preview":"max-image-preview:large","max-video-preview":"max-video-preview:-1"},"canonical":"https:\/\/www.elementlogic.net\/cz\/prozkoumejte\/","og_locale":"cs_CZ","og_type":"article","og_title":"Prozkoumejte","og_description":"Prohlubte sv\u00e9 znalosti o automatizaci sklad\u016f objeven\u00edm na\u0161ich novinek, p\u0159\u00edpadov\u00fdch studi\u00ed, whitepaper\u016f a zaj\u00edmav\u00fdch \u010dl\u00e1nk\u016f.","og_url":"https:\/\/www.elementlogic.net\/cz\/prozkoumejte\/","og_site_name":"Element Logic Czech Republic","article_modified_time":"2024-12-05T16:30:48+00:00","og_image":[{"width":2560,"height":1072,"url":"https:\/\/www.elementlogic.net\/content\/uploads\/sites\/19\/\/2024\/09\/Wallpaper-10-scaled.jpg","type":"image\/jpeg"}],"twitter_card":"summary_large_image","twitter_misc":{"Odhadovan\u00e1 doba \u010dten\u00ed":"1 minuta"},"schema":{"@context":"https:\/\/schema.org","@graph":[{"@type":"WebPage","@id":"https:\/\/www.elementlogic.net\/cz\/prozkoumejte\/","url":"https:\/\/www.elementlogic.net\/cz\/prozkoumejte\/","name":"Prozkoumejte - Element Logic Czech Republic","isPartOf":{"@id":"https:\/\/www.elementlogic.net\/cz\/#website"},"primaryImageOfPage":{"@id":"https:\/\/www.elementlogic.net\/cz\/prozkoumejte\/#primaryimage"},"image":{"@id":"https:\/\/www.elementlogic.net\/cz\/prozkoumejte\/#primaryimage"},"thumbnailUrl":"https:\/\/www.elementlogic.net\/content\/uploads\/sites\/19\/\/2024\/09\/Wallpaper-10-scaled.jpg","datePublished":"2024-08-30T11:31:09+00:00","dateModified":"2024-12-05T16:30:48+00:00","description":"Prohlubte sv\u00e9 znalosti o automatizaci sklad\u016f objeven\u00edm na\u0161ich novinek, p\u0159\u00edpadov\u00fdch studi\u00ed, whitepaper\u016f a zaj\u00edmav\u00fdch \u010dl\u00e1nk\u016f.","inLanguage":"cs","potentialAction":[{"@type":"ReadAction","target":["https:\/\/www.elementlogic.net\/cz\/prozkoumejte\/"]}]},{"@type":"ImageObject","inLanguage":"cs","@id":"https:\/\/www.elementlogic.net\/cz\/prozkoumejte\/#primaryimage","url":"https:\/\/www.elementlogic.net\/content\/uploads\/sites\/19\/\/2024\/09\/Wallpaper-10-scaled.jpg","contentUrl":"https:\/\/www.elementlogic.net\/content\/uploads\/sites\/19\/\/2024\/09\/Wallpaper-10-scaled.jpg","width":2560,"height":1072},{"@type":"WebSite","@id":"https:\/\/www.elementlogic.net\/cz\/#website","url":"https:\/\/www.elementlogic.net\/cz\/","name":"Element Logic Czech Republic","description":"","potentialAction":[{"@type":"SearchAction","target":{"@type":"EntryPoint","urlTemplate":"https:\/\/www.elementlogic.net\/cz\/?s={search_term_string}"},"query-input":{"@type":"PropertyValueSpecification","valueRequired":true,"valueName":"search_term_string"}}],"inLanguage":"cs"}]}},"_links":{"self":[{"href":"https:\/\/www.elementlogic.net\/cz\/wp-json\/wp\/v2\/pages\/214"}],"collection":[{"href":"https:\/\/www.elementlogic.net\/cz\/wp-json\/wp\/v2\/pages"}],"about":[{"href":"https:\/\/www.elementlogic.net\/cz\/wp-json\/wp\/v2\/types\/page"}],"author":[{"embeddable":true,"href":"https:\/\/www.elementlogic.net\/cz\/wp-json\/wp\/v2\/users\/3"}],"replies":[{"embeddable":true,"href":"https:\/\/www.elementlogic.net\/cz\/wp-json\/wp\/v2\/comments?post=214"}],"version-history":[{"count":5,"href":"https:\/\/www.elementlogic.net\/cz\/wp-json\/wp\/v2\/pages\/214\/revisions"}],"predecessor-version":[{"id":2017,"href":"https:\/\/www.elementlogic.net\/cz\/wp-json\/wp\/v2\/pages\/214\/revisions\/2017"}],"wp:featuredmedia":[{"embeddable":true,"href":"https:\/\/www.elementlogic.net\/cz\/wp-json\/wp\/v2\/media\/215"}],"wp:attachment":[{"href":"https:\/\/www.elementlogic.net\/cz\/wp-json\/wp\/v2\/media?parent=214"}],"curies":[{"name":"wp","href":"https:\/\/api.w.org\/{rel}","templated":true}]}}