{"id":42,"date":"2024-09-14T12:41:27","date_gmt":"2024-09-14T10:41:27","guid":{"rendered":"https:\/\/www.elementlogic.net\/?page_id=2673"},"modified":"2024-12-05T16:22:13","modified_gmt":"2024-12-05T16:22:13","slug":"cookie-policy","status":"publish","type":"page","link":"https:\/\/www.elementlogic.net\/cz\/cookie-policy\/","title":{"rendered":"Cookie Policy"},"content":{"rendered":"<p class=\"t2-ingress wp-block-t2-ingress\">Tyto z\u00e1sady pou\u017e\u00edv\u00e1n\u00ed cookies popisuj\u00ed, jak spole\u010dnost Element Logic vyu\u017e\u00edv\u00e1 cookies na sv\u00e9 webov\u00e9 str\u00e1nce https:\/\/www.elementlogic.net\/cz\/.<\/p>\n\n\n<div class=\"wp-block-buttons is-layout-flex wp-block-buttons-is-layout-flex\">\n<div class=\"wp-block-button has-icon has-icon-theme_arrow\"><a class=\"wp-block-button__link wp-element-button\" href=\"#cookies\">Upravte sv\u00e9 p\u0159edvolby soubor\u016f cookie<svg xmlns=\"http:\/\/www.w3.org\/2000\/svg\" viewBox=\"0 0 24 24\" height=\"24\" width=\"24\" class=\"t2-icon t2-icon-theme_arrow\" aria-hidden=\"true\" focusable=\"false\"><path d=\"M16.627 12.75H5.25C5.03717 12.75 4.859 12.6782 4.7155 12.5345C4.57183 12.391 4.5 12.2128 4.5 12C4.5 11.7872 4.57183 11.609 4.7155 11.4655C4.859 11.3218 5.03717 11.25 5.25 11.25H16.627L11.4577 6.08076C11.3091 5.93209 11.2357 5.75809 11.2375 5.55876C11.2395 5.35942 11.318 5.18217 11.473 5.02701C11.6282 4.88217 11.8038 4.80717 12 4.80201C12.1962 4.79684 12.3718 4.87184 12.527 5.02701L18.8673 11.3673C18.9609 11.4609 19.0269 11.5597 19.0652 11.6635C19.1037 11.7673 19.123 11.8795 19.123 12C19.123 12.1205 19.1037 12.2327 19.0652 12.3365C19.0269 12.4403 18.9609 12.5391 18.8673 12.6328L12.527 18.973C12.3885 19.1115 12.217 19.1823 12.0125 19.1855C11.808 19.1887 11.6282 19.1178 11.473 18.973C11.318 18.8178 11.2405 18.6397 11.2405 18.4385C11.2405 18.2372 11.318 18.0589 11.473 17.9038L16.627 12.75Z\" fill=\"var(--t2-icon-fill, #000)\"\/><\/svg><\/a><\/div>\n<\/div>\n\n\n\n<p>Cookies jsou mal\u00e9 textov\u00e9 soubory, kter\u00e9 jsou um\u00edst\u011bny na v\u00e1\u0161 po\u010d\u00edta\u010d webov\u00fdmi str\u00e1nkami, kter\u00e9 nav\u0161t\u011bvujete. Jsou \u0161iroce vyu\u017e\u00edv\u00e1ny pro spr\u00e1vnou funk\u010dnost webov\u00fdch str\u00e1nek nebo pro zv\u00fd\u0161en\u00ed jejich efektivity, a tak\u00e9 pro poskytov\u00e1n\u00ed informac\u00ed vlastn\u00edk\u016fm webu. Spole\u010dnost Element Logic rovn\u011b\u017e pou\u017e\u00edv\u00e1 cookies, a to za t\u0159emi hlavn\u00edmi \u00fa\u010dely:<\/p>\n\n\n\n<ul class=\"wp-block-list\">\n<li>V\u00fdkonnostn\u00ed\u00a0cookies shroma\u017e\u010fuj\u00ed informace o tom, jak n\u00e1v\u0161t\u011bvn\u00edci pou\u017e\u00edvaj\u00ed na\u0161i webovou str\u00e1nku, aby Element Logic v\u011bd\u011bla, jak str\u00e1nka funguje. Tyto cookies Element Logic pou\u017e\u00edv\u00e1, aby zlep\u0161ila funk\u010dnost webov\u00e9 str\u00e1nky. V\u0161echny informace shrom\u00e1\u017ed\u011bn\u00e9 t\u011bmito cookies jsou anonymn\u00ed.<\/li>\n\n\n\n<li>Reklamn\u00ed\u00a0cookies poskytuj\u00ed informace o digit\u00e1ln\u00edm chov\u00e1n\u00ed na\u0161ich n\u00e1v\u0161t\u011bvn\u00edk\u016f. Reklamn\u00ed cookies od slu\u017eby Google AdWords maj\u00ed za c\u00edl znovu zaujmout n\u00e1v\u0161t\u011bvn\u00edky, kte\u0159\u00ed jsou pravd\u011bpodobn\u00fdmi z\u00e1kazn\u00edky na z\u00e1klad\u011b jejich online chov\u00e1n\u00ed na webov\u00fdch str\u00e1nk\u00e1ch. Reklamn\u00ed cookies od Microsoft Dynamics 365 maj\u00ed za c\u00edl distribuovat obsah zalo\u017een\u00fd na z\u00e1jmech st\u00e1vaj\u00edc\u00edm a potenci\u00e1ln\u00edm z\u00e1kazn\u00edk\u016fm.<\/li>\n\n\n\n<li>Funk\u010dn\u00ed\u00a0cookies jsou na na\u0161\u00ed webov\u00e9 str\u00e1nce za \u00fa\u010delem zapamatov\u00e1n\u00ed va\u0161ich v\u00fd\u0161e uveden\u00fdch preferenc\u00ed a zlep\u0161en\u00ed va\u0161eho z\u00e1\u017eitku p\u0159i prohl\u00ed\u017een\u00ed str\u00e1nky. Tyto informace nejsou pou\u017e\u00edv\u00e1ny pro \u017e\u00e1dn\u00e9 jin\u00e9 \u00fa\u010dely.<\/li>\n<\/ul>\n\n\n\n<p>Pokud ud\u011bl\u00edte sv\u016fj souhlas, instalujeme pouze cookies slou\u017e\u00edc\u00ed k t\u011bmto \u00fa\u010del\u016fm.\u00a0<a href=\"#cookies\">Zde<\/a>\u00a0naleznete podrobn\u00fd popis cookies, kter\u00e9 pou\u017e\u00edv\u00e1me. Sv\u016fj souhlas m\u016f\u017eete kdykoli zm\u011bnit nebo odvolat na\u00a0<a href=\"#cookies\">t\u00e9to<\/a>\u00a0str\u00e1nce.<\/p>\n\n\n\n<p>N\u011bkter\u00e9 z n\u00ed\u017ee popsan\u00fdch cookies sb\u00edraj\u00ed osobn\u00ed \u00fadaje. Pro informace o va\u0161ich pr\u00e1vech jako datov\u00e9m subjektu se pros\u00edm odkazujte na na\u0161e\u00a0<a href=\"https:\/\/www.elementlogic.net\/cz\/privacy-policy\/\"><u>Z\u00e1sady ochrany osobn\u00edch \u00fadaj\u016f<\/u><\/a>.<\/p>\n\n\n\n<p>V\u011bt\u0161ina webov\u00fdch prohl\u00ed\u017ee\u010d\u016f tak\u00e9 umo\u017e\u0148uje kontrolu nad v\u011bt\u0161inou cookies prost\u0159ednictv\u00edm nastaven\u00ed prohl\u00ed\u017ee\u010de. Dal\u0161\u00ed informace o cookies, v\u010detn\u011b toho, jak zjistit, jak\u00e9 cookies byly nastaveny, naleznete na&nbsp;<a href=\"http:\/\/www.aboutcookies.org\/\">www.aboutcookies.org<\/a>&nbsp;nebo&nbsp;<a href=\"http:\/\/www.allaboutcookies.org\/\">www.allaboutcookies.org<\/a>. Pro odhl\u00e1\u0161en\u00ed z cookies m\u016f\u017eete tak\u00e9 nav\u0161t\u00edvit&nbsp;<a href=\"http:\/\/www.aboutads.info\/choices\">www.aboutads.info\/choices<\/a>&nbsp;a&nbsp;<a href=\"http:\/\/www.youronlinechoices.eu\/\">www.youronlinechoices.eu<\/a>.<\/p>\n\n\n\n<h3 class=\"wp-block-heading\" id=\"h-google-analytics\"><strong>GOOGLE ANALYTICS<\/strong><\/h3>\n\n\n\n<p>Na t\u00e9to webov\u00e9 str\u00e1nce (<a href=\"https:\/\/www.elementlogic.net\/cz\/\">https:\/\/www.elementlogic.net\/cz\/<\/a>) pou\u017e\u00edv\u00e1me Google Analytics. Tato slu\u017eba vyu\u017e\u00edv\u00e1 cookies k z\u00edsk\u00e1v\u00e1n\u00ed, ukl\u00e1d\u00e1n\u00ed a vyu\u017e\u00edv\u00e1n\u00ed technick\u00fdch informac\u00ed o va\u0161em za\u0159\u00edzen\u00ed a interakci s na\u0161\u00ed webovou str\u00e1nkou (data relace).<\/p>\n\n\n\n<p>Zpracov\u00e1v\u00e1me va\u0161e osobn\u00ed \u00fadaje shrom\u00e1\u017ed\u011bn\u00e9 prost\u0159ednictv\u00edm cookies od Google Analytics, abychom navrhli, optimalizovali, vyhodnotili, vyvinuli a vylep\u0161ili webov\u00e9 str\u00e1nky Element Logic. Google Analytics n\u00e1m poskytuje slu\u017eby webov\u00e9 anal\u00fdzy a vytv\u00e1\u0159\u00ed pseudonymizovan\u00e9 u\u017eivatelsk\u00e9 profily.<\/p>\n\n\n\n<h3 class=\"wp-block-heading\" id=\"h-google-maps\"><strong>GOOGLE MAPS<\/strong><\/h3>\n\n\n\n<p>Na t\u00e9to webov\u00e9 str\u00e1nce (<a href=\"https:\/\/www.elementlogic.net\/cz\/\"><a href=\"https:\/\/www.elementlogic.net\/cz\/\">https:\/\/www.elementlogic.net\/cz\/<\/a><\/a>) pou\u017e\u00edv\u00e1me Google Maps Tato slu\u017eba vyu\u017e\u00edv\u00e1 cookies k shroma\u017e\u010fov\u00e1n\u00ed, ukl\u00e1d\u00e1n\u00ed a vyu\u017e\u00edv\u00e1n\u00ed technick\u00fdch informac\u00ed o va\u0161\u00ed interakci s na\u0161\u00ed webovou str\u00e1nkou (data relace).<\/p>\n\n\n\n<p>Toto je interaktivn\u00ed mapa, kter\u00e1 v\u00e1m umo\u017e\u0148uje zobrazit na\u0161i polohu. Zpracov\u00e1v\u00e1me va\u0161e osobn\u00ed \u00fadaje, abychom v\u00e1m poskytli interaktivn\u00ed mapu a uk\u00e1zali v\u00e1m na\u0161i polohu.<\/p>\n\n\n\n<p>Pokud souhlas\u00edte s pou\u017e\u00edv\u00e1n\u00edm Google Maps, mapa se zobraz\u00ed na na\u0161\u00ed webov\u00e9 str\u00e1nce. Va\u0161e IP adresa a informace o tom, \u017ee jste nav\u0161t\u00edvili na\u0161i webovou str\u00e1nku, budou odesl\u00e1ny spole\u010dnosti Google. Google tyto informace ulo\u017e\u00ed na sv\u00fdch vlastn\u00edch serverech.<\/p>\n\n\n\n<h3 class=\"wp-block-heading\" id=\"h-youtube\"><strong>YOUTUBE<\/strong><\/h3>\n\n\n\n<p>Na t\u00e9to webov\u00e9 str\u00e1nce (<a href=\"https:\/\/www.elementlogic.net\/cz\/\"><a href=\"https:\/\/www.elementlogic.net\/cz\/\">https:\/\/www.elementlogic.net\/cz\/<\/a><\/a>) pou\u017e\u00edv\u00e1me YouTube. Tato slu\u017eba vyu\u017e\u00edv\u00e1 cookies k shroma\u017e\u010fov\u00e1n\u00ed, ukl\u00e1d\u00e1n\u00ed a vyu\u017e\u00edv\u00e1n\u00ed technick\u00fdch informac\u00ed o va\u0161\u00ed interakci s na\u0161\u00ed webovou str\u00e1nkou (data relace).<\/p>\n\n\n\n<p>Pou\u017e\u00edv\u00e1me YouTube v re\u017eimu zv\u00fd\u0161en\u00e9ho soukrom\u00ed, abychom v\u00e1m mohli uk\u00e1zat videa. Zpracov\u00e1v\u00e1me va\u0161e osobn\u00ed \u00fadaje, abychom v\u00e1m poskytli videa z na\u0161eho YouTube kan\u00e1lu.<\/p>\n\n\n\n<p>Re\u017eim zv\u00fd\u0161en\u00e9ho soukrom\u00ed znamen\u00e1, \u017ee YouTube obdr\u017e\u00ed va\u0161i IP adresu, datum a \u010das zobrazen\u00ed videa, a tak\u00e9 informace o tom, \u017ee jste nav\u0161t\u00edvili na\u0161i webovou str\u00e1nku. Tyto \u00fadaje budou p\u0159eneseny na server YouTube pouze v p\u0159\u00edpad\u011b, \u017ee spust\u00edte video.<\/p>\n\n\n\n<h3 class=\"wp-block-heading\" id=\"h-microsoft-clarity\"><strong>MICROSOFT CLARITY<\/strong><\/h3>\n\n\n\n<p>Na t\u00e9to webov\u00e9 str\u00e1nce (<a href=\"https:\/\/www.elementlogic.net\/cz\/\"><a href=\"https:\/\/www.elementlogic.net\/cz\/\">https:\/\/www.elementlogic.net\/cz\/<\/a><\/a>) pou\u017e\u00edv\u00e1me slu\u017ebu Clarity od spole\u010dnosti Microsoft. Clarity je n\u00e1stroj pro anal\u00fdzu chov\u00e1n\u00ed, kter\u00fd n\u00e1m pom\u00e1h\u00e1 pochopit, jak u\u017eivatel\u00e9 interaguj\u00ed s na\u0161\u00ed webovou str\u00e1nkou. Slu\u017eba zpracov\u00e1v\u00e1 data relace a informace o tom, jak se str\u00e1nka vykresluje, a u\u017eivatelsk\u00e9 interakce, jako jsou pohyby my\u0161\u00ed, kliknut\u00ed a scrollov\u00e1n\u00ed.<\/p>\n\n\n\n<p>Upozor\u0148ujeme, \u017ee kdy\u017e d\u00e1te sv\u016fj souhlas, Microsoft shroma\u017e\u010fuje nebo p\u0159ij\u00edm\u00e1 osobn\u00ed \u00fadaje od v\u00e1s, aby mohl poskytovat Microsoft Advertising. Dal\u0161\u00ed informace naleznete v prohl\u00e1\u0161en\u00ed o ochran\u011b soukrom\u00ed spole\u010dnosti Microsoft:&nbsp;<a href=\"https:\/\/privacy.microsoft.com\/en-us\/privacystatement\">https:\/\/privacy.microsoft.com\/en-us\/privacystatement<\/a>.<\/p>\n\n\n\n<h3 class=\"wp-block-heading\" id=\"h-google-adwords\"><strong>GOOGLE ADWORDS<\/strong><\/h3>\n\n\n\n<p>Na t\u00e9to webov\u00e9 str\u00e1nce (<a href=\"https:\/\/www.elementlogic.net\/cz\/\"><a href=\"https:\/\/www.elementlogic.net\/cz\/\">https:\/\/www.elementlogic.net\/cz\/<\/a><\/a>) pou\u017e\u00edv\u00e1me slu\u017ebu Google AdWords. Tuto slu\u017ebu vyu\u017e\u00edv\u00e1me pro c\u00edlenou reklamu sm\u011b\u0159ovanou na slu\u017eby Google a webov\u00e9 str\u00e1nky t\u0159et\u00edch stran.<\/p>\n\n\n\n<p>V\u00edce informac\u00ed o tom, jak Google vyu\u017e\u00edv\u00e1 shrom\u00e1\u017ed\u011bn\u00e9 informace, naleznete zde:&nbsp;<a href=\"https:\/\/policies.google.com\/technologies\/partner-sites\">https:\/\/policies.google.com\/technologies\/partner-sites<\/a>.<\/p>\n\n\n\n<h3 class=\"wp-block-heading\" id=\"h-nbsp-facebook-pixel\"><strong>&nbsp;<\/strong><strong>FACEBOOK-PIXEL<\/strong><\/h3>\n\n\n\n<p>Na t\u00e9to webov\u00e9 str\u00e1nce (<a href=\"https:\/\/www.elementlogic.net\/cz\/\"><a href=\"https:\/\/www.elementlogic.net\/cz\/\">https:\/\/www.elementlogic.net\/cz\/<\/a><\/a>) m\u00e1me implementovanou slu\u017ebu Facebook-pixel. Facebook-pixel je plug-in, kter\u00fd je um\u00edst\u011bn na na\u0161\u00ed webov\u00e9 str\u00e1nce a shroma\u017e\u010fuje informace pro spole\u010dnost Meta. Pixel sb\u00edr\u00e1 informace z cookies ve va\u0161em prohl\u00ed\u017ee\u010di a odes\u00edl\u00e1 je zp\u011bt na Facebook, kde jsou tyto informace kombinov\u00e1ny s daty z va\u0161eho Facebookov\u00e9ho profilu. Shrom\u00e1\u017ed\u011bn\u00e9 informace mohou souviset s va\u0161\u00edm u\u017eivatelsk\u00fdm chov\u00e1n\u00edm (demografick\u00e1 data, jako jsou v\u011bk, pohlav\u00ed, z\u00e1jmy) nebo s akcemi, kter\u00e9 prov\u00e1d\u00edte, jako je klik\u00e1n\u00ed na odkazy. Informace jsou dostupn\u00e9 pouze v anonymizovan\u00e9 a agregovan\u00e9 form\u011b. Tyto informace se vyu\u017e\u00edvaj\u00ed pro analytick\u00e9 \u00fa\u010dely, c\u00edlenou reklamu zalo\u017eenou na va\u0161em u\u017eivatelsk\u00e9m chov\u00e1n\u00ed (remarketing) a pro identifikaci c\u00edlov\u00fdch skupin pro reklamu, kter\u00e9 maj\u00ed profil podobn\u00fd va\u0161emu a maj\u00ed tedy potenci\u00e1ln\u00ed p\u0159\u00edle\u017eitost m\u00edt podobn\u00fd vzor chov\u00e1n\u00ed nebo pot\u0159ebu.<\/p>\n\n\n\n<h3 class=\"wp-block-heading\" id=\"h-nbsp-linkedin-insights\"><strong>&nbsp;<\/strong><strong>LINKEDIN INSIGHTS<\/strong><\/h3>\n\n\n\n<p>Na t\u00e9to webov\u00e9 str\u00e1nce (<a href=\"https:\/\/www.elementlogic.net\/cz\/\"><a href=\"https:\/\/www.elementlogic.net\/cz\/\">https:\/\/www.elementlogic.net\/cz\/<\/a><\/a>) m\u00e1me implementovanou slu\u017ebu LinkedIn Insight. LinkedIn Insight Tag umo\u017e\u0148uje spole\u010dnosti Element Logic shroma\u017e\u010fovat \u00fadaje o n\u00e1v\u0161t\u011bv\u00e1ch \u010dlen\u016f LinkedIn na na\u0161\u00ed webov\u00e9 str\u00e1nce, v\u010detn\u011b URL, odkazuj\u00edc\u00ed str\u00e1nky, IP adresy, vlastnost\u00ed za\u0159\u00edzen\u00ed a prohl\u00ed\u017ee\u010de (user agent) a \u010dasov\u00e9ho raz\u00edtka. Informace se vyu\u017e\u00edvaj\u00ed k zas\u00edl\u00e1n\u00ed c\u00edlen\u00e9 reklamy na z\u00e1klad\u011b shrom\u00e1\u017ed\u011bn\u00fdch \u00fadaj\u016f. IP adresy jsou zkr\u00e1ceny nebo hashov\u00e1ny (kdy\u017e se pou\u017e\u00edvaj\u00ed k dosa\u017een\u00ed \u010dlen\u016f nap\u0159\u00ed\u010d za\u0159\u00edzen\u00edmi) a p\u0159\u00edm\u00e9 identifik\u00e1tory \u010dlen\u016f jsou odstran\u011bny do sedmi dn\u016f, aby byla data pseudonymizov\u00e1na. Tyto zb\u00fdvaj\u00edc\u00ed, pseudonymizovan\u00e9 \u00fadaje jsou pak smaz\u00e1ny do 180 dn\u016f.<\/p>\n","protected":false},"excerpt":{"rendered":"<p>Cookies jsou mal\u00e9 textov\u00e9 soubory, kter\u00e9 jsou um\u00edst\u011bny na v\u00e1\u0161 po\u010d\u00edta\u010d webov\u00fdmi str\u00e1nkami, kter\u00e9 nav\u0161t\u011bvujete. Jsou \u0161iroce vyu\u017e\u00edv\u00e1ny pro spr\u00e1vnou [&hellip;]<\/p>\n","protected":false},"author":3,"featured_media":0,"parent":0,"menu_order":0,"comment_status":"closed","ping_status":"closed","template":"","meta":{"hreflang_relation":2673,"_el_cross_publish_source_blog_url":"","_el_cross_publish_source_blog_id":0,"_el_cross_publish_source_post_id":0,"_el_cross_publish_sync_state":"","exclude_from_search":false,"footnotes":""},"class_list":["post-42","page","type-page","status-publish","hentry"],"yoast_head":"<!-- This site is optimized with the Yoast SEO Premium plugin v23.9 (Yoast SEO v23.9) - https:\/\/yoast.com\/wordpress\/plugins\/seo\/ -->\n<title>Z\u00e1sady pou\u017e\u00edv\u00e1n\u00ed cookies - Element Logic Czech Republic<\/title>\n<meta name=\"description\" content=\"Tyto z\u00e1sady pou\u017e\u00edv\u00e1n\u00ed cookies popisuj\u00ed, jak spole\u010dnost Element Logic vyu\u017e\u00edv\u00e1 cookies na sv\u00e9 webov\u00e9 str\u00e1nce https:\/\/www.elementlogic.net\/cz\/.\" \/>\n<meta name=\"robots\" content=\"index, follow, max-snippet:-1, max-image-preview:large, max-video-preview:-1\" \/>\n<link rel=\"canonical\" href=\"https:\/\/www.elementlogic.net\/cz\/cookie-policy\/\" \/>\n<meta property=\"og:locale\" content=\"cs_CZ\" \/>\n<meta property=\"og:type\" content=\"article\" \/>\n<meta property=\"og:title\" content=\"Cookie Policy\" \/>\n<meta property=\"og:description\" content=\"Tyto z\u00e1sady pou\u017e\u00edv\u00e1n\u00ed cookies popisuj\u00ed, jak spole\u010dnost Element Logic vyu\u017e\u00edv\u00e1 cookies na sv\u00e9 webov\u00e9 str\u00e1nce https:\/\/www.elementlogic.net\/cz\/.\" \/>\n<meta property=\"og:url\" content=\"https:\/\/www.elementlogic.net\/cz\/cookie-policy\/\" \/>\n<meta property=\"og:site_name\" content=\"Element Logic Czech Republic\" \/>\n<meta property=\"article:modified_time\" content=\"2024-12-05T16:22:13+00:00\" \/>\n<meta name=\"twitter:card\" content=\"summary_large_image\" \/>\n<meta name=\"twitter:label1\" content=\"Odhadovan\u00e1 doba \u010dten\u00ed\" \/>\n\t<meta name=\"twitter:data1\" content=\"5 minut\" \/>\n<script type=\"application\/ld+json\" class=\"yoast-schema-graph\">{\"@context\":\"https:\/\/schema.org\",\"@graph\":[{\"@type\":\"WebPage\",\"@id\":\"https:\/\/www.elementlogic.net\/cz\/cookie-policy\/\",\"url\":\"https:\/\/www.elementlogic.net\/cz\/cookie-policy\/\",\"name\":\"Z\u00e1sady pou\u017e\u00edv\u00e1n\u00ed cookies - Element Logic Czech Republic\",\"isPartOf\":{\"@id\":\"https:\/\/www.elementlogic.net\/cz\/#website\"},\"datePublished\":\"2024-09-14T10:41:27+00:00\",\"dateModified\":\"2024-12-05T16:22:13+00:00\",\"description\":\"Tyto z\u00e1sady pou\u017e\u00edv\u00e1n\u00ed cookies popisuj\u00ed, jak spole\u010dnost Element Logic vyu\u017e\u00edv\u00e1 cookies na sv\u00e9 webov\u00e9 str\u00e1nce https:\/\/www.elementlogic.net\/cz\/.\",\"inLanguage\":\"cs\",\"potentialAction\":[{\"@type\":\"ReadAction\",\"target\":[\"https:\/\/www.elementlogic.net\/cz\/cookie-policy\/\"]}]},{\"@type\":\"WebSite\",\"@id\":\"https:\/\/www.elementlogic.net\/cz\/#website\",\"url\":\"https:\/\/www.elementlogic.net\/cz\/\",\"name\":\"Element Logic Czech Republic\",\"description\":\"\",\"potentialAction\":[{\"@type\":\"SearchAction\",\"target\":{\"@type\":\"EntryPoint\",\"urlTemplate\":\"https:\/\/www.elementlogic.net\/cz\/?s={search_term_string}\"},\"query-input\":{\"@type\":\"PropertyValueSpecification\",\"valueRequired\":true,\"valueName\":\"search_term_string\"}}],\"inLanguage\":\"cs\"}]}<\/script>\n<!-- \/ Yoast SEO Premium plugin. -->","yoast_head_json":{"title":"Z\u00e1sady pou\u017e\u00edv\u00e1n\u00ed cookies - Element Logic Czech Republic","description":"Tyto z\u00e1sady pou\u017e\u00edv\u00e1n\u00ed cookies popisuj\u00ed, jak spole\u010dnost Element Logic vyu\u017e\u00edv\u00e1 cookies na sv\u00e9 webov\u00e9 str\u00e1nce https:\/\/www.elementlogic.net\/cz\/.","robots":{"index":"index","follow":"follow","max-snippet":"max-snippet:-1","max-image-preview":"max-image-preview:large","max-video-preview":"max-video-preview:-1"},"canonical":"https:\/\/www.elementlogic.net\/cz\/cookie-policy\/","og_locale":"cs_CZ","og_type":"article","og_title":"Cookie Policy","og_description":"Tyto z\u00e1sady pou\u017e\u00edv\u00e1n\u00ed cookies popisuj\u00ed, jak spole\u010dnost Element Logic vyu\u017e\u00edv\u00e1 cookies na sv\u00e9 webov\u00e9 str\u00e1nce https:\/\/www.elementlogic.net\/cz\/.","og_url":"https:\/\/www.elementlogic.net\/cz\/cookie-policy\/","og_site_name":"Element Logic Czech Republic","article_modified_time":"2024-12-05T16:22:13+00:00","twitter_card":"summary_large_image","twitter_misc":{"Odhadovan\u00e1 doba \u010dten\u00ed":"5 minut"},"schema":{"@context":"https:\/\/schema.org","@graph":[{"@type":"WebPage","@id":"https:\/\/www.elementlogic.net\/cz\/cookie-policy\/","url":"https:\/\/www.elementlogic.net\/cz\/cookie-policy\/","name":"Z\u00e1sady pou\u017e\u00edv\u00e1n\u00ed cookies - Element Logic Czech Republic","isPartOf":{"@id":"https:\/\/www.elementlogic.net\/cz\/#website"},"datePublished":"2024-09-14T10:41:27+00:00","dateModified":"2024-12-05T16:22:13+00:00","description":"Tyto z\u00e1sady pou\u017e\u00edv\u00e1n\u00ed cookies popisuj\u00ed, jak spole\u010dnost Element Logic vyu\u017e\u00edv\u00e1 cookies na sv\u00e9 webov\u00e9 str\u00e1nce https:\/\/www.elementlogic.net\/cz\/.","inLanguage":"cs","potentialAction":[{"@type":"ReadAction","target":["https:\/\/www.elementlogic.net\/cz\/cookie-policy\/"]}]},{"@type":"WebSite","@id":"https:\/\/www.elementlogic.net\/cz\/#website","url":"https:\/\/www.elementlogic.net\/cz\/","name":"Element Logic Czech Republic","description":"","potentialAction":[{"@type":"SearchAction","target":{"@type":"EntryPoint","urlTemplate":"https:\/\/www.elementlogic.net\/cz\/?s={search_term_string}"},"query-input":{"@type":"PropertyValueSpecification","valueRequired":true,"valueName":"search_term_string"}}],"inLanguage":"cs"}]}},"_links":{"self":[{"href":"https:\/\/www.elementlogic.net\/cz\/wp-json\/wp\/v2\/pages\/42"}],"collection":[{"href":"https:\/\/www.elementlogic.net\/cz\/wp-json\/wp\/v2\/pages"}],"about":[{"href":"https:\/\/www.elementlogic.net\/cz\/wp-json\/wp\/v2\/types\/page"}],"author":[{"embeddable":true,"href":"https:\/\/www.elementlogic.net\/cz\/wp-json\/wp\/v2\/users\/3"}],"replies":[{"embeddable":true,"href":"https:\/\/www.elementlogic.net\/cz\/wp-json\/wp\/v2\/comments?post=42"}],"version-history":[{"count":4,"href":"https:\/\/www.elementlogic.net\/cz\/wp-json\/wp\/v2\/pages\/42\/revisions"}],"predecessor-version":[{"id":2005,"href":"https:\/\/www.elementlogic.net\/cz\/wp-json\/wp\/v2\/pages\/42\/revisions\/2005"}],"wp:attachment":[{"href":"https:\/\/www.elementlogic.net\/cz\/wp-json\/wp\/v2\/media?parent=42"}],"curies":[{"name":"wp","href":"https:\/\/api.w.org\/{rel}","templated":true}]}}