{"id":426,"date":"2024-08-22T20:00:56","date_gmt":"2024-08-22T18:00:56","guid":{"rendered":"https:\/\/www.elementlogic.net\/?page_id=291"},"modified":"2024-12-05T16:29:58","modified_gmt":"2024-12-05T16:29:58","slug":"kariera","status":"publish","type":"page","link":"https:\/\/www.elementlogic.net\/cz\/o-nas\/kariera\/","title":{"rendered":"Kari\u00e9ra"},"content":{"rendered":"\n\t\t<div style=\"--dekode-hero-dim:0.5; --t2-icon-fill:var(--wp--preset--color--white); min-height:500px;\" class=\"alignfull dekode-hero-content-position-center has-media-background wp-elements-cb58d6480fd94466ce17c395c73f4be3 wp-block-dekode-hero has-text-color has-white-color\">\n\t\t\t<img loading=\"lazy\" decoding=\"async\" width=\"1024\" height=\"429\" src=\"https:\/\/www.elementlogic.net\/content\/uploads\/sites\/19\/\/2024\/09\/Wallpaper-8-scaled-1024x429.jpg\" class=\"dekode-hero__image\" alt=\"\" style=\"--focalpoint: 52% 37%;\" srcset=\"https:\/\/www.elementlogic.net\/content\/uploads\/sites\/19\/2024\/09\/Wallpaper-8-scaled-1024x429.jpg 1024w, https:\/\/www.elementlogic.net\/content\/uploads\/sites\/19\/2024\/09\/Wallpaper-8-scaled-300x126.jpg 300w, https:\/\/www.elementlogic.net\/content\/uploads\/sites\/19\/2024\/09\/Wallpaper-8-scaled-768x322.jpg 768w, https:\/\/www.elementlogic.net\/content\/uploads\/sites\/19\/2024\/09\/Wallpaper-8-scaled-1536x643.jpg 1536w, https:\/\/www.elementlogic.net\/content\/uploads\/sites\/19\/2024\/09\/Wallpaper-8-scaled-2048x858.jpg 2048w\" sizes=\"(max-width: 1024px) 100vw, 1024px\" \/>\n\t\t\t<div class=\"dekode-hero__content\">\n\t\t\t\t<div class=\"dekode-hero__container\">\n\t\t\t\t\t\n\n<h1 class=\"wp-block-heading has-text-align-center\" id=\"zapaleni-prinasi-vysledky\">Zap\u00e1len\u00ed p\u0159in\u00e1\u0161\u00ed v\u00fdsledky<\/h1>\n\n\n\n<p class=\"has-text-align-center\">Zap\u00e1len\u00ed. Z\u00e1vazek. Spolehlivost. T\u0159i slova, kter\u00e1 charakterizuj\u00ed Element Logic jako pracovi\u0161t\u011b.<\/p>\n\n\n\n<div class=\"wp-block-buttons is-content-justification-center is-layout-flex wp-container-core-buttons-is-layout-1 wp-block-buttons-is-layout-flex\">\n<div class=\"wp-block-button has-icon has-icon-theme_arrow\"><a class=\"wp-block-button__link has-text-align-center wp-element-button\" href=\"https:\/\/careers.elementlogic.net\/\">Voln\u00e1 pracovn\u00ed m\u00edsta<svg xmlns=\"http:\/\/www.w3.org\/2000\/svg\" viewBox=\"0 0 24 24\" height=\"24\" width=\"24\" class=\"t2-icon t2-icon-theme_arrow\" aria-hidden=\"true\" focusable=\"false\"><path d=\"M16.627 12.75H5.25C5.03717 12.75 4.859 12.6782 4.7155 12.5345C4.57183 12.391 4.5 12.2128 4.5 12C4.5 11.7872 4.57183 11.609 4.7155 11.4655C4.859 11.3218 5.03717 11.25 5.25 11.25H16.627L11.4577 6.08076C11.3091 5.93209 11.2357 5.75809 11.2375 5.55876C11.2395 5.35942 11.318 5.18217 11.473 5.02701C11.6282 4.88217 11.8038 4.80717 12 4.80201C12.1962 4.79684 12.3718 4.87184 12.527 5.02701L18.8673 11.3673C18.9609 11.4609 19.0269 11.5597 19.0652 11.6635C19.1037 11.7673 19.123 11.8795 19.123 12C19.123 12.1205 19.1037 12.2327 19.0652 12.3365C19.0269 12.4403 18.9609 12.5391 18.8673 12.6328L12.527 18.973C12.3885 19.1115 12.217 19.1823 12.0125 19.1855C11.808 19.1887 11.6282 19.1178 11.473 18.973C11.318 18.8178 11.2405 18.6397 11.2405 18.4385C11.2405 18.2372 11.318 18.0589 11.473 17.9038L16.627 12.75Z\" fill=\"var(--t2-icon-fill, #000)\"\/><\/svg><\/a><\/div>\n<\/div>\n\n\n\t\t\t\t<\/div>\n\t\t\t<\/div>\n\t\t<\/div>\n\t\t\n\n\n<p><strong><strong>Jako \u017eiv\u00e1 a pulsuj\u00edc\u00ed mezin\u00e1rodn\u00ed spole\u010dnost s vysok\u00fdmi ambicemi, se neust\u00e1le sna\u017e\u00edme b\u00fdt o krok nap\u0159ed \u2013 nejen pro na\u0161e z\u00e1kazn\u00edky, ale tak\u00e9 pro na\u0161e zam\u011bstnance<\/strong><\/strong>.<\/p>\n\n\n\n<p>Pro spole\u010dnost Element Logic je Pr\u00e1ce n\u00e1s bav\u00ed a na\u0161e heslo \u201ejeden t\u00fdm, jeden sen\u201c nez\u016fst\u00e1v\u00e1 jen na pap\u00ed\u0159e, ale denn\u011b je pro\u017e\u00edv\u00e1me.<\/p>\n\n\n\n<p>Spole\u010dnost Element Logic p\u016fsob\u00ed po cel\u00e9m sv\u011bt\u011b. Na\u0161e historie jako\u017eto skandin\u00e1vsk\u00e9 spole\u010dnosti se odr\u00e1\u017e\u00ed v na\u0161ich podnikov\u00fdch hodnot\u00e1ch a organiza\u010dn\u00ed struktu\u0159e. P\u0159esto\u017ee technologie jsou sou\u010d\u00e1st\u00ed na\u0161eho ka\u017edodenn\u00edho \u017eivota, na\u0161\u00ed nejvy\u0161\u0161\u00ed hodnotou jsou lid\u00e9. Na\u0161e firemn\u00ed kultura nen\u00ed zalo\u017een\u00e1 na hierarchii, ale sp\u00ed\u0161e zam\u011b\u0159en\u00e1 na vytv\u00e1\u0159en\u00ed respektuj\u00edc\u00edho a otev\u0159en\u00e9ho prost\u0159ed\u00ed. To n\u00e1m umo\u017e\u0148uje efektivn\u011b spolupracovat p\u0159i hled\u00e1n\u00ed \u0159e\u0161en\u00ed. Stejn\u011b tak klademe d\u016fraz na zdravou rovnov\u00e1hu mezi pracovn\u00edm a soukrom\u00fdm \u017eivotem a aktivn\u011b povzbuzujeme na\u0161e zam\u011bstnance, aby ka\u017ed\u00fd den tr\u00e1vili \u010das aktivn\u00ed \u010dinnost\u00ed.<\/p>\n\n\n<div class=\"wp-block-image-wrapper\">\n<figure class=\"wp-block-image alignleft size-full is-resized\"><img loading=\"lazy\" decoding=\"async\" width=\"350\" height=\"500\" src=\"https:\/\/www.elementlogic.net\/content\/uploads\/sites\/19\/\/2024\/09\/GPTW-1.png\" alt=\"Great Place to Work certificate badge\" class=\"wp-image-719\" style=\"width:125px;height:auto\" srcset=\"https:\/\/www.elementlogic.net\/content\/uploads\/sites\/19\/2024\/09\/GPTW-1.png 350w, https:\/\/www.elementlogic.net\/content\/uploads\/sites\/19\/2024\/09\/GPTW-1-210x300.png 210w\" sizes=\"(max-width: 350px) 100vw, 350px\" \/><\/figure>\n<\/div>\n\n\n<h4 class=\"wp-block-heading\" id=\"great-place-to-work\">GREAT PLACE TO WORK<\/h4>\n\n\n\n<p>Jsme nesm\u00edrn\u011b hrd\u00ed na to, \u017ee jsme certifikov\u00e1ni na\u0161imi zam\u011bstnanci a institutem Great Place to Work. Tento institut prov\u00e1d\u00ed celosv\u011btov\u00fd pr\u016fzkum mezi zam\u011bstnanci a m\u011b\u0159\u00ed jejich spokojenost. D\u016fv\u011bryhodnost, respekt, spravedlnost, hrdost a komunita \u2013 t\u011bchto p\u011bt zkouman\u00fdch dimenz\u00ed poskytuje d\u016fle\u017eit\u00e9 \u00fadaje o tom, jak usp\u011bt jako spole\u010dnost pe\u010duj\u00edc\u00ed o na\u0161e zam\u011bstnance a kulturu.<\/p>\n\n\n\n<p>Jako zam\u011bstnanec spole\u010dnosti Element Logic budete sou\u010d\u00e1st\u00ed \u010dinorod\u00e9ho mezin\u00e1rodn\u00edho prost\u0159ed\u00ed se spoustou prostoru pro vzru\u0161uj\u00edc\u00ed kari\u00e9rn\u00ed p\u0159\u00edle\u017eitosti. Na\u0161e platforma profesion\u00e1ln\u00edho rozvoje Element Academy zaji\u0161\u0165uje, \u017ee v\u0161ichni zam\u011bstnanci Element Logic maj\u00ed p\u0159\u00edstup ke standardizovan\u00e9mu \u0161kolen\u00ed o na\u0161ich produktech, procesech a n\u00e1stroj\u00edch.<\/p>\n\n\n\n<figure class=\"wp-block-embed alignwide is-type-video is-provider-youtube wp-block-embed-youtube wp-embed-aspect-16-9 wp-has-aspect-ratio\"><div class=\"wp-block-embed__wrapper\">\n<iframe loading=\"lazy\" title=\"We are Element Logic | World`s first AutoStore partner | EN\" width=\"500\" height=\"281\" src=\"https:\/\/www.youtube.com\/embed\/1ivTfVEOKc0?feature=oembed\" frameborder=\"0\" allow=\"accelerometer; autoplay; clipboard-write; encrypted-media; gyroscope; picture-in-picture; web-share\" referrerpolicy=\"strict-origin-when-cross-origin\" allowfullscreen><\/iframe>\n<\/div><\/figure>\n\n\n\n\t\t<blockquote class=\"wp-block-dekode-quote\">\n\t\t\t<div class=\"wp-block-dekode-quote__icon\">\n\t\t\t\t<svg xmlns=\"http:\/\/www.w3.org\/2000\/svg\" viewBox=\"0 0 24 24\" height=\"96\" width=\"96\" class=\"t2-icon t2-icon-theme_quote\" aria-hidden=\"true\" focusable=\"false\"><path d=\"M6.7808 16.5288L8.49055 13.5673C8.43289 13.5993 8.36555 13.6217 8.28855 13.6345C8.21155 13.6473 8.13464 13.6538 8.0578 13.6538C7.04114 13.6538 6.17797 13.2958 5.4683 12.5798C4.7588 11.8638 4.40405 11.0038 4.40405 10C4.40405 8.98334 4.7588 8.12017 5.4683 7.4105C6.17797 6.701 7.04114 6.34625 8.0578 6.34625C9.06164 6.34625 9.92155 6.701 10.6376 7.4105C11.3536 8.12017 11.7116 8.98334 11.7116 10C11.7116 10.3513 11.669 10.6783 11.5838 10.9808C11.4985 11.2833 11.3737 11.5718 11.2096 11.8463L8.07305 17.2788C8.00905 17.3904 7.92122 17.4808 7.80955 17.55C7.69805 17.6192 7.57305 17.6538 7.43455 17.6538C7.14739 17.6538 6.93205 17.5288 6.78855 17.2788C6.64489 17.0288 6.6423 16.7788 6.7808 16.5288ZM15.6656 16.5288L17.3751 13.5673C17.3174 13.5993 17.2501 13.6217 17.1731 13.6345C17.0962 13.6473 17.0193 13.6538 16.9423 13.6538C15.9256 13.6538 15.0626 13.2958 14.3531 12.5798C13.6434 11.8638 13.2886 11.0038 13.2886 10C13.2886 8.977 13.6434 8.11225 14.3531 7.40575C15.0626 6.69942 15.9256 6.34625 16.9423 6.34625C17.9461 6.34625 18.8061 6.701 19.5221 7.4105C20.2381 8.12017 20.5961 8.98334 20.5961 10C20.5961 10.3513 20.5535 10.6783 20.4683 10.9808C20.383 11.2833 20.2583 11.5718 20.0943 11.8463L16.9578 17.2788C16.8936 17.3904 16.8058 17.4808 16.6943 17.55C16.5828 17.6192 16.4578 17.6538 16.3193 17.6538C16.0321 17.6538 15.8167 17.5288 15.6731 17.2788C15.5296 17.0288 15.5271 16.7788 15.6656 16.5288Z\" fill=\"var(--t2-icon-fill, #000)\"\/><\/svg>\n\t\t\t<\/div>\n\t\t\t<div class=\"wp-block-dekode-quote__text\">\n\t\t\t\t<p>V\u017edy p\u0159em\u00fd\u0161l\u00edme v souvislostech a \u00fasp\u011bchu dosahujeme d\u00edky skv\u011bl\u00e9 t\u00fdmov\u00e9 spolupr\u00e1ci.<\/p>\n<cite>Sanjin Vujanovic, Key Account Manager Element Logic Denmark<\/cite>\n\t\t\t<\/div>\n\t\t<\/blockquote>","protected":false},"excerpt":{"rendered":"<p>Jako \u017eiv\u00e1 a pulsuj\u00edc\u00ed mezin\u00e1rodn\u00ed spole\u010dnost s vysok\u00fdmi ambicemi, se neust\u00e1le sna\u017e\u00edme b\u00fdt o krok nap\u0159ed \u2013 nejen pro na\u0161e [&hellip;]<\/p>\n","protected":false},"author":5,"featured_media":217,"parent":210,"menu_order":0,"comment_status":"closed","ping_status":"closed","template":"","meta":{"hreflang_relation":291,"_el_cross_publish_source_blog_url":"","_el_cross_publish_source_blog_id":0,"_el_cross_publish_source_post_id":0,"_el_cross_publish_sync_state":"","exclude_from_search":false,"footnotes":""},"class_list":["post-426","page","type-page","status-publish","has-post-thumbnail","hentry"],"yoast_head":"<!-- This site is optimized with the Yoast SEO Premium plugin v23.9 (Yoast SEO v23.9) - https:\/\/yoast.com\/wordpress\/plugins\/seo\/ -->\n<title>Kari\u00e9ra - Element Logic Czech Republic<\/title>\n<meta name=\"description\" content=\"Zap\u00e1len\u00ed. Z\u00e1vazek. Z\u00e1bava. T\u0159i slova, kter\u00e1 charakterizuj\u00ed Element Logic jako pracovi\u0161t\u011b. Jak\u00e1 m\u00e1me voln\u00e1 pracovn\u00ed m\u00edsta?\" \/>\n<meta name=\"robots\" content=\"index, follow, max-snippet:-1, max-image-preview:large, max-video-preview:-1\" \/>\n<link rel=\"canonical\" href=\"https:\/\/www.elementlogic.net\/cz\/o-nas\/kariera\/\" \/>\n<meta property=\"og:locale\" content=\"cs_CZ\" \/>\n<meta property=\"og:type\" content=\"article\" \/>\n<meta property=\"og:title\" content=\"Kari\u00e9ra\" \/>\n<meta property=\"og:description\" content=\"Zap\u00e1len\u00ed. Z\u00e1vazek. Z\u00e1bava. T\u0159i slova, kter\u00e1 charakterizuj\u00ed Element Logic jako pracovi\u0161t\u011b. Jak\u00e1 m\u00e1me voln\u00e1 pracovn\u00ed m\u00edsta?\" \/>\n<meta property=\"og:url\" content=\"https:\/\/www.elementlogic.net\/cz\/o-nas\/kariera\/\" \/>\n<meta property=\"og:site_name\" content=\"Element Logic Czech Republic\" \/>\n<meta property=\"article:modified_time\" content=\"2024-12-05T16:29:58+00:00\" \/>\n<meta property=\"og:image\" content=\"https:\/\/www.elementlogic.net\/content\/uploads\/sites\/19\/\/2024\/09\/Wallpaper-8-scaled.jpg\" \/>\n\t<meta property=\"og:image:width\" content=\"2560\" \/>\n\t<meta property=\"og:image:height\" content=\"1072\" \/>\n\t<meta property=\"og:image:type\" content=\"image\/jpeg\" \/>\n<meta name=\"twitter:card\" content=\"summary_large_image\" \/>\n<meta name=\"twitter:label1\" content=\"Odhadovan\u00e1 doba \u010dten\u00ed\" \/>\n\t<meta name=\"twitter:data1\" content=\"2 minuty\" \/>\n<script type=\"application\/ld+json\" class=\"yoast-schema-graph\">{\"@context\":\"https:\/\/schema.org\",\"@graph\":[{\"@type\":\"WebPage\",\"@id\":\"https:\/\/www.elementlogic.net\/cz\/o-nas\/kariera\/\",\"url\":\"https:\/\/www.elementlogic.net\/cz\/o-nas\/kariera\/\",\"name\":\"Kari\u00e9ra - Element Logic Czech Republic\",\"isPartOf\":{\"@id\":\"https:\/\/www.elementlogic.net\/cz\/#website\"},\"primaryImageOfPage\":{\"@id\":\"https:\/\/www.elementlogic.net\/cz\/o-nas\/kariera\/#primaryimage\"},\"image\":{\"@id\":\"https:\/\/www.elementlogic.net\/cz\/o-nas\/kariera\/#primaryimage\"},\"thumbnailUrl\":\"https:\/\/www.elementlogic.net\/content\/uploads\/sites\/19\/\/2024\/09\/Wallpaper-8-scaled.jpg\",\"datePublished\":\"2024-08-22T18:00:56+00:00\",\"dateModified\":\"2024-12-05T16:29:58+00:00\",\"description\":\"Zap\u00e1len\u00ed. Z\u00e1vazek. Z\u00e1bava. T\u0159i slova, kter\u00e1 charakterizuj\u00ed Element Logic jako pracovi\u0161t\u011b. Jak\u00e1 m\u00e1me voln\u00e1 pracovn\u00ed m\u00edsta?\",\"breadcrumb\":{\"@id\":\"https:\/\/www.elementlogic.net\/cz\/o-nas\/kariera\/#breadcrumb\"},\"inLanguage\":\"cs\",\"potentialAction\":[{\"@type\":\"ReadAction\",\"target\":[\"https:\/\/www.elementlogic.net\/cz\/o-nas\/kariera\/\"]}]},{\"@type\":\"ImageObject\",\"inLanguage\":\"cs\",\"@id\":\"https:\/\/www.elementlogic.net\/cz\/o-nas\/kariera\/#primaryimage\",\"url\":\"https:\/\/www.elementlogic.net\/content\/uploads\/sites\/19\/\/2024\/09\/Wallpaper-8-scaled.jpg\",\"contentUrl\":\"https:\/\/www.elementlogic.net\/content\/uploads\/sites\/19\/\/2024\/09\/Wallpaper-8-scaled.jpg\",\"width\":2560,\"height\":1072},{\"@type\":\"BreadcrumbList\",\"@id\":\"https:\/\/www.elementlogic.net\/cz\/o-nas\/kariera\/#breadcrumb\",\"itemListElement\":[{\"@type\":\"ListItem\",\"position\":1,\"name\":\"O n\u00e1s\",\"item\":\"https:\/\/www.elementlogic.net\/cz\/o-nas\/\"},{\"@type\":\"ListItem\",\"position\":2,\"name\":\"Kari\u00e9ra\"}]},{\"@type\":\"WebSite\",\"@id\":\"https:\/\/www.elementlogic.net\/cz\/#website\",\"url\":\"https:\/\/www.elementlogic.net\/cz\/\",\"name\":\"Element Logic Czech Republic\",\"description\":\"\",\"potentialAction\":[{\"@type\":\"SearchAction\",\"target\":{\"@type\":\"EntryPoint\",\"urlTemplate\":\"https:\/\/www.elementlogic.net\/cz\/?s={search_term_string}\"},\"query-input\":{\"@type\":\"PropertyValueSpecification\",\"valueRequired\":true,\"valueName\":\"search_term_string\"}}],\"inLanguage\":\"cs\"}]}<\/script>\n<!-- \/ Yoast SEO Premium plugin. -->","yoast_head_json":{"title":"Kari\u00e9ra - Element Logic Czech Republic","description":"Zap\u00e1len\u00ed. Z\u00e1vazek. Z\u00e1bava. T\u0159i slova, kter\u00e1 charakterizuj\u00ed Element Logic jako pracovi\u0161t\u011b. Jak\u00e1 m\u00e1me voln\u00e1 pracovn\u00ed m\u00edsta?","robots":{"index":"index","follow":"follow","max-snippet":"max-snippet:-1","max-image-preview":"max-image-preview:large","max-video-preview":"max-video-preview:-1"},"canonical":"https:\/\/www.elementlogic.net\/cz\/o-nas\/kariera\/","og_locale":"cs_CZ","og_type":"article","og_title":"Kari\u00e9ra","og_description":"Zap\u00e1len\u00ed. Z\u00e1vazek. Z\u00e1bava. T\u0159i slova, kter\u00e1 charakterizuj\u00ed Element Logic jako pracovi\u0161t\u011b. Jak\u00e1 m\u00e1me voln\u00e1 pracovn\u00ed m\u00edsta?","og_url":"https:\/\/www.elementlogic.net\/cz\/o-nas\/kariera\/","og_site_name":"Element Logic Czech Republic","article_modified_time":"2024-12-05T16:29:58+00:00","og_image":[{"width":2560,"height":1072,"url":"https:\/\/www.elementlogic.net\/content\/uploads\/sites\/19\/\/2024\/09\/Wallpaper-8-scaled.jpg","type":"image\/jpeg"}],"twitter_card":"summary_large_image","twitter_misc":{"Odhadovan\u00e1 doba \u010dten\u00ed":"2 minuty"},"schema":{"@context":"https:\/\/schema.org","@graph":[{"@type":"WebPage","@id":"https:\/\/www.elementlogic.net\/cz\/o-nas\/kariera\/","url":"https:\/\/www.elementlogic.net\/cz\/o-nas\/kariera\/","name":"Kari\u00e9ra - Element Logic Czech Republic","isPartOf":{"@id":"https:\/\/www.elementlogic.net\/cz\/#website"},"primaryImageOfPage":{"@id":"https:\/\/www.elementlogic.net\/cz\/o-nas\/kariera\/#primaryimage"},"image":{"@id":"https:\/\/www.elementlogic.net\/cz\/o-nas\/kariera\/#primaryimage"},"thumbnailUrl":"https:\/\/www.elementlogic.net\/content\/uploads\/sites\/19\/\/2024\/09\/Wallpaper-8-scaled.jpg","datePublished":"2024-08-22T18:00:56+00:00","dateModified":"2024-12-05T16:29:58+00:00","description":"Zap\u00e1len\u00ed. Z\u00e1vazek. Z\u00e1bava. T\u0159i slova, kter\u00e1 charakterizuj\u00ed Element Logic jako pracovi\u0161t\u011b. Jak\u00e1 m\u00e1me voln\u00e1 pracovn\u00ed m\u00edsta?","breadcrumb":{"@id":"https:\/\/www.elementlogic.net\/cz\/o-nas\/kariera\/#breadcrumb"},"inLanguage":"cs","potentialAction":[{"@type":"ReadAction","target":["https:\/\/www.elementlogic.net\/cz\/o-nas\/kariera\/"]}]},{"@type":"ImageObject","inLanguage":"cs","@id":"https:\/\/www.elementlogic.net\/cz\/o-nas\/kariera\/#primaryimage","url":"https:\/\/www.elementlogic.net\/content\/uploads\/sites\/19\/\/2024\/09\/Wallpaper-8-scaled.jpg","contentUrl":"https:\/\/www.elementlogic.net\/content\/uploads\/sites\/19\/\/2024\/09\/Wallpaper-8-scaled.jpg","width":2560,"height":1072},{"@type":"BreadcrumbList","@id":"https:\/\/www.elementlogic.net\/cz\/o-nas\/kariera\/#breadcrumb","itemListElement":[{"@type":"ListItem","position":1,"name":"O n\u00e1s","item":"https:\/\/www.elementlogic.net\/cz\/o-nas\/"},{"@type":"ListItem","position":2,"name":"Kari\u00e9ra"}]},{"@type":"WebSite","@id":"https:\/\/www.elementlogic.net\/cz\/#website","url":"https:\/\/www.elementlogic.net\/cz\/","name":"Element Logic Czech Republic","description":"","potentialAction":[{"@type":"SearchAction","target":{"@type":"EntryPoint","urlTemplate":"https:\/\/www.elementlogic.net\/cz\/?s={search_term_string}"},"query-input":{"@type":"PropertyValueSpecification","valueRequired":true,"valueName":"search_term_string"}}],"inLanguage":"cs"}]}},"_links":{"self":[{"href":"https:\/\/www.elementlogic.net\/cz\/wp-json\/wp\/v2\/pages\/426"}],"collection":[{"href":"https:\/\/www.elementlogic.net\/cz\/wp-json\/wp\/v2\/pages"}],"about":[{"href":"https:\/\/www.elementlogic.net\/cz\/wp-json\/wp\/v2\/types\/page"}],"author":[{"embeddable":true,"href":"https:\/\/www.elementlogic.net\/cz\/wp-json\/wp\/v2\/users\/5"}],"replies":[{"embeddable":true,"href":"https:\/\/www.elementlogic.net\/cz\/wp-json\/wp\/v2\/comments?post=426"}],"version-history":[{"count":5,"href":"https:\/\/www.elementlogic.net\/cz\/wp-json\/wp\/v2\/pages\/426\/revisions"}],"predecessor-version":[{"id":2014,"href":"https:\/\/www.elementlogic.net\/cz\/wp-json\/wp\/v2\/pages\/426\/revisions\/2014"}],"up":[{"embeddable":true,"href":"https:\/\/www.elementlogic.net\/cz\/wp-json\/wp\/v2\/pages\/210"}],"wp:featuredmedia":[{"embeddable":true,"href":"https:\/\/www.elementlogic.net\/cz\/wp-json\/wp\/v2\/media\/217"}],"wp:attachment":[{"href":"https:\/\/www.elementlogic.net\/cz\/wp-json\/wp\/v2\/media?parent=426"}],"curies":[{"name":"wp","href":"https:\/\/api.w.org\/{rel}","templated":true}]}}