{"id":428,"date":"2024-08-22T19:56:51","date_gmt":"2024-08-22T17:56:51","guid":{"rendered":"https:\/\/www.elementlogic.net\/?page_id=284"},"modified":"2024-12-05T16:30:14","modified_gmt":"2024-12-05T16:30:14","slug":"nas-pribeh","status":"publish","type":"page","link":"https:\/\/www.elementlogic.net\/cz\/o-nas\/nas-pribeh\/","title":{"rendered":"N\u00e1\u0161 p\u0159\u00edb\u011bh"},"content":{"rendered":"\n\t\t<div style=\"--dekode-hero-dim:0.5; --t2-icon-fill:var(--wp--preset--color--white); min-height:500px;\" class=\"alignfull dekode-hero-content-position-center has-media-background wp-elements-5245c45ef98f93215bb955cf7eb6305e wp-block-dekode-hero has-text-color has-white-color\">\n\t\t\t<img loading=\"lazy\" decoding=\"async\" width=\"1024\" height=\"324\" src=\"https:\/\/www.elementlogic.net\/content\/uploads\/sites\/19\/\/2024\/09\/Bergfreunde-AutoStore-Grid-1024x324.jpg\" class=\"dekode-hero__image\" alt=\"\" style=\"--focalpoint: 50% 50%;\" srcset=\"https:\/\/www.elementlogic.net\/content\/uploads\/sites\/19\/2024\/09\/Bergfreunde-AutoStore-Grid-1024x324.jpg 1024w, https:\/\/www.elementlogic.net\/content\/uploads\/sites\/19\/2024\/09\/Bergfreunde-AutoStore-Grid-300x95.jpg 300w, https:\/\/www.elementlogic.net\/content\/uploads\/sites\/19\/2024\/09\/Bergfreunde-AutoStore-Grid-768x243.jpg 768w, https:\/\/www.elementlogic.net\/content\/uploads\/sites\/19\/2024\/09\/Bergfreunde-AutoStore-Grid-1536x486.jpg 1536w, https:\/\/www.elementlogic.net\/content\/uploads\/sites\/19\/2024\/09\/Bergfreunde-AutoStore-Grid.jpg 1600w\" sizes=\"(max-width: 1024px) 100vw, 1024px\" \/>\n\t\t\t<div class=\"dekode-hero__content\">\n\t\t\t\t<div class=\"dekode-hero__container\">\n\t\t\t\t\t\n\n<h1 class=\"wp-block-heading has-text-align-center\" id=\"nas-pribeh\">N\u00e1\u0161 p\u0159\u00edb\u011bh<\/h1>\n\n\n\n<p class=\"has-text-align-center\">Od doby, co spole\u010dnost Element Logic v roce 1985 spat\u0159ila sv\u011btlo sv\u011bta, maximalizujeme \u00fasp\u011bch sklad\u016f po cel\u00e9m sv\u011bt\u011b.<\/p>\n\n\n\n<div class=\"wp-block-buttons is-content-justification-center is-layout-flex wp-container-core-buttons-is-layout-1 wp-block-buttons-is-layout-flex\">\n<div class=\"wp-block-button has-icon has-icon-theme_arrow\"><a class=\"wp-block-button__link wp-element-button\" href=\"https:\/\/www.elementlogic.net\/cz\/kontaktujte-nas\/\">Kontaktujte n\u00e1s je\u0161t\u011b dnes<svg xmlns=\"http:\/\/www.w3.org\/2000\/svg\" viewBox=\"0 0 24 24\" height=\"24\" width=\"24\" class=\"t2-icon t2-icon-theme_arrow\" aria-hidden=\"true\" focusable=\"false\"><path d=\"M16.627 12.75H5.25C5.03717 12.75 4.859 12.6782 4.7155 12.5345C4.57183 12.391 4.5 12.2128 4.5 12C4.5 11.7872 4.57183 11.609 4.7155 11.4655C4.859 11.3218 5.03717 11.25 5.25 11.25H16.627L11.4577 6.08076C11.3091 5.93209 11.2357 5.75809 11.2375 5.55876C11.2395 5.35942 11.318 5.18217 11.473 5.02701C11.6282 4.88217 11.8038 4.80717 12 4.80201C12.1962 4.79684 12.3718 4.87184 12.527 5.02701L18.8673 11.3673C18.9609 11.4609 19.0269 11.5597 19.0652 11.6635C19.1037 11.7673 19.123 11.8795 19.123 12C19.123 12.1205 19.1037 12.2327 19.0652 12.3365C19.0269 12.4403 18.9609 12.5391 18.8673 12.6328L12.527 18.973C12.3885 19.1115 12.217 19.1823 12.0125 19.1855C11.808 19.1887 11.6282 19.1178 11.473 18.973C11.318 18.8178 11.2405 18.6397 11.2405 18.4385C11.2405 18.2372 11.318 18.0589 11.473 17.9038L16.627 12.75Z\" fill=\"var(--t2-icon-fill, #000)\"\/><\/svg><\/a><\/div>\n<\/div>\n\n\n\t\t\t\t<\/div>\n\t\t\t<\/div>\n\t\t<\/div>\n\t\t\n\n\n<figure class=\"wp-block-embed alignwide is-type-video is-provider-youtube wp-block-embed-youtube wp-embed-aspect-16-9 wp-has-aspect-ratio\"><div class=\"wp-block-embed__wrapper\">\n<iframe loading=\"lazy\" title=\"We are Element Logic | World`s first AutoStore partner | EN\" width=\"500\" height=\"281\" src=\"https:\/\/www.youtube.com\/embed\/8p_4EE-z5hA?feature=oembed\" frameborder=\"0\" allow=\"accelerometer; autoplay; clipboard-write; encrypted-media; gyroscope; picture-in-picture; web-share\" referrerpolicy=\"strict-origin-when-cross-origin\" allowfullscreen><\/iframe>\n<\/div><\/figure>\n\n\n\n<h2 class=\"wp-block-heading\" id=\"optimalizace-od-prvniho-dne\"><strong>Optimalizace od prvn\u00edho dne<\/strong><\/h2>\n\n\n\n<p>Od zalo\u017een\u00ed spole\u010dnosti Element Logic v roce 1985 bylo na\u0161\u00edm c\u00edlem optimalizovat v\u00fdkon sklad\u016f. Na\u0161imi prvn\u00edmi automatizovan\u00fdmi produkty byly vertik\u00e1ln\u00ed koloto\u010de a b\u011bhem deseti let se spole\u010dnost Element Logic stala l\u00eddrem na trhu v seversk\u00fdch zem\u00edch. Kl\u00ed\u010d k na\u0161emu \u00fasp\u011bchu byl stejn\u00fd jako dnes: pracovit\u00ed zam\u011bstnanci, kte\u0159\u00ed jsou hrd\u00ed na sv\u00e9 porozum\u011bn\u00ed pot\u0159eb\u00e1m z\u00e1kazn\u00edk\u016f a v\u011b\u0159\u00ed v nov\u00e9 technologie.<\/p>\n\n\n\n<p>Zpo\u010d\u00e1tku jsme vytv\u00e1\u0159eli software na z\u00e1klad\u011b m\u011b\u0159en\u00ed \u010dasu pomoc\u00ed stopek a po\u010d\u00edt\u00e1n\u00ed krok\u016f skladov\u00fdch pracovn\u00edk\u016f. A\u010dkoli na\u0161e metody pokro\u010dily, j\u00e1dro na\u0161eho produktu z\u016fst\u00e1v\u00e1 stejn\u00e9: technologie inteligentn\u00edho automatick\u00e9ho vychyst\u00e1v\u00e1n\u00ed roz\u0161\u00ed\u0159en\u00e1 o n\u00e1\u0161 p\u016fvodn\u00ed software pro zlep\u0161en\u00ed pracovn\u00edho toku skladu.<\/p>\n\n\n\n<figure class=\"wp-block-image size-large\"><img loading=\"lazy\" decoding=\"async\" width=\"1024\" height=\"489\" src=\"https:\/\/www.elementlogic.net\/content\/uploads\/sites\/19\/2024\/10\/image-76-1024x489.png\" alt=\"\" class=\"wp-image-1806\" srcset=\"https:\/\/www.elementlogic.net\/content\/uploads\/sites\/19\/2024\/10\/image-76-1024x489.png 1024w, https:\/\/www.elementlogic.net\/content\/uploads\/sites\/19\/2024\/10\/image-76-300x143.png 300w, https:\/\/www.elementlogic.net\/content\/uploads\/sites\/19\/2024\/10\/image-76-768x367.png 768w, https:\/\/www.elementlogic.net\/content\/uploads\/sites\/19\/2024\/10\/image-76.png 1500w\" sizes=\"(max-width: 1024px) 100vw, 1024px\" \/><\/figure>\n\n\n\n<h2 class=\"wp-block-heading\" id=\"puvodni-partner-autostore\"><strong>P\u016fvodn\u00ed partner AutoStore<\/strong><\/h2>\n\n\n\n<p>V roce 2003 se vyn\u00e1lezce robot\u016f AutoStore Ingvar Hognaland a zakladatel Element Logic Kjell Blakseth setkali na veletrhu. Zat\u00edmco se cel\u00e9 odv\u011btv\u00ed vysm\u00edvalo jejich \u201e\u0161\u00edlen\u00e9mu n\u00e1padu\u201c, n\u00e1m se hned zal\u00edbil. O \u0161est m\u011bs\u00edc\u016f pozd\u011bji realizovala spole\u010dnost Element Logic prvn\u00ed za\u0159\u00edzen\u00ed AutoStore na sv\u011bt\u011b.<\/p>\n\n\n\n<p>Po\u010d\u00e1te\u010dn\u00ed roky partnerstv\u00ed v\u0161ak byly t\u011b\u017ek\u00e9. Trh se b\u00e1l automatizace a lid\u00e9 se zam\u011b\u0159ovali na souvisej\u00edc\u00ed rizika. A\u010dkoli byl produkt v plenk\u00e1ch a nem\u011bl dobu provozu, kterou je dnes pov\u011bstn\u00fd, jeho potenci\u00e1l byl z\u0159ejm\u00fd, p\u0159inejmen\u0161\u00edm pro spole\u010dnost Element Logic.<\/p>\n\n\n\n<p>Mezi spole\u010dnostmi Element Logic a <a href=\"https:\/\/www.autostoresystem.com\/\">AutoStore<\/a> se vytvo\u0159ilo pevn\u00e9 pouto. Dv\u011b spole\u010dnosti, kter\u00e9 se navz\u00e1jem znaj\u00ed a jedna o druhou pe\u010duje. Nakonec spolu srostly, kdy\u017e se produkt zdokonalil a trh pro n\u011bj za\u010dal dozr\u00e1vat.<\/p>\n\n\n\n<figure class=\"wp-block-image size-large\"><img loading=\"lazy\" decoding=\"async\" width=\"1024\" height=\"526\" src=\"https:\/\/www.elementlogic.net\/content\/uploads\/sites\/19\/2024\/10\/image-77-1024x526.png\" alt=\"\" class=\"wp-image-1807\" srcset=\"https:\/\/www.elementlogic.net\/content\/uploads\/sites\/19\/2024\/10\/image-77-1024x526.png 1024w, https:\/\/www.elementlogic.net\/content\/uploads\/sites\/19\/2024\/10\/image-77-300x154.png 300w, https:\/\/www.elementlogic.net\/content\/uploads\/sites\/19\/2024\/10\/image-77-768x395.png 768w, https:\/\/www.elementlogic.net\/content\/uploads\/sites\/19\/2024\/10\/image-77.png 1500w\" sizes=\"(max-width: 1024px) 100vw, 1024px\" \/><\/figure>\n\n\n\n<h2 class=\"wp-block-heading\" id=\"h-expanze\"><strong>Expanze<\/strong><\/h2>\n\n\n\n<p>Seversk\u00e9 zem\u011b byly v\u017edy domovsk\u00fdm trhem spole\u010dnosti Element Logic, ale v roce 2015 jsme prodali n\u00e1\u0161 prvn\u00ed projekt AutoStore mimo tuto oblast a n\u00e1sleduj\u00edc\u00ed rok se p\u0159es pades\u00e1t procent na\u0161ich p\u0159\u00edjm\u016f generovalo mimo Norsko. V roce 2016 jsme otev\u0159eli n\u011bmeckou pobo\u010dku a pot\u00e9 p\u0159i\u0161lo na \u0159adu Spojen\u00e9 kr\u00e1lovstv\u00ed a Francie. P\u0159ib\u00fdvaly zem\u011b, kde jsme pom\u00e1hali sklad\u016fm k budouc\u00edmu \u00fasp\u011bchu a navrhovali chytr\u00e1 \u0159e\u0161en\u00ed AutoStore, co\u017e p\u0159ineslo v\u00fdznamnou p\u0159eshrani\u010dn\u00ed efektivitu. Postupn\u011b jsme vybudovali nejv\u011bt\u0161\u00ed i nejmen\u0161\u00ed za\u0159\u00edzen\u00ed AutoStore na sv\u011bt\u011b.<\/p>\n\n\n\n<p>V roce 2020 z\u00edskala spole\u010dnost Element Logic pln\u00e1 evropsk\u00e1 distribu\u010dn\u00ed pr\u00e1va pro AutoStore a n\u00e1sledn\u011b zah\u00e1jila plnohodnotn\u00fd provoz v Polsku a Beneluxu. Nyn\u00ed hrd\u011b ozna\u010dujeme celou Evropu jako sv\u016fj dom\u00e1c\u00ed trh. Od roku 2020 jsme tak\u00e9 nejv\u011bt\u0161\u00edm distributorem AutoStore\u00ae. V&nbsp;roce 2022 jsme z\u00edskali glob\u00e1ln\u00ed pr\u00e1va na jeho distribuci, a tak\u00e9 absolvovali akvizici spole\u010dnosti SDI Industries, co\u017e z&nbsp;n\u00e1s d\u011bl\u00e1 jednoho z&nbsp;nejv\u011bt\u0161\u00edch dodavatel\u016f syst\u00e9mu na sv\u011bt\u011b.<\/p>\n\n\n\n<figure class=\"wp-block-image size-large\"><img loading=\"lazy\" decoding=\"async\" width=\"1024\" height=\"568\" src=\"https:\/\/www.elementlogic.net\/content\/uploads\/sites\/19\/2024\/10\/image-78-1024x568.png\" alt=\"\" class=\"wp-image-1808\" srcset=\"https:\/\/www.elementlogic.net\/content\/uploads\/sites\/19\/2024\/10\/image-78-1024x568.png 1024w, https:\/\/www.elementlogic.net\/content\/uploads\/sites\/19\/2024\/10\/image-78-300x166.png 300w, https:\/\/www.elementlogic.net\/content\/uploads\/sites\/19\/2024\/10\/image-78-768x426.png 768w, https:\/\/www.elementlogic.net\/content\/uploads\/sites\/19\/2024\/10\/image-78-1536x851.png 1536w, https:\/\/www.elementlogic.net\/content\/uploads\/sites\/19\/2024\/10\/image-78.png 2048w\" sizes=\"(max-width: 1024px) 100vw, 1024px\" \/><\/figure>\n\n\n\n<h2 class=\"wp-block-heading\" id=\"rizeno-technologii\"><strong>\u0158\u00edzeno technologi\u00ed<\/strong><\/h2>\n\n\n\n<p>Od doby, kdy jsme v roce 1985 zakoupili n\u00e1\u0161 prvn\u00ed po\u010d\u00edta\u010d, jsme nikdy neztratili v\u00edru v nov\u00e9 technologie. Spole\u010dnost Element Logic m\u00e1 v DNA zak\u00f3dov\u00e1no jejich rychl\u00e9 osvojen\u00ed, proto jsme na\u0161e podnik\u00e1n\u00ed zalo\u017eili na technologii. N\u00e1\u0161 software pat\u0159\u00ed k na\u0161im nejoce\u0148ovan\u011bj\u0161\u00edm deviz\u00e1m, proto\u017ee umo\u017e\u0148uje na\u0161im z\u00e1kazn\u00edk\u016fm maximalizovat efektivitu AutoStore a zv\u00fd\u0161it produktivitu skladu. Na\u0161e odd\u011blen\u00ed v\u00fdzkumu a v\u00fdvoje neust\u00e1le pracuje na jeho zdokonalen\u00ed.<\/p>\n\n\n\n<p>Jako pr\u016fkopn\u00edci AutoStore jsme fanou\u0161ky robot\u016f, kte\u0159\u00ed zlep\u0161uj\u00ed provoz sklad\u016f. Proto spole\u010dnost Element Logic uzav\u0159ela partnerstv\u00ed se spole\u010dnost\u00ed <a href=\"https:\/\/righthandrobotics.com\/\">Right Hand Robotics<\/a> a uvedla na trh robotick\u00e9 rameno s technologi\u00ed strojov\u00e9ho u\u010den\u00ed. Robotick\u00e9 rameno lze instalovat na vychyst\u00e1vac\u00ed stanici a dok\u00e1\u017ee vychyst\u00e1vat p\u0159edm\u011bty, s nimi\u017e se dosud nesetkalo. Zat\u00edmco vychyst\u00e1v\u00e1, neust\u00e1le se u\u010d\u00ed a zlep\u0161uje. N\u00e1\u0161 testovac\u00ed klient k&nbsp;tomu uv\u00e1d\u00ed: \u201eToto je budoucnost intralogistiky, o tom nen\u00ed pochyb.\u201c<\/p>\n\n\n\n<h2 class=\"wp-block-heading\" id=\"pohaneno-lidmi\"><strong>Poh\u00e1n\u011bno lidmi<\/strong><\/h2>\n\n\n\n<p>P\u0159esto\u017ee spole\u010dnost Element Logic denn\u011b pracuje s neuv\u011b\u0159itelnou technologi\u00ed, lid\u00ed si v\u00e1\u017e\u00ed je\u0161t\u011b v\u00edce. Na\u0161e kultura je zalo\u017eena na omezen\u00ed hierarchick\u00e9ho prvku; zam\u011b\u0159ujeme se na vytv\u00e1\u0159en\u00ed uctiv\u00e9ho, pokorn\u00e9ho a otev\u0159en\u00e9ho prost\u0159ed\u00ed. To tak\u00e9 charakterizuje zp\u016fsob, jak\u00fdm jedn\u00e1me se z\u00e1kazn\u00edky a jejich po\u017eadavky: nic nen\u00ed p\u0159\u00edli\u0161 mal\u00e9 nebo p\u0159\u00edli\u0161 velk\u00e9.<\/p>\n\n\n\n\t\t<div class=\"alignwide wp-block-dekode-simple-cta\">\n\t\t\t<div class=\"dekode-simple-cta__inner\">\n\n<h2 class=\"wp-block-heading\" id=\"spojte-se-s-nami-prostrednictvim-sve-nejblizsi-pobocky\">Spojte se s n\u00e1mi prost\u0159ednictv\u00edm sv\u00e9 nejbli\u017e\u0161\u00ed pobo\u010dky.<\/h2>\n\n\n\n<div class=\"wp-block-buttons is-layout-flex wp-block-buttons-is-layout-flex\">\n<div class=\"wp-block-button has-icon has-icon-theme_arrow\"><a class=\"wp-block-button__link wp-element-button\" href=\"https:\/\/www.elementlogic.net\/about-us\/locations\/\">Na\u0161e pobo\u010dky<svg xmlns=\"http:\/\/www.w3.org\/2000\/svg\" viewBox=\"0 0 24 24\" height=\"24\" width=\"24\" class=\"t2-icon t2-icon-theme_arrow\" aria-hidden=\"true\" focusable=\"false\"><path d=\"M16.627 12.75H5.25C5.03717 12.75 4.859 12.6782 4.7155 12.5345C4.57183 12.391 4.5 12.2128 4.5 12C4.5 11.7872 4.57183 11.609 4.7155 11.4655C4.859 11.3218 5.03717 11.25 5.25 11.25H16.627L11.4577 6.08076C11.3091 5.93209 11.2357 5.75809 11.2375 5.55876C11.2395 5.35942 11.318 5.18217 11.473 5.02701C11.6282 4.88217 11.8038 4.80717 12 4.80201C12.1962 4.79684 12.3718 4.87184 12.527 5.02701L18.8673 11.3673C18.9609 11.4609 19.0269 11.5597 19.0652 11.6635C19.1037 11.7673 19.123 11.8795 19.123 12C19.123 12.1205 19.1037 12.2327 19.0652 12.3365C19.0269 12.4403 18.9609 12.5391 18.8673 12.6328L12.527 18.973C12.3885 19.1115 12.217 19.1823 12.0125 19.1855C11.808 19.1887 11.6282 19.1178 11.473 18.973C11.318 18.8178 11.2405 18.6397 11.2405 18.4385C11.2405 18.2372 11.318 18.0589 11.473 17.9038L16.627 12.75Z\" fill=\"var(--t2-icon-fill, #000)\"\/><\/svg><\/a><\/div>\n<\/div>\n\n<\/div>\n\t\t<\/div>","protected":false},"excerpt":{"rendered":"<p>Optimalizace od prvn\u00edho dne Od zalo\u017een\u00ed spole\u010dnosti Element Logic v roce 1985 bylo na\u0161\u00edm c\u00edlem optimalizovat v\u00fdkon sklad\u016f. Na\u0161imi prvn\u00edmi [&hellip;]<\/p>\n","protected":false},"author":5,"featured_media":48,"parent":210,"menu_order":0,"comment_status":"closed","ping_status":"closed","template":"","meta":{"hreflang_relation":284,"_el_cross_publish_source_blog_url":"","_el_cross_publish_source_blog_id":0,"_el_cross_publish_source_post_id":0,"_el_cross_publish_sync_state":"","exclude_from_search":false,"footnotes":""},"class_list":["post-428","page","type-page","status-publish","has-post-thumbnail","hentry"],"yoast_head":"<!-- This site is optimized with the Yoast SEO Premium plugin v23.9 (Yoast SEO v23.9) - https:\/\/yoast.com\/wordpress\/plugins\/seo\/ -->\n<title>N\u00e1\u0161 p\u0159\u00edb\u011bh - Element Logic Czech Republic<\/title>\n<meta name=\"description\" content=\"Od doby, co spole\u010dnost Element Logic v roce 1985 spat\u0159ila sv\u011btlo sv\u011bta, maximalizujeme \u00fasp\u011bch evropsk\u00fdch sklad\u016f. Pod\u00edvejte se na n\u00e1\u0161 p\u0159\u00edb\u011bh.\" \/>\n<meta name=\"robots\" content=\"index, follow, max-snippet:-1, max-image-preview:large, max-video-preview:-1\" \/>\n<link rel=\"canonical\" href=\"https:\/\/www.elementlogic.net\/cz\/o-nas\/nas-pribeh\/\" \/>\n<meta property=\"og:locale\" content=\"cs_CZ\" \/>\n<meta property=\"og:type\" content=\"article\" \/>\n<meta property=\"og:title\" content=\"N\u00e1\u0161 p\u0159\u00edb\u011bh\" \/>\n<meta property=\"og:description\" content=\"Od doby, co spole\u010dnost Element Logic v roce 1985 spat\u0159ila sv\u011btlo sv\u011bta, maximalizujeme \u00fasp\u011bch evropsk\u00fdch sklad\u016f. Pod\u00edvejte se na n\u00e1\u0161 p\u0159\u00edb\u011bh.\" \/>\n<meta property=\"og:url\" content=\"https:\/\/www.elementlogic.net\/cz\/o-nas\/nas-pribeh\/\" \/>\n<meta property=\"og:site_name\" content=\"Element Logic Czech Republic\" \/>\n<meta property=\"article:modified_time\" content=\"2024-12-05T16:30:14+00:00\" \/>\n<meta property=\"og:image\" content=\"https:\/\/www.elementlogic.net\/content\/uploads\/sites\/19\/\/2024\/09\/ElementLogic-OCC-0915.22-08470-flip-scaled.jpg\" \/>\n\t<meta property=\"og:image:width\" content=\"2560\" \/>\n\t<meta property=\"og:image:height\" content=\"1710\" \/>\n\t<meta property=\"og:image:type\" content=\"image\/jpeg\" \/>\n<meta name=\"twitter:card\" content=\"summary_large_image\" \/>\n<meta name=\"twitter:label1\" content=\"Odhadovan\u00e1 doba \u010dten\u00ed\" \/>\n\t<meta name=\"twitter:data1\" content=\"1 minuta\" \/>\n<script type=\"application\/ld+json\" class=\"yoast-schema-graph\">{\"@context\":\"https:\/\/schema.org\",\"@graph\":[{\"@type\":\"WebPage\",\"@id\":\"https:\/\/www.elementlogic.net\/cz\/o-nas\/nas-pribeh\/\",\"url\":\"https:\/\/www.elementlogic.net\/cz\/o-nas\/nas-pribeh\/\",\"name\":\"N\u00e1\u0161 p\u0159\u00edb\u011bh - Element Logic Czech Republic\",\"isPartOf\":{\"@id\":\"https:\/\/www.elementlogic.net\/cz\/#website\"},\"primaryImageOfPage\":{\"@id\":\"https:\/\/www.elementlogic.net\/cz\/o-nas\/nas-pribeh\/#primaryimage\"},\"image\":{\"@id\":\"https:\/\/www.elementlogic.net\/cz\/o-nas\/nas-pribeh\/#primaryimage\"},\"thumbnailUrl\":\"https:\/\/www.elementlogic.net\/content\/uploads\/sites\/19\/\/2024\/09\/ElementLogic-OCC-0915.22-08470-flip-scaled.jpg\",\"datePublished\":\"2024-08-22T17:56:51+00:00\",\"dateModified\":\"2024-12-05T16:30:14+00:00\",\"description\":\"Od doby, co spole\u010dnost Element Logic v roce 1985 spat\u0159ila sv\u011btlo sv\u011bta, maximalizujeme \u00fasp\u011bch evropsk\u00fdch sklad\u016f. Pod\u00edvejte se na n\u00e1\u0161 p\u0159\u00edb\u011bh.\",\"breadcrumb\":{\"@id\":\"https:\/\/www.elementlogic.net\/cz\/o-nas\/nas-pribeh\/#breadcrumb\"},\"inLanguage\":\"cs\",\"potentialAction\":[{\"@type\":\"ReadAction\",\"target\":[\"https:\/\/www.elementlogic.net\/cz\/o-nas\/nas-pribeh\/\"]}]},{\"@type\":\"ImageObject\",\"inLanguage\":\"cs\",\"@id\":\"https:\/\/www.elementlogic.net\/cz\/o-nas\/nas-pribeh\/#primaryimage\",\"url\":\"https:\/\/www.elementlogic.net\/content\/uploads\/sites\/19\/\/2024\/09\/ElementLogic-OCC-0915.22-08470-flip-scaled.jpg\",\"contentUrl\":\"https:\/\/www.elementlogic.net\/content\/uploads\/sites\/19\/\/2024\/09\/ElementLogic-OCC-0915.22-08470-flip-scaled.jpg\",\"width\":2560,\"height\":1710},{\"@type\":\"BreadcrumbList\",\"@id\":\"https:\/\/www.elementlogic.net\/cz\/o-nas\/nas-pribeh\/#breadcrumb\",\"itemListElement\":[{\"@type\":\"ListItem\",\"position\":1,\"name\":\"O n\u00e1s\",\"item\":\"https:\/\/www.elementlogic.net\/cz\/o-nas\/\"},{\"@type\":\"ListItem\",\"position\":2,\"name\":\"N\u00e1\u0161 p\u0159\u00edb\u011bh\"}]},{\"@type\":\"WebSite\",\"@id\":\"https:\/\/www.elementlogic.net\/cz\/#website\",\"url\":\"https:\/\/www.elementlogic.net\/cz\/\",\"name\":\"Element Logic Czech Republic\",\"description\":\"\",\"potentialAction\":[{\"@type\":\"SearchAction\",\"target\":{\"@type\":\"EntryPoint\",\"urlTemplate\":\"https:\/\/www.elementlogic.net\/cz\/?s={search_term_string}\"},\"query-input\":{\"@type\":\"PropertyValueSpecification\",\"valueRequired\":true,\"valueName\":\"search_term_string\"}}],\"inLanguage\":\"cs\"}]}<\/script>\n<!-- \/ Yoast SEO Premium plugin. -->","yoast_head_json":{"title":"N\u00e1\u0161 p\u0159\u00edb\u011bh - Element Logic Czech Republic","description":"Od doby, co spole\u010dnost Element Logic v roce 1985 spat\u0159ila sv\u011btlo sv\u011bta, maximalizujeme \u00fasp\u011bch evropsk\u00fdch sklad\u016f. Pod\u00edvejte se na n\u00e1\u0161 p\u0159\u00edb\u011bh.","robots":{"index":"index","follow":"follow","max-snippet":"max-snippet:-1","max-image-preview":"max-image-preview:large","max-video-preview":"max-video-preview:-1"},"canonical":"https:\/\/www.elementlogic.net\/cz\/o-nas\/nas-pribeh\/","og_locale":"cs_CZ","og_type":"article","og_title":"N\u00e1\u0161 p\u0159\u00edb\u011bh","og_description":"Od doby, co spole\u010dnost Element Logic v roce 1985 spat\u0159ila sv\u011btlo sv\u011bta, maximalizujeme \u00fasp\u011bch evropsk\u00fdch sklad\u016f. Pod\u00edvejte se na n\u00e1\u0161 p\u0159\u00edb\u011bh.","og_url":"https:\/\/www.elementlogic.net\/cz\/o-nas\/nas-pribeh\/","og_site_name":"Element Logic Czech Republic","article_modified_time":"2024-12-05T16:30:14+00:00","og_image":[{"width":2560,"height":1710,"url":"https:\/\/www.elementlogic.net\/content\/uploads\/sites\/19\/\/2024\/09\/ElementLogic-OCC-0915.22-08470-flip-scaled.jpg","type":"image\/jpeg"}],"twitter_card":"summary_large_image","twitter_misc":{"Odhadovan\u00e1 doba \u010dten\u00ed":"1 minuta"},"schema":{"@context":"https:\/\/schema.org","@graph":[{"@type":"WebPage","@id":"https:\/\/www.elementlogic.net\/cz\/o-nas\/nas-pribeh\/","url":"https:\/\/www.elementlogic.net\/cz\/o-nas\/nas-pribeh\/","name":"N\u00e1\u0161 p\u0159\u00edb\u011bh - Element Logic Czech Republic","isPartOf":{"@id":"https:\/\/www.elementlogic.net\/cz\/#website"},"primaryImageOfPage":{"@id":"https:\/\/www.elementlogic.net\/cz\/o-nas\/nas-pribeh\/#primaryimage"},"image":{"@id":"https:\/\/www.elementlogic.net\/cz\/o-nas\/nas-pribeh\/#primaryimage"},"thumbnailUrl":"https:\/\/www.elementlogic.net\/content\/uploads\/sites\/19\/\/2024\/09\/ElementLogic-OCC-0915.22-08470-flip-scaled.jpg","datePublished":"2024-08-22T17:56:51+00:00","dateModified":"2024-12-05T16:30:14+00:00","description":"Od doby, co spole\u010dnost Element Logic v roce 1985 spat\u0159ila sv\u011btlo sv\u011bta, maximalizujeme \u00fasp\u011bch evropsk\u00fdch sklad\u016f. Pod\u00edvejte se na n\u00e1\u0161 p\u0159\u00edb\u011bh.","breadcrumb":{"@id":"https:\/\/www.elementlogic.net\/cz\/o-nas\/nas-pribeh\/#breadcrumb"},"inLanguage":"cs","potentialAction":[{"@type":"ReadAction","target":["https:\/\/www.elementlogic.net\/cz\/o-nas\/nas-pribeh\/"]}]},{"@type":"ImageObject","inLanguage":"cs","@id":"https:\/\/www.elementlogic.net\/cz\/o-nas\/nas-pribeh\/#primaryimage","url":"https:\/\/www.elementlogic.net\/content\/uploads\/sites\/19\/\/2024\/09\/ElementLogic-OCC-0915.22-08470-flip-scaled.jpg","contentUrl":"https:\/\/www.elementlogic.net\/content\/uploads\/sites\/19\/\/2024\/09\/ElementLogic-OCC-0915.22-08470-flip-scaled.jpg","width":2560,"height":1710},{"@type":"BreadcrumbList","@id":"https:\/\/www.elementlogic.net\/cz\/o-nas\/nas-pribeh\/#breadcrumb","itemListElement":[{"@type":"ListItem","position":1,"name":"O n\u00e1s","item":"https:\/\/www.elementlogic.net\/cz\/o-nas\/"},{"@type":"ListItem","position":2,"name":"N\u00e1\u0161 p\u0159\u00edb\u011bh"}]},{"@type":"WebSite","@id":"https:\/\/www.elementlogic.net\/cz\/#website","url":"https:\/\/www.elementlogic.net\/cz\/","name":"Element Logic Czech Republic","description":"","potentialAction":[{"@type":"SearchAction","target":{"@type":"EntryPoint","urlTemplate":"https:\/\/www.elementlogic.net\/cz\/?s={search_term_string}"},"query-input":{"@type":"PropertyValueSpecification","valueRequired":true,"valueName":"search_term_string"}}],"inLanguage":"cs"}]}},"_links":{"self":[{"href":"https:\/\/www.elementlogic.net\/cz\/wp-json\/wp\/v2\/pages\/428"}],"collection":[{"href":"https:\/\/www.elementlogic.net\/cz\/wp-json\/wp\/v2\/pages"}],"about":[{"href":"https:\/\/www.elementlogic.net\/cz\/wp-json\/wp\/v2\/types\/page"}],"author":[{"embeddable":true,"href":"https:\/\/www.elementlogic.net\/cz\/wp-json\/wp\/v2\/users\/5"}],"replies":[{"embeddable":true,"href":"https:\/\/www.elementlogic.net\/cz\/wp-json\/wp\/v2\/comments?post=428"}],"version-history":[{"count":5,"href":"https:\/\/www.elementlogic.net\/cz\/wp-json\/wp\/v2\/pages\/428\/revisions"}],"predecessor-version":[{"id":2015,"href":"https:\/\/www.elementlogic.net\/cz\/wp-json\/wp\/v2\/pages\/428\/revisions\/2015"}],"up":[{"embeddable":true,"href":"https:\/\/www.elementlogic.net\/cz\/wp-json\/wp\/v2\/pages\/210"}],"wp:featuredmedia":[{"embeddable":true,"href":"https:\/\/www.elementlogic.net\/cz\/wp-json\/wp\/v2\/media\/48"}],"wp:attachment":[{"href":"https:\/\/www.elementlogic.net\/cz\/wp-json\/wp\/v2\/media?parent=428"}],"curies":[{"name":"wp","href":"https:\/\/api.w.org\/{rel}","templated":true}]}}