{"id":429,"date":"2024-08-22T19:52:00","date_gmt":"2024-08-22T17:52:00","guid":{"rendered":"https:\/\/www.elementlogic.net\/?page_id=800"},"modified":"2024-12-05T16:37:39","modified_gmt":"2024-12-05T16:37:39","slug":"rizeni-uspechu-zakaznika","status":"publish","type":"page","link":"https:\/\/www.elementlogic.net\/cz\/reseni-a-sluzby\/rizeni-uspechu-zakaznika\/","title":{"rendered":"\u0158\u00edzen\u00ed \u00fasp\u011bchu z\u00e1kazn\u00edka"},"content":{"rendered":"\n\t\t<div style=\"--dekode-hero-dim:0.5; --t2-icon-fill:var(--wp--preset--color--white); min-height:500px;\" class=\"alignfull dekode-hero-content-position-center has-media-background wp-elements-f6cc11aa579e3fbbbb826ce4d151dfaa wp-block-dekode-hero has-text-color has-white-color\">\n\t\t\t\t\t<video\n\t\t\tautoplay\n\t\t\tloop\n\t\t\tmuted\n\t\t\tplaysinline\n\t\t\tposter=\"https:\/\/www.elementlogic.net\/content\/uploads\/sites\/19\/\/2024\/09\/Wallpaper-8-scaled.jpg\"\n\t\t\tsrc=\"https:\/\/www.elementlogic.net\/content\/uploads\/sites\/19\/\/2024\/09\/service-support.mp4\">\n\t\t<\/video>\n\t\t\n\t\t\t<div class=\"dekode-hero__content\">\n\t\t\t\t<div class=\"dekode-hero__container\">\n\t\t\t\t\t\n\n<h1 class=\"wp-block-heading has-text-align-center\" id=\"prizpusobeno-vasemu-uspechu\">P\u0159izp\u016fsobeno va\u0161emu \u00fasp\u011bchu<\/h1>\n\n\n\n<p class=\"has-text-align-center\">Na\u0161\u00edm c\u00edlem je poskytovat z\u00e1kazn\u00edk\u016fm u\u017eitek a p\u0159idanou hodnotu nad r\u00e1mec jejich o\u010dek\u00e1v\u00e1n\u00ed.<\/p>\n\n\n\n<div class=\"wp-block-buttons is-content-justification-center is-layout-flex wp-container-core-buttons-is-layout-1 wp-block-buttons-is-layout-flex\">\n<div class=\"wp-block-button has-icon has-icon-theme_arrow\"><a class=\"wp-block-button__link has-text-align-center wp-element-button\" href=\"https:\/\/www.elementlogic.net\/cz\/kontaktujte-nas\/\">Kontaktujte n\u00e1s je\u0161t\u011b dnes<svg xmlns=\"http:\/\/www.w3.org\/2000\/svg\" viewBox=\"0 0 24 24\" height=\"24\" width=\"24\" class=\"t2-icon t2-icon-theme_arrow\" aria-hidden=\"true\" focusable=\"false\"><path d=\"M16.627 12.75H5.25C5.03717 12.75 4.859 12.6782 4.7155 12.5345C4.57183 12.391 4.5 12.2128 4.5 12C4.5 11.7872 4.57183 11.609 4.7155 11.4655C4.859 11.3218 5.03717 11.25 5.25 11.25H16.627L11.4577 6.08076C11.3091 5.93209 11.2357 5.75809 11.2375 5.55876C11.2395 5.35942 11.318 5.18217 11.473 5.02701C11.6282 4.88217 11.8038 4.80717 12 4.80201C12.1962 4.79684 12.3718 4.87184 12.527 5.02701L18.8673 11.3673C18.9609 11.4609 19.0269 11.5597 19.0652 11.6635C19.1037 11.7673 19.123 11.8795 19.123 12C19.123 12.1205 19.1037 12.2327 19.0652 12.3365C19.0269 12.4403 18.9609 12.5391 18.8673 12.6328L12.527 18.973C12.3885 19.1115 12.217 19.1823 12.0125 19.1855C11.808 19.1887 11.6282 19.1178 11.473 18.973C11.318 18.8178 11.2405 18.6397 11.2405 18.4385C11.2405 18.2372 11.318 18.0589 11.473 17.9038L16.627 12.75Z\" fill=\"var(--t2-icon-fill, #000)\"\/><\/svg><\/a><\/div>\n<\/div>\n\n\n\t\t\t\t<\/div>\n\t\t\t<\/div>\n\t\t<\/div>\n\t\t\n\n\n<p>Od po\u010d\u00e1te\u010dn\u00ed konzultace a\u017e po implementaci syst\u00e9mu zaji\u0161\u0165ujeme, \u017ee bude va\u0161e \u0159e\u0161en\u00ed p\u0159\u00edmo na m\u00edru p\u0159izp\u016fsobeno pot\u0159eb\u00e1m va\u0161\u00ed firmy. Tak komplexn\u00edho p\u0159\u00edstupu dosahujeme d\u00edky t\u00fdmu, kter\u00fd poskytuje podporu a \u00fadr\u017ebu, \u0161kolen\u00ed a poradenstv\u00ed zalo\u017een\u00e9 na datech s rozs\u00e1hl\u00fdmi znalostmi va\u0161eho skladov\u00e9ho \u0159e\u0161en\u00ed \u2013 a toho, jak z n\u011bj z\u00edskat co nejv\u00edce.<\/p>\n\n\n\n<h2 class=\"wp-block-heading\" id=\"nastup-a-skoleni\"><strong>N\u00e1stup a \u0161kolen\u00ed<\/strong><\/h2>\n\n\n\n<p>Vyu\u017eijte syst\u00e9m AutoStore naplno d\u00edky speci\u00e1ln\u00edmu \u0161kolen\u00ed. Jako z\u00e1kazn\u00edk Element Logic se od na\u0161eho zku\u0161en\u00e9ho \u0161kol\u00edc\u00edho t\u00fdmu dozv\u00edte v\u0161e, co pot\u0159ebujete o automatizaci skladu v\u011bd\u011bt. \u0160kolen\u00ed se zam\u011b\u0159uj\u00ed na provoz, bezpe\u010dnost a \u0159e\u0161en\u00ed potenci\u00e1ln\u00edch probl\u00e9m\u016f. Onboarding zajist\u00ed, \u017ee se va\u0161i zam\u011bstnanci rychle p\u0159izp\u016fsob\u00ed nov\u00fdm pracovn\u00edm postup\u016fm a b\u011bhem n\u011bkolika dn\u00ed z\u00edskaj\u00ed jistotu v pou\u017e\u00edv\u00e1n\u00ed skladov\u00e9ho \u0159e\u0161en\u00ed.<\/p>\n\n\n\n<figure class=\"wp-block-image size-large\"><img loading=\"lazy\" decoding=\"async\" width=\"1024\" height=\"532\" src=\"https:\/\/www.elementlogic.net\/content\/uploads\/sites\/19\/\/2024\/09\/EL_superuser-training8-wo-instr-e1726227709934-1024x532.jpg\" alt=\"\" class=\"wp-image-166\" srcset=\"https:\/\/www.elementlogic.net\/content\/uploads\/sites\/19\/2024\/09\/EL_superuser-training8-wo-instr-e1726227709934-1024x532.jpg 1024w, https:\/\/www.elementlogic.net\/content\/uploads\/sites\/19\/2024\/09\/EL_superuser-training8-wo-instr-e1726227709934-300x156.jpg 300w, https:\/\/www.elementlogic.net\/content\/uploads\/sites\/19\/2024\/09\/EL_superuser-training8-wo-instr-e1726227709934-768x399.jpg 768w, https:\/\/www.elementlogic.net\/content\/uploads\/sites\/19\/2024\/09\/EL_superuser-training8-wo-instr-e1726227709934-1536x798.jpg 1536w, https:\/\/www.elementlogic.net\/content\/uploads\/sites\/19\/2024\/09\/EL_superuser-training8-wo-instr-e1726227709934.jpg 1645w\" sizes=\"(max-width: 1024px) 100vw, 1024px\" \/><\/figure>\n\n\n\n<h2 class=\"wp-block-heading\" id=\"superuzivatelsky-program\"><strong>Superu\u017eivatelsk\u00fd program<\/strong><\/h2>\n\n\n\n<p>Doporu\u010dujeme poskytnout specializovan\u00e9 \u0161kolen\u00ed n\u011bkolika vybran\u00fdm zam\u011bstnanc\u016fm, kte\u0159\u00ed se stanou \u201esuperu\u017eivateli\u201d \u0159e\u0161en\u00ed ve va\u0161\u00ed spole\u010dnosti. Tito zam\u011bstnanci tak z\u00edskaj\u00ed hlubok\u00e9 znalosti o konkr\u00e9tn\u00edm \u0159e\u0161en\u00ed a budou zvl\u00e1dat i slo\u017eit\u00e9 sc\u00e9n\u00e1\u0159e a probl\u00e9my. \u0160kolic\u00ed program Element Logic zaji\u0161\u0165uje pr\u016fb\u011b\u017en\u00e9 vzd\u011bl\u00e1v\u00e1n\u00ed odpov\u00eddaj\u00edc\u00ed konkr\u00e9tn\u00edm pot\u0159eb\u00e1m a optimalizuje va\u0161e \u0159e\u0161en\u00ed. V kombinaci s na\u0161\u00edm specializovan\u00fdm t\u00fdmem jste tak p\u0159ipraveni na cokoliv.<\/p>\n\n\n\n<h2 class=\"wp-block-heading\" id=\"podpora\"><strong>Podpora<\/strong><\/h2>\n\n\n\n<p>Jednou z mnoha v\u00fdhod spole\u010dnosti Element Logic je n\u00e1\u0161 skv\u011bl\u00fd t\u00fdm podpory. A\u0165 u\u017e pot\u0159ebujete pomoc se syst\u00e9mem AutoStore, softwarem, \u0159\u00eddic\u00edmi syst\u00e9my, vybaven\u00edm, nastaven\u00edm syst\u00e9mu nebo opravou chyb, n\u00e1\u0161 t\u00fdm je v\u017edy p\u0159ipraven. M\u016f\u017eete n\u00e1s snadno kontaktovat prost\u0159ednictv\u00edm webov\u00fdch str\u00e1nek, e-mailu nebo telefonu, a z\u00edskat tak rychlou a spolehlivou podporu a pomoc.<\/p>\n\n\n\n\t\t<blockquote class=\"wp-block-dekode-quote\">\n\t\t\t<div class=\"wp-block-dekode-quote__icon\">\n\t\t\t\t<img loading=\"lazy\" decoding=\"async\" width=\"300\" height=\"156\" src=\"https:\/\/www.elementlogic.net\/content\/uploads\/sites\/19\/\/2024\/09\/EL-Bergaard-Amundsen-Warehouse-300x156.jpg\" class=\"quote-image\" alt=\"\" srcset=\"https:\/\/www.elementlogic.net\/content\/uploads\/sites\/19\/2024\/09\/EL-Bergaard-Amundsen-Warehouse-300x156.jpg 300w, https:\/\/www.elementlogic.net\/content\/uploads\/sites\/19\/2024\/09\/EL-Bergaard-Amundsen-Warehouse-1024x534.jpg 1024w, https:\/\/www.elementlogic.net\/content\/uploads\/sites\/19\/2024\/09\/EL-Bergaard-Amundsen-Warehouse-768x400.jpg 768w, https:\/\/www.elementlogic.net\/content\/uploads\/sites\/19\/2024\/09\/EL-Bergaard-Amundsen-Warehouse-1536x801.jpg 1536w, https:\/\/www.elementlogic.net\/content\/uploads\/sites\/19\/2024\/09\/EL-Bergaard-Amundsen-Warehouse.jpg 1600w\" sizes=\"(max-width: 300px) 100vw, 300px\" \/><svg xmlns=\"http:\/\/www.w3.org\/2000\/svg\" viewBox=\"0 0 24 24\" height=\"96\" width=\"96\" class=\"t2-icon t2-icon-theme_quote\" aria-hidden=\"true\" focusable=\"false\"><path d=\"M6.7808 16.5288L8.49055 13.5673C8.43289 13.5993 8.36555 13.6217 8.28855 13.6345C8.21155 13.6473 8.13464 13.6538 8.0578 13.6538C7.04114 13.6538 6.17797 13.2958 5.4683 12.5798C4.7588 11.8638 4.40405 11.0038 4.40405 10C4.40405 8.98334 4.7588 8.12017 5.4683 7.4105C6.17797 6.701 7.04114 6.34625 8.0578 6.34625C9.06164 6.34625 9.92155 6.701 10.6376 7.4105C11.3536 8.12017 11.7116 8.98334 11.7116 10C11.7116 10.3513 11.669 10.6783 11.5838 10.9808C11.4985 11.2833 11.3737 11.5718 11.2096 11.8463L8.07305 17.2788C8.00905 17.3904 7.92122 17.4808 7.80955 17.55C7.69805 17.6192 7.57305 17.6538 7.43455 17.6538C7.14739 17.6538 6.93205 17.5288 6.78855 17.2788C6.64489 17.0288 6.6423 16.7788 6.7808 16.5288ZM15.6656 16.5288L17.3751 13.5673C17.3174 13.5993 17.2501 13.6217 17.1731 13.6345C17.0962 13.6473 17.0193 13.6538 16.9423 13.6538C15.9256 13.6538 15.0626 13.2958 14.3531 12.5798C13.6434 11.8638 13.2886 11.0038 13.2886 10C13.2886 8.977 13.6434 8.11225 14.3531 7.40575C15.0626 6.69942 15.9256 6.34625 16.9423 6.34625C17.9461 6.34625 18.8061 6.701 19.5221 7.4105C20.2381 8.12017 20.5961 8.98334 20.5961 10C20.5961 10.3513 20.5535 10.6783 20.4683 10.9808C20.383 11.2833 20.2583 11.5718 20.0943 11.8463L16.9578 17.2788C16.8936 17.3904 16.8058 17.4808 16.6943 17.55C16.5828 17.6192 16.4578 17.6538 16.3193 17.6538C16.0321 17.6538 15.8167 17.5288 15.6731 17.2788C15.5296 17.0288 15.5271 16.7788 15.6656 16.5288Z\" fill=\"var(--t2-icon-fill, #000)\"\/><\/svg>\n\t\t\t<\/div>\n\t\t\t<div class=\"wp-block-dekode-quote__text\">\n\t\t\t\t<p>Na\u0161\u00ed filozofi\u00ed je vyv\u00edjet \u0161k\u00e1lovateln\u00e1 \u0159e\u0161en\u00ed, se kter\u00fdmi mohou na\u0161i z\u00e1kazn\u00edci r\u016fst a kter\u00e1 jim p\u0159in\u00e1\u0161\u00ed u\u017eitek. To je pro n\u00e1s v Element Logic st\u011b\u017eejn\u00ed.<\/p>\n<cite>Arnold Nielsen, Key Account Manager, Element Logic Norway<\/cite>\n\t\t\t<\/div>\n\t\t<\/blockquote>\n\n\n<h2 class=\"wp-block-heading\" id=\"udrzba\"><strong>\u00dadr\u017eba<\/strong><\/h2>\n\n\n\n<p>Nuest\u00e1l\u00fdm hled\u00e1n\u00edm oblast\u00ed pro r\u016fst a zlep\u0161ov\u00e1n\u00ed n\u00e1\u0161 proaktivn\u00ed servisn\u00ed t\u00fdm podporuje v\u00e1\u0161 r\u016fst. Technici prov\u00e1d\u011bj\u00ed pl\u00e1novanou \u00fadr\u017ebu p\u0159\u00edmo na m\u00edst\u011b, ani\u017e by naru\u0161ili ka\u017edodenn\u00ed provoz.<\/p>\n\n\n\n<figure class=\"wp-block-image size-full\"><img loading=\"lazy\" decoding=\"async\" width=\"2560\" height=\"1072\" src=\"https:\/\/www.elementlogic.net\/content\/uploads\/sites\/19\/\/2024\/09\/Wallpaper-10-scaled.jpg\" alt=\"Service Technician doing maintenance at Element Logic\" class=\"wp-image-215\" srcset=\"https:\/\/www.elementlogic.net\/content\/uploads\/sites\/19\/2024\/09\/Wallpaper-10-scaled.jpg 2560w, https:\/\/www.elementlogic.net\/content\/uploads\/sites\/19\/2024\/09\/Wallpaper-10-scaled-300x126.jpg 300w, https:\/\/www.elementlogic.net\/content\/uploads\/sites\/19\/2024\/09\/Wallpaper-10-scaled-1024x429.jpg 1024w, https:\/\/www.elementlogic.net\/content\/uploads\/sites\/19\/2024\/09\/Wallpaper-10-scaled-768x322.jpg 768w, https:\/\/www.elementlogic.net\/content\/uploads\/sites\/19\/2024\/09\/Wallpaper-10-scaled-1536x643.jpg 1536w, https:\/\/www.elementlogic.net\/content\/uploads\/sites\/19\/2024\/09\/Wallpaper-10-scaled-2048x858.jpg 2048w\" sizes=\"(max-width: 2560px) 100vw, 2560px\" \/><\/figure>\n\n\n\n<h2 class=\"wp-block-heading\" id=\"prehled-a-optimalizace\"><strong>P\u0159ehled a optimalizace<\/strong><\/h2>\n\n\n\n<p>Poskytujeme podrobn\u00e9 \u00fadaje o stavu va\u0161eho \u0159e\u0161en\u00ed AutoStore. Na jejich z\u00e1klad\u011b pak m\u016f\u017ee n\u00e1\u0161 Customer Success t\u00fdm pr\u016fb\u011b\u017en\u011b optimalizovat va\u0161e \u0159e\u0161en\u00ed.<\/p>\n\n\n\n<p>\u201eAbychom zajistili spokojenost z\u00e1kazn\u00edk\u016f, vyu\u017e\u00edv\u00e1me kvalifikovan\u00fd t\u00fdm servisn\u00edch technik\u016f i odborn\u00edk\u016f na podporu, software a logistiku. D\u00edky tomu jsme agiln\u00ed a schopni okam\u017eit\u011b pomoci. Na\u0161\u00ed filozofi\u00ed je vyv\u00edjet \u0161k\u00e1lovateln\u00e1 \u0159e\u0161en\u00ed, se kter\u00fdmi mohou na\u0161i z\u00e1kazn\u00edci r\u016fst a kter\u00e1 jim p\u0159in\u00e1\u0161\u00ed u\u017eitek. To je pro n\u00e1s v Element Logic st\u011b\u017eejn\u00ed,\u201c Arnold Nielsen, Key Account Manager, Element Logic Norway.<\/p>\n\n\n\n\t\t<div class=\"wp-block-dekode-simple-cta\">\n\t\t\t<div class=\"dekode-simple-cta__inner\">\n\n<h3 class=\"wp-block-heading\" id=\"chcete-se-dozvedet-vice-o-tom-jak-muze-element-logic-optimalizovat-vykon-vaseho-skladu\">Chcete se dozv\u011bd\u011bt v\u00edce o tom, jak m\u016f\u017ee Element Logic optimalizovat v\u00fdkon va\u0161eho skladu?<\/h3>\n\n\n\n<div class=\"wp-block-buttons is-layout-flex wp-block-buttons-is-layout-flex\">\n<div class=\"wp-block-button\"><a class=\"wp-block-button__link wp-element-button\" href=\"https:\/\/www.elementlogic.net\/cz\/kontaktujte-nas\/\">Kontaktujte n\u00e1s<\/a><\/div>\n<\/div>\n\n<\/div>\n\t\t<\/div>\n\n\n<h3 class=\"wp-block-heading\" id=\"zjistete-vice-o-nasich-resenich-a-sluzbach\">Zjist\u011bte v\u00edce o na\u0161ich \u0159e\u0161en\u00edch a slu\u017eb\u00e1ch:<\/h3>\n\n\n\n\t\t<div style=\"--link-cards-grid-columns: 3\" class=\"dekode-link-cards has-3-columns wp-block-dekode-link-cards\">\n\t\t\t<div class=\"dekode-link-cards__items\">\n\t\t\t\t\n<a class=\"wp-block-dekode-link-card\" href=\"https:\/\/www.elementlogic.net\/cz\/reseni-a-sluzby\/design-a-poradenstvi\/\"><img loading=\"lazy\" decoding=\"async\" width=\"768\" height=\"512\" src=\"https:\/\/www.elementlogic.net\/content\/uploads\/sites\/19\/\/2024\/09\/Element-Logic_AutoStore-design-copy-768x512.jpg\" class=\"\" alt=\"\" \/>\t<div class=\"dekode-link-card__content\">\n\t\t\t\t<p class=\"dekode-link-card__title\">\n\t\t\tDesign a poradenstv\u00ed\t\t<\/p>\n\t\t\t<\/div>\n\t<\/a>\n\n<a class=\"wp-block-dekode-link-card\" href=\"https:\/\/www.elementlogic.net\/cz\/reseni-a-sluzby\/dodani-systemu\/\"><img loading=\"lazy\" decoding=\"async\" width=\"768\" height=\"512\" src=\"https:\/\/www.elementlogic.net\/content\/uploads\/sites\/19\/\/2024\/09\/EL_construction15-768x512.jpg\" class=\"\" alt=\"\" \/>\t<div class=\"dekode-link-card__content\">\n\t\t\t\t<p class=\"dekode-link-card__title\">\n\t\t\tDod\u00e1n\u00ed syst\u00e9mu\t\t<\/p>\n\t\t\t<\/div>\n\t<\/a>\n\n<a class=\"wp-block-dekode-link-card\" href=\"https:\/\/www.elementlogic.net\/cz\/reseni-a-sluzby\/autostore\/\"><img loading=\"lazy\" decoding=\"async\" width=\"768\" height=\"513\" src=\"https:\/\/www.elementlogic.net\/content\/uploads\/sites\/19\/\/2024\/09\/image-121-768x513.png\" class=\"\" alt=\"\" \/>\t<div class=\"dekode-link-card__content\">\n\t\t\t\t<p class=\"dekode-link-card__title\">\n\t\t\tAutoStore\t\t<\/p>\n\t\t\t<\/div>\n\t<\/a>\n\n\t\t\t<\/div>\n\t\t<\/div>","protected":false},"excerpt":{"rendered":"<p>Od po\u010d\u00e1te\u010dn\u00ed konzultace a\u017e po implementaci syst\u00e9mu zaji\u0161\u0165ujeme, \u017ee bude va\u0161e \u0159e\u0161en\u00ed p\u0159\u00edmo na m\u00edru p\u0159izp\u016fsobeno pot\u0159eb\u00e1m va\u0161\u00ed firmy. Tak [&hellip;]<\/p>\n","protected":false},"author":5,"featured_media":217,"parent":266,"menu_order":0,"comment_status":"closed","ping_status":"closed","template":"","meta":{"hreflang_relation":800,"_el_cross_publish_source_blog_url":"","_el_cross_publish_source_blog_id":0,"_el_cross_publish_source_post_id":0,"_el_cross_publish_sync_state":"","exclude_from_search":false,"footnotes":""},"class_list":["post-429","page","type-page","status-publish","has-post-thumbnail","hentry"],"yoast_head":"<!-- This site is optimized with the Yoast SEO Premium plugin v23.9 (Yoast SEO v23.9) - https:\/\/yoast.com\/wordpress\/plugins\/seo\/ -->\n<title>\u0158\u00edzen\u00ed \u00fasp\u011bchu z\u00e1kazn\u00edka - Element Logic Czech Republic<\/title>\n<meta name=\"description\" content=\"Na\u0161\u00edm c\u00edlem je poskytovat z\u00e1kazn\u00edk\u016fm u\u017eitek a p\u0159idanou hodnotu nad r\u00e1mec jejich o\u010dek\u00e1v\u00e1n\u00ed.\" \/>\n<meta name=\"robots\" content=\"index, follow, max-snippet:-1, max-image-preview:large, max-video-preview:-1\" \/>\n<link rel=\"canonical\" href=\"https:\/\/www.elementlogic.net\/cz\/reseni-a-sluzby\/rizeni-uspechu-zakaznika\/\" \/>\n<meta property=\"og:locale\" content=\"cs_CZ\" \/>\n<meta property=\"og:type\" content=\"article\" \/>\n<meta property=\"og:title\" content=\"\u0158\u00edzen\u00ed \u00fasp\u011bchu z\u00e1kazn\u00edka\" \/>\n<meta property=\"og:description\" content=\"Na\u0161\u00edm c\u00edlem je poskytovat z\u00e1kazn\u00edk\u016fm u\u017eitek a p\u0159idanou hodnotu nad r\u00e1mec jejich o\u010dek\u00e1v\u00e1n\u00ed.\" \/>\n<meta property=\"og:url\" content=\"https:\/\/www.elementlogic.net\/cz\/reseni-a-sluzby\/rizeni-uspechu-zakaznika\/\" \/>\n<meta property=\"og:site_name\" content=\"Element Logic Czech Republic\" \/>\n<meta property=\"article:modified_time\" content=\"2024-12-05T16:37:39+00:00\" \/>\n<meta property=\"og:image\" content=\"https:\/\/www.elementlogic.net\/content\/uploads\/sites\/19\/\/2024\/09\/Wallpaper-8-scaled.jpg\" \/>\n\t<meta property=\"og:image:width\" content=\"2560\" \/>\n\t<meta property=\"og:image:height\" content=\"1072\" \/>\n\t<meta property=\"og:image:type\" content=\"image\/jpeg\" \/>\n<meta name=\"twitter:card\" content=\"summary_large_image\" \/>\n<meta name=\"twitter:label1\" content=\"Odhadovan\u00e1 doba \u010dten\u00ed\" \/>\n\t<meta name=\"twitter:data1\" content=\"3 minuty\" \/>\n<script type=\"application\/ld+json\" class=\"yoast-schema-graph\">{\"@context\":\"https:\/\/schema.org\",\"@graph\":[{\"@type\":\"WebPage\",\"@id\":\"https:\/\/www.elementlogic.net\/cz\/reseni-a-sluzby\/rizeni-uspechu-zakaznika\/\",\"url\":\"https:\/\/www.elementlogic.net\/cz\/reseni-a-sluzby\/rizeni-uspechu-zakaznika\/\",\"name\":\"\u0158\u00edzen\u00ed \u00fasp\u011bchu z\u00e1kazn\u00edka - Element Logic Czech Republic\",\"isPartOf\":{\"@id\":\"https:\/\/www.elementlogic.net\/cz\/#website\"},\"primaryImageOfPage\":{\"@id\":\"https:\/\/www.elementlogic.net\/cz\/reseni-a-sluzby\/rizeni-uspechu-zakaznika\/#primaryimage\"},\"image\":{\"@id\":\"https:\/\/www.elementlogic.net\/cz\/reseni-a-sluzby\/rizeni-uspechu-zakaznika\/#primaryimage\"},\"thumbnailUrl\":\"https:\/\/www.elementlogic.net\/content\/uploads\/sites\/19\/\/2024\/09\/Wallpaper-8-scaled.jpg\",\"datePublished\":\"2024-08-22T17:52:00+00:00\",\"dateModified\":\"2024-12-05T16:37:39+00:00\",\"description\":\"Na\u0161\u00edm c\u00edlem je poskytovat z\u00e1kazn\u00edk\u016fm u\u017eitek a p\u0159idanou hodnotu nad r\u00e1mec jejich o\u010dek\u00e1v\u00e1n\u00ed.\",\"breadcrumb\":{\"@id\":\"https:\/\/www.elementlogic.net\/cz\/reseni-a-sluzby\/rizeni-uspechu-zakaznika\/#breadcrumb\"},\"inLanguage\":\"cs\",\"potentialAction\":[{\"@type\":\"ReadAction\",\"target\":[\"https:\/\/www.elementlogic.net\/cz\/reseni-a-sluzby\/rizeni-uspechu-zakaznika\/\"]}]},{\"@type\":\"ImageObject\",\"inLanguage\":\"cs\",\"@id\":\"https:\/\/www.elementlogic.net\/cz\/reseni-a-sluzby\/rizeni-uspechu-zakaznika\/#primaryimage\",\"url\":\"https:\/\/www.elementlogic.net\/content\/uploads\/sites\/19\/\/2024\/09\/Wallpaper-8-scaled.jpg\",\"contentUrl\":\"https:\/\/www.elementlogic.net\/content\/uploads\/sites\/19\/\/2024\/09\/Wallpaper-8-scaled.jpg\",\"width\":2560,\"height\":1072},{\"@type\":\"BreadcrumbList\",\"@id\":\"https:\/\/www.elementlogic.net\/cz\/reseni-a-sluzby\/rizeni-uspechu-zakaznika\/#breadcrumb\",\"itemListElement\":[{\"@type\":\"ListItem\",\"position\":1,\"name\":\"\u0158e\u0161en\u00ed a slu\u017eby\",\"item\":\"https:\/\/www.elementlogic.net\/cz\/reseni-a-sluzby\/\"},{\"@type\":\"ListItem\",\"position\":2,\"name\":\"\u0158\u00edzen\u00ed \u00fasp\u011bchu z\u00e1kazn\u00edka\"}]},{\"@type\":\"WebSite\",\"@id\":\"https:\/\/www.elementlogic.net\/cz\/#website\",\"url\":\"https:\/\/www.elementlogic.net\/cz\/\",\"name\":\"Element Logic Czech Republic\",\"description\":\"\",\"potentialAction\":[{\"@type\":\"SearchAction\",\"target\":{\"@type\":\"EntryPoint\",\"urlTemplate\":\"https:\/\/www.elementlogic.net\/cz\/?s={search_term_string}\"},\"query-input\":{\"@type\":\"PropertyValueSpecification\",\"valueRequired\":true,\"valueName\":\"search_term_string\"}}],\"inLanguage\":\"cs\"}]}<\/script>\n<!-- \/ Yoast SEO Premium plugin. -->","yoast_head_json":{"title":"\u0158\u00edzen\u00ed \u00fasp\u011bchu z\u00e1kazn\u00edka - Element Logic Czech Republic","description":"Na\u0161\u00edm c\u00edlem je poskytovat z\u00e1kazn\u00edk\u016fm u\u017eitek a p\u0159idanou hodnotu nad r\u00e1mec jejich o\u010dek\u00e1v\u00e1n\u00ed.","robots":{"index":"index","follow":"follow","max-snippet":"max-snippet:-1","max-image-preview":"max-image-preview:large","max-video-preview":"max-video-preview:-1"},"canonical":"https:\/\/www.elementlogic.net\/cz\/reseni-a-sluzby\/rizeni-uspechu-zakaznika\/","og_locale":"cs_CZ","og_type":"article","og_title":"\u0158\u00edzen\u00ed \u00fasp\u011bchu z\u00e1kazn\u00edka","og_description":"Na\u0161\u00edm c\u00edlem je poskytovat z\u00e1kazn\u00edk\u016fm u\u017eitek a p\u0159idanou hodnotu nad r\u00e1mec jejich o\u010dek\u00e1v\u00e1n\u00ed.","og_url":"https:\/\/www.elementlogic.net\/cz\/reseni-a-sluzby\/rizeni-uspechu-zakaznika\/","og_site_name":"Element Logic Czech Republic","article_modified_time":"2024-12-05T16:37:39+00:00","og_image":[{"width":2560,"height":1072,"url":"https:\/\/www.elementlogic.net\/content\/uploads\/sites\/19\/\/2024\/09\/Wallpaper-8-scaled.jpg","type":"image\/jpeg"}],"twitter_card":"summary_large_image","twitter_misc":{"Odhadovan\u00e1 doba \u010dten\u00ed":"3 minuty"},"schema":{"@context":"https:\/\/schema.org","@graph":[{"@type":"WebPage","@id":"https:\/\/www.elementlogic.net\/cz\/reseni-a-sluzby\/rizeni-uspechu-zakaznika\/","url":"https:\/\/www.elementlogic.net\/cz\/reseni-a-sluzby\/rizeni-uspechu-zakaznika\/","name":"\u0158\u00edzen\u00ed \u00fasp\u011bchu z\u00e1kazn\u00edka - Element Logic Czech Republic","isPartOf":{"@id":"https:\/\/www.elementlogic.net\/cz\/#website"},"primaryImageOfPage":{"@id":"https:\/\/www.elementlogic.net\/cz\/reseni-a-sluzby\/rizeni-uspechu-zakaznika\/#primaryimage"},"image":{"@id":"https:\/\/www.elementlogic.net\/cz\/reseni-a-sluzby\/rizeni-uspechu-zakaznika\/#primaryimage"},"thumbnailUrl":"https:\/\/www.elementlogic.net\/content\/uploads\/sites\/19\/\/2024\/09\/Wallpaper-8-scaled.jpg","datePublished":"2024-08-22T17:52:00+00:00","dateModified":"2024-12-05T16:37:39+00:00","description":"Na\u0161\u00edm c\u00edlem je poskytovat z\u00e1kazn\u00edk\u016fm u\u017eitek a p\u0159idanou hodnotu nad r\u00e1mec jejich o\u010dek\u00e1v\u00e1n\u00ed.","breadcrumb":{"@id":"https:\/\/www.elementlogic.net\/cz\/reseni-a-sluzby\/rizeni-uspechu-zakaznika\/#breadcrumb"},"inLanguage":"cs","potentialAction":[{"@type":"ReadAction","target":["https:\/\/www.elementlogic.net\/cz\/reseni-a-sluzby\/rizeni-uspechu-zakaznika\/"]}]},{"@type":"ImageObject","inLanguage":"cs","@id":"https:\/\/www.elementlogic.net\/cz\/reseni-a-sluzby\/rizeni-uspechu-zakaznika\/#primaryimage","url":"https:\/\/www.elementlogic.net\/content\/uploads\/sites\/19\/\/2024\/09\/Wallpaper-8-scaled.jpg","contentUrl":"https:\/\/www.elementlogic.net\/content\/uploads\/sites\/19\/\/2024\/09\/Wallpaper-8-scaled.jpg","width":2560,"height":1072},{"@type":"BreadcrumbList","@id":"https:\/\/www.elementlogic.net\/cz\/reseni-a-sluzby\/rizeni-uspechu-zakaznika\/#breadcrumb","itemListElement":[{"@type":"ListItem","position":1,"name":"\u0158e\u0161en\u00ed a slu\u017eby","item":"https:\/\/www.elementlogic.net\/cz\/reseni-a-sluzby\/"},{"@type":"ListItem","position":2,"name":"\u0158\u00edzen\u00ed \u00fasp\u011bchu z\u00e1kazn\u00edka"}]},{"@type":"WebSite","@id":"https:\/\/www.elementlogic.net\/cz\/#website","url":"https:\/\/www.elementlogic.net\/cz\/","name":"Element Logic Czech Republic","description":"","potentialAction":[{"@type":"SearchAction","target":{"@type":"EntryPoint","urlTemplate":"https:\/\/www.elementlogic.net\/cz\/?s={search_term_string}"},"query-input":{"@type":"PropertyValueSpecification","valueRequired":true,"valueName":"search_term_string"}}],"inLanguage":"cs"}]}},"_links":{"self":[{"href":"https:\/\/www.elementlogic.net\/cz\/wp-json\/wp\/v2\/pages\/429"}],"collection":[{"href":"https:\/\/www.elementlogic.net\/cz\/wp-json\/wp\/v2\/pages"}],"about":[{"href":"https:\/\/www.elementlogic.net\/cz\/wp-json\/wp\/v2\/types\/page"}],"author":[{"embeddable":true,"href":"https:\/\/www.elementlogic.net\/cz\/wp-json\/wp\/v2\/users\/5"}],"replies":[{"embeddable":true,"href":"https:\/\/www.elementlogic.net\/cz\/wp-json\/wp\/v2\/comments?post=429"}],"version-history":[{"count":5,"href":"https:\/\/www.elementlogic.net\/cz\/wp-json\/wp\/v2\/pages\/429\/revisions"}],"predecessor-version":[{"id":2032,"href":"https:\/\/www.elementlogic.net\/cz\/wp-json\/wp\/v2\/pages\/429\/revisions\/2032"}],"up":[{"embeddable":true,"href":"https:\/\/www.elementlogic.net\/cz\/wp-json\/wp\/v2\/pages\/266"}],"wp:featuredmedia":[{"embeddable":true,"href":"https:\/\/www.elementlogic.net\/cz\/wp-json\/wp\/v2\/media\/217"}],"wp:attachment":[{"href":"https:\/\/www.elementlogic.net\/cz\/wp-json\/wp\/v2\/media?parent=429"}],"curies":[{"name":"wp","href":"https:\/\/api.w.org\/{rel}","templated":true}]}}