{"id":430,"date":"2024-08-22T19:51:24","date_gmt":"2024-08-22T17:51:24","guid":{"rendered":"https:\/\/www.elementlogic.net\/?page_id=278"},"modified":"2024-12-05T16:36:53","modified_gmt":"2024-12-05T16:36:53","slug":"dodani-systemu","status":"publish","type":"page","link":"https:\/\/www.elementlogic.net\/cz\/reseni-a-sluzby\/dodani-systemu\/","title":{"rendered":"Dod\u00e1n\u00ed syst\u00e9mu"},"content":{"rendered":"\n\t\t<div style=\"--dekode-hero-dim:0.5; --t2-icon-fill:var(--wp--preset--color--white); min-height:500px;\" class=\"alignfull dekode-hero-content-position-center has-media-background wp-block-dekode-hero\">\n\t\t\t\t\t<video\n\t\t\tautoplay\n\t\t\tloop\n\t\t\tmuted\n\t\t\tplaysinline\n\t\t\tposter=\"https:\/\/www.elementlogic.net\/content\/uploads\/sites\/19\/\/2024\/09\/fallback-delivery.jpg\"\n\t\t\tsrc=\"https:\/\/www.elementlogic.net\/content\/uploads\/sites\/19\/\/2024\/09\/delivery.mp4\">\n\t\t<\/video>\n\t\t\n\t\t\t<div class=\"dekode-hero__content\">\n\t\t\t\t<div class=\"dekode-hero__container\">\n\t\t\t\t\t\n\n<h1 class=\"wp-block-heading has-text-align-center\" id=\"zamereno-na-detaily-a-predvidatelnost\">Zam\u011b\u0159eno na detaily a p\u0159edv\u00eddatelnost<\/h1>\n\n\n\n<p class=\"has-text-align-center\">Ji\u017e v\u00edce ne\u017e 35 let dod\u00e1v\u00e1me nejmodern\u011bj\u0161\u00ed skladov\u00e1 \u0159e\u0161en\u00ed. D\u00edky na\u0161im zku\u0161enostem s automatizac\u00ed m\u00e1me znalosti a zku\u0161enosti, kter\u00e9 n\u00e1m umo\u017e\u0148uj\u00ed vytv\u00e1\u0159et ziskov\u00e1 a \u0161k\u00e1lovateln\u00e1 \u0159e\u0161en\u00ed, kter\u00e1 vydr\u017e\u00ed des\u00edtky let.<\/p>\n\n\n\n<div class=\"wp-block-buttons is-content-justification-center is-layout-flex wp-container-core-buttons-is-layout-1 wp-block-buttons-is-layout-flex\">\n<div class=\"wp-block-button has-icon has-icon-theme_arrow\"><a class=\"wp-block-button__link wp-element-button\" href=\"https:\/\/www.elementlogic.net\/cz\/kontaktujte-nas\/\">Kontaktujte n\u00e1s je\u0161t\u011b dnes a zjist\u011bte v\u00edce<svg xmlns=\"http:\/\/www.w3.org\/2000\/svg\" viewBox=\"0 0 24 24\" height=\"24\" width=\"24\" class=\"t2-icon t2-icon-theme_arrow\" aria-hidden=\"true\" focusable=\"false\"><path d=\"M16.627 12.75H5.25C5.03717 12.75 4.859 12.6782 4.7155 12.5345C4.57183 12.391 4.5 12.2128 4.5 12C4.5 11.7872 4.57183 11.609 4.7155 11.4655C4.859 11.3218 5.03717 11.25 5.25 11.25H16.627L11.4577 6.08076C11.3091 5.93209 11.2357 5.75809 11.2375 5.55876C11.2395 5.35942 11.318 5.18217 11.473 5.02701C11.6282 4.88217 11.8038 4.80717 12 4.80201C12.1962 4.79684 12.3718 4.87184 12.527 5.02701L18.8673 11.3673C18.9609 11.4609 19.0269 11.5597 19.0652 11.6635C19.1037 11.7673 19.123 11.8795 19.123 12C19.123 12.1205 19.1037 12.2327 19.0652 12.3365C19.0269 12.4403 18.9609 12.5391 18.8673 12.6328L12.527 18.973C12.3885 19.1115 12.217 19.1823 12.0125 19.1855C11.808 19.1887 11.6282 19.1178 11.473 18.973C11.318 18.8178 11.2405 18.6397 11.2405 18.4385C11.2405 18.2372 11.318 18.0589 11.473 17.9038L16.627 12.75Z\" fill=\"var(--t2-icon-fill, #000)\"\/><\/svg><\/a><\/div>\n<\/div>\n\n\n\t\t\t\t<\/div>\n\t\t\t<\/div>\n\t\t<\/div>\n\t\t\n\n\n<p>P\u0159i sestavov\u00e1n\u00ed ziskov\u00e9ho \u0159e\u0161en\u00ed AutoStore velmi z\u00e1le\u017e\u00ed na detailech. Kl\u00ed\u010dovou sou\u010d\u00e1st\u00ed dosa\u017een\u00ed \u00fasp\u011b\u0161n\u00e9ho v\u00fdsledku je spr\u00e1vn\u00e9 vym\u011b\u0159en\u00ed ro\u0161tu a instalace n\u011bkolika prvn\u00edch hlin\u00edkov\u00fdch sloupk\u016f.<\/p>\n\n\n\n<p>Vzhledem k t\u00e9to kl\u00ed\u010dov\u00e9 f\u00e1zi v\u017edy vyu\u017e\u00edv\u00e1me mont\u00e1\u017en\u00ed t\u00fdmy s rozs\u00e1hl\u00fdmi zku\u0161enostmi se stavbou m\u0159\u00ed\u017eky AutoStore. Po tomto kroku se zbytek m\u0159\u00ed\u017eky snadno sestav\u00ed jako pokro\u010dil\u00e1 stavebnice LEGO.<\/p>\n\n\n\n<p>Ve v\u0161ech f\u00e1z\u00edch v\u00fdstavby m\u00e1 v\u00e1\u0161 projektov\u00fd mana\u017eer plnou kontrolu nad v\u0161emi dod\u00e1vkami a zaji\u0161\u0165uje, aby v\u0161e dorazilo v\u010das. Projektov\u00fd mana\u017eer je va\u0161\u00edm kontaktn\u00edm bodem a bude v\u00e1s pr\u016fb\u011b\u017en\u011b informovat o cel\u00e9m procesu.<\/p>\n\n\n\n\t\t<blockquote class=\"wp-block-dekode-quote\">\n\t\t\t<div class=\"wp-block-dekode-quote__icon\">\n\t\t\t\t<img loading=\"lazy\" decoding=\"async\" width=\"300\" height=\"300\" src=\"https:\/\/www.elementlogic.net\/content\/uploads\/sites\/19\/\/2024\/09\/element-logic-nils-300x300.jpg\" class=\"quote-image\" alt=\"\" srcset=\"https:\/\/www.elementlogic.net\/content\/uploads\/sites\/19\/2024\/09\/element-logic-nils-300x300.jpg 300w, https:\/\/www.elementlogic.net\/content\/uploads\/sites\/19\/2024\/09\/element-logic-nils-150x150.jpg 150w, https:\/\/www.elementlogic.net\/content\/uploads\/sites\/19\/2024\/09\/element-logic-nils.jpg 500w\" sizes=\"(max-width: 300px) 100vw, 300px\" \/><svg xmlns=\"http:\/\/www.w3.org\/2000\/svg\" viewBox=\"0 0 24 24\" height=\"96\" width=\"96\" class=\"t2-icon t2-icon-theme_quote\" aria-hidden=\"true\" focusable=\"false\"><path d=\"M6.7808 16.5288L8.49055 13.5673C8.43289 13.5993 8.36555 13.6217 8.28855 13.6345C8.21155 13.6473 8.13464 13.6538 8.0578 13.6538C7.04114 13.6538 6.17797 13.2958 5.4683 12.5798C4.7588 11.8638 4.40405 11.0038 4.40405 10C4.40405 8.98334 4.7588 8.12017 5.4683 7.4105C6.17797 6.701 7.04114 6.34625 8.0578 6.34625C9.06164 6.34625 9.92155 6.701 10.6376 7.4105C11.3536 8.12017 11.7116 8.98334 11.7116 10C11.7116 10.3513 11.669 10.6783 11.5838 10.9808C11.4985 11.2833 11.3737 11.5718 11.2096 11.8463L8.07305 17.2788C8.00905 17.3904 7.92122 17.4808 7.80955 17.55C7.69805 17.6192 7.57305 17.6538 7.43455 17.6538C7.14739 17.6538 6.93205 17.5288 6.78855 17.2788C6.64489 17.0288 6.6423 16.7788 6.7808 16.5288ZM15.6656 16.5288L17.3751 13.5673C17.3174 13.5993 17.2501 13.6217 17.1731 13.6345C17.0962 13.6473 17.0193 13.6538 16.9423 13.6538C15.9256 13.6538 15.0626 13.2958 14.3531 12.5798C13.6434 11.8638 13.2886 11.0038 13.2886 10C13.2886 8.977 13.6434 8.11225 14.3531 7.40575C15.0626 6.69942 15.9256 6.34625 16.9423 6.34625C17.9461 6.34625 18.8061 6.701 19.5221 7.4105C20.2381 8.12017 20.5961 8.98334 20.5961 10C20.5961 10.3513 20.5535 10.6783 20.4683 10.9808C20.383 11.2833 20.2583 11.5718 20.0943 11.8463L16.9578 17.2788C16.8936 17.3904 16.8058 17.4808 16.6943 17.55C16.5828 17.6192 16.4578 17.6538 16.3193 17.6538C16.0321 17.6538 15.8167 17.5288 15.6731 17.2788C15.5296 17.0288 15.5271 16.7788 15.6656 16.5288Z\" fill=\"var(--t2-icon-fill, #000)\"\/><\/svg>\n\t\t\t<\/div>\n\t\t\t<div class=\"wp-block-dekode-quote__text\">\n\t\t\t\t<p><strong>Ani po mnoha letech provozu se spole\u010dnost Element Logic nesetkala s v\u00fdrazn\u00fdm zpo\u017ed\u011bn\u00edm p\u0159i realizaci projektu. Na\u0161i z\u00e1kazn\u00edci si t\u00e9to odpov\u011bdnosti v dob\u011b zm\u011bn velmi cen\u00ed.<\/strong><\/p>\n<cite>Nils Grille, projektov\u00fd mana\u017eer, Element Logic Norsko<br><\/cite>\n\t\t\t<\/div>\n\t\t<\/blockquote>\n\n\n<h2 class=\"wp-block-heading\" id=\"automatizace-vaseho-skladu\">Automatizace va\u0161eho skladu<\/h2>\n\n\n\n<p>Pro optimalizaci manipulace s&nbsp;tokem materi\u00e1lu navrhujeme a dod\u00e1v\u00e1me tak\u00e9 integrovan\u00e1 dopravn\u00edkov\u00e1 \u0159e\u0161en\u00ed, kter\u00e1 zvy\u0161uj\u00ed \u00farove\u0148 automatizace ve va\u0161em skladu. Dopravn\u00edkov\u00fd syst\u00e9m p\u0159iv\u00e1d\u00ed objedn\u00e1vky z AutoStore na nakl\u00e1dac\u00ed rampy a zpracov\u00e1v\u00e1 odpad a recyklaci.<\/p>\n\n\n\n<p>Dal\u0161\u00edmi \u010d\u00e1stmi mohou b\u00fdt balic\u00ed stroje na kartony nebo pytle, t\u0159\u00eddic\u00ed syst\u00e9my pro odchoz\u00ed objedn\u00e1vky a intern\u00ed distribuce ve skladu.<\/p>\n\n\n\n<p>Po dod\u00e1n\u00ed skladov\u00e9ho \u0159e\u0161en\u00ed provede n\u00e1\u0161 t\u00fdm pro uveden\u00ed do provozu rozs\u00e1hl\u00e9 testov\u00e1n\u00ed a simulace mo\u017en\u00fdch sc\u00e9n\u00e1\u0159\u016f. M\u016f\u017eete si tak b\u00fdt jisti, \u017ee \u0159e\u0161en\u00ed odpov\u00edd\u00e1 odhadovan\u00fdm hodnot\u00e1m kapacity a efektivity z procesu n\u00e1vrhu.<\/p>\n\n\n\n\t\t<div class=\"wp-block-dekode-simple-cta\">\n\t\t\t<div class=\"dekode-simple-cta__inner\">\n\n<h3 class=\"wp-block-heading\" id=\"chcete-se-dozvedet-vice-o-tom-jak-muze-element-logic-optimalizovat-vykon-vaseho-skladu\">Chcete se dozv\u011bd\u011bt v\u00edce o tom, jak m\u016f\u017ee Element Logic optimalizovat v\u00fdkon va\u0161eho skladu?<\/h3>\n\n\n\n<div class=\"wp-block-buttons is-layout-flex wp-block-buttons-is-layout-flex\">\n<div class=\"wp-block-button\"><a class=\"wp-block-button__link wp-element-button\" href=\"https:\/\/www.elementlogic.net\/cz\/kontaktujte-nas\/\">Kontaktujte n\u00e1s<\/a><\/div>\n<\/div>\n\n<\/div>\n\t\t<\/div>\n\n\n<h3 class=\"wp-block-heading\" id=\"zjistete-vice-o-nasich-resenich-a-sluzbach\">Zjist\u011bte v\u00edce o na\u0161ich \u0159e\u0161en\u00edch a slu\u017eb\u00e1ch:<\/h3>\n\n\n\n\t\t<div style=\"--link-cards-grid-columns: 3\" class=\"dekode-link-cards has-3-columns wp-block-dekode-link-cards\">\n\t\t\t<div class=\"dekode-link-cards__items\">\n\t\t\t\t\n<a class=\"wp-block-dekode-link-card\" href=\"https:\/\/www.elementlogic.net\/cz\/reseni-a-sluzby\/autostore\/\"><img loading=\"lazy\" decoding=\"async\" width=\"768\" height=\"513\" src=\"https:\/\/www.elementlogic.net\/content\/uploads\/sites\/19\/\/2024\/09\/image-121-768x513.png\" class=\"\" alt=\"\" \/>\t<div class=\"dekode-link-card__content\">\n\t\t\t\t<p class=\"dekode-link-card__title\">\n\t\t\tAutoStore\t\t<\/p>\n\t\t\t<\/div>\n\t<\/a>\n\n<a class=\"wp-block-dekode-link-card\" href=\"https:\/\/www.elementlogic.net\/cz\/reseni-a-sluzby\/software\/\"><img loading=\"lazy\" decoding=\"async\" width=\"768\" height=\"512\" src=\"https:\/\/www.elementlogic.net\/content\/uploads\/sites\/19\/\/2024\/09\/image-68-768x512.png\" class=\"\" alt=\"\" \/>\t<div class=\"dekode-link-card__content\">\n\t\t\t\t<p class=\"dekode-link-card__title\">\n\t\t\tSoftware\t\t<\/p>\n\t\t\t<\/div>\n\t<\/a>\n\n<a class=\"wp-block-dekode-link-card\" href=\"https:\/\/www.elementlogic.net\/cz\/reseni-a-sluzby\/design-a-poradenstvi\/\"><img loading=\"lazy\" decoding=\"async\" width=\"768\" height=\"512\" src=\"https:\/\/www.elementlogic.net\/content\/uploads\/sites\/19\/\/2024\/09\/Element-Logic_AutoStore-design-copy-768x512.jpg\" class=\"\" alt=\"\" \/>\t<div class=\"dekode-link-card__content\">\n\t\t\t\t<p class=\"dekode-link-card__title\">\n\t\t\tDesign a poradenstv\u00ed\t\t<\/p>\n\t\t\t<\/div>\n\t<\/a>\n\n\t\t\t<\/div>\n\t\t<\/div>","protected":false},"excerpt":{"rendered":"<p>P\u0159i sestavov\u00e1n\u00ed ziskov\u00e9ho \u0159e\u0161en\u00ed AutoStore velmi z\u00e1le\u017e\u00ed na detailech. Kl\u00ed\u010dovou sou\u010d\u00e1st\u00ed dosa\u017een\u00ed \u00fasp\u011b\u0161n\u00e9ho v\u00fdsledku je spr\u00e1vn\u00e9 vym\u011b\u0159en\u00ed ro\u0161tu a instalace [&hellip;]<\/p>\n","protected":false},"author":5,"featured_media":0,"parent":266,"menu_order":0,"comment_status":"closed","ping_status":"closed","template":"","meta":{"hreflang_relation":278,"_el_cross_publish_source_blog_url":"","_el_cross_publish_source_blog_id":0,"_el_cross_publish_source_post_id":0,"_el_cross_publish_sync_state":"","exclude_from_search":false,"footnotes":""},"class_list":["post-430","page","type-page","status-publish","hentry"],"yoast_head":"<!-- This site is optimized with the Yoast SEO Premium plugin v23.9 (Yoast SEO v23.9) - https:\/\/yoast.com\/wordpress\/plugins\/seo\/ -->\n<title>Dod\u00e1n\u00ed syst\u00e9mu - Element Logic Czech Republic<\/title>\n<meta name=\"description\" content=\"Ji\u017e v\u00edce ne\u017e 35 let dod\u00e1v\u00e1me nejmodern\u011bj\u0161\u00ed skladov\u00e1 \u0159e\u0161en\u00ed. Zjist\u011bte v\u00edce o na\u0161ich \u0159e\u0161en\u00edch a slu\u017eb\u00e1ch je\u0161t\u011b dnes.\" \/>\n<meta name=\"robots\" content=\"index, follow, max-snippet:-1, max-image-preview:large, max-video-preview:-1\" \/>\n<link rel=\"canonical\" href=\"https:\/\/www.elementlogic.net\/cz\/reseni-a-sluzby\/dodani-systemu\/\" \/>\n<meta property=\"og:locale\" content=\"cs_CZ\" \/>\n<meta property=\"og:type\" content=\"article\" \/>\n<meta property=\"og:title\" content=\"Dod\u00e1n\u00ed syst\u00e9mu\" \/>\n<meta property=\"og:description\" content=\"Ji\u017e v\u00edce ne\u017e 35 let dod\u00e1v\u00e1me nejmodern\u011bj\u0161\u00ed skladov\u00e1 \u0159e\u0161en\u00ed. Zjist\u011bte v\u00edce o na\u0161ich \u0159e\u0161en\u00edch a slu\u017eb\u00e1ch je\u0161t\u011b dnes.\" \/>\n<meta property=\"og:url\" content=\"https:\/\/www.elementlogic.net\/cz\/reseni-a-sluzby\/dodani-systemu\/\" \/>\n<meta property=\"og:site_name\" content=\"Element Logic Czech Republic\" \/>\n<meta property=\"article:modified_time\" content=\"2024-12-05T16:36:53+00:00\" \/>\n<meta name=\"twitter:card\" content=\"summary_large_image\" \/>\n<meta name=\"twitter:label1\" content=\"Odhadovan\u00e1 doba \u010dten\u00ed\" \/>\n\t<meta name=\"twitter:data1\" content=\"2 minuty\" \/>\n<script type=\"application\/ld+json\" class=\"yoast-schema-graph\">{\"@context\":\"https:\/\/schema.org\",\"@graph\":[{\"@type\":\"WebPage\",\"@id\":\"https:\/\/www.elementlogic.net\/cz\/reseni-a-sluzby\/dodani-systemu\/\",\"url\":\"https:\/\/www.elementlogic.net\/cz\/reseni-a-sluzby\/dodani-systemu\/\",\"name\":\"Dod\u00e1n\u00ed syst\u00e9mu - Element Logic Czech Republic\",\"isPartOf\":{\"@id\":\"https:\/\/www.elementlogic.net\/cz\/#website\"},\"datePublished\":\"2024-08-22T17:51:24+00:00\",\"dateModified\":\"2024-12-05T16:36:53+00:00\",\"description\":\"Ji\u017e v\u00edce ne\u017e 35 let dod\u00e1v\u00e1me nejmodern\u011bj\u0161\u00ed skladov\u00e1 \u0159e\u0161en\u00ed. Zjist\u011bte v\u00edce o na\u0161ich \u0159e\u0161en\u00edch a slu\u017eb\u00e1ch je\u0161t\u011b dnes.\",\"breadcrumb\":{\"@id\":\"https:\/\/www.elementlogic.net\/cz\/reseni-a-sluzby\/dodani-systemu\/#breadcrumb\"},\"inLanguage\":\"cs\",\"potentialAction\":[{\"@type\":\"ReadAction\",\"target\":[\"https:\/\/www.elementlogic.net\/cz\/reseni-a-sluzby\/dodani-systemu\/\"]}]},{\"@type\":\"BreadcrumbList\",\"@id\":\"https:\/\/www.elementlogic.net\/cz\/reseni-a-sluzby\/dodani-systemu\/#breadcrumb\",\"itemListElement\":[{\"@type\":\"ListItem\",\"position\":1,\"name\":\"\u0158e\u0161en\u00ed a slu\u017eby\",\"item\":\"https:\/\/www.elementlogic.net\/cz\/reseni-a-sluzby\/\"},{\"@type\":\"ListItem\",\"position\":2,\"name\":\"Dod\u00e1n\u00ed syst\u00e9mu\"}]},{\"@type\":\"WebSite\",\"@id\":\"https:\/\/www.elementlogic.net\/cz\/#website\",\"url\":\"https:\/\/www.elementlogic.net\/cz\/\",\"name\":\"Element Logic Czech Republic\",\"description\":\"\",\"potentialAction\":[{\"@type\":\"SearchAction\",\"target\":{\"@type\":\"EntryPoint\",\"urlTemplate\":\"https:\/\/www.elementlogic.net\/cz\/?s={search_term_string}\"},\"query-input\":{\"@type\":\"PropertyValueSpecification\",\"valueRequired\":true,\"valueName\":\"search_term_string\"}}],\"inLanguage\":\"cs\"}]}<\/script>\n<!-- \/ Yoast SEO Premium plugin. -->","yoast_head_json":{"title":"Dod\u00e1n\u00ed syst\u00e9mu - Element Logic Czech Republic","description":"Ji\u017e v\u00edce ne\u017e 35 let dod\u00e1v\u00e1me nejmodern\u011bj\u0161\u00ed skladov\u00e1 \u0159e\u0161en\u00ed. Zjist\u011bte v\u00edce o na\u0161ich \u0159e\u0161en\u00edch a slu\u017eb\u00e1ch je\u0161t\u011b dnes.","robots":{"index":"index","follow":"follow","max-snippet":"max-snippet:-1","max-image-preview":"max-image-preview:large","max-video-preview":"max-video-preview:-1"},"canonical":"https:\/\/www.elementlogic.net\/cz\/reseni-a-sluzby\/dodani-systemu\/","og_locale":"cs_CZ","og_type":"article","og_title":"Dod\u00e1n\u00ed syst\u00e9mu","og_description":"Ji\u017e v\u00edce ne\u017e 35 let dod\u00e1v\u00e1me nejmodern\u011bj\u0161\u00ed skladov\u00e1 \u0159e\u0161en\u00ed. Zjist\u011bte v\u00edce o na\u0161ich \u0159e\u0161en\u00edch a slu\u017eb\u00e1ch je\u0161t\u011b dnes.","og_url":"https:\/\/www.elementlogic.net\/cz\/reseni-a-sluzby\/dodani-systemu\/","og_site_name":"Element Logic Czech Republic","article_modified_time":"2024-12-05T16:36:53+00:00","twitter_card":"summary_large_image","twitter_misc":{"Odhadovan\u00e1 doba \u010dten\u00ed":"2 minuty"},"schema":{"@context":"https:\/\/schema.org","@graph":[{"@type":"WebPage","@id":"https:\/\/www.elementlogic.net\/cz\/reseni-a-sluzby\/dodani-systemu\/","url":"https:\/\/www.elementlogic.net\/cz\/reseni-a-sluzby\/dodani-systemu\/","name":"Dod\u00e1n\u00ed syst\u00e9mu - Element Logic Czech Republic","isPartOf":{"@id":"https:\/\/www.elementlogic.net\/cz\/#website"},"datePublished":"2024-08-22T17:51:24+00:00","dateModified":"2024-12-05T16:36:53+00:00","description":"Ji\u017e v\u00edce ne\u017e 35 let dod\u00e1v\u00e1me nejmodern\u011bj\u0161\u00ed skladov\u00e1 \u0159e\u0161en\u00ed. Zjist\u011bte v\u00edce o na\u0161ich \u0159e\u0161en\u00edch a slu\u017eb\u00e1ch je\u0161t\u011b dnes.","breadcrumb":{"@id":"https:\/\/www.elementlogic.net\/cz\/reseni-a-sluzby\/dodani-systemu\/#breadcrumb"},"inLanguage":"cs","potentialAction":[{"@type":"ReadAction","target":["https:\/\/www.elementlogic.net\/cz\/reseni-a-sluzby\/dodani-systemu\/"]}]},{"@type":"BreadcrumbList","@id":"https:\/\/www.elementlogic.net\/cz\/reseni-a-sluzby\/dodani-systemu\/#breadcrumb","itemListElement":[{"@type":"ListItem","position":1,"name":"\u0158e\u0161en\u00ed a slu\u017eby","item":"https:\/\/www.elementlogic.net\/cz\/reseni-a-sluzby\/"},{"@type":"ListItem","position":2,"name":"Dod\u00e1n\u00ed syst\u00e9mu"}]},{"@type":"WebSite","@id":"https:\/\/www.elementlogic.net\/cz\/#website","url":"https:\/\/www.elementlogic.net\/cz\/","name":"Element Logic Czech Republic","description":"","potentialAction":[{"@type":"SearchAction","target":{"@type":"EntryPoint","urlTemplate":"https:\/\/www.elementlogic.net\/cz\/?s={search_term_string}"},"query-input":{"@type":"PropertyValueSpecification","valueRequired":true,"valueName":"search_term_string"}}],"inLanguage":"cs"}]}},"_links":{"self":[{"href":"https:\/\/www.elementlogic.net\/cz\/wp-json\/wp\/v2\/pages\/430"}],"collection":[{"href":"https:\/\/www.elementlogic.net\/cz\/wp-json\/wp\/v2\/pages"}],"about":[{"href":"https:\/\/www.elementlogic.net\/cz\/wp-json\/wp\/v2\/types\/page"}],"author":[{"embeddable":true,"href":"https:\/\/www.elementlogic.net\/cz\/wp-json\/wp\/v2\/users\/5"}],"replies":[{"embeddable":true,"href":"https:\/\/www.elementlogic.net\/cz\/wp-json\/wp\/v2\/comments?post=430"}],"version-history":[{"count":5,"href":"https:\/\/www.elementlogic.net\/cz\/wp-json\/wp\/v2\/pages\/430\/revisions"}],"predecessor-version":[{"id":2030,"href":"https:\/\/www.elementlogic.net\/cz\/wp-json\/wp\/v2\/pages\/430\/revisions\/2030"}],"up":[{"embeddable":true,"href":"https:\/\/www.elementlogic.net\/cz\/wp-json\/wp\/v2\/pages\/266"}],"wp:attachment":[{"href":"https:\/\/www.elementlogic.net\/cz\/wp-json\/wp\/v2\/media?parent=430"}],"curies":[{"name":"wp","href":"https:\/\/api.w.org\/{rel}","templated":true}]}}