{"id":431,"date":"2024-08-22T19:50:46","date_gmt":"2024-08-22T17:50:46","guid":{"rendered":"https:\/\/www.elementlogic.net\/?page_id=271"},"modified":"2024-12-05T16:36:36","modified_gmt":"2024-12-05T16:36:36","slug":"design-a-poradenstvi","status":"publish","type":"page","link":"https:\/\/www.elementlogic.net\/cz\/reseni-a-sluzby\/design-a-poradenstvi\/","title":{"rendered":"Design a poradenstv\u00ed"},"content":{"rendered":"\n\t\t<div style=\"--dekode-hero-dim:0.5; --t2-icon-fill:var(--wp--preset--color--white); min-height:500px;\" class=\"alignfull dekode-hero-content-position-center has-media-background wp-elements-d49b50930c30b1b7e58445888511c9a2 wp-block-dekode-hero has-text-color has-white-color\">\n\t\t\t\t\t<video\n\t\t\tautoplay\n\t\t\tloop\n\t\t\tmuted\n\t\t\tplaysinline\n\t\t\tposter=\"https:\/\/www.elementlogic.net\/content\/uploads\/sites\/19\/\/2024\/09\/fallback-design.jpg\"\n\t\t\tsrc=\"https:\/\/www.elementlogic.net\/content\/uploads\/sites\/19\/\/2024\/09\/design-consulting.mp4\">\n\t\t<\/video>\n\t\t\n\t\t\t<div class=\"dekode-hero__content\">\n\t\t\t\t<div class=\"dekode-hero__container\">\n\t\t\t\t\t\n\n<h1 class=\"wp-block-heading has-text-align-center\" id=\"reseni-na-miru-vasim-potrebam\">\u0158e\u0161en\u00ed na m\u00edru va\u0161im pot\u0159eb\u00e1m<\/h1>\n\n\n\n<p class=\"has-text-align-center\">S automatizovan\u00fdm skladov\u00fdm \u0159e\u0161en\u00edm navr\u017een\u00fdm a dodan\u00fdm spole\u010dnost\u00ed Element Logic si m\u016f\u017eete b\u00fdt jisti, \u017ee je va\u0161e podnik\u00e1n\u00ed optimalizov\u00e1no pro budouc\u00ed r\u016fst a pot\u0159eby.<\/p>\n\n\n\n<div class=\"wp-block-buttons is-content-justification-center is-layout-flex wp-container-core-buttons-is-layout-1 wp-block-buttons-is-layout-flex\">\n<div class=\"wp-block-button has-icon has-icon-theme_arrow\"><a class=\"wp-block-button__link wp-element-button\" href=\"https:\/\/www.elementlogic.net\/cz\/kontaktujte-nas\/\">Kontaktujte n\u00e1s je\u0161t\u011b dnes a zjist\u011bte v\u00edce<svg xmlns=\"http:\/\/www.w3.org\/2000\/svg\" viewBox=\"0 0 24 24\" height=\"24\" width=\"24\" class=\"t2-icon t2-icon-theme_arrow\" aria-hidden=\"true\" focusable=\"false\"><path d=\"M16.627 12.75H5.25C5.03717 12.75 4.859 12.6782 4.7155 12.5345C4.57183 12.391 4.5 12.2128 4.5 12C4.5 11.7872 4.57183 11.609 4.7155 11.4655C4.859 11.3218 5.03717 11.25 5.25 11.25H16.627L11.4577 6.08076C11.3091 5.93209 11.2357 5.75809 11.2375 5.55876C11.2395 5.35942 11.318 5.18217 11.473 5.02701C11.6282 4.88217 11.8038 4.80717 12 4.80201C12.1962 4.79684 12.3718 4.87184 12.527 5.02701L18.8673 11.3673C18.9609 11.4609 19.0269 11.5597 19.0652 11.6635C19.1037 11.7673 19.123 11.8795 19.123 12C19.123 12.1205 19.1037 12.2327 19.0652 12.3365C19.0269 12.4403 18.9609 12.5391 18.8673 12.6328L12.527 18.973C12.3885 19.1115 12.217 19.1823 12.0125 19.1855C11.808 19.1887 11.6282 19.1178 11.473 18.973C11.318 18.8178 11.2405 18.6397 11.2405 18.4385C11.2405 18.2372 11.318 18.0589 11.473 17.9038L16.627 12.75Z\" fill=\"var(--t2-icon-fill, #000)\"\/><\/svg><\/a><\/div>\n<\/div>\n\n\n\t\t\t\t<\/div>\n\t\t\t<\/div>\n\t\t<\/div>\n\t\t\n\n\n<p>Velikost skladu, provozn\u00ed po\u017eadavky, v\u00fdzvy a p\u0159\u00edle\u017eitosti se u jednotliv\u00fdch z\u00e1kazn\u00edk\u016f li\u0161\u00ed. Proto n\u00e1\u0161 t\u00fdm odborn\u00edk\u016f na AutoStore a expert\u016f na intralogistiku na za\u010d\u00e1tku ka\u017ed\u00e9 spolupr\u00e1ce zmapuje va\u0161e specifick\u00e9 pot\u0159eby a preference. Na\u0161i desing\u00e9\u0159i syst\u00e9m\u016f vyu\u017e\u00edvaj\u00ed sv\u00e9 odborn\u00e9 znalosti a kreativitu, aby na\u010drtli dokonal\u00e9 \u0159e\u0161en\u00ed pro v\u00e1\u0161 prostor a maximalizovali v\u00e1\u0161 \u00fasp\u011bch.<\/p>\n\n\n\n<p>Bez ohledu na to, zda m\u00e1te k dispozici zcela novou skladovac\u00ed budovu, nebo chcete vyu\u017e\u00edt st\u00e1vaj\u00edc\u00ed prostory, na\u0161i lid\u00e9 pro v\u00e1s navrhnou nejchyt\u0159ej\u0161\u00ed a nejv\u00fdhodn\u011bj\u0161\u00ed \u0159e\u0161en\u00ed. Nic nen\u00ed p\u0159\u00edli\u0161 mal\u00e9 ani p\u0159\u00edli\u0161 velk\u00e9.<\/p>\n\n\n\n\t\t<blockquote class=\"wp-block-dekode-quote\">\n\t\t\t<div class=\"wp-block-dekode-quote__icon\">\n\t\t\t\t<img loading=\"lazy\" decoding=\"async\" width=\"300\" height=\"300\" src=\"https:\/\/www.elementlogic.net\/content\/uploads\/sites\/19\/\/2024\/09\/element-logic-lasse-1-300x300.jpg\" class=\"quote-image\" alt=\"\" srcset=\"https:\/\/www.elementlogic.net\/content\/uploads\/sites\/19\/2024\/09\/element-logic-lasse-1-300x300.jpg 300w, https:\/\/www.elementlogic.net\/content\/uploads\/sites\/19\/2024\/09\/element-logic-lasse-1-150x150.jpg 150w, https:\/\/www.elementlogic.net\/content\/uploads\/sites\/19\/2024\/09\/element-logic-lasse-1.jpg 500w\" sizes=\"(max-width: 300px) 100vw, 300px\" \/><svg xmlns=\"http:\/\/www.w3.org\/2000\/svg\" viewBox=\"0 0 24 24\" height=\"96\" width=\"96\" class=\"t2-icon t2-icon-theme_quote\" aria-hidden=\"true\" focusable=\"false\"><path d=\"M6.7808 16.5288L8.49055 13.5673C8.43289 13.5993 8.36555 13.6217 8.28855 13.6345C8.21155 13.6473 8.13464 13.6538 8.0578 13.6538C7.04114 13.6538 6.17797 13.2958 5.4683 12.5798C4.7588 11.8638 4.40405 11.0038 4.40405 10C4.40405 8.98334 4.7588 8.12017 5.4683 7.4105C6.17797 6.701 7.04114 6.34625 8.0578 6.34625C9.06164 6.34625 9.92155 6.701 10.6376 7.4105C11.3536 8.12017 11.7116 8.98334 11.7116 10C11.7116 10.3513 11.669 10.6783 11.5838 10.9808C11.4985 11.2833 11.3737 11.5718 11.2096 11.8463L8.07305 17.2788C8.00905 17.3904 7.92122 17.4808 7.80955 17.55C7.69805 17.6192 7.57305 17.6538 7.43455 17.6538C7.14739 17.6538 6.93205 17.5288 6.78855 17.2788C6.64489 17.0288 6.6423 16.7788 6.7808 16.5288ZM15.6656 16.5288L17.3751 13.5673C17.3174 13.5993 17.2501 13.6217 17.1731 13.6345C17.0962 13.6473 17.0193 13.6538 16.9423 13.6538C15.9256 13.6538 15.0626 13.2958 14.3531 12.5798C13.6434 11.8638 13.2886 11.0038 13.2886 10C13.2886 8.977 13.6434 8.11225 14.3531 7.40575C15.0626 6.69942 15.9256 6.34625 16.9423 6.34625C17.9461 6.34625 18.8061 6.701 19.5221 7.4105C20.2381 8.12017 20.5961 8.98334 20.5961 10C20.5961 10.3513 20.5535 10.6783 20.4683 10.9808C20.383 11.2833 20.2583 11.5718 20.0943 11.8463L16.9578 17.2788C16.8936 17.3904 16.8058 17.4808 16.6943 17.55C16.5828 17.6192 16.4578 17.6538 16.3193 17.6538C16.0321 17.6538 15.8167 17.5288 15.6731 17.2788C15.5296 17.0288 15.5271 16.7788 15.6656 16.5288Z\" fill=\"var(--t2-icon-fill, #000)\"\/><\/svg>\n\t\t\t<\/div>\n\t\t\t<div class=\"wp-block-dekode-quote__text\">\n\t\t\t\t<p><strong>Tr\u00e1v\u00edme spoustu \u010dasu anal\u00fdzou \u010d\u00edsel, porozum\u011bn\u00edm pot\u0159eb z\u00e1kazn\u00edka a prov\u00e1d\u00edme simulace, abychom na\u0161li \u0159e\u0161en\u00ed, kter\u00e9 p\u0159inese nejv\u011bt\u0161\u00ed hodnotu. Na\u0161\u00edm c\u00edlem je vytvo\u0159it co nejefektivn\u011bj\u0161\u00ed \u0159e\u0161en\u00ed s co nejni\u017e\u0161\u00edmi n\u00e1klady pro z\u00e1kazn\u00edka<\/strong><\/p>\n<cite>Lasse Vik, produktov\u00fd mana\u017eer AutoStore, Element Logic<\/cite>\n\t\t\t<\/div>\n\t\t<\/blockquote>\n\n\n<figure class=\"wp-block-image alignwide size-large\"><img loading=\"lazy\" decoding=\"async\" width=\"1024\" height=\"544\" src=\"https:\/\/www.elementlogic.net\/content\/uploads\/sites\/19\/2024\/10\/Skjermbilde-2021-05-25-kl.-12.10.06-1024x544.jpg\" alt=\"\" class=\"wp-image-1492\" srcset=\"https:\/\/www.elementlogic.net\/content\/uploads\/sites\/19\/2024\/10\/Skjermbilde-2021-05-25-kl.-12.10.06-1024x544.jpg 1024w, https:\/\/www.elementlogic.net\/content\/uploads\/sites\/19\/2024\/10\/Skjermbilde-2021-05-25-kl.-12.10.06-300x159.jpg 300w, https:\/\/www.elementlogic.net\/content\/uploads\/sites\/19\/2024\/10\/Skjermbilde-2021-05-25-kl.-12.10.06-768x408.jpg 768w, https:\/\/www.elementlogic.net\/content\/uploads\/sites\/19\/2024\/10\/Skjermbilde-2021-05-25-kl.-12.10.06-1536x816.jpg 1536w, https:\/\/www.elementlogic.net\/content\/uploads\/sites\/19\/2024\/10\/Skjermbilde-2021-05-25-kl.-12.10.06.jpg 1600w\" sizes=\"(max-width: 1024px) 100vw, 1024px\" \/><\/figure>\n\n\n\n<h2 class=\"wp-block-heading\" id=\"co-lze-ocekavat-od-kapacity-a-efektivity\">Co lze o\u010dek\u00e1vat od kapacity a efektivity<\/h2>\n\n\n\n<p>Provedeme n\u011bkolik test\u016f n\u00e1mi navr\u017een\u00e9ho \u0159e\u0161en\u00ed, abychom se ujistili, \u017ee je pro v\u00e1s nejv\u00fdhodn\u011bj\u0161\u00ed. T\u00fdm pro n\u00e1vrh syst\u00e9mu vytvo\u0159\u00ed 3D modely a provede simulace r\u016fzn\u00fdch sc\u00e9n\u00e1\u0159\u016f, abyste m\u011bli p\u0159edstavu o tom, co m\u016f\u017eete od automatizovan\u00e9ho skladu o\u010dek\u00e1vat, pokud jde o kapacitu a efektivitu.<\/p>\n\n\n\n<p>Ve spole\u010dnosti Element Logic si cen\u00edme dialogu a budeme s v\u00e1mi v \u00fazk\u00e9m kontaktu na ka\u017ed\u00e9m kroku v cest\u011b k automatizaci skladu. Spole\u010dn\u011b se dohodneme na zp\u016fsobu proveden\u00ed instalace.<\/p>\n\n\n\n\t\t<div class=\"wp-block-dekode-simple-cta\">\n\t\t\t<div class=\"dekode-simple-cta__inner\">\n\n<h3 class=\"wp-block-heading\" id=\"chcete-se-dozvedet-vice-o-tom-jak-muze-element-logic-optimalizovat-vykon-vaseho-skladu\">Chcete se dozv\u011bd\u011bt v\u00edce o tom, jak m\u016f\u017ee Element Logic optimalizovat v\u00fdkon va\u0161eho skladu?<\/h3>\n\n\n\n<div class=\"wp-block-buttons is-layout-flex wp-block-buttons-is-layout-flex\">\n<div class=\"wp-block-button\"><a class=\"wp-block-button__link wp-element-button\" href=\"https:\/\/www.elementlogic.net\/cz\/kontaktujte-nas\/\">Kontaktujte n\u00e1s<\/a><\/div>\n<\/div>\n\n<\/div>\n\t\t<\/div>\n\n\n<h3 class=\"wp-block-heading\" id=\"zjistete-vice-o-nasich-resenich-a-sluzbach\">Zjist\u011bte v\u00edce o na\u0161ich \u0159e\u0161en\u00edch a slu\u017eb\u00e1ch:<\/h3>\n\n\n\n\t\t<div style=\"--link-cards-grid-columns: 3\" class=\"dekode-link-cards has-3-columns wp-block-dekode-link-cards\">\n\t\t\t<div class=\"dekode-link-cards__items\">\n\t\t\t\t\n<a class=\"wp-block-dekode-link-card\" href=\"https:\/\/www.elementlogic.net\/cz\/reseni-a-sluzby\/rizeni-uspechu-zakaznika\/\"><img loading=\"lazy\" decoding=\"async\" width=\"600\" height=\"400\" src=\"https:\/\/www.elementlogic.net\/content\/uploads\/sites\/19\/\/2024\/09\/image-11.png\" class=\"\" alt=\"\" \/>\t<div class=\"dekode-link-card__content\">\n\t\t\t\t<p class=\"dekode-link-card__title\">\n\t\t\t\u0158\u00edzen\u00ed \u00fasp\u011bchu z\u00e1kazn\u00edka\t\t<\/p>\n\t\t\t<\/div>\n\t<\/a>\n\n<a class=\"wp-block-dekode-link-card\" href=\"https:\/\/www.elementlogic.net\/cz\/reseni-a-sluzby\/dodani-systemu\/\"><img loading=\"lazy\" decoding=\"async\" width=\"768\" height=\"512\" src=\"https:\/\/www.elementlogic.net\/content\/uploads\/sites\/19\/\/2024\/09\/EL_construction15-768x512.jpg\" class=\"\" alt=\"\" \/>\t<div class=\"dekode-link-card__content\">\n\t\t\t\t<p class=\"dekode-link-card__title\">\n\t\t\tDod\u00e1n\u00ed syst\u00e9mu\t\t<\/p>\n\t\t\t<\/div>\n\t<\/a>\n\n<a class=\"wp-block-dekode-link-card\" href=\"https:\/\/www.elementlogic.net\/cz\/reseni-a-sluzby\/software\/\"><img loading=\"lazy\" decoding=\"async\" width=\"768\" height=\"512\" src=\"https:\/\/www.elementlogic.net\/content\/uploads\/sites\/19\/\/2024\/09\/image-68-768x512.png\" class=\"\" alt=\"\" \/>\t<div class=\"dekode-link-card__content\">\n\t\t\t\t<p class=\"dekode-link-card__title\">\n\t\t\tSoftware\t\t<\/p>\n\t\t\t<\/div>\n\t<\/a>\n\n\t\t\t<\/div>\n\t\t<\/div>","protected":false},"excerpt":{"rendered":"<p>Velikost skladu, provozn\u00ed po\u017eadavky, v\u00fdzvy a p\u0159\u00edle\u017eitosti se u jednotliv\u00fdch z\u00e1kazn\u00edk\u016f li\u0161\u00ed. Proto n\u00e1\u0161 t\u00fdm odborn\u00edk\u016f na AutoStore a expert\u016f [&hellip;]<\/p>\n","protected":false},"author":1,"featured_media":0,"parent":266,"menu_order":0,"comment_status":"closed","ping_status":"closed","template":"","meta":{"hreflang_relation":271,"_el_cross_publish_source_blog_url":"","_el_cross_publish_source_blog_id":0,"_el_cross_publish_source_post_id":0,"_el_cross_publish_sync_state":"","exclude_from_search":false,"footnotes":""},"class_list":["post-431","page","type-page","status-publish","hentry"],"yoast_head":"<!-- This site is optimized with the Yoast SEO Premium plugin v23.9 (Yoast SEO v23.9) - https:\/\/yoast.com\/wordpress\/plugins\/seo\/ -->\n<title>Design a poradenstv\u00ed - Element Logic Czech Republic<\/title>\n<meta name=\"description\" content=\"Tr\u00e1v\u00edme spoustu \u010dasu anal\u00fdzou \u010d\u00edsel, porozum\u011bn\u00edm pot\u0159eb z\u00e1kazn\u00edka a prov\u00e1d\u00edme simulace, abychom na\u0161li \u0159e\u0161en\u00ed, kter\u00e9 p\u0159inese nejv\u011bt\u0161\u00ed hodnotu.\" \/>\n<meta name=\"robots\" content=\"index, follow, max-snippet:-1, max-image-preview:large, max-video-preview:-1\" \/>\n<link rel=\"canonical\" href=\"https:\/\/www.elementlogic.net\/cz\/reseni-a-sluzby\/design-a-poradenstvi\/\" \/>\n<meta property=\"og:locale\" content=\"cs_CZ\" \/>\n<meta property=\"og:type\" content=\"article\" \/>\n<meta property=\"og:title\" content=\"Design a poradenstv\u00ed\" \/>\n<meta property=\"og:description\" content=\"Tr\u00e1v\u00edme spoustu \u010dasu anal\u00fdzou \u010d\u00edsel, porozum\u011bn\u00edm pot\u0159eb z\u00e1kazn\u00edka a prov\u00e1d\u00edme simulace, abychom na\u0161li \u0159e\u0161en\u00ed, kter\u00e9 p\u0159inese nejv\u011bt\u0161\u00ed hodnotu.\" \/>\n<meta property=\"og:url\" content=\"https:\/\/www.elementlogic.net\/cz\/reseni-a-sluzby\/design-a-poradenstvi\/\" \/>\n<meta property=\"og:site_name\" content=\"Element Logic Czech Republic\" \/>\n<meta property=\"article:modified_time\" content=\"2024-12-05T16:36:36+00:00\" \/>\n<meta property=\"og:image\" content=\"https:\/\/www.elementlogic.net\/content\/uploads\/sites\/19\/2024\/10\/Skjermbilde-2021-05-25-kl.-12.10.06-1024x544.jpg\" \/>\n<meta name=\"twitter:card\" content=\"summary_large_image\" \/>\n<meta name=\"twitter:label1\" content=\"Odhadovan\u00e1 doba \u010dten\u00ed\" \/>\n\t<meta name=\"twitter:data1\" content=\"2 minuty\" \/>\n<script type=\"application\/ld+json\" class=\"yoast-schema-graph\">{\"@context\":\"https:\/\/schema.org\",\"@graph\":[{\"@type\":\"WebPage\",\"@id\":\"https:\/\/www.elementlogic.net\/cz\/reseni-a-sluzby\/design-a-poradenstvi\/\",\"url\":\"https:\/\/www.elementlogic.net\/cz\/reseni-a-sluzby\/design-a-poradenstvi\/\",\"name\":\"Design a poradenstv\u00ed - Element Logic Czech Republic\",\"isPartOf\":{\"@id\":\"https:\/\/www.elementlogic.net\/cz\/#website\"},\"primaryImageOfPage\":{\"@id\":\"https:\/\/www.elementlogic.net\/cz\/reseni-a-sluzby\/design-a-poradenstvi\/#primaryimage\"},\"image\":{\"@id\":\"https:\/\/www.elementlogic.net\/cz\/reseni-a-sluzby\/design-a-poradenstvi\/#primaryimage\"},\"thumbnailUrl\":\"https:\/\/www.elementlogic.net\/content\/uploads\/sites\/19\/2024\/10\/Skjermbilde-2021-05-25-kl.-12.10.06-1024x544.jpg\",\"datePublished\":\"2024-08-22T17:50:46+00:00\",\"dateModified\":\"2024-12-05T16:36:36+00:00\",\"description\":\"Tr\u00e1v\u00edme spoustu \u010dasu anal\u00fdzou \u010d\u00edsel, porozum\u011bn\u00edm pot\u0159eb z\u00e1kazn\u00edka a prov\u00e1d\u00edme simulace, abychom na\u0161li \u0159e\u0161en\u00ed, kter\u00e9 p\u0159inese nejv\u011bt\u0161\u00ed hodnotu.\",\"breadcrumb\":{\"@id\":\"https:\/\/www.elementlogic.net\/cz\/reseni-a-sluzby\/design-a-poradenstvi\/#breadcrumb\"},\"inLanguage\":\"cs\",\"potentialAction\":[{\"@type\":\"ReadAction\",\"target\":[\"https:\/\/www.elementlogic.net\/cz\/reseni-a-sluzby\/design-a-poradenstvi\/\"]}]},{\"@type\":\"ImageObject\",\"inLanguage\":\"cs\",\"@id\":\"https:\/\/www.elementlogic.net\/cz\/reseni-a-sluzby\/design-a-poradenstvi\/#primaryimage\",\"url\":\"https:\/\/www.elementlogic.net\/content\/uploads\/sites\/19\/2024\/10\/Skjermbilde-2021-05-25-kl.-12.10.06-1024x544.jpg\",\"contentUrl\":\"https:\/\/www.elementlogic.net\/content\/uploads\/sites\/19\/2024\/10\/Skjermbilde-2021-05-25-kl.-12.10.06-1024x544.jpg\"},{\"@type\":\"BreadcrumbList\",\"@id\":\"https:\/\/www.elementlogic.net\/cz\/reseni-a-sluzby\/design-a-poradenstvi\/#breadcrumb\",\"itemListElement\":[{\"@type\":\"ListItem\",\"position\":1,\"name\":\"\u0158e\u0161en\u00ed a slu\u017eby\",\"item\":\"https:\/\/www.elementlogic.net\/cz\/reseni-a-sluzby\/\"},{\"@type\":\"ListItem\",\"position\":2,\"name\":\"Design a poradenstv\u00ed\"}]},{\"@type\":\"WebSite\",\"@id\":\"https:\/\/www.elementlogic.net\/cz\/#website\",\"url\":\"https:\/\/www.elementlogic.net\/cz\/\",\"name\":\"Element Logic Czech Republic\",\"description\":\"\",\"potentialAction\":[{\"@type\":\"SearchAction\",\"target\":{\"@type\":\"EntryPoint\",\"urlTemplate\":\"https:\/\/www.elementlogic.net\/cz\/?s={search_term_string}\"},\"query-input\":{\"@type\":\"PropertyValueSpecification\",\"valueRequired\":true,\"valueName\":\"search_term_string\"}}],\"inLanguage\":\"cs\"}]}<\/script>\n<!-- \/ Yoast SEO Premium plugin. -->","yoast_head_json":{"title":"Design a poradenstv\u00ed - Element Logic Czech Republic","description":"Tr\u00e1v\u00edme spoustu \u010dasu anal\u00fdzou \u010d\u00edsel, porozum\u011bn\u00edm pot\u0159eb z\u00e1kazn\u00edka a prov\u00e1d\u00edme simulace, abychom na\u0161li \u0159e\u0161en\u00ed, kter\u00e9 p\u0159inese nejv\u011bt\u0161\u00ed hodnotu.","robots":{"index":"index","follow":"follow","max-snippet":"max-snippet:-1","max-image-preview":"max-image-preview:large","max-video-preview":"max-video-preview:-1"},"canonical":"https:\/\/www.elementlogic.net\/cz\/reseni-a-sluzby\/design-a-poradenstvi\/","og_locale":"cs_CZ","og_type":"article","og_title":"Design a poradenstv\u00ed","og_description":"Tr\u00e1v\u00edme spoustu \u010dasu anal\u00fdzou \u010d\u00edsel, porozum\u011bn\u00edm pot\u0159eb z\u00e1kazn\u00edka a prov\u00e1d\u00edme simulace, abychom na\u0161li \u0159e\u0161en\u00ed, kter\u00e9 p\u0159inese nejv\u011bt\u0161\u00ed hodnotu.","og_url":"https:\/\/www.elementlogic.net\/cz\/reseni-a-sluzby\/design-a-poradenstvi\/","og_site_name":"Element Logic Czech Republic","article_modified_time":"2024-12-05T16:36:36+00:00","og_image":[{"url":"https:\/\/www.elementlogic.net\/content\/uploads\/sites\/19\/2024\/10\/Skjermbilde-2021-05-25-kl.-12.10.06-1024x544.jpg"}],"twitter_card":"summary_large_image","twitter_misc":{"Odhadovan\u00e1 doba \u010dten\u00ed":"2 minuty"},"schema":{"@context":"https:\/\/schema.org","@graph":[{"@type":"WebPage","@id":"https:\/\/www.elementlogic.net\/cz\/reseni-a-sluzby\/design-a-poradenstvi\/","url":"https:\/\/www.elementlogic.net\/cz\/reseni-a-sluzby\/design-a-poradenstvi\/","name":"Design a poradenstv\u00ed - Element Logic Czech Republic","isPartOf":{"@id":"https:\/\/www.elementlogic.net\/cz\/#website"},"primaryImageOfPage":{"@id":"https:\/\/www.elementlogic.net\/cz\/reseni-a-sluzby\/design-a-poradenstvi\/#primaryimage"},"image":{"@id":"https:\/\/www.elementlogic.net\/cz\/reseni-a-sluzby\/design-a-poradenstvi\/#primaryimage"},"thumbnailUrl":"https:\/\/www.elementlogic.net\/content\/uploads\/sites\/19\/2024\/10\/Skjermbilde-2021-05-25-kl.-12.10.06-1024x544.jpg","datePublished":"2024-08-22T17:50:46+00:00","dateModified":"2024-12-05T16:36:36+00:00","description":"Tr\u00e1v\u00edme spoustu \u010dasu anal\u00fdzou \u010d\u00edsel, porozum\u011bn\u00edm pot\u0159eb z\u00e1kazn\u00edka a prov\u00e1d\u00edme simulace, abychom na\u0161li \u0159e\u0161en\u00ed, kter\u00e9 p\u0159inese nejv\u011bt\u0161\u00ed hodnotu.","breadcrumb":{"@id":"https:\/\/www.elementlogic.net\/cz\/reseni-a-sluzby\/design-a-poradenstvi\/#breadcrumb"},"inLanguage":"cs","potentialAction":[{"@type":"ReadAction","target":["https:\/\/www.elementlogic.net\/cz\/reseni-a-sluzby\/design-a-poradenstvi\/"]}]},{"@type":"ImageObject","inLanguage":"cs","@id":"https:\/\/www.elementlogic.net\/cz\/reseni-a-sluzby\/design-a-poradenstvi\/#primaryimage","url":"https:\/\/www.elementlogic.net\/content\/uploads\/sites\/19\/2024\/10\/Skjermbilde-2021-05-25-kl.-12.10.06-1024x544.jpg","contentUrl":"https:\/\/www.elementlogic.net\/content\/uploads\/sites\/19\/2024\/10\/Skjermbilde-2021-05-25-kl.-12.10.06-1024x544.jpg"},{"@type":"BreadcrumbList","@id":"https:\/\/www.elementlogic.net\/cz\/reseni-a-sluzby\/design-a-poradenstvi\/#breadcrumb","itemListElement":[{"@type":"ListItem","position":1,"name":"\u0158e\u0161en\u00ed a slu\u017eby","item":"https:\/\/www.elementlogic.net\/cz\/reseni-a-sluzby\/"},{"@type":"ListItem","position":2,"name":"Design a poradenstv\u00ed"}]},{"@type":"WebSite","@id":"https:\/\/www.elementlogic.net\/cz\/#website","url":"https:\/\/www.elementlogic.net\/cz\/","name":"Element Logic Czech Republic","description":"","potentialAction":[{"@type":"SearchAction","target":{"@type":"EntryPoint","urlTemplate":"https:\/\/www.elementlogic.net\/cz\/?s={search_term_string}"},"query-input":{"@type":"PropertyValueSpecification","valueRequired":true,"valueName":"search_term_string"}}],"inLanguage":"cs"}]}},"_links":{"self":[{"href":"https:\/\/www.elementlogic.net\/cz\/wp-json\/wp\/v2\/pages\/431"}],"collection":[{"href":"https:\/\/www.elementlogic.net\/cz\/wp-json\/wp\/v2\/pages"}],"about":[{"href":"https:\/\/www.elementlogic.net\/cz\/wp-json\/wp\/v2\/types\/page"}],"author":[{"embeddable":true,"href":"https:\/\/www.elementlogic.net\/cz\/wp-json\/wp\/v2\/users\/1"}],"replies":[{"embeddable":true,"href":"https:\/\/www.elementlogic.net\/cz\/wp-json\/wp\/v2\/comments?post=431"}],"version-history":[{"count":5,"href":"https:\/\/www.elementlogic.net\/cz\/wp-json\/wp\/v2\/pages\/431\/revisions"}],"predecessor-version":[{"id":2029,"href":"https:\/\/www.elementlogic.net\/cz\/wp-json\/wp\/v2\/pages\/431\/revisions\/2029"}],"up":[{"embeddable":true,"href":"https:\/\/www.elementlogic.net\/cz\/wp-json\/wp\/v2\/pages\/266"}],"wp:attachment":[{"href":"https:\/\/www.elementlogic.net\/cz\/wp-json\/wp\/v2\/media?parent=431"}],"curies":[{"name":"wp","href":"https:\/\/api.w.org\/{rel}","templated":true}]}}