{"id":45,"date":"2024-09-13T15:11:30","date_gmt":"2024-09-13T13:11:30","guid":{"rendered":"https:\/\/www.elementlogic.net\/?page_id=2661"},"modified":"2025-08-14T11:50:16","modified_gmt":"2025-08-14T11:50:16","slug":"kontaktujte-nas-elogiq","status":"publish","type":"page","link":"https:\/\/www.elementlogic.net\/cz\/reseni-a-sluzby\/software\/kontaktujte-nas-elogiq\/","title":{"rendered":"Kontaktujte n\u00e1s"},"content":{"rendered":"\n\t\t<div class=\"wp-block-dekode-dynamics-form\">\n\t\t\t<div class=\"embedded-form\">\n\t\t\t\t<div\n\t\t\t\t\tdata-form-id=\"eb82a874-e04c-f011-877a-6045bdf51dec\"\n\t\t\t\t\tdata-form-api-url=\"https:\/\/public-eur.mkt.dynamics.com\/api\/v1.0\/orgs\/0d653081-4a98-4454-9ade-26f2fbe674ee\/landingpageforms\"\n\t\t\t\t\tdata-cached-form-url=\"https:\/\/assets-eur.mkt.dynamics.com\/0d653081-4a98-4454-9ade-26f2fbe674ee\/digitalassets\/forms\/eb82a874-e04c-f011-877a-6045bdf51dec\"\n\t\t\t\t><\/div>\n\t\t\t<\/div>\n\t\t<\/div>","protected":false},"excerpt":{"rendered":"","protected":false},"author":3,"featured_media":0,"parent":227,"menu_order":0,"comment_status":"closed","ping_status":"closed","template":"","meta":{"hreflang_relation":2661,"_el_cross_publish_source_blog_url":"","_el_cross_publish_source_blog_id":0,"_el_cross_publish_source_post_id":0,"_el_cross_publish_sync_state":"","exclude_from_search":false,"footnotes":""},"class_list":["post-45","page","type-page","status-publish","hentry"],"yoast_head":"<!-- This site is optimized with the Yoast SEO Premium plugin v23.9 (Yoast SEO v23.9) - https:\/\/yoast.com\/wordpress\/plugins\/seo\/ -->\n<title>Kontaktujte n\u00e1s - eLogiq - Element Logic Czech Republic<\/title>\n<meta name=\"description\" content=\"Zaj\u00edm\u00e1 v\u00e1s v\u00edce o \u0159e\u0161en\u00ed eLogiq? Nev\u00e1hejte n\u00e1s kontaktovat je\u0161t\u011b dnes!\" \/>\n<meta name=\"robots\" content=\"index, follow, max-snippet:-1, max-image-preview:large, max-video-preview:-1\" \/>\n<link rel=\"canonical\" href=\"https:\/\/www.elementlogic.net\/cz\/reseni-a-sluzby\/software\/kontaktujte-nas-elogiq\/\" \/>\n<meta property=\"og:locale\" content=\"cs_CZ\" \/>\n<meta property=\"og:type\" content=\"article\" \/>\n<meta property=\"og:title\" content=\"Kontaktujte n\u00e1s\" \/>\n<meta property=\"og:description\" content=\"Zaj\u00edm\u00e1 v\u00e1s v\u00edce o \u0159e\u0161en\u00ed eLogiq? Nev\u00e1hejte n\u00e1s kontaktovat je\u0161t\u011b dnes!\" \/>\n<meta property=\"og:url\" content=\"https:\/\/www.elementlogic.net\/cz\/reseni-a-sluzby\/software\/kontaktujte-nas-elogiq\/\" \/>\n<meta property=\"og:site_name\" content=\"Element Logic Czech Republic\" \/>\n<meta property=\"article:modified_time\" content=\"2025-08-14T11:50:16+00:00\" \/>\n<meta name=\"twitter:card\" content=\"summary_large_image\" \/>\n<script type=\"application\/ld+json\" class=\"yoast-schema-graph\">{\"@context\":\"https:\/\/schema.org\",\"@graph\":[{\"@type\":\"WebPage\",\"@id\":\"https:\/\/www.elementlogic.net\/cz\/reseni-a-sluzby\/software\/kontaktujte-nas-elogiq\/\",\"url\":\"https:\/\/www.elementlogic.net\/cz\/reseni-a-sluzby\/software\/kontaktujte-nas-elogiq\/\",\"name\":\"Kontaktujte n\u00e1s - eLogiq - Element Logic Czech Republic\",\"isPartOf\":{\"@id\":\"https:\/\/www.elementlogic.net\/cz\/#website\"},\"datePublished\":\"2024-09-13T13:11:30+00:00\",\"dateModified\":\"2025-08-14T11:50:16+00:00\",\"description\":\"Zaj\u00edm\u00e1 v\u00e1s v\u00edce o \u0159e\u0161en\u00ed eLogiq? Nev\u00e1hejte n\u00e1s kontaktovat je\u0161t\u011b dnes!\",\"breadcrumb\":{\"@id\":\"https:\/\/www.elementlogic.net\/cz\/reseni-a-sluzby\/software\/kontaktujte-nas-elogiq\/#breadcrumb\"},\"inLanguage\":\"cs\",\"potentialAction\":[{\"@type\":\"ReadAction\",\"target\":[\"https:\/\/www.elementlogic.net\/cz\/reseni-a-sluzby\/software\/kontaktujte-nas-elogiq\/\"]}]},{\"@type\":\"BreadcrumbList\",\"@id\":\"https:\/\/www.elementlogic.net\/cz\/reseni-a-sluzby\/software\/kontaktujte-nas-elogiq\/#breadcrumb\",\"itemListElement\":[{\"@type\":\"ListItem\",\"position\":1,\"name\":\"\u0158e\u0161en\u00ed a slu\u017eby\",\"item\":\"https:\/\/www.elementlogic.net\/cz\/reseni-a-sluzby\/\"},{\"@type\":\"ListItem\",\"position\":2,\"name\":\"Software\",\"item\":\"https:\/\/www.elementlogic.net\/cz\/reseni-a-sluzby\/software\/\"},{\"@type\":\"ListItem\",\"position\":3,\"name\":\"Kontaktujte n\u00e1s\"}]},{\"@type\":\"WebSite\",\"@id\":\"https:\/\/www.elementlogic.net\/cz\/#website\",\"url\":\"https:\/\/www.elementlogic.net\/cz\/\",\"name\":\"Element Logic Czech Republic\",\"description\":\"\",\"potentialAction\":[{\"@type\":\"SearchAction\",\"target\":{\"@type\":\"EntryPoint\",\"urlTemplate\":\"https:\/\/www.elementlogic.net\/cz\/?s={search_term_string}\"},\"query-input\":{\"@type\":\"PropertyValueSpecification\",\"valueRequired\":true,\"valueName\":\"search_term_string\"}}],\"inLanguage\":\"cs\"}]}<\/script>\n<!-- \/ Yoast SEO Premium plugin. -->","yoast_head_json":{"title":"Kontaktujte n\u00e1s - eLogiq - Element Logic Czech Republic","description":"Zaj\u00edm\u00e1 v\u00e1s v\u00edce o \u0159e\u0161en\u00ed eLogiq? Nev\u00e1hejte n\u00e1s kontaktovat je\u0161t\u011b dnes!","robots":{"index":"index","follow":"follow","max-snippet":"max-snippet:-1","max-image-preview":"max-image-preview:large","max-video-preview":"max-video-preview:-1"},"canonical":"https:\/\/www.elementlogic.net\/cz\/reseni-a-sluzby\/software\/kontaktujte-nas-elogiq\/","og_locale":"cs_CZ","og_type":"article","og_title":"Kontaktujte n\u00e1s","og_description":"Zaj\u00edm\u00e1 v\u00e1s v\u00edce o \u0159e\u0161en\u00ed eLogiq? Nev\u00e1hejte n\u00e1s kontaktovat je\u0161t\u011b dnes!","og_url":"https:\/\/www.elementlogic.net\/cz\/reseni-a-sluzby\/software\/kontaktujte-nas-elogiq\/","og_site_name":"Element Logic Czech Republic","article_modified_time":"2025-08-14T11:50:16+00:00","twitter_card":"summary_large_image","schema":{"@context":"https:\/\/schema.org","@graph":[{"@type":"WebPage","@id":"https:\/\/www.elementlogic.net\/cz\/reseni-a-sluzby\/software\/kontaktujte-nas-elogiq\/","url":"https:\/\/www.elementlogic.net\/cz\/reseni-a-sluzby\/software\/kontaktujte-nas-elogiq\/","name":"Kontaktujte n\u00e1s - eLogiq - Element Logic Czech Republic","isPartOf":{"@id":"https:\/\/www.elementlogic.net\/cz\/#website"},"datePublished":"2024-09-13T13:11:30+00:00","dateModified":"2025-08-14T11:50:16+00:00","description":"Zaj\u00edm\u00e1 v\u00e1s v\u00edce o \u0159e\u0161en\u00ed eLogiq? Nev\u00e1hejte n\u00e1s kontaktovat je\u0161t\u011b dnes!","breadcrumb":{"@id":"https:\/\/www.elementlogic.net\/cz\/reseni-a-sluzby\/software\/kontaktujte-nas-elogiq\/#breadcrumb"},"inLanguage":"cs","potentialAction":[{"@type":"ReadAction","target":["https:\/\/www.elementlogic.net\/cz\/reseni-a-sluzby\/software\/kontaktujte-nas-elogiq\/"]}]},{"@type":"BreadcrumbList","@id":"https:\/\/www.elementlogic.net\/cz\/reseni-a-sluzby\/software\/kontaktujte-nas-elogiq\/#breadcrumb","itemListElement":[{"@type":"ListItem","position":1,"name":"\u0158e\u0161en\u00ed a slu\u017eby","item":"https:\/\/www.elementlogic.net\/cz\/reseni-a-sluzby\/"},{"@type":"ListItem","position":2,"name":"Software","item":"https:\/\/www.elementlogic.net\/cz\/reseni-a-sluzby\/software\/"},{"@type":"ListItem","position":3,"name":"Kontaktujte n\u00e1s"}]},{"@type":"WebSite","@id":"https:\/\/www.elementlogic.net\/cz\/#website","url":"https:\/\/www.elementlogic.net\/cz\/","name":"Element Logic Czech Republic","description":"","potentialAction":[{"@type":"SearchAction","target":{"@type":"EntryPoint","urlTemplate":"https:\/\/www.elementlogic.net\/cz\/?s={search_term_string}"},"query-input":{"@type":"PropertyValueSpecification","valueRequired":true,"valueName":"search_term_string"}}],"inLanguage":"cs"}]}},"_links":{"self":[{"href":"https:\/\/www.elementlogic.net\/cz\/wp-json\/wp\/v2\/pages\/45"}],"collection":[{"href":"https:\/\/www.elementlogic.net\/cz\/wp-json\/wp\/v2\/pages"}],"about":[{"href":"https:\/\/www.elementlogic.net\/cz\/wp-json\/wp\/v2\/types\/page"}],"author":[{"embeddable":true,"href":"https:\/\/www.elementlogic.net\/cz\/wp-json\/wp\/v2\/users\/3"}],"replies":[{"embeddable":true,"href":"https:\/\/www.elementlogic.net\/cz\/wp-json\/wp\/v2\/comments?post=45"}],"version-history":[{"count":4,"href":"https:\/\/www.elementlogic.net\/cz\/wp-json\/wp\/v2\/pages\/45\/revisions"}],"predecessor-version":[{"id":2313,"href":"https:\/\/www.elementlogic.net\/cz\/wp-json\/wp\/v2\/pages\/45\/revisions\/2313"}],"up":[{"embeddable":true,"href":"https:\/\/www.elementlogic.net\/cz\/wp-json\/wp\/v2\/pages\/227"}],"wp:attachment":[{"href":"https:\/\/www.elementlogic.net\/cz\/wp-json\/wp\/v2\/media?parent=45"}],"curies":[{"name":"wp","href":"https:\/\/api.w.org\/{rel}","templated":true}]}}