{"id":659,"date":"2024-08-08T10:59:36","date_gmt":"2024-08-08T08:59:36","guid":{"rendered":"https:\/\/www.elementlogic.net\/?page_id=247"},"modified":"2025-04-10T11:55:46","modified_gmt":"2025-04-10T11:55:46","slug":"roboticka-reseni","status":"publish","type":"page","link":"https:\/\/www.elementlogic.net\/cz\/reseni-a-sluzby\/roboticka-reseni\/","title":{"rendered":"Robotick\u00e1 \u0159e\u0161en\u00ed"},"content":{"rendered":"\n\t\t<div style=\"--dekode-hero-dim:0.5; --t2-icon-fill:var(--wp--preset--color--white); min-height:500px;\" class=\"alignfull dekode-hero-content-position-center has-media-background wp-elements-569017fefd24b78d37cae4bd67b7dade wp-block-dekode-hero has-text-color has-white-color\">\n\t\t\t\t\t<video\n\t\t\tautoplay\n\t\t\tloop\n\t\t\tmuted\n\t\t\tplaysinline\n\t\t\tposter=\"https:\/\/www.elementlogic.net\/content\/uploads\/sites\/19\/\/2024\/09\/fallback-eoperator.jpg\"\n\t\t\tsrc=\"https:\/\/www.elementlogic.net\/content\/uploads\/sites\/19\/\/2024\/09\/robotics.mp4\">\n\t\t<\/video>\n\t\t\n\t\t\t<div class=\"dekode-hero__content\">\n\t\t\t\t<div class=\"dekode-hero__container\">\n\t\t\t\t\t\n\n<h1 class=\"wp-block-heading has-text-align-center\" id=\"zvyste-podil-automatizace-a-zvyste-svuj-zisk\">Zvy\u0161te pod\u00edl automatizace a zvy\u0161te sv\u016fj zisk<\/h1>\n\n\n<p class=\"t2-ingress has-text-align-center wp-block-t2-ingress\">eOperator je robotick\u00e9 rameno od spole\u010dnosti Element Logic \u0159\u00edzen\u00e9 strojov\u00fdm u\u010den\u00edm. Osv\u011bd\u010dilo se ve spolupr\u00e1ci se syst\u00e9mem AutoStore a je pova\u017eov\u00e1no za budoucnost logistiky.<\/p>\n\n\n<div class=\"wp-block-buttons is-content-justification-center is-layout-flex wp-container-core-buttons-is-layout-1 wp-block-buttons-is-layout-flex\">\n<div class=\"wp-block-button has-icon has-icon-theme_arrow\"><a class=\"wp-block-button__link has-text-align-center wp-element-button\" href=\"https:\/\/www.elementlogic.net\/cz\/kontaktujte-nas\/\">Kontaktujte n\u00e1s je\u0161t\u011b dnes a zjist\u011bte v\u00edce<svg xmlns=\"http:\/\/www.w3.org\/2000\/svg\" viewBox=\"0 0 24 24\" height=\"24\" width=\"24\" class=\"t2-icon t2-icon-theme_arrow\" aria-hidden=\"true\" focusable=\"false\"><path d=\"M16.627 12.75H5.25C5.03717 12.75 4.859 12.6782 4.7155 12.5345C4.57183 12.391 4.5 12.2128 4.5 12C4.5 11.7872 4.57183 11.609 4.7155 11.4655C4.859 11.3218 5.03717 11.25 5.25 11.25H16.627L11.4577 6.08076C11.3091 5.93209 11.2357 5.75809 11.2375 5.55876C11.2395 5.35942 11.318 5.18217 11.473 5.02701C11.6282 4.88217 11.8038 4.80717 12 4.80201C12.1962 4.79684 12.3718 4.87184 12.527 5.02701L18.8673 11.3673C18.9609 11.4609 19.0269 11.5597 19.0652 11.6635C19.1037 11.7673 19.123 11.8795 19.123 12C19.123 12.1205 19.1037 12.2327 19.0652 12.3365C19.0269 12.4403 18.9609 12.5391 18.8673 12.6328L12.527 18.973C12.3885 19.1115 12.217 19.1823 12.0125 19.1855C11.808 19.1887 11.6282 19.1178 11.473 18.973C11.318 18.8178 11.2405 18.6397 11.2405 18.4385C11.2405 18.2372 11.318 18.0589 11.473 17.9038L16.627 12.75Z\" fill=\"var(--t2-icon-fill, #000)\"\/><\/svg><\/a><\/div>\n<\/div>\n\n\n\t\t\t\t<\/div>\n\t\t\t<\/div>\n\t\t<\/div>\n\t\t\n\n\n<p>eOperator umo\u017e\u0148uje automatizovanou manipulaci se zbo\u017e\u00edm ulo\u017een\u00fdm v AutoStore d\u00edky kombinaci oce\u0148ovan\u00e9 technologie RightPick pro vychyst\u00e1v\u00e1n\u00ed kus\u016f od spole\u010dnosti RightHand Robotics se softwarem od spole\u010dnosti Element Logic. Kdy\u017e AutoStore dod\u00e1 zbo\u017e\u00ed, robotick\u00e9 rameno jej vyzvedne a vysokou rychlost\u00ed vy\u0159\u00edd\u00ed objedn\u00e1vky z\u00e1kazn\u00edk\u016f, \u010d\u00edm\u017e dos\u00e1hne vysok\u00e9 n\u00e1vratnosti investic. Dok\u00e1\u017ee vychystat a um\u00edstit tis\u00edce produkt\u016f a d\u00edky eliminaci lidsk\u00fdch chyb va\u0161i z\u00e1kazn\u00edci v\u017edy dostanou to, co si objednali.<\/p>\n\n\n\n<p>Robotick\u00e9 rameno lze integrovat se syst\u00e9my AutoStore, eManager a jak\u00fdmikoliv dal\u0161\u00edmi softwary pro \u0159\u00edzen\u00ed skladu (WMS).<\/p>\n\n\n\n<figure class=\"wp-block-embed is-type-video is-provider-youtube wp-block-embed-youtube wp-embed-aspect-16-9 wp-has-aspect-ratio\"><div class=\"wp-block-embed__wrapper\">\n<iframe loading=\"lazy\" title=\"Optimize your warehouse performance with eOperator \u2013 Element Logic\" width=\"500\" height=\"281\" src=\"https:\/\/www.youtube.com\/embed\/bkB8IuAIHd4?feature=oembed\" frameborder=\"0\" allow=\"accelerometer; autoplay; clipboard-write; encrypted-media; gyroscope; picture-in-picture; web-share\" referrerpolicy=\"strict-origin-when-cross-origin\" allowfullscreen><\/iframe>\n<\/div><\/figure>\n\n\n\n<h2 class=\"wp-block-heading\" id=\"roboticke-rameno-nova-uroven-automatizace\">Robotick\u00e9 rameno \u2013 nov\u00e1 \u00farove\u0148 automatizace<\/h2>\n\n\n\n<p>eOper\u00e1tor je zam\u011bstnanec, kter\u00fd se nikdy neunav\u00ed, kter\u00fd m\u016f\u017ee pracovat ve tm\u011b bez tepla a kter\u00fd nikdy nepot\u0159ebuje sick day. Jeho \u201emozek\u201c b\u011b\u017e\u00ed na v\u00fdkonn\u00e9m grafick\u00e9m procesoru (GPU), kter\u00fd je navr\u017een tak, aby rychle zpracov\u00e1val obrovsk\u00e9 mno\u017estv\u00ed dat, a k pln\u011bn\u00ed r\u016fzn\u00fdch \u00fakol\u016f vyu\u017e\u00edv\u00e1 strojov\u00e9 u\u010den\u00ed. Kousek po kousku se u\u010d\u00ed, jak co nejefektivn\u011bji uchopit p\u0159edm\u011bty r\u016fzn\u00fdch velikost\u00ed a tvar\u016f. Nenahrazuje lidsk\u00e9 zam\u011bstnance \u2013 spolupracuje s lidmi, aby zajistil ziskov\u00e9 a optimalizovan\u00e9 pracovn\u00ed postupy.<\/p>\n\n\n\n<p>S eOperatorem se v\u00fdrazn\u011b sni\u017euje po\u010det kontakt\u016f s lidmi a zefektiv\u0148uje se tok ze skladu k z\u00e1kazn\u00edkovi. Pro va\u0161e zam\u011bstnance to znamen\u00e1, \u017ee mohou pracovat chyt\u0159e, sp\u00ed\u0161e ne\u017e tvrd\u011b. Jejich pracovn\u00ed den bude ergonomi\u010dt\u011bj\u0161\u00ed a \u00farove\u0148 jejich odpov\u011bdnosti vy\u0161\u0161\u00ed.<\/p>\n\n\n\n\t\t<blockquote class=\"wp-block-dekode-quote\">\n\t\t\t<div class=\"wp-block-dekode-quote__icon\">\n\t\t\t\t<img loading=\"lazy\" decoding=\"async\" width=\"173\" height=\"173\" src=\"https:\/\/www.elementlogic.net\/content\/uploads\/sites\/19\/\/2024\/09\/Skjermbilde-2024-08-27-kl.-11.44.19.png\" class=\"quote-image\" alt=\"\" srcset=\"https:\/\/www.elementlogic.net\/content\/uploads\/sites\/19\/2024\/09\/Skjermbilde-2024-08-27-kl.-11.44.19.png 173w, https:\/\/www.elementlogic.net\/content\/uploads\/sites\/19\/2024\/09\/Skjermbilde-2024-08-27-kl.-11.44.19-150x150.png 150w\" sizes=\"(max-width: 173px) 100vw, 173px\" \/><svg xmlns=\"http:\/\/www.w3.org\/2000\/svg\" viewBox=\"0 0 24 24\" height=\"96\" width=\"96\" class=\"t2-icon t2-icon-theme_quote\" aria-hidden=\"true\" focusable=\"false\"><path d=\"M6.7808 16.5288L8.49055 13.5673C8.43289 13.5993 8.36555 13.6217 8.28855 13.6345C8.21155 13.6473 8.13464 13.6538 8.0578 13.6538C7.04114 13.6538 6.17797 13.2958 5.4683 12.5798C4.7588 11.8638 4.40405 11.0038 4.40405 10C4.40405 8.98334 4.7588 8.12017 5.4683 7.4105C6.17797 6.701 7.04114 6.34625 8.0578 6.34625C9.06164 6.34625 9.92155 6.701 10.6376 7.4105C11.3536 8.12017 11.7116 8.98334 11.7116 10C11.7116 10.3513 11.669 10.6783 11.5838 10.9808C11.4985 11.2833 11.3737 11.5718 11.2096 11.8463L8.07305 17.2788C8.00905 17.3904 7.92122 17.4808 7.80955 17.55C7.69805 17.6192 7.57305 17.6538 7.43455 17.6538C7.14739 17.6538 6.93205 17.5288 6.78855 17.2788C6.64489 17.0288 6.6423 16.7788 6.7808 16.5288ZM15.6656 16.5288L17.3751 13.5673C17.3174 13.5993 17.2501 13.6217 17.1731 13.6345C17.0962 13.6473 17.0193 13.6538 16.9423 13.6538C15.9256 13.6538 15.0626 13.2958 14.3531 12.5798C13.6434 11.8638 13.2886 11.0038 13.2886 10C13.2886 8.977 13.6434 8.11225 14.3531 7.40575C15.0626 6.69942 15.9256 6.34625 16.9423 6.34625C17.9461 6.34625 18.8061 6.701 19.5221 7.4105C20.2381 8.12017 20.5961 8.98334 20.5961 10C20.5961 10.3513 20.5535 10.6783 20.4683 10.9808C20.383 11.2833 20.2583 11.5718 20.0943 11.8463L16.9578 17.2788C16.8936 17.3904 16.8058 17.4808 16.6943 17.55C16.5828 17.6192 16.4578 17.6538 16.3193 17.6538C16.0321 17.6538 15.8167 17.5288 15.6731 17.2788C15.5296 17.0288 15.5271 16.7788 15.6656 16.5288Z\" fill=\"var(--t2-icon-fill, #000)\"\/><\/svg>\n\t\t\t<\/div>\n\t\t\t<div class=\"wp-block-dekode-quote__text\">\n\t\t\t\t<p>Pou\u017eit\u00ed technologie RightPick jako syst\u00e9mu vychyst\u00e1v\u00e1n\u00ed kus\u016f pro zv\u00fd\u0161en\u00ed v\u00fdkonu v automatizovan\u00e9m skladu je jedn\u00edm z nejlep\u0161\u00edch p\u0159\u00edklad\u016f vstupu strojov\u00e9ho u\u010den\u00ed do odv\u011btv\u00ed intralogistiky. Je to budoucnost automatizace.<\/p>\n<cite>Utharshan Nadarajah, technologick\u00fd \u0159editel, Element Logic<\/cite>\n\t\t\t<\/div>\n\t\t<\/blockquote>\n\n\n<h2 class=\"wp-block-heading\" id=\"jak-to-funguje\">Jak to funguje<\/h2>\n\n\n\n<p>eOperator se skl\u00e1d\u00e1 z&nbsp;robotick\u00e9ho ramena, kamery slou\u017e\u00edc\u00ed jako o\u010di, sv\u00edraj\u00edc\u00ed ruky s p\u0159\u00edsavkou a pohybliv\u00fdmi prsty. Technologie v eOperatoru dok\u00e1\u017ee b\u011bhem zlomku sekundy zjistit nejrychlej\u0161\u00ed zp\u016fsob, jak vychystat polo\u017eku. D\u00edky t\u00e9to schopnosti p\u0159izp\u016fsobit se, u\u010dit se a zdokonalovat se je eOper\u00e1tor jedine\u010dn\u00fd a vylep\u0161uje \u0159e\u0161en\u00ed AutoStore.<\/p>\n\n\n\n<p>Robotick\u00e9 rameno je tak\u00e9 vybaveno intuitivn\u00edm u\u017eivatelsk\u00fdm rozhran\u00edm, provozn\u00edm panelem a servisn\u00edm port\u00e1lem. Je navr\u017eeno tak, aby mohlo pracovat spole\u010dn\u011b s lidmi a bylo maxim\u00e1ln\u011b flexibiln\u00ed. Abyste se ujistili, \u017ee eOperator pracuje tak, jak m\u00e1, m\u00e1te p\u0159\u00edstup ke statistick\u00fdm hl\u00e1\u0161en\u00edm v re\u00e1ln\u00e9m \u010dase.<\/p>\n\n\n\n<p>eOperator je navr\u017een a vyvinut spole\u010dnost\u00ed Element Logic a byl \u00fasp\u011b\u0161n\u011b integrov\u00e1n do sklad\u016f AutoStore na\u0161ich z\u00e1kazn\u00edk\u016f. Kontaktujte n\u00e1s je\u0161t\u011b dnes a zjist\u011bte, jak a kdy m\u016f\u017eeme v\u00e1\u0161 sklad posunout na dal\u0161\u00ed \u00farove\u0148 automatizace.<\/p>\n\n\n\n\t\t<div class=\"alignwide is-mode-constrained is-gap-center has-media-on-the-right wp-block-t2-simple-media-text has-background has-cool-grey-10-background-color   \">\n\t\t\t<div class=\"t2-simple-media-text__container\">\n\t\t\t\t<div class=\"t2-simple-media-text__image\"><img loading=\"lazy\" decoding=\"async\" width=\"768\" height=\"396\" src=\"https:\/\/www.elementlogic.net\/content\/uploads\/sites\/19\/\/2024\/09\/eOperator_2-e1676308586233-768x396.jpg\" class=\"\" alt=\"\" style=\"--focalpoint: 50% 50%;\" srcset=\"https:\/\/www.elementlogic.net\/content\/uploads\/sites\/19\/2024\/09\/eOperator_2-e1676308586233-768x396.jpg 768w, https:\/\/www.elementlogic.net\/content\/uploads\/sites\/19\/2024\/09\/eOperator_2-e1676308586233-300x155.jpg 300w, https:\/\/www.elementlogic.net\/content\/uploads\/sites\/19\/2024\/09\/eOperator_2-e1676308586233-1024x527.jpg 1024w, https:\/\/www.elementlogic.net\/content\/uploads\/sites\/19\/2024\/09\/eOperator_2-e1676308586233-1536x791.jpg 1536w, https:\/\/www.elementlogic.net\/content\/uploads\/sites\/19\/2024\/09\/eOperator_2-e1676308586233.jpg 2000w\" sizes=\"(max-width: 768px) 100vw, 768px\" \/><\/div>\n\t\t\t\t<div class=\"t2-simple-media-text__content-container\">\n\t\t\t\t\t<div class=\"t2-simple-media-text__content\">\n\t\t\t\t\t\t<div class=\"t2-simple-media-text__content-inner\">\n\t\t\t\t\t\t\t\n\n<p>Pod\u00edvejte se na eOperator v provozu:<\/p>\n\n\n\n<h2 class=\"wp-block-heading\" id=\"online-lekarna-apotea-s-prvnim-robotickym-systemem-pro-vychystavani-jednotlivych-polozek-na-svete-integrovanym-s-autostore\">Online l\u00e9k\u00e1rna Apotea s prvn\u00edm robotick\u00fdm syst\u00e9mem pro vychyst\u00e1v\u00e1n\u00ed jednotliv\u00fdch polo\u017eek na sv\u011bt\u011b integrovan\u00fdm s AutoStore.<\/h2>\n\n\n\n<div class=\"wp-block-buttons is-layout-flex wp-block-buttons-is-layout-flex\">\n<div class=\"wp-block-button is-style-fill has-icon has-icon-theme_arrow\"><a class=\"wp-block-button__link wp-element-button\" href=\"https:\/\/www.elementlogic.net\/cz\/cases\/internetova-lekarna-apotea-zprovoznila-prvni-roboticke-reseni-kusoveho-baleni-na-svete-s-integrovanym-systemem-autostore\/\">P\u0159e\u010dt\u011bte si v\u00edce<svg xmlns=\"http:\/\/www.w3.org\/2000\/svg\" viewBox=\"0 0 24 24\" height=\"24\" width=\"24\" class=\"t2-icon t2-icon-theme_arrow\" aria-hidden=\"true\" focusable=\"false\"><path d=\"M16.627 12.75H5.25C5.03717 12.75 4.859 12.6782 4.7155 12.5345C4.57183 12.391 4.5 12.2128 4.5 12C4.5 11.7872 4.57183 11.609 4.7155 11.4655C4.859 11.3218 5.03717 11.25 5.25 11.25H16.627L11.4577 6.08076C11.3091 5.93209 11.2357 5.75809 11.2375 5.55876C11.2395 5.35942 11.318 5.18217 11.473 5.02701C11.6282 4.88217 11.8038 4.80717 12 4.80201C12.1962 4.79684 12.3718 4.87184 12.527 5.02701L18.8673 11.3673C18.9609 11.4609 19.0269 11.5597 19.0652 11.6635C19.1037 11.7673 19.123 11.8795 19.123 12C19.123 12.1205 19.1037 12.2327 19.0652 12.3365C19.0269 12.4403 18.9609 12.5391 18.8673 12.6328L12.527 18.973C12.3885 19.1115 12.217 19.1823 12.0125 19.1855C11.808 19.1887 11.6282 19.1178 11.473 18.973C11.318 18.8178 11.2405 18.6397 11.2405 18.4385C11.2405 18.2372 11.318 18.0589 11.473 17.9038L16.627 12.75Z\" fill=\"var(--t2-icon-fill, #000)\"\/><\/svg><\/a><\/div>\n<\/div>\n\n\n\t\t\t\t\t\t<\/div>\n\t\t\t\t\t<\/div>\n\t\t\t\t<\/div>\n\t\t\t<\/div>\n\t\t<\/div>\n\t\t\n\n\n\t\t<div class=\"wp-block-dekode-simple-cta\">\n\t\t\t<div class=\"dekode-simple-cta__inner\">\n\n<h2 class=\"wp-block-heading\" id=\"chcete-se-dozvedet-vice-o-tom-jak-muze-element-logic-optimalizovat-vykon-vaseho-skladu\">Chcete se dozv\u011bd\u011bt v\u00edce o tom, jak m\u016f\u017ee Element Logic optimalizovat v\u00fdkon va\u0161eho skladu?<\/h2>\n\n\n\n<div class=\"wp-block-buttons is-layout-flex wp-block-buttons-is-layout-flex\">\n<div class=\"wp-block-button has-icon has-icon-theme_arrow\"><a class=\"wp-block-button__link wp-element-button\" href=\"https:\/\/www.elementlogic.net\/cz\/kontaktujte-nas\/\">Kontaktujte n\u00e1s<svg xmlns=\"http:\/\/www.w3.org\/2000\/svg\" viewBox=\"0 0 24 24\" height=\"24\" width=\"24\" class=\"t2-icon t2-icon-theme_arrow\" aria-hidden=\"true\" focusable=\"false\"><path d=\"M16.627 12.75H5.25C5.03717 12.75 4.859 12.6782 4.7155 12.5345C4.57183 12.391 4.5 12.2128 4.5 12C4.5 11.7872 4.57183 11.609 4.7155 11.4655C4.859 11.3218 5.03717 11.25 5.25 11.25H16.627L11.4577 6.08076C11.3091 5.93209 11.2357 5.75809 11.2375 5.55876C11.2395 5.35942 11.318 5.18217 11.473 5.02701C11.6282 4.88217 11.8038 4.80717 12 4.80201C12.1962 4.79684 12.3718 4.87184 12.527 5.02701L18.8673 11.3673C18.9609 11.4609 19.0269 11.5597 19.0652 11.6635C19.1037 11.7673 19.123 11.8795 19.123 12C19.123 12.1205 19.1037 12.2327 19.0652 12.3365C19.0269 12.4403 18.9609 12.5391 18.8673 12.6328L12.527 18.973C12.3885 19.1115 12.217 19.1823 12.0125 19.1855C11.808 19.1887 11.6282 19.1178 11.473 18.973C11.318 18.8178 11.2405 18.6397 11.2405 18.4385C11.2405 18.2372 11.318 18.0589 11.473 17.9038L16.627 12.75Z\" fill=\"var(--t2-icon-fill, #000)\"\/><\/svg><\/a><\/div>\n<\/div>\n\n<\/div>\n\t\t<\/div>\n\n\n<h3 class=\"wp-block-heading\" id=\"zjistete-vice-o-nasich-resenich-a-sluzbach\">Zjist\u011bte v\u00edce o na\u0161ich \u0159e\u0161en\u00edch a slu\u017eb\u00e1ch:<\/h3>\n\n\n\n\t\t<div style=\"--link-cards-grid-columns: 3\" class=\"dekode-link-cards has-3-columns wp-block-dekode-link-cards\">\n\t\t\t<div class=\"dekode-link-cards__items\">\n\t\t\t\t\n<a class=\"wp-block-dekode-link-card\" href=\"https:\/\/www.elementlogic.net\/cz\/reseni-a-sluzby\/autostore\/\"><img loading=\"lazy\" decoding=\"async\" width=\"768\" height=\"513\" src=\"https:\/\/www.elementlogic.net\/content\/uploads\/sites\/19\/\/2024\/09\/image-121-768x513.png\" class=\"\" alt=\"\" \/>\t<div class=\"dekode-link-card__content\">\n\t\t\t\t<p class=\"dekode-link-card__title\">\n\t\t\tAutoStore\t\t<\/p>\n\t\t\t<\/div>\n\t<\/a>\n\n<a class=\"wp-block-dekode-link-card\" href=\"https:\/\/www.elementlogic.net\/cz\/reseni-a-sluzby\/software\/\"><img loading=\"lazy\" decoding=\"async\" width=\"768\" height=\"512\" src=\"https:\/\/www.elementlogic.net\/content\/uploads\/sites\/19\/\/2024\/09\/image-68-768x512.png\" class=\"\" alt=\"\" \/>\t<div class=\"dekode-link-card__content\">\n\t\t\t\t<p class=\"dekode-link-card__title\">\n\t\t\tSoftware\t\t<\/p>\n\t\t\t<\/div>\n\t<\/a>\n\n<a class=\"wp-block-dekode-link-card\" href=\"https:\/\/www.elementlogic.net\/cz\/reseni-a-sluzby\/manipulace-s-tokem-materialu\/\"><img loading=\"lazy\" decoding=\"async\" width=\"768\" height=\"512\" src=\"https:\/\/www.elementlogic.net\/content\/uploads\/sites\/19\/\/2024\/09\/MFH-Royal-Design4-28167333-768x512.jpg\" class=\"\" alt=\"\" \/>\t<div class=\"dekode-link-card__content\">\n\t\t\t\t<p class=\"dekode-link-card__title\">\n\t\t\tManipulace s tokem materi\u00e1lu\t\t<\/p>\n\t\t\t<\/div>\n\t<\/a>\n\n\t\t\t<\/div>\n\t\t<\/div>","protected":false},"excerpt":{"rendered":"<p>eOperator umo\u017e\u0148uje automatizovanou manipulaci se zbo\u017e\u00edm ulo\u017een\u00fdm v AutoStore d\u00edky kombinaci oce\u0148ovan\u00e9 technologie RightPick pro vychyst\u00e1v\u00e1n\u00ed kus\u016f od spole\u010dnosti RightHand [&hellip;]<\/p>\n","protected":false},"author":5,"featured_media":337,"parent":266,"menu_order":0,"comment_status":"closed","ping_status":"closed","template":"","meta":{"hreflang_relation":247,"_el_cross_publish_source_blog_url":"","_el_cross_publish_source_blog_id":0,"_el_cross_publish_source_post_id":0,"_el_cross_publish_sync_state":"","exclude_from_search":false,"footnotes":""},"class_list":["post-659","page","type-page","status-publish","has-post-thumbnail","hentry"],"yoast_head":"<!-- This site is optimized with the Yoast SEO Premium plugin v23.9 (Yoast SEO v23.9) - https:\/\/yoast.com\/wordpress\/plugins\/seo\/ -->\n<title>Robotick\u00e1 \u0159e\u0161en\u00ed - Element Logic Czech Republic<\/title>\n<meta name=\"description\" content=\"eOperator je robotick\u00e9 rameno od spole\u010dnosti Element Logic \u0159\u00edzen\u00e9 strojov\u00fdm u\u010den\u00edm. Osv\u011bd\u010dilo se ve spolupr\u00e1ci se syst\u00e9mem AutoStore.\" \/>\n<meta name=\"robots\" content=\"index, follow, max-snippet:-1, max-image-preview:large, max-video-preview:-1\" \/>\n<link rel=\"canonical\" href=\"https:\/\/www.elementlogic.net\/cz\/reseni-a-sluzby\/roboticka-reseni\/\" \/>\n<meta property=\"og:locale\" content=\"cs_CZ\" \/>\n<meta property=\"og:type\" content=\"article\" \/>\n<meta property=\"og:title\" content=\"Robotick\u00e1 \u0159e\u0161en\u00ed\" \/>\n<meta property=\"og:description\" content=\"eOperator je robotick\u00e9 rameno od spole\u010dnosti Element Logic \u0159\u00edzen\u00e9 strojov\u00fdm u\u010den\u00edm. Osv\u011bd\u010dilo se ve spolupr\u00e1ci se syst\u00e9mem AutoStore.\" \/>\n<meta property=\"og:url\" content=\"https:\/\/www.elementlogic.net\/cz\/reseni-a-sluzby\/roboticka-reseni\/\" \/>\n<meta property=\"og:site_name\" content=\"Element Logic Czech Republic\" \/>\n<meta property=\"article:modified_time\" content=\"2025-04-10T11:55:46+00:00\" \/>\n<meta property=\"og:image\" content=\"https:\/\/www.elementlogic.net\/content\/uploads\/sites\/19\/\/2024\/09\/Eoperator.jpeg\" \/>\n\t<meta property=\"og:image:width\" content=\"1080\" \/>\n\t<meta property=\"og:image:height\" content=\"720\" \/>\n\t<meta property=\"og:image:type\" content=\"image\/jpeg\" \/>\n<meta name=\"twitter:card\" content=\"summary_large_image\" \/>\n<meta name=\"twitter:label1\" content=\"Odhadovan\u00e1 doba \u010dten\u00ed\" \/>\n\t<meta name=\"twitter:data1\" content=\"3 minuty\" \/>\n<script type=\"application\/ld+json\" class=\"yoast-schema-graph\">{\"@context\":\"https:\/\/schema.org\",\"@graph\":[{\"@type\":\"WebPage\",\"@id\":\"https:\/\/www.elementlogic.net\/cz\/reseni-a-sluzby\/roboticka-reseni\/\",\"url\":\"https:\/\/www.elementlogic.net\/cz\/reseni-a-sluzby\/roboticka-reseni\/\",\"name\":\"Robotick\u00e1 \u0159e\u0161en\u00ed - Element Logic Czech Republic\",\"isPartOf\":{\"@id\":\"https:\/\/www.elementlogic.net\/cz\/#website\"},\"primaryImageOfPage\":{\"@id\":\"https:\/\/www.elementlogic.net\/cz\/reseni-a-sluzby\/roboticka-reseni\/#primaryimage\"},\"image\":{\"@id\":\"https:\/\/www.elementlogic.net\/cz\/reseni-a-sluzby\/roboticka-reseni\/#primaryimage\"},\"thumbnailUrl\":\"https:\/\/www.elementlogic.net\/content\/uploads\/sites\/19\/\/2024\/09\/Eoperator.jpeg\",\"datePublished\":\"2024-08-08T08:59:36+00:00\",\"dateModified\":\"2025-04-10T11:55:46+00:00\",\"description\":\"eOperator je robotick\u00e9 rameno od spole\u010dnosti Element Logic \u0159\u00edzen\u00e9 strojov\u00fdm u\u010den\u00edm. Osv\u011bd\u010dilo se ve spolupr\u00e1ci se syst\u00e9mem AutoStore.\",\"breadcrumb\":{\"@id\":\"https:\/\/www.elementlogic.net\/cz\/reseni-a-sluzby\/roboticka-reseni\/#breadcrumb\"},\"inLanguage\":\"cs\",\"potentialAction\":[{\"@type\":\"ReadAction\",\"target\":[\"https:\/\/www.elementlogic.net\/cz\/reseni-a-sluzby\/roboticka-reseni\/\"]}]},{\"@type\":\"ImageObject\",\"inLanguage\":\"cs\",\"@id\":\"https:\/\/www.elementlogic.net\/cz\/reseni-a-sluzby\/roboticka-reseni\/#primaryimage\",\"url\":\"https:\/\/www.elementlogic.net\/content\/uploads\/sites\/19\/\/2024\/09\/Eoperator.jpeg\",\"contentUrl\":\"https:\/\/www.elementlogic.net\/content\/uploads\/sites\/19\/\/2024\/09\/Eoperator.jpeg\",\"width\":1080,\"height\":720},{\"@type\":\"BreadcrumbList\",\"@id\":\"https:\/\/www.elementlogic.net\/cz\/reseni-a-sluzby\/roboticka-reseni\/#breadcrumb\",\"itemListElement\":[{\"@type\":\"ListItem\",\"position\":1,\"name\":\"\u0158e\u0161en\u00ed a slu\u017eby\",\"item\":\"https:\/\/www.elementlogic.net\/cz\/reseni-a-sluzby\/\"},{\"@type\":\"ListItem\",\"position\":2,\"name\":\"Robotick\u00e1 \u0159e\u0161en\u00ed\"}]},{\"@type\":\"WebSite\",\"@id\":\"https:\/\/www.elementlogic.net\/cz\/#website\",\"url\":\"https:\/\/www.elementlogic.net\/cz\/\",\"name\":\"Element Logic Czech Republic\",\"description\":\"\",\"potentialAction\":[{\"@type\":\"SearchAction\",\"target\":{\"@type\":\"EntryPoint\",\"urlTemplate\":\"https:\/\/www.elementlogic.net\/cz\/?s={search_term_string}\"},\"query-input\":{\"@type\":\"PropertyValueSpecification\",\"valueRequired\":true,\"valueName\":\"search_term_string\"}}],\"inLanguage\":\"cs\"}]}<\/script>\n<!-- \/ Yoast SEO Premium plugin. -->","yoast_head_json":{"title":"Robotick\u00e1 \u0159e\u0161en\u00ed - Element Logic Czech Republic","description":"eOperator je robotick\u00e9 rameno od spole\u010dnosti Element Logic \u0159\u00edzen\u00e9 strojov\u00fdm u\u010den\u00edm. Osv\u011bd\u010dilo se ve spolupr\u00e1ci se syst\u00e9mem AutoStore.","robots":{"index":"index","follow":"follow","max-snippet":"max-snippet:-1","max-image-preview":"max-image-preview:large","max-video-preview":"max-video-preview:-1"},"canonical":"https:\/\/www.elementlogic.net\/cz\/reseni-a-sluzby\/roboticka-reseni\/","og_locale":"cs_CZ","og_type":"article","og_title":"Robotick\u00e1 \u0159e\u0161en\u00ed","og_description":"eOperator je robotick\u00e9 rameno od spole\u010dnosti Element Logic \u0159\u00edzen\u00e9 strojov\u00fdm u\u010den\u00edm. Osv\u011bd\u010dilo se ve spolupr\u00e1ci se syst\u00e9mem AutoStore.","og_url":"https:\/\/www.elementlogic.net\/cz\/reseni-a-sluzby\/roboticka-reseni\/","og_site_name":"Element Logic Czech Republic","article_modified_time":"2025-04-10T11:55:46+00:00","og_image":[{"width":1080,"height":720,"url":"https:\/\/www.elementlogic.net\/content\/uploads\/sites\/19\/\/2024\/09\/Eoperator.jpeg","type":"image\/jpeg"}],"twitter_card":"summary_large_image","twitter_misc":{"Odhadovan\u00e1 doba \u010dten\u00ed":"3 minuty"},"schema":{"@context":"https:\/\/schema.org","@graph":[{"@type":"WebPage","@id":"https:\/\/www.elementlogic.net\/cz\/reseni-a-sluzby\/roboticka-reseni\/","url":"https:\/\/www.elementlogic.net\/cz\/reseni-a-sluzby\/roboticka-reseni\/","name":"Robotick\u00e1 \u0159e\u0161en\u00ed - Element Logic Czech Republic","isPartOf":{"@id":"https:\/\/www.elementlogic.net\/cz\/#website"},"primaryImageOfPage":{"@id":"https:\/\/www.elementlogic.net\/cz\/reseni-a-sluzby\/roboticka-reseni\/#primaryimage"},"image":{"@id":"https:\/\/www.elementlogic.net\/cz\/reseni-a-sluzby\/roboticka-reseni\/#primaryimage"},"thumbnailUrl":"https:\/\/www.elementlogic.net\/content\/uploads\/sites\/19\/\/2024\/09\/Eoperator.jpeg","datePublished":"2024-08-08T08:59:36+00:00","dateModified":"2025-04-10T11:55:46+00:00","description":"eOperator je robotick\u00e9 rameno od spole\u010dnosti Element Logic \u0159\u00edzen\u00e9 strojov\u00fdm u\u010den\u00edm. Osv\u011bd\u010dilo se ve spolupr\u00e1ci se syst\u00e9mem AutoStore.","breadcrumb":{"@id":"https:\/\/www.elementlogic.net\/cz\/reseni-a-sluzby\/roboticka-reseni\/#breadcrumb"},"inLanguage":"cs","potentialAction":[{"@type":"ReadAction","target":["https:\/\/www.elementlogic.net\/cz\/reseni-a-sluzby\/roboticka-reseni\/"]}]},{"@type":"ImageObject","inLanguage":"cs","@id":"https:\/\/www.elementlogic.net\/cz\/reseni-a-sluzby\/roboticka-reseni\/#primaryimage","url":"https:\/\/www.elementlogic.net\/content\/uploads\/sites\/19\/\/2024\/09\/Eoperator.jpeg","contentUrl":"https:\/\/www.elementlogic.net\/content\/uploads\/sites\/19\/\/2024\/09\/Eoperator.jpeg","width":1080,"height":720},{"@type":"BreadcrumbList","@id":"https:\/\/www.elementlogic.net\/cz\/reseni-a-sluzby\/roboticka-reseni\/#breadcrumb","itemListElement":[{"@type":"ListItem","position":1,"name":"\u0158e\u0161en\u00ed a slu\u017eby","item":"https:\/\/www.elementlogic.net\/cz\/reseni-a-sluzby\/"},{"@type":"ListItem","position":2,"name":"Robotick\u00e1 \u0159e\u0161en\u00ed"}]},{"@type":"WebSite","@id":"https:\/\/www.elementlogic.net\/cz\/#website","url":"https:\/\/www.elementlogic.net\/cz\/","name":"Element Logic Czech Republic","description":"","potentialAction":[{"@type":"SearchAction","target":{"@type":"EntryPoint","urlTemplate":"https:\/\/www.elementlogic.net\/cz\/?s={search_term_string}"},"query-input":{"@type":"PropertyValueSpecification","valueRequired":true,"valueName":"search_term_string"}}],"inLanguage":"cs"}]}},"_links":{"self":[{"href":"https:\/\/www.elementlogic.net\/cz\/wp-json\/wp\/v2\/pages\/659"}],"collection":[{"href":"https:\/\/www.elementlogic.net\/cz\/wp-json\/wp\/v2\/pages"}],"about":[{"href":"https:\/\/www.elementlogic.net\/cz\/wp-json\/wp\/v2\/types\/page"}],"author":[{"embeddable":true,"href":"https:\/\/www.elementlogic.net\/cz\/wp-json\/wp\/v2\/users\/5"}],"replies":[{"embeddable":true,"href":"https:\/\/www.elementlogic.net\/cz\/wp-json\/wp\/v2\/comments?post=659"}],"version-history":[{"count":5,"href":"https:\/\/www.elementlogic.net\/cz\/wp-json\/wp\/v2\/pages\/659\/revisions"}],"predecessor-version":[{"id":2128,"href":"https:\/\/www.elementlogic.net\/cz\/wp-json\/wp\/v2\/pages\/659\/revisions\/2128"}],"up":[{"embeddable":true,"href":"https:\/\/www.elementlogic.net\/cz\/wp-json\/wp\/v2\/pages\/266"}],"wp:featuredmedia":[{"embeddable":true,"href":"https:\/\/www.elementlogic.net\/cz\/wp-json\/wp\/v2\/media\/337"}],"wp:attachment":[{"href":"https:\/\/www.elementlogic.net\/cz\/wp-json\/wp\/v2\/media?parent=659"}],"curies":[{"name":"wp","href":"https:\/\/api.w.org\/{rel}","templated":true}]}}