{"id":141,"date":"2024-09-09T21:58:29","date_gmt":"2024-09-09T19:58:29","guid":{"rendered":"https:\/\/www.elementlogic.net\/?page_id=2188"},"modified":"2025-11-27T14:30:56","modified_gmt":"2025-11-27T13:30:56","slug":"8-mythen-ueber-lagerautomatisierung","status":"publish","type":"page","link":"https:\/\/www.elementlogic.net\/de\/whitepaper\/8-mythen-ueber-lagerautomatisierung\/","title":{"rendered":"8 Mythen \u00fcber Lagerautomatisierung"},"content":{"rendered":"\n\t\t<div style=\"--dekode-hero-dim:0.5; --t2-icon-fill:var(--wp--preset--color--white);\" class=\"alignfull dekode-hero-content-position-center has-media-background wp-block-dekode-hero has-text-color has-white-color\">\n\t\t\t<img loading=\"lazy\" decoding=\"async\" width=\"1024\" height=\"544\" src=\"https:\/\/www.elementlogic.net\/content\/uploads\/sites\/17\/\/2024\/09\/image-57-1024x544.png\" class=\"dekode-hero__image\" alt=\"\" style=\"--focalpoint: 48% 52%;\" srcset=\"https:\/\/www.elementlogic.net\/content\/uploads\/sites\/17\/2024\/09\/image-57-1024x544.png 1024w, https:\/\/www.elementlogic.net\/content\/uploads\/sites\/17\/2024\/09\/image-57-300x159.png 300w, https:\/\/www.elementlogic.net\/content\/uploads\/sites\/17\/2024\/09\/image-57-768x408.png 768w, https:\/\/www.elementlogic.net\/content\/uploads\/sites\/17\/2024\/09\/image-57-1536x816.png 1536w, https:\/\/www.elementlogic.net\/content\/uploads\/sites\/17\/2024\/09\/image-57.png 1600w\" sizes=\"(max-width: 1024px) 100vw, 1024px\" \/>\n\t\t\t<div class=\"dekode-hero__content\">\n\t\t\t\t<div class=\"dekode-hero__container\">\n\t\t\t\t\t\n\n<h1 class=\"wp-block-heading\" id=\"8-mythen-uber-lagerautomatisierung\">8 Mythen \u00fcber Lagerautomatisierung<\/h1>\n\n\n\n<p>Welche Vorteile bietet Lagerautomatisierung Ihrem Unternehmen wirklich? Dieses Whitepaper wird Ihnen dabei helfen, zwischen Fakten und einigen Mythen zu unterscheiden.<\/p>\n\n\n\t\t\t\t<\/div>\n\t\t\t<\/div>\n\t\t<\/div>\n\t\t\n\n\n<p>Immer mehr Unternehmen entscheiden sich f\u00fcr die Lagerautomatisierung, um die Wettbewerbsf\u00e4higkeit in ihren jeweiligen M\u00e4rkten zu erhalten und zu steigern. \u201eDa es sich um eine gro\u00dfe Investition handelt \u2013 vielleicht die gr\u00f6\u00dfte, die ein Unternehmen jemals get\u00e4tigt hat \u2013 ist es v\u00f6llig selbstverst\u00e4ndlich skeptisch zu sein und sich um die potenziellen Risiken zu sorgen. Aber die Skepsis basiert h\u00e4ufig auf Mythen, die weit von der Wirklichkeit entfernt sind\u201d, so Dag-Adler Blakseth, CEO von Element Logic.<\/p>\n\n\n\n<p>Aus diesem Grund haben wir ein Whitepaper erstellt, das sich mit einigen der weitverbreitetsten Mythen zum Thema Lagerautomatisierung besch\u00e4ftigt. Dieses Whitepaper wird Ihnen die notwendigen Einblicke gew\u00e4hren, um auf der Grundlage tats\u00e4chlicher Fakten eine Entscheidung \u00fcber die Zukunft Ihrer Lagerlogistik treffen zu k\u00f6nnen.<\/p>\n\n\n\n<h3 class=\"wp-block-heading\" id=\"h-in-diesem-whitepaper-erfahren-sie-unter-anderem\">In diesem Whitepaper erfahren Sie unter anderem:<\/h3>\n\n\n\n<ul class=\"wp-block-list\">\n<li>wie komplex Automatisierung wirklich ist<\/li>\n\n\n\n<li>wie Sie sicherstellen k\u00f6nnen, von Lagerautomatisierung finanziell zu profitieren<\/li>\n\n\n\n<li>ob Sie ein neues Lager errichten m\u00fcssen oder Ihr vorhandenes optimieren k\u00f6nnen<\/li>\n\n\n\n<li>wie AutoStore funktioniert<\/li>\n\n\n\n<li>welche Folgen die Automatisierung f\u00fcr Ihre Belegschaft hat<\/li>\n\n\n\n<li>f\u00fcr welche Branchen Lagerautomatisierung geeignet ist<\/li>\n<\/ul>\n\n\n\n\t\t<div class=\"wp-block-dekode-dynamics-form\">\n\t\t\t<div class=\"embedded-form\">\n\t\t\t\t<div\n\t\t\t\t\tdata-form-id=\"f4fb24df-742a-f011-8c4e-6045bdf51dec\"\n\t\t\t\t\tdata-form-api-url=\"https:\/\/public-eur.mkt.dynamics.com\/api\/v1.0\/orgs\/0d653081-4a98-4454-9ade-26f2fbe674ee\/landingpageforms\"\n\t\t\t\t\tdata-cached-form-url=\"https:\/\/assets-eur.mkt.dynamics.com\/0d653081-4a98-4454-9ade-26f2fbe674ee\/digitalassets\/forms\/f4fb24df-742a-f011-8c4e-6045bdf51dec\"\n\t\t\t\t><\/div>\n\t\t\t<\/div>\n\t\t<\/div>","protected":false},"excerpt":{"rendered":"<p>Immer mehr Unternehmen entscheiden sich f\u00fcr die Lagerautomatisierung, um die Wettbewerbsf\u00e4higkeit in ihren jeweiligen M\u00e4rkten zu erhalten und zu steigern. [&hellip;]<\/p>\n","protected":false},"author":26,"featured_media":0,"parent":155,"menu_order":0,"comment_status":"closed","ping_status":"closed","template":"","meta":{"hreflang_relation":0,"_el_cross_publish_source_blog_url":"","_el_cross_publish_source_blog_id":0,"_el_cross_publish_source_post_id":0,"_el_cross_publish_sync_state":"","exclude_from_search":false,"footnotes":""},"class_list":["post-141","page","type-page","status-publish","hentry"],"yoast_head":"<!-- This site is optimized with the Yoast SEO Premium plugin v23.9 (Yoast SEO v23.9) - https:\/\/yoast.com\/wordpress\/plugins\/seo\/ -->\n<title>8 Mythen \u00fcber Lagerautomatisierung<\/title>\n<meta name=\"description\" content=\"Welche Vorteile bietet Lagerautomatisierung Ihrem Unternehmen wirklich? Dieses Whitepaper wird Ihnen dabei helfen, zwischen Fakten und einigen Mythen zu unterscheiden.\" \/>\n<meta name=\"robots\" content=\"index, follow, max-snippet:-1, max-image-preview:large, max-video-preview:-1\" \/>\n<link rel=\"canonical\" href=\"https:\/\/www.elementlogic.net\/de\/whitepaper\/8-mythen-ueber-lagerautomatisierung\/\" \/>\n<meta property=\"og:locale\" content=\"de_DE\" \/>\n<meta property=\"og:type\" content=\"article\" \/>\n<meta property=\"og:title\" content=\"8 Mythen \u00fcber Lagerautomatisierung\" \/>\n<meta property=\"og:description\" content=\"Welche Vorteile bietet Lagerautomatisierung Ihrem Unternehmen wirklich? Dieses Whitepaper wird Ihnen dabei helfen, zwischen Fakten und einigen Mythen zu unterscheiden.\" \/>\n<meta property=\"og:url\" content=\"https:\/\/www.elementlogic.net\/de\/whitepaper\/8-mythen-ueber-lagerautomatisierung\/\" \/>\n<meta property=\"og:site_name\" content=\"Element Logic Deutschland\" \/>\n<meta property=\"article:modified_time\" content=\"2025-11-27T13:30:56+00:00\" \/>\n<meta name=\"twitter:card\" content=\"summary_large_image\" \/>\n<script type=\"application\/ld+json\" class=\"yoast-schema-graph\">{\"@context\":\"https:\/\/schema.org\",\"@graph\":[{\"@type\":\"WebPage\",\"@id\":\"https:\/\/www.elementlogic.net\/de\/whitepaper\/8-mythen-ueber-lagerautomatisierung\/\",\"url\":\"https:\/\/www.elementlogic.net\/de\/whitepaper\/8-mythen-ueber-lagerautomatisierung\/\",\"name\":\"8 Mythen \u00fcber Lagerautomatisierung\",\"isPartOf\":{\"@id\":\"https:\/\/www.elementlogic.net\/de\/#website\"},\"datePublished\":\"2024-09-09T19:58:29+00:00\",\"dateModified\":\"2025-11-27T13:30:56+00:00\",\"description\":\"Welche Vorteile bietet Lagerautomatisierung Ihrem Unternehmen wirklich? Dieses Whitepaper wird Ihnen dabei helfen, zwischen Fakten und einigen Mythen zu unterscheiden.\",\"breadcrumb\":{\"@id\":\"https:\/\/www.elementlogic.net\/de\/whitepaper\/8-mythen-ueber-lagerautomatisierung\/#breadcrumb\"},\"inLanguage\":\"de\",\"potentialAction\":[{\"@type\":\"ReadAction\",\"target\":[\"https:\/\/www.elementlogic.net\/de\/whitepaper\/8-mythen-ueber-lagerautomatisierung\/\"]}]},{\"@type\":\"BreadcrumbList\",\"@id\":\"https:\/\/www.elementlogic.net\/de\/whitepaper\/8-mythen-ueber-lagerautomatisierung\/#breadcrumb\",\"itemListElement\":[{\"@type\":\"ListItem\",\"position\":1,\"name\":\"Whitepapers\",\"item\":\"https:\/\/www.elementlogic.net\/de\/whitepaper\/\"},{\"@type\":\"ListItem\",\"position\":2,\"name\":\"8 Mythen \u00fcber Lagerautomatisierung\"}]},{\"@type\":\"WebSite\",\"@id\":\"https:\/\/www.elementlogic.net\/de\/#website\",\"url\":\"https:\/\/www.elementlogic.net\/de\/\",\"name\":\"Element Logic Deutschland\",\"description\":\"Optimizing Warehouse Performance\",\"potentialAction\":[{\"@type\":\"SearchAction\",\"target\":{\"@type\":\"EntryPoint\",\"urlTemplate\":\"https:\/\/www.elementlogic.net\/de\/?s={search_term_string}\"},\"query-input\":{\"@type\":\"PropertyValueSpecification\",\"valueRequired\":true,\"valueName\":\"search_term_string\"}}],\"inLanguage\":\"de\"}]}<\/script>\n<!-- \/ Yoast SEO Premium plugin. -->","yoast_head_json":{"title":"8 Mythen \u00fcber Lagerautomatisierung","description":"Welche Vorteile bietet Lagerautomatisierung Ihrem Unternehmen wirklich? Dieses Whitepaper wird Ihnen dabei helfen, zwischen Fakten und einigen Mythen zu unterscheiden.","robots":{"index":"index","follow":"follow","max-snippet":"max-snippet:-1","max-image-preview":"max-image-preview:large","max-video-preview":"max-video-preview:-1"},"canonical":"https:\/\/www.elementlogic.net\/de\/whitepaper\/8-mythen-ueber-lagerautomatisierung\/","og_locale":"de_DE","og_type":"article","og_title":"8 Mythen \u00fcber Lagerautomatisierung","og_description":"Welche Vorteile bietet Lagerautomatisierung Ihrem Unternehmen wirklich? Dieses Whitepaper wird Ihnen dabei helfen, zwischen Fakten und einigen Mythen zu unterscheiden.","og_url":"https:\/\/www.elementlogic.net\/de\/whitepaper\/8-mythen-ueber-lagerautomatisierung\/","og_site_name":"Element Logic Deutschland","article_modified_time":"2025-11-27T13:30:56+00:00","twitter_card":"summary_large_image","schema":{"@context":"https:\/\/schema.org","@graph":[{"@type":"WebPage","@id":"https:\/\/www.elementlogic.net\/de\/whitepaper\/8-mythen-ueber-lagerautomatisierung\/","url":"https:\/\/www.elementlogic.net\/de\/whitepaper\/8-mythen-ueber-lagerautomatisierung\/","name":"8 Mythen \u00fcber Lagerautomatisierung","isPartOf":{"@id":"https:\/\/www.elementlogic.net\/de\/#website"},"datePublished":"2024-09-09T19:58:29+00:00","dateModified":"2025-11-27T13:30:56+00:00","description":"Welche Vorteile bietet Lagerautomatisierung Ihrem Unternehmen wirklich? Dieses Whitepaper wird Ihnen dabei helfen, zwischen Fakten und einigen Mythen zu unterscheiden.","breadcrumb":{"@id":"https:\/\/www.elementlogic.net\/de\/whitepaper\/8-mythen-ueber-lagerautomatisierung\/#breadcrumb"},"inLanguage":"de","potentialAction":[{"@type":"ReadAction","target":["https:\/\/www.elementlogic.net\/de\/whitepaper\/8-mythen-ueber-lagerautomatisierung\/"]}]},{"@type":"BreadcrumbList","@id":"https:\/\/www.elementlogic.net\/de\/whitepaper\/8-mythen-ueber-lagerautomatisierung\/#breadcrumb","itemListElement":[{"@type":"ListItem","position":1,"name":"Whitepapers","item":"https:\/\/www.elementlogic.net\/de\/whitepaper\/"},{"@type":"ListItem","position":2,"name":"8 Mythen \u00fcber Lagerautomatisierung"}]},{"@type":"WebSite","@id":"https:\/\/www.elementlogic.net\/de\/#website","url":"https:\/\/www.elementlogic.net\/de\/","name":"Element Logic Deutschland","description":"Optimizing Warehouse Performance","potentialAction":[{"@type":"SearchAction","target":{"@type":"EntryPoint","urlTemplate":"https:\/\/www.elementlogic.net\/de\/?s={search_term_string}"},"query-input":{"@type":"PropertyValueSpecification","valueRequired":true,"valueName":"search_term_string"}}],"inLanguage":"de"}]}},"_links":{"self":[{"href":"https:\/\/www.elementlogic.net\/de\/wp-json\/wp\/v2\/pages\/141"}],"collection":[{"href":"https:\/\/www.elementlogic.net\/de\/wp-json\/wp\/v2\/pages"}],"about":[{"href":"https:\/\/www.elementlogic.net\/de\/wp-json\/wp\/v2\/types\/page"}],"author":[{"embeddable":true,"href":"https:\/\/www.elementlogic.net\/de\/wp-json\/wp\/v2\/users\/26"}],"replies":[{"embeddable":true,"href":"https:\/\/www.elementlogic.net\/de\/wp-json\/wp\/v2\/comments?post=141"}],"version-history":[{"count":5,"href":"https:\/\/www.elementlogic.net\/de\/wp-json\/wp\/v2\/pages\/141\/revisions"}],"predecessor-version":[{"id":3403,"href":"https:\/\/www.elementlogic.net\/de\/wp-json\/wp\/v2\/pages\/141\/revisions\/3403"}],"up":[{"embeddable":true,"href":"https:\/\/www.elementlogic.net\/de\/wp-json\/wp\/v2\/pages\/155"}],"wp:attachment":[{"href":"https:\/\/www.elementlogic.net\/de\/wp-json\/wp\/v2\/media?parent=141"}],"curies":[{"name":"wp","href":"https:\/\/api.w.org\/{rel}","templated":true}]}}