{"id":150,"date":"2024-09-09T21:40:43","date_gmt":"2024-09-09T19:40:43","guid":{"rendered":"https:\/\/www.elementlogic.net\/?page_id=2164"},"modified":"2025-11-27T14:27:31","modified_gmt":"2025-11-27T13:27:31","slug":"schoepfen-sie-das-volle-potenzial-ihres-lagers-mit-ki-kuenstlicher-intelligenz","status":"publish","type":"page","link":"https:\/\/www.elementlogic.net\/de\/whitepaper\/schoepfen-sie-das-volle-potenzial-ihres-lagers-mit-ki-kuenstlicher-intelligenz\/","title":{"rendered":"Sch\u00f6pfen Sie das volle Potenzial Ihres Lagers mit KI &#8211; K\u00fcnstlicher Intelligenz"},"content":{"rendered":"\n\t\t<div style=\"--dekode-hero-dim:0.5; --t2-icon-fill:var(--wp--preset--color--white);\" class=\"alignfull dekode-hero-content-position-center has-media-background wp-block-dekode-hero\">\n\t\t\t<img loading=\"lazy\" decoding=\"async\" width=\"600\" height=\"400\" src=\"https:\/\/www.elementlogic.net\/content\/uploads\/sites\/17\/\/2024\/09\/image-11.png\" class=\"dekode-hero__image\" alt=\"\" style=\"--focalpoint: 54% 27%;\" srcset=\"https:\/\/www.elementlogic.net\/content\/uploads\/sites\/17\/2024\/09\/image-11.png 600w, https:\/\/www.elementlogic.net\/content\/uploads\/sites\/17\/2024\/09\/image-11-300x200.png 300w\" sizes=\"(max-width: 600px) 100vw, 600px\" \/>\n\t\t\t<div class=\"dekode-hero__content\">\n\t\t\t\t<div class=\"dekode-hero__container\">\n\t\t\t\t\t\n\n<h1 class=\"wp-block-heading\" id=\"schopfen-sie-das-volle-potenzial-ihres-lagers-mit-ki-kunstlicher-intelligenz\">Sch\u00f6pfen Sie das volle Potenzial Ihres Lagers mit KI &#8211; K\u00fcnstlicher Intelligenz<\/h1>\n\n\n\n<p>In diesem Whitepaper geben wir Einblicke, wie man in automatisierte Arbeitsabl\u00e4ufe erfolgreich gestaltet und zeigen, wie Menschen und Roboter zusammenarbeiten k\u00f6nnen, um Produktivit\u00e4t und Wachstum zu erzielen.<\/p>\n\n\n\t\t\t\t<\/div>\n\t\t\t<\/div>\n\t\t<\/div>\n\t\t\n\n\n<p>Angesichts von Pandemie, finanzieller Rezession und Naturkatastrophen, die zu Unterbrechungen der Lieferkette f\u00fchrten, war die Nachfrage nach anpassungsf\u00e4higen und erweiterbaren Lagerl\u00f6sungen noch nie so gro\u00df wie heute.<\/p>\n\n\n\n<p>Laden Sie unser Whitepaper herunter und erfahren Sie, wie Automatisierung und Robotertechnologie mit KI das volle Potenzial Ihres Lagers aussch\u00f6pfen und gleichzeitig die Lagereffizienz steigern k\u00f6nnen. Sie werden erfahren, wie die Synergie zwischen Robotern und Menschen au\u00dfergew\u00f6hnliche Kundenerlebnisse schafft, die Kundenbindung erh\u00f6ht und positive Mundpropaganda erzeugt.<\/p>\n\n\n\n<p>Das Whitepaper enth\u00e4lt au\u00dferdem Beispiele aus der Praxis und Einblicke von Branchenexperten.<\/p>\n\n\n\n<h3 class=\"wp-block-heading\" id=\"h-bei-der-lekture-dieses-whitepapers-werden-sie-mehr-erfahren\"><strong>Bei der Lekt\u00fcre dieses Whitepapers werden Sie mehr erfahren:<\/strong><\/h3>\n\n\n\n<ul class=\"wp-block-list\">\n<li>Warum Roboter den Menschen niemals ersetzen k\u00f6nnen<\/li>\n\n\n\n<li>Wie Lagerautomatisierung die Personalfluktuation reduziert<\/li>\n\n\n\n<li>Warum Kjetil von Bildeler.no es vorzieht, in einem automatisierten Lager zu arbeiten<\/li>\n\n\n\n<li>Wie ein automatisiertes Lager tats\u00e4chlich funktioniert<\/li>\n\n\n\n<li>Wie die Software das volle Potenzial eines Lagers aussch\u00f6pft<\/li>\n\n\n\n<li>Wie die Zukunft der Lagerautomatisierung aussieht<\/li>\n\n\n\n<li>Branchen, in denen Roboter bereits auch erfolgreich eingesetzt werden<\/li>\n<\/ul>\n\n\n\n<p>Dieses Whitepaper ist kostenlos in deutscher und englischer Sprache erh\u00e4ltlich.<\/p>\n\n\n\n\t\t<div class=\"wp-block-dekode-dynamics-form\">\n\t\t\t<div class=\"embedded-form\">\n\t\t\t\t<div\n\t\t\t\t\tdata-form-id=\"f4fb24df-742a-f011-8c4e-6045bdf51dec\"\n\t\t\t\t\tdata-form-api-url=\"https:\/\/public-eur.mkt.dynamics.com\/api\/v1.0\/orgs\/0d653081-4a98-4454-9ade-26f2fbe674ee\/landingpageforms\"\n\t\t\t\t\tdata-cached-form-url=\"https:\/\/assets-eur.mkt.dynamics.com\/0d653081-4a98-4454-9ade-26f2fbe674ee\/digitalassets\/forms\/f4fb24df-742a-f011-8c4e-6045bdf51dec\"\n\t\t\t\t><\/div>\n\t\t\t<\/div>\n\t\t<\/div>","protected":false},"excerpt":{"rendered":"<p>Angesichts von Pandemie, finanzieller Rezession und Naturkatastrophen, die zu Unterbrechungen der Lieferkette f\u00fchrten, war die Nachfrage nach anpassungsf\u00e4higen und erweiterbaren [&hellip;]<\/p>\n","protected":false},"author":26,"featured_media":0,"parent":155,"menu_order":0,"comment_status":"closed","ping_status":"closed","template":"","meta":{"hreflang_relation":0,"_el_cross_publish_source_blog_url":"","_el_cross_publish_source_blog_id":0,"_el_cross_publish_source_post_id":0,"_el_cross_publish_sync_state":"","exclude_from_search":false,"footnotes":""},"class_list":["post-150","page","type-page","status-publish","hentry"],"yoast_head":"<!-- This site is optimized with the Yoast SEO Premium plugin v23.9 (Yoast SEO v23.9) - https:\/\/yoast.com\/wordpress\/plugins\/seo\/ -->\n<title>Sch\u00f6pfen Sie das volle Potenzial Ihres Lagers mit KI - K\u00fcnstlicher Intelligenz<\/title>\n<meta name=\"description\" content=\"In diesem Whitepaper geben wir Einblicke, wie man in automatisierte Arbeitsabl\u00e4ufe erfolgreich gestaltet und zeigen, wie Menschen und Roboter zusammenarbeiten k\u00f6nnen, um Produktivit\u00e4t und Wachstum zu erzielen.\" \/>\n<meta name=\"robots\" content=\"index, follow, max-snippet:-1, max-image-preview:large, max-video-preview:-1\" \/>\n<link rel=\"canonical\" href=\"https:\/\/www.elementlogic.net\/de\/whitepaper\/schoepfen-sie-das-volle-potenzial-ihres-lagers-mit-ki-kuenstlicher-intelligenz\/\" \/>\n<meta property=\"og:locale\" content=\"de_DE\" \/>\n<meta property=\"og:type\" content=\"article\" \/>\n<meta property=\"og:title\" content=\"Sch\u00f6pfen Sie das volle Potenzial Ihres Lagers mit KI - K\u00fcnstlicher Intelligenz\" \/>\n<meta property=\"og:description\" content=\"In diesem Whitepaper geben wir Einblicke, wie man in automatisierte Arbeitsabl\u00e4ufe erfolgreich gestaltet und zeigen, wie Menschen und Roboter zusammenarbeiten k\u00f6nnen, um Produktivit\u00e4t und Wachstum zu erzielen.\" \/>\n<meta property=\"og:url\" content=\"https:\/\/www.elementlogic.net\/de\/whitepaper\/schoepfen-sie-das-volle-potenzial-ihres-lagers-mit-ki-kuenstlicher-intelligenz\/\" \/>\n<meta property=\"og:site_name\" content=\"Element Logic Deutschland\" \/>\n<meta property=\"article:modified_time\" content=\"2025-11-27T13:27:31+00:00\" \/>\n<meta name=\"twitter:card\" content=\"summary_large_image\" \/>\n<script type=\"application\/ld+json\" class=\"yoast-schema-graph\">{\"@context\":\"https:\/\/schema.org\",\"@graph\":[{\"@type\":\"WebPage\",\"@id\":\"https:\/\/www.elementlogic.net\/de\/whitepaper\/schoepfen-sie-das-volle-potenzial-ihres-lagers-mit-ki-kuenstlicher-intelligenz\/\",\"url\":\"https:\/\/www.elementlogic.net\/de\/whitepaper\/schoepfen-sie-das-volle-potenzial-ihres-lagers-mit-ki-kuenstlicher-intelligenz\/\",\"name\":\"Sch\u00f6pfen Sie das volle Potenzial Ihres Lagers mit KI - K\u00fcnstlicher Intelligenz\",\"isPartOf\":{\"@id\":\"https:\/\/www.elementlogic.net\/de\/#website\"},\"datePublished\":\"2024-09-09T19:40:43+00:00\",\"dateModified\":\"2025-11-27T13:27:31+00:00\",\"description\":\"In diesem Whitepaper geben wir Einblicke, wie man in automatisierte Arbeitsabl\u00e4ufe erfolgreich gestaltet und zeigen, wie Menschen und Roboter zusammenarbeiten k\u00f6nnen, um Produktivit\u00e4t und Wachstum zu erzielen.\",\"breadcrumb\":{\"@id\":\"https:\/\/www.elementlogic.net\/de\/whitepaper\/schoepfen-sie-das-volle-potenzial-ihres-lagers-mit-ki-kuenstlicher-intelligenz\/#breadcrumb\"},\"inLanguage\":\"de\",\"potentialAction\":[{\"@type\":\"ReadAction\",\"target\":[\"https:\/\/www.elementlogic.net\/de\/whitepaper\/schoepfen-sie-das-volle-potenzial-ihres-lagers-mit-ki-kuenstlicher-intelligenz\/\"]}]},{\"@type\":\"BreadcrumbList\",\"@id\":\"https:\/\/www.elementlogic.net\/de\/whitepaper\/schoepfen-sie-das-volle-potenzial-ihres-lagers-mit-ki-kuenstlicher-intelligenz\/#breadcrumb\",\"itemListElement\":[{\"@type\":\"ListItem\",\"position\":1,\"name\":\"Whitepapers\",\"item\":\"https:\/\/www.elementlogic.net\/de\/whitepaper\/\"},{\"@type\":\"ListItem\",\"position\":2,\"name\":\"Sch\u00f6pfen Sie das volle Potenzial Ihres Lagers mit KI &#8211; K\u00fcnstlicher Intelligenz\"}]},{\"@type\":\"WebSite\",\"@id\":\"https:\/\/www.elementlogic.net\/de\/#website\",\"url\":\"https:\/\/www.elementlogic.net\/de\/\",\"name\":\"Element Logic Deutschland\",\"description\":\"Optimizing Warehouse Performance\",\"potentialAction\":[{\"@type\":\"SearchAction\",\"target\":{\"@type\":\"EntryPoint\",\"urlTemplate\":\"https:\/\/www.elementlogic.net\/de\/?s={search_term_string}\"},\"query-input\":{\"@type\":\"PropertyValueSpecification\",\"valueRequired\":true,\"valueName\":\"search_term_string\"}}],\"inLanguage\":\"de\"}]}<\/script>\n<!-- \/ Yoast SEO Premium plugin. -->","yoast_head_json":{"title":"Sch\u00f6pfen Sie das volle Potenzial Ihres Lagers mit KI - K\u00fcnstlicher Intelligenz","description":"In diesem Whitepaper geben wir Einblicke, wie man in automatisierte Arbeitsabl\u00e4ufe erfolgreich gestaltet und zeigen, wie Menschen und Roboter zusammenarbeiten k\u00f6nnen, um Produktivit\u00e4t und Wachstum zu erzielen.","robots":{"index":"index","follow":"follow","max-snippet":"max-snippet:-1","max-image-preview":"max-image-preview:large","max-video-preview":"max-video-preview:-1"},"canonical":"https:\/\/www.elementlogic.net\/de\/whitepaper\/schoepfen-sie-das-volle-potenzial-ihres-lagers-mit-ki-kuenstlicher-intelligenz\/","og_locale":"de_DE","og_type":"article","og_title":"Sch\u00f6pfen Sie das volle Potenzial Ihres Lagers mit KI - K\u00fcnstlicher Intelligenz","og_description":"In diesem Whitepaper geben wir Einblicke, wie man in automatisierte Arbeitsabl\u00e4ufe erfolgreich gestaltet und zeigen, wie Menschen und Roboter zusammenarbeiten k\u00f6nnen, um Produktivit\u00e4t und Wachstum zu erzielen.","og_url":"https:\/\/www.elementlogic.net\/de\/whitepaper\/schoepfen-sie-das-volle-potenzial-ihres-lagers-mit-ki-kuenstlicher-intelligenz\/","og_site_name":"Element Logic Deutschland","article_modified_time":"2025-11-27T13:27:31+00:00","twitter_card":"summary_large_image","schema":{"@context":"https:\/\/schema.org","@graph":[{"@type":"WebPage","@id":"https:\/\/www.elementlogic.net\/de\/whitepaper\/schoepfen-sie-das-volle-potenzial-ihres-lagers-mit-ki-kuenstlicher-intelligenz\/","url":"https:\/\/www.elementlogic.net\/de\/whitepaper\/schoepfen-sie-das-volle-potenzial-ihres-lagers-mit-ki-kuenstlicher-intelligenz\/","name":"Sch\u00f6pfen Sie das volle Potenzial Ihres Lagers mit KI - K\u00fcnstlicher Intelligenz","isPartOf":{"@id":"https:\/\/www.elementlogic.net\/de\/#website"},"datePublished":"2024-09-09T19:40:43+00:00","dateModified":"2025-11-27T13:27:31+00:00","description":"In diesem Whitepaper geben wir Einblicke, wie man in automatisierte Arbeitsabl\u00e4ufe erfolgreich gestaltet und zeigen, wie Menschen und Roboter zusammenarbeiten k\u00f6nnen, um Produktivit\u00e4t und Wachstum zu erzielen.","breadcrumb":{"@id":"https:\/\/www.elementlogic.net\/de\/whitepaper\/schoepfen-sie-das-volle-potenzial-ihres-lagers-mit-ki-kuenstlicher-intelligenz\/#breadcrumb"},"inLanguage":"de","potentialAction":[{"@type":"ReadAction","target":["https:\/\/www.elementlogic.net\/de\/whitepaper\/schoepfen-sie-das-volle-potenzial-ihres-lagers-mit-ki-kuenstlicher-intelligenz\/"]}]},{"@type":"BreadcrumbList","@id":"https:\/\/www.elementlogic.net\/de\/whitepaper\/schoepfen-sie-das-volle-potenzial-ihres-lagers-mit-ki-kuenstlicher-intelligenz\/#breadcrumb","itemListElement":[{"@type":"ListItem","position":1,"name":"Whitepapers","item":"https:\/\/www.elementlogic.net\/de\/whitepaper\/"},{"@type":"ListItem","position":2,"name":"Sch\u00f6pfen Sie das volle Potenzial Ihres Lagers mit KI &#8211; K\u00fcnstlicher Intelligenz"}]},{"@type":"WebSite","@id":"https:\/\/www.elementlogic.net\/de\/#website","url":"https:\/\/www.elementlogic.net\/de\/","name":"Element Logic Deutschland","description":"Optimizing Warehouse Performance","potentialAction":[{"@type":"SearchAction","target":{"@type":"EntryPoint","urlTemplate":"https:\/\/www.elementlogic.net\/de\/?s={search_term_string}"},"query-input":{"@type":"PropertyValueSpecification","valueRequired":true,"valueName":"search_term_string"}}],"inLanguage":"de"}]}},"_links":{"self":[{"href":"https:\/\/www.elementlogic.net\/de\/wp-json\/wp\/v2\/pages\/150"}],"collection":[{"href":"https:\/\/www.elementlogic.net\/de\/wp-json\/wp\/v2\/pages"}],"about":[{"href":"https:\/\/www.elementlogic.net\/de\/wp-json\/wp\/v2\/types\/page"}],"author":[{"embeddable":true,"href":"https:\/\/www.elementlogic.net\/de\/wp-json\/wp\/v2\/users\/26"}],"replies":[{"embeddable":true,"href":"https:\/\/www.elementlogic.net\/de\/wp-json\/wp\/v2\/comments?post=150"}],"version-history":[{"count":5,"href":"https:\/\/www.elementlogic.net\/de\/wp-json\/wp\/v2\/pages\/150\/revisions"}],"predecessor-version":[{"id":3399,"href":"https:\/\/www.elementlogic.net\/de\/wp-json\/wp\/v2\/pages\/150\/revisions\/3399"}],"up":[{"embeddable":true,"href":"https:\/\/www.elementlogic.net\/de\/wp-json\/wp\/v2\/pages\/155"}],"wp:attachment":[{"href":"https:\/\/www.elementlogic.net\/de\/wp-json\/wp\/v2\/media?parent=150"}],"curies":[{"name":"wp","href":"https:\/\/api.w.org\/{rel}","templated":true}]}}