{"id":153,"date":"2024-09-09T21:29:59","date_gmt":"2024-09-09T19:29:59","guid":{"rendered":"https:\/\/www.elementlogic.net\/?page_id=2150"},"modified":"2025-11-27T14:27:00","modified_gmt":"2025-11-27T13:27:00","slug":"nachhaltige-intralogistik-und-automatisierung","status":"publish","type":"page","link":"https:\/\/www.elementlogic.net\/de\/whitepaper\/nachhaltige-intralogistik-und-automatisierung\/","title":{"rendered":"Nachhaltige Intralogistik und Automatisierung"},"content":{"rendered":"\n\t\t<div style=\"--dekode-hero-dim:0.5; --t2-icon-fill:var(--wp--preset--color--white);\" class=\"alignfull dekode-hero-content-position-center has-media-background wp-block-dekode-hero\">\n\t\t\t<img loading=\"lazy\" decoding=\"async\" width=\"600\" height=\"520\" src=\"https:\/\/www.elementlogic.net\/content\/uploads\/sites\/17\/\/2024\/09\/image-10.png\" class=\"dekode-hero__image\" alt=\"\" style=\"--focalpoint: 54% 28%;\" srcset=\"https:\/\/www.elementlogic.net\/content\/uploads\/sites\/17\/2024\/09\/image-10.png 600w, https:\/\/www.elementlogic.net\/content\/uploads\/sites\/17\/2024\/09\/image-10-300x260.png 300w\" sizes=\"(max-width: 600px) 100vw, 600px\" \/>\n\t\t\t<div class=\"dekode-hero__content\">\n\t\t\t\t<div class=\"dekode-hero__container\">\n\t\t\t\t\t\n\n<h1 class=\"wp-block-heading\" id=\"nachhaltige-intralogistik-und-automatisierung\">Nachhaltige Intralogistik und Automatisierung <\/h1>\n\n\n\n<p>Ist das \u00fcberhaupt m\u00f6glich? Wir haben unseren Nachhaltigkeitsexperten gefragt. Laden Sie unser Whitepaper herunter, um mehr zu erfahren.<\/p>\n\n\n\t\t\t\t<\/div>\n\t\t\t<\/div>\n\t\t<\/div>\n\t\t\n\n\n<p>\u201eKunden wollen heutzutage die Gewissheit haben, dass die Unternehmen, bei denen sie einkaufen, umweltbewusst sind,\u201c sagt Kevin Kempe, Vizepr\u00e4sident f\u00fcr Nachhaltigkeit und ESG bei Element Logic.<\/p>\n\n\n\n<p>Aber k\u00f6nnen Sie ein effizientes Lager betreiben und gleichzeitig die Nachhaltigkeitsziele erf\u00fcllen, die die Beteiligten von Ihnen erwarten?<\/p>\n\n\n\n<h3 class=\"wp-block-heading\" id=\"h-in-diesem-whitepaper-erfahren-sie-mehr-uber\">In diesem Whitepaper erfahren Sie mehr \u00fcber:<\/h3>\n\n\n\n<ul class=\"wp-block-list\">\n<li>Die Entwicklung der Automatisierung zu einer nachhaltigen Industrie<\/li>\n\n\n\n<li>Wichtige Aspekte bei der Investition in nachhaltige Lagertechnik<\/li>\n\n\n\n<li>Verbesserung der Ressourcennutzung, Effizienz und Reduzierung der Umweltbelastung<\/li>\n\n\n\n<li>Nutzung der Lagerautomatisierung zur St\u00e4rkung der sozialen Verantwortung<\/li>\n\n\n\n<li>Transparenz und Vermeidung von Greenwashing<\/li>\n\n\n\n<li>Wichtige EU-Richtlinien und deren Einhaltung<\/li>\n\n\n\n<li>Minimierung Ihres CO2-Fu\u00dfabdrucks mit erneuerbaren Energien<\/li>\n\n\n\n<li>Eine Fallstudie \u00fcber einen Kunden, der seinen \u00f6kologischen Fu\u00dfabdruck erheblich reduziert hat<\/li>\n<\/ul>\n\n\n\n<p>Dieses Whitepaper ist kostenlos und in deutscher Sprache erh\u00e4ltlich.<\/p>\n\n\n\n\t\t<div class=\"wp-block-dekode-dynamics-form\">\n\t\t\t<div class=\"embedded-form\">\n\t\t\t\t<div\n\t\t\t\t\tdata-form-id=\"f4fb24df-742a-f011-8c4e-6045bdf51dec\"\n\t\t\t\t\tdata-form-api-url=\"https:\/\/public-eur.mkt.dynamics.com\/api\/v1.0\/orgs\/0d653081-4a98-4454-9ade-26f2fbe674ee\/landingpageforms\"\n\t\t\t\t\tdata-cached-form-url=\"https:\/\/assets-eur.mkt.dynamics.com\/0d653081-4a98-4454-9ade-26f2fbe674ee\/digitalassets\/forms\/f4fb24df-742a-f011-8c4e-6045bdf51dec\"\n\t\t\t\t><\/div>\n\t\t\t<\/div>\n\t\t<\/div>","protected":false},"excerpt":{"rendered":"<p>\u201eKunden wollen heutzutage die Gewissheit haben, dass die Unternehmen, bei denen sie einkaufen, umweltbewusst sind,\u201c sagt Kevin Kempe, Vizepr\u00e4sident f\u00fcr [&hellip;]<\/p>\n","protected":false},"author":26,"featured_media":0,"parent":155,"menu_order":0,"comment_status":"closed","ping_status":"closed","template":"","meta":{"hreflang_relation":0,"_el_cross_publish_source_blog_url":"","_el_cross_publish_source_blog_id":0,"_el_cross_publish_source_post_id":0,"_el_cross_publish_sync_state":"","exclude_from_search":false,"footnotes":""},"class_list":["post-153","page","type-page","status-publish","hentry"],"yoast_head":"<!-- This site is optimized with the Yoast SEO Premium plugin v23.9 (Yoast SEO v23.9) - https:\/\/yoast.com\/wordpress\/plugins\/seo\/ -->\n<title>Nachhaltige Intralogistik und Automatisierung<\/title>\n<meta name=\"description\" content=\"Ist das \u00fcberhaupt m\u00f6glich? Wir haben unseren Nachhaltigkeitsexperten gefragt. Laden Sie unser Whitepaper herunter, um mehr zu erfahren.\" \/>\n<meta name=\"robots\" content=\"index, follow, max-snippet:-1, max-image-preview:large, max-video-preview:-1\" \/>\n<link rel=\"canonical\" href=\"https:\/\/www.elementlogic.net\/de\/whitepaper\/nachhaltige-intralogistik-und-automatisierung\/\" \/>\n<meta property=\"og:locale\" content=\"de_DE\" \/>\n<meta property=\"og:type\" content=\"article\" \/>\n<meta property=\"og:title\" content=\"Nachhaltige Intralogistik und Automatisierung\" \/>\n<meta property=\"og:description\" content=\"Ist das \u00fcberhaupt m\u00f6glich? Wir haben unseren Nachhaltigkeitsexperten gefragt. Laden Sie unser Whitepaper herunter, um mehr zu erfahren.\" \/>\n<meta property=\"og:url\" content=\"https:\/\/www.elementlogic.net\/de\/whitepaper\/nachhaltige-intralogistik-und-automatisierung\/\" \/>\n<meta property=\"og:site_name\" content=\"Element Logic Deutschland\" \/>\n<meta property=\"article:modified_time\" content=\"2025-11-27T13:27:00+00:00\" \/>\n<meta name=\"twitter:card\" content=\"summary_large_image\" \/>\n<script type=\"application\/ld+json\" class=\"yoast-schema-graph\">{\"@context\":\"https:\/\/schema.org\",\"@graph\":[{\"@type\":\"WebPage\",\"@id\":\"https:\/\/www.elementlogic.net\/de\/whitepaper\/nachhaltige-intralogistik-und-automatisierung\/\",\"url\":\"https:\/\/www.elementlogic.net\/de\/whitepaper\/nachhaltige-intralogistik-und-automatisierung\/\",\"name\":\"Nachhaltige Intralogistik und Automatisierung\",\"isPartOf\":{\"@id\":\"https:\/\/www.elementlogic.net\/de\/#website\"},\"datePublished\":\"2024-09-09T19:29:59+00:00\",\"dateModified\":\"2025-11-27T13:27:00+00:00\",\"description\":\"Ist das \u00fcberhaupt m\u00f6glich? Wir haben unseren Nachhaltigkeitsexperten gefragt. Laden Sie unser Whitepaper herunter, um mehr zu erfahren.\",\"breadcrumb\":{\"@id\":\"https:\/\/www.elementlogic.net\/de\/whitepaper\/nachhaltige-intralogistik-und-automatisierung\/#breadcrumb\"},\"inLanguage\":\"de\",\"potentialAction\":[{\"@type\":\"ReadAction\",\"target\":[\"https:\/\/www.elementlogic.net\/de\/whitepaper\/nachhaltige-intralogistik-und-automatisierung\/\"]}]},{\"@type\":\"BreadcrumbList\",\"@id\":\"https:\/\/www.elementlogic.net\/de\/whitepaper\/nachhaltige-intralogistik-und-automatisierung\/#breadcrumb\",\"itemListElement\":[{\"@type\":\"ListItem\",\"position\":1,\"name\":\"Whitepapers\",\"item\":\"https:\/\/www.elementlogic.net\/de\/whitepaper\/\"},{\"@type\":\"ListItem\",\"position\":2,\"name\":\"Nachhaltige Intralogistik und Automatisierung\"}]},{\"@type\":\"WebSite\",\"@id\":\"https:\/\/www.elementlogic.net\/de\/#website\",\"url\":\"https:\/\/www.elementlogic.net\/de\/\",\"name\":\"Element Logic Deutschland\",\"description\":\"Optimizing Warehouse Performance\",\"potentialAction\":[{\"@type\":\"SearchAction\",\"target\":{\"@type\":\"EntryPoint\",\"urlTemplate\":\"https:\/\/www.elementlogic.net\/de\/?s={search_term_string}\"},\"query-input\":{\"@type\":\"PropertyValueSpecification\",\"valueRequired\":true,\"valueName\":\"search_term_string\"}}],\"inLanguage\":\"de\"}]}<\/script>\n<!-- \/ Yoast SEO Premium plugin. -->","yoast_head_json":{"title":"Nachhaltige Intralogistik und Automatisierung","description":"Ist das \u00fcberhaupt m\u00f6glich? Wir haben unseren Nachhaltigkeitsexperten gefragt. Laden Sie unser Whitepaper herunter, um mehr zu erfahren.","robots":{"index":"index","follow":"follow","max-snippet":"max-snippet:-1","max-image-preview":"max-image-preview:large","max-video-preview":"max-video-preview:-1"},"canonical":"https:\/\/www.elementlogic.net\/de\/whitepaper\/nachhaltige-intralogistik-und-automatisierung\/","og_locale":"de_DE","og_type":"article","og_title":"Nachhaltige Intralogistik und Automatisierung","og_description":"Ist das \u00fcberhaupt m\u00f6glich? Wir haben unseren Nachhaltigkeitsexperten gefragt. Laden Sie unser Whitepaper herunter, um mehr zu erfahren.","og_url":"https:\/\/www.elementlogic.net\/de\/whitepaper\/nachhaltige-intralogistik-und-automatisierung\/","og_site_name":"Element Logic Deutschland","article_modified_time":"2025-11-27T13:27:00+00:00","twitter_card":"summary_large_image","schema":{"@context":"https:\/\/schema.org","@graph":[{"@type":"WebPage","@id":"https:\/\/www.elementlogic.net\/de\/whitepaper\/nachhaltige-intralogistik-und-automatisierung\/","url":"https:\/\/www.elementlogic.net\/de\/whitepaper\/nachhaltige-intralogistik-und-automatisierung\/","name":"Nachhaltige Intralogistik und Automatisierung","isPartOf":{"@id":"https:\/\/www.elementlogic.net\/de\/#website"},"datePublished":"2024-09-09T19:29:59+00:00","dateModified":"2025-11-27T13:27:00+00:00","description":"Ist das \u00fcberhaupt m\u00f6glich? Wir haben unseren Nachhaltigkeitsexperten gefragt. Laden Sie unser Whitepaper herunter, um mehr zu erfahren.","breadcrumb":{"@id":"https:\/\/www.elementlogic.net\/de\/whitepaper\/nachhaltige-intralogistik-und-automatisierung\/#breadcrumb"},"inLanguage":"de","potentialAction":[{"@type":"ReadAction","target":["https:\/\/www.elementlogic.net\/de\/whitepaper\/nachhaltige-intralogistik-und-automatisierung\/"]}]},{"@type":"BreadcrumbList","@id":"https:\/\/www.elementlogic.net\/de\/whitepaper\/nachhaltige-intralogistik-und-automatisierung\/#breadcrumb","itemListElement":[{"@type":"ListItem","position":1,"name":"Whitepapers","item":"https:\/\/www.elementlogic.net\/de\/whitepaper\/"},{"@type":"ListItem","position":2,"name":"Nachhaltige Intralogistik und Automatisierung"}]},{"@type":"WebSite","@id":"https:\/\/www.elementlogic.net\/de\/#website","url":"https:\/\/www.elementlogic.net\/de\/","name":"Element Logic Deutschland","description":"Optimizing Warehouse Performance","potentialAction":[{"@type":"SearchAction","target":{"@type":"EntryPoint","urlTemplate":"https:\/\/www.elementlogic.net\/de\/?s={search_term_string}"},"query-input":{"@type":"PropertyValueSpecification","valueRequired":true,"valueName":"search_term_string"}}],"inLanguage":"de"}]}},"_links":{"self":[{"href":"https:\/\/www.elementlogic.net\/de\/wp-json\/wp\/v2\/pages\/153"}],"collection":[{"href":"https:\/\/www.elementlogic.net\/de\/wp-json\/wp\/v2\/pages"}],"about":[{"href":"https:\/\/www.elementlogic.net\/de\/wp-json\/wp\/v2\/types\/page"}],"author":[{"embeddable":true,"href":"https:\/\/www.elementlogic.net\/de\/wp-json\/wp\/v2\/users\/26"}],"replies":[{"embeddable":true,"href":"https:\/\/www.elementlogic.net\/de\/wp-json\/wp\/v2\/comments?post=153"}],"version-history":[{"count":5,"href":"https:\/\/www.elementlogic.net\/de\/wp-json\/wp\/v2\/pages\/153\/revisions"}],"predecessor-version":[{"id":3398,"href":"https:\/\/www.elementlogic.net\/de\/wp-json\/wp\/v2\/pages\/153\/revisions\/3398"}],"up":[{"embeddable":true,"href":"https:\/\/www.elementlogic.net\/de\/wp-json\/wp\/v2\/pages\/155"}],"wp:attachment":[{"href":"https:\/\/www.elementlogic.net\/de\/wp-json\/wp\/v2\/media?parent=153"}],"curies":[{"name":"wp","href":"https:\/\/api.w.org\/{rel}","templated":true}]}}