{"id":182,"date":"2024-09-03T15:23:35","date_gmt":"2024-09-03T13:23:35","guid":{"rendered":"https:\/\/www.elementlogic.net\/?page_id=1863"},"modified":"2025-04-25T12:08:56","modified_gmt":"2025-04-25T10:08:56","slug":"software","status":"publish","type":"page","link":"https:\/\/www.elementlogic.net\/de\/dienstleistungen-losungen\/autostore\/software\/","title":{"rendered":"Software"},"content":{"rendered":"<p class=\"t2-ingress wp-block-t2-ingress\">Die firmeneigene Software von Element Logic f\u00fcr AutoStore, der eManager, maximiert die Lagereffizienz durch eine dynamische Schnittstelle zu ERP- oder WMS-Systemen. Dabei optimiert die Software st\u00e4ndig die Arbeitslast, verwaltet den Bestand und erstellt Aufgaben f\u00fcr eine nahtlose Auftragsabwicklung.\u00a0<\/p>\n\n\n\t\t<div class=\"alignwide is-mode-constrained is-gap-center wp-block-t2-simple-media-text   \">\n\t\t\t<div class=\"t2-simple-media-text__container\">\n\t\t\t\t<div class=\"t2-simple-media-text__image\"><img loading=\"lazy\" decoding=\"async\" width=\"768\" height=\"512\" src=\"https:\/\/www.elementlogic.net\/content\/uploads\/sites\/17\/\/2024\/09\/EL_eLogiq_-2-1024x683-1-768x512.jpg\" class=\"\" alt=\"\" style=\"--focalpoint: 50% 50%;\" srcset=\"https:\/\/www.elementlogic.net\/content\/uploads\/sites\/17\/2024\/09\/EL_eLogiq_-2-1024x683-1-768x512.jpg 768w, https:\/\/www.elementlogic.net\/content\/uploads\/sites\/17\/2024\/09\/EL_eLogiq_-2-1024x683-1-300x200.jpg 300w, https:\/\/www.elementlogic.net\/content\/uploads\/sites\/17\/2024\/09\/EL_eLogiq_-2-1024x683-1.jpg 1024w\" sizes=\"(max-width: 768px) 100vw, 768px\" \/><\/div>\n\t\t\t\t<div class=\"t2-simple-media-text__content-container\">\n\t\t\t\t\t<div class=\"t2-simple-media-text__content\">\n\t\t\t\t\t\t<div class=\"t2-simple-media-text__content-inner\">\n\t\t\t\t\t\t\t\n\n<p>Die Software bietet bew\u00e4hrte Module f\u00fcr g\u00e4ngige Branchenaktivit\u00e4ten und kann vollst\u00e4ndig in bestehende Systeme integriert werden. Der <a href=\"https:\/\/www.elementlogic.net\/de\/dienstleistungen-losungen\/software\/#emanager\" target=\"_blank\" rel=\"noreferrer noopener\">eManager<\/a> liefert umfassende Informationen zur betrieblichen Optimierung und Wachstumsvorbereitung, unterst\u00fctzt durch benutzerfreundliche Schnittstellen und der AutoStore-Assistenz.\u00a0<\/p>\n\n\n\n<p>Erfahren Sie mehr \u00fcber unsere <a href=\"https:\/\/www.elementlogic.net\/de\/dienstleistungen-losungen\/software\/\" target=\"_blank\" rel=\"noreferrer noopener\">Softwarel\u00f6sungen<\/a>\u00a0<\/p>\n\n\n\t\t\t\t\t\t<\/div>\n\t\t\t\t\t<\/div>\n\t\t\t\t<\/div>\n\t\t\t<\/div>\n\t\t<\/div>\n\t\t\n\n\n<p><\/p>\n","protected":false},"excerpt":{"rendered":"","protected":false},"author":26,"featured_media":264,"parent":212,"menu_order":0,"comment_status":"closed","ping_status":"closed","template":"","meta":{"hreflang_relation":0,"_el_cross_publish_source_blog_url":"","_el_cross_publish_source_blog_id":0,"_el_cross_publish_source_post_id":0,"_el_cross_publish_sync_state":"","exclude_from_search":false,"footnotes":""},"class_list":["post-182","page","type-page","status-publish","has-post-thumbnail","hentry"],"yoast_head":"<!-- This site is optimized with the Yoast SEO Premium plugin v23.9 (Yoast SEO v23.9) - https:\/\/yoast.com\/wordpress\/plugins\/seo\/ -->\n<title>Software - Element Logic Deutschland<\/title>\n<meta name=\"description\" content=\"Die firmeneigene Software von Element Logic f\u00fcr AutoStore, der eManager, maximiert die Lagereffizienz durch eine dynamische Schnittstelle zu ERP- oder WMS-Systemen. Dabei optimiert die Software st\u00e4ndig die Arbeitslast, verwaltet den Bestand und erstellt Aufgaben f\u00fcr eine nahtlose Auftragsabwicklung.\u00a0\" \/>\n<meta name=\"robots\" content=\"index, follow, max-snippet:-1, max-image-preview:large, max-video-preview:-1\" \/>\n<link rel=\"canonical\" href=\"https:\/\/www.elementlogic.net\/de\/dienstleistungen-losungen\/autostore\/software\/\" \/>\n<meta property=\"og:locale\" content=\"de_DE\" \/>\n<meta property=\"og:type\" content=\"article\" \/>\n<meta property=\"og:title\" content=\"Software\" \/>\n<meta property=\"og:description\" content=\"Die firmeneigene Software von Element Logic f\u00fcr AutoStore, der eManager, maximiert die Lagereffizienz durch eine dynamische Schnittstelle zu ERP- oder WMS-Systemen. Dabei optimiert die Software st\u00e4ndig die Arbeitslast, verwaltet den Bestand und erstellt Aufgaben f\u00fcr eine nahtlose Auftragsabwicklung.\u00a0\" \/>\n<meta property=\"og:url\" content=\"https:\/\/www.elementlogic.net\/de\/dienstleistungen-losungen\/autostore\/software\/\" \/>\n<meta property=\"og:site_name\" content=\"Element Logic Deutschland\" \/>\n<meta property=\"article:modified_time\" content=\"2025-04-25T10:08:56+00:00\" \/>\n<meta property=\"og:image\" content=\"https:\/\/www.elementlogic.net\/content\/uploads\/sites\/17\/\/2024\/09\/EL_eLogiq_-2-1024x683-1.jpg\" \/>\n\t<meta property=\"og:image:width\" content=\"1024\" \/>\n\t<meta property=\"og:image:height\" content=\"683\" \/>\n\t<meta property=\"og:image:type\" content=\"image\/jpeg\" \/>\n<meta name=\"twitter:card\" content=\"summary_large_image\" \/>\n<meta name=\"twitter:label1\" content=\"Gesch\u00e4tzte Lesezeit\" \/>\n\t<meta name=\"twitter:data1\" content=\"1\u00a0Minute\" \/>\n<script type=\"application\/ld+json\" class=\"yoast-schema-graph\">{\"@context\":\"https:\/\/schema.org\",\"@graph\":[{\"@type\":\"WebPage\",\"@id\":\"https:\/\/www.elementlogic.net\/de\/dienstleistungen-losungen\/autostore\/software\/\",\"url\":\"https:\/\/www.elementlogic.net\/de\/dienstleistungen-losungen\/autostore\/software\/\",\"name\":\"Software - Element Logic Deutschland\",\"isPartOf\":{\"@id\":\"https:\/\/www.elementlogic.net\/de\/#website\"},\"primaryImageOfPage\":{\"@id\":\"https:\/\/www.elementlogic.net\/de\/dienstleistungen-losungen\/autostore\/software\/#primaryimage\"},\"image\":{\"@id\":\"https:\/\/www.elementlogic.net\/de\/dienstleistungen-losungen\/autostore\/software\/#primaryimage\"},\"thumbnailUrl\":\"https:\/\/www.elementlogic.net\/content\/uploads\/sites\/17\/\/2024\/09\/EL_eLogiq_-2-1024x683-1.jpg\",\"datePublished\":\"2024-09-03T13:23:35+00:00\",\"dateModified\":\"2025-04-25T10:08:56+00:00\",\"description\":\"Die firmeneigene Software von Element Logic f\u00fcr AutoStore, der eManager, maximiert die Lagereffizienz durch eine dynamische Schnittstelle zu ERP- oder WMS-Systemen. Dabei optimiert die Software st\u00e4ndig die Arbeitslast, verwaltet den Bestand und erstellt Aufgaben f\u00fcr eine nahtlose Auftragsabwicklung.\u00a0\",\"breadcrumb\":{\"@id\":\"https:\/\/www.elementlogic.net\/de\/dienstleistungen-losungen\/autostore\/software\/#breadcrumb\"},\"inLanguage\":\"de\",\"potentialAction\":[{\"@type\":\"ReadAction\",\"target\":[\"https:\/\/www.elementlogic.net\/de\/dienstleistungen-losungen\/autostore\/software\/\"]}]},{\"@type\":\"ImageObject\",\"inLanguage\":\"de\",\"@id\":\"https:\/\/www.elementlogic.net\/de\/dienstleistungen-losungen\/autostore\/software\/#primaryimage\",\"url\":\"https:\/\/www.elementlogic.net\/content\/uploads\/sites\/17\/\/2024\/09\/EL_eLogiq_-2-1024x683-1.jpg\",\"contentUrl\":\"https:\/\/www.elementlogic.net\/content\/uploads\/sites\/17\/\/2024\/09\/EL_eLogiq_-2-1024x683-1.jpg\",\"width\":1024,\"height\":683},{\"@type\":\"BreadcrumbList\",\"@id\":\"https:\/\/www.elementlogic.net\/de\/dienstleistungen-losungen\/autostore\/software\/#breadcrumb\",\"itemListElement\":[{\"@type\":\"ListItem\",\"position\":1,\"name\":\"L\u00f6sungen und Serviceleistungen\",\"item\":\"https:\/\/www.elementlogic.net\/de\/dienstleistungen-losungen\/\"},{\"@type\":\"ListItem\",\"position\":2,\"name\":\"AutoStore\",\"item\":\"https:\/\/www.elementlogic.net\/de\/dienstleistungen-losungen\/autostore\/\"},{\"@type\":\"ListItem\",\"position\":3,\"name\":\"Software\"}]},{\"@type\":\"WebSite\",\"@id\":\"https:\/\/www.elementlogic.net\/de\/#website\",\"url\":\"https:\/\/www.elementlogic.net\/de\/\",\"name\":\"Element Logic Deutschland\",\"description\":\"Optimizing Warehouse Performance\",\"potentialAction\":[{\"@type\":\"SearchAction\",\"target\":{\"@type\":\"EntryPoint\",\"urlTemplate\":\"https:\/\/www.elementlogic.net\/de\/?s={search_term_string}\"},\"query-input\":{\"@type\":\"PropertyValueSpecification\",\"valueRequired\":true,\"valueName\":\"search_term_string\"}}],\"inLanguage\":\"de\"}]}<\/script>\n<!-- \/ Yoast SEO Premium plugin. -->","yoast_head_json":{"title":"Software - Element Logic Deutschland","description":"Die firmeneigene Software von Element Logic f\u00fcr AutoStore, der eManager, maximiert die Lagereffizienz durch eine dynamische Schnittstelle zu ERP- oder WMS-Systemen. Dabei optimiert die Software st\u00e4ndig die Arbeitslast, verwaltet den Bestand und erstellt Aufgaben f\u00fcr eine nahtlose Auftragsabwicklung.\u00a0","robots":{"index":"index","follow":"follow","max-snippet":"max-snippet:-1","max-image-preview":"max-image-preview:large","max-video-preview":"max-video-preview:-1"},"canonical":"https:\/\/www.elementlogic.net\/de\/dienstleistungen-losungen\/autostore\/software\/","og_locale":"de_DE","og_type":"article","og_title":"Software","og_description":"Die firmeneigene Software von Element Logic f\u00fcr AutoStore, der eManager, maximiert die Lagereffizienz durch eine dynamische Schnittstelle zu ERP- oder WMS-Systemen. Dabei optimiert die Software st\u00e4ndig die Arbeitslast, verwaltet den Bestand und erstellt Aufgaben f\u00fcr eine nahtlose Auftragsabwicklung.\u00a0","og_url":"https:\/\/www.elementlogic.net\/de\/dienstleistungen-losungen\/autostore\/software\/","og_site_name":"Element Logic Deutschland","article_modified_time":"2025-04-25T10:08:56+00:00","og_image":[{"width":1024,"height":683,"url":"https:\/\/www.elementlogic.net\/content\/uploads\/sites\/17\/\/2024\/09\/EL_eLogiq_-2-1024x683-1.jpg","type":"image\/jpeg"}],"twitter_card":"summary_large_image","twitter_misc":{"Gesch\u00e4tzte Lesezeit":"1\u00a0Minute"},"schema":{"@context":"https:\/\/schema.org","@graph":[{"@type":"WebPage","@id":"https:\/\/www.elementlogic.net\/de\/dienstleistungen-losungen\/autostore\/software\/","url":"https:\/\/www.elementlogic.net\/de\/dienstleistungen-losungen\/autostore\/software\/","name":"Software - Element Logic Deutschland","isPartOf":{"@id":"https:\/\/www.elementlogic.net\/de\/#website"},"primaryImageOfPage":{"@id":"https:\/\/www.elementlogic.net\/de\/dienstleistungen-losungen\/autostore\/software\/#primaryimage"},"image":{"@id":"https:\/\/www.elementlogic.net\/de\/dienstleistungen-losungen\/autostore\/software\/#primaryimage"},"thumbnailUrl":"https:\/\/www.elementlogic.net\/content\/uploads\/sites\/17\/\/2024\/09\/EL_eLogiq_-2-1024x683-1.jpg","datePublished":"2024-09-03T13:23:35+00:00","dateModified":"2025-04-25T10:08:56+00:00","description":"Die firmeneigene Software von Element Logic f\u00fcr AutoStore, der eManager, maximiert die Lagereffizienz durch eine dynamische Schnittstelle zu ERP- oder WMS-Systemen. Dabei optimiert die Software st\u00e4ndig die Arbeitslast, verwaltet den Bestand und erstellt Aufgaben f\u00fcr eine nahtlose Auftragsabwicklung.\u00a0","breadcrumb":{"@id":"https:\/\/www.elementlogic.net\/de\/dienstleistungen-losungen\/autostore\/software\/#breadcrumb"},"inLanguage":"de","potentialAction":[{"@type":"ReadAction","target":["https:\/\/www.elementlogic.net\/de\/dienstleistungen-losungen\/autostore\/software\/"]}]},{"@type":"ImageObject","inLanguage":"de","@id":"https:\/\/www.elementlogic.net\/de\/dienstleistungen-losungen\/autostore\/software\/#primaryimage","url":"https:\/\/www.elementlogic.net\/content\/uploads\/sites\/17\/\/2024\/09\/EL_eLogiq_-2-1024x683-1.jpg","contentUrl":"https:\/\/www.elementlogic.net\/content\/uploads\/sites\/17\/\/2024\/09\/EL_eLogiq_-2-1024x683-1.jpg","width":1024,"height":683},{"@type":"BreadcrumbList","@id":"https:\/\/www.elementlogic.net\/de\/dienstleistungen-losungen\/autostore\/software\/#breadcrumb","itemListElement":[{"@type":"ListItem","position":1,"name":"L\u00f6sungen und Serviceleistungen","item":"https:\/\/www.elementlogic.net\/de\/dienstleistungen-losungen\/"},{"@type":"ListItem","position":2,"name":"AutoStore","item":"https:\/\/www.elementlogic.net\/de\/dienstleistungen-losungen\/autostore\/"},{"@type":"ListItem","position":3,"name":"Software"}]},{"@type":"WebSite","@id":"https:\/\/www.elementlogic.net\/de\/#website","url":"https:\/\/www.elementlogic.net\/de\/","name":"Element Logic Deutschland","description":"Optimizing Warehouse Performance","potentialAction":[{"@type":"SearchAction","target":{"@type":"EntryPoint","urlTemplate":"https:\/\/www.elementlogic.net\/de\/?s={search_term_string}"},"query-input":{"@type":"PropertyValueSpecification","valueRequired":true,"valueName":"search_term_string"}}],"inLanguage":"de"}]}},"_links":{"self":[{"href":"https:\/\/www.elementlogic.net\/de\/wp-json\/wp\/v2\/pages\/182"}],"collection":[{"href":"https:\/\/www.elementlogic.net\/de\/wp-json\/wp\/v2\/pages"}],"about":[{"href":"https:\/\/www.elementlogic.net\/de\/wp-json\/wp\/v2\/types\/page"}],"author":[{"embeddable":true,"href":"https:\/\/www.elementlogic.net\/de\/wp-json\/wp\/v2\/users\/26"}],"replies":[{"embeddable":true,"href":"https:\/\/www.elementlogic.net\/de\/wp-json\/wp\/v2\/comments?post=182"}],"version-history":[{"count":5,"href":"https:\/\/www.elementlogic.net\/de\/wp-json\/wp\/v2\/pages\/182\/revisions"}],"predecessor-version":[{"id":2834,"href":"https:\/\/www.elementlogic.net\/de\/wp-json\/wp\/v2\/pages\/182\/revisions\/2834"}],"up":[{"embeddable":true,"href":"https:\/\/www.elementlogic.net\/de\/wp-json\/wp\/v2\/pages\/212"}],"wp:featuredmedia":[{"embeddable":true,"href":"https:\/\/www.elementlogic.net\/de\/wp-json\/wp\/v2\/media\/264"}],"wp:attachment":[{"href":"https:\/\/www.elementlogic.net\/de\/wp-json\/wp\/v2\/media?parent=182"}],"curies":[{"name":"wp","href":"https:\/\/api.w.org\/{rel}","templated":true}]}}