{"id":183,"date":"2024-09-03T15:21:01","date_gmt":"2024-09-03T13:21:01","guid":{"rendered":"https:\/\/www.elementlogic.net\/?page_id=1856"},"modified":"2025-09-14T09:13:56","modified_gmt":"2025-09-14T07:13:56","slug":"ports","status":"publish","type":"page","link":"https:\/\/www.elementlogic.net\/de\/dienstleistungen-losungen\/autostore\/ports\/","title":{"rendered":"Ports"},"content":{"rendered":"<p class=\"t2-ingress wp-block-t2-ingress\">Die AutoStore-Arbeitspl\u00e4tze, an denen die Roboter die Waren ausliefern, unterst\u00fctzen verschiedene Vorg\u00e4nge, darunter die Auftragsabwicklung und die Bestandspr\u00fcfung.<\/p>\n\n\n\t\t<div class=\"alignwide is-mode-constrained is-gap-center wp-block-t2-simple-media-text   \">\n\t\t\t<div class=\"t2-simple-media-text__container\">\n\t\t\t\t<div class=\"t2-simple-media-text__image\"><video muted autoplay loop style=\"--focalpoint: 100% 100%;\"><source src=\"https:\/\/www.elementlogic.net\/content\/uploads\/sites\/17\/\/2024\/09\/port-f6.mp4\" type=\"video\/mp4\" \/><\/video><\/div>\n\t\t\t\t<div class=\"t2-simple-media-text__content-container\">\n\t\t\t\t\t<div class=\"t2-simple-media-text__content\">\n\t\t\t\t\t\t<div class=\"t2-simple-media-text__content-inner\">\n\t\t\t\t\t\t\t\n\n<p>Das System bietet sieben Anschlussmodule, die auf unterschiedliche Bed\u00fcrfnisse zugeschnitten sind:<\/p>\n\n\n\t\t\t\t\t\t<\/div>\n\t\t\t\t\t<\/div>\n\t\t\t\t<\/div>\n\t\t\t<\/div>\n\t\t<\/div>\n\t\t\n\n\n<p>\u00a0<\/p>\n\n\n\n<ol start=\"1\" class=\"wp-block-list\">\n<li><strong>Conveyor port:<\/strong> Effizient f\u00fcr Wareneingangsvorg\u00e4nge mit einer Beh\u00e4lterwechselzeit von 6-7 Sekunden. Beim Conveyor port handelt es sich um den meistgenutzten Anschluss in AutoStore-Installationen.&nbsp;<\/li>\n\n\n\n<li><strong>Carousel port:<\/strong> Ideal f\u00fcr Pick-and-Pack-Aufgaben mit schnellem dreiarmigen Austausch.&nbsp;<\/li>\n\n\n\n<li><strong>Swing port:<\/strong> Geeignet f\u00fcr mehrst\u00f6ckige Anlagen mit einem internen Beh\u00e4lterlift.&nbsp;<\/li>\n\n\n\n<li><strong>Relay port:<\/strong> Schnellster Arbeitsplatz f\u00fcr Hochgeschwindigkeits-Pick-and-Pass-Vorg\u00e4nge.&nbsp;<\/li>\n\n\n\n<li><strong>Pick-up port:<\/strong> Erm\u00f6glicht die ber\u00fchrungslose Abholung von Online-Bestellungen direkt aus dem AutoStore-System, was den Bedienungskomfort erh\u00f6ht und die Kundenfrequenz sowie den Umsatz steigert.&nbsp;<\/li>\n\n\n\n<li><strong>FusionPort:<\/strong> Verbessert die Effizienz und den Komfort der Mitarbeiter durch ergonomische Beh\u00e4lter\u00f6ffnungen, Sicherheitsluken, doppelte Beh\u00e4lterpr\u00e4sentation und visuelle Kommissionierhilfen und erm\u00f6glicht die Handhabung von bis zu 550 Beh\u00e4ltern pro Stunde.&nbsp;<\/li>\n\n\n\n<li><strong>FusionPort Staging:<\/strong> Rationalisiert die Kommissionierung und Bereitstellung innerhalb des AutoStore-Rasters, mit Pick-to-Light-F\u00fchrung und ergonomischem Design.&nbsp;<\/li>\n<\/ol>\n\n\n\n<p>Jeder Port gew\u00e4hrleistet eine effiziente und flexible Handhabung von Lageraufgaben.&nbsp;<\/p>\n","protected":false},"excerpt":{"rendered":"<p>\u00a0 Jeder Port gew\u00e4hrleistet eine effiziente und flexible Handhabung von Lageraufgaben.&nbsp;<\/p>\n","protected":false},"author":26,"featured_media":501,"parent":212,"menu_order":0,"comment_status":"closed","ping_status":"closed","template":"","meta":{"hreflang_relation":0,"_el_cross_publish_source_blog_url":"","_el_cross_publish_source_blog_id":0,"_el_cross_publish_source_post_id":0,"_el_cross_publish_sync_state":"","exclude_from_search":false,"footnotes":""},"class_list":["post-183","page","type-page","status-publish","has-post-thumbnail","hentry"],"yoast_head":"<!-- This site is optimized with the Yoast SEO Premium plugin v23.9 (Yoast SEO v23.9) - https:\/\/yoast.com\/wordpress\/plugins\/seo\/ -->\n<title>Ports - Element Logic Deutschland<\/title>\n<meta name=\"description\" content=\"Die AutoStore-Arbeitspl\u00e4tze, an denen die Roboter die Waren ausliefern, unterst\u00fctzen verschiedene Vorg\u00e4nge, darunter die Auftragsabwicklung und die Bestandspr\u00fcfung.\" \/>\n<meta name=\"robots\" content=\"index, follow, max-snippet:-1, max-image-preview:large, max-video-preview:-1\" \/>\n<link rel=\"canonical\" href=\"https:\/\/www.elementlogic.net\/de\/dienstleistungen-losungen\/autostore\/ports\/\" \/>\n<meta property=\"og:locale\" content=\"de_DE\" \/>\n<meta property=\"og:type\" content=\"article\" \/>\n<meta property=\"og:title\" content=\"Ports\" \/>\n<meta property=\"og:description\" content=\"Die AutoStore-Arbeitspl\u00e4tze, an denen die Roboter die Waren ausliefern, unterst\u00fctzen verschiedene Vorg\u00e4nge, darunter die Auftragsabwicklung und die Bestandspr\u00fcfung.\" \/>\n<meta property=\"og:url\" content=\"https:\/\/www.elementlogic.net\/de\/dienstleistungen-losungen\/autostore\/ports\/\" \/>\n<meta property=\"og:site_name\" content=\"Element Logic Deutschland\" \/>\n<meta property=\"article:modified_time\" content=\"2025-09-14T07:13:56+00:00\" \/>\n<meta property=\"og:image\" content=\"https:\/\/www.elementlogic.net\/content\/uploads\/sites\/17\/\/2024\/09\/Man-by-AutoStore-Port.jpg\" \/>\n\t<meta property=\"og:image:width\" content=\"2560\" \/>\n\t<meta property=\"og:image:height\" content=\"1615\" \/>\n\t<meta property=\"og:image:type\" content=\"image\/jpeg\" \/>\n<meta name=\"twitter:card\" content=\"summary_large_image\" \/>\n<meta name=\"twitter:label1\" content=\"Gesch\u00e4tzte Lesezeit\" \/>\n\t<meta name=\"twitter:data1\" content=\"1\u00a0Minute\" \/>\n<script type=\"application\/ld+json\" class=\"yoast-schema-graph\">{\"@context\":\"https:\/\/schema.org\",\"@graph\":[{\"@type\":\"WebPage\",\"@id\":\"https:\/\/www.elementlogic.net\/de\/dienstleistungen-losungen\/autostore\/ports\/\",\"url\":\"https:\/\/www.elementlogic.net\/de\/dienstleistungen-losungen\/autostore\/ports\/\",\"name\":\"Ports - Element Logic Deutschland\",\"isPartOf\":{\"@id\":\"https:\/\/www.elementlogic.net\/de\/#website\"},\"primaryImageOfPage\":{\"@id\":\"https:\/\/www.elementlogic.net\/de\/dienstleistungen-losungen\/autostore\/ports\/#primaryimage\"},\"image\":{\"@id\":\"https:\/\/www.elementlogic.net\/de\/dienstleistungen-losungen\/autostore\/ports\/#primaryimage\"},\"thumbnailUrl\":\"https:\/\/www.elementlogic.net\/content\/uploads\/sites\/17\/\/2024\/09\/Man-by-AutoStore-Port.jpg\",\"datePublished\":\"2024-09-03T13:21:01+00:00\",\"dateModified\":\"2025-09-14T07:13:56+00:00\",\"description\":\"Die AutoStore-Arbeitspl\u00e4tze, an denen die Roboter die Waren ausliefern, unterst\u00fctzen verschiedene Vorg\u00e4nge, darunter die Auftragsabwicklung und die Bestandspr\u00fcfung.\",\"breadcrumb\":{\"@id\":\"https:\/\/www.elementlogic.net\/de\/dienstleistungen-losungen\/autostore\/ports\/#breadcrumb\"},\"inLanguage\":\"de\",\"potentialAction\":[{\"@type\":\"ReadAction\",\"target\":[\"https:\/\/www.elementlogic.net\/de\/dienstleistungen-losungen\/autostore\/ports\/\"]}]},{\"@type\":\"ImageObject\",\"inLanguage\":\"de\",\"@id\":\"https:\/\/www.elementlogic.net\/de\/dienstleistungen-losungen\/autostore\/ports\/#primaryimage\",\"url\":\"https:\/\/www.elementlogic.net\/content\/uploads\/sites\/17\/\/2024\/09\/Man-by-AutoStore-Port.jpg\",\"contentUrl\":\"https:\/\/www.elementlogic.net\/content\/uploads\/sites\/17\/\/2024\/09\/Man-by-AutoStore-Port.jpg\",\"width\":2560,\"height\":1615},{\"@type\":\"BreadcrumbList\",\"@id\":\"https:\/\/www.elementlogic.net\/de\/dienstleistungen-losungen\/autostore\/ports\/#breadcrumb\",\"itemListElement\":[{\"@type\":\"ListItem\",\"position\":1,\"name\":\"L\u00f6sungen und Serviceleistungen\",\"item\":\"https:\/\/www.elementlogic.net\/de\/dienstleistungen-losungen\/\"},{\"@type\":\"ListItem\",\"position\":2,\"name\":\"AutoStore\",\"item\":\"https:\/\/www.elementlogic.net\/de\/dienstleistungen-losungen\/autostore\/\"},{\"@type\":\"ListItem\",\"position\":3,\"name\":\"Ports\"}]},{\"@type\":\"WebSite\",\"@id\":\"https:\/\/www.elementlogic.net\/de\/#website\",\"url\":\"https:\/\/www.elementlogic.net\/de\/\",\"name\":\"Element Logic Deutschland\",\"description\":\"Optimizing Warehouse Performance\",\"potentialAction\":[{\"@type\":\"SearchAction\",\"target\":{\"@type\":\"EntryPoint\",\"urlTemplate\":\"https:\/\/www.elementlogic.net\/de\/?s={search_term_string}\"},\"query-input\":{\"@type\":\"PropertyValueSpecification\",\"valueRequired\":true,\"valueName\":\"search_term_string\"}}],\"inLanguage\":\"de\"}]}<\/script>\n<!-- \/ Yoast SEO Premium plugin. -->","yoast_head_json":{"title":"Ports - Element Logic Deutschland","description":"Die AutoStore-Arbeitspl\u00e4tze, an denen die Roboter die Waren ausliefern, unterst\u00fctzen verschiedene Vorg\u00e4nge, darunter die Auftragsabwicklung und die Bestandspr\u00fcfung.","robots":{"index":"index","follow":"follow","max-snippet":"max-snippet:-1","max-image-preview":"max-image-preview:large","max-video-preview":"max-video-preview:-1"},"canonical":"https:\/\/www.elementlogic.net\/de\/dienstleistungen-losungen\/autostore\/ports\/","og_locale":"de_DE","og_type":"article","og_title":"Ports","og_description":"Die AutoStore-Arbeitspl\u00e4tze, an denen die Roboter die Waren ausliefern, unterst\u00fctzen verschiedene Vorg\u00e4nge, darunter die Auftragsabwicklung und die Bestandspr\u00fcfung.","og_url":"https:\/\/www.elementlogic.net\/de\/dienstleistungen-losungen\/autostore\/ports\/","og_site_name":"Element Logic Deutschland","article_modified_time":"2025-09-14T07:13:56+00:00","og_image":[{"width":2560,"height":1615,"url":"https:\/\/www.elementlogic.net\/content\/uploads\/sites\/17\/\/2024\/09\/Man-by-AutoStore-Port.jpg","type":"image\/jpeg"}],"twitter_card":"summary_large_image","twitter_misc":{"Gesch\u00e4tzte Lesezeit":"1\u00a0Minute"},"schema":{"@context":"https:\/\/schema.org","@graph":[{"@type":"WebPage","@id":"https:\/\/www.elementlogic.net\/de\/dienstleistungen-losungen\/autostore\/ports\/","url":"https:\/\/www.elementlogic.net\/de\/dienstleistungen-losungen\/autostore\/ports\/","name":"Ports - Element Logic Deutschland","isPartOf":{"@id":"https:\/\/www.elementlogic.net\/de\/#website"},"primaryImageOfPage":{"@id":"https:\/\/www.elementlogic.net\/de\/dienstleistungen-losungen\/autostore\/ports\/#primaryimage"},"image":{"@id":"https:\/\/www.elementlogic.net\/de\/dienstleistungen-losungen\/autostore\/ports\/#primaryimage"},"thumbnailUrl":"https:\/\/www.elementlogic.net\/content\/uploads\/sites\/17\/\/2024\/09\/Man-by-AutoStore-Port.jpg","datePublished":"2024-09-03T13:21:01+00:00","dateModified":"2025-09-14T07:13:56+00:00","description":"Die AutoStore-Arbeitspl\u00e4tze, an denen die Roboter die Waren ausliefern, unterst\u00fctzen verschiedene Vorg\u00e4nge, darunter die Auftragsabwicklung und die Bestandspr\u00fcfung.","breadcrumb":{"@id":"https:\/\/www.elementlogic.net\/de\/dienstleistungen-losungen\/autostore\/ports\/#breadcrumb"},"inLanguage":"de","potentialAction":[{"@type":"ReadAction","target":["https:\/\/www.elementlogic.net\/de\/dienstleistungen-losungen\/autostore\/ports\/"]}]},{"@type":"ImageObject","inLanguage":"de","@id":"https:\/\/www.elementlogic.net\/de\/dienstleistungen-losungen\/autostore\/ports\/#primaryimage","url":"https:\/\/www.elementlogic.net\/content\/uploads\/sites\/17\/\/2024\/09\/Man-by-AutoStore-Port.jpg","contentUrl":"https:\/\/www.elementlogic.net\/content\/uploads\/sites\/17\/\/2024\/09\/Man-by-AutoStore-Port.jpg","width":2560,"height":1615},{"@type":"BreadcrumbList","@id":"https:\/\/www.elementlogic.net\/de\/dienstleistungen-losungen\/autostore\/ports\/#breadcrumb","itemListElement":[{"@type":"ListItem","position":1,"name":"L\u00f6sungen und Serviceleistungen","item":"https:\/\/www.elementlogic.net\/de\/dienstleistungen-losungen\/"},{"@type":"ListItem","position":2,"name":"AutoStore","item":"https:\/\/www.elementlogic.net\/de\/dienstleistungen-losungen\/autostore\/"},{"@type":"ListItem","position":3,"name":"Ports"}]},{"@type":"WebSite","@id":"https:\/\/www.elementlogic.net\/de\/#website","url":"https:\/\/www.elementlogic.net\/de\/","name":"Element Logic Deutschland","description":"Optimizing Warehouse Performance","potentialAction":[{"@type":"SearchAction","target":{"@type":"EntryPoint","urlTemplate":"https:\/\/www.elementlogic.net\/de\/?s={search_term_string}"},"query-input":{"@type":"PropertyValueSpecification","valueRequired":true,"valueName":"search_term_string"}}],"inLanguage":"de"}]}},"_links":{"self":[{"href":"https:\/\/www.elementlogic.net\/de\/wp-json\/wp\/v2\/pages\/183"}],"collection":[{"href":"https:\/\/www.elementlogic.net\/de\/wp-json\/wp\/v2\/pages"}],"about":[{"href":"https:\/\/www.elementlogic.net\/de\/wp-json\/wp\/v2\/types\/page"}],"author":[{"embeddable":true,"href":"https:\/\/www.elementlogic.net\/de\/wp-json\/wp\/v2\/users\/26"}],"replies":[{"embeddable":true,"href":"https:\/\/www.elementlogic.net\/de\/wp-json\/wp\/v2\/comments?post=183"}],"version-history":[{"count":5,"href":"https:\/\/www.elementlogic.net\/de\/wp-json\/wp\/v2\/pages\/183\/revisions"}],"predecessor-version":[{"id":3114,"href":"https:\/\/www.elementlogic.net\/de\/wp-json\/wp\/v2\/pages\/183\/revisions\/3114"}],"up":[{"embeddable":true,"href":"https:\/\/www.elementlogic.net\/de\/wp-json\/wp\/v2\/pages\/212"}],"wp:featuredmedia":[{"embeddable":true,"href":"https:\/\/www.elementlogic.net\/de\/wp-json\/wp\/v2\/media\/501"}],"wp:attachment":[{"href":"https:\/\/www.elementlogic.net\/de\/wp-json\/wp\/v2\/media?parent=183"}],"curies":[{"name":"wp","href":"https:\/\/api.w.org\/{rel}","templated":true}]}}