{"id":186,"date":"2024-09-03T15:13:45","date_gmt":"2024-09-03T13:13:45","guid":{"rendered":"https:\/\/www.elementlogic.net\/?page_id=1851"},"modified":"2024-10-23T15:15:32","modified_gmt":"2024-10-23T13:15:32","slug":"grid","status":"publish","type":"page","link":"https:\/\/www.elementlogic.net\/de\/dienstleistungen-losungen\/autostore\/grid\/","title":{"rendered":"Grid"},"content":{"rendered":"<p class=\"t2-ingress wp-block-t2-ingress\">Das AutoStore-Grid, das f\u00fcr die Lagerung in W\u00fcrfel-Bauweise optimiert ist, gew\u00e4hrleistet eine hohe Lagerdichte und Produktsicherheit.<\/p>\n\n\n\t\t<div class=\"alignwide is-mode-constrained is-gap-center wp-block-t2-simple-media-text   \">\n\t\t\t<div class=\"t2-simple-media-text__container\">\n\t\t\t\t<div class=\"t2-simple-media-text__image\"><img loading=\"lazy\" decoding=\"async\" width=\"768\" height=\"512\" src=\"https:\/\/www.elementlogic.net\/content\/uploads\/sites\/17\/\/2024\/09\/AS2019-181-768x512.jpg\" class=\"\" alt=\"\" style=\"--focalpoint: 50% 50%;\" srcset=\"https:\/\/www.elementlogic.net\/content\/uploads\/sites\/17\/2024\/09\/AS2019-181-768x512.jpg 768w, https:\/\/www.elementlogic.net\/content\/uploads\/sites\/17\/2024\/09\/AS2019-181-300x200.jpg 300w, https:\/\/www.elementlogic.net\/content\/uploads\/sites\/17\/2024\/09\/AS2019-181-1024x683.jpg 1024w, https:\/\/www.elementlogic.net\/content\/uploads\/sites\/17\/2024\/09\/AS2019-181-1536x1024.jpg 1536w, https:\/\/www.elementlogic.net\/content\/uploads\/sites\/17\/2024\/09\/AS2019-181.jpg 1920w\" sizes=\"(max-width: 768px) 100vw, 768px\" \/><\/div>\n\t\t\t\t<div class=\"t2-simple-media-text__content-container\">\n\t\t\t\t\t<div class=\"t2-simple-media-text__content\">\n\t\t\t\t\t\t<div class=\"t2-simple-media-text__content-inner\">\n\t\t\t\t\t\t\t\n\n<p>Es ist aus leichtem Aluminium gefertigt, einfach zu installieren (nur etwas schwieriger als eine Handvoll LEGO\u2122 zu bauen), flexibel im Design und an Ihre Lagerbedingungen anpassbar. Insgesamt besteht das Grid aus 17 leicht zu verbindenden Teilen.<\/p>\n\n\n\n<p>Die Struktur des Grids umfasst S\u00e4ulen, die Zellen bilden, in denen die gestapelte Beh\u00e4lter untergebracht sind. Zus\u00e4tzliche Schienen, die in X- und Y-Richtung verlaufen, erm\u00f6glichen es den Roboter sie zu erreichen.<\/p>\n\n\n\n<p>Das modulare Design erm\u00f6glicht jederzeit die problemlose Erweiterungen des Rasters. Die Errichtung eines AutoStore-Rasters dauert in der Regel einen Monat.<\/p>\n\n\n\t\t\t\t\t\t<\/div>\n\t\t\t\t\t<\/div>\n\t\t\t\t<\/div>\n\t\t\t<\/div>\n\t\t<\/div>\n\t\t","protected":false},"excerpt":{"rendered":"","protected":false},"author":26,"featured_media":187,"parent":212,"menu_order":0,"comment_status":"closed","ping_status":"closed","template":"","meta":{"hreflang_relation":0,"_el_cross_publish_source_blog_url":"","_el_cross_publish_source_blog_id":0,"_el_cross_publish_source_post_id":0,"_el_cross_publish_sync_state":"","exclude_from_search":false,"footnotes":""},"class_list":["post-186","page","type-page","status-publish","has-post-thumbnail","hentry"],"yoast_head":"<!-- This site is optimized with the Yoast SEO Premium plugin v23.9 (Yoast SEO v23.9) - https:\/\/yoast.com\/wordpress\/plugins\/seo\/ -->\n<title>Grid - Element Logic Deutschland<\/title>\n<meta name=\"description\" content=\"Das AutoStore-Grid, das f\u00fcr die Lagerung in W\u00fcrfel-Bauweise optimiert ist, gew\u00e4hrleistet eine hohe Lagerdichte und Produktsicherheit.\" \/>\n<meta name=\"robots\" content=\"index, follow, max-snippet:-1, max-image-preview:large, max-video-preview:-1\" \/>\n<link rel=\"canonical\" href=\"https:\/\/www.elementlogic.net\/de\/dienstleistungen-losungen\/autostore\/grid\/\" \/>\n<meta property=\"og:locale\" content=\"de_DE\" \/>\n<meta property=\"og:type\" content=\"article\" \/>\n<meta property=\"og:title\" content=\"Grid\" \/>\n<meta property=\"og:description\" content=\"Das AutoStore-Grid, das f\u00fcr die Lagerung in W\u00fcrfel-Bauweise optimiert ist, gew\u00e4hrleistet eine hohe Lagerdichte und Produktsicherheit.\" \/>\n<meta property=\"og:url\" content=\"https:\/\/www.elementlogic.net\/de\/dienstleistungen-losungen\/autostore\/grid\/\" \/>\n<meta property=\"og:site_name\" content=\"Element Logic Deutschland\" \/>\n<meta property=\"article:modified_time\" content=\"2024-10-23T13:15:32+00:00\" \/>\n<meta property=\"og:image\" content=\"https:\/\/www.elementlogic.net\/content\/uploads\/sites\/17\/\/2024\/09\/AS2019-181.jpg\" \/>\n\t<meta property=\"og:image:width\" content=\"1920\" \/>\n\t<meta property=\"og:image:height\" content=\"1280\" \/>\n\t<meta property=\"og:image:type\" content=\"image\/jpeg\" \/>\n<meta name=\"twitter:card\" content=\"summary_large_image\" \/>\n<meta name=\"twitter:label1\" content=\"Gesch\u00e4tzte Lesezeit\" \/>\n\t<meta name=\"twitter:data1\" content=\"1\u00a0Minute\" \/>\n<script type=\"application\/ld+json\" class=\"yoast-schema-graph\">{\"@context\":\"https:\/\/schema.org\",\"@graph\":[{\"@type\":\"WebPage\",\"@id\":\"https:\/\/www.elementlogic.net\/de\/dienstleistungen-losungen\/autostore\/grid\/\",\"url\":\"https:\/\/www.elementlogic.net\/de\/dienstleistungen-losungen\/autostore\/grid\/\",\"name\":\"Grid - Element Logic Deutschland\",\"isPartOf\":{\"@id\":\"https:\/\/www.elementlogic.net\/de\/#website\"},\"primaryImageOfPage\":{\"@id\":\"https:\/\/www.elementlogic.net\/de\/dienstleistungen-losungen\/autostore\/grid\/#primaryimage\"},\"image\":{\"@id\":\"https:\/\/www.elementlogic.net\/de\/dienstleistungen-losungen\/autostore\/grid\/#primaryimage\"},\"thumbnailUrl\":\"https:\/\/www.elementlogic.net\/content\/uploads\/sites\/17\/\/2024\/09\/AS2019-181.jpg\",\"datePublished\":\"2024-09-03T13:13:45+00:00\",\"dateModified\":\"2024-10-23T13:15:32+00:00\",\"description\":\"Das AutoStore-Grid, das f\u00fcr die Lagerung in W\u00fcrfel-Bauweise optimiert ist, gew\u00e4hrleistet eine hohe Lagerdichte und Produktsicherheit.\",\"breadcrumb\":{\"@id\":\"https:\/\/www.elementlogic.net\/de\/dienstleistungen-losungen\/autostore\/grid\/#breadcrumb\"},\"inLanguage\":\"de\",\"potentialAction\":[{\"@type\":\"ReadAction\",\"target\":[\"https:\/\/www.elementlogic.net\/de\/dienstleistungen-losungen\/autostore\/grid\/\"]}]},{\"@type\":\"ImageObject\",\"inLanguage\":\"de\",\"@id\":\"https:\/\/www.elementlogic.net\/de\/dienstleistungen-losungen\/autostore\/grid\/#primaryimage\",\"url\":\"https:\/\/www.elementlogic.net\/content\/uploads\/sites\/17\/\/2024\/09\/AS2019-181.jpg\",\"contentUrl\":\"https:\/\/www.elementlogic.net\/content\/uploads\/sites\/17\/\/2024\/09\/AS2019-181.jpg\",\"width\":1920,\"height\":1280},{\"@type\":\"BreadcrumbList\",\"@id\":\"https:\/\/www.elementlogic.net\/de\/dienstleistungen-losungen\/autostore\/grid\/#breadcrumb\",\"itemListElement\":[{\"@type\":\"ListItem\",\"position\":1,\"name\":\"L\u00f6sungen und Serviceleistungen\",\"item\":\"https:\/\/www.elementlogic.net\/de\/dienstleistungen-losungen\/\"},{\"@type\":\"ListItem\",\"position\":2,\"name\":\"AutoStore\",\"item\":\"https:\/\/www.elementlogic.net\/de\/dienstleistungen-losungen\/autostore\/\"},{\"@type\":\"ListItem\",\"position\":3,\"name\":\"Grid\"}]},{\"@type\":\"WebSite\",\"@id\":\"https:\/\/www.elementlogic.net\/de\/#website\",\"url\":\"https:\/\/www.elementlogic.net\/de\/\",\"name\":\"Element Logic Deutschland\",\"description\":\"Optimizing Warehouse Performance\",\"potentialAction\":[{\"@type\":\"SearchAction\",\"target\":{\"@type\":\"EntryPoint\",\"urlTemplate\":\"https:\/\/www.elementlogic.net\/de\/?s={search_term_string}\"},\"query-input\":{\"@type\":\"PropertyValueSpecification\",\"valueRequired\":true,\"valueName\":\"search_term_string\"}}],\"inLanguage\":\"de\"}]}<\/script>\n<!-- \/ Yoast SEO Premium plugin. -->","yoast_head_json":{"title":"Grid - Element Logic Deutschland","description":"Das AutoStore-Grid, das f\u00fcr die Lagerung in W\u00fcrfel-Bauweise optimiert ist, gew\u00e4hrleistet eine hohe Lagerdichte und Produktsicherheit.","robots":{"index":"index","follow":"follow","max-snippet":"max-snippet:-1","max-image-preview":"max-image-preview:large","max-video-preview":"max-video-preview:-1"},"canonical":"https:\/\/www.elementlogic.net\/de\/dienstleistungen-losungen\/autostore\/grid\/","og_locale":"de_DE","og_type":"article","og_title":"Grid","og_description":"Das AutoStore-Grid, das f\u00fcr die Lagerung in W\u00fcrfel-Bauweise optimiert ist, gew\u00e4hrleistet eine hohe Lagerdichte und Produktsicherheit.","og_url":"https:\/\/www.elementlogic.net\/de\/dienstleistungen-losungen\/autostore\/grid\/","og_site_name":"Element Logic Deutschland","article_modified_time":"2024-10-23T13:15:32+00:00","og_image":[{"width":1920,"height":1280,"url":"https:\/\/www.elementlogic.net\/content\/uploads\/sites\/17\/\/2024\/09\/AS2019-181.jpg","type":"image\/jpeg"}],"twitter_card":"summary_large_image","twitter_misc":{"Gesch\u00e4tzte Lesezeit":"1\u00a0Minute"},"schema":{"@context":"https:\/\/schema.org","@graph":[{"@type":"WebPage","@id":"https:\/\/www.elementlogic.net\/de\/dienstleistungen-losungen\/autostore\/grid\/","url":"https:\/\/www.elementlogic.net\/de\/dienstleistungen-losungen\/autostore\/grid\/","name":"Grid - Element Logic Deutschland","isPartOf":{"@id":"https:\/\/www.elementlogic.net\/de\/#website"},"primaryImageOfPage":{"@id":"https:\/\/www.elementlogic.net\/de\/dienstleistungen-losungen\/autostore\/grid\/#primaryimage"},"image":{"@id":"https:\/\/www.elementlogic.net\/de\/dienstleistungen-losungen\/autostore\/grid\/#primaryimage"},"thumbnailUrl":"https:\/\/www.elementlogic.net\/content\/uploads\/sites\/17\/\/2024\/09\/AS2019-181.jpg","datePublished":"2024-09-03T13:13:45+00:00","dateModified":"2024-10-23T13:15:32+00:00","description":"Das AutoStore-Grid, das f\u00fcr die Lagerung in W\u00fcrfel-Bauweise optimiert ist, gew\u00e4hrleistet eine hohe Lagerdichte und Produktsicherheit.","breadcrumb":{"@id":"https:\/\/www.elementlogic.net\/de\/dienstleistungen-losungen\/autostore\/grid\/#breadcrumb"},"inLanguage":"de","potentialAction":[{"@type":"ReadAction","target":["https:\/\/www.elementlogic.net\/de\/dienstleistungen-losungen\/autostore\/grid\/"]}]},{"@type":"ImageObject","inLanguage":"de","@id":"https:\/\/www.elementlogic.net\/de\/dienstleistungen-losungen\/autostore\/grid\/#primaryimage","url":"https:\/\/www.elementlogic.net\/content\/uploads\/sites\/17\/\/2024\/09\/AS2019-181.jpg","contentUrl":"https:\/\/www.elementlogic.net\/content\/uploads\/sites\/17\/\/2024\/09\/AS2019-181.jpg","width":1920,"height":1280},{"@type":"BreadcrumbList","@id":"https:\/\/www.elementlogic.net\/de\/dienstleistungen-losungen\/autostore\/grid\/#breadcrumb","itemListElement":[{"@type":"ListItem","position":1,"name":"L\u00f6sungen und Serviceleistungen","item":"https:\/\/www.elementlogic.net\/de\/dienstleistungen-losungen\/"},{"@type":"ListItem","position":2,"name":"AutoStore","item":"https:\/\/www.elementlogic.net\/de\/dienstleistungen-losungen\/autostore\/"},{"@type":"ListItem","position":3,"name":"Grid"}]},{"@type":"WebSite","@id":"https:\/\/www.elementlogic.net\/de\/#website","url":"https:\/\/www.elementlogic.net\/de\/","name":"Element Logic Deutschland","description":"Optimizing Warehouse Performance","potentialAction":[{"@type":"SearchAction","target":{"@type":"EntryPoint","urlTemplate":"https:\/\/www.elementlogic.net\/de\/?s={search_term_string}"},"query-input":{"@type":"PropertyValueSpecification","valueRequired":true,"valueName":"search_term_string"}}],"inLanguage":"de"}]}},"_links":{"self":[{"href":"https:\/\/www.elementlogic.net\/de\/wp-json\/wp\/v2\/pages\/186"}],"collection":[{"href":"https:\/\/www.elementlogic.net\/de\/wp-json\/wp\/v2\/pages"}],"about":[{"href":"https:\/\/www.elementlogic.net\/de\/wp-json\/wp\/v2\/types\/page"}],"author":[{"embeddable":true,"href":"https:\/\/www.elementlogic.net\/de\/wp-json\/wp\/v2\/users\/26"}],"replies":[{"embeddable":true,"href":"https:\/\/www.elementlogic.net\/de\/wp-json\/wp\/v2\/comments?post=186"}],"version-history":[{"count":3,"href":"https:\/\/www.elementlogic.net\/de\/wp-json\/wp\/v2\/pages\/186\/revisions"}],"predecessor-version":[{"id":1603,"href":"https:\/\/www.elementlogic.net\/de\/wp-json\/wp\/v2\/pages\/186\/revisions\/1603"}],"up":[{"embeddable":true,"href":"https:\/\/www.elementlogic.net\/de\/wp-json\/wp\/v2\/pages\/212"}],"wp:featuredmedia":[{"embeddable":true,"href":"https:\/\/www.elementlogic.net\/de\/wp-json\/wp\/v2\/media\/187"}],"wp:attachment":[{"href":"https:\/\/www.elementlogic.net\/de\/wp-json\/wp\/v2\/media?parent=186"}],"curies":[{"name":"wp","href":"https:\/\/api.w.org\/{rel}","templated":true}]}}