{"id":190,"date":"2024-09-03T15:04:48","date_gmt":"2024-09-03T13:04:48","guid":{"rendered":"https:\/\/www.elementlogic.net\/?page_id=1842"},"modified":"2024-10-23T15:14:37","modified_gmt":"2024-10-23T13:14:37","slug":"roboter","status":"publish","type":"page","link":"https:\/\/www.elementlogic.net\/de\/dienstleistungen-losungen\/autostore\/roboter\/","title":{"rendered":"Roboter"},"content":{"rendered":"<p class=\"t2-ingress wp-block-t2-ingress\">Die AutoStore-Roboter sind das R\u00fcckgrat Ihrer L\u00f6sung, da sie unerm\u00fcdlich und pr\u00e4zise Beh\u00e4lter kommissionieren und ausliefern. Sie nutzen acht R\u00e4der f\u00fcr eine Bewegung in f\u00fcnf Richtungen und gew\u00e4hrleisten eine effiziente Navigation.<\/p>\n\n\n\t\t<div class=\"alignwide is-mode-constrained is-gap-center wp-block-t2-simple-media-text   \">\n\t\t\t<div class=\"t2-simple-media-text__container\">\n\t\t\t\t<div class=\"t2-simple-media-text__image\"><video muted autoplay loop style=\"--focalpoint: 50% 50%;\"><source src=\"https:\/\/www.elementlogic.net\/content\/uploads\/sites\/17\/\/2024\/09\/R5-Spin-White-Background-1.mp4\" type=\"video\/mp4\" \/><\/video><\/div>\n\t\t\t\t<div class=\"t2-simple-media-text__content-container\">\n\t\t\t\t\t<div class=\"t2-simple-media-text__content\">\n\t\t\t\t\t\t<div class=\"t2-simple-media-text__content-inner\">\n\t\t\t\t\t\t\t\n\n<p>Die Red Line-Roboter, einschlie\u00dflich R5, R5+, R5 Pro und R5 Pro+, sind f\u00fcr ihre Zuverl\u00e4ssigkeit und Energieeffizienz bekannt und arbeiten mit minimalen Ausfallzeiten.<\/p>\n\n\n\n<p>Die neueren, leichteren Black Line B1-Roboter zeichnen sich durch eine schnellere Beschleunigung und ein kompaktes Design aus und eignen sich daher ideal f\u00fcr kompakte Grids.<\/p>\n\n\n\n<p>Alle Roboter arbeiten rund um die Uhr und laden sich bei Bedarf selbst auf.<\/p>\n\n\n\t\t\t\t\t\t<\/div>\n\t\t\t\t\t<\/div>\n\t\t\t\t<\/div>\n\t\t\t<\/div>\n\t\t<\/div>\n\t\t","protected":false},"excerpt":{"rendered":"","protected":false},"author":26,"featured_media":621,"parent":212,"menu_order":0,"comment_status":"closed","ping_status":"closed","template":"","meta":{"hreflang_relation":0,"_el_cross_publish_source_blog_url":"","_el_cross_publish_source_blog_id":0,"_el_cross_publish_source_post_id":0,"_el_cross_publish_sync_state":"","exclude_from_search":false,"footnotes":""},"class_list":["post-190","page","type-page","status-publish","has-post-thumbnail","hentry"],"yoast_head":"<!-- This site is optimized with the Yoast SEO Premium plugin v23.9 (Yoast SEO v23.9) - https:\/\/yoast.com\/wordpress\/plugins\/seo\/ -->\n<title>Roboter - Element Logic Deutschland<\/title>\n<meta name=\"description\" content=\"Die AutoStore-Roboter sind das R\u00fcckgrat Ihrer L\u00f6sung, da sie unerm\u00fcdlich und pr\u00e4zise Beh\u00e4lter kommissionieren und ausliefern. Sie nutzen acht R\u00e4der f\u00fcr eine Bewegung in f\u00fcnf Richtungen und gew\u00e4hrleisten eine effiziente Navigation.\" \/>\n<meta name=\"robots\" content=\"index, follow, max-snippet:-1, max-image-preview:large, max-video-preview:-1\" \/>\n<link rel=\"canonical\" href=\"https:\/\/www.elementlogic.net\/de\/dienstleistungen-losungen\/autostore\/roboter\/\" \/>\n<meta property=\"og:locale\" content=\"de_DE\" \/>\n<meta property=\"og:type\" content=\"article\" \/>\n<meta property=\"og:title\" content=\"Roboter\" \/>\n<meta property=\"og:description\" content=\"Die AutoStore-Roboter sind das R\u00fcckgrat Ihrer L\u00f6sung, da sie unerm\u00fcdlich und pr\u00e4zise Beh\u00e4lter kommissionieren und ausliefern. Sie nutzen acht R\u00e4der f\u00fcr eine Bewegung in f\u00fcnf Richtungen und gew\u00e4hrleisten eine effiziente Navigation.\" \/>\n<meta property=\"og:url\" content=\"https:\/\/www.elementlogic.net\/de\/dienstleistungen-losungen\/autostore\/roboter\/\" \/>\n<meta property=\"og:site_name\" content=\"Element Logic Deutschland\" \/>\n<meta property=\"article:modified_time\" content=\"2024-10-23T13:14:37+00:00\" \/>\n<meta property=\"og:image\" content=\"https:\/\/www.elementlogic.net\/content\/uploads\/sites\/17\/\/2024\/09\/AutoStore-robot-implemented-by-Element-Logic.jpg\" \/>\n\t<meta property=\"og:image:width\" content=\"2560\" \/>\n\t<meta property=\"og:image:height\" content=\"1708\" \/>\n\t<meta property=\"og:image:type\" content=\"image\/jpeg\" \/>\n<meta name=\"twitter:card\" content=\"summary_large_image\" \/>\n<meta name=\"twitter:label1\" content=\"Gesch\u00e4tzte Lesezeit\" \/>\n\t<meta name=\"twitter:data1\" content=\"1\u00a0Minute\" \/>\n<script type=\"application\/ld+json\" class=\"yoast-schema-graph\">{\"@context\":\"https:\/\/schema.org\",\"@graph\":[{\"@type\":\"WebPage\",\"@id\":\"https:\/\/www.elementlogic.net\/de\/dienstleistungen-losungen\/autostore\/roboter\/\",\"url\":\"https:\/\/www.elementlogic.net\/de\/dienstleistungen-losungen\/autostore\/roboter\/\",\"name\":\"Roboter - Element Logic Deutschland\",\"isPartOf\":{\"@id\":\"https:\/\/www.elementlogic.net\/de\/#website\"},\"primaryImageOfPage\":{\"@id\":\"https:\/\/www.elementlogic.net\/de\/dienstleistungen-losungen\/autostore\/roboter\/#primaryimage\"},\"image\":{\"@id\":\"https:\/\/www.elementlogic.net\/de\/dienstleistungen-losungen\/autostore\/roboter\/#primaryimage\"},\"thumbnailUrl\":\"https:\/\/www.elementlogic.net\/content\/uploads\/sites\/17\/\/2024\/09\/AutoStore-robot-implemented-by-Element-Logic.jpg\",\"datePublished\":\"2024-09-03T13:04:48+00:00\",\"dateModified\":\"2024-10-23T13:14:37+00:00\",\"description\":\"Die AutoStore-Roboter sind das R\u00fcckgrat Ihrer L\u00f6sung, da sie unerm\u00fcdlich und pr\u00e4zise Beh\u00e4lter kommissionieren und ausliefern. Sie nutzen acht R\u00e4der f\u00fcr eine Bewegung in f\u00fcnf Richtungen und gew\u00e4hrleisten eine effiziente Navigation.\",\"breadcrumb\":{\"@id\":\"https:\/\/www.elementlogic.net\/de\/dienstleistungen-losungen\/autostore\/roboter\/#breadcrumb\"},\"inLanguage\":\"de\",\"potentialAction\":[{\"@type\":\"ReadAction\",\"target\":[\"https:\/\/www.elementlogic.net\/de\/dienstleistungen-losungen\/autostore\/roboter\/\"]}]},{\"@type\":\"ImageObject\",\"inLanguage\":\"de\",\"@id\":\"https:\/\/www.elementlogic.net\/de\/dienstleistungen-losungen\/autostore\/roboter\/#primaryimage\",\"url\":\"https:\/\/www.elementlogic.net\/content\/uploads\/sites\/17\/\/2024\/09\/AutoStore-robot-implemented-by-Element-Logic.jpg\",\"contentUrl\":\"https:\/\/www.elementlogic.net\/content\/uploads\/sites\/17\/\/2024\/09\/AutoStore-robot-implemented-by-Element-Logic.jpg\",\"width\":2560,\"height\":1708},{\"@type\":\"BreadcrumbList\",\"@id\":\"https:\/\/www.elementlogic.net\/de\/dienstleistungen-losungen\/autostore\/roboter\/#breadcrumb\",\"itemListElement\":[{\"@type\":\"ListItem\",\"position\":1,\"name\":\"L\u00f6sungen und Serviceleistungen\",\"item\":\"https:\/\/www.elementlogic.net\/de\/dienstleistungen-losungen\/\"},{\"@type\":\"ListItem\",\"position\":2,\"name\":\"AutoStore\",\"item\":\"https:\/\/www.elementlogic.net\/de\/dienstleistungen-losungen\/autostore\/\"},{\"@type\":\"ListItem\",\"position\":3,\"name\":\"Roboter\"}]},{\"@type\":\"WebSite\",\"@id\":\"https:\/\/www.elementlogic.net\/de\/#website\",\"url\":\"https:\/\/www.elementlogic.net\/de\/\",\"name\":\"Element Logic Deutschland\",\"description\":\"Optimizing Warehouse Performance\",\"potentialAction\":[{\"@type\":\"SearchAction\",\"target\":{\"@type\":\"EntryPoint\",\"urlTemplate\":\"https:\/\/www.elementlogic.net\/de\/?s={search_term_string}\"},\"query-input\":{\"@type\":\"PropertyValueSpecification\",\"valueRequired\":true,\"valueName\":\"search_term_string\"}}],\"inLanguage\":\"de\"}]}<\/script>\n<!-- \/ Yoast SEO Premium plugin. -->","yoast_head_json":{"title":"Roboter - Element Logic Deutschland","description":"Die AutoStore-Roboter sind das R\u00fcckgrat Ihrer L\u00f6sung, da sie unerm\u00fcdlich und pr\u00e4zise Beh\u00e4lter kommissionieren und ausliefern. Sie nutzen acht R\u00e4der f\u00fcr eine Bewegung in f\u00fcnf Richtungen und gew\u00e4hrleisten eine effiziente Navigation.","robots":{"index":"index","follow":"follow","max-snippet":"max-snippet:-1","max-image-preview":"max-image-preview:large","max-video-preview":"max-video-preview:-1"},"canonical":"https:\/\/www.elementlogic.net\/de\/dienstleistungen-losungen\/autostore\/roboter\/","og_locale":"de_DE","og_type":"article","og_title":"Roboter","og_description":"Die AutoStore-Roboter sind das R\u00fcckgrat Ihrer L\u00f6sung, da sie unerm\u00fcdlich und pr\u00e4zise Beh\u00e4lter kommissionieren und ausliefern. Sie nutzen acht R\u00e4der f\u00fcr eine Bewegung in f\u00fcnf Richtungen und gew\u00e4hrleisten eine effiziente Navigation.","og_url":"https:\/\/www.elementlogic.net\/de\/dienstleistungen-losungen\/autostore\/roboter\/","og_site_name":"Element Logic Deutschland","article_modified_time":"2024-10-23T13:14:37+00:00","og_image":[{"width":2560,"height":1708,"url":"https:\/\/www.elementlogic.net\/content\/uploads\/sites\/17\/\/2024\/09\/AutoStore-robot-implemented-by-Element-Logic.jpg","type":"image\/jpeg"}],"twitter_card":"summary_large_image","twitter_misc":{"Gesch\u00e4tzte Lesezeit":"1\u00a0Minute"},"schema":{"@context":"https:\/\/schema.org","@graph":[{"@type":"WebPage","@id":"https:\/\/www.elementlogic.net\/de\/dienstleistungen-losungen\/autostore\/roboter\/","url":"https:\/\/www.elementlogic.net\/de\/dienstleistungen-losungen\/autostore\/roboter\/","name":"Roboter - Element Logic Deutschland","isPartOf":{"@id":"https:\/\/www.elementlogic.net\/de\/#website"},"primaryImageOfPage":{"@id":"https:\/\/www.elementlogic.net\/de\/dienstleistungen-losungen\/autostore\/roboter\/#primaryimage"},"image":{"@id":"https:\/\/www.elementlogic.net\/de\/dienstleistungen-losungen\/autostore\/roboter\/#primaryimage"},"thumbnailUrl":"https:\/\/www.elementlogic.net\/content\/uploads\/sites\/17\/\/2024\/09\/AutoStore-robot-implemented-by-Element-Logic.jpg","datePublished":"2024-09-03T13:04:48+00:00","dateModified":"2024-10-23T13:14:37+00:00","description":"Die AutoStore-Roboter sind das R\u00fcckgrat Ihrer L\u00f6sung, da sie unerm\u00fcdlich und pr\u00e4zise Beh\u00e4lter kommissionieren und ausliefern. Sie nutzen acht R\u00e4der f\u00fcr eine Bewegung in f\u00fcnf Richtungen und gew\u00e4hrleisten eine effiziente Navigation.","breadcrumb":{"@id":"https:\/\/www.elementlogic.net\/de\/dienstleistungen-losungen\/autostore\/roboter\/#breadcrumb"},"inLanguage":"de","potentialAction":[{"@type":"ReadAction","target":["https:\/\/www.elementlogic.net\/de\/dienstleistungen-losungen\/autostore\/roboter\/"]}]},{"@type":"ImageObject","inLanguage":"de","@id":"https:\/\/www.elementlogic.net\/de\/dienstleistungen-losungen\/autostore\/roboter\/#primaryimage","url":"https:\/\/www.elementlogic.net\/content\/uploads\/sites\/17\/\/2024\/09\/AutoStore-robot-implemented-by-Element-Logic.jpg","contentUrl":"https:\/\/www.elementlogic.net\/content\/uploads\/sites\/17\/\/2024\/09\/AutoStore-robot-implemented-by-Element-Logic.jpg","width":2560,"height":1708},{"@type":"BreadcrumbList","@id":"https:\/\/www.elementlogic.net\/de\/dienstleistungen-losungen\/autostore\/roboter\/#breadcrumb","itemListElement":[{"@type":"ListItem","position":1,"name":"L\u00f6sungen und Serviceleistungen","item":"https:\/\/www.elementlogic.net\/de\/dienstleistungen-losungen\/"},{"@type":"ListItem","position":2,"name":"AutoStore","item":"https:\/\/www.elementlogic.net\/de\/dienstleistungen-losungen\/autostore\/"},{"@type":"ListItem","position":3,"name":"Roboter"}]},{"@type":"WebSite","@id":"https:\/\/www.elementlogic.net\/de\/#website","url":"https:\/\/www.elementlogic.net\/de\/","name":"Element Logic Deutschland","description":"Optimizing Warehouse Performance","potentialAction":[{"@type":"SearchAction","target":{"@type":"EntryPoint","urlTemplate":"https:\/\/www.elementlogic.net\/de\/?s={search_term_string}"},"query-input":{"@type":"PropertyValueSpecification","valueRequired":true,"valueName":"search_term_string"}}],"inLanguage":"de"}]}},"_links":{"self":[{"href":"https:\/\/www.elementlogic.net\/de\/wp-json\/wp\/v2\/pages\/190"}],"collection":[{"href":"https:\/\/www.elementlogic.net\/de\/wp-json\/wp\/v2\/pages"}],"about":[{"href":"https:\/\/www.elementlogic.net\/de\/wp-json\/wp\/v2\/types\/page"}],"author":[{"embeddable":true,"href":"https:\/\/www.elementlogic.net\/de\/wp-json\/wp\/v2\/users\/26"}],"replies":[{"embeddable":true,"href":"https:\/\/www.elementlogic.net\/de\/wp-json\/wp\/v2\/comments?post=190"}],"version-history":[{"count":3,"href":"https:\/\/www.elementlogic.net\/de\/wp-json\/wp\/v2\/pages\/190\/revisions"}],"predecessor-version":[{"id":1597,"href":"https:\/\/www.elementlogic.net\/de\/wp-json\/wp\/v2\/pages\/190\/revisions\/1597"}],"up":[{"embeddable":true,"href":"https:\/\/www.elementlogic.net\/de\/wp-json\/wp\/v2\/pages\/212"}],"wp:featuredmedia":[{"embeddable":true,"href":"https:\/\/www.elementlogic.net\/de\/wp-json\/wp\/v2\/media\/621"}],"wp:attachment":[{"href":"https:\/\/www.elementlogic.net\/de\/wp-json\/wp\/v2\/media?parent=190"}],"curies":[{"name":"wp","href":"https:\/\/api.w.org\/{rel}","templated":true}]}}