{"id":3259,"date":"2025-10-29T11:20:15","date_gmt":"2025-10-29T10:20:15","guid":{"rendered":"https:\/\/www.elementlogic.net\/de\/?page_id=3259"},"modified":"2025-11-20T10:12:07","modified_gmt":"2025-11-20T09:12:07","slug":"element-logic-bei-freudenberg-logistikzentrum","status":"publish","type":"page","link":"https:\/\/www.elementlogic.net\/de\/element-logic-bei-freudenberg-logistikzentrum\/","title":{"rendered":"Zukunft der Intralogistik hautnah erleben \u2013 im neuen Freudenberg Logistikzentrum"},"content":{"rendered":"\n\t\t<div style=\"--dekode-hero-dim:0.5; --t2-icon-fill:var(--wp--preset--color--white);\" class=\"alignfull dekode-hero-content-position-center has-media-background wp-block-dekode-hero has-text-color has-white-color\">\n\t\t\t\t\t<video\n\t\t\tautoplay\n\t\t\tloop\n\t\t\tmuted\n\t\t\tplaysinline\n\t\t\tposter=\"https:\/\/www.elementlogic.net\/content\/uploads\/sites\/17\/2024\/11\/spacer.png\"\n\t\t\tsrc=\"https:\/\/www.elementlogic.net\/content\/uploads\/sites\/17\/2025\/10\/ELO_Freudenberg_animation_v2.mp4\">\n\t\t<\/video>\n\t\t\n\t\t\t<div class=\"dekode-hero__content\">\n\t\t\t\t<div class=\"dekode-hero__container\">\n\t\t\t\t\t\n\n<h1 class=\"wp-block-heading\" id=\"zukunft-der-intralogistik-hautnah-erleben\"><strong>Z<strong>ukunft der Intralogistik hautnah erleben<\/strong><\/strong><\/h1>\n\n\n\n<h2 class=\"wp-block-heading\" id=\"h-exklusives-live-event-im-neuen-freudenberg-logistikzentrum-prasentiert-von-element-logic-und-freudenberg\"><strong>Exklusives Live-Event im neuen Freudenberg Logistikzentrum \u2013 pr\u00e4sentiert von Element Logic und Freudenberg.<\/strong><\/h2>\n\n\n\n<div class=\"wp-block-buttons is-layout-flex wp-block-buttons-is-layout-flex\">\n<div class=\"wp-block-button is-style-fill\"><a class=\"wp-block-button__link wp-element-button\" href=\"#agenda\">Agenda<\/a><\/div>\n<\/div>\n\n\n\t\t\t\t<\/div>\n\t\t\t<\/div>\n\t\t<\/div>\n\t\t\n\n\n<div style=\"height:100px\" aria-hidden=\"true\" id=\"mehr-erfahren\" class=\"wp-block-spacer\"><\/div>\n\n\n<p class=\"t2-ingress wp-block-t2-ingress\">Gemeinsam mit unserem Partner Freudenberg l\u00e4dt Element Logic zu einem exklusiven Live-Event nach Hamburg ein. Erleben Sie, wie modernste Automatisierung, intelligente Software und effiziente Prozesse in der Praxis zusammenspielen \u2013 direkt im neuen Freudenberg Logistikzentrum.<\/p>\n\n\n<p>Lassen Sie sich inspirieren, wie sich Automatisierungsl\u00f6sungen skalieren und in bestehende Abl\u00e4ufe integrieren lassen \u2013 mit spannenden Einblicken, pers\u00f6nlichem Austausch und einem Blick hinter die Kulissen.<\/p>\n\n\n\n<figure class=\"wp-block-image size-large\"><img loading=\"lazy\" decoding=\"async\" width=\"1024\" height=\"139\" src=\"https:\/\/www.elementlogic.net\/content\/uploads\/sites\/17\/2025\/10\/freudenberg_logos-1024x139.png\" alt=\"\" class=\"wp-image-3266\" srcset=\"https:\/\/www.elementlogic.net\/content\/uploads\/sites\/17\/2025\/10\/freudenberg_logos-1024x139.png 1024w, https:\/\/www.elementlogic.net\/content\/uploads\/sites\/17\/2025\/10\/freudenberg_logos-300x41.png 300w, https:\/\/www.elementlogic.net\/content\/uploads\/sites\/17\/2025\/10\/freudenberg_logos-768x105.png 768w, https:\/\/www.elementlogic.net\/content\/uploads\/sites\/17\/2025\/10\/freudenberg_logos.png 1440w\" sizes=\"(max-width: 1024px) 100vw, 1024px\" \/><\/figure>\n\n\n\n\t\t<div class=\"t2-factbox wp-block-t2-factbox\" id=\"t2-factbox\">\n\t\t\t<div class=\"t2-factbox__content\">\n\t\t\t\t<div class=\"t2-factbox__blocks t2-factbox__inner-container\">\n\t\t\t\t\t\n\n<h4 class=\"wp-block-heading\" id=\"h-eventdetails\">Eventdetails<\/h4>\n\n\n\n<p><strong>Ort:<\/strong> Freudenberg Logistikzentrum, Viktoriaring 25, 22143 Hamburg<br><strong>Datum:<\/strong> Donnerstag, 20. November 2025<br><strong>Zeit:<\/strong> 13:30 \u2013 16:30 Uhr<\/p>\n\n\n\t\t\t\t<\/div>\n\t\t\t\t\n\t\t\t<\/div>\n\t\t\t\n\t\t<\/div>\n\n\n<figure class=\"wp-block-image size-large\"><img loading=\"lazy\" decoding=\"async\" width=\"1024\" height=\"576\" src=\"https:\/\/www.elementlogic.net\/content\/uploads\/sites\/17\/2025\/10\/freudenberg_image_new-1024x576.jpg\" alt=\"\" class=\"wp-image-3275\" srcset=\"https:\/\/www.elementlogic.net\/content\/uploads\/sites\/17\/2025\/10\/freudenberg_image_new-1024x576.jpg 1024w, https:\/\/www.elementlogic.net\/content\/uploads\/sites\/17\/2025\/10\/freudenberg_image_new-300x169.jpg 300w, https:\/\/www.elementlogic.net\/content\/uploads\/sites\/17\/2025\/10\/freudenberg_image_new-768x432.jpg 768w, https:\/\/www.elementlogic.net\/content\/uploads\/sites\/17\/2025\/10\/freudenberg_image_new-1536x864.jpg 1536w, https:\/\/www.elementlogic.net\/content\/uploads\/sites\/17\/2025\/10\/freudenberg_image_new.jpg 1920w\" sizes=\"(max-width: 1024px) 100vw, 1024px\" \/><\/figure>\n\n\n\n<h3 class=\"wp-block-heading\" id=\"agenda\"><strong>Agenda<\/strong><\/h3>\n\n\n\n<ul class=\"wp-block-list\">\n<li><strong>13:30 \u2013 14:15 Uhr<\/strong><br>Vorstellung Element Logic &amp; Freudenberg<\/li>\n\n\n\n<li><strong>14:15 \u2013 15:45 Uhr<\/strong><br>Gef\u00fchrte Besichtigung des neuen Logistikzentrums<\/li>\n\n\n\n<li><strong>15:45 \u2013 16:30 Uhr<\/strong><br>Q&amp;A \u2013 Austausch &amp; Kaffee<\/li>\n<\/ul>\n\n\n\n<p><strong>Wir freuen uns auf einen inspirierenden Nachmittag und spannende Gespr\u00e4che vor Ort.<\/strong><\/p>\n\n\n\n<div style=\"height:100px\" aria-hidden=\"true\" class=\"wp-block-spacer\"><\/div>\n\n\n\n\t\t<div class=\"wp-block-dekode-simple-cta\">\n\t\t\t<div class=\"dekode-simple-cta__inner\">\n\n<h3 class=\"wp-block-heading\" id=\"mochten-sie-mehr-daruber-erfahren-wie-element-logic-die-leistung-ihres-lagers-optimieren-kann\">M\u00f6chten Sie mehr dar\u00fcber erfahren, wie Element Logic die Leistung Ihres Lagers optimieren kann?<\/h3>\n\n\n\n<div class=\"wp-block-buttons is-layout-flex wp-block-buttons-is-layout-flex\">\n<div class=\"wp-block-button has-icon has-icon-theme_arrow\"><a class=\"wp-block-button__link wp-element-button\" href=\"https:\/\/www.elementlogic.net\/de\/kontaktieren-sie-uns\/\">Kontaktieren Sie uns<svg xmlns=\"http:\/\/www.w3.org\/2000\/svg\" viewBox=\"0 0 24 24\" height=\"24\" width=\"24\" class=\"t2-icon t2-icon-theme_arrow\" aria-hidden=\"true\" focusable=\"false\"><path d=\"M16.627 12.75H5.25C5.03717 12.75 4.859 12.6782 4.7155 12.5345C4.57183 12.391 4.5 12.2128 4.5 12C4.5 11.7872 4.57183 11.609 4.7155 11.4655C4.859 11.3218 5.03717 11.25 5.25 11.25H16.627L11.4577 6.08076C11.3091 5.93209 11.2357 5.75809 11.2375 5.55876C11.2395 5.35942 11.318 5.18217 11.473 5.02701C11.6282 4.88217 11.8038 4.80717 12 4.80201C12.1962 4.79684 12.3718 4.87184 12.527 5.02701L18.8673 11.3673C18.9609 11.4609 19.0269 11.5597 19.0652 11.6635C19.1037 11.7673 19.123 11.8795 19.123 12C19.123 12.1205 19.1037 12.2327 19.0652 12.3365C19.0269 12.4403 18.9609 12.5391 18.8673 12.6328L12.527 18.973C12.3885 19.1115 12.217 19.1823 12.0125 19.1855C11.808 19.1887 11.6282 19.1178 11.473 18.973C11.318 18.8178 11.2405 18.6397 11.2405 18.4385C11.2405 18.2372 11.318 18.0589 11.473 17.9038L16.627 12.75Z\" fill=\"var(--t2-icon-fill, #000)\"\/><\/svg><\/a><\/div>\n<\/div>\n\n<\/div>\n\t\t<\/div>","protected":false},"excerpt":{"rendered":"<p>Lassen Sie sich inspirieren, wie sich Automatisierungsl\u00f6sungen skalieren und in bestehende Abl\u00e4ufe integrieren lassen \u2013 mit spannenden Einblicken, pers\u00f6nlichem Austausch [&hellip;]<\/p>\n","protected":false},"author":26,"featured_media":3275,"parent":0,"menu_order":0,"comment_status":"closed","ping_status":"closed","template":"","meta":{"hreflang_relation":0,"_el_cross_publish_source_blog_url":"","_el_cross_publish_source_blog_id":0,"_el_cross_publish_source_post_id":0,"_el_cross_publish_sync_state":"","exclude_from_search":false,"footnotes":""},"class_list":["post-3259","page","type-page","status-publish","has-post-thumbnail","hentry"],"yoast_head":"<!-- This site is optimized with the Yoast SEO Premium plugin v23.9 (Yoast SEO v23.9) - https:\/\/yoast.com\/wordpress\/plugins\/seo\/ -->\n<title>Zukunft der Intralogistik hautnah erleben<\/title>\n<meta name=\"description\" content=\"Gemeinsam mit unserem Partner Freudenberg l\u00e4dt Element Logic zu einem exklusiven Live-Event nach Hamburg ein. Erleben Sie, wie modernste Automatisierung, intelligente Software und effiziente Prozesse in der Praxis zusammenspielen \u2013 direkt im neuen Freudenberg Logistikzentrum.\" \/>\n<meta name=\"robots\" content=\"index, follow, max-snippet:-1, max-image-preview:large, max-video-preview:-1\" \/>\n<link rel=\"canonical\" href=\"https:\/\/www.elementlogic.net\/de\/element-logic-bei-freudenberg-logistikzentrum\/\" \/>\n<meta property=\"og:locale\" content=\"de_DE\" \/>\n<meta property=\"og:type\" content=\"article\" \/>\n<meta property=\"og:title\" content=\"Zukunft der Intralogistik hautnah erleben\" \/>\n<meta property=\"og:description\" content=\"Gemeinsam mit unserem Partner Freudenberg l\u00e4dt Element Logic zu einem exklusiven Live-Event nach Hamburg ein. Erleben Sie, wie modernste Automatisierung, intelligente Software und effiziente Prozesse in der Praxis zusammenspielen \u2013 direkt im neuen Freudenberg Logistikzentrum.\" \/>\n<meta property=\"og:url\" content=\"https:\/\/www.elementlogic.net\/de\/element-logic-bei-freudenberg-logistikzentrum\/\" \/>\n<meta property=\"og:site_name\" content=\"Element Logic Deutschland\" \/>\n<meta property=\"article:modified_time\" content=\"2025-11-20T09:12:07+00:00\" \/>\n<meta property=\"og:image\" content=\"https:\/\/www.elementlogic.net\/content\/uploads\/sites\/17\/2025\/10\/freudenberg_image_new.jpg\" \/>\n\t<meta property=\"og:image:width\" content=\"1920\" \/>\n\t<meta property=\"og:image:height\" content=\"1080\" \/>\n\t<meta property=\"og:image:type\" content=\"image\/jpeg\" \/>\n<meta name=\"twitter:card\" content=\"summary_large_image\" \/>\n<meta name=\"twitter:title\" content=\"Ihre Vision. Unsere Verantwortung.\" \/>\n<meta name=\"twitter:description\" content=\"Kein Lager ist wie das andere. Deshalb entwickeln wir jede Anlage so, dass sie perfekt auf die Anforderungen, Prozesse und Wachstumspl\u00e4ne unserer Kunden abgestimmt ist. Unser Ansatz beginnt mit einer gr\u00fcndlichen Analyse und f\u00fchrt \u00fcber individuelle Planung und Simulationen bis hin zur Realisierung einer L\u00f6sung, die maximale Effizienz bei minimalen Kosten garantiert.\" \/>\n<meta name=\"twitter:label1\" content=\"Gesch\u00e4tzte Lesezeit\" \/>\n\t<meta name=\"twitter:data1\" content=\"2\u00a0Minuten\" \/>\n<script type=\"application\/ld+json\" class=\"yoast-schema-graph\">{\"@context\":\"https:\/\/schema.org\",\"@graph\":[{\"@type\":\"WebPage\",\"@id\":\"https:\/\/www.elementlogic.net\/de\/element-logic-bei-freudenberg-logistikzentrum\/\",\"url\":\"https:\/\/www.elementlogic.net\/de\/element-logic-bei-freudenberg-logistikzentrum\/\",\"name\":\"Zukunft der Intralogistik hautnah erleben\",\"isPartOf\":{\"@id\":\"https:\/\/www.elementlogic.net\/de\/#website\"},\"primaryImageOfPage\":{\"@id\":\"https:\/\/www.elementlogic.net\/de\/element-logic-bei-freudenberg-logistikzentrum\/#primaryimage\"},\"image\":{\"@id\":\"https:\/\/www.elementlogic.net\/de\/element-logic-bei-freudenberg-logistikzentrum\/#primaryimage\"},\"thumbnailUrl\":\"https:\/\/www.elementlogic.net\/content\/uploads\/sites\/17\/2025\/10\/freudenberg_image_new.jpg\",\"datePublished\":\"2025-10-29T10:20:15+00:00\",\"dateModified\":\"2025-11-20T09:12:07+00:00\",\"description\":\"Gemeinsam mit unserem Partner Freudenberg l\u00e4dt Element Logic zu einem exklusiven Live-Event nach Hamburg ein. Erleben Sie, wie modernste Automatisierung, intelligente Software und effiziente Prozesse in der Praxis zusammenspielen \u2013 direkt im neuen Freudenberg Logistikzentrum.\",\"inLanguage\":\"de\",\"potentialAction\":[{\"@type\":\"ReadAction\",\"target\":[\"https:\/\/www.elementlogic.net\/de\/element-logic-bei-freudenberg-logistikzentrum\/\"]}]},{\"@type\":\"ImageObject\",\"inLanguage\":\"de\",\"@id\":\"https:\/\/www.elementlogic.net\/de\/element-logic-bei-freudenberg-logistikzentrum\/#primaryimage\",\"url\":\"https:\/\/www.elementlogic.net\/content\/uploads\/sites\/17\/2025\/10\/freudenberg_image_new.jpg\",\"contentUrl\":\"https:\/\/www.elementlogic.net\/content\/uploads\/sites\/17\/2025\/10\/freudenberg_image_new.jpg\",\"width\":1920,\"height\":1080},{\"@type\":\"WebSite\",\"@id\":\"https:\/\/www.elementlogic.net\/de\/#website\",\"url\":\"https:\/\/www.elementlogic.net\/de\/\",\"name\":\"Element Logic Deutschland\",\"description\":\"Optimizing Warehouse Performance\",\"potentialAction\":[{\"@type\":\"SearchAction\",\"target\":{\"@type\":\"EntryPoint\",\"urlTemplate\":\"https:\/\/www.elementlogic.net\/de\/?s={search_term_string}\"},\"query-input\":{\"@type\":\"PropertyValueSpecification\",\"valueRequired\":true,\"valueName\":\"search_term_string\"}}],\"inLanguage\":\"de\"}]}<\/script>\n<!-- \/ Yoast SEO Premium plugin. -->","yoast_head_json":{"title":"Zukunft der Intralogistik hautnah erleben","description":"Gemeinsam mit unserem Partner Freudenberg l\u00e4dt Element Logic zu einem exklusiven Live-Event nach Hamburg ein. Erleben Sie, wie modernste Automatisierung, intelligente Software und effiziente Prozesse in der Praxis zusammenspielen \u2013 direkt im neuen Freudenberg Logistikzentrum.","robots":{"index":"index","follow":"follow","max-snippet":"max-snippet:-1","max-image-preview":"max-image-preview:large","max-video-preview":"max-video-preview:-1"},"canonical":"https:\/\/www.elementlogic.net\/de\/element-logic-bei-freudenberg-logistikzentrum\/","og_locale":"de_DE","og_type":"article","og_title":"Zukunft der Intralogistik hautnah erleben","og_description":"Gemeinsam mit unserem Partner Freudenberg l\u00e4dt Element Logic zu einem exklusiven Live-Event nach Hamburg ein. Erleben Sie, wie modernste Automatisierung, intelligente Software und effiziente Prozesse in der Praxis zusammenspielen \u2013 direkt im neuen Freudenberg Logistikzentrum.","og_url":"https:\/\/www.elementlogic.net\/de\/element-logic-bei-freudenberg-logistikzentrum\/","og_site_name":"Element Logic Deutschland","article_modified_time":"2025-11-20T09:12:07+00:00","og_image":[{"width":1920,"height":1080,"url":"https:\/\/www.elementlogic.net\/content\/uploads\/sites\/17\/2025\/10\/freudenberg_image_new.jpg","type":"image\/jpeg"}],"twitter_card":"summary_large_image","twitter_title":"Ihre Vision. Unsere Verantwortung.","twitter_description":"Kein Lager ist wie das andere. Deshalb entwickeln wir jede Anlage so, dass sie perfekt auf die Anforderungen, Prozesse und Wachstumspl\u00e4ne unserer Kunden abgestimmt ist. Unser Ansatz beginnt mit einer gr\u00fcndlichen Analyse und f\u00fchrt \u00fcber individuelle Planung und Simulationen bis hin zur Realisierung einer L\u00f6sung, die maximale Effizienz bei minimalen Kosten garantiert.","twitter_misc":{"Gesch\u00e4tzte Lesezeit":"2\u00a0Minuten"},"schema":{"@context":"https:\/\/schema.org","@graph":[{"@type":"WebPage","@id":"https:\/\/www.elementlogic.net\/de\/element-logic-bei-freudenberg-logistikzentrum\/","url":"https:\/\/www.elementlogic.net\/de\/element-logic-bei-freudenberg-logistikzentrum\/","name":"Zukunft der Intralogistik hautnah erleben","isPartOf":{"@id":"https:\/\/www.elementlogic.net\/de\/#website"},"primaryImageOfPage":{"@id":"https:\/\/www.elementlogic.net\/de\/element-logic-bei-freudenberg-logistikzentrum\/#primaryimage"},"image":{"@id":"https:\/\/www.elementlogic.net\/de\/element-logic-bei-freudenberg-logistikzentrum\/#primaryimage"},"thumbnailUrl":"https:\/\/www.elementlogic.net\/content\/uploads\/sites\/17\/2025\/10\/freudenberg_image_new.jpg","datePublished":"2025-10-29T10:20:15+00:00","dateModified":"2025-11-20T09:12:07+00:00","description":"Gemeinsam mit unserem Partner Freudenberg l\u00e4dt Element Logic zu einem exklusiven Live-Event nach Hamburg ein. Erleben Sie, wie modernste Automatisierung, intelligente Software und effiziente Prozesse in der Praxis zusammenspielen \u2013 direkt im neuen Freudenberg Logistikzentrum.","inLanguage":"de","potentialAction":[{"@type":"ReadAction","target":["https:\/\/www.elementlogic.net\/de\/element-logic-bei-freudenberg-logistikzentrum\/"]}]},{"@type":"ImageObject","inLanguage":"de","@id":"https:\/\/www.elementlogic.net\/de\/element-logic-bei-freudenberg-logistikzentrum\/#primaryimage","url":"https:\/\/www.elementlogic.net\/content\/uploads\/sites\/17\/2025\/10\/freudenberg_image_new.jpg","contentUrl":"https:\/\/www.elementlogic.net\/content\/uploads\/sites\/17\/2025\/10\/freudenberg_image_new.jpg","width":1920,"height":1080},{"@type":"WebSite","@id":"https:\/\/www.elementlogic.net\/de\/#website","url":"https:\/\/www.elementlogic.net\/de\/","name":"Element Logic Deutschland","description":"Optimizing Warehouse Performance","potentialAction":[{"@type":"SearchAction","target":{"@type":"EntryPoint","urlTemplate":"https:\/\/www.elementlogic.net\/de\/?s={search_term_string}"},"query-input":{"@type":"PropertyValueSpecification","valueRequired":true,"valueName":"search_term_string"}}],"inLanguage":"de"}]}},"_links":{"self":[{"href":"https:\/\/www.elementlogic.net\/de\/wp-json\/wp\/v2\/pages\/3259"}],"collection":[{"href":"https:\/\/www.elementlogic.net\/de\/wp-json\/wp\/v2\/pages"}],"about":[{"href":"https:\/\/www.elementlogic.net\/de\/wp-json\/wp\/v2\/types\/page"}],"author":[{"embeddable":true,"href":"https:\/\/www.elementlogic.net\/de\/wp-json\/wp\/v2\/users\/26"}],"replies":[{"embeddable":true,"href":"https:\/\/www.elementlogic.net\/de\/wp-json\/wp\/v2\/comments?post=3259"}],"version-history":[{"count":4,"href":"https:\/\/www.elementlogic.net\/de\/wp-json\/wp\/v2\/pages\/3259\/revisions"}],"predecessor-version":[{"id":3351,"href":"https:\/\/www.elementlogic.net\/de\/wp-json\/wp\/v2\/pages\/3259\/revisions\/3351"}],"wp:featuredmedia":[{"embeddable":true,"href":"https:\/\/www.elementlogic.net\/de\/wp-json\/wp\/v2\/media\/3275"}],"wp:attachment":[{"href":"https:\/\/www.elementlogic.net\/de\/wp-json\/wp\/v2\/media?parent=3259"}],"curies":[{"name":"wp","href":"https:\/\/api.w.org\/{rel}","templated":true}]}}