{"id":42,"date":"2024-09-14T12:41:27","date_gmt":"2024-09-14T10:41:27","guid":{"rendered":"https:\/\/www.elementlogic.net\/?page_id=2673"},"modified":"2024-10-28T13:42:12","modified_gmt":"2024-10-28T12:42:12","slug":"cookie-richtlinie","status":"publish","type":"page","link":"https:\/\/www.elementlogic.net\/de\/cookie-richtlinie\/","title":{"rendered":"Cookie Richtlinie"},"content":{"rendered":"<p class=\"t2-ingress wp-block-t2-ingress\">Diese Cookie-Richtlinie beschreibt, wie Element Logic Cookies auf seiner Website (https:\/\/www.elementlogic.de) verwendet.<\/p>\n\n\n<div class=\"wp-block-buttons is-layout-flex wp-block-buttons-is-layout-flex\">\n<div class=\"wp-block-button has-icon has-icon-theme_arrow\"><a class=\"wp-block-button__link wp-element-button\" href=\"#cookies\">Bearbeiten Sie Ihre Cookie-Einstellungen<svg xmlns=\"http:\/\/www.w3.org\/2000\/svg\" viewBox=\"0 0 24 24\" height=\"24\" width=\"24\" class=\"t2-icon t2-icon-theme_arrow\" aria-hidden=\"true\" focusable=\"false\"><path d=\"M16.627 12.75H5.25C5.03717 12.75 4.859 12.6782 4.7155 12.5345C4.57183 12.391 4.5 12.2128 4.5 12C4.5 11.7872 4.57183 11.609 4.7155 11.4655C4.859 11.3218 5.03717 11.25 5.25 11.25H16.627L11.4577 6.08076C11.3091 5.93209 11.2357 5.75809 11.2375 5.55876C11.2395 5.35942 11.318 5.18217 11.473 5.02701C11.6282 4.88217 11.8038 4.80717 12 4.80201C12.1962 4.79684 12.3718 4.87184 12.527 5.02701L18.8673 11.3673C18.9609 11.4609 19.0269 11.5597 19.0652 11.6635C19.1037 11.7673 19.123 11.8795 19.123 12C19.123 12.1205 19.1037 12.2327 19.0652 12.3365C19.0269 12.4403 18.9609 12.5391 18.8673 12.6328L12.527 18.973C12.3885 19.1115 12.217 19.1823 12.0125 19.1855C11.808 19.1887 11.6282 19.1178 11.473 18.973C11.318 18.8178 11.2405 18.6397 11.2405 18.4385C11.2405 18.2372 11.318 18.0589 11.473 17.9038L16.627 12.75Z\" fill=\"var(--t2-icon-fill, #000)\"\/><\/svg><\/a><\/div>\n<\/div>\n\n\n\n<p>Cookies sind kleine Textdateien, die von besuchten Websites auf Ihrem Computer abgelegt werden. Sie werden h\u00e4ufig verwendet, um Websites funktionsf\u00e4hig oder effizienter zu machen und um den Eigent\u00fcmern der Website Informationen zur Verf\u00fcgung zu stellen. Auch Element Logic verwendet Cookies, und zwar f\u00fcr drei Hauptzwecke:<\/p>\n\n\n\n<ul class=\"wp-block-list\">\n<li>Performance-Cookies sammeln Informationen dar\u00fcber, wie Besucher unsere Website nutzen, so dass Element Logic wei\u00df, wie die Website die gew\u00fcnschten Ziele erreicht. Element Logic verwendet diese Cookies, um die Funktionsweise der Website zu verbessern. Alle Informationen, die diese Cookies sammeln, sind anonym.<\/li>\n<\/ul>\n\n\n\n<ul class=\"wp-block-list\">\n<li>Werbe-Cookies liefern Informationen \u00fcber das Verhalten unserer Besucher im Internet. Die von Google AdWords bereitgestellten Werbe-Cookies dienen dazu, Besucher, die aufgrund ihres Online-Verhaltens auf verschiedenen Websites wahrscheinlich zu Kunden werden, erneut anzusprechen. Die von Microsoft Dynamics 365 bereitgestellten Werbe-Cookies dienen der Verteilung von interessenbasierten Inhalten an aktuelle und potenzielle Kunden.<\/li>\n<\/ul>\n\n\n\n<ul class=\"wp-block-list\">\n<li>Funktions-Cookies werden auf unserer Website verwendet, um sich an Ihre oben genannten Entscheidungen zu erinnern und Ihre Erlebnisse beim Surfen auf der Website zu verbessern. Diese Informationen werden nicht f\u00fcr andere Zwecke verwendet.<\/li>\n<\/ul>\n\n\n\n<p>Wenn Sie zustimmen, installieren wir nur die Cookies, die diesen Zwecken dienen. Eine detaillierte Beschreibung der von uns verwendeten Cookies finden Sie in der nachstehenden Tabelle. Sie k\u00f6nnen Ihre Zustimmung jederzeit auf&nbsp;<a href=\"https:\/\/www.elementlogic.de\/cookie-richtlinie\/#cookies\">dieser Seite<\/a>&nbsp;\u00e4ndern oder widerrufen.<\/p>\n\n\n\n<p>Einige der unten beschriebenen Cookies erfassen personenbezogene Daten. \u00dcber Ihre Rechte als betroffene Person informieren Sie sich bitte in unserer&nbsp;<a href=\"https:\/\/www.elementlogic.de\/datenschutzbestimmungen\/\">Datenschutzbestimmungen<\/a>.<\/p>\n\n\n\n<p>Die meisten Webbrowser erlauben Ihnen auch eine gewisse Kontrolle \u00fcber die Einstellungen der meisten Cookies. Um mehr \u00fcber Cookies zu erfahren, einschlie\u00dflich der Frage, wie Sie sehen k\u00f6nnen, welche Cookies gesetzt wurden, besuchen Sie\u00a0<a href=\"http:\/\/www.aboutcookies.org\/\" target=\"_blank\" rel=\"noreferrer noopener\">www.aboutcookies.org<\/a>\u00a0oder\u00a0<a href=\"http:\/\/www.allaboutcookies.org\/\" target=\"_blank\" rel=\"noreferrer noopener\">www.allaboutcookies.org<\/a>. Um Cookies abzulehnen, k\u00f6nnen Sie auch\u00a0<a href=\"http:\/\/www.aboutads.info\/choices\" target=\"_blank\" rel=\"noreferrer noopener\">www.aboutads.info\/choices<\/a>\u00a0und\u00a0<a href=\"http:\/\/www.youronlinechoices.eu\/\" target=\"_blank\" rel=\"noreferrer noopener\">www.youronlinechoices.eu<\/a>\u00a0besuchen.<\/p>\n\n\n\n<p><strong><strong>GOOGLE ANALYTICS<\/strong><\/strong><\/p>\n\n\n\n<p><span style=\"background-color: var(--wp--preset--color--white);font-family: var(--wp--preset--font-family--primary)\">Auf dieser Website (<\/span><a style=\"background-color: transparent;font-family: var(--wp--preset--font-family--primary)\" href=\"https:\/\/www.elementlogic.de\/\">https:\/\/www.elementlogic.net\/de\/<\/a><span style=\"background-color: var(--wp--preset--color--white);font-family: var(--wp--preset--font-family--primary)\">) verwenden wir Google Analytics. Dieser Dienst verwendet Cookies, um technische Informationen \u00fcber Ihr Ger\u00e4t und Ihre Interaktion mit unserer Website (Sitzungsdaten) zu sammeln, zu speichern und zu nutzen.<\/span>\u00a0<\/p>\n\n\n\n<p>Wir verarbeiten Ihre pers\u00f6nlichen Daten, die durch die Cookies von Google Analytics gesammelt werden, um die Website von Element Logic zu konzipieren, zu optimieren, zu bewerten, zu erweitern und zu verbessern. Google Analytics stellt uns einen Webanalysedienst zur Verf\u00fcgung und erstellt pseudonymisierte Nutzungsprofile.<\/p>\n\n\n\n<p><strong>GOOGLE MAPS<br><\/strong>Diese Website (<a href=\"https:\/\/www.elementlogic.net\/de\/\">https:\/\/www.elementlogic.net\/de\/<\/a>) verwendet Google Maps. Der Dienst verwendet Cookies, um technische Informationen \u00fcber Ihre Interaktion mit unserer Website zu sammeln, zu speichern und zu nutzen (Sitzungsdaten).<\/p>\n\n\n\n<p>Es handelt sich um eine interaktive Karte, mit der Sie unseren Standort darstellen k\u00f6nnen. Wir verarbeiten Ihre personenbezogenen Daten, um Ihnen eine interaktive Karte zur Verf\u00fcgung zu stellen, die Ihnen unseren Standort anzeigt.<\/p>\n\n\n\n<p>Wenn Sie der Verwendung von Google Maps zustimmen, wird die Karte auf unserer Website angezeigt. Ihre IP-Adresse und die Information, dass Sie unsere Website besucht haben, werden an Google \u00fcbermittelt. Google wird diese Informationen auf seinen eigenen Servern speichern.<\/p>\n\n\n\n<p><strong>YOUTUBE<br><\/strong>Diese Website (<a href=\"https:\/\/www.elementlogic.net\/de\/\">https:\/\/www.elementlogic.net\/de\/<\/a>) nutzt YouTube. Der Dienst verwendet Cookies, um technische Informationen \u00fcber Ihre Interaktion mit unserer Website (Sitzungsdaten) zu sammeln, zu speichern und zu nutzen.<\/p>\n\n\n\n<p>Wir verwenden YouTube in seinem erweiterten Datenschutzmodus, um Ihnen Videos anzuzeigen. Wir verarbeiten Ihre personenbezogenen Daten, um Ihnen Videos aus unserem YouTube-Kanal zu zeigen.<\/p>\n\n\n\n<p>Der erweiterte Datenschutzmodus bedeutet, dass YouTube Ihre IP-Adresse, das Datum und die Uhrzeit der Anzeige des Videos sowie die Information, dass Sie unsere Website besucht haben, erh\u00e4lt. Diese Daten werden nur dann an den YouTube-Server \u00fcbermittelt, wenn Sie ein Video starten.<\/p>\n\n\n\n<p><strong>MICROSOFT CLARITY<br><\/strong>Diese Website (<a href=\"https:\/\/www.elementlogic.net\/de\/\">https:\/\/www.elementlogic.net\/de\/<\/a>) nutzt den von Microsoft bereitgestellten Dienst Clarity. Clarity ist ein Tool zur Verhaltensanalyse, das uns hilft zu verstehen, wie Nutzer mit unserer Website interagieren. Der Dienst verarbeitet Sitzungsdaten und Informationen \u00fcber die Darstellung der Seite sowie Benutzerinteraktionen wie Mausbewegungen, Klicks und Scrollvorg\u00e4nge.<\/p>\n\n\n\n<p>Bitte beachten Sie, dass Microsoft personenbezogene Daten von Ihnen sammelt oder erh\u00e4lt, um Microsoft-Werbung bereitzustellen, wenn Sie Ihre Zustimmung erteilen.&nbsp; Weitere Informationen finden Sie in den Datenschutzerkl\u00e4rungen von Microsoft:&nbsp;<a href=\"https:\/\/privacy.microsoft.com\/en-us\/privacystatement\" target=\"_blank\" rel=\"noreferrer noopener\">https:\/\/privacy.microsoft.com\/en-us\/privacystatement<\/a>.<\/p>\n\n\n\n<p><strong>GOOGLE ADWORDS<br><\/strong>Diese Website (<a href=\"https:\/\/www.elementlogic.net\/de\/\">https:\/\/www.elementlogic.net\/de\/<\/a>) nutzt den Dienst Google AdWords. Wir nutzen diesen Dienst, um gezielte Werbung f\u00fcr Googles Dienste und Websites Dritter zu schalten.<\/p>\n\n\n\n<p>Weitere Informationen dar\u00fcber, wie Google die Informationen nutzt, finden Sie hier: <a href=\"https:\/\/policies.google.com\/technologies\/partner-sites\">https:\/\/policies.google.com\/technologies\/partner-sites<\/a>.<\/p>\n\n\n\n<p><strong>FACEBOOK-PIXEL<br><\/strong>Diese Website (<a href=\"https:\/\/www.elementlogic.net\/de\/\">https:\/\/www.elementlogic.net\/de\/<\/a>) hat den Dienst Facebook-Pixel eingebettet. Ein Facebook-Pixel ist ein Plug-in, das sich auf unserer Website befindet und Informationen f\u00fcr Meta sammelt. Das Pixel sammelt Informationen von den Cookies in Ihrem Browser und sendet sie zur\u00fcck an Facebook, wo die Informationen mit Daten aus Ihrem Facebook-Profil kombiniert werden. Die gesammelten Informationen k\u00f6nnen sich auf Ihr Nutzerverhalten (demografische Daten wie Alter, Geschlecht, Interessen) oder auf von Ihnen durchgef\u00fchrte Aktionen wie das Anklicken von Links beziehen. Die Informationen sind nur auf einer anonymisierten und aggregierten Ebene verf\u00fcgbar. Die Informationen werden zu Analysezwecken, f\u00fcr gezielte Werbung auf der Grundlage deines Nutzerverhaltens (Remarketing) und zur Identifizierung von Zielgruppen f\u00fcr Werbung verwendet, die ein \u00e4hnliches Profil wie du haben und daher die M\u00f6glichkeit haben, ein \u00e4hnliches Handlungsmuster oder Bed\u00fcrfnis zu haben.<\/p>\n\n\n\n<p><strong>LINKEDIN INSIGHTS<br><\/strong>Diese Website (<a href=\"https:\/\/www.elementlogic.net\/de\/\">https:\/\/www.elementlogic.net\/de\/<\/a>) hat den Dienst LinkedIn Insight eingebunden. Das LinkedIn Insight Tag erm\u00f6glicht es Element Logic, Daten \u00fcber die Besuche von LinkedIn-Mitgliedern auf unserer Website zu sammeln, einschlie\u00dflich URL, Referrer, IP-Adresse, Ger\u00e4te- und Browsereigenschaften (User Agent) und Zeitstempel. Die Informationen werden verwendet, um auf der Grundlage der erfassten Daten gezielte Werbung zu senden. Die IP-Adressen werden gek\u00fcrzt oder gehasht (wenn sie verwendet werden, um Mitglieder ger\u00e4te\u00fcbergreifend zu erreichen), und die direkten Identifikatoren der Mitglieder werden innerhalb von sieben Tagen entfernt, um die Daten zu pseudonymisieren. Diese verbleibenden, pseudonymisierten Daten werden dann innerhalb von 180 Tagen gel\u00f6scht.<\/p>\n","protected":false},"excerpt":{"rendered":"<p>Cookies sind kleine Textdateien, die von besuchten Websites auf Ihrem Computer abgelegt werden. Sie werden h\u00e4ufig verwendet, um Websites funktionsf\u00e4hig [&hellip;]<\/p>\n","protected":false},"author":3,"featured_media":0,"parent":0,"menu_order":0,"comment_status":"closed","ping_status":"closed","template":"","meta":{"hreflang_relation":0,"_el_cross_publish_source_blog_url":"","_el_cross_publish_source_blog_id":0,"_el_cross_publish_source_post_id":0,"_el_cross_publish_sync_state":"","exclude_from_search":false,"footnotes":""},"class_list":["post-42","page","type-page","status-publish","hentry"],"yoast_head":"<!-- This site is optimized with the Yoast SEO Premium plugin v23.9 (Yoast SEO v23.9) - https:\/\/yoast.com\/wordpress\/plugins\/seo\/ -->\n<title>Cookie Richtlinie - Element Logic Deutschland<\/title>\n<meta name=\"robots\" content=\"index, follow, max-snippet:-1, max-image-preview:large, max-video-preview:-1\" \/>\n<link rel=\"canonical\" href=\"https:\/\/www.elementlogic.net\/de\/cookie-richtlinie\/\" \/>\n<meta property=\"og:locale\" content=\"de_DE\" \/>\n<meta property=\"og:type\" content=\"article\" \/>\n<meta property=\"og:title\" content=\"Cookie Richtlinie\" \/>\n<meta property=\"og:description\" content=\"Cookies sind kleine Textdateien, die von besuchten Websites auf Ihrem Computer abgelegt werden. Sie werden h\u00e4ufig verwendet, um Websites funktionsf\u00e4hig [&hellip;]\" \/>\n<meta property=\"og:url\" content=\"https:\/\/www.elementlogic.net\/de\/cookie-richtlinie\/\" \/>\n<meta property=\"og:site_name\" content=\"Element Logic Deutschland\" \/>\n<meta property=\"article:modified_time\" content=\"2024-10-28T12:42:12+00:00\" \/>\n<meta name=\"twitter:card\" content=\"summary_large_image\" \/>\n<meta name=\"twitter:label1\" content=\"Gesch\u00e4tzte Lesezeit\" \/>\n\t<meta name=\"twitter:data1\" content=\"4\u00a0Minuten\" \/>\n<script type=\"application\/ld+json\" class=\"yoast-schema-graph\">{\"@context\":\"https:\/\/schema.org\",\"@graph\":[{\"@type\":\"WebPage\",\"@id\":\"https:\/\/www.elementlogic.net\/de\/cookie-richtlinie\/\",\"url\":\"https:\/\/www.elementlogic.net\/de\/cookie-richtlinie\/\",\"name\":\"Cookie Richtlinie - Element Logic Deutschland\",\"isPartOf\":{\"@id\":\"https:\/\/www.elementlogic.net\/de\/#website\"},\"datePublished\":\"2024-09-14T10:41:27+00:00\",\"dateModified\":\"2024-10-28T12:42:12+00:00\",\"inLanguage\":\"de\",\"potentialAction\":[{\"@type\":\"ReadAction\",\"target\":[\"https:\/\/www.elementlogic.net\/de\/cookie-richtlinie\/\"]}]},{\"@type\":\"WebSite\",\"@id\":\"https:\/\/www.elementlogic.net\/de\/#website\",\"url\":\"https:\/\/www.elementlogic.net\/de\/\",\"name\":\"Element Logic Deutschland\",\"description\":\"Optimizing Warehouse Performance\",\"potentialAction\":[{\"@type\":\"SearchAction\",\"target\":{\"@type\":\"EntryPoint\",\"urlTemplate\":\"https:\/\/www.elementlogic.net\/de\/?s={search_term_string}\"},\"query-input\":{\"@type\":\"PropertyValueSpecification\",\"valueRequired\":true,\"valueName\":\"search_term_string\"}}],\"inLanguage\":\"de\"}]}<\/script>\n<!-- \/ Yoast SEO Premium plugin. -->","yoast_head_json":{"title":"Cookie Richtlinie - Element Logic Deutschland","robots":{"index":"index","follow":"follow","max-snippet":"max-snippet:-1","max-image-preview":"max-image-preview:large","max-video-preview":"max-video-preview:-1"},"canonical":"https:\/\/www.elementlogic.net\/de\/cookie-richtlinie\/","og_locale":"de_DE","og_type":"article","og_title":"Cookie Richtlinie","og_description":"Cookies sind kleine Textdateien, die von besuchten Websites auf Ihrem Computer abgelegt werden. Sie werden h\u00e4ufig verwendet, um Websites funktionsf\u00e4hig [&hellip;]","og_url":"https:\/\/www.elementlogic.net\/de\/cookie-richtlinie\/","og_site_name":"Element Logic Deutschland","article_modified_time":"2024-10-28T12:42:12+00:00","twitter_card":"summary_large_image","twitter_misc":{"Gesch\u00e4tzte Lesezeit":"4\u00a0Minuten"},"schema":{"@context":"https:\/\/schema.org","@graph":[{"@type":"WebPage","@id":"https:\/\/www.elementlogic.net\/de\/cookie-richtlinie\/","url":"https:\/\/www.elementlogic.net\/de\/cookie-richtlinie\/","name":"Cookie Richtlinie - Element Logic Deutschland","isPartOf":{"@id":"https:\/\/www.elementlogic.net\/de\/#website"},"datePublished":"2024-09-14T10:41:27+00:00","dateModified":"2024-10-28T12:42:12+00:00","inLanguage":"de","potentialAction":[{"@type":"ReadAction","target":["https:\/\/www.elementlogic.net\/de\/cookie-richtlinie\/"]}]},{"@type":"WebSite","@id":"https:\/\/www.elementlogic.net\/de\/#website","url":"https:\/\/www.elementlogic.net\/de\/","name":"Element Logic Deutschland","description":"Optimizing Warehouse Performance","potentialAction":[{"@type":"SearchAction","target":{"@type":"EntryPoint","urlTemplate":"https:\/\/www.elementlogic.net\/de\/?s={search_term_string}"},"query-input":{"@type":"PropertyValueSpecification","valueRequired":true,"valueName":"search_term_string"}}],"inLanguage":"de"}]}},"_links":{"self":[{"href":"https:\/\/www.elementlogic.net\/de\/wp-json\/wp\/v2\/pages\/42"}],"collection":[{"href":"https:\/\/www.elementlogic.net\/de\/wp-json\/wp\/v2\/pages"}],"about":[{"href":"https:\/\/www.elementlogic.net\/de\/wp-json\/wp\/v2\/types\/page"}],"author":[{"embeddable":true,"href":"https:\/\/www.elementlogic.net\/de\/wp-json\/wp\/v2\/users\/3"}],"replies":[{"embeddable":true,"href":"https:\/\/www.elementlogic.net\/de\/wp-json\/wp\/v2\/comments?post=42"}],"version-history":[{"count":4,"href":"https:\/\/www.elementlogic.net\/de\/wp-json\/wp\/v2\/pages\/42\/revisions"}],"predecessor-version":[{"id":2444,"href":"https:\/\/www.elementlogic.net\/de\/wp-json\/wp\/v2\/pages\/42\/revisions\/2444"}],"wp:attachment":[{"href":"https:\/\/www.elementlogic.net\/de\/wp-json\/wp\/v2\/media?parent=42"}],"curies":[{"name":"wp","href":"https:\/\/api.w.org\/{rel}","templated":true}]}}