{"id":428,"date":"2024-08-22T19:56:51","date_gmt":"2024-08-22T17:56:51","guid":{"rendered":"https:\/\/www.elementlogic.net\/?page_id=284"},"modified":"2025-06-03T10:54:50","modified_gmt":"2025-06-03T08:54:50","slug":"unsere-dna","status":"publish","type":"page","link":"https:\/\/www.elementlogic.net\/de\/ueber-element-logic\/unsere-dna\/","title":{"rendered":"Unsere DNA"},"content":{"rendered":"\n\t\t<div style=\"--dekode-hero-dim:0.5; --t2-icon-fill:var(--wp--preset--color--white); min-height:500px;\" class=\"alignfull dekode-hero-content-position-center has-media-background wp-elements-58afcb7df291652114d7b1d9fcfd92c1 wp-block-dekode-hero has-text-color has-white-color\">\n\t\t\t<img loading=\"lazy\" decoding=\"async\" width=\"1024\" height=\"324\" src=\"https:\/\/www.elementlogic.net\/content\/uploads\/sites\/17\/\/2024\/09\/Bergfreunde-AutoStore-Grid-1024x324.jpg\" class=\"dekode-hero__image\" alt=\"\" style=\"--focalpoint: 50% 50%;\" srcset=\"https:\/\/www.elementlogic.net\/content\/uploads\/sites\/17\/2024\/09\/Bergfreunde-AutoStore-Grid-1024x324.jpg 1024w, https:\/\/www.elementlogic.net\/content\/uploads\/sites\/17\/2024\/09\/Bergfreunde-AutoStore-Grid-300x95.jpg 300w, https:\/\/www.elementlogic.net\/content\/uploads\/sites\/17\/2024\/09\/Bergfreunde-AutoStore-Grid-768x243.jpg 768w, https:\/\/www.elementlogic.net\/content\/uploads\/sites\/17\/2024\/09\/Bergfreunde-AutoStore-Grid-1536x486.jpg 1536w, https:\/\/www.elementlogic.net\/content\/uploads\/sites\/17\/2024\/09\/Bergfreunde-AutoStore-Grid.jpg 1600w\" sizes=\"(max-width: 1024px) 100vw, 1024px\" \/>\n\t\t\t<div class=\"dekode-hero__content\">\n\t\t\t\t<div class=\"dekode-hero__container\">\n\t\t\t\t\t\n\n<h1 class=\"wp-block-heading has-text-align-center\" id=\"die-geschichte-von-element-logic\">Die Geschichte von Element Logic<\/h1>\n\n\n\n<p class=\"has-text-align-center\">Seit Element Logic im Jahre 1985 das Licht der Welt erblickt hat, maximieren wir den Erfolg von Lagerh\u00e4usern rund um den Globus.<\/p>\n\n\n\n<div class=\"wp-block-buttons is-content-justification-left is-layout-flex wp-container-core-buttons-is-layout-1 wp-block-buttons-is-layout-flex\">\n<div class=\"wp-block-button has-icon has-icon-theme_arrow\"><a class=\"wp-block-button__link wp-element-button\" href=\"https:\/\/www.elementlogic.net\/de\/kontaktieren-sie-uns\/\">Kontaktieren Sie uns noch heute<svg xmlns=\"http:\/\/www.w3.org\/2000\/svg\" viewBox=\"0 0 24 24\" height=\"24\" width=\"24\" class=\"t2-icon t2-icon-theme_arrow\" aria-hidden=\"true\" focusable=\"false\"><path d=\"M16.627 12.75H5.25C5.03717 12.75 4.859 12.6782 4.7155 12.5345C4.57183 12.391 4.5 12.2128 4.5 12C4.5 11.7872 4.57183 11.609 4.7155 11.4655C4.859 11.3218 5.03717 11.25 5.25 11.25H16.627L11.4577 6.08076C11.3091 5.93209 11.2357 5.75809 11.2375 5.55876C11.2395 5.35942 11.318 5.18217 11.473 5.02701C11.6282 4.88217 11.8038 4.80717 12 4.80201C12.1962 4.79684 12.3718 4.87184 12.527 5.02701L18.8673 11.3673C18.9609 11.4609 19.0269 11.5597 19.0652 11.6635C19.1037 11.7673 19.123 11.8795 19.123 12C19.123 12.1205 19.1037 12.2327 19.0652 12.3365C19.0269 12.4403 18.9609 12.5391 18.8673 12.6328L12.527 18.973C12.3885 19.1115 12.217 19.1823 12.0125 19.1855C11.808 19.1887 11.6282 19.1178 11.473 18.973C11.318 18.8178 11.2405 18.6397 11.2405 18.4385C11.2405 18.2372 11.318 18.0589 11.473 17.9038L16.627 12.75Z\" fill=\"var(--t2-icon-fill, #000)\"\/><\/svg><\/a><\/div>\n<\/div>\n\n\n\t\t\t\t<\/div>\n\t\t\t<\/div>\n\t\t<\/div>\n\t\t\n\n\n<figure class=\"wp-block-embed alignwide is-type-video is-provider-youtube wp-block-embed-youtube wp-embed-aspect-16-9 wp-has-aspect-ratio\"><div class=\"wp-block-embed__wrapper\">\n<iframe loading=\"lazy\" title=\"We are Element Logic | World`s first AutoStore partner | EN\" width=\"500\" height=\"281\" src=\"https:\/\/www.youtube.com\/embed\/8p_4EE-z5hA?feature=oembed\" frameborder=\"0\" allow=\"accelerometer; autoplay; clipboard-write; encrypted-media; gyroscope; picture-in-picture; web-share\" referrerpolicy=\"strict-origin-when-cross-origin\" allowfullscreen><\/iframe>\n<\/div><\/figure>\n\n\n\n<h2 class=\"wp-block-heading\" id=\"optimierung-im-fokus-seit-tag-eins\">Optimierung im Fokus seit Tag eins<\/h2>\n\n\n\n<p>Seit der Gr\u00fcndung von Element Logic im Jahr 1985 ist es unser Ziel, die Leistung von Lagern zu optimieren. Unsere ersten automatisierten Produkte waren vertikale Umlaufregale und innerhalb eines Jahrzehnts wurde Element Logic zum Marktf\u00fchrer in Skandinavien. Der Schl\u00fcssel zu unserem Erfolg ist damals wie heute: ein engagiertes Team, das stolz darauf ist die Bed\u00fcrfnisse ihrer Kunden zu verstehen und das Potenzial neuer Technologien zu erkennen.\u202f\u202f\u202f<\/p>\n\n\n\n<p>Am Anfang haben war die Grundlage zur Entwicklung unserer Software eine Stoppuhr und das Z\u00e4hlen der Schritte von Lagerarbeitern. Nat\u00fcrlich haben sich unsere Methoden weiterentwickelt und dennoch ist der Kern unseres Produktes derselbe geblieben: eine intelligente Technologie zur automatisierten Kommissionierung, erg\u00e4nzt durch unsere eigene Software zur Verbesserung der Arbeitsabl\u00e4ufe im Lager.\u202f<\/p>\n\n\n\n<figure class=\"wp-block-image size-large\"><img loading=\"lazy\" decoding=\"async\" width=\"1024\" height=\"489\" src=\"https:\/\/www.elementlogic.net\/content\/uploads\/sites\/17\/\/2024\/09\/Element_history1-1024x489.jpg\" alt=\"\" class=\"wp-image-722\" srcset=\"https:\/\/www.elementlogic.net\/content\/uploads\/sites\/17\/2024\/09\/Element_history1-1024x489.jpg 1024w, https:\/\/www.elementlogic.net\/content\/uploads\/sites\/17\/2024\/09\/Element_history1-300x143.jpg 300w, https:\/\/www.elementlogic.net\/content\/uploads\/sites\/17\/2024\/09\/Element_history1-768x367.jpg 768w, https:\/\/www.elementlogic.net\/content\/uploads\/sites\/17\/2024\/09\/Element_history1.jpg 1500w\" sizes=\"(max-width: 1024px) 100vw, 1024px\" \/><\/figure>\n\n\n\n<h2 class=\"wp-block-heading\" id=\"der-erste-autostore-partner\">Der erste AutoStore-Partner<\/h2>\n\n\n\n<p>Im Jahr 2003 trafen sich der Erfinder der AutoStore-Roboter, Ingvar Hognaland, und der Gr\u00fcnder von Element Logic, Kjell Blakseth, auf einer Fachmesse. W\u00e4hrend die Branche \u00fcber ihre \u201everr\u00fcckte Roboteridee\u201c schmunzelte, konnten wir uns von Anfang an daf\u00fcr begeistern. Nur sechs Monate sp\u00e4ter baute Element Logic die erste AutoStore-Anlage der Welt.\u202f\u202f\u202f&nbsp;<\/p>\n\n\n\n<p>Die ersten Jahre der Partnerschaft waren durchaus hart. Der Markt war skeptisch gegen\u00fcber der Automatisierung und die Branche sich auf die m\u00f6glichen Risiken fixiert. Schon als das Produkt noch in den Kinderschuhen steckte und noch nicht die Betriebszeit hatte, f\u00fcr die es heute bekannt ist, hat Element Logic das Potenzial erkannt.&nbsp;<\/p>\n\n\n\n<p>Zwischen Element Logic und <a href=\"https:\/\/www.autostoresystem.com\/de\" target=\"_blank\" rel=\"noreferrer noopener\">AutoStore<\/a> entstand eine zunehmend enge Partnerschaft, als das Produkt mehr und mehr perfektioniert wurde und sich am Markt etablierte.&nbsp;&nbsp;<\/p>\n\n\n\n<figure class=\"wp-block-image size-large\"><img loading=\"lazy\" decoding=\"async\" width=\"1024\" height=\"526\" src=\"https:\/\/www.elementlogic.net\/content\/uploads\/sites\/17\/\/2024\/09\/Element_history2-1024x526.jpg\" alt=\"\" class=\"wp-image-721\" srcset=\"https:\/\/www.elementlogic.net\/content\/uploads\/sites\/17\/2024\/09\/Element_history2-1024x526.jpg 1024w, https:\/\/www.elementlogic.net\/content\/uploads\/sites\/17\/2024\/09\/Element_history2-300x154.jpg 300w, https:\/\/www.elementlogic.net\/content\/uploads\/sites\/17\/2024\/09\/Element_history2-768x395.jpg 768w, https:\/\/www.elementlogic.net\/content\/uploads\/sites\/17\/2024\/09\/Element_history2.jpg 1500w\" sizes=\"(max-width: 1024px) 100vw, 1024px\" \/><\/figure>\n\n\n\n<h2 class=\"wp-block-heading\" id=\"expansion\">Expansion<\/h2>\n\n\n\n<p>Zu Beginn waren die skandinavischen L\u00e4nder der Heimatmarkt von Element Logic, aber 2015 verkauften wir unser erstes AutoStore-Projekt au\u00dferhalb der nordischen L\u00e4nder. Lediglich ein Jahr sp\u00e4ter wurde bereits mehr als 50 % unseres Umsatzes au\u00dferhalb von Norwegen erzielt. Im Jahr 2016 er\u00f6ffneten wir unsere deutsche Niederlassung &#8211; Gro\u00dfbritannien und Frankreich folgten kurze Zeit sp\u00e4ter. Land f\u00fcr Land haben wir Unternehmen dabei geholfen, erfolgreich in die Zukunft zu starten. Wir entwickeln intelligenten L\u00f6sungen mit und rund um AutoStore herum, die \u00fcber die Grenzen hinweg f\u00fcr erhebliche Effizienz sorgen. Auf diesem Weg haben wir sowohl die gr\u00f6\u00dfte als auch die kleinste AutoStore-Anlage der Welt gebaut.\u202f\u202f<\/p>\n\n\n\n<p>Im Jahr 2020 erhielt Element Logic die vollst\u00e4ndigen europ\u00e4ischen Vertriebsrechte f\u00fcr AutoStore und startete seine Gesch\u00e4ftst\u00e4tigkeit in ganz Europa. Als weltgr\u00f6\u00dfter AutoStore-Vertriebspartner seit 2020 erhielten wir 2022 die globalen Vertriebsrechte, als wir SDI \u00fcbernahmen &#8211; ein in den USA ans\u00e4ssiges Unternehmen, das seit 1977 in der Materialtransportbranche in Amerika eine wichtige Rolle spielt. Im Jahr 2023 expandierten wir in die asiatisch-pazifische Region mit unserem regionalen Hauptsitz in Singapur. Heute sind wir einer der gr\u00f6\u00dften Systemintegratoren der Welt.\u202f<\/p>\n\n\n\n<figure class=\"wp-block-image size-large\"><img loading=\"lazy\" decoding=\"async\" width=\"1024\" height=\"576\" src=\"https:\/\/www.elementlogic.net\/content\/uploads\/sites\/17\/2022\/01\/ELEMENTLOGIC-worldmap-1024x576.jpg\" alt=\"WACHSTUMSPOTENZIAL: Unternehmen, die in Regionen mit einer hohen Populationsdichte agieren, m\u00fcssen um jeden Quadratmeter und Mitarbeiter k\u00e4mpfen. Sie sind eine der potentesten Zielgruppen f\u00fcr den Expansionskurs von Element Logic\" class=\"wp-image-1526\" srcset=\"https:\/\/www.elementlogic.net\/content\/uploads\/sites\/17\/2022\/01\/ELEMENTLOGIC-worldmap-1024x576.jpg 1024w, https:\/\/www.elementlogic.net\/content\/uploads\/sites\/17\/2022\/01\/ELEMENTLOGIC-worldmap-300x169.jpg 300w, https:\/\/www.elementlogic.net\/content\/uploads\/sites\/17\/2022\/01\/ELEMENTLOGIC-worldmap-768x432.jpg 768w, https:\/\/www.elementlogic.net\/content\/uploads\/sites\/17\/2022\/01\/ELEMENTLOGIC-worldmap.jpg 1280w\" sizes=\"(max-width: 1024px) 100vw, 1024px\" \/><\/figure>\n\n\n\n<h2 class=\"wp-block-heading\" id=\"von-technologie-angetrieben-von-menschen-gepragt\">Von Technologie angetrieben \u2013 von Menschen gepr\u00e4gt<\/h2>\n\n\n\n<p>Seit wir 1985 unseren ersten Computer gekauft haben, haben wir die Begeisterung f\u00fcr neue Technologien bis heute beibehalten. Es liegt in der DNA von Element Logic, dass wir Early Adopters sind und wir unser Gesch\u00e4ft auf innovative Technologie aufgebaut haben. Unsere eigene Software ist eine unserer wertvollsten errungenschaften, da sie es unseren Kunden erm\u00f6glicht, die Effizienz von AutoStore zu maximieren und die Produktivit\u00e4t im Lager zu steigern. Unsere Forschungs-und Entwicklungsabteilung entwickelt die Software st\u00e4ndig weiter.\u202f\u202f\u202f<\/p>\n\n\n\n<p>Als AutoStore-Pioniere lieben wir Roboter, die Lagerh\u00e4user besser machen. Deshalb ist Element Logic auch eine Partnerschaft mit Right Hand Robotics eingegangen und hat einen Roboterarm mit maschineller Lerntechnologie auf den Markt gebracht. Der Roboterarm kann an einer Kommissionierstation installiert werden und ist in der Lage, Artikel zu entnehmen, die er noch nie zuvor gesehen hat. W\u00e4hrend er kommissioniert, lernt er st\u00e4ndig dazu und verbessert sich. Um unseren Testkunden zu zitieren: \u201eDas ist die Zukunft der Intralogistik, daran besteht kein Zweifel\u201c.\u202f\u202f<\/p>\n\n\n\n<p>Obwohl wir jeden Tag mit neuer und innovativer Technologie arbeiten, steht der Mensch bei uns im Mittelpunkt. Unsere Unternehmenskultur basiert nicht auf starren Hierarchien, sondern f\u00f6rdert eine respektvolle, bescheidene und offene Umgebung. Dies pr\u00e4gt auch unseren Umgang mit Kunden und ihren Herausforderungen &#8211; nichts ist zu klein oder zu gro\u00df.<\/p>\n\n\n\n\t\t<div class=\"wp-block-dekode-simple-cta\">\n\t\t\t<div class=\"dekode-simple-cta__inner\">\n\n<h3 class=\"wp-block-heading\" id=\"sind-sie-bereit-den-nachsten-schritt-mit-uns-zu-gehen\">Sind Sie bereit den n\u00e4chsten Schritt mit uns zu gehen?<\/h3>\n\n\n\n<div class=\"wp-block-buttons is-layout-flex wp-block-buttons-is-layout-flex\">\n<div class=\"wp-block-button has-icon has-icon-theme_arrow\"><a class=\"wp-block-button__link wp-element-button\" href=\"https:\/\/www.elementlogic.net\/about-us\/locations\/\">Kontaktieren Sie unsere Experten<svg xmlns=\"http:\/\/www.w3.org\/2000\/svg\" viewBox=\"0 0 24 24\" height=\"24\" width=\"24\" class=\"t2-icon t2-icon-theme_arrow\" aria-hidden=\"true\" focusable=\"false\"><path d=\"M16.627 12.75H5.25C5.03717 12.75 4.859 12.6782 4.7155 12.5345C4.57183 12.391 4.5 12.2128 4.5 12C4.5 11.7872 4.57183 11.609 4.7155 11.4655C4.859 11.3218 5.03717 11.25 5.25 11.25H16.627L11.4577 6.08076C11.3091 5.93209 11.2357 5.75809 11.2375 5.55876C11.2395 5.35942 11.318 5.18217 11.473 5.02701C11.6282 4.88217 11.8038 4.80717 12 4.80201C12.1962 4.79684 12.3718 4.87184 12.527 5.02701L18.8673 11.3673C18.9609 11.4609 19.0269 11.5597 19.0652 11.6635C19.1037 11.7673 19.123 11.8795 19.123 12C19.123 12.1205 19.1037 12.2327 19.0652 12.3365C19.0269 12.4403 18.9609 12.5391 18.8673 12.6328L12.527 18.973C12.3885 19.1115 12.217 19.1823 12.0125 19.1855C11.808 19.1887 11.6282 19.1178 11.473 18.973C11.318 18.8178 11.2405 18.6397 11.2405 18.4385C11.2405 18.2372 11.318 18.0589 11.473 17.9038L16.627 12.75Z\" fill=\"var(--t2-icon-fill, #000)\"\/><\/svg><\/a><\/div>\n<\/div>\n\n<\/div>\n\t\t<\/div>","protected":false},"excerpt":{"rendered":"<p>Optimierung im Fokus seit Tag eins Seit der Gr\u00fcndung von Element Logic im Jahr 1985 ist es unser Ziel, die [&hellip;]<\/p>\n","protected":false},"author":26,"featured_media":48,"parent":210,"menu_order":0,"comment_status":"closed","ping_status":"closed","template":"","meta":{"hreflang_relation":0,"_el_cross_publish_source_blog_url":"","_el_cross_publish_source_blog_id":0,"_el_cross_publish_source_post_id":0,"_el_cross_publish_sync_state":"","exclude_from_search":false,"footnotes":""},"class_list":["post-428","page","type-page","status-publish","has-post-thumbnail","hentry"],"yoast_head":"<!-- This site is optimized with the Yoast SEO Premium plugin v23.9 (Yoast SEO v23.9) - https:\/\/yoast.com\/wordpress\/plugins\/seo\/ -->\n<title>Unsere DNA - Element Logic Deutschland<\/title>\n<meta name=\"description\" content=\"Seit 1985 machen wir die Lager unserer Kunden zu den effizientesten in Europa. Wir verf\u00fcgen \u00fcber europaweite AutoStore-Vertriebsrechte und Standorte.\" \/>\n<meta name=\"robots\" content=\"index, follow, max-snippet:-1, max-image-preview:large, max-video-preview:-1\" \/>\n<link rel=\"canonical\" href=\"https:\/\/www.elementlogic.net\/de\/ueber-element-logic\/unsere-dna\/\" \/>\n<meta property=\"og:locale\" content=\"de_DE\" \/>\n<meta property=\"og:type\" content=\"article\" \/>\n<meta property=\"og:title\" content=\"Unsere DNA\" \/>\n<meta property=\"og:description\" content=\"Seit 1985 machen wir die Lager unserer Kunden zu den effizientesten in Europa. Wir verf\u00fcgen \u00fcber europaweite AutoStore-Vertriebsrechte und Standorte.\" \/>\n<meta property=\"og:url\" content=\"https:\/\/www.elementlogic.net\/de\/ueber-element-logic\/unsere-dna\/\" \/>\n<meta property=\"og:site_name\" content=\"Element Logic Deutschland\" \/>\n<meta property=\"article:modified_time\" content=\"2025-06-03T08:54:50+00:00\" \/>\n<meta property=\"og:image\" content=\"https:\/\/www.elementlogic.net\/content\/uploads\/sites\/17\/\/2024\/09\/ElementLogic-OCC-0915.22-08470-flip-scaled.jpg\" \/>\n\t<meta property=\"og:image:width\" content=\"2560\" \/>\n\t<meta property=\"og:image:height\" content=\"1710\" \/>\n\t<meta property=\"og:image:type\" content=\"image\/jpeg\" \/>\n<meta name=\"twitter:card\" content=\"summary_large_image\" \/>\n<meta name=\"twitter:label1\" content=\"Gesch\u00e4tzte Lesezeit\" \/>\n\t<meta name=\"twitter:data1\" content=\"5\u00a0Minuten\" \/>\n<script type=\"application\/ld+json\" class=\"yoast-schema-graph\">{\"@context\":\"https:\/\/schema.org\",\"@graph\":[{\"@type\":\"WebPage\",\"@id\":\"https:\/\/www.elementlogic.net\/de\/ueber-element-logic\/unsere-dna\/\",\"url\":\"https:\/\/www.elementlogic.net\/de\/ueber-element-logic\/unsere-dna\/\",\"name\":\"Unsere DNA - Element Logic Deutschland\",\"isPartOf\":{\"@id\":\"https:\/\/www.elementlogic.net\/de\/#website\"},\"primaryImageOfPage\":{\"@id\":\"https:\/\/www.elementlogic.net\/de\/ueber-element-logic\/unsere-dna\/#primaryimage\"},\"image\":{\"@id\":\"https:\/\/www.elementlogic.net\/de\/ueber-element-logic\/unsere-dna\/#primaryimage\"},\"thumbnailUrl\":\"https:\/\/www.elementlogic.net\/content\/uploads\/sites\/17\/\/2024\/09\/ElementLogic-OCC-0915.22-08470-flip-scaled.jpg\",\"datePublished\":\"2024-08-22T17:56:51+00:00\",\"dateModified\":\"2025-06-03T08:54:50+00:00\",\"description\":\"Seit 1985 machen wir die Lager unserer Kunden zu den effizientesten in Europa. Wir verf\u00fcgen \u00fcber europaweite AutoStore-Vertriebsrechte und Standorte.\",\"breadcrumb\":{\"@id\":\"https:\/\/www.elementlogic.net\/de\/ueber-element-logic\/unsere-dna\/#breadcrumb\"},\"inLanguage\":\"de\",\"potentialAction\":[{\"@type\":\"ReadAction\",\"target\":[\"https:\/\/www.elementlogic.net\/de\/ueber-element-logic\/unsere-dna\/\"]}]},{\"@type\":\"ImageObject\",\"inLanguage\":\"de\",\"@id\":\"https:\/\/www.elementlogic.net\/de\/ueber-element-logic\/unsere-dna\/#primaryimage\",\"url\":\"https:\/\/www.elementlogic.net\/content\/uploads\/sites\/17\/\/2024\/09\/ElementLogic-OCC-0915.22-08470-flip-scaled.jpg\",\"contentUrl\":\"https:\/\/www.elementlogic.net\/content\/uploads\/sites\/17\/\/2024\/09\/ElementLogic-OCC-0915.22-08470-flip-scaled.jpg\",\"width\":2560,\"height\":1710},{\"@type\":\"BreadcrumbList\",\"@id\":\"https:\/\/www.elementlogic.net\/de\/ueber-element-logic\/unsere-dna\/#breadcrumb\",\"itemListElement\":[{\"@type\":\"ListItem\",\"position\":1,\"name\":\"\u00dcber Element Logic\",\"item\":\"https:\/\/www.elementlogic.net\/de\/ueber-element-logic\/\"},{\"@type\":\"ListItem\",\"position\":2,\"name\":\"Unsere DNA\"}]},{\"@type\":\"WebSite\",\"@id\":\"https:\/\/www.elementlogic.net\/de\/#website\",\"url\":\"https:\/\/www.elementlogic.net\/de\/\",\"name\":\"Element Logic Deutschland\",\"description\":\"Optimizing Warehouse Performance\",\"potentialAction\":[{\"@type\":\"SearchAction\",\"target\":{\"@type\":\"EntryPoint\",\"urlTemplate\":\"https:\/\/www.elementlogic.net\/de\/?s={search_term_string}\"},\"query-input\":{\"@type\":\"PropertyValueSpecification\",\"valueRequired\":true,\"valueName\":\"search_term_string\"}}],\"inLanguage\":\"de\"}]}<\/script>\n<!-- \/ Yoast SEO Premium plugin. -->","yoast_head_json":{"title":"Unsere DNA - Element Logic Deutschland","description":"Seit 1985 machen wir die Lager unserer Kunden zu den effizientesten in Europa. Wir verf\u00fcgen \u00fcber europaweite AutoStore-Vertriebsrechte und Standorte.","robots":{"index":"index","follow":"follow","max-snippet":"max-snippet:-1","max-image-preview":"max-image-preview:large","max-video-preview":"max-video-preview:-1"},"canonical":"https:\/\/www.elementlogic.net\/de\/ueber-element-logic\/unsere-dna\/","og_locale":"de_DE","og_type":"article","og_title":"Unsere DNA","og_description":"Seit 1985 machen wir die Lager unserer Kunden zu den effizientesten in Europa. Wir verf\u00fcgen \u00fcber europaweite AutoStore-Vertriebsrechte und Standorte.","og_url":"https:\/\/www.elementlogic.net\/de\/ueber-element-logic\/unsere-dna\/","og_site_name":"Element Logic Deutschland","article_modified_time":"2025-06-03T08:54:50+00:00","og_image":[{"width":2560,"height":1710,"url":"https:\/\/www.elementlogic.net\/content\/uploads\/sites\/17\/\/2024\/09\/ElementLogic-OCC-0915.22-08470-flip-scaled.jpg","type":"image\/jpeg"}],"twitter_card":"summary_large_image","twitter_misc":{"Gesch\u00e4tzte Lesezeit":"5\u00a0Minuten"},"schema":{"@context":"https:\/\/schema.org","@graph":[{"@type":"WebPage","@id":"https:\/\/www.elementlogic.net\/de\/ueber-element-logic\/unsere-dna\/","url":"https:\/\/www.elementlogic.net\/de\/ueber-element-logic\/unsere-dna\/","name":"Unsere DNA - Element Logic Deutschland","isPartOf":{"@id":"https:\/\/www.elementlogic.net\/de\/#website"},"primaryImageOfPage":{"@id":"https:\/\/www.elementlogic.net\/de\/ueber-element-logic\/unsere-dna\/#primaryimage"},"image":{"@id":"https:\/\/www.elementlogic.net\/de\/ueber-element-logic\/unsere-dna\/#primaryimage"},"thumbnailUrl":"https:\/\/www.elementlogic.net\/content\/uploads\/sites\/17\/\/2024\/09\/ElementLogic-OCC-0915.22-08470-flip-scaled.jpg","datePublished":"2024-08-22T17:56:51+00:00","dateModified":"2025-06-03T08:54:50+00:00","description":"Seit 1985 machen wir die Lager unserer Kunden zu den effizientesten in Europa. Wir verf\u00fcgen \u00fcber europaweite AutoStore-Vertriebsrechte und Standorte.","breadcrumb":{"@id":"https:\/\/www.elementlogic.net\/de\/ueber-element-logic\/unsere-dna\/#breadcrumb"},"inLanguage":"de","potentialAction":[{"@type":"ReadAction","target":["https:\/\/www.elementlogic.net\/de\/ueber-element-logic\/unsere-dna\/"]}]},{"@type":"ImageObject","inLanguage":"de","@id":"https:\/\/www.elementlogic.net\/de\/ueber-element-logic\/unsere-dna\/#primaryimage","url":"https:\/\/www.elementlogic.net\/content\/uploads\/sites\/17\/\/2024\/09\/ElementLogic-OCC-0915.22-08470-flip-scaled.jpg","contentUrl":"https:\/\/www.elementlogic.net\/content\/uploads\/sites\/17\/\/2024\/09\/ElementLogic-OCC-0915.22-08470-flip-scaled.jpg","width":2560,"height":1710},{"@type":"BreadcrumbList","@id":"https:\/\/www.elementlogic.net\/de\/ueber-element-logic\/unsere-dna\/#breadcrumb","itemListElement":[{"@type":"ListItem","position":1,"name":"\u00dcber Element Logic","item":"https:\/\/www.elementlogic.net\/de\/ueber-element-logic\/"},{"@type":"ListItem","position":2,"name":"Unsere DNA"}]},{"@type":"WebSite","@id":"https:\/\/www.elementlogic.net\/de\/#website","url":"https:\/\/www.elementlogic.net\/de\/","name":"Element Logic Deutschland","description":"Optimizing Warehouse Performance","potentialAction":[{"@type":"SearchAction","target":{"@type":"EntryPoint","urlTemplate":"https:\/\/www.elementlogic.net\/de\/?s={search_term_string}"},"query-input":{"@type":"PropertyValueSpecification","valueRequired":true,"valueName":"search_term_string"}}],"inLanguage":"de"}]}},"_links":{"self":[{"href":"https:\/\/www.elementlogic.net\/de\/wp-json\/wp\/v2\/pages\/428"}],"collection":[{"href":"https:\/\/www.elementlogic.net\/de\/wp-json\/wp\/v2\/pages"}],"about":[{"href":"https:\/\/www.elementlogic.net\/de\/wp-json\/wp\/v2\/types\/page"}],"author":[{"embeddable":true,"href":"https:\/\/www.elementlogic.net\/de\/wp-json\/wp\/v2\/users\/26"}],"replies":[{"embeddable":true,"href":"https:\/\/www.elementlogic.net\/de\/wp-json\/wp\/v2\/comments?post=428"}],"version-history":[{"count":5,"href":"https:\/\/www.elementlogic.net\/de\/wp-json\/wp\/v2\/pages\/428\/revisions"}],"predecessor-version":[{"id":2905,"href":"https:\/\/www.elementlogic.net\/de\/wp-json\/wp\/v2\/pages\/428\/revisions\/2905"}],"up":[{"embeddable":true,"href":"https:\/\/www.elementlogic.net\/de\/wp-json\/wp\/v2\/pages\/210"}],"wp:featuredmedia":[{"embeddable":true,"href":"https:\/\/www.elementlogic.net\/de\/wp-json\/wp\/v2\/media\/48"}],"wp:attachment":[{"href":"https:\/\/www.elementlogic.net\/de\/wp-json\/wp\/v2\/media?parent=428"}],"curies":[{"name":"wp","href":"https:\/\/api.w.org\/{rel}","templated":true}]}}