{"id":429,"date":"2024-08-22T19:52:00","date_gmt":"2024-08-22T17:52:00","guid":{"rendered":"https:\/\/www.elementlogic.net\/?page_id=800"},"modified":"2026-01-23T14:23:35","modified_gmt":"2026-01-23T13:23:35","slug":"service-und-support","status":"publish","type":"page","link":"https:\/\/www.elementlogic.net\/de\/dienstleistungen-losungen\/service-und-support\/","title":{"rendered":"Service und Support"},"content":{"rendered":"\n\t\t<div style=\"--dekode-hero-dim:0.5; --t2-icon-fill:var(--wp--preset--color--white); min-height:500px;\" class=\"alignfull dekode-hero-content-position-center has-media-background wp-elements-45e7e6883ed1c97f74611bb7352dc15f wp-block-dekode-hero has-text-color has-white-color\">\n\t\t\t\t\t<video\n\t\t\tautoplay\n\t\t\tloop\n\t\t\tmuted\n\t\t\tplaysinline\n\t\t\tposter=\"https:\/\/www.elementlogic.net\/content\/uploads\/sites\/17\/\/2024\/09\/Wallpaper-8-scaled.jpg\"\n\t\t\tsrc=\"https:\/\/www.elementlogic.net\/content\/uploads\/sites\/17\/\/2024\/09\/service-support.mp4\">\n\t\t<\/video>\n\t\t\n\t\t\t<div class=\"dekode-hero__content\">\n\t\t\t\t<div class=\"dekode-hero__container\">\n\t\t\t\t\t\n\n<h1 class=\"wp-block-heading has-text-align-center\" id=\"angepasst-fur-ihren-erfolg\">Angepasst f\u00fcr ihren Erfolg<\/h1>\n\n\n\n<p class=\"has-text-align-center\">Unser Ziel ist es, Kundennutzen zu liefern, der Ihre Erwartungen \u00fcbertrifft.<\/p>\n\n\n\n<div class=\"wp-block-buttons is-content-justification-center is-layout-flex wp-container-core-buttons-is-layout-1 wp-block-buttons-is-layout-flex\">\n<div class=\"wp-block-button has-icon has-icon-theme_arrow\"><a class=\"wp-block-button__link has-text-align-center wp-element-button\" href=\"https:\/\/www.elementlogic.net\/de\/kontaktieren-sie-uns\/\">Kontaktieren Sie uns<svg xmlns=\"http:\/\/www.w3.org\/2000\/svg\" viewBox=\"0 0 24 24\" height=\"24\" width=\"24\" class=\"t2-icon t2-icon-theme_arrow\" aria-hidden=\"true\" focusable=\"false\"><path d=\"M16.627 12.75H5.25C5.03717 12.75 4.859 12.6782 4.7155 12.5345C4.57183 12.391 4.5 12.2128 4.5 12C4.5 11.7872 4.57183 11.609 4.7155 11.4655C4.859 11.3218 5.03717 11.25 5.25 11.25H16.627L11.4577 6.08076C11.3091 5.93209 11.2357 5.75809 11.2375 5.55876C11.2395 5.35942 11.318 5.18217 11.473 5.02701C11.6282 4.88217 11.8038 4.80717 12 4.80201C12.1962 4.79684 12.3718 4.87184 12.527 5.02701L18.8673 11.3673C18.9609 11.4609 19.0269 11.5597 19.0652 11.6635C19.1037 11.7673 19.123 11.8795 19.123 12C19.123 12.1205 19.1037 12.2327 19.0652 12.3365C19.0269 12.4403 18.9609 12.5391 18.8673 12.6328L12.527 18.973C12.3885 19.1115 12.217 19.1823 12.0125 19.1855C11.808 19.1887 11.6282 19.1178 11.473 18.973C11.318 18.8178 11.2405 18.6397 11.2405 18.4385C11.2405 18.2372 11.318 18.0589 11.473 17.9038L16.627 12.75Z\" fill=\"var(--t2-icon-fill, #000)\"\/><\/svg><\/a><\/div>\n<\/div>\n\n\n\t\t\t\t<\/div>\n\t\t\t<\/div>\n\t\t<\/div>\n\t\t\n\n\n<p>Von der ersten Beratung bis zur Systemimplementierung sorgen wir daf\u00fcr, dass unsere L\u00f6sungen auf die Bed\u00fcrfnisse Ihres Unternehmens zugeschnitten sind. Mit einem Team, das Support, Wartung, Schulung und datengest\u00fctzte Beratung bietet, stellen wir sicher, dass Sie den gr\u00f6\u00dftm\u00f6glichen Nutzen aus Ihrer Lagerl\u00f6sung ziehen.<\/p>\n\n\n\n<h2 class=\"wp-block-heading\" id=\"training-und-onboarding\">Training und Onboarding<\/h2>\n\n\n\n<p>Holen Sie mit einem speziellen Onboarding- und Szenario-Training das Beste aus Ihrem AutoStore-System heraus. Als Element Logic Kunde erhalten Sie von unserem erfahrenen Schulungsteam umfassendes Wissen zur Lagerautomatisierung. Das Training konzentriert sich auf den Betrieb, die Sicherheit und das L\u00f6sen potenzieller Probleme. Das Onboarding stellt innerhalb weniger Tage sicher, dass Ihre Mitarbeiter sich schnell an die neuen Workflows anpassen und die automatisierte Lagerl\u00f6sung sicher nutzen.<\/p>\n\n\n\n<figure class=\"wp-block-image size-large\"><img loading=\"lazy\" decoding=\"async\" width=\"1024\" height=\"532\" src=\"https:\/\/www.elementlogic.net\/content\/uploads\/sites\/17\/\/2024\/09\/EL_superuser-training8-wo-instr-e1726227709934-1024x532.jpg\" alt=\"\" class=\"wp-image-166\" srcset=\"https:\/\/www.elementlogic.net\/content\/uploads\/sites\/17\/2024\/09\/EL_superuser-training8-wo-instr-e1726227709934-1024x532.jpg 1024w, https:\/\/www.elementlogic.net\/content\/uploads\/sites\/17\/2024\/09\/EL_superuser-training8-wo-instr-e1726227709934-300x156.jpg 300w, https:\/\/www.elementlogic.net\/content\/uploads\/sites\/17\/2024\/09\/EL_superuser-training8-wo-instr-e1726227709934-768x399.jpg 768w, https:\/\/www.elementlogic.net\/content\/uploads\/sites\/17\/2024\/09\/EL_superuser-training8-wo-instr-e1726227709934-1536x798.jpg 1536w, https:\/\/www.elementlogic.net\/content\/uploads\/sites\/17\/2024\/09\/EL_superuser-training8-wo-instr-e1726227709934.jpg 1645w\" sizes=\"(max-width: 1024px) 100vw, 1024px\" \/><\/figure>\n\n\n\n<h2 class=\"wp-block-heading\" id=\"super-user-program\">Super User Program<\/h2>\n\n\n\n<p>Wir empfehlen, einige wenige Mitarbeiter zu schulen, die zu Super-Usern der L\u00f6sung Ihres Unternehmens werden. Diese Personen werden sich tiefgreifende Kenntnisse \u00fcber die L\u00f6sung aneignen, um komplexe Szenarien und Probleme bew\u00e4ltigen zu k\u00f6nnen. Das Schulungsprogramm von Element Logic gew\u00e4hrleistet eine kontinuierliche, bedarfsgerechte Weiterbildung und stellt die Optimierung Ihrer L\u00f6sung sicher. Zusammen mit unserem engagierten Support-Team sind Sie so f\u00fcr den Erfolg ger\u00fcstet.<\/p>\n\n\n\n<h2 class=\"wp-block-heading\" id=\"support\">Support<\/h2>\n\n\n\n<p>Einer der vielen Vorteile, den Sie als Kunde von Element Logic genie\u00dfen, ist unser engagiertes Support-Team. Ganz gleich, ob Sie Unterst\u00fctzung f\u00fcr AutoStore, Software, Managementkontrollsysteme, Ger\u00e4te, Systemeinrichtung oder Fehlerkorrekturen ben\u00f6tigen, unser Team ist immer bereit, Ihnen zu helfen. Sie k\u00f6nnen uns ganz einfach \u00fcber die Website, per E-Mail oder telefonisch erreichen, um schnellen und zuverl\u00e4ssigen Support zu erhalten.<\/p>\n\n\n\n\t\t<blockquote class=\"wp-block-dekode-quote\">\n\t\t\t<div class=\"wp-block-dekode-quote__icon\">\n\t\t\t\t<img loading=\"lazy\" decoding=\"async\" width=\"300\" height=\"300\" src=\"https:\/\/www.elementlogic.net\/content\/uploads\/sites\/17\/2026\/01\/ThomasMarschollek_edit-300x300.jpg\" class=\"quote-image\" alt=\"\" srcset=\"https:\/\/www.elementlogic.net\/content\/uploads\/sites\/17\/2026\/01\/ThomasMarschollek_edit-300x300.jpg 300w, https:\/\/www.elementlogic.net\/content\/uploads\/sites\/17\/2026\/01\/ThomasMarschollek_edit-1024x1024.jpg 1024w, https:\/\/www.elementlogic.net\/content\/uploads\/sites\/17\/2026\/01\/ThomasMarschollek_edit-150x150.jpg 150w, https:\/\/www.elementlogic.net\/content\/uploads\/sites\/17\/2026\/01\/ThomasMarschollek_edit-768x768.jpg 768w, https:\/\/www.elementlogic.net\/content\/uploads\/sites\/17\/2026\/01\/ThomasMarschollek_edit-1536x1536.jpg 1536w, https:\/\/www.elementlogic.net\/content\/uploads\/sites\/17\/2026\/01\/ThomasMarschollek_edit.jpg 1929w\" sizes=\"(max-width: 300px) 100vw, 300px\" \/><svg xmlns=\"http:\/\/www.w3.org\/2000\/svg\" viewBox=\"0 0 24 24\" height=\"96\" width=\"96\" class=\"t2-icon t2-icon-theme_quote\" aria-hidden=\"true\" focusable=\"false\"><path d=\"M6.7808 16.5288L8.49055 13.5673C8.43289 13.5993 8.36555 13.6217 8.28855 13.6345C8.21155 13.6473 8.13464 13.6538 8.0578 13.6538C7.04114 13.6538 6.17797 13.2958 5.4683 12.5798C4.7588 11.8638 4.40405 11.0038 4.40405 10C4.40405 8.98334 4.7588 8.12017 5.4683 7.4105C6.17797 6.701 7.04114 6.34625 8.0578 6.34625C9.06164 6.34625 9.92155 6.701 10.6376 7.4105C11.3536 8.12017 11.7116 8.98334 11.7116 10C11.7116 10.3513 11.669 10.6783 11.5838 10.9808C11.4985 11.2833 11.3737 11.5718 11.2096 11.8463L8.07305 17.2788C8.00905 17.3904 7.92122 17.4808 7.80955 17.55C7.69805 17.6192 7.57305 17.6538 7.43455 17.6538C7.14739 17.6538 6.93205 17.5288 6.78855 17.2788C6.64489 17.0288 6.6423 16.7788 6.7808 16.5288ZM15.6656 16.5288L17.3751 13.5673C17.3174 13.5993 17.2501 13.6217 17.1731 13.6345C17.0962 13.6473 17.0193 13.6538 16.9423 13.6538C15.9256 13.6538 15.0626 13.2958 14.3531 12.5798C13.6434 11.8638 13.2886 11.0038 13.2886 10C13.2886 8.977 13.6434 8.11225 14.3531 7.40575C15.0626 6.69942 15.9256 6.34625 16.9423 6.34625C17.9461 6.34625 18.8061 6.701 19.5221 7.4105C20.2381 8.12017 20.5961 8.98334 20.5961 10C20.5961 10.3513 20.5535 10.6783 20.4683 10.9808C20.383 11.2833 20.2583 11.5718 20.0943 11.8463L16.9578 17.2788C16.8936 17.3904 16.8058 17.4808 16.6943 17.55C16.5828 17.6192 16.4578 17.6538 16.3193 17.6538C16.0321 17.6538 15.8167 17.5288 15.6731 17.2788C15.5296 17.0288 15.5271 16.7788 15.6656 16.5288Z\" fill=\"var(--t2-icon-fill, #000)\"\/><\/svg>\n\t\t\t<\/div>\n\t\t\t<div class=\"wp-block-dekode-quote__text\">\n\t\t\t\t<p>&#8230;unsere Philosophie ist es, eine skalierbare L\u00f6sung zu entwickeln, mit der unsere Kunden wachsen k\u00f6nnen und von der sie profitieren.<\/p>\n<cite>Thomas Marschollek, Head of Key Account Management Customer Success<\/cite>\n\t\t\t<\/div>\n\t\t<\/blockquote>\n\n\n<h2 class=\"wp-block-heading\" id=\"maintenance\">Maintenance<\/h2>\n\n\n\n<p>Unser proaktives Serviceteam ist st\u00e4ndig auf der Suche nach Verbesserungsm\u00f6glichkeiten, damit Ihr Unternehmen wachsen kann. Die Techniker f\u00fchren geplante Wartungsarbeiten vor Ort durch, ohne den t\u00e4glichen Betrieb zu unterbrechen.<\/p>\n\n\n\n<figure class=\"wp-block-image size-full\"><img loading=\"lazy\" decoding=\"async\" width=\"2560\" height=\"1072\" src=\"https:\/\/www.elementlogic.net\/content\/uploads\/sites\/17\/\/2024\/09\/Wallpaper-10-scaled.jpg\" alt=\"Service Technician doing maintenance at Element Logic\" class=\"wp-image-215\" srcset=\"https:\/\/www.elementlogic.net\/content\/uploads\/sites\/17\/2024\/09\/Wallpaper-10-scaled.jpg 2560w, https:\/\/www.elementlogic.net\/content\/uploads\/sites\/17\/2024\/09\/Wallpaper-10-scaled-300x126.jpg 300w, https:\/\/www.elementlogic.net\/content\/uploads\/sites\/17\/2024\/09\/Wallpaper-10-scaled-1024x429.jpg 1024w, https:\/\/www.elementlogic.net\/content\/uploads\/sites\/17\/2024\/09\/Wallpaper-10-scaled-768x322.jpg 768w, https:\/\/www.elementlogic.net\/content\/uploads\/sites\/17\/2024\/09\/Wallpaper-10-scaled-1536x643.jpg 1536w, https:\/\/www.elementlogic.net\/content\/uploads\/sites\/17\/2024\/09\/Wallpaper-10-scaled-2048x858.jpg 2048w\" sizes=\"(max-width: 2560px) 100vw, 2560px\" \/><\/figure>\n\n\n\n<h2 class=\"wp-block-heading\" id=\"insights-und-optimierung\">Insights und Optimierung<\/h2>\n\n\n\n<p>Wir liefern Ihnen detaillierte Daten \u00fcber den Status Ihrer AutoStore-L\u00f6sung. Dies ist die Basis f\u00fcr unser Customer Success Team, um Sie bei der st\u00e4ndigen Optimierung Ihrer L\u00f6sung zu unterst\u00fctzen.<\/p>\n\n\n\n<p>\u201eUm die Zufriedenheit unserer Kunden zu gew\u00e4hrleisten, setzen wir ein kompetentes Team aus eigenen Servicetechnikern, Support-, Software- und Logistikexperten ein. Dadurch sind wir agil und in der Lage, sofort zu helfen. Unsere Philosophie ist es, eine skalierbare L\u00f6sung zu entwickeln, mit der unsere Kunden wachsen k\u00f6nnen und von der sie profitieren.\u201c &#8211; Arnold Nielsen, Key Account Manager, Element Logic Norwegen.<\/p>\n\n\n\n\t\t<div class=\"wp-block-dekode-simple-cta\">\n\t\t\t<div class=\"dekode-simple-cta__inner\">\n\n<h2 class=\"wp-block-heading\" id=\"h-maximale-verfugbarkeit-minimale-sorgen-mit-customer-success-von-element-logic\">Maximale Verf\u00fcgbarkeit, minimale Sorgen \u2013 mit Customer Success von Element Logic<\/h2>\n\n\n\n<h4 class=\"wp-block-heading\" id=\"die-automatisierung-eines-lagers-ist-eine-strategische-investition-mit-langfristiger-wirkung-fur-element-logic-endet-die-verantwortung-deshalb-nicht-mit-der-inbetriebnahme-eines-systems-sie-beginnt-dort-erst-richtig-mit-dem-customer-success-ansatz-stellt-element-logic-sicher-dass-automatisierungslosungen-nicht-nur-heute-sondern-auch-in-zukunft-zuverlassig-leistungsfahig-und-skalierbar-bleiben\">Die Automatisierung eines Lagers ist eine strategische Investition mit langfristiger Wirkung. F\u00fcr Element Logic endet die Verantwortung deshalb nicht mit der Inbetriebnahme eines Systems \u2013 sie beginnt dort erst richtig. Mit dem Customer-Success-Ansatz stellt Element Logic sicher, dass Automatisierungsl\u00f6sungen nicht nur heute, sondern auch in Zukunft zuverl\u00e4ssig, leistungsf\u00e4hig und skalierbar bleiben.<\/h4>\n\n\n\n<div class=\"wp-block-buttons is-layout-flex wp-block-buttons-is-layout-flex\">\n<div class=\"wp-block-button has-icon has-icon-theme_arrow\"><a class=\"wp-block-button__link wp-element-button\" href=\"https:\/\/www.elementlogic.net\/de\/insights\/maximale-verfuegbarkeit-minimale-sorgen-mit-customer-success-von-element-logic\/\">Mehr erfahren<svg xmlns=\"http:\/\/www.w3.org\/2000\/svg\" viewBox=\"0 0 24 24\" height=\"24\" width=\"24\" class=\"t2-icon t2-icon-theme_arrow\" aria-hidden=\"true\" focusable=\"false\"><path d=\"M16.627 12.75H5.25C5.03717 12.75 4.859 12.6782 4.7155 12.5345C4.57183 12.391 4.5 12.2128 4.5 12C4.5 11.7872 4.57183 11.609 4.7155 11.4655C4.859 11.3218 5.03717 11.25 5.25 11.25H16.627L11.4577 6.08076C11.3091 5.93209 11.2357 5.75809 11.2375 5.55876C11.2395 5.35942 11.318 5.18217 11.473 5.02701C11.6282 4.88217 11.8038 4.80717 12 4.80201C12.1962 4.79684 12.3718 4.87184 12.527 5.02701L18.8673 11.3673C18.9609 11.4609 19.0269 11.5597 19.0652 11.6635C19.1037 11.7673 19.123 11.8795 19.123 12C19.123 12.1205 19.1037 12.2327 19.0652 12.3365C19.0269 12.4403 18.9609 12.5391 18.8673 12.6328L12.527 18.973C12.3885 19.1115 12.217 19.1823 12.0125 19.1855C11.808 19.1887 11.6282 19.1178 11.473 18.973C11.318 18.8178 11.2405 18.6397 11.2405 18.4385C11.2405 18.2372 11.318 18.0589 11.473 17.9038L16.627 12.75Z\" fill=\"var(--t2-icon-fill, #000)\"\/><\/svg><\/a><\/div>\n<\/div>\n\n<\/div>\n\t\t<\/div>\n\n\n<h3 class=\"wp-block-heading has-text-align-center\" id=\"erfahren-sie-mehr-uber-unsere-losungen-und-dienstleistungen\">Erfahren Sie mehr \u00fcber unsere L\u00f6sungen und Dienstleistungen<\/h3>\n\n\n\n\t\t<div style=\"--link-cards-grid-columns: 3\" class=\"dekode-link-cards has-3-columns wp-block-dekode-link-cards\">\n\t\t\t<div class=\"dekode-link-cards__items\">\n\t\t\t\t\n<a class=\"wp-block-dekode-link-card\" href=\"https:\/\/www.elementlogic.net\/de\/dienstleistungen-losungen\/design-und-consulting\/\"><img loading=\"lazy\" decoding=\"async\" width=\"768\" height=\"512\" src=\"https:\/\/www.elementlogic.net\/content\/uploads\/sites\/17\/\/2024\/09\/Element-Logic_AutoStore-design-copy-768x512.jpg\" class=\"\" alt=\"\" \/>\t<div class=\"dekode-link-card__content\">\n\t\t\t\t<p class=\"dekode-link-card__title\">\n\t\t\tDesign und Consulting\t\t<\/p>\n\t\t\t<\/div>\n\t<\/a>\n\n<a class=\"wp-block-dekode-link-card\" href=\"https:\/\/www.elementlogic.net\/de\/dienstleistungen-losungen\/generalunternehmer\/\"><img loading=\"lazy\" decoding=\"async\" width=\"768\" height=\"512\" src=\"https:\/\/www.elementlogic.net\/content\/uploads\/sites\/17\/\/2024\/09\/EL_construction15-768x512.jpg\" class=\"\" alt=\"\" \/>\t<div class=\"dekode-link-card__content\">\n\t\t\t\t<p class=\"dekode-link-card__title\">\n\t\t\tGeneralunternehmer\t\t<\/p>\n\t\t\t<\/div>\n\t<\/a>\n\n<a class=\"wp-block-dekode-link-card\" href=\"https:\/\/www.elementlogic.net\/de\/dienstleistungen-losungen\/autostore\/\"><img loading=\"lazy\" decoding=\"async\" width=\"768\" height=\"513\" src=\"https:\/\/www.elementlogic.net\/content\/uploads\/sites\/17\/\/2024\/09\/image-121-768x513.png\" class=\"\" alt=\"\" \/>\t<div class=\"dekode-link-card__content\">\n\t\t\t\t<p class=\"dekode-link-card__title\">\n\t\t\tAutoStore\t\t<\/p>\n\t\t\t<\/div>\n\t<\/a>\n\n\t\t\t<\/div>\n\t\t<\/div>","protected":false},"excerpt":{"rendered":"<p>Von der ersten Beratung bis zur Systemimplementierung sorgen wir daf\u00fcr, dass unsere L\u00f6sungen auf die Bed\u00fcrfnisse Ihres Unternehmens zugeschnitten sind. [&hellip;]<\/p>\n","protected":false},"author":26,"featured_media":217,"parent":266,"menu_order":0,"comment_status":"closed","ping_status":"closed","template":"","meta":{"hreflang_relation":0,"_el_cross_publish_source_blog_url":"","_el_cross_publish_source_blog_id":0,"_el_cross_publish_source_post_id":0,"_el_cross_publish_sync_state":"","exclude_from_search":false,"footnotes":""},"class_list":["post-429","page","type-page","status-publish","has-post-thumbnail","hentry"],"yoast_head":"<!-- This site is optimized with the Yoast SEO Premium plugin v23.9 (Yoast SEO v23.9) - https:\/\/yoast.com\/wordpress\/plugins\/seo\/ -->\n<title>Service und Support - Element Logic Deutschland<\/title>\n<meta name=\"description\" content=\"Unser Ziel ist es, Kundennutzen zu liefern, der Ihre Erwartungen \u00fcbertrifft.\" \/>\n<meta name=\"robots\" content=\"index, follow, max-snippet:-1, max-image-preview:large, max-video-preview:-1\" \/>\n<link rel=\"canonical\" href=\"https:\/\/www.elementlogic.net\/de\/dienstleistungen-losungen\/service-und-support\/\" \/>\n<meta property=\"og:locale\" content=\"de_DE\" \/>\n<meta property=\"og:type\" content=\"article\" \/>\n<meta property=\"og:title\" content=\"Service und Support\" \/>\n<meta property=\"og:description\" content=\"Unser Ziel ist es, Kundennutzen zu liefern, der Ihre Erwartungen \u00fcbertrifft.\" \/>\n<meta property=\"og:url\" content=\"https:\/\/www.elementlogic.net\/de\/dienstleistungen-losungen\/service-und-support\/\" \/>\n<meta property=\"og:site_name\" content=\"Element Logic Deutschland\" \/>\n<meta property=\"article:modified_time\" content=\"2026-01-23T13:23:35+00:00\" \/>\n<meta property=\"og:image\" content=\"https:\/\/www.elementlogic.net\/content\/uploads\/sites\/17\/\/2024\/09\/Wallpaper-8-scaled.jpg\" \/>\n\t<meta property=\"og:image:width\" content=\"2560\" \/>\n\t<meta property=\"og:image:height\" content=\"1072\" \/>\n\t<meta property=\"og:image:type\" content=\"image\/jpeg\" \/>\n<meta name=\"twitter:card\" content=\"summary_large_image\" \/>\n<meta name=\"twitter:label1\" content=\"Gesch\u00e4tzte Lesezeit\" \/>\n\t<meta name=\"twitter:data1\" content=\"4\u00a0Minuten\" \/>\n<script type=\"application\/ld+json\" class=\"yoast-schema-graph\">{\"@context\":\"https:\/\/schema.org\",\"@graph\":[{\"@type\":\"WebPage\",\"@id\":\"https:\/\/www.elementlogic.net\/de\/dienstleistungen-losungen\/service-und-support\/\",\"url\":\"https:\/\/www.elementlogic.net\/de\/dienstleistungen-losungen\/service-und-support\/\",\"name\":\"Service und Support - Element Logic Deutschland\",\"isPartOf\":{\"@id\":\"https:\/\/www.elementlogic.net\/de\/#website\"},\"primaryImageOfPage\":{\"@id\":\"https:\/\/www.elementlogic.net\/de\/dienstleistungen-losungen\/service-und-support\/#primaryimage\"},\"image\":{\"@id\":\"https:\/\/www.elementlogic.net\/de\/dienstleistungen-losungen\/service-und-support\/#primaryimage\"},\"thumbnailUrl\":\"https:\/\/www.elementlogic.net\/content\/uploads\/sites\/17\/\/2024\/09\/Wallpaper-8-scaled.jpg\",\"datePublished\":\"2024-08-22T17:52:00+00:00\",\"dateModified\":\"2026-01-23T13:23:35+00:00\",\"description\":\"Unser Ziel ist es, Kundennutzen zu liefern, der Ihre Erwartungen \u00fcbertrifft.\",\"breadcrumb\":{\"@id\":\"https:\/\/www.elementlogic.net\/de\/dienstleistungen-losungen\/service-und-support\/#breadcrumb\"},\"inLanguage\":\"de\",\"potentialAction\":[{\"@type\":\"ReadAction\",\"target\":[\"https:\/\/www.elementlogic.net\/de\/dienstleistungen-losungen\/service-und-support\/\"]}]},{\"@type\":\"ImageObject\",\"inLanguage\":\"de\",\"@id\":\"https:\/\/www.elementlogic.net\/de\/dienstleistungen-losungen\/service-und-support\/#primaryimage\",\"url\":\"https:\/\/www.elementlogic.net\/content\/uploads\/sites\/17\/\/2024\/09\/Wallpaper-8-scaled.jpg\",\"contentUrl\":\"https:\/\/www.elementlogic.net\/content\/uploads\/sites\/17\/\/2024\/09\/Wallpaper-8-scaled.jpg\",\"width\":2560,\"height\":1072},{\"@type\":\"BreadcrumbList\",\"@id\":\"https:\/\/www.elementlogic.net\/de\/dienstleistungen-losungen\/service-und-support\/#breadcrumb\",\"itemListElement\":[{\"@type\":\"ListItem\",\"position\":1,\"name\":\"L\u00f6sungen und Serviceleistungen\",\"item\":\"https:\/\/www.elementlogic.net\/de\/dienstleistungen-losungen\/\"},{\"@type\":\"ListItem\",\"position\":2,\"name\":\"Service und Support\"}]},{\"@type\":\"WebSite\",\"@id\":\"https:\/\/www.elementlogic.net\/de\/#website\",\"url\":\"https:\/\/www.elementlogic.net\/de\/\",\"name\":\"Element Logic Deutschland\",\"description\":\"Optimizing Warehouse Performance\",\"potentialAction\":[{\"@type\":\"SearchAction\",\"target\":{\"@type\":\"EntryPoint\",\"urlTemplate\":\"https:\/\/www.elementlogic.net\/de\/?s={search_term_string}\"},\"query-input\":{\"@type\":\"PropertyValueSpecification\",\"valueRequired\":true,\"valueName\":\"search_term_string\"}}],\"inLanguage\":\"de\"}]}<\/script>\n<!-- \/ Yoast SEO Premium plugin. -->","yoast_head_json":{"title":"Service und Support - Element Logic Deutschland","description":"Unser Ziel ist es, Kundennutzen zu liefern, der Ihre Erwartungen \u00fcbertrifft.","robots":{"index":"index","follow":"follow","max-snippet":"max-snippet:-1","max-image-preview":"max-image-preview:large","max-video-preview":"max-video-preview:-1"},"canonical":"https:\/\/www.elementlogic.net\/de\/dienstleistungen-losungen\/service-und-support\/","og_locale":"de_DE","og_type":"article","og_title":"Service und Support","og_description":"Unser Ziel ist es, Kundennutzen zu liefern, der Ihre Erwartungen \u00fcbertrifft.","og_url":"https:\/\/www.elementlogic.net\/de\/dienstleistungen-losungen\/service-und-support\/","og_site_name":"Element Logic Deutschland","article_modified_time":"2026-01-23T13:23:35+00:00","og_image":[{"width":2560,"height":1072,"url":"https:\/\/www.elementlogic.net\/content\/uploads\/sites\/17\/\/2024\/09\/Wallpaper-8-scaled.jpg","type":"image\/jpeg"}],"twitter_card":"summary_large_image","twitter_misc":{"Gesch\u00e4tzte Lesezeit":"4\u00a0Minuten"},"schema":{"@context":"https:\/\/schema.org","@graph":[{"@type":"WebPage","@id":"https:\/\/www.elementlogic.net\/de\/dienstleistungen-losungen\/service-und-support\/","url":"https:\/\/www.elementlogic.net\/de\/dienstleistungen-losungen\/service-und-support\/","name":"Service und Support - Element Logic Deutschland","isPartOf":{"@id":"https:\/\/www.elementlogic.net\/de\/#website"},"primaryImageOfPage":{"@id":"https:\/\/www.elementlogic.net\/de\/dienstleistungen-losungen\/service-und-support\/#primaryimage"},"image":{"@id":"https:\/\/www.elementlogic.net\/de\/dienstleistungen-losungen\/service-und-support\/#primaryimage"},"thumbnailUrl":"https:\/\/www.elementlogic.net\/content\/uploads\/sites\/17\/\/2024\/09\/Wallpaper-8-scaled.jpg","datePublished":"2024-08-22T17:52:00+00:00","dateModified":"2026-01-23T13:23:35+00:00","description":"Unser Ziel ist es, Kundennutzen zu liefern, der Ihre Erwartungen \u00fcbertrifft.","breadcrumb":{"@id":"https:\/\/www.elementlogic.net\/de\/dienstleistungen-losungen\/service-und-support\/#breadcrumb"},"inLanguage":"de","potentialAction":[{"@type":"ReadAction","target":["https:\/\/www.elementlogic.net\/de\/dienstleistungen-losungen\/service-und-support\/"]}]},{"@type":"ImageObject","inLanguage":"de","@id":"https:\/\/www.elementlogic.net\/de\/dienstleistungen-losungen\/service-und-support\/#primaryimage","url":"https:\/\/www.elementlogic.net\/content\/uploads\/sites\/17\/\/2024\/09\/Wallpaper-8-scaled.jpg","contentUrl":"https:\/\/www.elementlogic.net\/content\/uploads\/sites\/17\/\/2024\/09\/Wallpaper-8-scaled.jpg","width":2560,"height":1072},{"@type":"BreadcrumbList","@id":"https:\/\/www.elementlogic.net\/de\/dienstleistungen-losungen\/service-und-support\/#breadcrumb","itemListElement":[{"@type":"ListItem","position":1,"name":"L\u00f6sungen und Serviceleistungen","item":"https:\/\/www.elementlogic.net\/de\/dienstleistungen-losungen\/"},{"@type":"ListItem","position":2,"name":"Service und Support"}]},{"@type":"WebSite","@id":"https:\/\/www.elementlogic.net\/de\/#website","url":"https:\/\/www.elementlogic.net\/de\/","name":"Element Logic Deutschland","description":"Optimizing Warehouse Performance","potentialAction":[{"@type":"SearchAction","target":{"@type":"EntryPoint","urlTemplate":"https:\/\/www.elementlogic.net\/de\/?s={search_term_string}"},"query-input":{"@type":"PropertyValueSpecification","valueRequired":true,"valueName":"search_term_string"}}],"inLanguage":"de"}]}},"_links":{"self":[{"href":"https:\/\/www.elementlogic.net\/de\/wp-json\/wp\/v2\/pages\/429"}],"collection":[{"href":"https:\/\/www.elementlogic.net\/de\/wp-json\/wp\/v2\/pages"}],"about":[{"href":"https:\/\/www.elementlogic.net\/de\/wp-json\/wp\/v2\/types\/page"}],"author":[{"embeddable":true,"href":"https:\/\/www.elementlogic.net\/de\/wp-json\/wp\/v2\/users\/26"}],"replies":[{"embeddable":true,"href":"https:\/\/www.elementlogic.net\/de\/wp-json\/wp\/v2\/comments?post=429"}],"version-history":[{"count":4,"href":"https:\/\/www.elementlogic.net\/de\/wp-json\/wp\/v2\/pages\/429\/revisions"}],"predecessor-version":[{"id":3604,"href":"https:\/\/www.elementlogic.net\/de\/wp-json\/wp\/v2\/pages\/429\/revisions\/3604"}],"up":[{"embeddable":true,"href":"https:\/\/www.elementlogic.net\/de\/wp-json\/wp\/v2\/pages\/266"}],"wp:featuredmedia":[{"embeddable":true,"href":"https:\/\/www.elementlogic.net\/de\/wp-json\/wp\/v2\/media\/217"}],"wp:attachment":[{"href":"https:\/\/www.elementlogic.net\/de\/wp-json\/wp\/v2\/media?parent=429"}],"curies":[{"name":"wp","href":"https:\/\/api.w.org\/{rel}","templated":true}]}}