{"id":432,"date":"2024-08-22T19:50:10","date_gmt":"2024-08-22T17:50:10","guid":{"rendered":"https:\/\/www.elementlogic.net\/?page_id=264"},"modified":"2024-10-23T15:10:53","modified_gmt":"2024-10-23T13:10:53","slug":"materialflusssysteme","status":"publish","type":"page","link":"https:\/\/www.elementlogic.net\/de\/dienstleistungen-losungen\/materialflusssysteme\/","title":{"rendered":"Materialflussysteme"},"content":{"rendered":"\n\t\t<div style=\"--dekode-hero-dim:0.5; --t2-icon-fill:var(--wp--preset--color--white); min-height:500px;\" class=\"alignfull dekode-hero-content-position-center has-media-background wp-elements-03e7ebafa30f0277e43f41a146262a78 wp-block-dekode-hero has-text-color has-white-color\">\n\t\t\t\t\t<video\n\t\t\tautoplay\n\t\t\tloop\n\t\t\tmuted\n\t\t\tplaysinline\n\t\t\tposter=\"https:\/\/www.elementlogic.net\/content\/uploads\/sites\/17\/\/2024\/09\/fallback-material-handing.jpg\"\n\t\t\tsrc=\"https:\/\/www.elementlogic.net\/content\/uploads\/sites\/17\/\/2024\/09\/flow.mp4\">\n\t\t<\/video>\n\t\t\n\t\t\t<div class=\"dekode-hero__content\">\n\t\t\t\t<div class=\"dekode-hero__container\">\n\t\t\t\t\t\n\n<h1 class=\"wp-block-heading has-text-align-center\" id=\"materialflusssysteme-und-autostore-im-einklang\">Materialflusssysteme und AutoStore im Einklang<\/h1>\n\n\n\n<p class=\"has-text-align-center\">Wir bei Element Logic helfen unseren Kunden bei der Abwicklung ihrer Bestellungen. Um dynamische L\u00f6sungen zu entwickeln, die profitabel und nachhaltig sind, sind unsere flexiblen Materialfluss-systeme unverzichtbar.<\/p>\n\n\n\n<div class=\"wp-block-buttons is-content-justification-center is-layout-flex wp-container-core-buttons-is-layout-1 wp-block-buttons-is-layout-flex\">\n<div class=\"wp-block-button has-icon has-icon-theme_arrow\"><a class=\"wp-block-button__link has-text-align-left wp-element-button\" href=\"https:\/\/www.elementlogic.net\/de\/kontaktieren-sie-uns\/\">Kontaktieren Sie uns f\u00fcr ausf\u00fchrliche Informationen<svg xmlns=\"http:\/\/www.w3.org\/2000\/svg\" viewBox=\"0 0 24 24\" height=\"24\" width=\"24\" class=\"t2-icon t2-icon-theme_arrow\" aria-hidden=\"true\" focusable=\"false\"><path d=\"M16.627 12.75H5.25C5.03717 12.75 4.859 12.6782 4.7155 12.5345C4.57183 12.391 4.5 12.2128 4.5 12C4.5 11.7872 4.57183 11.609 4.7155 11.4655C4.859 11.3218 5.03717 11.25 5.25 11.25H16.627L11.4577 6.08076C11.3091 5.93209 11.2357 5.75809 11.2375 5.55876C11.2395 5.35942 11.318 5.18217 11.473 5.02701C11.6282 4.88217 11.8038 4.80717 12 4.80201C12.1962 4.79684 12.3718 4.87184 12.527 5.02701L18.8673 11.3673C18.9609 11.4609 19.0269 11.5597 19.0652 11.6635C19.1037 11.7673 19.123 11.8795 19.123 12C19.123 12.1205 19.1037 12.2327 19.0652 12.3365C19.0269 12.4403 18.9609 12.5391 18.8673 12.6328L12.527 18.973C12.3885 19.1115 12.217 19.1823 12.0125 19.1855C11.808 19.1887 11.6282 19.1178 11.473 18.973C11.318 18.8178 11.2405 18.6397 11.2405 18.4385C11.2405 18.2372 11.318 18.0589 11.473 17.9038L16.627 12.75Z\" fill=\"var(--t2-icon-fill, #000)\"\/><\/svg><\/a><\/div>\n<\/div>\n\n\n\t\t\t\t<\/div>\n\t\t\t<\/div>\n\t\t<\/div>\n\t\t\n\n\n<p>Gesamtl\u00f6sungen umfassen Lagerung, Kommissionierung, Transport, Sortierung sowie Prozesssteuerung. Jeder Schritt, den die Ware auf ihrem Weg durch Ihr automatisiertes Lager zur\u00fccklegt, ist abgestimmt auf die automatischen Prozesse von AutoStore optimiert \u2013 als Garantie f\u00fcr Effizienz, Zuverl\u00e4ssigkeit und ein sicheres Arbeitsumfeld.<\/p>\n\n\n\n<p>Bei der Lagerautomation von Element Logic dreht sich alles um das System von AutoStore und die Abstimmung darauf. Wir arbeiten mit den am besten geeigneten Herstellern f\u00fcr Hardware und externer Technologie zusammen und w\u00e4hlen die bestm\u00f6gliche L\u00f6sung f\u00fcr Ihre Bed\u00fcrfnisse aus. Das Materialflusssystem ist ein Kernelement der Gesamtl\u00f6sung zur Optimierung des ein- und ausgehenden Warenflusses.<\/p>\n\n\n\n\t\t<blockquote class=\"wp-block-dekode-quote\">\n\t\t\t<div class=\"wp-block-dekode-quote__icon\">\n\t\t\t\t<img loading=\"lazy\" decoding=\"async\" width=\"300\" height=\"300\" src=\"https:\/\/www.elementlogic.net\/content\/uploads\/sites\/17\/\/2024\/09\/element-logic-michael-300x300.jpg\" class=\"quote-image\" alt=\"\" srcset=\"https:\/\/www.elementlogic.net\/content\/uploads\/sites\/17\/2024\/09\/element-logic-michael-300x300.jpg 300w, https:\/\/www.elementlogic.net\/content\/uploads\/sites\/17\/2024\/09\/element-logic-michael-150x150.jpg 150w, https:\/\/www.elementlogic.net\/content\/uploads\/sites\/17\/2024\/09\/element-logic-michael.jpg 500w\" sizes=\"(max-width: 300px) 100vw, 300px\" \/><svg xmlns=\"http:\/\/www.w3.org\/2000\/svg\" viewBox=\"0 0 24 24\" height=\"96\" width=\"96\" class=\"t2-icon t2-icon-theme_quote\" aria-hidden=\"true\" focusable=\"false\"><path d=\"M6.7808 16.5288L8.49055 13.5673C8.43289 13.5993 8.36555 13.6217 8.28855 13.6345C8.21155 13.6473 8.13464 13.6538 8.0578 13.6538C7.04114 13.6538 6.17797 13.2958 5.4683 12.5798C4.7588 11.8638 4.40405 11.0038 4.40405 10C4.40405 8.98334 4.7588 8.12017 5.4683 7.4105C6.17797 6.701 7.04114 6.34625 8.0578 6.34625C9.06164 6.34625 9.92155 6.701 10.6376 7.4105C11.3536 8.12017 11.7116 8.98334 11.7116 10C11.7116 10.3513 11.669 10.6783 11.5838 10.9808C11.4985 11.2833 11.3737 11.5718 11.2096 11.8463L8.07305 17.2788C8.00905 17.3904 7.92122 17.4808 7.80955 17.55C7.69805 17.6192 7.57305 17.6538 7.43455 17.6538C7.14739 17.6538 6.93205 17.5288 6.78855 17.2788C6.64489 17.0288 6.6423 16.7788 6.7808 16.5288ZM15.6656 16.5288L17.3751 13.5673C17.3174 13.5993 17.2501 13.6217 17.1731 13.6345C17.0962 13.6473 17.0193 13.6538 16.9423 13.6538C15.9256 13.6538 15.0626 13.2958 14.3531 12.5798C13.6434 11.8638 13.2886 11.0038 13.2886 10C13.2886 8.977 13.6434 8.11225 14.3531 7.40575C15.0626 6.69942 15.9256 6.34625 16.9423 6.34625C17.9461 6.34625 18.8061 6.701 19.5221 7.4105C20.2381 8.12017 20.5961 8.98334 20.5961 10C20.5961 10.3513 20.5535 10.6783 20.4683 10.9808C20.383 11.2833 20.2583 11.5718 20.0943 11.8463L16.9578 17.2788C16.8936 17.3904 16.8058 17.4808 16.6943 17.55C16.5828 17.6192 16.4578 17.6538 16.3193 17.6538C16.0321 17.6538 15.8167 17.5288 15.6731 17.2788C15.5296 17.0288 15.5271 16.7788 15.6656 16.5288Z\" fill=\"var(--t2-icon-fill, #000)\"\/><\/svg>\n\t\t\t<\/div>\n\t\t\t<div class=\"wp-block-dekode-quote__text\">\n\t\t\t\t<p>Unser flexibler Ansatz hinsichtlich der Gesamtl\u00f6sung tr\u00e4gt einen Mehrwert zur AutoStore-Erfahrung unserer Kunden bei. Jedes Systemdesign ist so optimiert, dass der Kunde den gr\u00f6\u00dftm\u00f6glichen Nutzen aus der L\u00f6sung zieht.<\/p>\n<cite>Michael Kawalier, Managing Director Sales, Element Logic Germany<\/cite>\n\t\t\t<\/div>\n\t\t<\/blockquote>\n\n\n<figure class=\"wp-block-image alignwide size-large\"><img loading=\"lazy\" decoding=\"async\" width=\"1024\" height=\"576\" src=\"https:\/\/www.elementlogic.net\/content\/uploads\/sites\/17\/\/2024\/09\/Material-flow-handling_01-1024x576.jpg\" alt=\"\" class=\"wp-image-726\" srcset=\"https:\/\/www.elementlogic.net\/content\/uploads\/sites\/17\/2024\/09\/Material-flow-handling_01-1024x576.jpg 1024w, https:\/\/www.elementlogic.net\/content\/uploads\/sites\/17\/2024\/09\/Material-flow-handling_01-300x169.jpg 300w, https:\/\/www.elementlogic.net\/content\/uploads\/sites\/17\/2024\/09\/Material-flow-handling_01-768x432.jpg 768w, https:\/\/www.elementlogic.net\/content\/uploads\/sites\/17\/2024\/09\/Material-flow-handling_01-1536x864.jpg 1536w, https:\/\/www.elementlogic.net\/content\/uploads\/sites\/17\/2024\/09\/Material-flow-handling_01.jpg 1600w\" sizes=\"(max-width: 1024px) 100vw, 1024px\" \/><\/figure>\n\n\n\n<h2 class=\"wp-block-heading\" id=\"schaffung-eines-zuverlassigen-und-effizienten-workflows\">Schaffung eines zuverl\u00e4ssigen und effizienten Workflows<\/h2>\n\n\n\n<p>Die typische L\u00f6sung enth\u00e4lt F\u00f6rdertechnik zur Optimierung des Warenstroms vom Wareneingang bis zum Warenausgang. Je nach Projektumfang kann die Gesamtl\u00f6sung Verpackungsmaschinen f\u00fcr Kartons oder Versandtaschen, automatische Kartonaufrichter, Etikettiermaschinen, Sortiersysteme f\u00fcr ausgehende Bestellungen und die interne Verteilung im Lager beinhalten.<\/p>\n\n\n\n<p>Materialflusssysteme mit F\u00f6rdertechnik, Verpackungs- und Sortiersystemen ist die n\u00e4chste Ebene der Automation in Kombination mit AutoStore und eManager. In Ihrer Gesamtheit schaffen diese Prozesse einen zuverl\u00e4ssigen und effizienten Workflow, mit dem Ihr Unternehmen wachsen kann.<\/p>\n\n\n\n\t\t<div class=\"wp-block-dekode-simple-cta\">\n\t\t\t<div class=\"dekode-simple-cta__inner\">\n\n<h3 class=\"wp-block-heading\" id=\"mochten-sie-mehr-uber-die-materialflusssysteme-und-autostore-losungen-von-element-logic-erfahren\">M\u00f6chten Sie mehr \u00fcber die Materialflusssysteme- und AutoStore-L\u00f6sungen von Element Logic erfahren?<\/h3>\n\n\n\n<div class=\"wp-block-buttons is-layout-flex wp-block-buttons-is-layout-flex\">\n<div class=\"wp-block-button has-icon has-icon-theme_arrow\"><a class=\"wp-block-button__link wp-element-button\" href=\"https:\/\/www.elementlogic.net\/de\/kontaktieren-sie-uns\/\">Kontaktieren Sie uns<svg xmlns=\"http:\/\/www.w3.org\/2000\/svg\" viewBox=\"0 0 24 24\" height=\"24\" width=\"24\" class=\"t2-icon t2-icon-theme_arrow\" aria-hidden=\"true\" focusable=\"false\"><path d=\"M16.627 12.75H5.25C5.03717 12.75 4.859 12.6782 4.7155 12.5345C4.57183 12.391 4.5 12.2128 4.5 12C4.5 11.7872 4.57183 11.609 4.7155 11.4655C4.859 11.3218 5.03717 11.25 5.25 11.25H16.627L11.4577 6.08076C11.3091 5.93209 11.2357 5.75809 11.2375 5.55876C11.2395 5.35942 11.318 5.18217 11.473 5.02701C11.6282 4.88217 11.8038 4.80717 12 4.80201C12.1962 4.79684 12.3718 4.87184 12.527 5.02701L18.8673 11.3673C18.9609 11.4609 19.0269 11.5597 19.0652 11.6635C19.1037 11.7673 19.123 11.8795 19.123 12C19.123 12.1205 19.1037 12.2327 19.0652 12.3365C19.0269 12.4403 18.9609 12.5391 18.8673 12.6328L12.527 18.973C12.3885 19.1115 12.217 19.1823 12.0125 19.1855C11.808 19.1887 11.6282 19.1178 11.473 18.973C11.318 18.8178 11.2405 18.6397 11.2405 18.4385C11.2405 18.2372 11.318 18.0589 11.473 17.9038L16.627 12.75Z\" fill=\"var(--t2-icon-fill, #000)\"\/><\/svg><\/a><\/div>\n<\/div>\n\n<\/div>\n\t\t<\/div>\n\n\n<h3 class=\"wp-block-heading has-text-align-center\" id=\"erfahren-sie-mehr-uber-unsere-losungen-und-dienstleistungen\">Erfahren Sie mehr \u00fcber unsere L\u00f6sungen und Dienstleistungen<\/h3>\n\n\n\n\t\t<div style=\"--link-cards-grid-columns: 3\" class=\"dekode-link-cards has-3-columns wp-block-dekode-link-cards\">\n\t\t\t<div class=\"dekode-link-cards__items\">\n\t\t\t\t\n<a class=\"wp-block-dekode-link-card\" href=\"https:\/\/www.elementlogic.net\/de\/dienstleistungen-losungen\/autostore\/\"><img loading=\"lazy\" decoding=\"async\" width=\"768\" height=\"513\" src=\"https:\/\/www.elementlogic.net\/content\/uploads\/sites\/17\/\/2024\/09\/image-121-768x513.png\" class=\"\" alt=\"\" \/>\t<div class=\"dekode-link-card__content\">\n\t\t\t\t<p class=\"dekode-link-card__title\">\n\t\t\tAutoStore\t\t<\/p>\n\t\t\t<\/div>\n\t<\/a>\n\n<a class=\"wp-block-dekode-link-card\" href=\"https:\/\/www.elementlogic.net\/de\/dienstleistungen-losungen\/robotiklosungen\/\"><img loading=\"lazy\" decoding=\"async\" width=\"768\" height=\"512\" src=\"https:\/\/www.elementlogic.net\/content\/uploads\/sites\/17\/\/2024\/09\/Element-Logic-Bertel-O.-Steen-warehouse-768x512.jpg\" class=\"\" alt=\"\" \/>\t<div class=\"dekode-link-card__content\">\n\t\t\t\t<p class=\"dekode-link-card__title\">\n\t\t\tRobotik-l\u00f6sungen\t\t<\/p>\n\t\t\t<\/div>\n\t<\/a>\n\n<a class=\"wp-block-dekode-link-card\" href=\"https:\/\/www.elementlogic.net\/de\/dienstleistungen-losungen\/software\/\"><img loading=\"lazy\" decoding=\"async\" width=\"768\" height=\"512\" src=\"https:\/\/www.elementlogic.net\/content\/uploads\/sites\/17\/\/2024\/09\/image-68-768x512.png\" class=\"\" alt=\"\" \/>\t<div class=\"dekode-link-card__content\">\n\t\t\t\t<p class=\"dekode-link-card__title\">\n\t\t\tSoftware\t\t<\/p>\n\t\t\t<\/div>\n\t<\/a>\n\n\t\t\t<\/div>\n\t\t<\/div>","protected":false},"excerpt":{"rendered":"<p>Gesamtl\u00f6sungen umfassen Lagerung, Kommissionierung, Transport, Sortierung sowie Prozesssteuerung. Jeder Schritt, den die Ware auf ihrem Weg durch Ihr automatisiertes Lager [&hellip;]<\/p>\n","protected":false},"author":26,"featured_media":635,"parent":266,"menu_order":0,"comment_status":"closed","ping_status":"closed","template":"","meta":{"hreflang_relation":0,"_el_cross_publish_source_blog_url":"","_el_cross_publish_source_blog_id":0,"_el_cross_publish_source_post_id":0,"_el_cross_publish_sync_state":"","exclude_from_search":false,"footnotes":""},"class_list":["post-432","page","type-page","status-publish","has-post-thumbnail","hentry"],"yoast_head":"<!-- This site is optimized with the Yoast SEO Premium plugin v23.9 (Yoast SEO v23.9) - https:\/\/yoast.com\/wordpress\/plugins\/seo\/ -->\n<title>Materialflussysteme - Element Logic Deutschland<\/title>\n<meta name=\"description\" content=\"Wir bei Element Logic helfen unseren Kunden bei der Abwicklung ihrer Bestellungen. Um dynamische L\u00f6sungen zu entwickeln, die profitabel und nachhaltig sind, sind unsere flexiblen Materialfluss-systeme unverzichtbar.\" \/>\n<meta name=\"robots\" content=\"index, follow, max-snippet:-1, max-image-preview:large, max-video-preview:-1\" \/>\n<link rel=\"canonical\" href=\"https:\/\/www.elementlogic.net\/de\/dienstleistungen-losungen\/materialflusssysteme\/\" \/>\n<meta property=\"og:locale\" content=\"de_DE\" \/>\n<meta property=\"og:type\" content=\"article\" \/>\n<meta property=\"og:title\" content=\"Materialflussysteme\" \/>\n<meta property=\"og:description\" content=\"Wir bei Element Logic helfen unseren Kunden bei der Abwicklung ihrer Bestellungen. Um dynamische L\u00f6sungen zu entwickeln, die profitabel und nachhaltig sind, sind unsere flexiblen Materialfluss-systeme unverzichtbar.\" \/>\n<meta property=\"og:url\" content=\"https:\/\/www.elementlogic.net\/de\/dienstleistungen-losungen\/materialflusssysteme\/\" \/>\n<meta property=\"og:site_name\" content=\"Element Logic Deutschland\" \/>\n<meta property=\"article:modified_time\" content=\"2024-10-23T13:10:53+00:00\" \/>\n<meta property=\"og:image\" content=\"https:\/\/www.elementlogic.net\/content\/uploads\/sites\/17\/\/2024\/09\/tti-AutoStore-Swing-Ports.jpg\" \/>\n\t<meta property=\"og:image:width\" content=\"1600\" \/>\n\t<meta property=\"og:image:height\" content=\"1067\" \/>\n\t<meta property=\"og:image:type\" content=\"image\/jpeg\" \/>\n<meta name=\"twitter:card\" content=\"summary_large_image\" \/>\n<meta name=\"twitter:label1\" content=\"Gesch\u00e4tzte Lesezeit\" \/>\n\t<meta name=\"twitter:data1\" content=\"2\u00a0Minuten\" \/>\n<script type=\"application\/ld+json\" class=\"yoast-schema-graph\">{\"@context\":\"https:\/\/schema.org\",\"@graph\":[{\"@type\":\"WebPage\",\"@id\":\"https:\/\/www.elementlogic.net\/de\/dienstleistungen-losungen\/materialflusssysteme\/\",\"url\":\"https:\/\/www.elementlogic.net\/de\/dienstleistungen-losungen\/materialflusssysteme\/\",\"name\":\"Materialflussysteme - Element Logic Deutschland\",\"isPartOf\":{\"@id\":\"https:\/\/www.elementlogic.net\/de\/#website\"},\"primaryImageOfPage\":{\"@id\":\"https:\/\/www.elementlogic.net\/de\/dienstleistungen-losungen\/materialflusssysteme\/#primaryimage\"},\"image\":{\"@id\":\"https:\/\/www.elementlogic.net\/de\/dienstleistungen-losungen\/materialflusssysteme\/#primaryimage\"},\"thumbnailUrl\":\"https:\/\/www.elementlogic.net\/content\/uploads\/sites\/17\/\/2024\/09\/tti-AutoStore-Swing-Ports.jpg\",\"datePublished\":\"2024-08-22T17:50:10+00:00\",\"dateModified\":\"2024-10-23T13:10:53+00:00\",\"description\":\"Wir bei Element Logic helfen unseren Kunden bei der Abwicklung ihrer Bestellungen. Um dynamische L\u00f6sungen zu entwickeln, die profitabel und nachhaltig sind, sind unsere flexiblen Materialfluss-systeme unverzichtbar.\",\"breadcrumb\":{\"@id\":\"https:\/\/www.elementlogic.net\/de\/dienstleistungen-losungen\/materialflusssysteme\/#breadcrumb\"},\"inLanguage\":\"de\",\"potentialAction\":[{\"@type\":\"ReadAction\",\"target\":[\"https:\/\/www.elementlogic.net\/de\/dienstleistungen-losungen\/materialflusssysteme\/\"]}]},{\"@type\":\"ImageObject\",\"inLanguage\":\"de\",\"@id\":\"https:\/\/www.elementlogic.net\/de\/dienstleistungen-losungen\/materialflusssysteme\/#primaryimage\",\"url\":\"https:\/\/www.elementlogic.net\/content\/uploads\/sites\/17\/\/2024\/09\/tti-AutoStore-Swing-Ports.jpg\",\"contentUrl\":\"https:\/\/www.elementlogic.net\/content\/uploads\/sites\/17\/\/2024\/09\/tti-AutoStore-Swing-Ports.jpg\",\"width\":1600,\"height\":1067,\"caption\":\"INCOMING GOODS: Four automated Swing Ports handle all incoming goods into the AutoStore system without additional conveying systems.\"},{\"@type\":\"BreadcrumbList\",\"@id\":\"https:\/\/www.elementlogic.net\/de\/dienstleistungen-losungen\/materialflusssysteme\/#breadcrumb\",\"itemListElement\":[{\"@type\":\"ListItem\",\"position\":1,\"name\":\"L\u00f6sungen und Serviceleistungen\",\"item\":\"https:\/\/www.elementlogic.net\/de\/dienstleistungen-losungen\/\"},{\"@type\":\"ListItem\",\"position\":2,\"name\":\"Materialflussysteme\"}]},{\"@type\":\"WebSite\",\"@id\":\"https:\/\/www.elementlogic.net\/de\/#website\",\"url\":\"https:\/\/www.elementlogic.net\/de\/\",\"name\":\"Element Logic Deutschland\",\"description\":\"Optimizing Warehouse Performance\",\"potentialAction\":[{\"@type\":\"SearchAction\",\"target\":{\"@type\":\"EntryPoint\",\"urlTemplate\":\"https:\/\/www.elementlogic.net\/de\/?s={search_term_string}\"},\"query-input\":{\"@type\":\"PropertyValueSpecification\",\"valueRequired\":true,\"valueName\":\"search_term_string\"}}],\"inLanguage\":\"de\"}]}<\/script>\n<!-- \/ Yoast SEO Premium plugin. -->","yoast_head_json":{"title":"Materialflussysteme - Element Logic Deutschland","description":"Wir bei Element Logic helfen unseren Kunden bei der Abwicklung ihrer Bestellungen. Um dynamische L\u00f6sungen zu entwickeln, die profitabel und nachhaltig sind, sind unsere flexiblen Materialfluss-systeme unverzichtbar.","robots":{"index":"index","follow":"follow","max-snippet":"max-snippet:-1","max-image-preview":"max-image-preview:large","max-video-preview":"max-video-preview:-1"},"canonical":"https:\/\/www.elementlogic.net\/de\/dienstleistungen-losungen\/materialflusssysteme\/","og_locale":"de_DE","og_type":"article","og_title":"Materialflussysteme","og_description":"Wir bei Element Logic helfen unseren Kunden bei der Abwicklung ihrer Bestellungen. Um dynamische L\u00f6sungen zu entwickeln, die profitabel und nachhaltig sind, sind unsere flexiblen Materialfluss-systeme unverzichtbar.","og_url":"https:\/\/www.elementlogic.net\/de\/dienstleistungen-losungen\/materialflusssysteme\/","og_site_name":"Element Logic Deutschland","article_modified_time":"2024-10-23T13:10:53+00:00","og_image":[{"width":1600,"height":1067,"url":"https:\/\/www.elementlogic.net\/content\/uploads\/sites\/17\/\/2024\/09\/tti-AutoStore-Swing-Ports.jpg","type":"image\/jpeg"}],"twitter_card":"summary_large_image","twitter_misc":{"Gesch\u00e4tzte Lesezeit":"2\u00a0Minuten"},"schema":{"@context":"https:\/\/schema.org","@graph":[{"@type":"WebPage","@id":"https:\/\/www.elementlogic.net\/de\/dienstleistungen-losungen\/materialflusssysteme\/","url":"https:\/\/www.elementlogic.net\/de\/dienstleistungen-losungen\/materialflusssysteme\/","name":"Materialflussysteme - Element Logic Deutschland","isPartOf":{"@id":"https:\/\/www.elementlogic.net\/de\/#website"},"primaryImageOfPage":{"@id":"https:\/\/www.elementlogic.net\/de\/dienstleistungen-losungen\/materialflusssysteme\/#primaryimage"},"image":{"@id":"https:\/\/www.elementlogic.net\/de\/dienstleistungen-losungen\/materialflusssysteme\/#primaryimage"},"thumbnailUrl":"https:\/\/www.elementlogic.net\/content\/uploads\/sites\/17\/\/2024\/09\/tti-AutoStore-Swing-Ports.jpg","datePublished":"2024-08-22T17:50:10+00:00","dateModified":"2024-10-23T13:10:53+00:00","description":"Wir bei Element Logic helfen unseren Kunden bei der Abwicklung ihrer Bestellungen. Um dynamische L\u00f6sungen zu entwickeln, die profitabel und nachhaltig sind, sind unsere flexiblen Materialfluss-systeme unverzichtbar.","breadcrumb":{"@id":"https:\/\/www.elementlogic.net\/de\/dienstleistungen-losungen\/materialflusssysteme\/#breadcrumb"},"inLanguage":"de","potentialAction":[{"@type":"ReadAction","target":["https:\/\/www.elementlogic.net\/de\/dienstleistungen-losungen\/materialflusssysteme\/"]}]},{"@type":"ImageObject","inLanguage":"de","@id":"https:\/\/www.elementlogic.net\/de\/dienstleistungen-losungen\/materialflusssysteme\/#primaryimage","url":"https:\/\/www.elementlogic.net\/content\/uploads\/sites\/17\/\/2024\/09\/tti-AutoStore-Swing-Ports.jpg","contentUrl":"https:\/\/www.elementlogic.net\/content\/uploads\/sites\/17\/\/2024\/09\/tti-AutoStore-Swing-Ports.jpg","width":1600,"height":1067,"caption":"INCOMING GOODS: Four automated Swing Ports handle all incoming goods into the AutoStore system without additional conveying systems."},{"@type":"BreadcrumbList","@id":"https:\/\/www.elementlogic.net\/de\/dienstleistungen-losungen\/materialflusssysteme\/#breadcrumb","itemListElement":[{"@type":"ListItem","position":1,"name":"L\u00f6sungen und Serviceleistungen","item":"https:\/\/www.elementlogic.net\/de\/dienstleistungen-losungen\/"},{"@type":"ListItem","position":2,"name":"Materialflussysteme"}]},{"@type":"WebSite","@id":"https:\/\/www.elementlogic.net\/de\/#website","url":"https:\/\/www.elementlogic.net\/de\/","name":"Element Logic Deutschland","description":"Optimizing Warehouse Performance","potentialAction":[{"@type":"SearchAction","target":{"@type":"EntryPoint","urlTemplate":"https:\/\/www.elementlogic.net\/de\/?s={search_term_string}"},"query-input":{"@type":"PropertyValueSpecification","valueRequired":true,"valueName":"search_term_string"}}],"inLanguage":"de"}]}},"_links":{"self":[{"href":"https:\/\/www.elementlogic.net\/de\/wp-json\/wp\/v2\/pages\/432"}],"collection":[{"href":"https:\/\/www.elementlogic.net\/de\/wp-json\/wp\/v2\/pages"}],"about":[{"href":"https:\/\/www.elementlogic.net\/de\/wp-json\/wp\/v2\/types\/page"}],"author":[{"embeddable":true,"href":"https:\/\/www.elementlogic.net\/de\/wp-json\/wp\/v2\/users\/26"}],"replies":[{"embeddable":true,"href":"https:\/\/www.elementlogic.net\/de\/wp-json\/wp\/v2\/comments?post=432"}],"version-history":[{"count":4,"href":"https:\/\/www.elementlogic.net\/de\/wp-json\/wp\/v2\/pages\/432\/revisions"}],"predecessor-version":[{"id":2340,"href":"https:\/\/www.elementlogic.net\/de\/wp-json\/wp\/v2\/pages\/432\/revisions\/2340"}],"up":[{"embeddable":true,"href":"https:\/\/www.elementlogic.net\/de\/wp-json\/wp\/v2\/pages\/266"}],"wp:featuredmedia":[{"embeddable":true,"href":"https:\/\/www.elementlogic.net\/de\/wp-json\/wp\/v2\/media\/635"}],"wp:attachment":[{"href":"https:\/\/www.elementlogic.net\/de\/wp-json\/wp\/v2\/media?parent=432"}],"curies":[{"name":"wp","href":"https:\/\/api.w.org\/{rel}","templated":true}]}}