{"id":659,"date":"2024-08-08T10:59:36","date_gmt":"2024-08-08T08:59:36","guid":{"rendered":"https:\/\/www.elementlogic.net\/?page_id=247"},"modified":"2025-04-25T11:59:18","modified_gmt":"2025-04-25T09:59:18","slug":"robotiklosungen","status":"publish","type":"page","link":"https:\/\/www.elementlogic.net\/de\/dienstleistungen-losungen\/robotiklosungen\/","title":{"rendered":"Robotikl\u00f6sungen"},"content":{"rendered":"\n\t\t<div style=\"--dekode-hero-dim:0.5; --t2-icon-fill:var(--wp--preset--color--white); min-height:500px;\" class=\"alignfull dekode-hero-content-position-center has-media-background wp-elements-9fffe9817ba1392028d1e01cc0a087d8 wp-block-dekode-hero has-text-color has-white-color\">\n\t\t\t\t\t<video\n\t\t\tautoplay\n\t\t\tloop\n\t\t\tmuted\n\t\t\tplaysinline\n\t\t\tposter=\"https:\/\/www.elementlogic.net\/content\/uploads\/sites\/17\/\/2024\/09\/fallback-eoperator.jpg\"\n\t\t\tsrc=\"https:\/\/www.elementlogic.net\/content\/uploads\/sites\/17\/\/2024\/09\/robotics.mp4\">\n\t\t<\/video>\n\t\t\n\t\t\t<div class=\"dekode-hero__content\">\n\t\t\t\t<div class=\"dekode-hero__container\">\n\t\t\t\t\t\n\n<h1 class=\"wp-block-heading has-text-align-center\" id=\"steigern-sie-ihren-automatisierungsgrad-und-damit-ihren-gewinn\">Steigern Sie Ihren Automatisierungsgrad und damit Ihren Gewinn<\/h1>\n\n\n<p class=\"t2-ingress has-text-align-center wp-block-t2-ingress\">eOperator ist der Robotergreifarm von Element Logic, der an maschinellem Lernen ausgerichtet ist. eOperator funktioniert nachweislich mit AutoStore und gilt als die Zukunft der Logistik.<\/p>\n\n\n<div class=\"wp-block-buttons is-content-justification-center is-layout-flex wp-container-core-buttons-is-layout-1 wp-block-buttons-is-layout-flex\">\n<div class=\"wp-block-button has-icon has-icon-theme_arrow\"><a class=\"wp-block-button__link has-text-align-center wp-element-button\" href=\"https:\/\/www.elementlogic.net\/de\/kontaktieren-sie-uns\/\">Kontaktieren Sie uns f\u00fcr ausf\u00fchrliche Informationen<svg xmlns=\"http:\/\/www.w3.org\/2000\/svg\" viewBox=\"0 0 24 24\" height=\"24\" width=\"24\" class=\"t2-icon t2-icon-theme_arrow\" aria-hidden=\"true\" focusable=\"false\"><path d=\"M16.627 12.75H5.25C5.03717 12.75 4.859 12.6782 4.7155 12.5345C4.57183 12.391 4.5 12.2128 4.5 12C4.5 11.7872 4.57183 11.609 4.7155 11.4655C4.859 11.3218 5.03717 11.25 5.25 11.25H16.627L11.4577 6.08076C11.3091 5.93209 11.2357 5.75809 11.2375 5.55876C11.2395 5.35942 11.318 5.18217 11.473 5.02701C11.6282 4.88217 11.8038 4.80717 12 4.80201C12.1962 4.79684 12.3718 4.87184 12.527 5.02701L18.8673 11.3673C18.9609 11.4609 19.0269 11.5597 19.0652 11.6635C19.1037 11.7673 19.123 11.8795 19.123 12C19.123 12.1205 19.1037 12.2327 19.0652 12.3365C19.0269 12.4403 18.9609 12.5391 18.8673 12.6328L12.527 18.973C12.3885 19.1115 12.217 19.1823 12.0125 19.1855C11.808 19.1887 11.6282 19.1178 11.473 18.973C11.318 18.8178 11.2405 18.6397 11.2405 18.4385C11.2405 18.2372 11.318 18.0589 11.473 17.9038L16.627 12.75Z\" fill=\"var(--t2-icon-fill, #000)\"\/><\/svg><\/a><\/div>\n<\/div>\n\n\n\t\t\t\t<\/div>\n\t\t\t<\/div>\n\t\t<\/div>\n\t\t\n\n\n<p>eOperator em\u00f6glicht die automatische Handhabung von in AutoStore gelagerter Waren, indem die preisgekr\u00f6nte Technologie der RightPick-St\u00fcckgutkommissionierung von RightHand Robotics mit Software von Element Logic kombiniert wird. Wenn AutoStore einen Artikel anliefert, ergreift ihn der Roboterarm und erledigt die Kundenbestellungen in H\u00f6chstgeschwindigkeit \u2013 immer den ROI im Blick. Er kann Tausende von Produkten greifen und platzieren, und dank der Eliminierung menschlicher Fehler erhalten Ihre Kunden genau das, was sie bestellt haben \u2013 ausnahmslos jedes Mal.<\/p>\n\n\n\n<p>Der Greifarm kann in AutoStore, eManager und jede andere Lagerverwaltungssoftware integriert werden.<\/p>\n\n\n\n<figure class=\"wp-block-embed alignwide is-type-video is-provider-youtube wp-block-embed-youtube wp-embed-aspect-16-9 wp-has-aspect-ratio\"><div class=\"wp-block-embed__wrapper\">\n<iframe loading=\"lazy\" title=\"Optimize your warehouse performance with eOperator \u2013 Element Logic\" width=\"500\" height=\"281\" src=\"https:\/\/www.youtube.com\/embed\/bkB8IuAIHd4?feature=oembed\" frameborder=\"0\" allow=\"accelerometer; autoplay; clipboard-write; encrypted-media; gyroscope; picture-in-picture; web-share\" referrerpolicy=\"strict-origin-when-cross-origin\" allowfullscreen><\/iframe>\n<\/div><\/figure>\n\n\n\n<h2 class=\"wp-block-heading\" id=\"der-greifarm-eine-neue-ebene-der-automation\">Der Greifarm \u2013 eine neue Ebene der Automation<\/h2>\n\n\n\n<p>Der eOperator ist der Mitarbeiter, der niemals m\u00fcde wird, der ohne Heizung auch im Dunkeln arbeiten kann, und der niemals krankgeschrieben werden muss. Sein \u201eGehirn\u201c l\u00e4uft auf einem hochleistungsf\u00e4higen Grafikprozessor (GPU \u2013 Graphic Processing Unit), der auf die schnelle Verarbeitung enormer Datenmengen ausgelegt ist, und nutzt maschinelles Lernen f\u00fcr die Erledigung verschiedenster Aufgaben. Er lernt St\u00fcck f\u00fcr St\u00fcck, Artikel verschiedenster Gr\u00f6\u00dfen und Formen auf die effizienteste Weise aufzunehmen. Dabei ersetzt er nicht die menschlichen Mitarbeiter, sondern arbeitet mit ihnen zusammen, um einen profitablen und optimalen Arbeitsfluss zu gew\u00e4hrleisten.<\/p>\n\n\n\n<p>Mit dem eOperator l\u00e4sst sich die Zahl der menschlichen Ber\u00fchrungspunkte innerhalb des Prozesses drastisch reduzieren, und so wird der Arbeitsfluss vom Lager zum Kunden effizienter und zuverl\u00e4ssiger. F\u00fcr Ihre Angestellten bedeutet dies, dass sie smarter arbeiten k\u00f6nnen, und nicht h\u00e4rter arbeiten m\u00fcssen. Ihr Arbeitsalltag wird ergonomischer, und ihr Grad an Verantwortung h\u00f6her.<\/p>\n\n\n\n\t\t<blockquote class=\"wp-block-dekode-quote\">\n\t\t\t<div class=\"wp-block-dekode-quote__icon\">\n\t\t\t\t<img loading=\"lazy\" decoding=\"async\" width=\"173\" height=\"173\" src=\"https:\/\/www.elementlogic.net\/content\/uploads\/sites\/17\/\/2024\/09\/Skjermbilde-2024-08-27-kl.-11.44.19.png\" class=\"quote-image\" alt=\"\" srcset=\"https:\/\/www.elementlogic.net\/content\/uploads\/sites\/17\/2024\/09\/Skjermbilde-2024-08-27-kl.-11.44.19.png 173w, https:\/\/www.elementlogic.net\/content\/uploads\/sites\/17\/2024\/09\/Skjermbilde-2024-08-27-kl.-11.44.19-150x150.png 150w\" sizes=\"(max-width: 173px) 100vw, 173px\" \/><svg xmlns=\"http:\/\/www.w3.org\/2000\/svg\" viewBox=\"0 0 24 24\" height=\"96\" width=\"96\" class=\"t2-icon t2-icon-theme_quote\" aria-hidden=\"true\" focusable=\"false\"><path d=\"M6.7808 16.5288L8.49055 13.5673C8.43289 13.5993 8.36555 13.6217 8.28855 13.6345C8.21155 13.6473 8.13464 13.6538 8.0578 13.6538C7.04114 13.6538 6.17797 13.2958 5.4683 12.5798C4.7588 11.8638 4.40405 11.0038 4.40405 10C4.40405 8.98334 4.7588 8.12017 5.4683 7.4105C6.17797 6.701 7.04114 6.34625 8.0578 6.34625C9.06164 6.34625 9.92155 6.701 10.6376 7.4105C11.3536 8.12017 11.7116 8.98334 11.7116 10C11.7116 10.3513 11.669 10.6783 11.5838 10.9808C11.4985 11.2833 11.3737 11.5718 11.2096 11.8463L8.07305 17.2788C8.00905 17.3904 7.92122 17.4808 7.80955 17.55C7.69805 17.6192 7.57305 17.6538 7.43455 17.6538C7.14739 17.6538 6.93205 17.5288 6.78855 17.2788C6.64489 17.0288 6.6423 16.7788 6.7808 16.5288ZM15.6656 16.5288L17.3751 13.5673C17.3174 13.5993 17.2501 13.6217 17.1731 13.6345C17.0962 13.6473 17.0193 13.6538 16.9423 13.6538C15.9256 13.6538 15.0626 13.2958 14.3531 12.5798C13.6434 11.8638 13.2886 11.0038 13.2886 10C13.2886 8.977 13.6434 8.11225 14.3531 7.40575C15.0626 6.69942 15.9256 6.34625 16.9423 6.34625C17.9461 6.34625 18.8061 6.701 19.5221 7.4105C20.2381 8.12017 20.5961 8.98334 20.5961 10C20.5961 10.3513 20.5535 10.6783 20.4683 10.9808C20.383 11.2833 20.2583 11.5718 20.0943 11.8463L16.9578 17.2788C16.8936 17.3904 16.8058 17.4808 16.6943 17.55C16.5828 17.6192 16.4578 17.6538 16.3193 17.6538C16.0321 17.6538 15.8167 17.5288 15.6731 17.2788C15.5296 17.0288 15.5271 16.7788 15.6656 16.5288Z\" fill=\"var(--t2-icon-fill, #000)\"\/><\/svg>\n\t\t\t<\/div>\n\t\t\t<div class=\"wp-block-dekode-quote__text\">\n\t\t\t\t<p>Der Einsatz der RightPick-Technologie zur Steigerung der Performance in der St\u00fcckkommissionierung eines automatisierten Lager ist eines der besten Bespiele daf\u00fcr, wie maschinelles Lernen in den Intralogistiksektor Eingang findet. Dies ist die Zukunft der Automatisierung.<\/p>\n<cite>Sutharshan Nadarajah, Technology Director, Element Logic<\/cite>\n\t\t\t<\/div>\n\t\t<\/blockquote>\n\n\n<h2 class=\"wp-block-heading\" id=\"wie-es-funktioniert\">Wie es funktioniert<\/h2>\n\n\n\n<p>Der eOperator besteht aus dem Greifarm, einer Kamera, die als Auge fungiert, und einer Greifhand mit Ansaugfunktion und beweglichen Fingern. Die eOperator-Technologie ist in Sekundenbruchteilen in der Lage, die schnellste Art und Weise f\u00fcr die Aufnahme eines Artikels zu ermitteln. Diese Adaptionsf\u00e4higkeit des Lernens und Verbesserns macht den eOperator so einzigartig und dient der Perfektionierung Ihrer AutoStore-L\u00f6sung.<\/p>\n\n\n\n<p>Der Greifarm wird erg\u00e4nzt durch eine intuitive Nutzerschnittstelle und Bediener-Instrumententafel sowie ein Serviceportal. F\u00fcr maximale Flexibilit\u00e4t ist er f\u00fcr die Zusammenarbeit mit Menschen konzipiert. Um sicherzustellen, dass der eOperator die gew\u00fcnschte Leistung bringt, haben Sie Zugang zu statistischen Echtzeitberichten.<\/p>\n\n\n\n<p>Der eOperator wurde von Element Logic erdacht und entwickelt und erfolgreich in die AutoStore-Lager unserer Kunden integriert. Setzen Sie sich am besten noch heute mit uns in Verbindung, um zu erfahren, wie und wann wir Ihr Lager auf das n\u00e4chste Automatisierungslevel bringen k\u00f6nnen.<\/p>\n\n\n\n<h3 class=\"wp-block-heading\" id=\"h-mochten-sie-mehr-erfahren\"><strong>M\u00f6chten Sie mehr erfahren?<\/strong><\/h3>\n\n\n\n<p><a href=\"https:\/\/www.elementlogic.net\/de\/kontaktieren-sie-uns\/\"><strong>Kontaktieren Sie uns noch heute<\/strong><\/a><\/p>\n\n\n\n\t\t<div class=\"alignwide is-mode-constrained is-gap-center has-media-on-the-right wp-block-t2-simple-media-text has-background has-cool-grey-10-background-color   \">\n\t\t\t<div class=\"t2-simple-media-text__container\">\n\t\t\t\t<div class=\"t2-simple-media-text__image\"><img loading=\"lazy\" decoding=\"async\" width=\"768\" height=\"396\" src=\"https:\/\/www.elementlogic.net\/content\/uploads\/sites\/17\/\/2024\/09\/eOperator_2-e1676308586233-768x396.jpg\" class=\"\" alt=\"\" style=\"--focalpoint: 50% 50%;\" srcset=\"https:\/\/www.elementlogic.net\/content\/uploads\/sites\/17\/2024\/09\/eOperator_2-e1676308586233-768x396.jpg 768w, https:\/\/www.elementlogic.net\/content\/uploads\/sites\/17\/2024\/09\/eOperator_2-e1676308586233-300x155.jpg 300w, https:\/\/www.elementlogic.net\/content\/uploads\/sites\/17\/2024\/09\/eOperator_2-e1676308586233-1024x527.jpg 1024w, https:\/\/www.elementlogic.net\/content\/uploads\/sites\/17\/2024\/09\/eOperator_2-e1676308586233-1536x791.jpg 1536w, https:\/\/www.elementlogic.net\/content\/uploads\/sites\/17\/2024\/09\/eOperator_2-e1676308586233.jpg 2000w\" sizes=\"(max-width: 768px) 100vw, 768px\" \/><\/div>\n\t\t\t\t<div class=\"t2-simple-media-text__content-container\">\n\t\t\t\t\t<div class=\"t2-simple-media-text__content\">\n\t\t\t\t\t\t<div class=\"t2-simple-media-text__content-inner\">\n\t\t\t\t\t\t\t\n\n<p>Ansicht des eOperators in Aktion<\/p>\n\n\n\n<h2 class=\"wp-block-heading\" id=\"online-apotheke-apotea-mit-der-weltweit-ersten-in-autostore-integrierten-roboterlosung-zur-stuckkommissionierung\">Online-Apotheke, Apotea mit der weltweit ersten in AutoStore integrierten Roboterl\u00f6sung zur St\u00fcckkommissionierung<\/h2>\n\n\n\n<div class=\"wp-block-buttons is-layout-flex wp-block-buttons-is-layout-flex\">\n<div class=\"wp-block-button is-style-fill has-icon has-icon-theme_arrow\"><a class=\"wp-block-button__link wp-element-button\" href=\"https:\/\/www.elementlogic.net\/de\/cases\/online-apotheke-apotea-setzt-auf-automatische-roboter-kommissionierung-in-verbindung-mit-autostore\/\">Erfahren Sie mehr<svg xmlns=\"http:\/\/www.w3.org\/2000\/svg\" viewBox=\"0 0 24 24\" height=\"24\" width=\"24\" class=\"t2-icon t2-icon-theme_arrow\" aria-hidden=\"true\" focusable=\"false\"><path d=\"M16.627 12.75H5.25C5.03717 12.75 4.859 12.6782 4.7155 12.5345C4.57183 12.391 4.5 12.2128 4.5 12C4.5 11.7872 4.57183 11.609 4.7155 11.4655C4.859 11.3218 5.03717 11.25 5.25 11.25H16.627L11.4577 6.08076C11.3091 5.93209 11.2357 5.75809 11.2375 5.55876C11.2395 5.35942 11.318 5.18217 11.473 5.02701C11.6282 4.88217 11.8038 4.80717 12 4.80201C12.1962 4.79684 12.3718 4.87184 12.527 5.02701L18.8673 11.3673C18.9609 11.4609 19.0269 11.5597 19.0652 11.6635C19.1037 11.7673 19.123 11.8795 19.123 12C19.123 12.1205 19.1037 12.2327 19.0652 12.3365C19.0269 12.4403 18.9609 12.5391 18.8673 12.6328L12.527 18.973C12.3885 19.1115 12.217 19.1823 12.0125 19.1855C11.808 19.1887 11.6282 19.1178 11.473 18.973C11.318 18.8178 11.2405 18.6397 11.2405 18.4385C11.2405 18.2372 11.318 18.0589 11.473 17.9038L16.627 12.75Z\" fill=\"var(--t2-icon-fill, #000)\"\/><\/svg><\/a><\/div>\n<\/div>\n\n\n\t\t\t\t\t\t<\/div>\n\t\t\t\t\t<\/div>\n\t\t\t\t<\/div>\n\t\t\t<\/div>\n\t\t<\/div>\n\t\t\n\n\n\t\t<div class=\"wp-block-dekode-simple-cta\">\n\t\t\t<div class=\"dekode-simple-cta__inner\">\n\n<h2 class=\"wp-block-heading\" id=\"sind-sie-bereit-den-nachsten-schritt-mit-uns-zu-gehen\">Sind Sie bereit den n\u00e4chsten Schritt mit uns zu gehen?<\/h2>\n\n\n\n<div class=\"wp-block-buttons is-layout-flex wp-block-buttons-is-layout-flex\">\n<div class=\"wp-block-button has-icon has-icon-theme_arrow\"><a class=\"wp-block-button__link wp-element-button\" href=\"https:\/\/www.elementlogic.net\/de\/kontaktieren-sie-uns\/\">Kontaktieren Sie uns<svg xmlns=\"http:\/\/www.w3.org\/2000\/svg\" viewBox=\"0 0 24 24\" height=\"24\" width=\"24\" class=\"t2-icon t2-icon-theme_arrow\" aria-hidden=\"true\" focusable=\"false\"><path d=\"M16.627 12.75H5.25C5.03717 12.75 4.859 12.6782 4.7155 12.5345C4.57183 12.391 4.5 12.2128 4.5 12C4.5 11.7872 4.57183 11.609 4.7155 11.4655C4.859 11.3218 5.03717 11.25 5.25 11.25H16.627L11.4577 6.08076C11.3091 5.93209 11.2357 5.75809 11.2375 5.55876C11.2395 5.35942 11.318 5.18217 11.473 5.02701C11.6282 4.88217 11.8038 4.80717 12 4.80201C12.1962 4.79684 12.3718 4.87184 12.527 5.02701L18.8673 11.3673C18.9609 11.4609 19.0269 11.5597 19.0652 11.6635C19.1037 11.7673 19.123 11.8795 19.123 12C19.123 12.1205 19.1037 12.2327 19.0652 12.3365C19.0269 12.4403 18.9609 12.5391 18.8673 12.6328L12.527 18.973C12.3885 19.1115 12.217 19.1823 12.0125 19.1855C11.808 19.1887 11.6282 19.1178 11.473 18.973C11.318 18.8178 11.2405 18.6397 11.2405 18.4385C11.2405 18.2372 11.318 18.0589 11.473 17.9038L16.627 12.75Z\" fill=\"var(--t2-icon-fill, #000)\"\/><\/svg><\/a><\/div>\n<\/div>\n\n<\/div>\n\t\t<\/div>\n\n\n<h3 class=\"wp-block-heading has-text-align-center\" id=\"erfahren-sie-mehr-uber-unsere-losungen-und-dienstleistungen\">Erfahren Sie mehr \u00fcber unsere L\u00f6sungen und Dienstleistungen<\/h3>\n\n\n\n\t\t<div style=\"--link-cards-grid-columns: 3\" class=\"dekode-link-cards has-3-columns wp-block-dekode-link-cards\">\n\t\t\t<div class=\"dekode-link-cards__items\">\n\t\t\t\t\n<a class=\"wp-block-dekode-link-card\" href=\"https:\/\/www.elementlogic.net\/de\/dienstleistungen-losungen\/autostore\/\"><img loading=\"lazy\" decoding=\"async\" width=\"768\" height=\"513\" src=\"https:\/\/www.elementlogic.net\/content\/uploads\/sites\/17\/\/2024\/09\/image-121-768x513.png\" class=\"\" alt=\"\" \/>\t<div class=\"dekode-link-card__content\">\n\t\t\t\t<p class=\"dekode-link-card__title\">\n\t\t\tAutoStore\t\t<\/p>\n\t\t\t<\/div>\n\t<\/a>\n\n<a class=\"wp-block-dekode-link-card\" href=\"https:\/\/www.elementlogic.net\/de\/dienstleistungen-losungen\/software\/\"><img loading=\"lazy\" decoding=\"async\" width=\"768\" height=\"512\" src=\"https:\/\/www.elementlogic.net\/content\/uploads\/sites\/17\/\/2024\/09\/image-68-768x512.png\" class=\"\" alt=\"\" \/>\t<div class=\"dekode-link-card__content\">\n\t\t\t\t<p class=\"dekode-link-card__title\">\n\t\t\tSoftware\t\t<\/p>\n\t\t\t<\/div>\n\t<\/a>\n\n<a class=\"wp-block-dekode-link-card\" href=\"https:\/\/www.elementlogic.net\/de\/dienstleistungen-losungen\/materialflusssysteme\/\"><img loading=\"lazy\" decoding=\"async\" width=\"768\" height=\"512\" src=\"https:\/\/www.elementlogic.net\/content\/uploads\/sites\/17\/\/2024\/09\/MFH-Royal-Design4-28167333-768x512.jpg\" class=\"\" alt=\"\" \/>\t<div class=\"dekode-link-card__content\">\n\t\t\t\t<p class=\"dekode-link-card__title\">\n\t\t\tMaterial-flusssysteme\t\t<\/p>\n\t\t\t<\/div>\n\t<\/a>\n\n\t\t\t<\/div>\n\t\t<\/div>","protected":false},"excerpt":{"rendered":"<p>eOperator em\u00f6glicht die automatische Handhabung von in AutoStore gelagerter Waren, indem die preisgekr\u00f6nte Technologie der RightPick-St\u00fcckgutkommissionierung von RightHand Robotics mit [&hellip;]<\/p>\n","protected":false},"author":26,"featured_media":337,"parent":266,"menu_order":0,"comment_status":"closed","ping_status":"closed","template":"","meta":{"hreflang_relation":0,"_el_cross_publish_source_blog_url":"","_el_cross_publish_source_blog_id":0,"_el_cross_publish_source_post_id":0,"_el_cross_publish_sync_state":"","exclude_from_search":false,"footnotes":""},"class_list":["post-659","page","type-page","status-publish","has-post-thumbnail","hentry"],"yoast_head":"<!-- This site is optimized with the Yoast SEO Premium plugin v23.9 (Yoast SEO v23.9) - https:\/\/yoast.com\/wordpress\/plugins\/seo\/ -->\n<title>Robotikl\u00f6sungen - Element Logic Deutschland<\/title>\n<meta name=\"robots\" content=\"index, follow, max-snippet:-1, max-image-preview:large, max-video-preview:-1\" \/>\n<link rel=\"canonical\" href=\"https:\/\/www.elementlogic.net\/de\/dienstleistungen-losungen\/robotiklosungen\/\" \/>\n<meta property=\"og:locale\" content=\"de_DE\" \/>\n<meta property=\"og:type\" content=\"article\" \/>\n<meta property=\"og:title\" content=\"Robotikl\u00f6sungen\" \/>\n<meta property=\"og:description\" content=\"eOperator em\u00f6glicht die automatische Handhabung von in AutoStore gelagerter Waren, indem die preisgekr\u00f6nte Technologie der RightPick-St\u00fcckgutkommissionierung von RightHand Robotics mit [&hellip;]\" \/>\n<meta property=\"og:url\" content=\"https:\/\/www.elementlogic.net\/de\/dienstleistungen-losungen\/robotiklosungen\/\" \/>\n<meta property=\"og:site_name\" content=\"Element Logic Deutschland\" \/>\n<meta property=\"article:modified_time\" content=\"2025-04-25T09:59:18+00:00\" \/>\n<meta property=\"og:image\" content=\"https:\/\/www.elementlogic.net\/content\/uploads\/sites\/17\/\/2024\/09\/Eoperator.jpeg\" \/>\n\t<meta property=\"og:image:width\" content=\"1080\" \/>\n\t<meta property=\"og:image:height\" content=\"720\" \/>\n\t<meta property=\"og:image:type\" content=\"image\/jpeg\" \/>\n<meta name=\"twitter:card\" content=\"summary_large_image\" \/>\n<meta name=\"twitter:label1\" content=\"Gesch\u00e4tzte Lesezeit\" \/>\n\t<meta name=\"twitter:data1\" content=\"3\u00a0Minuten\" \/>\n<script type=\"application\/ld+json\" class=\"yoast-schema-graph\">{\"@context\":\"https:\/\/schema.org\",\"@graph\":[{\"@type\":\"WebPage\",\"@id\":\"https:\/\/www.elementlogic.net\/de\/dienstleistungen-losungen\/robotiklosungen\/\",\"url\":\"https:\/\/www.elementlogic.net\/de\/dienstleistungen-losungen\/robotiklosungen\/\",\"name\":\"Robotikl\u00f6sungen - Element Logic Deutschland\",\"isPartOf\":{\"@id\":\"https:\/\/www.elementlogic.net\/de\/#website\"},\"primaryImageOfPage\":{\"@id\":\"https:\/\/www.elementlogic.net\/de\/dienstleistungen-losungen\/robotiklosungen\/#primaryimage\"},\"image\":{\"@id\":\"https:\/\/www.elementlogic.net\/de\/dienstleistungen-losungen\/robotiklosungen\/#primaryimage\"},\"thumbnailUrl\":\"https:\/\/www.elementlogic.net\/content\/uploads\/sites\/17\/\/2024\/09\/Eoperator.jpeg\",\"datePublished\":\"2024-08-08T08:59:36+00:00\",\"dateModified\":\"2025-04-25T09:59:18+00:00\",\"breadcrumb\":{\"@id\":\"https:\/\/www.elementlogic.net\/de\/dienstleistungen-losungen\/robotiklosungen\/#breadcrumb\"},\"inLanguage\":\"de\",\"potentialAction\":[{\"@type\":\"ReadAction\",\"target\":[\"https:\/\/www.elementlogic.net\/de\/dienstleistungen-losungen\/robotiklosungen\/\"]}]},{\"@type\":\"ImageObject\",\"inLanguage\":\"de\",\"@id\":\"https:\/\/www.elementlogic.net\/de\/dienstleistungen-losungen\/robotiklosungen\/#primaryimage\",\"url\":\"https:\/\/www.elementlogic.net\/content\/uploads\/sites\/17\/\/2024\/09\/Eoperator.jpeg\",\"contentUrl\":\"https:\/\/www.elementlogic.net\/content\/uploads\/sites\/17\/\/2024\/09\/Eoperator.jpeg\",\"width\":1080,\"height\":720},{\"@type\":\"BreadcrumbList\",\"@id\":\"https:\/\/www.elementlogic.net\/de\/dienstleistungen-losungen\/robotiklosungen\/#breadcrumb\",\"itemListElement\":[{\"@type\":\"ListItem\",\"position\":1,\"name\":\"L\u00f6sungen und Serviceleistungen\",\"item\":\"https:\/\/www.elementlogic.net\/de\/dienstleistungen-losungen\/\"},{\"@type\":\"ListItem\",\"position\":2,\"name\":\"Robotikl\u00f6sungen\"}]},{\"@type\":\"WebSite\",\"@id\":\"https:\/\/www.elementlogic.net\/de\/#website\",\"url\":\"https:\/\/www.elementlogic.net\/de\/\",\"name\":\"Element Logic Deutschland\",\"description\":\"Optimizing Warehouse Performance\",\"potentialAction\":[{\"@type\":\"SearchAction\",\"target\":{\"@type\":\"EntryPoint\",\"urlTemplate\":\"https:\/\/www.elementlogic.net\/de\/?s={search_term_string}\"},\"query-input\":{\"@type\":\"PropertyValueSpecification\",\"valueRequired\":true,\"valueName\":\"search_term_string\"}}],\"inLanguage\":\"de\"}]}<\/script>\n<!-- \/ Yoast SEO Premium plugin. -->","yoast_head_json":{"title":"Robotikl\u00f6sungen - Element Logic Deutschland","robots":{"index":"index","follow":"follow","max-snippet":"max-snippet:-1","max-image-preview":"max-image-preview:large","max-video-preview":"max-video-preview:-1"},"canonical":"https:\/\/www.elementlogic.net\/de\/dienstleistungen-losungen\/robotiklosungen\/","og_locale":"de_DE","og_type":"article","og_title":"Robotikl\u00f6sungen","og_description":"eOperator em\u00f6glicht die automatische Handhabung von in AutoStore gelagerter Waren, indem die preisgekr\u00f6nte Technologie der RightPick-St\u00fcckgutkommissionierung von RightHand Robotics mit [&hellip;]","og_url":"https:\/\/www.elementlogic.net\/de\/dienstleistungen-losungen\/robotiklosungen\/","og_site_name":"Element Logic Deutschland","article_modified_time":"2025-04-25T09:59:18+00:00","og_image":[{"width":1080,"height":720,"url":"https:\/\/www.elementlogic.net\/content\/uploads\/sites\/17\/\/2024\/09\/Eoperator.jpeg","type":"image\/jpeg"}],"twitter_card":"summary_large_image","twitter_misc":{"Gesch\u00e4tzte Lesezeit":"3\u00a0Minuten"},"schema":{"@context":"https:\/\/schema.org","@graph":[{"@type":"WebPage","@id":"https:\/\/www.elementlogic.net\/de\/dienstleistungen-losungen\/robotiklosungen\/","url":"https:\/\/www.elementlogic.net\/de\/dienstleistungen-losungen\/robotiklosungen\/","name":"Robotikl\u00f6sungen - Element Logic Deutschland","isPartOf":{"@id":"https:\/\/www.elementlogic.net\/de\/#website"},"primaryImageOfPage":{"@id":"https:\/\/www.elementlogic.net\/de\/dienstleistungen-losungen\/robotiklosungen\/#primaryimage"},"image":{"@id":"https:\/\/www.elementlogic.net\/de\/dienstleistungen-losungen\/robotiklosungen\/#primaryimage"},"thumbnailUrl":"https:\/\/www.elementlogic.net\/content\/uploads\/sites\/17\/\/2024\/09\/Eoperator.jpeg","datePublished":"2024-08-08T08:59:36+00:00","dateModified":"2025-04-25T09:59:18+00:00","breadcrumb":{"@id":"https:\/\/www.elementlogic.net\/de\/dienstleistungen-losungen\/robotiklosungen\/#breadcrumb"},"inLanguage":"de","potentialAction":[{"@type":"ReadAction","target":["https:\/\/www.elementlogic.net\/de\/dienstleistungen-losungen\/robotiklosungen\/"]}]},{"@type":"ImageObject","inLanguage":"de","@id":"https:\/\/www.elementlogic.net\/de\/dienstleistungen-losungen\/robotiklosungen\/#primaryimage","url":"https:\/\/www.elementlogic.net\/content\/uploads\/sites\/17\/\/2024\/09\/Eoperator.jpeg","contentUrl":"https:\/\/www.elementlogic.net\/content\/uploads\/sites\/17\/\/2024\/09\/Eoperator.jpeg","width":1080,"height":720},{"@type":"BreadcrumbList","@id":"https:\/\/www.elementlogic.net\/de\/dienstleistungen-losungen\/robotiklosungen\/#breadcrumb","itemListElement":[{"@type":"ListItem","position":1,"name":"L\u00f6sungen und Serviceleistungen","item":"https:\/\/www.elementlogic.net\/de\/dienstleistungen-losungen\/"},{"@type":"ListItem","position":2,"name":"Robotikl\u00f6sungen"}]},{"@type":"WebSite","@id":"https:\/\/www.elementlogic.net\/de\/#website","url":"https:\/\/www.elementlogic.net\/de\/","name":"Element Logic Deutschland","description":"Optimizing Warehouse Performance","potentialAction":[{"@type":"SearchAction","target":{"@type":"EntryPoint","urlTemplate":"https:\/\/www.elementlogic.net\/de\/?s={search_term_string}"},"query-input":{"@type":"PropertyValueSpecification","valueRequired":true,"valueName":"search_term_string"}}],"inLanguage":"de"}]}},"_links":{"self":[{"href":"https:\/\/www.elementlogic.net\/de\/wp-json\/wp\/v2\/pages\/659"}],"collection":[{"href":"https:\/\/www.elementlogic.net\/de\/wp-json\/wp\/v2\/pages"}],"about":[{"href":"https:\/\/www.elementlogic.net\/de\/wp-json\/wp\/v2\/types\/page"}],"author":[{"embeddable":true,"href":"https:\/\/www.elementlogic.net\/de\/wp-json\/wp\/v2\/users\/26"}],"replies":[{"embeddable":true,"href":"https:\/\/www.elementlogic.net\/de\/wp-json\/wp\/v2\/comments?post=659"}],"version-history":[{"count":5,"href":"https:\/\/www.elementlogic.net\/de\/wp-json\/wp\/v2\/pages\/659\/revisions"}],"predecessor-version":[{"id":2826,"href":"https:\/\/www.elementlogic.net\/de\/wp-json\/wp\/v2\/pages\/659\/revisions\/2826"}],"up":[{"embeddable":true,"href":"https:\/\/www.elementlogic.net\/de\/wp-json\/wp\/v2\/pages\/266"}],"wp:featuredmedia":[{"embeddable":true,"href":"https:\/\/www.elementlogic.net\/de\/wp-json\/wp\/v2\/media\/337"}],"wp:attachment":[{"href":"https:\/\/www.elementlogic.net\/de\/wp-json\/wp\/v2\/media?parent=659"}],"curies":[{"name":"wp","href":"https:\/\/api.w.org\/{rel}","templated":true}]}}