{"id":141,"date":"2024-09-09T21:58:29","date_gmt":"2024-09-09T19:58:29","guid":{"rendered":"https:\/\/www.elementlogic.net\/?page_id=2188"},"modified":"2025-11-27T12:21:59","modified_gmt":"2025-11-27T12:21:59","slug":"8-myter-om-lagerautomatisering","status":"publish","type":"page","link":"https:\/\/www.elementlogic.net\/dk\/whitepaper\/8-myter-om-lagerautomatisering\/","title":{"rendered":"8 myter om lagerautomatisering"},"content":{"rendered":"\n\t\t<div style=\"--dekode-hero-dim:0.5; --t2-icon-fill:var(--wp--preset--color--white);\" class=\"alignfull dekode-hero-content-position-center has-media-background wp-block-dekode-hero has-text-color has-white-color\">\n\t\t\t<img loading=\"lazy\" decoding=\"async\" width=\"1024\" height=\"684\" src=\"https:\/\/www.elementlogic.net\/content\/uploads\/sites\/15\/2024\/10\/123-1024x684.jpg\" class=\"dekode-hero__image\" alt=\"Robotarm\" style=\"--focalpoint: 22% 14%;\" srcset=\"https:\/\/www.elementlogic.net\/content\/uploads\/sites\/15\/2024\/10\/123-1024x684.jpg 1024w, https:\/\/www.elementlogic.net\/content\/uploads\/sites\/15\/2024\/10\/123-300x200.jpg 300w, https:\/\/www.elementlogic.net\/content\/uploads\/sites\/15\/2024\/10\/123-768x513.jpg 768w, https:\/\/www.elementlogic.net\/content\/uploads\/sites\/15\/2024\/10\/123-1536x1025.jpg 1536w, https:\/\/www.elementlogic.net\/content\/uploads\/sites\/15\/2024\/10\/123-2048x1367.jpg 2048w\" sizes=\"(max-width: 1024px) 100vw, 1024px\" \/>\n\t\t\t<div class=\"dekode-hero__content\">\n\t\t\t\t<div class=\"dekode-hero__container\">\n\t\t\t\t\t\n\n<h1 class=\"wp-block-heading\" id=\"8-myter-om-lagerautomatisering\">8 myter om lagerautomatisering<\/h1>\n\n\n\n<p>Vil du vide mere om, hvordan automatisering kan gavne din forretning? Lad os g\u00f8re dig klogere p\u00e5, hvad der er myter \u2013 og hvad der er fakta<\/p>\n\n\n\t\t\t\t<\/div>\n\t\t\t<\/div>\n\t\t<\/div>\n\t\t\n\n\n<p>Et stigende antal virksomheder \u00f8nsker at automatisere deres varelagre for at \u00f8ge deres konkurrenceevne. Alligevel bliver automatisering ofte m\u00f8dt med skepsis i bestyrelseslokalet.<\/p>\n\n\n\n<p>\u2013 Med s\u00e5 en stor investering \u2013 m\u00e5ske den st\u00f8rste, en virksomhed nogensinde har foretaget \u2013 er det naturligt at v\u00e6re skeptisk og bange for potentielle risici. Men skepsis er ofte baseret p\u00e5 myter, som ikke holder vand, siger Dag-Adler Blakseth, CEO i Element Logic.<\/p>\n\n\n\n<p>Det er derfor, vi har udarbejdet dette whitepaper; for at tilbagevise nogle af de hyppigst forekommende myter om lagerautomatisering. Vi tror p\u00e5, at dokumentet vil give dig den indsigt, som du beh\u00f8ver for at kunne tr\u00e6ffe den bedste beslutning vedr\u00f8rende fremtiden for dit varelager.<\/p>\n\n\n\n<p><strong>I dette whitepaper vil du blandt andet blive klogere p\u00e5:<\/strong><\/p>\n\n\n\n<ul class=\"wp-block-list\">\n<li>Kompleksitetsniveauet for automatisering<\/li>\n\n\n\n<li>Hvordan du sikrer dig \u00f8konomiske fordele ved automatisering<\/li>\n\n\n\n<li>Hvorvidt du skal bygge et nyt varelager eller kan optimere dit eksisterende varelager<\/li>\n\n\n\n<li>Hvordan AutoStore fungerer<\/li>\n\n\n\n<li>Hvordan automatisering p\u00e5virker din arbejdsstyrke<\/li>\n\n\n\n<li>Hvilke industrier, automatisering er velegnet til<\/li>\n<\/ul>\n\n\n\n\t\t<div class=\"wp-block-dekode-dynamics-form\">\n\t\t\t<div class=\"embedded-form\">\n\t\t\t\t<div\n\t\t\t\t\tdata-form-id=\"0ad20a4b-6f2a-f011-8c4e-6045bdf51dec\"\n\t\t\t\t\tdata-form-api-url=\"https:\/\/public-eur.mkt.dynamics.com\/api\/v1.0\/orgs\/0d653081-4a98-4454-9ade-26f2fbe674ee\/landingpageforms\"\n\t\t\t\t\tdata-cached-form-url=\"https:\/\/assets-eur.mkt.dynamics.com\/0d653081-4a98-4454-9ade-26f2fbe674ee\/digitalassets\/forms\/0ad20a4b-6f2a-f011-8c4e-6045bdf51dec\"\n\t\t\t\t><\/div>\n\t\t\t<\/div>\n\t\t<\/div>","protected":false},"excerpt":{"rendered":"<p>Et stigende antal virksomheder \u00f8nsker at automatisere deres varelagre for at \u00f8ge deres konkurrenceevne. Alligevel bliver automatisering ofte m\u00f8dt med [&hellip;]<\/p>\n","protected":false},"author":3,"featured_media":1900,"parent":155,"menu_order":0,"comment_status":"closed","ping_status":"closed","template":"","meta":{"hreflang_relation":2188,"_el_cross_publish_source_blog_url":"","_el_cross_publish_source_blog_id":0,"_el_cross_publish_source_post_id":0,"_el_cross_publish_sync_state":"","exclude_from_search":false,"footnotes":""},"class_list":["post-141","page","type-page","status-publish","has-post-thumbnail","hentry"],"yoast_head":"<!-- This site is optimized with the Yoast SEO Premium plugin v23.9 (Yoast SEO v23.9) - https:\/\/yoast.com\/wordpress\/plugins\/seo\/ -->\n<title>8 myter om lagerautomatisering<\/title>\n<meta name=\"description\" content=\"Vil du vide mere om, hvordan automatisering kan gavne din forretning? Lad os g\u00f8re dig klogere p\u00e5, hvad der er myter \u2013 og hvad der er fakta\" \/>\n<meta name=\"robots\" content=\"index, follow, max-snippet:-1, max-image-preview:large, max-video-preview:-1\" \/>\n<link rel=\"canonical\" href=\"https:\/\/www.elementlogic.net\/dk\/whitepaper\/8-myter-om-lagerautomatisering\/\" \/>\n<meta property=\"og:locale\" content=\"da_DK\" \/>\n<meta property=\"og:type\" content=\"article\" \/>\n<meta property=\"og:title\" content=\"8 myter om lagerautomatisering\" \/>\n<meta property=\"og:description\" content=\"Vil du vide mere om, hvordan automatisering kan gavne din forretning? Lad os g\u00f8re dig klogere p\u00e5, hvad der er myter \u2013 og hvad der er fakta\" \/>\n<meta property=\"og:url\" content=\"https:\/\/www.elementlogic.net\/dk\/whitepaper\/8-myter-om-lagerautomatisering\/\" \/>\n<meta property=\"og:site_name\" content=\"Element Logic Denmark\" \/>\n<meta property=\"article:modified_time\" content=\"2025-11-27T12:21:59+00:00\" \/>\n<meta property=\"og:image\" content=\"https:\/\/www.elementlogic.net\/content\/uploads\/sites\/15\/2024\/10\/123.jpg\" \/>\n\t<meta property=\"og:image:width\" content=\"2500\" \/>\n\t<meta property=\"og:image:height\" content=\"1669\" \/>\n\t<meta property=\"og:image:type\" content=\"image\/jpeg\" \/>\n<meta name=\"twitter:card\" content=\"summary_large_image\" \/>\n<meta name=\"twitter:label1\" content=\"Estimeret l\u00e6setid\" \/>\n\t<meta name=\"twitter:data1\" content=\"2 minutter\" \/>\n<script type=\"application\/ld+json\" class=\"yoast-schema-graph\">{\"@context\":\"https:\/\/schema.org\",\"@graph\":[{\"@type\":\"WebPage\",\"@id\":\"https:\/\/www.elementlogic.net\/dk\/whitepaper\/8-myter-om-lagerautomatisering\/\",\"url\":\"https:\/\/www.elementlogic.net\/dk\/whitepaper\/8-myter-om-lagerautomatisering\/\",\"name\":\"8 myter om lagerautomatisering\",\"isPartOf\":{\"@id\":\"https:\/\/www.elementlogic.net\/dk\/#website\"},\"primaryImageOfPage\":{\"@id\":\"https:\/\/www.elementlogic.net\/dk\/whitepaper\/8-myter-om-lagerautomatisering\/#primaryimage\"},\"image\":{\"@id\":\"https:\/\/www.elementlogic.net\/dk\/whitepaper\/8-myter-om-lagerautomatisering\/#primaryimage\"},\"thumbnailUrl\":\"https:\/\/www.elementlogic.net\/content\/uploads\/sites\/15\/2024\/10\/123.jpg\",\"datePublished\":\"2024-09-09T19:58:29+00:00\",\"dateModified\":\"2025-11-27T12:21:59+00:00\",\"description\":\"Vil du vide mere om, hvordan automatisering kan gavne din forretning? Lad os g\u00f8re dig klogere p\u00e5, hvad der er myter \u2013 og hvad der er fakta\",\"breadcrumb\":{\"@id\":\"https:\/\/www.elementlogic.net\/dk\/whitepaper\/8-myter-om-lagerautomatisering\/#breadcrumb\"},\"inLanguage\":\"da-DK\",\"potentialAction\":[{\"@type\":\"ReadAction\",\"target\":[\"https:\/\/www.elementlogic.net\/dk\/whitepaper\/8-myter-om-lagerautomatisering\/\"]}]},{\"@type\":\"ImageObject\",\"inLanguage\":\"da-DK\",\"@id\":\"https:\/\/www.elementlogic.net\/dk\/whitepaper\/8-myter-om-lagerautomatisering\/#primaryimage\",\"url\":\"https:\/\/www.elementlogic.net\/content\/uploads\/sites\/15\/2024\/10\/123.jpg\",\"contentUrl\":\"https:\/\/www.elementlogic.net\/content\/uploads\/sites\/15\/2024\/10\/123.jpg\",\"width\":2500,\"height\":1669,\"caption\":\"Robotarm\"},{\"@type\":\"BreadcrumbList\",\"@id\":\"https:\/\/www.elementlogic.net\/dk\/whitepaper\/8-myter-om-lagerautomatisering\/#breadcrumb\",\"itemListElement\":[{\"@type\":\"ListItem\",\"position\":1,\"name\":\"Whitepapers\",\"item\":\"https:\/\/www.elementlogic.net\/dk\/whitepaper\/\"},{\"@type\":\"ListItem\",\"position\":2,\"name\":\"8 myter om lagerautomatisering\"}]},{\"@type\":\"WebSite\",\"@id\":\"https:\/\/www.elementlogic.net\/dk\/#website\",\"url\":\"https:\/\/www.elementlogic.net\/dk\/\",\"name\":\"Element Logic Denmark\",\"description\":\"\",\"potentialAction\":[{\"@type\":\"SearchAction\",\"target\":{\"@type\":\"EntryPoint\",\"urlTemplate\":\"https:\/\/www.elementlogic.net\/dk\/?s={search_term_string}\"},\"query-input\":{\"@type\":\"PropertyValueSpecification\",\"valueRequired\":true,\"valueName\":\"search_term_string\"}}],\"inLanguage\":\"da-DK\"}]}<\/script>\n<!-- \/ Yoast SEO Premium plugin. -->","yoast_head_json":{"title":"8 myter om lagerautomatisering","description":"Vil du vide mere om, hvordan automatisering kan gavne din forretning? Lad os g\u00f8re dig klogere p\u00e5, hvad der er myter \u2013 og hvad der er fakta","robots":{"index":"index","follow":"follow","max-snippet":"max-snippet:-1","max-image-preview":"max-image-preview:large","max-video-preview":"max-video-preview:-1"},"canonical":"https:\/\/www.elementlogic.net\/dk\/whitepaper\/8-myter-om-lagerautomatisering\/","og_locale":"da_DK","og_type":"article","og_title":"8 myter om lagerautomatisering","og_description":"Vil du vide mere om, hvordan automatisering kan gavne din forretning? Lad os g\u00f8re dig klogere p\u00e5, hvad der er myter \u2013 og hvad der er fakta","og_url":"https:\/\/www.elementlogic.net\/dk\/whitepaper\/8-myter-om-lagerautomatisering\/","og_site_name":"Element Logic Denmark","article_modified_time":"2025-11-27T12:21:59+00:00","og_image":[{"width":2500,"height":1669,"url":"https:\/\/www.elementlogic.net\/content\/uploads\/sites\/15\/2024\/10\/123.jpg","type":"image\/jpeg"}],"twitter_card":"summary_large_image","twitter_misc":{"Estimeret l\u00e6setid":"2 minutter"},"schema":{"@context":"https:\/\/schema.org","@graph":[{"@type":"WebPage","@id":"https:\/\/www.elementlogic.net\/dk\/whitepaper\/8-myter-om-lagerautomatisering\/","url":"https:\/\/www.elementlogic.net\/dk\/whitepaper\/8-myter-om-lagerautomatisering\/","name":"8 myter om lagerautomatisering","isPartOf":{"@id":"https:\/\/www.elementlogic.net\/dk\/#website"},"primaryImageOfPage":{"@id":"https:\/\/www.elementlogic.net\/dk\/whitepaper\/8-myter-om-lagerautomatisering\/#primaryimage"},"image":{"@id":"https:\/\/www.elementlogic.net\/dk\/whitepaper\/8-myter-om-lagerautomatisering\/#primaryimage"},"thumbnailUrl":"https:\/\/www.elementlogic.net\/content\/uploads\/sites\/15\/2024\/10\/123.jpg","datePublished":"2024-09-09T19:58:29+00:00","dateModified":"2025-11-27T12:21:59+00:00","description":"Vil du vide mere om, hvordan automatisering kan gavne din forretning? Lad os g\u00f8re dig klogere p\u00e5, hvad der er myter \u2013 og hvad der er fakta","breadcrumb":{"@id":"https:\/\/www.elementlogic.net\/dk\/whitepaper\/8-myter-om-lagerautomatisering\/#breadcrumb"},"inLanguage":"da-DK","potentialAction":[{"@type":"ReadAction","target":["https:\/\/www.elementlogic.net\/dk\/whitepaper\/8-myter-om-lagerautomatisering\/"]}]},{"@type":"ImageObject","inLanguage":"da-DK","@id":"https:\/\/www.elementlogic.net\/dk\/whitepaper\/8-myter-om-lagerautomatisering\/#primaryimage","url":"https:\/\/www.elementlogic.net\/content\/uploads\/sites\/15\/2024\/10\/123.jpg","contentUrl":"https:\/\/www.elementlogic.net\/content\/uploads\/sites\/15\/2024\/10\/123.jpg","width":2500,"height":1669,"caption":"Robotarm"},{"@type":"BreadcrumbList","@id":"https:\/\/www.elementlogic.net\/dk\/whitepaper\/8-myter-om-lagerautomatisering\/#breadcrumb","itemListElement":[{"@type":"ListItem","position":1,"name":"Whitepapers","item":"https:\/\/www.elementlogic.net\/dk\/whitepaper\/"},{"@type":"ListItem","position":2,"name":"8 myter om lagerautomatisering"}]},{"@type":"WebSite","@id":"https:\/\/www.elementlogic.net\/dk\/#website","url":"https:\/\/www.elementlogic.net\/dk\/","name":"Element Logic Denmark","description":"","potentialAction":[{"@type":"SearchAction","target":{"@type":"EntryPoint","urlTemplate":"https:\/\/www.elementlogic.net\/dk\/?s={search_term_string}"},"query-input":{"@type":"PropertyValueSpecification","valueRequired":true,"valueName":"search_term_string"}}],"inLanguage":"da-DK"}]}},"_links":{"self":[{"href":"https:\/\/www.elementlogic.net\/dk\/wp-json\/wp\/v2\/pages\/141"}],"collection":[{"href":"https:\/\/www.elementlogic.net\/dk\/wp-json\/wp\/v2\/pages"}],"about":[{"href":"https:\/\/www.elementlogic.net\/dk\/wp-json\/wp\/v2\/types\/page"}],"author":[{"embeddable":true,"href":"https:\/\/www.elementlogic.net\/dk\/wp-json\/wp\/v2\/users\/3"}],"replies":[{"embeddable":true,"href":"https:\/\/www.elementlogic.net\/dk\/wp-json\/wp\/v2\/comments?post=141"}],"version-history":[{"count":5,"href":"https:\/\/www.elementlogic.net\/dk\/wp-json\/wp\/v2\/pages\/141\/revisions"}],"predecessor-version":[{"id":3657,"href":"https:\/\/www.elementlogic.net\/dk\/wp-json\/wp\/v2\/pages\/141\/revisions\/3657"}],"up":[{"embeddable":true,"href":"https:\/\/www.elementlogic.net\/dk\/wp-json\/wp\/v2\/pages\/155"}],"wp:featuredmedia":[{"embeddable":true,"href":"https:\/\/www.elementlogic.net\/dk\/wp-json\/wp\/v2\/media\/1900"}],"wp:attachment":[{"href":"https:\/\/www.elementlogic.net\/dk\/wp-json\/wp\/v2\/media?parent=141"}],"curies":[{"name":"wp","href":"https:\/\/api.w.org\/{rel}","templated":true}]}}