{"id":143,"date":"2024-09-09T21:55:19","date_gmt":"2024-09-09T19:55:19","guid":{"rendered":"https:\/\/www.elementlogic.net\/?page_id=2182"},"modified":"2025-11-27T12:22:40","modified_gmt":"2025-11-27T12:22:40","slug":"tre-nye-tendenser-pavirker-intralogistik","status":"publish","type":"page","link":"https:\/\/www.elementlogic.net\/dk\/whitepaper\/tre-nye-tendenser-pavirker-intralogistik\/","title":{"rendered":"Tre nye tendenser, som p\u00e5virker din intralogistik"},"content":{"rendered":"\n\t\t<div style=\"--dekode-hero-dim:0.5; --t2-icon-fill:var(--wp--preset--color--white);\" class=\"alignfull dekode-hero-content-position-center has-media-background wp-block-dekode-hero\">\n\t\t\t<img loading=\"lazy\" decoding=\"async\" width=\"1024\" height=\"429\" src=\"https:\/\/www.elementlogic.net\/content\/uploads\/sites\/15\/\/2024\/09\/Wallpaper-10-scaled-1024x429.jpg\" class=\"dekode-hero__image\" alt=\"\" style=\"--focalpoint: 32% 43%;\" srcset=\"https:\/\/www.elementlogic.net\/content\/uploads\/sites\/15\/2024\/09\/Wallpaper-10-scaled-1024x429.jpg 1024w, https:\/\/www.elementlogic.net\/content\/uploads\/sites\/15\/2024\/09\/Wallpaper-10-scaled-300x126.jpg 300w, https:\/\/www.elementlogic.net\/content\/uploads\/sites\/15\/2024\/09\/Wallpaper-10-scaled-768x322.jpg 768w, https:\/\/www.elementlogic.net\/content\/uploads\/sites\/15\/2024\/09\/Wallpaper-10-scaled-1536x643.jpg 1536w, https:\/\/www.elementlogic.net\/content\/uploads\/sites\/15\/2024\/09\/Wallpaper-10-scaled-2048x858.jpg 2048w\" sizes=\"(max-width: 1024px) 100vw, 1024px\" \/>\n\t\t\t<div class=\"dekode-hero__content\">\n\t\t\t\t<div class=\"dekode-hero__container\">\n\t\t\t\t\t\n\n<h1 class=\"wp-block-heading\" id=\"tre-nye-tendenser-som-pavirker-intralogistik\">Tre nye tendenser, som p\u00e5virker intralogistik<\/h1>\n\n\n\n<p>Er du nysgerrig efter at vide, hvordan branchen udvikler sig over de kommende \u00e5r? Efter at have arbejdet med at optimere varelagres ydeevne i 35 \u00e5r besidder vi en stor erfaring og forst\u00e5else for, hvilke l\u00f8sninger der virker og hvilke l\u00f8sninger, der ikke g\u00f8r.<\/p>\n\n\n\t\t\t\t<\/div>\n\t\t\t<\/div>\n\t\t<\/div>\n\t\t\n\n\n<p>I de seneste to \u00e5r har vi oplevet en enorm v\u00e6kst og store forandringer inden for intralogistik. Ud over ny teknologi og innovativ last-mile levering oplever vi ogs\u00e5, at kundeforventninger \u00e6ndrer sig. Kunderne \u00f8nsker og forventer en hurtigere og mere pr\u00e6cis ordreh\u00e5ndtering, og de vil have det nu.<\/p>\n\n\n\n<p>For at forblive konkurrencedygtig er det n\u00f8dvendigt at forst\u00e5 de nye tendenser inden for branchen.<\/p>\n\n\n\n<p>Derfor har vi lavet dette whitepaper. Her giver vi dig et overblik over de tre mest v\u00e6sentlige tendenser inden for intralogistik og ordreh\u00e5ndtering. Vi er overbeviste om, at disse tendenser vil spille en v\u00e6sentlig rolle ift., hvordan branchen udvikler sig over de kommende \u00e5r.<\/p>\n\n\n\n<h2 class=\"wp-block-heading\" id=\"i-dette-whitepaper-vil-du-bl-a-blive-klogere-pa\"><strong>I dette whitepaper vil du bl.a. blive klogere p\u00e5:<\/strong><\/h2>\n\n\n\n<ul class=\"wp-block-list\">\n<li>E-handel og kundernes forventninger til leveringstid og fleksibilitet.<\/li>\n\n\n\n<li>Micro fulfilment-centre (pakkelevering direkte i butikken) og innovative m\u00e5der til at forkorte last-mile-leveringstider.<\/li>\n\n\n\n<li>Hvorvidt automatisering som service (Automation as Service) vil v\u00e6re l\u00f8sningen til at automatisere lagre uden st\u00f8rre, indledende investeringer.<\/li>\n<\/ul>\n\n\n\n<p>Dokumentet er gratis og tilg\u00e6ngeligt p\u00e5 engelsk.<\/p>\n\n\n\n\t\t<div class=\"wp-block-dekode-dynamics-form\">\n\t\t\t<div class=\"embedded-form\">\n\t\t\t\t<div\n\t\t\t\t\tdata-form-id=\"0ad20a4b-6f2a-f011-8c4e-6045bdf51dec\"\n\t\t\t\t\tdata-form-api-url=\"https:\/\/public-eur.mkt.dynamics.com\/api\/v1.0\/orgs\/0d653081-4a98-4454-9ade-26f2fbe674ee\/landingpageforms\"\n\t\t\t\t\tdata-cached-form-url=\"https:\/\/assets-eur.mkt.dynamics.com\/0d653081-4a98-4454-9ade-26f2fbe674ee\/digitalassets\/forms\/0ad20a4b-6f2a-f011-8c4e-6045bdf51dec\"\n\t\t\t\t><\/div>\n\t\t\t<\/div>\n\t\t<\/div>","protected":false},"excerpt":{"rendered":"<p>I de seneste to \u00e5r har vi oplevet en enorm v\u00e6kst og store forandringer inden for intralogistik. Ud over ny [&hellip;]<\/p>\n","protected":false},"author":3,"featured_media":1902,"parent":155,"menu_order":0,"comment_status":"closed","ping_status":"closed","template":"","meta":{"hreflang_relation":2182,"_el_cross_publish_source_blog_url":"","_el_cross_publish_source_blog_id":0,"_el_cross_publish_source_post_id":0,"_el_cross_publish_sync_state":"","exclude_from_search":false,"footnotes":""},"class_list":["post-143","page","type-page","status-publish","has-post-thumbnail","hentry"],"yoast_head":"<!-- This site is optimized with the Yoast SEO Premium plugin v23.9 (Yoast SEO v23.9) - https:\/\/yoast.com\/wordpress\/plugins\/seo\/ -->\n<title>Tre nye tendenser, som p\u00e5virker intralogistik<\/title>\n<meta name=\"description\" content=\"Er du nysgerrig efter at vide, hvordan branchen udvikler sig over de kommende \u00e5r? Efter at have arbejdet med at optimere varelagres ydeevne i 35 \u00e5r besidder vi en stor erfaring og forst\u00e5else for, hvilke l\u00f8sninger der virker og hvilke l\u00f8sninger, der ikke g\u00f8r.\" \/>\n<meta name=\"robots\" content=\"index, follow, max-snippet:-1, max-image-preview:large, max-video-preview:-1\" \/>\n<link rel=\"canonical\" href=\"https:\/\/www.elementlogic.net\/dk\/whitepaper\/tre-nye-tendenser-pavirker-intralogistik\/\" \/>\n<meta property=\"og:locale\" content=\"da_DK\" \/>\n<meta property=\"og:type\" content=\"article\" \/>\n<meta property=\"og:title\" content=\"Tre nye tendenser, som p\u00e5virker din intralogistik\" \/>\n<meta property=\"og:description\" content=\"Er du nysgerrig efter at vide, hvordan branchen udvikler sig over de kommende \u00e5r? Efter at have arbejdet med at optimere varelagres ydeevne i 35 \u00e5r besidder vi en stor erfaring og forst\u00e5else for, hvilke l\u00f8sninger der virker og hvilke l\u00f8sninger, der ikke g\u00f8r.\" \/>\n<meta property=\"og:url\" content=\"https:\/\/www.elementlogic.net\/dk\/whitepaper\/tre-nye-tendenser-pavirker-intralogistik\/\" \/>\n<meta property=\"og:site_name\" content=\"Element Logic Denmark\" \/>\n<meta property=\"article:modified_time\" content=\"2025-11-27T12:22:40+00:00\" \/>\n<meta property=\"og:image\" content=\"https:\/\/www.elementlogic.net\/content\/uploads\/sites\/15\/2024\/10\/12345.jpg\" \/>\n\t<meta property=\"og:image:width\" content=\"1600\" \/>\n\t<meta property=\"og:image:height\" content=\"1067\" \/>\n\t<meta property=\"og:image:type\" content=\"image\/jpeg\" \/>\n<meta name=\"twitter:card\" content=\"summary_large_image\" \/>\n<meta name=\"twitter:label1\" content=\"Estimeret l\u00e6setid\" \/>\n\t<meta name=\"twitter:data1\" content=\"2 minutter\" \/>\n<script type=\"application\/ld+json\" class=\"yoast-schema-graph\">{\"@context\":\"https:\/\/schema.org\",\"@graph\":[{\"@type\":\"WebPage\",\"@id\":\"https:\/\/www.elementlogic.net\/dk\/whitepaper\/tre-nye-tendenser-pavirker-intralogistik\/\",\"url\":\"https:\/\/www.elementlogic.net\/dk\/whitepaper\/tre-nye-tendenser-pavirker-intralogistik\/\",\"name\":\"Tre nye tendenser, som p\u00e5virker intralogistik\",\"isPartOf\":{\"@id\":\"https:\/\/www.elementlogic.net\/dk\/#website\"},\"primaryImageOfPage\":{\"@id\":\"https:\/\/www.elementlogic.net\/dk\/whitepaper\/tre-nye-tendenser-pavirker-intralogistik\/#primaryimage\"},\"image\":{\"@id\":\"https:\/\/www.elementlogic.net\/dk\/whitepaper\/tre-nye-tendenser-pavirker-intralogistik\/#primaryimage\"},\"thumbnailUrl\":\"https:\/\/www.elementlogic.net\/content\/uploads\/sites\/15\/2024\/10\/12345.jpg\",\"datePublished\":\"2024-09-09T19:55:19+00:00\",\"dateModified\":\"2025-11-27T12:22:40+00:00\",\"description\":\"Er du nysgerrig efter at vide, hvordan branchen udvikler sig over de kommende \u00e5r? Efter at have arbejdet med at optimere varelagres ydeevne i 35 \u00e5r besidder vi en stor erfaring og forst\u00e5else for, hvilke l\u00f8sninger der virker og hvilke l\u00f8sninger, der ikke g\u00f8r.\",\"breadcrumb\":{\"@id\":\"https:\/\/www.elementlogic.net\/dk\/whitepaper\/tre-nye-tendenser-pavirker-intralogistik\/#breadcrumb\"},\"inLanguage\":\"da-DK\",\"potentialAction\":[{\"@type\":\"ReadAction\",\"target\":[\"https:\/\/www.elementlogic.net\/dk\/whitepaper\/tre-nye-tendenser-pavirker-intralogistik\/\"]}]},{\"@type\":\"ImageObject\",\"inLanguage\":\"da-DK\",\"@id\":\"https:\/\/www.elementlogic.net\/dk\/whitepaper\/tre-nye-tendenser-pavirker-intralogistik\/#primaryimage\",\"url\":\"https:\/\/www.elementlogic.net\/content\/uploads\/sites\/15\/2024\/10\/12345.jpg\",\"contentUrl\":\"https:\/\/www.elementlogic.net\/content\/uploads\/sites\/15\/2024\/10\/12345.jpg\",\"width\":1600,\"height\":1067,\"caption\":\"AutoStore\"},{\"@type\":\"BreadcrumbList\",\"@id\":\"https:\/\/www.elementlogic.net\/dk\/whitepaper\/tre-nye-tendenser-pavirker-intralogistik\/#breadcrumb\",\"itemListElement\":[{\"@type\":\"ListItem\",\"position\":1,\"name\":\"Whitepapers\",\"item\":\"https:\/\/www.elementlogic.net\/dk\/whitepaper\/\"},{\"@type\":\"ListItem\",\"position\":2,\"name\":\"Tre nye tendenser, som p\u00e5virker din intralogistik\"}]},{\"@type\":\"WebSite\",\"@id\":\"https:\/\/www.elementlogic.net\/dk\/#website\",\"url\":\"https:\/\/www.elementlogic.net\/dk\/\",\"name\":\"Element Logic Denmark\",\"description\":\"\",\"potentialAction\":[{\"@type\":\"SearchAction\",\"target\":{\"@type\":\"EntryPoint\",\"urlTemplate\":\"https:\/\/www.elementlogic.net\/dk\/?s={search_term_string}\"},\"query-input\":{\"@type\":\"PropertyValueSpecification\",\"valueRequired\":true,\"valueName\":\"search_term_string\"}}],\"inLanguage\":\"da-DK\"}]}<\/script>\n<!-- \/ Yoast SEO Premium plugin. -->","yoast_head_json":{"title":"Tre nye tendenser, som p\u00e5virker intralogistik","description":"Er du nysgerrig efter at vide, hvordan branchen udvikler sig over de kommende \u00e5r? Efter at have arbejdet med at optimere varelagres ydeevne i 35 \u00e5r besidder vi en stor erfaring og forst\u00e5else for, hvilke l\u00f8sninger der virker og hvilke l\u00f8sninger, der ikke g\u00f8r.","robots":{"index":"index","follow":"follow","max-snippet":"max-snippet:-1","max-image-preview":"max-image-preview:large","max-video-preview":"max-video-preview:-1"},"canonical":"https:\/\/www.elementlogic.net\/dk\/whitepaper\/tre-nye-tendenser-pavirker-intralogistik\/","og_locale":"da_DK","og_type":"article","og_title":"Tre nye tendenser, som p\u00e5virker din intralogistik","og_description":"Er du nysgerrig efter at vide, hvordan branchen udvikler sig over de kommende \u00e5r? Efter at have arbejdet med at optimere varelagres ydeevne i 35 \u00e5r besidder vi en stor erfaring og forst\u00e5else for, hvilke l\u00f8sninger der virker og hvilke l\u00f8sninger, der ikke g\u00f8r.","og_url":"https:\/\/www.elementlogic.net\/dk\/whitepaper\/tre-nye-tendenser-pavirker-intralogistik\/","og_site_name":"Element Logic Denmark","article_modified_time":"2025-11-27T12:22:40+00:00","og_image":[{"width":1600,"height":1067,"url":"https:\/\/www.elementlogic.net\/content\/uploads\/sites\/15\/2024\/10\/12345.jpg","type":"image\/jpeg"}],"twitter_card":"summary_large_image","twitter_misc":{"Estimeret l\u00e6setid":"2 minutter"},"schema":{"@context":"https:\/\/schema.org","@graph":[{"@type":"WebPage","@id":"https:\/\/www.elementlogic.net\/dk\/whitepaper\/tre-nye-tendenser-pavirker-intralogistik\/","url":"https:\/\/www.elementlogic.net\/dk\/whitepaper\/tre-nye-tendenser-pavirker-intralogistik\/","name":"Tre nye tendenser, som p\u00e5virker intralogistik","isPartOf":{"@id":"https:\/\/www.elementlogic.net\/dk\/#website"},"primaryImageOfPage":{"@id":"https:\/\/www.elementlogic.net\/dk\/whitepaper\/tre-nye-tendenser-pavirker-intralogistik\/#primaryimage"},"image":{"@id":"https:\/\/www.elementlogic.net\/dk\/whitepaper\/tre-nye-tendenser-pavirker-intralogistik\/#primaryimage"},"thumbnailUrl":"https:\/\/www.elementlogic.net\/content\/uploads\/sites\/15\/2024\/10\/12345.jpg","datePublished":"2024-09-09T19:55:19+00:00","dateModified":"2025-11-27T12:22:40+00:00","description":"Er du nysgerrig efter at vide, hvordan branchen udvikler sig over de kommende \u00e5r? Efter at have arbejdet med at optimere varelagres ydeevne i 35 \u00e5r besidder vi en stor erfaring og forst\u00e5else for, hvilke l\u00f8sninger der virker og hvilke l\u00f8sninger, der ikke g\u00f8r.","breadcrumb":{"@id":"https:\/\/www.elementlogic.net\/dk\/whitepaper\/tre-nye-tendenser-pavirker-intralogistik\/#breadcrumb"},"inLanguage":"da-DK","potentialAction":[{"@type":"ReadAction","target":["https:\/\/www.elementlogic.net\/dk\/whitepaper\/tre-nye-tendenser-pavirker-intralogistik\/"]}]},{"@type":"ImageObject","inLanguage":"da-DK","@id":"https:\/\/www.elementlogic.net\/dk\/whitepaper\/tre-nye-tendenser-pavirker-intralogistik\/#primaryimage","url":"https:\/\/www.elementlogic.net\/content\/uploads\/sites\/15\/2024\/10\/12345.jpg","contentUrl":"https:\/\/www.elementlogic.net\/content\/uploads\/sites\/15\/2024\/10\/12345.jpg","width":1600,"height":1067,"caption":"AutoStore"},{"@type":"BreadcrumbList","@id":"https:\/\/www.elementlogic.net\/dk\/whitepaper\/tre-nye-tendenser-pavirker-intralogistik\/#breadcrumb","itemListElement":[{"@type":"ListItem","position":1,"name":"Whitepapers","item":"https:\/\/www.elementlogic.net\/dk\/whitepaper\/"},{"@type":"ListItem","position":2,"name":"Tre nye tendenser, som p\u00e5virker din intralogistik"}]},{"@type":"WebSite","@id":"https:\/\/www.elementlogic.net\/dk\/#website","url":"https:\/\/www.elementlogic.net\/dk\/","name":"Element Logic Denmark","description":"","potentialAction":[{"@type":"SearchAction","target":{"@type":"EntryPoint","urlTemplate":"https:\/\/www.elementlogic.net\/dk\/?s={search_term_string}"},"query-input":{"@type":"PropertyValueSpecification","valueRequired":true,"valueName":"search_term_string"}}],"inLanguage":"da-DK"}]}},"_links":{"self":[{"href":"https:\/\/www.elementlogic.net\/dk\/wp-json\/wp\/v2\/pages\/143"}],"collection":[{"href":"https:\/\/www.elementlogic.net\/dk\/wp-json\/wp\/v2\/pages"}],"about":[{"href":"https:\/\/www.elementlogic.net\/dk\/wp-json\/wp\/v2\/types\/page"}],"author":[{"embeddable":true,"href":"https:\/\/www.elementlogic.net\/dk\/wp-json\/wp\/v2\/users\/3"}],"replies":[{"embeddable":true,"href":"https:\/\/www.elementlogic.net\/dk\/wp-json\/wp\/v2\/comments?post=143"}],"version-history":[{"count":5,"href":"https:\/\/www.elementlogic.net\/dk\/wp-json\/wp\/v2\/pages\/143\/revisions"}],"predecessor-version":[{"id":3658,"href":"https:\/\/www.elementlogic.net\/dk\/wp-json\/wp\/v2\/pages\/143\/revisions\/3658"}],"up":[{"embeddable":true,"href":"https:\/\/www.elementlogic.net\/dk\/wp-json\/wp\/v2\/pages\/155"}],"wp:featuredmedia":[{"embeddable":true,"href":"https:\/\/www.elementlogic.net\/dk\/wp-json\/wp\/v2\/media\/1902"}],"wp:attachment":[{"href":"https:\/\/www.elementlogic.net\/dk\/wp-json\/wp\/v2\/media?parent=143"}],"curies":[{"name":"wp","href":"https:\/\/api.w.org\/{rel}","templated":true}]}}