{"id":146,"date":"2024-09-09T21:50:17","date_gmt":"2024-09-09T19:50:17","guid":{"rendered":"https:\/\/www.elementlogic.net\/?page_id=2178"},"modified":"2025-11-27T12:27:47","modified_gmt":"2025-11-27T12:27:47","slug":"beregn-din-roi-med-element-logic","status":"publish","type":"page","link":"https:\/\/www.elementlogic.net\/dk\/whitepaper\/beregn-din-roi-med-element-logic\/","title":{"rendered":"Beregn din ROI med Element Logic"},"content":{"rendered":"\n\t\t<div style=\"--dekode-hero-dim:0.5; --t2-icon-fill:var(--wp--preset--color--white);\" class=\"alignfull dekode-hero-content-position-center has-media-background wp-block-dekode-hero has-text-color has-white-color\">\n\t\t\t<img loading=\"lazy\" decoding=\"async\" width=\"1024\" height=\"683\" src=\"https:\/\/www.elementlogic.net\/content\/uploads\/sites\/15\/\/2024\/09\/Element-Logic-cooperation-28168118-1024x683.jpg\" class=\"dekode-hero__image\" alt=\"Element Logic\" style=\"--focalpoint: 47% 36%;\" srcset=\"https:\/\/www.elementlogic.net\/content\/uploads\/sites\/15\/2024\/09\/Element-Logic-cooperation-28168118-1024x683.jpg 1024w, https:\/\/www.elementlogic.net\/content\/uploads\/sites\/15\/2024\/09\/Element-Logic-cooperation-28168118-300x200.jpg 300w, https:\/\/www.elementlogic.net\/content\/uploads\/sites\/15\/2024\/09\/Element-Logic-cooperation-28168118-768x512.jpg 768w, https:\/\/www.elementlogic.net\/content\/uploads\/sites\/15\/2024\/09\/Element-Logic-cooperation-28168118.jpg 1080w\" sizes=\"(max-width: 1024px) 100vw, 1024px\" \/>\n\t\t\t<div class=\"dekode-hero__content\">\n\t\t\t\t<div class=\"dekode-hero__container\">\n\t\t\t\t\t\n\n<h1 class=\"wp-block-heading\" id=\"beregn-din-roi-med-element-logic\">Beregn din ROI med Element Logic<\/h1>\n\n\n\n<p>Der er mange fordele ved lagerautomatisering. Du sparer plads, f\u00e5r mere tilfredse kunder, og dine medarbejdere f\u00e5r en bedre arbejdsdag. Men hvad er den \u00f8konomiske gevinst?<\/p>\n\n\n\t\t\t\t<\/div>\n\t\t\t<\/div>\n\t\t<\/div>\n\t\t\n\n\n<p>Dette whitepaper deler ud af vores viden om og ekspertise i at finde den \u00f8konomiske v\u00e6rdi ved hvert enkelt aspekt af lagerautomatisering \u2013 b\u00e5de i dag og i \u00e5rtierne fremover.<\/p>\n\n\n\n<p>Nogle tal er nemme at beregne, mens andre er sv\u00e6re at h\u00e6fte en pr\u00e6cis v\u00e6rdi p\u00e5.<\/p>\n\n\n\n<p>Download dette whitepaper for at l\u00e6re mere om, hvordan du kan opn\u00e5 ROI og v\u00e6kste via lagerautomatisering.<\/p>\n\n\n\n<p><strong>Ved at l\u00e6se dette whitepaper bliver du klogere p\u00e5:<\/strong><\/p>\n\n\n\n<ul class=\"wp-block-list\">\n<li>Hvordan Element Logic beregner ROI og udf\u00f8rer tilbagebetalingsanalyser<\/li>\n\n\n\n<li>De \u00f8konomiske fordele ved lagerautomatisering<\/li>\n\n\n\n<li>Tal og bl\u00f8de v\u00e6rdier, som har en indvirkning p\u00e5 dit ROI<\/li>\n\n\n\n<li>Den gennemsnitlige ROI ved automatisering med Element Logic<\/li>\n\n\n\n<li>En kundecase, hvori ROI blev opn\u00e5et p\u00e5 rekordtid<\/li>\n<\/ul>\n\n\n\n<p>Dette whitepaper er gratis og tilg\u00e6ngeligt p\u00e5 engelsk.<\/p>\n\n\n\n\t\t<div class=\"wp-block-dekode-dynamics-form\">\n\t\t\t<div class=\"embedded-form\">\n\t\t\t\t<div\n\t\t\t\t\tdata-form-id=\"0ad20a4b-6f2a-f011-8c4e-6045bdf51dec\"\n\t\t\t\t\tdata-form-api-url=\"https:\/\/public-eur.mkt.dynamics.com\/api\/v1.0\/orgs\/0d653081-4a98-4454-9ade-26f2fbe674ee\/landingpageforms\"\n\t\t\t\t\tdata-cached-form-url=\"https:\/\/assets-eur.mkt.dynamics.com\/0d653081-4a98-4454-9ade-26f2fbe674ee\/digitalassets\/forms\/0ad20a4b-6f2a-f011-8c4e-6045bdf51dec\"\n\t\t\t\t><\/div>\n\t\t\t<\/div>\n\t\t<\/div>","protected":false},"excerpt":{"rendered":"<p>Dette whitepaper deler ud af vores viden om og ekspertise i at finde den \u00f8konomiske v\u00e6rdi ved hvert enkelt aspekt [&hellip;]<\/p>\n","protected":false},"author":3,"featured_media":334,"parent":155,"menu_order":0,"comment_status":"closed","ping_status":"closed","template":"","meta":{"hreflang_relation":2178,"_el_cross_publish_source_blog_url":"","_el_cross_publish_source_blog_id":0,"_el_cross_publish_source_post_id":0,"_el_cross_publish_sync_state":"","exclude_from_search":false,"footnotes":""},"class_list":["post-146","page","type-page","status-publish","has-post-thumbnail","hentry"],"yoast_head":"<!-- This site is optimized with the Yoast SEO Premium plugin v23.9 (Yoast SEO v23.9) - https:\/\/yoast.com\/wordpress\/plugins\/seo\/ -->\n<title>Beregn din ROI med Element Logic<\/title>\n<meta name=\"description\" content=\"Der er mange fordele ved lagerautomatisering. Du sparer plads, f\u00e5r mere tilfredse kunder, og dine medarbejdere f\u00e5r en bedre arbejdsdag. Men hvad er den \u00f8konomiske gevinst?\" \/>\n<meta name=\"robots\" content=\"index, follow, max-snippet:-1, max-image-preview:large, max-video-preview:-1\" \/>\n<link rel=\"canonical\" href=\"https:\/\/www.elementlogic.net\/dk\/whitepaper\/beregn-din-roi-med-element-logic\/\" \/>\n<meta property=\"og:locale\" content=\"da_DK\" \/>\n<meta property=\"og:type\" content=\"article\" \/>\n<meta property=\"og:title\" content=\"Beregn din ROI med Element Logic\" \/>\n<meta property=\"og:description\" content=\"Der er mange fordele ved lagerautomatisering. Du sparer plads, f\u00e5r mere tilfredse kunder, og dine medarbejdere f\u00e5r en bedre arbejdsdag. Men hvad er den \u00f8konomiske gevinst?\" \/>\n<meta property=\"og:url\" content=\"https:\/\/www.elementlogic.net\/dk\/whitepaper\/beregn-din-roi-med-element-logic\/\" \/>\n<meta property=\"og:site_name\" content=\"Element Logic Denmark\" \/>\n<meta property=\"article:modified_time\" content=\"2025-11-27T12:27:47+00:00\" \/>\n<meta property=\"og:image\" content=\"https:\/\/www.elementlogic.net\/content\/uploads\/sites\/15\/\/2024\/09\/Element-Logic-cooperation-28168118.jpg\" \/>\n\t<meta property=\"og:image:width\" content=\"1080\" \/>\n\t<meta property=\"og:image:height\" content=\"720\" \/>\n\t<meta property=\"og:image:type\" content=\"image\/jpeg\" \/>\n<meta name=\"twitter:card\" content=\"summary_large_image\" \/>\n<meta name=\"twitter:label1\" content=\"Estimeret l\u00e6setid\" \/>\n\t<meta name=\"twitter:data1\" content=\"2 minutter\" \/>\n<script type=\"application\/ld+json\" class=\"yoast-schema-graph\">{\"@context\":\"https:\/\/schema.org\",\"@graph\":[{\"@type\":\"WebPage\",\"@id\":\"https:\/\/www.elementlogic.net\/dk\/whitepaper\/beregn-din-roi-med-element-logic\/\",\"url\":\"https:\/\/www.elementlogic.net\/dk\/whitepaper\/beregn-din-roi-med-element-logic\/\",\"name\":\"Beregn din ROI med Element Logic\",\"isPartOf\":{\"@id\":\"https:\/\/www.elementlogic.net\/dk\/#website\"},\"primaryImageOfPage\":{\"@id\":\"https:\/\/www.elementlogic.net\/dk\/whitepaper\/beregn-din-roi-med-element-logic\/#primaryimage\"},\"image\":{\"@id\":\"https:\/\/www.elementlogic.net\/dk\/whitepaper\/beregn-din-roi-med-element-logic\/#primaryimage\"},\"thumbnailUrl\":\"https:\/\/www.elementlogic.net\/content\/uploads\/sites\/15\/\/2024\/09\/Element-Logic-cooperation-28168118.jpg\",\"datePublished\":\"2024-09-09T19:50:17+00:00\",\"dateModified\":\"2025-11-27T12:27:47+00:00\",\"description\":\"Der er mange fordele ved lagerautomatisering. Du sparer plads, f\u00e5r mere tilfredse kunder, og dine medarbejdere f\u00e5r en bedre arbejdsdag. Men hvad er den \u00f8konomiske gevinst?\",\"breadcrumb\":{\"@id\":\"https:\/\/www.elementlogic.net\/dk\/whitepaper\/beregn-din-roi-med-element-logic\/#breadcrumb\"},\"inLanguage\":\"da-DK\",\"potentialAction\":[{\"@type\":\"ReadAction\",\"target\":[\"https:\/\/www.elementlogic.net\/dk\/whitepaper\/beregn-din-roi-med-element-logic\/\"]}]},{\"@type\":\"ImageObject\",\"inLanguage\":\"da-DK\",\"@id\":\"https:\/\/www.elementlogic.net\/dk\/whitepaper\/beregn-din-roi-med-element-logic\/#primaryimage\",\"url\":\"https:\/\/www.elementlogic.net\/content\/uploads\/sites\/15\/\/2024\/09\/Element-Logic-cooperation-28168118.jpg\",\"contentUrl\":\"https:\/\/www.elementlogic.net\/content\/uploads\/sites\/15\/\/2024\/09\/Element-Logic-cooperation-28168118.jpg\",\"width\":1080,\"height\":720,\"caption\":\"20220614 Lund Element Logics nya kontor Element Logic\"},{\"@type\":\"BreadcrumbList\",\"@id\":\"https:\/\/www.elementlogic.net\/dk\/whitepaper\/beregn-din-roi-med-element-logic\/#breadcrumb\",\"itemListElement\":[{\"@type\":\"ListItem\",\"position\":1,\"name\":\"Whitepapers\",\"item\":\"https:\/\/www.elementlogic.net\/dk\/whitepaper\/\"},{\"@type\":\"ListItem\",\"position\":2,\"name\":\"Beregn din ROI med Element Logic\"}]},{\"@type\":\"WebSite\",\"@id\":\"https:\/\/www.elementlogic.net\/dk\/#website\",\"url\":\"https:\/\/www.elementlogic.net\/dk\/\",\"name\":\"Element Logic Denmark\",\"description\":\"\",\"potentialAction\":[{\"@type\":\"SearchAction\",\"target\":{\"@type\":\"EntryPoint\",\"urlTemplate\":\"https:\/\/www.elementlogic.net\/dk\/?s={search_term_string}\"},\"query-input\":{\"@type\":\"PropertyValueSpecification\",\"valueRequired\":true,\"valueName\":\"search_term_string\"}}],\"inLanguage\":\"da-DK\"}]}<\/script>\n<!-- \/ Yoast SEO Premium plugin. -->","yoast_head_json":{"title":"Beregn din ROI med Element Logic","description":"Der er mange fordele ved lagerautomatisering. Du sparer plads, f\u00e5r mere tilfredse kunder, og dine medarbejdere f\u00e5r en bedre arbejdsdag. Men hvad er den \u00f8konomiske gevinst?","robots":{"index":"index","follow":"follow","max-snippet":"max-snippet:-1","max-image-preview":"max-image-preview:large","max-video-preview":"max-video-preview:-1"},"canonical":"https:\/\/www.elementlogic.net\/dk\/whitepaper\/beregn-din-roi-med-element-logic\/","og_locale":"da_DK","og_type":"article","og_title":"Beregn din ROI med Element Logic","og_description":"Der er mange fordele ved lagerautomatisering. Du sparer plads, f\u00e5r mere tilfredse kunder, og dine medarbejdere f\u00e5r en bedre arbejdsdag. Men hvad er den \u00f8konomiske gevinst?","og_url":"https:\/\/www.elementlogic.net\/dk\/whitepaper\/beregn-din-roi-med-element-logic\/","og_site_name":"Element Logic Denmark","article_modified_time":"2025-11-27T12:27:47+00:00","og_image":[{"width":1080,"height":720,"url":"https:\/\/www.elementlogic.net\/content\/uploads\/sites\/15\/\/2024\/09\/Element-Logic-cooperation-28168118.jpg","type":"image\/jpeg"}],"twitter_card":"summary_large_image","twitter_misc":{"Estimeret l\u00e6setid":"2 minutter"},"schema":{"@context":"https:\/\/schema.org","@graph":[{"@type":"WebPage","@id":"https:\/\/www.elementlogic.net\/dk\/whitepaper\/beregn-din-roi-med-element-logic\/","url":"https:\/\/www.elementlogic.net\/dk\/whitepaper\/beregn-din-roi-med-element-logic\/","name":"Beregn din ROI med Element Logic","isPartOf":{"@id":"https:\/\/www.elementlogic.net\/dk\/#website"},"primaryImageOfPage":{"@id":"https:\/\/www.elementlogic.net\/dk\/whitepaper\/beregn-din-roi-med-element-logic\/#primaryimage"},"image":{"@id":"https:\/\/www.elementlogic.net\/dk\/whitepaper\/beregn-din-roi-med-element-logic\/#primaryimage"},"thumbnailUrl":"https:\/\/www.elementlogic.net\/content\/uploads\/sites\/15\/\/2024\/09\/Element-Logic-cooperation-28168118.jpg","datePublished":"2024-09-09T19:50:17+00:00","dateModified":"2025-11-27T12:27:47+00:00","description":"Der er mange fordele ved lagerautomatisering. Du sparer plads, f\u00e5r mere tilfredse kunder, og dine medarbejdere f\u00e5r en bedre arbejdsdag. Men hvad er den \u00f8konomiske gevinst?","breadcrumb":{"@id":"https:\/\/www.elementlogic.net\/dk\/whitepaper\/beregn-din-roi-med-element-logic\/#breadcrumb"},"inLanguage":"da-DK","potentialAction":[{"@type":"ReadAction","target":["https:\/\/www.elementlogic.net\/dk\/whitepaper\/beregn-din-roi-med-element-logic\/"]}]},{"@type":"ImageObject","inLanguage":"da-DK","@id":"https:\/\/www.elementlogic.net\/dk\/whitepaper\/beregn-din-roi-med-element-logic\/#primaryimage","url":"https:\/\/www.elementlogic.net\/content\/uploads\/sites\/15\/\/2024\/09\/Element-Logic-cooperation-28168118.jpg","contentUrl":"https:\/\/www.elementlogic.net\/content\/uploads\/sites\/15\/\/2024\/09\/Element-Logic-cooperation-28168118.jpg","width":1080,"height":720,"caption":"20220614 Lund Element Logics nya kontor Element Logic"},{"@type":"BreadcrumbList","@id":"https:\/\/www.elementlogic.net\/dk\/whitepaper\/beregn-din-roi-med-element-logic\/#breadcrumb","itemListElement":[{"@type":"ListItem","position":1,"name":"Whitepapers","item":"https:\/\/www.elementlogic.net\/dk\/whitepaper\/"},{"@type":"ListItem","position":2,"name":"Beregn din ROI med Element Logic"}]},{"@type":"WebSite","@id":"https:\/\/www.elementlogic.net\/dk\/#website","url":"https:\/\/www.elementlogic.net\/dk\/","name":"Element Logic Denmark","description":"","potentialAction":[{"@type":"SearchAction","target":{"@type":"EntryPoint","urlTemplate":"https:\/\/www.elementlogic.net\/dk\/?s={search_term_string}"},"query-input":{"@type":"PropertyValueSpecification","valueRequired":true,"valueName":"search_term_string"}}],"inLanguage":"da-DK"}]}},"_links":{"self":[{"href":"https:\/\/www.elementlogic.net\/dk\/wp-json\/wp\/v2\/pages\/146"}],"collection":[{"href":"https:\/\/www.elementlogic.net\/dk\/wp-json\/wp\/v2\/pages"}],"about":[{"href":"https:\/\/www.elementlogic.net\/dk\/wp-json\/wp\/v2\/types\/page"}],"author":[{"embeddable":true,"href":"https:\/\/www.elementlogic.net\/dk\/wp-json\/wp\/v2\/users\/3"}],"replies":[{"embeddable":true,"href":"https:\/\/www.elementlogic.net\/dk\/wp-json\/wp\/v2\/comments?post=146"}],"version-history":[{"count":5,"href":"https:\/\/www.elementlogic.net\/dk\/wp-json\/wp\/v2\/pages\/146\/revisions"}],"predecessor-version":[{"id":3659,"href":"https:\/\/www.elementlogic.net\/dk\/wp-json\/wp\/v2\/pages\/146\/revisions\/3659"}],"up":[{"embeddable":true,"href":"https:\/\/www.elementlogic.net\/dk\/wp-json\/wp\/v2\/pages\/155"}],"wp:featuredmedia":[{"embeddable":true,"href":"https:\/\/www.elementlogic.net\/dk\/wp-json\/wp\/v2\/media\/334"}],"wp:attachment":[{"href":"https:\/\/www.elementlogic.net\/dk\/wp-json\/wp\/v2\/media?parent=146"}],"curies":[{"name":"wp","href":"https:\/\/api.w.org\/{rel}","templated":true}]}}