{"id":148,"date":"2024-09-09T21:46:16","date_gmt":"2024-09-09T19:46:16","guid":{"rendered":"https:\/\/www.elementlogic.net\/?page_id=2173"},"modified":"2025-11-27T12:28:25","modified_gmt":"2025-11-27T12:28:25","slug":"det-naeste-skridt-inden-for-lagerautomation","status":"publish","type":"page","link":"https:\/\/www.elementlogic.net\/dk\/whitepaper\/det-naeste-skridt-inden-for-lagerautomation\/","title":{"rendered":"Optimering via data: Det n\u00e6ste skridt inden for lagerautomation"},"content":{"rendered":"\n\t\t<div style=\"--dekode-hero-dim:0.5; --t2-icon-fill:var(--wp--preset--color--white);\" class=\"alignfull dekode-hero-content-position-center has-media-background wp-block-dekode-hero\">\n\t\t\t<img loading=\"lazy\" decoding=\"async\" width=\"1024\" height=\"683\" src=\"https:\/\/www.elementlogic.net\/content\/uploads\/sites\/15\/\/2024\/09\/EL_eLogiq_-2-1024x683-1.jpg\" class=\"dekode-hero__image\" alt=\"\" style=\"--focalpoint: 50% 50%;\" srcset=\"https:\/\/www.elementlogic.net\/content\/uploads\/sites\/15\/2024\/09\/EL_eLogiq_-2-1024x683-1.jpg 1024w, https:\/\/www.elementlogic.net\/content\/uploads\/sites\/15\/2024\/09\/EL_eLogiq_-2-1024x683-1-300x200.jpg 300w, https:\/\/www.elementlogic.net\/content\/uploads\/sites\/15\/2024\/09\/EL_eLogiq_-2-1024x683-1-768x512.jpg 768w\" sizes=\"(max-width: 1024px) 100vw, 1024px\" \/>\n\t\t\t<div class=\"dekode-hero__content\">\n\t\t\t\t<div class=\"dekode-hero__container\">\n\t\t\t\t\t\n\n<h1 class=\"wp-block-heading\" id=\"optimering-via-data-det-naeste-skridt-inden-for-lagerautomation\">Optimering via data: Det n\u00e6ste skridt inden for lagerautomation<\/h1>\n\n\n\n<p>For at v\u00e6kste og forblive konkurrencedygtig skal du kunne forudsige, hvad der er p\u00e5 vej og hvordan, du vil reagere. For at kunne g\u00f8re det, er du n\u00f8dt til at begynde at udnytte dit varelagers skjulte data bedre.<\/p>\n\n\n\t\t\t\t<\/div>\n\t\t\t<\/div>\n\t\t<\/div>\n\t\t\n\n\n<p>De skjulte data fra din varelagerdrift kan levere brugbare indsigter i forhold til kapacitetsplanl\u00e6gning, forebyggende vedligehold, transportplanl\u00e6gning og det at sikre dine medarbejderes motivation.<\/p>\n\n\n\n<p>\u201dData er det gemte guld i ethvert varelager. Det er p\u00e5 tide, at vi udnytter dem,\u201d siger Sutharshan Nadarajah, teknologichef i Element Logic.<\/p>\n\n\n\n<p>I dette whitepaper giver Sutharshan Nadarajah dig et indblik i, hvordan intralogistik bev\u00e6ger sig ind i fremtiden via datadrevne l\u00f8sninger, og hvordan du holder dig ajour med de nyeste udviklinger.<\/p>\n\n\n\n<p><strong>Dette whitepaper vil give dig indsigt i:<\/strong><\/p>\n\n\n\n<ul class=\"wp-block-list\">\n<li>Hvordan en datadreven fremtid vil se ud indenfor intralogistik.<\/li>\n\n\n\n<li>Hvor du kan opsamle v\u00e6rdifulde data henne i din lagerdrift.<\/li>\n\n\n\n<li>Hvordan du sikrer, at du investerer i de rigtige softwarel\u00f8sninger.<\/li>\n\n\n\n<li>Hvordan du udnytter data optimalt.<\/li>\n\n\n\n<li>Eksempler p\u00e5 hvordan du kan optimere driften af dit varelager via beslutninger baseret p\u00e5 valide data.<\/li>\n\n\n\n<li>Element Logic\u2019s software \u00f8kosystem<\/li>\n<\/ul>\n\n\n\n<p>Dette whitepaper er tilg\u00e6ngeligt p\u00e5 engelsk, og det er gratis at downloade.<\/p>\n\n\n\n\t\t<div class=\"wp-block-dekode-dynamics-form\">\n\t\t\t<div class=\"embedded-form\">\n\t\t\t\t<div\n\t\t\t\t\tdata-form-id=\"0ad20a4b-6f2a-f011-8c4e-6045bdf51dec\"\n\t\t\t\t\tdata-form-api-url=\"https:\/\/public-eur.mkt.dynamics.com\/api\/v1.0\/orgs\/0d653081-4a98-4454-9ade-26f2fbe674ee\/landingpageforms\"\n\t\t\t\t\tdata-cached-form-url=\"https:\/\/assets-eur.mkt.dynamics.com\/0d653081-4a98-4454-9ade-26f2fbe674ee\/digitalassets\/forms\/0ad20a4b-6f2a-f011-8c4e-6045bdf51dec\"\n\t\t\t\t><\/div>\n\t\t\t<\/div>\n\t\t<\/div>","protected":false},"excerpt":{"rendered":"<p>De skjulte data fra din varelagerdrift kan levere brugbare indsigter i forhold til kapacitetsplanl\u00e6gning, forebyggende vedligehold, transportplanl\u00e6gning og det at [&hellip;]<\/p>\n","protected":false},"author":3,"featured_media":1901,"parent":155,"menu_order":0,"comment_status":"closed","ping_status":"closed","template":"","meta":{"hreflang_relation":2173,"_el_cross_publish_source_blog_url":"","_el_cross_publish_source_blog_id":0,"_el_cross_publish_source_post_id":0,"_el_cross_publish_sync_state":"","exclude_from_search":false,"footnotes":""},"class_list":["post-148","page","type-page","status-publish","has-post-thumbnail","hentry"],"yoast_head":"<!-- This site is optimized with the Yoast SEO Premium plugin v23.9 (Yoast SEO v23.9) - https:\/\/yoast.com\/wordpress\/plugins\/seo\/ -->\n<title>Optimering via data: Det n\u00e6ste skridt inden for lagerautomation - Element Logic Denmark<\/title>\n<meta name=\"description\" content=\"For at v\u00e6kste og forblive konkurrencedygtig skal du kunne forudsige, hvad der er p\u00e5 vej og hvordan, du vil reagere. For at kunne g\u00f8re det, er du n\u00f8dt til at begynde at udnytte dit varelagers skjulte data bedre.\" \/>\n<meta name=\"robots\" content=\"index, follow, max-snippet:-1, max-image-preview:large, max-video-preview:-1\" \/>\n<link rel=\"canonical\" href=\"https:\/\/www.elementlogic.net\/dk\/whitepaper\/det-naeste-skridt-inden-for-lagerautomation\/\" \/>\n<meta property=\"og:locale\" content=\"da_DK\" \/>\n<meta property=\"og:type\" content=\"article\" \/>\n<meta property=\"og:title\" content=\"Optimering via data: Det n\u00e6ste skridt inden for lagerautomation\" \/>\n<meta property=\"og:description\" content=\"For at v\u00e6kste og forblive konkurrencedygtig skal du kunne forudsige, hvad der er p\u00e5 vej og hvordan, du vil reagere. For at kunne g\u00f8re det, er du n\u00f8dt til at begynde at udnytte dit varelagers skjulte data bedre.\" \/>\n<meta property=\"og:url\" content=\"https:\/\/www.elementlogic.net\/dk\/whitepaper\/det-naeste-skridt-inden-for-lagerautomation\/\" \/>\n<meta property=\"og:site_name\" content=\"Element Logic Denmark\" \/>\n<meta property=\"article:modified_time\" content=\"2025-11-27T12:28:25+00:00\" \/>\n<meta property=\"og:image\" content=\"https:\/\/www.elementlogic.net\/content\/uploads\/sites\/15\/2024\/10\/1234.jpg\" \/>\n\t<meta property=\"og:image:width\" content=\"1500\" \/>\n\t<meta property=\"og:image:height\" content=\"1000\" \/>\n\t<meta property=\"og:image:type\" content=\"image\/jpeg\" \/>\n<meta name=\"twitter:card\" content=\"summary_large_image\" \/>\n<meta name=\"twitter:label1\" content=\"Estimeret l\u00e6setid\" \/>\n\t<meta name=\"twitter:data1\" content=\"2 minutter\" \/>\n<script type=\"application\/ld+json\" class=\"yoast-schema-graph\">{\"@context\":\"https:\/\/schema.org\",\"@graph\":[{\"@type\":\"WebPage\",\"@id\":\"https:\/\/www.elementlogic.net\/dk\/whitepaper\/det-naeste-skridt-inden-for-lagerautomation\/\",\"url\":\"https:\/\/www.elementlogic.net\/dk\/whitepaper\/det-naeste-skridt-inden-for-lagerautomation\/\",\"name\":\"Optimering via data: Det n\u00e6ste skridt inden for lagerautomation - Element Logic Denmark\",\"isPartOf\":{\"@id\":\"https:\/\/www.elementlogic.net\/dk\/#website\"},\"primaryImageOfPage\":{\"@id\":\"https:\/\/www.elementlogic.net\/dk\/whitepaper\/det-naeste-skridt-inden-for-lagerautomation\/#primaryimage\"},\"image\":{\"@id\":\"https:\/\/www.elementlogic.net\/dk\/whitepaper\/det-naeste-skridt-inden-for-lagerautomation\/#primaryimage\"},\"thumbnailUrl\":\"https:\/\/www.elementlogic.net\/content\/uploads\/sites\/15\/2024\/10\/1234.jpg\",\"datePublished\":\"2024-09-09T19:46:16+00:00\",\"dateModified\":\"2025-11-27T12:28:25+00:00\",\"description\":\"For at v\u00e6kste og forblive konkurrencedygtig skal du kunne forudsige, hvad der er p\u00e5 vej og hvordan, du vil reagere. For at kunne g\u00f8re det, er du n\u00f8dt til at begynde at udnytte dit varelagers skjulte data bedre.\",\"breadcrumb\":{\"@id\":\"https:\/\/www.elementlogic.net\/dk\/whitepaper\/det-naeste-skridt-inden-for-lagerautomation\/#breadcrumb\"},\"inLanguage\":\"da-DK\",\"potentialAction\":[{\"@type\":\"ReadAction\",\"target\":[\"https:\/\/www.elementlogic.net\/dk\/whitepaper\/det-naeste-skridt-inden-for-lagerautomation\/\"]}]},{\"@type\":\"ImageObject\",\"inLanguage\":\"da-DK\",\"@id\":\"https:\/\/www.elementlogic.net\/dk\/whitepaper\/det-naeste-skridt-inden-for-lagerautomation\/#primaryimage\",\"url\":\"https:\/\/www.elementlogic.net\/content\/uploads\/sites\/15\/2024\/10\/1234.jpg\",\"contentUrl\":\"https:\/\/www.elementlogic.net\/content\/uploads\/sites\/15\/2024\/10\/1234.jpg\",\"width\":1500,\"height\":1000,\"caption\":\"Medarbejdere p\u00e5 kontor\"},{\"@type\":\"BreadcrumbList\",\"@id\":\"https:\/\/www.elementlogic.net\/dk\/whitepaper\/det-naeste-skridt-inden-for-lagerautomation\/#breadcrumb\",\"itemListElement\":[{\"@type\":\"ListItem\",\"position\":1,\"name\":\"Whitepapers\",\"item\":\"https:\/\/www.elementlogic.net\/dk\/whitepaper\/\"},{\"@type\":\"ListItem\",\"position\":2,\"name\":\"Optimering via data: Det n\u00e6ste skridt inden for lagerautomation\"}]},{\"@type\":\"WebSite\",\"@id\":\"https:\/\/www.elementlogic.net\/dk\/#website\",\"url\":\"https:\/\/www.elementlogic.net\/dk\/\",\"name\":\"Element Logic Denmark\",\"description\":\"\",\"potentialAction\":[{\"@type\":\"SearchAction\",\"target\":{\"@type\":\"EntryPoint\",\"urlTemplate\":\"https:\/\/www.elementlogic.net\/dk\/?s={search_term_string}\"},\"query-input\":{\"@type\":\"PropertyValueSpecification\",\"valueRequired\":true,\"valueName\":\"search_term_string\"}}],\"inLanguage\":\"da-DK\"}]}<\/script>\n<!-- \/ Yoast SEO Premium plugin. -->","yoast_head_json":{"title":"Optimering via data: Det n\u00e6ste skridt inden for lagerautomation - Element Logic Denmark","description":"For at v\u00e6kste og forblive konkurrencedygtig skal du kunne forudsige, hvad der er p\u00e5 vej og hvordan, du vil reagere. For at kunne g\u00f8re det, er du n\u00f8dt til at begynde at udnytte dit varelagers skjulte data bedre.","robots":{"index":"index","follow":"follow","max-snippet":"max-snippet:-1","max-image-preview":"max-image-preview:large","max-video-preview":"max-video-preview:-1"},"canonical":"https:\/\/www.elementlogic.net\/dk\/whitepaper\/det-naeste-skridt-inden-for-lagerautomation\/","og_locale":"da_DK","og_type":"article","og_title":"Optimering via data: Det n\u00e6ste skridt inden for lagerautomation","og_description":"For at v\u00e6kste og forblive konkurrencedygtig skal du kunne forudsige, hvad der er p\u00e5 vej og hvordan, du vil reagere. For at kunne g\u00f8re det, er du n\u00f8dt til at begynde at udnytte dit varelagers skjulte data bedre.","og_url":"https:\/\/www.elementlogic.net\/dk\/whitepaper\/det-naeste-skridt-inden-for-lagerautomation\/","og_site_name":"Element Logic Denmark","article_modified_time":"2025-11-27T12:28:25+00:00","og_image":[{"width":1500,"height":1000,"url":"https:\/\/www.elementlogic.net\/content\/uploads\/sites\/15\/2024\/10\/1234.jpg","type":"image\/jpeg"}],"twitter_card":"summary_large_image","twitter_misc":{"Estimeret l\u00e6setid":"2 minutter"},"schema":{"@context":"https:\/\/schema.org","@graph":[{"@type":"WebPage","@id":"https:\/\/www.elementlogic.net\/dk\/whitepaper\/det-naeste-skridt-inden-for-lagerautomation\/","url":"https:\/\/www.elementlogic.net\/dk\/whitepaper\/det-naeste-skridt-inden-for-lagerautomation\/","name":"Optimering via data: Det n\u00e6ste skridt inden for lagerautomation - Element Logic Denmark","isPartOf":{"@id":"https:\/\/www.elementlogic.net\/dk\/#website"},"primaryImageOfPage":{"@id":"https:\/\/www.elementlogic.net\/dk\/whitepaper\/det-naeste-skridt-inden-for-lagerautomation\/#primaryimage"},"image":{"@id":"https:\/\/www.elementlogic.net\/dk\/whitepaper\/det-naeste-skridt-inden-for-lagerautomation\/#primaryimage"},"thumbnailUrl":"https:\/\/www.elementlogic.net\/content\/uploads\/sites\/15\/2024\/10\/1234.jpg","datePublished":"2024-09-09T19:46:16+00:00","dateModified":"2025-11-27T12:28:25+00:00","description":"For at v\u00e6kste og forblive konkurrencedygtig skal du kunne forudsige, hvad der er p\u00e5 vej og hvordan, du vil reagere. For at kunne g\u00f8re det, er du n\u00f8dt til at begynde at udnytte dit varelagers skjulte data bedre.","breadcrumb":{"@id":"https:\/\/www.elementlogic.net\/dk\/whitepaper\/det-naeste-skridt-inden-for-lagerautomation\/#breadcrumb"},"inLanguage":"da-DK","potentialAction":[{"@type":"ReadAction","target":["https:\/\/www.elementlogic.net\/dk\/whitepaper\/det-naeste-skridt-inden-for-lagerautomation\/"]}]},{"@type":"ImageObject","inLanguage":"da-DK","@id":"https:\/\/www.elementlogic.net\/dk\/whitepaper\/det-naeste-skridt-inden-for-lagerautomation\/#primaryimage","url":"https:\/\/www.elementlogic.net\/content\/uploads\/sites\/15\/2024\/10\/1234.jpg","contentUrl":"https:\/\/www.elementlogic.net\/content\/uploads\/sites\/15\/2024\/10\/1234.jpg","width":1500,"height":1000,"caption":"Medarbejdere p\u00e5 kontor"},{"@type":"BreadcrumbList","@id":"https:\/\/www.elementlogic.net\/dk\/whitepaper\/det-naeste-skridt-inden-for-lagerautomation\/#breadcrumb","itemListElement":[{"@type":"ListItem","position":1,"name":"Whitepapers","item":"https:\/\/www.elementlogic.net\/dk\/whitepaper\/"},{"@type":"ListItem","position":2,"name":"Optimering via data: Det n\u00e6ste skridt inden for lagerautomation"}]},{"@type":"WebSite","@id":"https:\/\/www.elementlogic.net\/dk\/#website","url":"https:\/\/www.elementlogic.net\/dk\/","name":"Element Logic Denmark","description":"","potentialAction":[{"@type":"SearchAction","target":{"@type":"EntryPoint","urlTemplate":"https:\/\/www.elementlogic.net\/dk\/?s={search_term_string}"},"query-input":{"@type":"PropertyValueSpecification","valueRequired":true,"valueName":"search_term_string"}}],"inLanguage":"da-DK"}]}},"_links":{"self":[{"href":"https:\/\/www.elementlogic.net\/dk\/wp-json\/wp\/v2\/pages\/148"}],"collection":[{"href":"https:\/\/www.elementlogic.net\/dk\/wp-json\/wp\/v2\/pages"}],"about":[{"href":"https:\/\/www.elementlogic.net\/dk\/wp-json\/wp\/v2\/types\/page"}],"author":[{"embeddable":true,"href":"https:\/\/www.elementlogic.net\/dk\/wp-json\/wp\/v2\/users\/3"}],"replies":[{"embeddable":true,"href":"https:\/\/www.elementlogic.net\/dk\/wp-json\/wp\/v2\/comments?post=148"}],"version-history":[{"count":5,"href":"https:\/\/www.elementlogic.net\/dk\/wp-json\/wp\/v2\/pages\/148\/revisions"}],"predecessor-version":[{"id":3660,"href":"https:\/\/www.elementlogic.net\/dk\/wp-json\/wp\/v2\/pages\/148\/revisions\/3660"}],"up":[{"embeddable":true,"href":"https:\/\/www.elementlogic.net\/dk\/wp-json\/wp\/v2\/pages\/155"}],"wp:featuredmedia":[{"embeddable":true,"href":"https:\/\/www.elementlogic.net\/dk\/wp-json\/wp\/v2\/media\/1901"}],"wp:attachment":[{"href":"https:\/\/www.elementlogic.net\/dk\/wp-json\/wp\/v2\/media?parent=148"}],"curies":[{"name":"wp","href":"https:\/\/api.w.org\/{rel}","templated":true}]}}