{"id":150,"date":"2024-09-09T21:40:43","date_gmt":"2024-09-09T19:40:43","guid":{"rendered":"https:\/\/www.elementlogic.net\/?page_id=2164"},"modified":"2025-11-27T12:29:28","modified_gmt":"2025-11-27T12:29:28","slug":"frigor-dit-varelagers-fulde-potentiale-med-ai","status":"publish","type":"page","link":"https:\/\/www.elementlogic.net\/dk\/whitepaper\/frigor-dit-varelagers-fulde-potentiale-med-ai\/","title":{"rendered":"Frig\u00f8r dit varelagers fulde potentiale med AI"},"content":{"rendered":"\n\t\t<div style=\"--dekode-hero-dim:0.5; --t2-icon-fill:var(--wp--preset--color--white);\" class=\"alignfull dekode-hero-content-position-center has-media-background wp-block-dekode-hero\">\n\t\t\t<img loading=\"lazy\" decoding=\"async\" width=\"600\" height=\"400\" src=\"https:\/\/www.elementlogic.net\/content\/uploads\/sites\/15\/\/2024\/09\/image-11.png\" class=\"dekode-hero__image\" alt=\"Lager\" style=\"--focalpoint: 54% 27%;\" srcset=\"https:\/\/www.elementlogic.net\/content\/uploads\/sites\/15\/2024\/09\/image-11.png 600w, https:\/\/www.elementlogic.net\/content\/uploads\/sites\/15\/2024\/09\/image-11-300x200.png 300w\" sizes=\"(max-width: 600px) 100vw, 600px\" \/>\n\t\t\t<div class=\"dekode-hero__content\">\n\t\t\t\t<div class=\"dekode-hero__container\">\n\t\t\t\t\t\n\n<h1 class=\"wp-block-heading\" id=\"frigor-dit-varelagers-fulde-potentiale-med-ai\">Frig\u00f8r dit varelagers fulde potentiale med AI<\/h1>\n\n\n\n<p>I dette whitepaper deler vi vores indsigt i, hvad der skal til for at f\u00e5 succes med automatiserede arbejdsgange, og hvordan mennesker og robotter kan arbejde sammen for at opn\u00e5 produktivitet og v\u00e6kst.<\/p>\n\n\n\t\t\t\t<\/div>\n\t\t\t<\/div>\n\t\t<\/div>\n\t\t\n\n\n<p>Med pandemien, den finansielle recession og naturkatastrofer, der for\u00e5rsager forstyrrelser i de globale forsyningsk\u00e6der, har eftersp\u00f8rgslen efter tilpasningsdygtige og skalerbare varelagerl\u00f8sninger aldrig v\u00e6ret mere kritisk.<\/p>\n\n\n\n<p>Download vores whitepaper for at finde ud af, hvordan automatisering og robotteknologi kan frig\u00f8re dit lagers fulde potentiale med AI og samtidig \u00f8ge dit varelagers effektivitet. Du vil l\u00e6re, hvordan synergien mellem robotter og mennesker skaber enest\u00e5ende kundeoplevelser, der fremmer loyalitet og genererer gunstige mund-til-mund-henvisninger.<\/p>\n\n\n\n<p>Dette whitepaper indeholder ogs\u00e5 virkelige eksempler og indsigter fra brancheeksperter.<\/p>\n\n\n\n<p><strong>N\u00e5r du l\u00e6ser dette whitepaper, vil du l\u00e6re om:<\/strong><\/p>\n\n\n\n<ul class=\"wp-block-list\">\n<li>Hvorfor robotter aldrig kan erstatte mennesker<\/li>\n\n\n\n<li>Hvordan lagerautomatisering reducerer personaleomkostninger<\/li>\n\n\n\n<li>Hvorfor Kjetil fra Bildeler.no foretr\u00e6kker at arbejde p\u00e5 et automatiseret lager<\/li>\n\n\n\n<li>Hvordan et automatiseret lager rent faktisk fungerer<\/li>\n\n\n\n<li>Den software, der frig\u00f8r det fulde varelagerpotentiale<\/li>\n\n\n\n<li>Hvordan fremtiden for lagerautomatisering ser ud<\/li>\n\n\n\n<li>Eksempler fra andre brancher, hvor robotter er blevet implementeret med succes<\/li>\n<\/ul>\n\n\n\n<p>Dette whitepaper er gratis og tilg\u00e6ngeligt p\u00e5 engelsk.<\/p>\n\n\n\n\t\t<div class=\"wp-block-dekode-dynamics-form\">\n\t\t\t<div class=\"embedded-form\">\n\t\t\t\t<div\n\t\t\t\t\tdata-form-id=\"0ad20a4b-6f2a-f011-8c4e-6045bdf51dec\"\n\t\t\t\t\tdata-form-api-url=\"https:\/\/public-eur.mkt.dynamics.com\/api\/v1.0\/orgs\/0d653081-4a98-4454-9ade-26f2fbe674ee\/landingpageforms\"\n\t\t\t\t\tdata-cached-form-url=\"https:\/\/assets-eur.mkt.dynamics.com\/0d653081-4a98-4454-9ade-26f2fbe674ee\/digitalassets\/forms\/0ad20a4b-6f2a-f011-8c4e-6045bdf51dec\"\n\t\t\t\t><\/div>\n\t\t\t<\/div>\n\t\t<\/div>","protected":false},"excerpt":{"rendered":"<p>Med pandemien, den finansielle recession og naturkatastrofer, der for\u00e5rsager forstyrrelser i de globale forsyningsk\u00e6der, har eftersp\u00f8rgslen efter tilpasningsdygtige og skalerbare [&hellip;]<\/p>\n","protected":false},"author":3,"featured_media":151,"parent":155,"menu_order":0,"comment_status":"closed","ping_status":"closed","template":"","meta":{"hreflang_relation":2164,"_el_cross_publish_source_blog_url":"","_el_cross_publish_source_blog_id":0,"_el_cross_publish_source_post_id":0,"_el_cross_publish_sync_state":"","exclude_from_search":false,"footnotes":""},"class_list":["post-150","page","type-page","status-publish","has-post-thumbnail","hentry"],"yoast_head":"<!-- This site is optimized with the Yoast SEO Premium plugin v23.9 (Yoast SEO v23.9) - https:\/\/yoast.com\/wordpress\/plugins\/seo\/ -->\n<title>Frig\u00f8r dit varelagers fulde potentiale med AI<\/title>\n<meta name=\"description\" content=\"I dette whitepaper deler vi vores indsigt i, hvad der skal til for at f\u00e5 succes med automatiserede arbejdsgange, og hvordan mennesker og robotter kan arbejde sammen for at opn\u00e5 produktivitet og v\u00e6kst.\" \/>\n<meta name=\"robots\" content=\"index, follow, max-snippet:-1, max-image-preview:large, max-video-preview:-1\" \/>\n<link rel=\"canonical\" href=\"https:\/\/www.elementlogic.net\/dk\/whitepaper\/frigor-dit-varelagers-fulde-potentiale-med-ai\/\" \/>\n<meta property=\"og:locale\" content=\"da_DK\" \/>\n<meta property=\"og:type\" content=\"article\" \/>\n<meta property=\"og:title\" content=\"Frig\u00f8r dit varelagers fulde potentiale med AI\" \/>\n<meta property=\"og:description\" content=\"I dette whitepaper deler vi vores indsigt i, hvad der skal til for at f\u00e5 succes med automatiserede arbejdsgange, og hvordan mennesker og robotter kan arbejde sammen for at opn\u00e5 produktivitet og v\u00e6kst.\" \/>\n<meta property=\"og:url\" content=\"https:\/\/www.elementlogic.net\/dk\/whitepaper\/frigor-dit-varelagers-fulde-potentiale-med-ai\/\" \/>\n<meta property=\"og:site_name\" content=\"Element Logic Denmark\" \/>\n<meta property=\"article:modified_time\" content=\"2025-11-27T12:29:28+00:00\" \/>\n<meta property=\"og:image\" content=\"https:\/\/www.elementlogic.net\/content\/uploads\/sites\/15\/\/2024\/09\/image-11.png\" \/>\n\t<meta property=\"og:image:width\" content=\"600\" \/>\n\t<meta property=\"og:image:height\" content=\"400\" \/>\n\t<meta property=\"og:image:type\" content=\"image\/png\" \/>\n<meta name=\"twitter:card\" content=\"summary_large_image\" \/>\n<meta name=\"twitter:label1\" content=\"Estimeret l\u00e6setid\" \/>\n\t<meta name=\"twitter:data1\" content=\"2 minutter\" \/>\n<script type=\"application\/ld+json\" class=\"yoast-schema-graph\">{\"@context\":\"https:\/\/schema.org\",\"@graph\":[{\"@type\":\"WebPage\",\"@id\":\"https:\/\/www.elementlogic.net\/dk\/whitepaper\/frigor-dit-varelagers-fulde-potentiale-med-ai\/\",\"url\":\"https:\/\/www.elementlogic.net\/dk\/whitepaper\/frigor-dit-varelagers-fulde-potentiale-med-ai\/\",\"name\":\"Frig\u00f8r dit varelagers fulde potentiale med AI\",\"isPartOf\":{\"@id\":\"https:\/\/www.elementlogic.net\/dk\/#website\"},\"primaryImageOfPage\":{\"@id\":\"https:\/\/www.elementlogic.net\/dk\/whitepaper\/frigor-dit-varelagers-fulde-potentiale-med-ai\/#primaryimage\"},\"image\":{\"@id\":\"https:\/\/www.elementlogic.net\/dk\/whitepaper\/frigor-dit-varelagers-fulde-potentiale-med-ai\/#primaryimage\"},\"thumbnailUrl\":\"https:\/\/www.elementlogic.net\/content\/uploads\/sites\/15\/\/2024\/09\/image-11.png\",\"datePublished\":\"2024-09-09T19:40:43+00:00\",\"dateModified\":\"2025-11-27T12:29:28+00:00\",\"description\":\"I dette whitepaper deler vi vores indsigt i, hvad der skal til for at f\u00e5 succes med automatiserede arbejdsgange, og hvordan mennesker og robotter kan arbejde sammen for at opn\u00e5 produktivitet og v\u00e6kst.\",\"breadcrumb\":{\"@id\":\"https:\/\/www.elementlogic.net\/dk\/whitepaper\/frigor-dit-varelagers-fulde-potentiale-med-ai\/#breadcrumb\"},\"inLanguage\":\"da-DK\",\"potentialAction\":[{\"@type\":\"ReadAction\",\"target\":[\"https:\/\/www.elementlogic.net\/dk\/whitepaper\/frigor-dit-varelagers-fulde-potentiale-med-ai\/\"]}]},{\"@type\":\"ImageObject\",\"inLanguage\":\"da-DK\",\"@id\":\"https:\/\/www.elementlogic.net\/dk\/whitepaper\/frigor-dit-varelagers-fulde-potentiale-med-ai\/#primaryimage\",\"url\":\"https:\/\/www.elementlogic.net\/content\/uploads\/sites\/15\/\/2024\/09\/image-11.png\",\"contentUrl\":\"https:\/\/www.elementlogic.net\/content\/uploads\/sites\/15\/\/2024\/09\/image-11.png\",\"width\":600,\"height\":400,\"caption\":\"Lager\"},{\"@type\":\"BreadcrumbList\",\"@id\":\"https:\/\/www.elementlogic.net\/dk\/whitepaper\/frigor-dit-varelagers-fulde-potentiale-med-ai\/#breadcrumb\",\"itemListElement\":[{\"@type\":\"ListItem\",\"position\":1,\"name\":\"Whitepapers\",\"item\":\"https:\/\/www.elementlogic.net\/dk\/whitepaper\/\"},{\"@type\":\"ListItem\",\"position\":2,\"name\":\"Frig\u00f8r dit varelagers fulde potentiale med AI\"}]},{\"@type\":\"WebSite\",\"@id\":\"https:\/\/www.elementlogic.net\/dk\/#website\",\"url\":\"https:\/\/www.elementlogic.net\/dk\/\",\"name\":\"Element Logic Denmark\",\"description\":\"\",\"potentialAction\":[{\"@type\":\"SearchAction\",\"target\":{\"@type\":\"EntryPoint\",\"urlTemplate\":\"https:\/\/www.elementlogic.net\/dk\/?s={search_term_string}\"},\"query-input\":{\"@type\":\"PropertyValueSpecification\",\"valueRequired\":true,\"valueName\":\"search_term_string\"}}],\"inLanguage\":\"da-DK\"}]}<\/script>\n<!-- \/ Yoast SEO Premium plugin. -->","yoast_head_json":{"title":"Frig\u00f8r dit varelagers fulde potentiale med AI","description":"I dette whitepaper deler vi vores indsigt i, hvad der skal til for at f\u00e5 succes med automatiserede arbejdsgange, og hvordan mennesker og robotter kan arbejde sammen for at opn\u00e5 produktivitet og v\u00e6kst.","robots":{"index":"index","follow":"follow","max-snippet":"max-snippet:-1","max-image-preview":"max-image-preview:large","max-video-preview":"max-video-preview:-1"},"canonical":"https:\/\/www.elementlogic.net\/dk\/whitepaper\/frigor-dit-varelagers-fulde-potentiale-med-ai\/","og_locale":"da_DK","og_type":"article","og_title":"Frig\u00f8r dit varelagers fulde potentiale med AI","og_description":"I dette whitepaper deler vi vores indsigt i, hvad der skal til for at f\u00e5 succes med automatiserede arbejdsgange, og hvordan mennesker og robotter kan arbejde sammen for at opn\u00e5 produktivitet og v\u00e6kst.","og_url":"https:\/\/www.elementlogic.net\/dk\/whitepaper\/frigor-dit-varelagers-fulde-potentiale-med-ai\/","og_site_name":"Element Logic Denmark","article_modified_time":"2025-11-27T12:29:28+00:00","og_image":[{"width":600,"height":400,"url":"https:\/\/www.elementlogic.net\/content\/uploads\/sites\/15\/\/2024\/09\/image-11.png","type":"image\/png"}],"twitter_card":"summary_large_image","twitter_misc":{"Estimeret l\u00e6setid":"2 minutter"},"schema":{"@context":"https:\/\/schema.org","@graph":[{"@type":"WebPage","@id":"https:\/\/www.elementlogic.net\/dk\/whitepaper\/frigor-dit-varelagers-fulde-potentiale-med-ai\/","url":"https:\/\/www.elementlogic.net\/dk\/whitepaper\/frigor-dit-varelagers-fulde-potentiale-med-ai\/","name":"Frig\u00f8r dit varelagers fulde potentiale med AI","isPartOf":{"@id":"https:\/\/www.elementlogic.net\/dk\/#website"},"primaryImageOfPage":{"@id":"https:\/\/www.elementlogic.net\/dk\/whitepaper\/frigor-dit-varelagers-fulde-potentiale-med-ai\/#primaryimage"},"image":{"@id":"https:\/\/www.elementlogic.net\/dk\/whitepaper\/frigor-dit-varelagers-fulde-potentiale-med-ai\/#primaryimage"},"thumbnailUrl":"https:\/\/www.elementlogic.net\/content\/uploads\/sites\/15\/\/2024\/09\/image-11.png","datePublished":"2024-09-09T19:40:43+00:00","dateModified":"2025-11-27T12:29:28+00:00","description":"I dette whitepaper deler vi vores indsigt i, hvad der skal til for at f\u00e5 succes med automatiserede arbejdsgange, og hvordan mennesker og robotter kan arbejde sammen for at opn\u00e5 produktivitet og v\u00e6kst.","breadcrumb":{"@id":"https:\/\/www.elementlogic.net\/dk\/whitepaper\/frigor-dit-varelagers-fulde-potentiale-med-ai\/#breadcrumb"},"inLanguage":"da-DK","potentialAction":[{"@type":"ReadAction","target":["https:\/\/www.elementlogic.net\/dk\/whitepaper\/frigor-dit-varelagers-fulde-potentiale-med-ai\/"]}]},{"@type":"ImageObject","inLanguage":"da-DK","@id":"https:\/\/www.elementlogic.net\/dk\/whitepaper\/frigor-dit-varelagers-fulde-potentiale-med-ai\/#primaryimage","url":"https:\/\/www.elementlogic.net\/content\/uploads\/sites\/15\/\/2024\/09\/image-11.png","contentUrl":"https:\/\/www.elementlogic.net\/content\/uploads\/sites\/15\/\/2024\/09\/image-11.png","width":600,"height":400,"caption":"Lager"},{"@type":"BreadcrumbList","@id":"https:\/\/www.elementlogic.net\/dk\/whitepaper\/frigor-dit-varelagers-fulde-potentiale-med-ai\/#breadcrumb","itemListElement":[{"@type":"ListItem","position":1,"name":"Whitepapers","item":"https:\/\/www.elementlogic.net\/dk\/whitepaper\/"},{"@type":"ListItem","position":2,"name":"Frig\u00f8r dit varelagers fulde potentiale med AI"}]},{"@type":"WebSite","@id":"https:\/\/www.elementlogic.net\/dk\/#website","url":"https:\/\/www.elementlogic.net\/dk\/","name":"Element Logic Denmark","description":"","potentialAction":[{"@type":"SearchAction","target":{"@type":"EntryPoint","urlTemplate":"https:\/\/www.elementlogic.net\/dk\/?s={search_term_string}"},"query-input":{"@type":"PropertyValueSpecification","valueRequired":true,"valueName":"search_term_string"}}],"inLanguage":"da-DK"}]}},"_links":{"self":[{"href":"https:\/\/www.elementlogic.net\/dk\/wp-json\/wp\/v2\/pages\/150"}],"collection":[{"href":"https:\/\/www.elementlogic.net\/dk\/wp-json\/wp\/v2\/pages"}],"about":[{"href":"https:\/\/www.elementlogic.net\/dk\/wp-json\/wp\/v2\/types\/page"}],"author":[{"embeddable":true,"href":"https:\/\/www.elementlogic.net\/dk\/wp-json\/wp\/v2\/users\/3"}],"replies":[{"embeddable":true,"href":"https:\/\/www.elementlogic.net\/dk\/wp-json\/wp\/v2\/comments?post=150"}],"version-history":[{"count":5,"href":"https:\/\/www.elementlogic.net\/dk\/wp-json\/wp\/v2\/pages\/150\/revisions"}],"predecessor-version":[{"id":3661,"href":"https:\/\/www.elementlogic.net\/dk\/wp-json\/wp\/v2\/pages\/150\/revisions\/3661"}],"up":[{"embeddable":true,"href":"https:\/\/www.elementlogic.net\/dk\/wp-json\/wp\/v2\/pages\/155"}],"wp:featuredmedia":[{"embeddable":true,"href":"https:\/\/www.elementlogic.net\/dk\/wp-json\/wp\/v2\/media\/151"}],"wp:attachment":[{"href":"https:\/\/www.elementlogic.net\/dk\/wp-json\/wp\/v2\/media?parent=150"}],"curies":[{"name":"wp","href":"https:\/\/api.w.org\/{rel}","templated":true}]}}