{"id":180,"date":"2024-09-03T15:26:40","date_gmt":"2024-09-03T13:26:40","guid":{"rendered":"https:\/\/www.elementlogic.net\/?page_id=1865"},"modified":"2024-12-10T11:09:38","modified_gmt":"2024-12-10T11:09:38","slug":"kasser","status":"publish","type":"page","link":"https:\/\/www.elementlogic.net\/dk\/losninger-og-services\/autostore\/kasser\/","title":{"rendered":"Kasser"},"content":{"rendered":"<p class=\"t2-ingress wp-block-t2-ingress\">AutoStore bins, 400mm x 600mm, come in three heights (220mm, 330mm, 425mm) to meet various storage needs.<\/p>\n\n\n\t\t<div class=\"alignwide is-mode-constrained is-gap-center wp-block-t2-simple-media-text   \">\n\t\t\t<div class=\"t2-simple-media-text__container\">\n\t\t\t\t<div class=\"t2-simple-media-text__image\"><img loading=\"lazy\" decoding=\"async\" width=\"768\" height=\"512\" src=\"https:\/\/www.elementlogic.net\/content\/uploads\/sites\/15\/\/2024\/09\/AS-Bins-330mm-top-768x512.jpg\" class=\"\" alt=\"\" style=\"--focalpoint: 50% 50%;\" srcset=\"https:\/\/www.elementlogic.net\/content\/uploads\/sites\/15\/2024\/09\/AS-Bins-330mm-top-768x512.jpg 768w, https:\/\/www.elementlogic.net\/content\/uploads\/sites\/15\/2024\/09\/AS-Bins-330mm-top-300x200.jpg 300w, https:\/\/www.elementlogic.net\/content\/uploads\/sites\/15\/2024\/09\/AS-Bins-330mm-top-1024x683.jpg 1024w, https:\/\/www.elementlogic.net\/content\/uploads\/sites\/15\/2024\/09\/AS-Bins-330mm-top-1536x1025.jpg 1536w, https:\/\/www.elementlogic.net\/content\/uploads\/sites\/15\/2024\/09\/AS-Bins-330mm-top.jpg 1920w\" sizes=\"(max-width: 768px) 100vw, 768px\" \/><\/div>\n\t\t\t\t<div class=\"t2-simple-media-text__content-container\">\n\t\t\t\t\t<div class=\"t2-simple-media-text__content\">\n\t\t\t\t\t\t<div class=\"t2-simple-media-text__content-inner\">\n\t\t\t\t\t\t\t\n\n<p>AutoStore-kasserne m\u00e5ler 400 mm x 600 mm og f\u00e5s i tre h\u00f8jder (220 mm, 330 mm, 425 mm) for at opfylde forskellige opbevaringsbehov. Den h\u00f8jeste kasse er kompatibel med B1 og R5+-robotter. Hver kasse kan opdeles med op til 32 flytbare skillev\u00e6gge til flere forskellige produktkategorier.<\/p>\n\n\n\n<p>Kasserne er meget holdbare p\u00e5 grund af deres unikke konstruktion og robotternes sk\u00e5nsomme h\u00e5ndtering. De kan rumme op til 30 kg, og du kan i din AutoStore-l\u00f8sning stable 14, 16 eller 24 kasser oven p\u00e5 hinanden.<\/p>\n\n\n\n<p>Hver kasse har et solidt design, vejledende detaljer og et unikt ID til pr\u00e6cis sporing af lagerbeholdningen. Disse funktioner sikrer langvarig ydeevne og fuld kontrol over lagerbeholdningen, hvilket bekr\u00e6ftes af det faktum, at vi har kasser, der har v\u00e6ret i brug siden 2005 i <a href=\"https:\/\/www.elementlogic.net\/case\/the-worlds-first-autostore-warehouse-still-going-strong\/\">det f\u00f8rste AutoStore-varelager i verden<\/a> installeret af Element Logic.<\/p>\n\n\n\t\t\t\t\t\t<\/div>\n\t\t\t\t\t<\/div>\n\t\t\t\t<\/div>\n\t\t\t<\/div>\n\t\t<\/div>\n\t\t\n\n\n<p><\/p>\n","protected":false},"excerpt":{"rendered":"","protected":false},"author":3,"featured_media":181,"parent":212,"menu_order":0,"comment_status":"closed","ping_status":"closed","template":"","meta":{"hreflang_relation":1865,"_el_cross_publish_source_blog_url":"","_el_cross_publish_source_blog_id":0,"_el_cross_publish_source_post_id":0,"_el_cross_publish_sync_state":"","exclude_from_search":false,"footnotes":""},"class_list":["post-180","page","type-page","status-publish","has-post-thumbnail","hentry"],"yoast_head":"<!-- This site is optimized with the Yoast SEO Premium plugin v23.9 (Yoast SEO v23.9) - https:\/\/yoast.com\/wordpress\/plugins\/seo\/ -->\n<title>Kasser - Element Logic Denmark<\/title>\n<meta name=\"description\" content=\"De langtidsholdbare lagerkamre opbevarer din beholdning. Databasen har til enhver tid fuldst\u00e6ndig kontrol over indholdet i hvert lagerkammer.\" \/>\n<meta name=\"robots\" content=\"index, follow, max-snippet:-1, max-image-preview:large, max-video-preview:-1\" \/>\n<link rel=\"canonical\" href=\"https:\/\/www.elementlogic.net\/dk\/losninger-og-services\/autostore\/kasser\/\" \/>\n<meta property=\"og:locale\" content=\"da_DK\" \/>\n<meta property=\"og:type\" content=\"article\" \/>\n<meta property=\"og:title\" content=\"Kasser\" \/>\n<meta property=\"og:description\" content=\"De langtidsholdbare lagerkamre opbevarer din beholdning. Databasen har til enhver tid fuldst\u00e6ndig kontrol over indholdet i hvert lagerkammer.\" \/>\n<meta property=\"og:url\" content=\"https:\/\/www.elementlogic.net\/dk\/losninger-og-services\/autostore\/kasser\/\" \/>\n<meta property=\"og:site_name\" content=\"Element Logic Denmark\" \/>\n<meta property=\"article:modified_time\" content=\"2024-12-10T11:09:38+00:00\" \/>\n<meta property=\"og:image\" content=\"https:\/\/www.elementlogic.net\/content\/uploads\/sites\/15\/\/2024\/09\/AS-Bins-330mm-top.jpg\" \/>\n\t<meta property=\"og:image:width\" content=\"1920\" \/>\n\t<meta property=\"og:image:height\" content=\"1281\" \/>\n\t<meta property=\"og:image:type\" content=\"image\/jpeg\" \/>\n<meta name=\"twitter:card\" content=\"summary_large_image\" \/>\n<meta name=\"twitter:label1\" content=\"Estimeret l\u00e6setid\" \/>\n\t<meta name=\"twitter:data1\" content=\"1 minut\" \/>\n<script type=\"application\/ld+json\" class=\"yoast-schema-graph\">{\"@context\":\"https:\/\/schema.org\",\"@graph\":[{\"@type\":\"WebPage\",\"@id\":\"https:\/\/www.elementlogic.net\/dk\/losninger-og-services\/autostore\/kasser\/\",\"url\":\"https:\/\/www.elementlogic.net\/dk\/losninger-og-services\/autostore\/kasser\/\",\"name\":\"Kasser - Element Logic Denmark\",\"isPartOf\":{\"@id\":\"https:\/\/www.elementlogic.net\/dk\/#website\"},\"primaryImageOfPage\":{\"@id\":\"https:\/\/www.elementlogic.net\/dk\/losninger-og-services\/autostore\/kasser\/#primaryimage\"},\"image\":{\"@id\":\"https:\/\/www.elementlogic.net\/dk\/losninger-og-services\/autostore\/kasser\/#primaryimage\"},\"thumbnailUrl\":\"https:\/\/www.elementlogic.net\/content\/uploads\/sites\/15\/\/2024\/09\/AS-Bins-330mm-top.jpg\",\"datePublished\":\"2024-09-03T13:26:40+00:00\",\"dateModified\":\"2024-12-10T11:09:38+00:00\",\"description\":\"De langtidsholdbare lagerkamre opbevarer din beholdning. Databasen har til enhver tid fuldst\u00e6ndig kontrol over indholdet i hvert lagerkammer.\",\"breadcrumb\":{\"@id\":\"https:\/\/www.elementlogic.net\/dk\/losninger-og-services\/autostore\/kasser\/#breadcrumb\"},\"inLanguage\":\"da-DK\",\"potentialAction\":[{\"@type\":\"ReadAction\",\"target\":[\"https:\/\/www.elementlogic.net\/dk\/losninger-og-services\/autostore\/kasser\/\"]}]},{\"@type\":\"ImageObject\",\"inLanguage\":\"da-DK\",\"@id\":\"https:\/\/www.elementlogic.net\/dk\/losninger-og-services\/autostore\/kasser\/#primaryimage\",\"url\":\"https:\/\/www.elementlogic.net\/content\/uploads\/sites\/15\/\/2024\/09\/AS-Bins-330mm-top.jpg\",\"contentUrl\":\"https:\/\/www.elementlogic.net\/content\/uploads\/sites\/15\/\/2024\/09\/AS-Bins-330mm-top.jpg\",\"width\":1920,\"height\":1281},{\"@type\":\"BreadcrumbList\",\"@id\":\"https:\/\/www.elementlogic.net\/dk\/losninger-og-services\/autostore\/kasser\/#breadcrumb\",\"itemListElement\":[{\"@type\":\"ListItem\",\"position\":1,\"name\":\"L\u00f8sninger og services\",\"item\":\"https:\/\/www.elementlogic.net\/dk\/losninger-og-services\/\"},{\"@type\":\"ListItem\",\"position\":2,\"name\":\"AutoStore\",\"item\":\"https:\/\/www.elementlogic.net\/dk\/losninger-og-services\/autostore\/\"},{\"@type\":\"ListItem\",\"position\":3,\"name\":\"Kasser\"}]},{\"@type\":\"WebSite\",\"@id\":\"https:\/\/www.elementlogic.net\/dk\/#website\",\"url\":\"https:\/\/www.elementlogic.net\/dk\/\",\"name\":\"Element Logic Denmark\",\"description\":\"\",\"potentialAction\":[{\"@type\":\"SearchAction\",\"target\":{\"@type\":\"EntryPoint\",\"urlTemplate\":\"https:\/\/www.elementlogic.net\/dk\/?s={search_term_string}\"},\"query-input\":{\"@type\":\"PropertyValueSpecification\",\"valueRequired\":true,\"valueName\":\"search_term_string\"}}],\"inLanguage\":\"da-DK\"}]}<\/script>\n<!-- \/ Yoast SEO Premium plugin. -->","yoast_head_json":{"title":"Kasser - Element Logic Denmark","description":"De langtidsholdbare lagerkamre opbevarer din beholdning. Databasen har til enhver tid fuldst\u00e6ndig kontrol over indholdet i hvert lagerkammer.","robots":{"index":"index","follow":"follow","max-snippet":"max-snippet:-1","max-image-preview":"max-image-preview:large","max-video-preview":"max-video-preview:-1"},"canonical":"https:\/\/www.elementlogic.net\/dk\/losninger-og-services\/autostore\/kasser\/","og_locale":"da_DK","og_type":"article","og_title":"Kasser","og_description":"De langtidsholdbare lagerkamre opbevarer din beholdning. Databasen har til enhver tid fuldst\u00e6ndig kontrol over indholdet i hvert lagerkammer.","og_url":"https:\/\/www.elementlogic.net\/dk\/losninger-og-services\/autostore\/kasser\/","og_site_name":"Element Logic Denmark","article_modified_time":"2024-12-10T11:09:38+00:00","og_image":[{"width":1920,"height":1281,"url":"https:\/\/www.elementlogic.net\/content\/uploads\/sites\/15\/\/2024\/09\/AS-Bins-330mm-top.jpg","type":"image\/jpeg"}],"twitter_card":"summary_large_image","twitter_misc":{"Estimeret l\u00e6setid":"1 minut"},"schema":{"@context":"https:\/\/schema.org","@graph":[{"@type":"WebPage","@id":"https:\/\/www.elementlogic.net\/dk\/losninger-og-services\/autostore\/kasser\/","url":"https:\/\/www.elementlogic.net\/dk\/losninger-og-services\/autostore\/kasser\/","name":"Kasser - Element Logic Denmark","isPartOf":{"@id":"https:\/\/www.elementlogic.net\/dk\/#website"},"primaryImageOfPage":{"@id":"https:\/\/www.elementlogic.net\/dk\/losninger-og-services\/autostore\/kasser\/#primaryimage"},"image":{"@id":"https:\/\/www.elementlogic.net\/dk\/losninger-og-services\/autostore\/kasser\/#primaryimage"},"thumbnailUrl":"https:\/\/www.elementlogic.net\/content\/uploads\/sites\/15\/\/2024\/09\/AS-Bins-330mm-top.jpg","datePublished":"2024-09-03T13:26:40+00:00","dateModified":"2024-12-10T11:09:38+00:00","description":"De langtidsholdbare lagerkamre opbevarer din beholdning. Databasen har til enhver tid fuldst\u00e6ndig kontrol over indholdet i hvert lagerkammer.","breadcrumb":{"@id":"https:\/\/www.elementlogic.net\/dk\/losninger-og-services\/autostore\/kasser\/#breadcrumb"},"inLanguage":"da-DK","potentialAction":[{"@type":"ReadAction","target":["https:\/\/www.elementlogic.net\/dk\/losninger-og-services\/autostore\/kasser\/"]}]},{"@type":"ImageObject","inLanguage":"da-DK","@id":"https:\/\/www.elementlogic.net\/dk\/losninger-og-services\/autostore\/kasser\/#primaryimage","url":"https:\/\/www.elementlogic.net\/content\/uploads\/sites\/15\/\/2024\/09\/AS-Bins-330mm-top.jpg","contentUrl":"https:\/\/www.elementlogic.net\/content\/uploads\/sites\/15\/\/2024\/09\/AS-Bins-330mm-top.jpg","width":1920,"height":1281},{"@type":"BreadcrumbList","@id":"https:\/\/www.elementlogic.net\/dk\/losninger-og-services\/autostore\/kasser\/#breadcrumb","itemListElement":[{"@type":"ListItem","position":1,"name":"L\u00f8sninger og services","item":"https:\/\/www.elementlogic.net\/dk\/losninger-og-services\/"},{"@type":"ListItem","position":2,"name":"AutoStore","item":"https:\/\/www.elementlogic.net\/dk\/losninger-og-services\/autostore\/"},{"@type":"ListItem","position":3,"name":"Kasser"}]},{"@type":"WebSite","@id":"https:\/\/www.elementlogic.net\/dk\/#website","url":"https:\/\/www.elementlogic.net\/dk\/","name":"Element Logic Denmark","description":"","potentialAction":[{"@type":"SearchAction","target":{"@type":"EntryPoint","urlTemplate":"https:\/\/www.elementlogic.net\/dk\/?s={search_term_string}"},"query-input":{"@type":"PropertyValueSpecification","valueRequired":true,"valueName":"search_term_string"}}],"inLanguage":"da-DK"}]}},"_links":{"self":[{"href":"https:\/\/www.elementlogic.net\/dk\/wp-json\/wp\/v2\/pages\/180"}],"collection":[{"href":"https:\/\/www.elementlogic.net\/dk\/wp-json\/wp\/v2\/pages"}],"about":[{"href":"https:\/\/www.elementlogic.net\/dk\/wp-json\/wp\/v2\/types\/page"}],"author":[{"embeddable":true,"href":"https:\/\/www.elementlogic.net\/dk\/wp-json\/wp\/v2\/users\/3"}],"replies":[{"embeddable":true,"href":"https:\/\/www.elementlogic.net\/dk\/wp-json\/wp\/v2\/comments?post=180"}],"version-history":[{"count":4,"href":"https:\/\/www.elementlogic.net\/dk\/wp-json\/wp\/v2\/pages\/180\/revisions"}],"predecessor-version":[{"id":2627,"href":"https:\/\/www.elementlogic.net\/dk\/wp-json\/wp\/v2\/pages\/180\/revisions\/2627"}],"up":[{"embeddable":true,"href":"https:\/\/www.elementlogic.net\/dk\/wp-json\/wp\/v2\/pages\/212"}],"wp:featuredmedia":[{"embeddable":true,"href":"https:\/\/www.elementlogic.net\/dk\/wp-json\/wp\/v2\/media\/181"}],"wp:attachment":[{"href":"https:\/\/www.elementlogic.net\/dk\/wp-json\/wp\/v2\/media?parent=180"}],"curies":[{"name":"wp","href":"https:\/\/api.w.org\/{rel}","templated":true}]}}