{"id":190,"date":"2024-09-03T15:04:48","date_gmt":"2024-09-03T13:04:48","guid":{"rendered":"https:\/\/www.elementlogic.net\/?page_id=1842"},"modified":"2024-12-10T11:14:26","modified_gmt":"2024-12-10T11:14:26","slug":"robotter","status":"publish","type":"page","link":"https:\/\/www.elementlogic.net\/dk\/losninger-og-services\/autostore\/robotter\/","title":{"rendered":"Robotter"},"content":{"rendered":"<p class=\"t2-ingress wp-block-t2-ingress\">AutoStore-robotterne er rygraden i din logistikl\u00f8sning, hvor de utr\u00e6tteligt plukker og leverer kasser med h\u00f8j pr\u00e6cision. <\/p>\n\n\n\t\t<div class=\"alignwide is-mode-constrained is-gap-center wp-block-t2-simple-media-text   \">\n\t\t\t<div class=\"t2-simple-media-text__container\">\n\t\t\t\t<div class=\"t2-simple-media-text__image\"><video muted autoplay loop style=\"--focalpoint: 50% 50%;\"><source src=\"https:\/\/www.elementlogic.net\/content\/uploads\/sites\/15\/\/2024\/09\/R5-Spin-White-Background-1.mp4\" type=\"video\/mp4\" \/><\/video><\/div>\n\t\t\t\t<div class=\"t2-simple-media-text__content-container\">\n\t\t\t\t\t<div class=\"t2-simple-media-text__content\">\n\t\t\t\t\t\t<div class=\"t2-simple-media-text__content-inner\">\n\t\t\t\t\t\t\t\n\n<p>De bruger otte hjul til bev\u00e6gelser i fem akser, hvilket sikrer effektiv navigation. Red Line-robotterne, herunder R5, R5+, R5 Pro og R5 Pro+, er kendetegnet ved deres p\u00e5lidelighed og energieffektivitet og opererer med minimal nedetid.<\/p>\n\n\n\n<p>Robotter arbejder 24\/7 og oplader sig selv efter behov.<\/p>\n\n\n\t\t\t\t\t\t<\/div>\n\t\t\t\t\t<\/div>\n\t\t\t\t<\/div>\n\t\t\t<\/div>\n\t\t<\/div>\n\t\t","protected":false},"excerpt":{"rendered":"","protected":false},"author":3,"featured_media":71,"parent":212,"menu_order":0,"comment_status":"closed","ping_status":"closed","template":"","meta":{"hreflang_relation":1842,"_el_cross_publish_source_blog_url":"","_el_cross_publish_source_blog_id":0,"_el_cross_publish_source_post_id":0,"_el_cross_publish_sync_state":"","exclude_from_search":false,"footnotes":""},"class_list":["post-190","page","type-page","status-publish","has-post-thumbnail","hentry"],"yoast_head":"<!-- This site is optimized with the Yoast SEO Premium plugin v23.9 (Yoast SEO v23.9) - https:\/\/yoast.com\/wordpress\/plugins\/seo\/ -->\n<title>Robotter - Element Logic Denmark<\/title>\n<meta name=\"description\" content=\"AutoStore-robotterne er rygraden i din logistikl\u00f8sning, hvor de utr\u00e6tteligt plukker og leverer kasser med h\u00f8j pr\u00e6cision.\" \/>\n<meta name=\"robots\" content=\"index, follow, max-snippet:-1, max-image-preview:large, max-video-preview:-1\" \/>\n<link rel=\"canonical\" href=\"https:\/\/www.elementlogic.net\/dk\/losninger-og-services\/autostore\/robotter\/\" \/>\n<meta property=\"og:locale\" content=\"da_DK\" \/>\n<meta property=\"og:type\" content=\"article\" \/>\n<meta property=\"og:title\" content=\"Robotter\" \/>\n<meta property=\"og:description\" content=\"AutoStore-robotterne er rygraden i din logistikl\u00f8sning, hvor de utr\u00e6tteligt plukker og leverer kasser med h\u00f8j pr\u00e6cision.\" \/>\n<meta property=\"og:url\" content=\"https:\/\/www.elementlogic.net\/dk\/losninger-og-services\/autostore\/robotter\/\" \/>\n<meta property=\"og:site_name\" content=\"Element Logic Denmark\" \/>\n<meta property=\"article:modified_time\" content=\"2024-12-10T11:14:26+00:00\" \/>\n<meta property=\"og:image\" content=\"https:\/\/www.elementlogic.net\/content\/uploads\/sites\/15\/\/2024\/09\/R5_Robot-Side_copy-kopi-2.jpg\" \/>\n\t<meta property=\"og:image:width\" content=\"1500\" \/>\n\t<meta property=\"og:image:height\" content=\"1100\" \/>\n\t<meta property=\"og:image:type\" content=\"image\/jpeg\" \/>\n<meta name=\"twitter:card\" content=\"summary_large_image\" \/>\n<meta name=\"twitter:label1\" content=\"Estimeret l\u00e6setid\" \/>\n\t<meta name=\"twitter:data1\" content=\"1 minut\" \/>\n<script type=\"application\/ld+json\" class=\"yoast-schema-graph\">{\"@context\":\"https:\/\/schema.org\",\"@graph\":[{\"@type\":\"WebPage\",\"@id\":\"https:\/\/www.elementlogic.net\/dk\/losninger-og-services\/autostore\/robotter\/\",\"url\":\"https:\/\/www.elementlogic.net\/dk\/losninger-og-services\/autostore\/robotter\/\",\"name\":\"Robotter - Element Logic Denmark\",\"isPartOf\":{\"@id\":\"https:\/\/www.elementlogic.net\/dk\/#website\"},\"primaryImageOfPage\":{\"@id\":\"https:\/\/www.elementlogic.net\/dk\/losninger-og-services\/autostore\/robotter\/#primaryimage\"},\"image\":{\"@id\":\"https:\/\/www.elementlogic.net\/dk\/losninger-og-services\/autostore\/robotter\/#primaryimage\"},\"thumbnailUrl\":\"https:\/\/www.elementlogic.net\/content\/uploads\/sites\/15\/\/2024\/09\/R5_Robot-Side_copy-kopi-2.jpg\",\"datePublished\":\"2024-09-03T13:04:48+00:00\",\"dateModified\":\"2024-12-10T11:14:26+00:00\",\"description\":\"AutoStore-robotterne er rygraden i din logistikl\u00f8sning, hvor de utr\u00e6tteligt plukker og leverer kasser med h\u00f8j pr\u00e6cision.\",\"breadcrumb\":{\"@id\":\"https:\/\/www.elementlogic.net\/dk\/losninger-og-services\/autostore\/robotter\/#breadcrumb\"},\"inLanguage\":\"da-DK\",\"potentialAction\":[{\"@type\":\"ReadAction\",\"target\":[\"https:\/\/www.elementlogic.net\/dk\/losninger-og-services\/autostore\/robotter\/\"]}]},{\"@type\":\"ImageObject\",\"inLanguage\":\"da-DK\",\"@id\":\"https:\/\/www.elementlogic.net\/dk\/losninger-og-services\/autostore\/robotter\/#primaryimage\",\"url\":\"https:\/\/www.elementlogic.net\/content\/uploads\/sites\/15\/\/2024\/09\/R5_Robot-Side_copy-kopi-2.jpg\",\"contentUrl\":\"https:\/\/www.elementlogic.net\/content\/uploads\/sites\/15\/\/2024\/09\/R5_Robot-Side_copy-kopi-2.jpg\",\"width\":1500,\"height\":1100},{\"@type\":\"BreadcrumbList\",\"@id\":\"https:\/\/www.elementlogic.net\/dk\/losninger-og-services\/autostore\/robotter\/#breadcrumb\",\"itemListElement\":[{\"@type\":\"ListItem\",\"position\":1,\"name\":\"L\u00f8sninger og services\",\"item\":\"https:\/\/www.elementlogic.net\/dk\/losninger-og-services\/\"},{\"@type\":\"ListItem\",\"position\":2,\"name\":\"AutoStore\",\"item\":\"https:\/\/www.elementlogic.net\/dk\/losninger-og-services\/autostore\/\"},{\"@type\":\"ListItem\",\"position\":3,\"name\":\"Robotter\"}]},{\"@type\":\"WebSite\",\"@id\":\"https:\/\/www.elementlogic.net\/dk\/#website\",\"url\":\"https:\/\/www.elementlogic.net\/dk\/\",\"name\":\"Element Logic Denmark\",\"description\":\"\",\"potentialAction\":[{\"@type\":\"SearchAction\",\"target\":{\"@type\":\"EntryPoint\",\"urlTemplate\":\"https:\/\/www.elementlogic.net\/dk\/?s={search_term_string}\"},\"query-input\":{\"@type\":\"PropertyValueSpecification\",\"valueRequired\":true,\"valueName\":\"search_term_string\"}}],\"inLanguage\":\"da-DK\"}]}<\/script>\n<!-- \/ Yoast SEO Premium plugin. -->","yoast_head_json":{"title":"Robotter - Element Logic Denmark","description":"AutoStore-robotterne er rygraden i din logistikl\u00f8sning, hvor de utr\u00e6tteligt plukker og leverer kasser med h\u00f8j pr\u00e6cision.","robots":{"index":"index","follow":"follow","max-snippet":"max-snippet:-1","max-image-preview":"max-image-preview:large","max-video-preview":"max-video-preview:-1"},"canonical":"https:\/\/www.elementlogic.net\/dk\/losninger-og-services\/autostore\/robotter\/","og_locale":"da_DK","og_type":"article","og_title":"Robotter","og_description":"AutoStore-robotterne er rygraden i din logistikl\u00f8sning, hvor de utr\u00e6tteligt plukker og leverer kasser med h\u00f8j pr\u00e6cision.","og_url":"https:\/\/www.elementlogic.net\/dk\/losninger-og-services\/autostore\/robotter\/","og_site_name":"Element Logic Denmark","article_modified_time":"2024-12-10T11:14:26+00:00","og_image":[{"width":1500,"height":1100,"url":"https:\/\/www.elementlogic.net\/content\/uploads\/sites\/15\/\/2024\/09\/R5_Robot-Side_copy-kopi-2.jpg","type":"image\/jpeg"}],"twitter_card":"summary_large_image","twitter_misc":{"Estimeret l\u00e6setid":"1 minut"},"schema":{"@context":"https:\/\/schema.org","@graph":[{"@type":"WebPage","@id":"https:\/\/www.elementlogic.net\/dk\/losninger-og-services\/autostore\/robotter\/","url":"https:\/\/www.elementlogic.net\/dk\/losninger-og-services\/autostore\/robotter\/","name":"Robotter - Element Logic Denmark","isPartOf":{"@id":"https:\/\/www.elementlogic.net\/dk\/#website"},"primaryImageOfPage":{"@id":"https:\/\/www.elementlogic.net\/dk\/losninger-og-services\/autostore\/robotter\/#primaryimage"},"image":{"@id":"https:\/\/www.elementlogic.net\/dk\/losninger-og-services\/autostore\/robotter\/#primaryimage"},"thumbnailUrl":"https:\/\/www.elementlogic.net\/content\/uploads\/sites\/15\/\/2024\/09\/R5_Robot-Side_copy-kopi-2.jpg","datePublished":"2024-09-03T13:04:48+00:00","dateModified":"2024-12-10T11:14:26+00:00","description":"AutoStore-robotterne er rygraden i din logistikl\u00f8sning, hvor de utr\u00e6tteligt plukker og leverer kasser med h\u00f8j pr\u00e6cision.","breadcrumb":{"@id":"https:\/\/www.elementlogic.net\/dk\/losninger-og-services\/autostore\/robotter\/#breadcrumb"},"inLanguage":"da-DK","potentialAction":[{"@type":"ReadAction","target":["https:\/\/www.elementlogic.net\/dk\/losninger-og-services\/autostore\/robotter\/"]}]},{"@type":"ImageObject","inLanguage":"da-DK","@id":"https:\/\/www.elementlogic.net\/dk\/losninger-og-services\/autostore\/robotter\/#primaryimage","url":"https:\/\/www.elementlogic.net\/content\/uploads\/sites\/15\/\/2024\/09\/R5_Robot-Side_copy-kopi-2.jpg","contentUrl":"https:\/\/www.elementlogic.net\/content\/uploads\/sites\/15\/\/2024\/09\/R5_Robot-Side_copy-kopi-2.jpg","width":1500,"height":1100},{"@type":"BreadcrumbList","@id":"https:\/\/www.elementlogic.net\/dk\/losninger-og-services\/autostore\/robotter\/#breadcrumb","itemListElement":[{"@type":"ListItem","position":1,"name":"L\u00f8sninger og services","item":"https:\/\/www.elementlogic.net\/dk\/losninger-og-services\/"},{"@type":"ListItem","position":2,"name":"AutoStore","item":"https:\/\/www.elementlogic.net\/dk\/losninger-og-services\/autostore\/"},{"@type":"ListItem","position":3,"name":"Robotter"}]},{"@type":"WebSite","@id":"https:\/\/www.elementlogic.net\/dk\/#website","url":"https:\/\/www.elementlogic.net\/dk\/","name":"Element Logic Denmark","description":"","potentialAction":[{"@type":"SearchAction","target":{"@type":"EntryPoint","urlTemplate":"https:\/\/www.elementlogic.net\/dk\/?s={search_term_string}"},"query-input":{"@type":"PropertyValueSpecification","valueRequired":true,"valueName":"search_term_string"}}],"inLanguage":"da-DK"}]}},"_links":{"self":[{"href":"https:\/\/www.elementlogic.net\/dk\/wp-json\/wp\/v2\/pages\/190"}],"collection":[{"href":"https:\/\/www.elementlogic.net\/dk\/wp-json\/wp\/v2\/pages"}],"about":[{"href":"https:\/\/www.elementlogic.net\/dk\/wp-json\/wp\/v2\/types\/page"}],"author":[{"embeddable":true,"href":"https:\/\/www.elementlogic.net\/dk\/wp-json\/wp\/v2\/users\/3"}],"replies":[{"embeddable":true,"href":"https:\/\/www.elementlogic.net\/dk\/wp-json\/wp\/v2\/comments?post=190"}],"version-history":[{"count":5,"href":"https:\/\/www.elementlogic.net\/dk\/wp-json\/wp\/v2\/pages\/190\/revisions"}],"predecessor-version":[{"id":2630,"href":"https:\/\/www.elementlogic.net\/dk\/wp-json\/wp\/v2\/pages\/190\/revisions\/2630"}],"up":[{"embeddable":true,"href":"https:\/\/www.elementlogic.net\/dk\/wp-json\/wp\/v2\/pages\/212"}],"wp:featuredmedia":[{"embeddable":true,"href":"https:\/\/www.elementlogic.net\/dk\/wp-json\/wp\/v2\/media\/71"}],"wp:attachment":[{"href":"https:\/\/www.elementlogic.net\/dk\/wp-json\/wp\/v2\/media?parent=190"}],"curies":[{"name":"wp","href":"https:\/\/api.w.org\/{rel}","templated":true}]}}