{"id":210,"date":"2024-09-03T09:38:10","date_gmt":"2024-09-03T07:38:10","guid":{"rendered":"https:\/\/www.elementlogic.net\/?page_id=750"},"modified":"2026-04-01T08:11:17","modified_gmt":"2026-04-01T08:11:17","slug":"om-os","status":"publish","type":"page","link":"https:\/\/www.elementlogic.net\/dk\/om-os\/","title":{"rendered":"Om os"},"content":{"rendered":"\n\t\t<div style=\"--dekode-hero-dim:0.5; --t2-icon-fill:var(--wp--preset--color--white); min-height:500px;\" class=\"alignfull dekode-hero-content-position-center has-media-background wp-elements-e10ea881a38c780bddb46dde7cdcd6e6 wp-block-dekode-hero has-text-color has-white-color\">\n\t\t\t<img loading=\"lazy\" decoding=\"async\" width=\"1024\" height=\"614\" src=\"https:\/\/www.elementlogic.net\/content\/uploads\/sites\/15\/\/2024\/09\/autostore_efficiency-1024x614.jpg\" class=\"dekode-hero__image\" alt=\"\" style=\"--focalpoint: 53% 64%;\" srcset=\"https:\/\/www.elementlogic.net\/content\/uploads\/sites\/15\/2024\/09\/autostore_efficiency-1024x614.jpg 1024w, https:\/\/www.elementlogic.net\/content\/uploads\/sites\/15\/2024\/09\/autostore_efficiency-300x180.jpg 300w, https:\/\/www.elementlogic.net\/content\/uploads\/sites\/15\/2024\/09\/autostore_efficiency-768x461.jpg 768w, https:\/\/www.elementlogic.net\/content\/uploads\/sites\/15\/2024\/09\/autostore_efficiency-1536x922.jpg 1536w, https:\/\/www.elementlogic.net\/content\/uploads\/sites\/15\/2024\/09\/autostore_efficiency.jpg 1600w\" sizes=\"(max-width: 1024px) 100vw, 1024px\" \/>\n\t\t\t<div class=\"dekode-hero__content\">\n\t\t\t\t<div class=\"dekode-hero__container\">\n\t\t\t\t\t\n\n<h1 class=\"wp-block-heading has-text-align-center\" id=\"h-om-element-logic\">Om Element Logic<\/h1>\n\n\n<p class=\"t2-ingress has-text-align-center wp-block-t2-ingress\">Siden 1985 har Element Logic\u00ae optimeret lagerdriften ved at g\u00f8re det komplicerede enkelt og give ambiti\u00f8se virksomheder et konkurrencem\u00e6ssigt forspring.<\/p>\n\n\t\t\t\t<\/div>\n\t\t\t<\/div>\n\t\t<\/div>\n\t\t\n\n\n\n\n<p>Som global markedsleder inden for intelligent lagerautomatisering forener vi avanceret teknologi med dyb ekspertise og en menneskecentreret tilgang. Vi har specialiseret os i intelligent lagerautomatisering, hvor vi kombinerer banebrydende robotteknologi med AI-drevet software for at optimere driften for virksomheder over hele verden.<\/p>\n\n\n\n<p><br>Vores skalerbare, fleksible l\u00f8sninger maksimerer effektiviteten og str\u00f8mliner driften, hvilket sikrer, at kunderne altid drager fordel af de nyeste funktioner og innovationer, i takt med at deres behov udvikler sig.<\/p>\n\n\n\n<p><br>Vi s\u00e6lger ikke bare teknologi, vi l\u00f8ser udfordringer. Vores mission er at g\u00f8re dit lager hurtigere, smartere og mere b\u00e6redygtigt.<\/p>\n\n\n\n<p><br>Ved at betragte lageret som et komplet \u00f8kosystem designer vi skr\u00e6ddersyede l\u00f8sninger til dine behov.<\/p>\n\n\n\n\t\t<div class=\"alignwide is-mode-constrained is-gap-center wp-block-t2-simple-media-text   \">\n\t\t\t<div class=\"t2-simple-media-text__container\">\n\t\t\t\t<div class=\"t2-simple-media-text__image\"><img loading=\"lazy\" decoding=\"async\" width=\"768\" height=\"513\" src=\"https:\/\/www.elementlogic.net\/content\/uploads\/sites\/15\/\/2024\/09\/ElementLogic-OCC-0915.22-08470-flip-scaled-768x513.jpg\" class=\"\" alt=\"\" style=\"--focalpoint: 50% 50%;\" srcset=\"https:\/\/www.elementlogic.net\/content\/uploads\/sites\/15\/2024\/09\/ElementLogic-OCC-0915.22-08470-flip-scaled-768x513.jpg 768w, https:\/\/www.elementlogic.net\/content\/uploads\/sites\/15\/2024\/09\/ElementLogic-OCC-0915.22-08470-flip-scaled-300x200.jpg 300w, https:\/\/www.elementlogic.net\/content\/uploads\/sites\/15\/2024\/09\/ElementLogic-OCC-0915.22-08470-flip-scaled-1024x684.jpg 1024w, https:\/\/www.elementlogic.net\/content\/uploads\/sites\/15\/2024\/09\/ElementLogic-OCC-0915.22-08470-flip-scaled-1536x1026.jpg 1536w, https:\/\/www.elementlogic.net\/content\/uploads\/sites\/15\/2024\/09\/ElementLogic-OCC-0915.22-08470-flip-scaled-2048x1368.jpg 2048w\" sizes=\"(max-width: 768px) 100vw, 768px\" \/><\/div>\n\t\t\t\t<div class=\"t2-simple-media-text__content-container\">\n\t\t\t\t\t<div class=\"t2-simple-media-text__content\">\n\t\t\t\t\t\t<div class=\"t2-simple-media-text__content-inner\">\n\t\t\t\t\t\t\t\n\n<h3 class=\"wp-block-heading\" id=\"vores-historie\">Vores historie<\/h3>\n\n\n\n<p>L\u00e6s om, hvordan vores rejse begyndte, hvad vi st\u00e5r for, og hvad der motiverer os.<\/p>\n\n\n\n<div class=\"wp-block-buttons is-layout-flex wp-block-buttons-is-layout-flex\">\n<div class=\"wp-block-button is-style-fill has-icon has-icon-theme_arrow\"><a class=\"wp-block-button__link wp-element-button\" href=\"https:\/\/www.elementlogic.net\/dk\/om-os\/vores-historie\/\">L\u00e6s mere<svg xmlns=\"http:\/\/www.w3.org\/2000\/svg\" viewBox=\"0 0 24 24\" height=\"24\" width=\"24\" class=\"t2-icon t2-icon-theme_arrow\" aria-hidden=\"true\" focusable=\"false\"><path d=\"M16.627 12.75H5.25C5.03717 12.75 4.859 12.6782 4.7155 12.5345C4.57183 12.391 4.5 12.2128 4.5 12C4.5 11.7872 4.57183 11.609 4.7155 11.4655C4.859 11.3218 5.03717 11.25 5.25 11.25H16.627L11.4577 6.08076C11.3091 5.93209 11.2357 5.75809 11.2375 5.55876C11.2395 5.35942 11.318 5.18217 11.473 5.02701C11.6282 4.88217 11.8038 4.80717 12 4.80201C12.1962 4.79684 12.3718 4.87184 12.527 5.02701L18.8673 11.3673C18.9609 11.4609 19.0269 11.5597 19.0652 11.6635C19.1037 11.7673 19.123 11.8795 19.123 12C19.123 12.1205 19.1037 12.2327 19.0652 12.3365C19.0269 12.4403 18.9609 12.5391 18.8673 12.6328L12.527 18.973C12.3885 19.1115 12.217 19.1823 12.0125 19.1855C11.808 19.1887 11.6282 19.1178 11.473 18.973C11.318 18.8178 11.2405 18.6397 11.2405 18.4385C11.2405 18.2372 11.318 18.0589 11.473 17.9038L16.627 12.75Z\" fill=\"var(--t2-icon-fill, #000)\"\/><\/svg><\/a><\/div>\n<\/div>\n\n\n\t\t\t\t\t\t<\/div>\n\t\t\t\t\t<\/div>\n\t\t\t\t<\/div>\n\t\t\t<\/div>\n\t\t<\/div>\n\t\t\n\n\n<div class=\"wp-block-group alignwide has-global-padding is-layout-constrained wp-block-group-is-layout-constrained\">\n\t\t<div class=\"alignwide is-mode-constrained is-gap-center has-media-on-the-right wp-block-t2-simple-media-text   \">\n\t\t\t<div class=\"t2-simple-media-text__container\">\n\t\t\t\t<div class=\"t2-simple-media-text__image\"><img loading=\"lazy\" decoding=\"async\" width=\"768\" height=\"512\" src=\"https:\/\/www.elementlogic.net\/content\/uploads\/sites\/15\/\/2024\/09\/image-11-768x512.jpeg\" class=\"\" alt=\"\" style=\"--focalpoint: 65% 14%;\" srcset=\"https:\/\/www.elementlogic.net\/content\/uploads\/sites\/15\/2024\/09\/image-11-768x512.jpeg 768w, https:\/\/www.elementlogic.net\/content\/uploads\/sites\/15\/2024\/09\/image-11-300x200.jpeg 300w, https:\/\/www.elementlogic.net\/content\/uploads\/sites\/15\/2024\/09\/image-11.jpeg 1024w\" sizes=\"(max-width: 768px) 100vw, 768px\" \/><\/div>\n\t\t\t\t<div class=\"t2-simple-media-text__content-container\">\n\t\t\t\t\t<div class=\"t2-simple-media-text__content\">\n\t\t\t\t\t\t<div class=\"t2-simple-media-text__content-inner\">\n\t\t\t\t\t\t\t\n\n<h3 class=\"wp-block-heading\" id=\"karriere\">Karriere<\/h3>\n\n\n\n<p>Element Logic best\u00e5r af engagerede og kompetente medarbejdere, der s\u00e6tter pris p\u00e5 sp\u00e6ndende og udfordrende opgaver.<\/p>\n\n\n\n<div class=\"wp-block-buttons is-layout-flex wp-block-buttons-is-layout-flex\">\n<div class=\"wp-block-button is-style-fill has-icon has-icon-theme_arrow\"><a class=\"wp-block-button__link wp-element-button\" href=\"https:\/\/www.elementlogic.net\/dk\/om-os\/karriere\/\">L\u00e6s mere<svg xmlns=\"http:\/\/www.w3.org\/2000\/svg\" viewBox=\"0 0 24 24\" height=\"24\" width=\"24\" class=\"t2-icon t2-icon-theme_arrow\" aria-hidden=\"true\" focusable=\"false\"><path d=\"M16.627 12.75H5.25C5.03717 12.75 4.859 12.6782 4.7155 12.5345C4.57183 12.391 4.5 12.2128 4.5 12C4.5 11.7872 4.57183 11.609 4.7155 11.4655C4.859 11.3218 5.03717 11.25 5.25 11.25H16.627L11.4577 6.08076C11.3091 5.93209 11.2357 5.75809 11.2375 5.55876C11.2395 5.35942 11.318 5.18217 11.473 5.02701C11.6282 4.88217 11.8038 4.80717 12 4.80201C12.1962 4.79684 12.3718 4.87184 12.527 5.02701L18.8673 11.3673C18.9609 11.4609 19.0269 11.5597 19.0652 11.6635C19.1037 11.7673 19.123 11.8795 19.123 12C19.123 12.1205 19.1037 12.2327 19.0652 12.3365C19.0269 12.4403 18.9609 12.5391 18.8673 12.6328L12.527 18.973C12.3885 19.1115 12.217 19.1823 12.0125 19.1855C11.808 19.1887 11.6282 19.1178 11.473 18.973C11.318 18.8178 11.2405 18.6397 11.2405 18.4385C11.2405 18.2372 11.318 18.0589 11.473 17.9038L16.627 12.75Z\" fill=\"var(--t2-icon-fill, #000)\"\/><\/svg><\/a><\/div>\n<\/div>\n\n\n\t\t\t\t\t\t<\/div>\n\t\t\t\t\t<\/div>\n\t\t\t\t<\/div>\n\t\t\t<\/div>\n\t\t<\/div>\n\t\t\n\n\n\t\t<div class=\"alignwide is-mode-constrained is-gap-center wp-block-t2-simple-media-text   \">\n\t\t\t<div class=\"t2-simple-media-text__container\">\n\t\t\t\t<div class=\"t2-simple-media-text__image\"><img loading=\"lazy\" decoding=\"async\" width=\"768\" height=\"426\" src=\"https:\/\/www.elementlogic.net\/content\/uploads\/sites\/15\/\/2024\/09\/image-51-768x426.png\" class=\"\" alt=\"\" style=\"--focalpoint: 50% 50%;\" srcset=\"https:\/\/www.elementlogic.net\/content\/uploads\/sites\/15\/2024\/09\/image-51-768x426.png 768w, https:\/\/www.elementlogic.net\/content\/uploads\/sites\/15\/2024\/09\/image-51-300x166.png 300w, https:\/\/www.elementlogic.net\/content\/uploads\/sites\/15\/2024\/09\/image-51-1024x568.png 1024w, https:\/\/www.elementlogic.net\/content\/uploads\/sites\/15\/2024\/09\/image-51-1536x852.png 1536w, https:\/\/www.elementlogic.net\/content\/uploads\/sites\/15\/2024\/09\/image-51-2048x1135.png 2048w\" sizes=\"(max-width: 768px) 100vw, 768px\" \/><\/div>\n\t\t\t\t<div class=\"t2-simple-media-text__content-container\">\n\t\t\t\t\t<div class=\"t2-simple-media-text__content\">\n\t\t\t\t\t\t<div class=\"t2-simple-media-text__content-inner\">\n\t\t\t\t\t\t\t\n\n<h3 class=\"wp-block-heading\" id=\"management\">Lokationer<\/h3>\n\n\n\n<p><a href=\"https:\/\/www.elementlogic.net\/about-us\/locations\/\"><\/a><\/p>\n\n\n\n<p>Find din n\u00e6rmeste Element Logic-forhandler og kontakt os i dag!<\/p>\n\n\n\n<div class=\"wp-block-buttons is-layout-flex wp-block-buttons-is-layout-flex\">\n<div class=\"wp-block-button is-style-fill has-icon has-icon-theme_arrow\"><a class=\"wp-block-button__link wp-element-button\" href=\"https:\/\/www.elementlogic.net\/about-us\/locations\/\">L\u00e6s mere<svg xmlns=\"http:\/\/www.w3.org\/2000\/svg\" viewBox=\"0 0 24 24\" height=\"24\" width=\"24\" class=\"t2-icon t2-icon-theme_arrow\" aria-hidden=\"true\" focusable=\"false\"><path d=\"M16.627 12.75H5.25C5.03717 12.75 4.859 12.6782 4.7155 12.5345C4.57183 12.391 4.5 12.2128 4.5 12C4.5 11.7872 4.57183 11.609 4.7155 11.4655C4.859 11.3218 5.03717 11.25 5.25 11.25H16.627L11.4577 6.08076C11.3091 5.93209 11.2357 5.75809 11.2375 5.55876C11.2395 5.35942 11.318 5.18217 11.473 5.02701C11.6282 4.88217 11.8038 4.80717 12 4.80201C12.1962 4.79684 12.3718 4.87184 12.527 5.02701L18.8673 11.3673C18.9609 11.4609 19.0269 11.5597 19.0652 11.6635C19.1037 11.7673 19.123 11.8795 19.123 12C19.123 12.1205 19.1037 12.2327 19.0652 12.3365C19.0269 12.4403 18.9609 12.5391 18.8673 12.6328L12.527 18.973C12.3885 19.1115 12.217 19.1823 12.0125 19.1855C11.808 19.1887 11.6282 19.1178 11.473 18.973C11.318 18.8178 11.2405 18.6397 11.2405 18.4385C11.2405 18.2372 11.318 18.0589 11.473 17.9038L16.627 12.75Z\" fill=\"var(--t2-icon-fill, #000)\"\/><\/svg><\/a><\/div>\n<\/div>\n\n\n\t\t\t\t\t\t<\/div>\n\t\t\t\t\t<\/div>\n\t\t\t\t<\/div>\n\t\t\t<\/div>\n\t\t<\/div>\n\t\t<\/div>\n","protected":false},"excerpt":{"rendered":"<p>Som global markedsleder inden for intelligent lagerautomatisering forener vi avanceret teknologi med dyb ekspertise og en menneskecentreret tilgang. Vi har [&hellip;]<\/p>\n","protected":false},"author":6,"featured_media":224,"parent":0,"menu_order":0,"comment_status":"closed","ping_status":"closed","template":"","meta":{"hreflang_relation":750,"_el_cross_publish_source_blog_url":"","_el_cross_publish_source_blog_id":0,"_el_cross_publish_source_post_id":0,"_el_cross_publish_sync_state":"","exclude_from_search":false,"footnotes":""},"class_list":["post-210","page","type-page","status-publish","has-post-thumbnail","hentry"],"yoast_head":"<!-- This site is optimized with the Yoast SEO Premium plugin v23.9 (Yoast SEO v23.9) - https:\/\/yoast.com\/wordpress\/plugins\/seo\/ -->\n<title>Om os - Element Logic Denmark<\/title>\n<meta name=\"description\" content=\"Element Logic\u00ae optimerer lagerdriften ved at g\u00f8re det komplicerede enkelt og give ambiti\u00f8se virksomheder et konkurrencem\u00e6ssigt forspring.\" \/>\n<meta name=\"robots\" content=\"index, follow, max-snippet:-1, max-image-preview:large, max-video-preview:-1\" \/>\n<link rel=\"canonical\" href=\"https:\/\/www.elementlogic.net\/dk\/om-os\/\" \/>\n<meta property=\"og:locale\" content=\"da_DK\" \/>\n<meta property=\"og:type\" content=\"article\" \/>\n<meta property=\"og:title\" content=\"Om os\" \/>\n<meta property=\"og:description\" content=\"Element Logic\u00ae optimerer lagerdriften ved at g\u00f8re det komplicerede enkelt og give ambiti\u00f8se virksomheder et konkurrencem\u00e6ssigt forspring.\" \/>\n<meta property=\"og:url\" content=\"https:\/\/www.elementlogic.net\/dk\/om-os\/\" \/>\n<meta property=\"og:site_name\" content=\"Element Logic Denmark\" \/>\n<meta property=\"article:modified_time\" content=\"2026-04-01T08:11:17+00:00\" \/>\n<meta property=\"og:image\" content=\"https:\/\/www.elementlogic.net\/content\/uploads\/sites\/15\/\/2024\/09\/autostore_efficiency.jpg\" \/>\n\t<meta property=\"og:image:width\" content=\"1600\" \/>\n\t<meta property=\"og:image:height\" content=\"960\" \/>\n\t<meta property=\"og:image:type\" content=\"image\/jpeg\" \/>\n<meta name=\"twitter:card\" content=\"summary_large_image\" \/>\n<meta name=\"twitter:label1\" content=\"Estimeret l\u00e6setid\" \/>\n\t<meta name=\"twitter:data1\" content=\"2 minutter\" \/>\n<script type=\"application\/ld+json\" class=\"yoast-schema-graph\">{\"@context\":\"https:\/\/schema.org\",\"@graph\":[{\"@type\":\"WebPage\",\"@id\":\"https:\/\/www.elementlogic.net\/dk\/om-os\/\",\"url\":\"https:\/\/www.elementlogic.net\/dk\/om-os\/\",\"name\":\"Om os - Element Logic Denmark\",\"isPartOf\":{\"@id\":\"https:\/\/www.elementlogic.net\/dk\/#website\"},\"primaryImageOfPage\":{\"@id\":\"https:\/\/www.elementlogic.net\/dk\/om-os\/#primaryimage\"},\"image\":{\"@id\":\"https:\/\/www.elementlogic.net\/dk\/om-os\/#primaryimage\"},\"thumbnailUrl\":\"https:\/\/www.elementlogic.net\/content\/uploads\/sites\/15\/\/2024\/09\/autostore_efficiency.jpg\",\"datePublished\":\"2024-09-03T07:38:10+00:00\",\"dateModified\":\"2026-04-01T08:11:17+00:00\",\"description\":\"Element Logic\u00ae optimerer lagerdriften ved at g\u00f8re det komplicerede enkelt og give ambiti\u00f8se virksomheder et konkurrencem\u00e6ssigt forspring.\",\"inLanguage\":\"da-DK\",\"potentialAction\":[{\"@type\":\"ReadAction\",\"target\":[\"https:\/\/www.elementlogic.net\/dk\/om-os\/\"]}]},{\"@type\":\"ImageObject\",\"inLanguage\":\"da-DK\",\"@id\":\"https:\/\/www.elementlogic.net\/dk\/om-os\/#primaryimage\",\"url\":\"https:\/\/www.elementlogic.net\/content\/uploads\/sites\/15\/\/2024\/09\/autostore_efficiency.jpg\",\"contentUrl\":\"https:\/\/www.elementlogic.net\/content\/uploads\/sites\/15\/\/2024\/09\/autostore_efficiency.jpg\",\"width\":1600,\"height\":960},{\"@type\":\"WebSite\",\"@id\":\"https:\/\/www.elementlogic.net\/dk\/#website\",\"url\":\"https:\/\/www.elementlogic.net\/dk\/\",\"name\":\"Element Logic Denmark\",\"description\":\"\",\"potentialAction\":[{\"@type\":\"SearchAction\",\"target\":{\"@type\":\"EntryPoint\",\"urlTemplate\":\"https:\/\/www.elementlogic.net\/dk\/?s={search_term_string}\"},\"query-input\":{\"@type\":\"PropertyValueSpecification\",\"valueRequired\":true,\"valueName\":\"search_term_string\"}}],\"inLanguage\":\"da-DK\"}]}<\/script>\n<!-- \/ Yoast SEO Premium plugin. -->","yoast_head_json":{"title":"Om os - Element Logic Denmark","description":"Element Logic\u00ae optimerer lagerdriften ved at g\u00f8re det komplicerede enkelt og give ambiti\u00f8se virksomheder et konkurrencem\u00e6ssigt forspring.","robots":{"index":"index","follow":"follow","max-snippet":"max-snippet:-1","max-image-preview":"max-image-preview:large","max-video-preview":"max-video-preview:-1"},"canonical":"https:\/\/www.elementlogic.net\/dk\/om-os\/","og_locale":"da_DK","og_type":"article","og_title":"Om os","og_description":"Element Logic\u00ae optimerer lagerdriften ved at g\u00f8re det komplicerede enkelt og give ambiti\u00f8se virksomheder et konkurrencem\u00e6ssigt forspring.","og_url":"https:\/\/www.elementlogic.net\/dk\/om-os\/","og_site_name":"Element Logic Denmark","article_modified_time":"2026-04-01T08:11:17+00:00","og_image":[{"width":1600,"height":960,"url":"https:\/\/www.elementlogic.net\/content\/uploads\/sites\/15\/\/2024\/09\/autostore_efficiency.jpg","type":"image\/jpeg"}],"twitter_card":"summary_large_image","twitter_misc":{"Estimeret l\u00e6setid":"2 minutter"},"schema":{"@context":"https:\/\/schema.org","@graph":[{"@type":"WebPage","@id":"https:\/\/www.elementlogic.net\/dk\/om-os\/","url":"https:\/\/www.elementlogic.net\/dk\/om-os\/","name":"Om os - Element Logic Denmark","isPartOf":{"@id":"https:\/\/www.elementlogic.net\/dk\/#website"},"primaryImageOfPage":{"@id":"https:\/\/www.elementlogic.net\/dk\/om-os\/#primaryimage"},"image":{"@id":"https:\/\/www.elementlogic.net\/dk\/om-os\/#primaryimage"},"thumbnailUrl":"https:\/\/www.elementlogic.net\/content\/uploads\/sites\/15\/\/2024\/09\/autostore_efficiency.jpg","datePublished":"2024-09-03T07:38:10+00:00","dateModified":"2026-04-01T08:11:17+00:00","description":"Element Logic\u00ae optimerer lagerdriften ved at g\u00f8re det komplicerede enkelt og give ambiti\u00f8se virksomheder et konkurrencem\u00e6ssigt forspring.","inLanguage":"da-DK","potentialAction":[{"@type":"ReadAction","target":["https:\/\/www.elementlogic.net\/dk\/om-os\/"]}]},{"@type":"ImageObject","inLanguage":"da-DK","@id":"https:\/\/www.elementlogic.net\/dk\/om-os\/#primaryimage","url":"https:\/\/www.elementlogic.net\/content\/uploads\/sites\/15\/\/2024\/09\/autostore_efficiency.jpg","contentUrl":"https:\/\/www.elementlogic.net\/content\/uploads\/sites\/15\/\/2024\/09\/autostore_efficiency.jpg","width":1600,"height":960},{"@type":"WebSite","@id":"https:\/\/www.elementlogic.net\/dk\/#website","url":"https:\/\/www.elementlogic.net\/dk\/","name":"Element Logic Denmark","description":"","potentialAction":[{"@type":"SearchAction","target":{"@type":"EntryPoint","urlTemplate":"https:\/\/www.elementlogic.net\/dk\/?s={search_term_string}"},"query-input":{"@type":"PropertyValueSpecification","valueRequired":true,"valueName":"search_term_string"}}],"inLanguage":"da-DK"}]}},"_links":{"self":[{"href":"https:\/\/www.elementlogic.net\/dk\/wp-json\/wp\/v2\/pages\/210"}],"collection":[{"href":"https:\/\/www.elementlogic.net\/dk\/wp-json\/wp\/v2\/pages"}],"about":[{"href":"https:\/\/www.elementlogic.net\/dk\/wp-json\/wp\/v2\/types\/page"}],"author":[{"embeddable":true,"href":"https:\/\/www.elementlogic.net\/dk\/wp-json\/wp\/v2\/users\/6"}],"replies":[{"embeddable":true,"href":"https:\/\/www.elementlogic.net\/dk\/wp-json\/wp\/v2\/comments?post=210"}],"version-history":[{"count":5,"href":"https:\/\/www.elementlogic.net\/dk\/wp-json\/wp\/v2\/pages\/210\/revisions"}],"predecessor-version":[{"id":4282,"href":"https:\/\/www.elementlogic.net\/dk\/wp-json\/wp\/v2\/pages\/210\/revisions\/4282"}],"wp:featuredmedia":[{"embeddable":true,"href":"https:\/\/www.elementlogic.net\/dk\/wp-json\/wp\/v2\/media\/224"}],"wp:attachment":[{"href":"https:\/\/www.elementlogic.net\/dk\/wp-json\/wp\/v2\/media?parent=210"}],"curies":[{"name":"wp","href":"https:\/\/api.w.org\/{rel}","templated":true}]}}