{"id":3757,"date":"2026-03-27T10:11:31","date_gmt":"2026-03-27T10:11:31","guid":{"rendered":"https:\/\/www.elementlogic.net\/dk\/?page_id=3757"},"modified":"2026-03-31T19:30:04","modified_gmt":"2026-03-31T19:30:04","slug":"e-commerce","status":"publish","type":"page","link":"https:\/\/www.elementlogic.net\/dk\/brancher\/e-commerce\/","title":{"rendered":"E-Commerce"},"content":{"rendered":"\n\t\t<div style=\"--dekode-hero-dim:0.5; --t2-icon-fill:var(--wp--preset--color--white);\" class=\"alignfull dekode-hero-content-position-center has-media-background wp-block-dekode-hero has-text-color has-white-color\">\n\t\t\t<img loading=\"lazy\" decoding=\"async\" width=\"1024\" height=\"683\" src=\"https:\/\/www.elementlogic.net\/content\/uploads\/sites\/15\/2026\/03\/ecommerce-1-1024x683.png\" class=\"dekode-hero__image\" alt=\"\" style=\"--focalpoint: 46% 59%;\" srcset=\"https:\/\/www.elementlogic.net\/content\/uploads\/sites\/15\/2026\/03\/ecommerce-1-1024x683.png 1024w, https:\/\/www.elementlogic.net\/content\/uploads\/sites\/15\/2026\/03\/ecommerce-1-300x200.png 300w, https:\/\/www.elementlogic.net\/content\/uploads\/sites\/15\/2026\/03\/ecommerce-1-768x512.png 768w, https:\/\/www.elementlogic.net\/content\/uploads\/sites\/15\/2026\/03\/ecommerce-1.png 1536w\" sizes=\"(max-width: 1024px) 100vw, 1024px\" \/>\n\t\t\t<div class=\"dekode-hero__content\">\n\t\t\t\t<div class=\"dekode-hero__container\">\n\t\t\t\t\t\n\n<p><\/p>\n\n\n\n<h1 class=\"wp-block-heading\" id=\"h-e-commerce\">E-Commerce<\/h1>\n\n\n<p class=\"t2-ingress wp-block-t2-ingress\">Lagerautomation bygget til hastighed og skalerbarhed<\/p>\n\n\n<div class=\"wp-block-buttons is-layout-flex wp-block-buttons-is-layout-flex\">\n<div class=\"wp-block-button hs-cta-trigger-button hs-cta-trigger-button-195241208906 has-icon has-icon-theme_arrow\"><a class=\"wp-block-button__link wp-element-button\" href=\"https:\/\/www.elementlogic.net\/dk\/kontakt-os\/\">Kontakt os<svg xmlns=\"http:\/\/www.w3.org\/2000\/svg\" viewBox=\"0 0 24 24\" height=\"24\" width=\"24\" class=\"t2-icon t2-icon-theme_arrow\" aria-hidden=\"true\" focusable=\"false\"><path d=\"M16.627 12.75H5.25C5.03717 12.75 4.859 12.6782 4.7155 12.5345C4.57183 12.391 4.5 12.2128 4.5 12C4.5 11.7872 4.57183 11.609 4.7155 11.4655C4.859 11.3218 5.03717 11.25 5.25 11.25H16.627L11.4577 6.08076C11.3091 5.93209 11.2357 5.75809 11.2375 5.55876C11.2395 5.35942 11.318 5.18217 11.473 5.02701C11.6282 4.88217 11.8038 4.80717 12 4.80201C12.1962 4.79684 12.3718 4.87184 12.527 5.02701L18.8673 11.3673C18.9609 11.4609 19.0269 11.5597 19.0652 11.6635C19.1037 11.7673 19.123 11.8795 19.123 12C19.123 12.1205 19.1037 12.2327 19.0652 12.3365C19.0269 12.4403 18.9609 12.5391 18.8673 12.6328L12.527 18.973C12.3885 19.1115 12.217 19.1823 12.0125 19.1855C11.808 19.1887 11.6282 19.1178 11.473 18.973C11.318 18.8178 11.2405 18.6397 11.2405 18.4385C11.2405 18.2372 11.318 18.0589 11.473 17.9038L16.627 12.75Z\" fill=\"var(--t2-icon-fill, #000)\"\/><\/svg><\/a><\/div>\n<\/div>\n\n\n\t\t\t\t<\/div>\n\t\t\t<\/div>\n\t\t<\/div>\n\t\t\n\n<p class=\"t2-ingress wp-block-t2-ingress\">I e-handel m\u00e5les kundernes forventninger i timer \u2013 ikke dage. Levering samme dag eller dagen efter er blevet standard, og hver fejl kan koste kundeloyalitet. For at forblive konkurrencedygtig skal ordreopfyldelsen v\u00e6re hurtig, pr\u00e6cis og uendeligt skalerbar.\u00a0\u00a0<\/p>\n\n\n<p><\/p>\n\n\n\n<p>Element Logic hj\u00e6lper e-handelsvirksomheder i alle st\u00f8rrelser med at im\u00f8dekomme disse krav gennem intelligent lagerautomation. Med mere end 40 \u00e5rs erfaring inden for intralogistik designer vi systemer, der maksimerer effektiviteten, reducerer omkostningerne og g\u00f8r det muligt for din virksomhed at vokse uden begr\u00e6nsninger.<\/p>\n\n\n\n<div class=\"wp-block-group has-global-padding is-layout-constrained wp-block-group-is-layout-constrained\">\n<h2 class=\"wp-block-heading wp-container-content-1\" id=\"h-de-udfordringer-e-handelsledere-star-overfor\">De udfordringer, e-handelsledere st\u00e5r overfor:<\/h2>\n\n\n\n<ul class=\"wp-block-list\">\n<li>Im\u00f8dekomme forventninger om levering samme dag eller dagen efter<\/li>\n\n\n\n<li>H\u00e5ndtere hurtige stigninger i ordrevolumen fra kampagner, h\u00f8jtider eller virale salg<\/li>\n\n\n\n<li>H\u00e5ndtere et stort antal SKU\u2019er med komplekse plukkrav<\/li>\n\n\n\n<li>H\u00e5ndtere stigende l\u00f8nomkostninger og mangel p\u00e5 arbejdskraft<\/li>\n\n\n\n<li>Sikre fejlfri og pr\u00e6cise leveringer til kunderne<\/li>\n<\/ul>\n<\/div>\n\n\n\n\t\t<div style=\"--dekode-hero-dim:0.5; --t2-icon-fill:var(--wp--preset--color--white);\" class=\"alignfull dekode-hero-content-position-center has-media-background wp-block-dekode-hero has-text-color has-white-color\">\n\t\t\t\t\t<video\n\t\t\tautoplay\n\t\t\tloop\n\t\t\tmuted\n\t\t\tplaysinline\n\t\t\tposter=\"https:\/\/www.elementlogic.net\/content\/uploads\/sites\/15\/2026\/03\/ecomerce-1.png\"\n\t\t\tsrc=\"https:\/\/www.elementlogic.net\/content\/uploads\/2024\/07\/solutions-and-services.mp4\">\n\t\t<\/video>\n\t\t\n\t\t\t<div class=\"dekode-hero__content\">\n\t\t\t\t<div class=\"dekode-hero__container\">\n\t\t\t\t\t\n\n<h2 class=\"wp-block-heading\" id=\"h-dokumenteret-i-praksis\"><strong>Dokumenteret i praksis: <\/strong><\/h2>\n\n\n\n<h2 class=\"wp-block-heading\" id=\"h-anvendt-af-forende-aktorer-inden-for-e-handel\">Anvendt af f\u00f8rende akt\u00f8rer inden for e-handel<\/h2>\n\n\n\t\t\t\t<\/div>\n\t\t\t<\/div>\n\t\t<\/div>\n\t\t\n\n<div class=\"t2-featured-content-layout alignwide wp-block-t2-featured-content-layout\">\n<div class=\"t2-featured-query-post t2-featured-content is-post-type-case case_tax-detail case_tax-ecommerce wp-block-t2-featured-query-post\"><a class=\"t2-post-link wp-block-t2-post-link\" href=\"https:\/\/www.elementlogic.net\/dk\/cases\/lagerautomation-element-logic-hobbii\/\">\n\t<div class=\"client-logo-image-wrapper\"><img loading=\"lazy\" decoding=\"async\" width=\"300\" height=\"86\" src=\"https:\/\/www.elementlogic.net\/content\/uploads\/sites\/15\/2026\/04\/8fn2ZUphSK_x-300x86.jpeg\" class=\"client-logo-image\" alt=\"\" \/><\/div>\n\t<figure style=\"--t2-focal-point: 50% 50%;\" class=\"t2-post-featured-image has-image-ratio-3-2 wp-block-t2-post-featured-image\"><img loading=\"lazy\" decoding=\"async\" width=\"2560\" height=\"1440\" src=\"https:\/\/www.elementlogic.net\/content\/uploads\/sites\/15\/2026\/04\/5-scaled.jpg\" class=\"attachment-post-thumbnail size-post-thumbnail wp-post-image\" alt=\"\" srcset=\"https:\/\/www.elementlogic.net\/content\/uploads\/sites\/15\/2026\/04\/5-scaled.jpg 2560w, https:\/\/www.elementlogic.net\/content\/uploads\/sites\/15\/2026\/04\/5-300x169.jpg 300w, https:\/\/www.elementlogic.net\/content\/uploads\/sites\/15\/2026\/04\/5-1024x576.jpg 1024w, https:\/\/www.elementlogic.net\/content\/uploads\/sites\/15\/2026\/04\/5-768x432.jpg 768w, https:\/\/www.elementlogic.net\/content\/uploads\/sites\/15\/2026\/04\/5-1536x864.jpg 1536w, https:\/\/www.elementlogic.net\/content\/uploads\/sites\/15\/2026\/04\/5-2048x1152.jpg 2048w\" sizes=\"(max-width: 2560px) 100vw, 2560px\" \/><\/figure>\n\t\n<\/a>\n\n\t\t<div class=\"card-content wp-block-t2-wrapper\">\n\t<div class=\"wp-block-dekode-post-terms\"><span>Detail<\/span><span>eCommerce<\/span><\/div>\n\t<h3 class=\"t2-post-title wp-block-t2-post-title\"><a href=\"https:\/\/www.elementlogic.net\/dk\/cases\/lagerautomation-element-logic-hobbii\/\" target=\"_self\" >Lagerautomation fra Element Logic skaber l\u00f8nsom v\u00e6kst hos Hobbii<\/a><\/h3>\n\t<div class=\"t2-post-excerpt wp-block-t2-post-excerpt\"><p>Hobbii er en international e\u2011commerce virksomhed, der s\u00e6lger garn og strikketilbeh\u00f8r til kunder i mere end 80 lande. Med stigende [&hellip;]<\/p><\/div>\n<\/div>\n<\/div>\n\n<div class=\"t2-featured-query-post t2-featured-content is-post-type-case case_tax-beklaedning-og-sportsudstyr case_tax-ecommerce case_tax-high-throughput-warehousing wp-block-t2-featured-query-post\"><a class=\"t2-post-link wp-block-t2-post-link\" href=\"https:\/\/www.elementlogic.net\/dk\/cases\/et-forsteklasses-eksempel-pa-hvordan-varelagerautomation-tager-logistik-og-e-handel-til-det-naeste-niveau\/\">\n\t<div class=\"client-logo-image-wrapper\"><img loading=\"lazy\" decoding=\"async\" width=\"300\" height=\"172\" src=\"https:\/\/www.elementlogic.net\/content\/uploads\/sites\/15\/2024\/10\/Boozt-logo-300x172.png.webp\" class=\"client-logo-image\" alt=\"\" \/><\/div>\n\t<figure style=\"--t2-focal-point: 50% 50%;\" class=\"t2-post-featured-image has-image-ratio-3-2 wp-block-t2-post-featured-image\"><img loading=\"lazy\" decoding=\"async\" width=\"2560\" height=\"1440\" src=\"https:\/\/www.elementlogic.net\/content\/uploads\/sites\/15\/2024\/10\/Boozt10.jpg-scaled.webp\" class=\"attachment-post-thumbnail size-post-thumbnail wp-post-image\" alt=\"Samarbejde\" srcset=\"https:\/\/www.elementlogic.net\/content\/uploads\/sites\/15\/2024\/10\/Boozt10.jpg-scaled.webp 2560w, https:\/\/www.elementlogic.net\/content\/uploads\/sites\/15\/2024\/10\/Boozt10.jpg-300x169.webp 300w, https:\/\/www.elementlogic.net\/content\/uploads\/sites\/15\/2024\/10\/Boozt10.jpg-1024x576.webp 1024w, https:\/\/www.elementlogic.net\/content\/uploads\/sites\/15\/2024\/10\/Boozt10.jpg-768x432.webp 768w, https:\/\/www.elementlogic.net\/content\/uploads\/sites\/15\/2024\/10\/Boozt10.jpg-1536x864.webp 1536w, https:\/\/www.elementlogic.net\/content\/uploads\/sites\/15\/2024\/10\/Boozt10.jpg-2048x1152.webp 2048w\" sizes=\"(max-width: 2560px) 100vw, 2560px\" \/><\/figure>\n\t\n<\/a>\n\n\t\t<div class=\"card-content wp-block-t2-wrapper\">\n\t<div class=\"wp-block-dekode-post-terms\"><span>Bekl\u00e6dning- og sportsudstyr<\/span><span>eCommerce<\/span><span>High-Throughput Warehousing<\/span><\/div>\n\t<h3 class=\"t2-post-title wp-block-t2-post-title\"><a href=\"https:\/\/www.elementlogic.net\/dk\/cases\/et-forsteklasses-eksempel-pa-hvordan-varelagerautomation-tager-logistik-og-e-handel-til-det-naeste-niveau\/\" target=\"_self\" >Et f\u00f8rsteklasses eksempel p\u00e5 hvordan varelagerautomation tager logistik og e-handel til det n\u00e6ste niveau<\/a><\/h3>\n\t<div class=\"t2-post-excerpt wp-block-t2-post-excerpt\"><p>\u201dVores samarbejde med Element Logic har v\u00e6ret forrygende, og det er kun naturligt, at vi forts\u00e6tter ned ad denne vej [&hellip;]<\/p><\/div>\n<\/div>\n<\/div>\n\n<div class=\"t2-featured-query-post t2-featured-content is-post-type-case case_tax-ecommerce case_tax-forbrugerelektronik wp-block-t2-featured-query-post\"><a class=\"t2-post-link wp-block-t2-post-link\" href=\"https:\/\/www.elementlogic.net\/dk\/cases\/hos-proshop-har-lagerrobotterne-skabt-15-nye-jobs\/\">\n\t<div class=\"client-logo-image-wrapper\"><img loading=\"lazy\" decoding=\"async\" width=\"300\" height=\"72\" src=\"https:\/\/www.elementlogic.net\/content\/uploads\/sites\/15\/2024\/10\/Proshop-logo-300x72.png.webp\" class=\"client-logo-image\" alt=\"\" \/><\/div>\n\t<figure style=\"--t2-focal-point: 50% 50%;\" class=\"t2-post-featured-image has-image-ratio-3-2 wp-block-t2-post-featured-image\"><img loading=\"lazy\" decoding=\"async\" width=\"2560\" height=\"1707\" src=\"https:\/\/www.elementlogic.net\/content\/uploads\/sites\/15\/2024\/10\/Proshop-still.jpg-scaled.webp\" class=\"attachment-post-thumbnail size-post-thumbnail wp-post-image\" alt=\"Ivan J\u00e6ger Christiansen\" srcset=\"https:\/\/www.elementlogic.net\/content\/uploads\/sites\/15\/2024\/10\/Proshop-still.jpg-scaled.webp 2560w, https:\/\/www.elementlogic.net\/content\/uploads\/sites\/15\/2024\/10\/Proshop-still.jpg-300x200.webp 300w, https:\/\/www.elementlogic.net\/content\/uploads\/sites\/15\/2024\/10\/Proshop-still.jpg-1024x683.webp 1024w, https:\/\/www.elementlogic.net\/content\/uploads\/sites\/15\/2024\/10\/Proshop-still.jpg-768x512.webp 768w, https:\/\/www.elementlogic.net\/content\/uploads\/sites\/15\/2024\/10\/Proshop-still.jpg-1536x1024.webp 1536w, https:\/\/www.elementlogic.net\/content\/uploads\/sites\/15\/2024\/10\/Proshop-still.jpg-2048x1365.webp 2048w\" sizes=\"(max-width: 2560px) 100vw, 2560px\" \/><\/figure>\n\t\n<\/a>\n\n\t\t<div class=\"card-content wp-block-t2-wrapper\">\n\t<div class=\"wp-block-dekode-post-terms\"><span>eCommerce<\/span><span>Forbrugerelektronik<\/span><\/div>\n\t<h3 class=\"t2-post-title wp-block-t2-post-title\"><a href=\"https:\/\/www.elementlogic.net\/dk\/cases\/hos-proshop-har-lagerrobotterne-skabt-15-nye-jobs\/\" target=\"_self\" >Hos Proshop har lagerrobotterne skabt 15 nye jobs<\/a><\/h3>\n\t<div class=\"t2-post-excerpt wp-block-t2-post-excerpt\"><p>Hos den Aarhus-baserede webshop Proshop har introduktionen af robotteknologi p\u00e5 lageret ikke kostet arbejdspladser, lagerrobotterne har derimod skabt 15 nye [&hellip;]<\/p><\/div>\n<\/div>\n<\/div>\n<\/div>\n\n\n<div class=\"wp-block-buttons is-layout-flex wp-block-buttons-is-layout-flex\">\n<div class=\"wp-block-button\"><a class=\"wp-block-button__link wp-element-button\" href=\"https:\/\/www.elementlogic.net\/dk\/cases\/category\/ecommerce\/\">Udforsk flere af vores E-Commerce cases<\/a><\/div>\n<\/div>\n\n\n\n<div class=\"wp-block-group is-layout-flex wp-block-group-is-layout-flex\">\n<h2 class=\"wp-block-heading wp-container-content-2\" id=\"h-derfor-vaelger-e-handelsvirksomheder-element-logic\">Derfor v\u00e6lger e-handelsvirksomheder Element Logic<\/h2>\n\n\n\n<ul class=\"wp-block-list\">\n<li><strong>H\u00e5ndt\u00e9r ordrer hurtigt<\/strong> og lev op til krav om levering samme dag eller dagen efter<\/li>\n\n\n\n<li><strong>Skal\u00e9r effektivt<\/strong> for at h\u00e5ndtere hurtig v\u00e6kst<\/li>\n\n\n\n<li>Sikr<strong> h\u00f8j pr\u00e6cision <\/strong>og fasthold kundernes tillid<\/li>\n\n\n\n<li>Tr\u00e6k p\u00e5 \u00e5rtiers erfaring med lagerautomation inden for <strong>retail og e-handel&nbsp;<\/strong><\/li>\n<\/ul>\n<\/div>\n\n\n\n<div style=\"height:100px;width:0px\" aria-hidden=\"true\" class=\"wp-block-spacer\"><\/div>\n\n\n\n\t\t<div style=\"--dekode-hero-dim:0.6; --t2-icon-fill:var(--wp--preset--color--white);\" class=\"alignfull dekode-hero-content-position-center wp-block-dekode-hero has-text-color has-white-color\">\n\t\t\t\n\t\t\t<div class=\"dekode-hero__content\">\n\t\t\t\t<div class=\"dekode-hero__container\">\n\t\t\t\t\t\n\n<h1 class=\"wp-block-heading\" id=\"h-klar-til-at-fremtidssikre-din-e-handel\"><strong> Klar til at fremtidssikre din  e-handel?<\/strong><\/h1>\n\n\n\n<div class=\"wp-block-buttons is-layout-flex wp-block-buttons-is-layout-flex\">\n<div class=\"wp-block-button http:\/\/hs-cta-trigger-button hs-cta-trigger-button-195241208906\"><a class=\"wp-block-button__link wp-element-button\" href=\"https:\/\/www.elementlogic.net\/dk\/kontakt-os\/\"><strong>K<\/strong>ontakt os i dag<\/a><\/div>\n<\/div>\n\n\n\t\t\t\t<\/div>\n\t\t\t<\/div>\n\t\t<\/div>\n\t\t\n\n\n<p><\/p>\n","protected":false},"excerpt":{"rendered":"<p>Element Logic hj\u00e6lper e-handelsvirksomheder i alle st\u00f8rrelser med at im\u00f8dekomme disse krav gennem intelligent lagerautomation. Med mere end 40 \u00e5rs [&hellip;]<\/p>\n","protected":false},"author":2,"featured_media":4061,"parent":3782,"menu_order":0,"comment_status":"closed","ping_status":"closed","template":"","meta":{"hreflang_relation":0,"_el_cross_publish_source_blog_url":"","_el_cross_publish_source_blog_id":0,"_el_cross_publish_source_post_id":0,"_el_cross_publish_sync_state":"","exclude_from_search":false,"footnotes":""},"class_list":["post-3757","page","type-page","status-publish","has-post-thumbnail","hentry"],"yoast_head":"<!-- This site is optimized with the Yoast SEO Premium plugin v23.9 (Yoast SEO v23.9) - https:\/\/yoast.com\/wordpress\/plugins\/seo\/ -->\n<title>E-Commerce - Element Logic Denmark<\/title>\n<meta name=\"description\" content=\"I e-handel m\u00e5les kundernes forventninger i timer \u2013 ikke dage. For at forblive konkurrencedygtig skal ordreopfyldelsen v\u00e6re hurtig, pr\u00e6cis og uendeligt skalerbar.\u00a0\" \/>\n<meta name=\"robots\" content=\"index, follow, max-snippet:-1, max-image-preview:large, max-video-preview:-1\" \/>\n<link rel=\"canonical\" href=\"https:\/\/www.elementlogic.net\/dk\/brancher\/e-commerce\/\" \/>\n<meta property=\"og:locale\" content=\"da_DK\" \/>\n<meta property=\"og:type\" content=\"article\" \/>\n<meta property=\"og:title\" content=\"E-Commerce\" \/>\n<meta property=\"og:description\" content=\"I e-handel m\u00e5les kundernes forventninger i timer \u2013 ikke dage. For at forblive konkurrencedygtig skal ordreopfyldelsen v\u00e6re hurtig, pr\u00e6cis og uendeligt skalerbar.\u00a0\" \/>\n<meta property=\"og:url\" content=\"https:\/\/www.elementlogic.net\/dk\/brancher\/e-commerce\/\" \/>\n<meta property=\"og:site_name\" content=\"Element Logic Denmark\" \/>\n<meta property=\"article:modified_time\" content=\"2026-03-31T19:30:04+00:00\" \/>\n<meta property=\"og:image\" content=\"https:\/\/www.elementlogic.net\/content\/uploads\/sites\/15\/2026\/03\/ecommerce-1-1024x683.png\" \/>\n\t<meta property=\"og:image:width\" content=\"1024\" \/>\n\t<meta property=\"og:image:height\" content=\"683\" \/>\n\t<meta property=\"og:image:type\" content=\"image\/png\" \/>\n<meta name=\"twitter:card\" content=\"summary_large_image\" \/>\n<meta name=\"twitter:label1\" content=\"Estimeret l\u00e6setid\" \/>\n\t<meta name=\"twitter:data1\" content=\"2 minutter\" \/>\n<script type=\"application\/ld+json\" class=\"yoast-schema-graph\">{\"@context\":\"https:\/\/schema.org\",\"@graph\":[{\"@type\":\"WebPage\",\"@id\":\"https:\/\/www.elementlogic.net\/dk\/brancher\/e-commerce\/\",\"url\":\"https:\/\/www.elementlogic.net\/dk\/brancher\/e-commerce\/\",\"name\":\"E-Commerce - Element Logic Denmark\",\"isPartOf\":{\"@id\":\"https:\/\/www.elementlogic.net\/dk\/#website\"},\"primaryImageOfPage\":{\"@id\":\"https:\/\/www.elementlogic.net\/dk\/brancher\/e-commerce\/#primaryimage\"},\"image\":{\"@id\":\"https:\/\/www.elementlogic.net\/dk\/brancher\/e-commerce\/#primaryimage\"},\"thumbnailUrl\":\"https:\/\/www.elementlogic.net\/content\/uploads\/sites\/15\/2026\/03\/ecommerce-1.png\",\"datePublished\":\"2026-03-27T10:11:31+00:00\",\"dateModified\":\"2026-03-31T19:30:04+00:00\",\"description\":\"I e-handel m\u00e5les kundernes forventninger i timer \u2013 ikke dage. For at forblive konkurrencedygtig skal ordreopfyldelsen v\u00e6re hurtig, pr\u00e6cis og uendeligt skalerbar.\u00a0\",\"breadcrumb\":{\"@id\":\"https:\/\/www.elementlogic.net\/dk\/brancher\/e-commerce\/#breadcrumb\"},\"inLanguage\":\"da-DK\",\"potentialAction\":[{\"@type\":\"ReadAction\",\"target\":[\"https:\/\/www.elementlogic.net\/dk\/brancher\/e-commerce\/\"]}]},{\"@type\":\"ImageObject\",\"inLanguage\":\"da-DK\",\"@id\":\"https:\/\/www.elementlogic.net\/dk\/brancher\/e-commerce\/#primaryimage\",\"url\":\"https:\/\/www.elementlogic.net\/content\/uploads\/sites\/15\/2026\/03\/ecommerce-1.png\",\"contentUrl\":\"https:\/\/www.elementlogic.net\/content\/uploads\/sites\/15\/2026\/03\/ecommerce-1.png\",\"width\":1536,\"height\":1024},{\"@type\":\"BreadcrumbList\",\"@id\":\"https:\/\/www.elementlogic.net\/dk\/brancher\/e-commerce\/#breadcrumb\",\"itemListElement\":[{\"@type\":\"ListItem\",\"position\":1,\"name\":\"Brancher\",\"item\":\"https:\/\/www.elementlogic.net\/dk\/brancher\/\"},{\"@type\":\"ListItem\",\"position\":2,\"name\":\"E-Commerce\"}]},{\"@type\":\"WebSite\",\"@id\":\"https:\/\/www.elementlogic.net\/dk\/#website\",\"url\":\"https:\/\/www.elementlogic.net\/dk\/\",\"name\":\"Element Logic Denmark\",\"description\":\"\",\"potentialAction\":[{\"@type\":\"SearchAction\",\"target\":{\"@type\":\"EntryPoint\",\"urlTemplate\":\"https:\/\/www.elementlogic.net\/dk\/?s={search_term_string}\"},\"query-input\":{\"@type\":\"PropertyValueSpecification\",\"valueRequired\":true,\"valueName\":\"search_term_string\"}}],\"inLanguage\":\"da-DK\"}]}<\/script>\n<!-- \/ Yoast SEO Premium plugin. -->","yoast_head_json":{"title":"E-Commerce - Element Logic Denmark","description":"I e-handel m\u00e5les kundernes forventninger i timer \u2013 ikke dage. For at forblive konkurrencedygtig skal ordreopfyldelsen v\u00e6re hurtig, pr\u00e6cis og uendeligt skalerbar.\u00a0","robots":{"index":"index","follow":"follow","max-snippet":"max-snippet:-1","max-image-preview":"max-image-preview:large","max-video-preview":"max-video-preview:-1"},"canonical":"https:\/\/www.elementlogic.net\/dk\/brancher\/e-commerce\/","og_locale":"da_DK","og_type":"article","og_title":"E-Commerce","og_description":"I e-handel m\u00e5les kundernes forventninger i timer \u2013 ikke dage. For at forblive konkurrencedygtig skal ordreopfyldelsen v\u00e6re hurtig, pr\u00e6cis og uendeligt skalerbar.\u00a0","og_url":"https:\/\/www.elementlogic.net\/dk\/brancher\/e-commerce\/","og_site_name":"Element Logic Denmark","article_modified_time":"2026-03-31T19:30:04+00:00","og_image":[{"width":1024,"height":683,"url":"https:\/\/www.elementlogic.net\/content\/uploads\/sites\/15\/2026\/03\/ecommerce-1-1024x683.png","type":"image\/png"}],"twitter_card":"summary_large_image","twitter_misc":{"Estimeret l\u00e6setid":"2 minutter"},"schema":{"@context":"https:\/\/schema.org","@graph":[{"@type":"WebPage","@id":"https:\/\/www.elementlogic.net\/dk\/brancher\/e-commerce\/","url":"https:\/\/www.elementlogic.net\/dk\/brancher\/e-commerce\/","name":"E-Commerce - Element Logic Denmark","isPartOf":{"@id":"https:\/\/www.elementlogic.net\/dk\/#website"},"primaryImageOfPage":{"@id":"https:\/\/www.elementlogic.net\/dk\/brancher\/e-commerce\/#primaryimage"},"image":{"@id":"https:\/\/www.elementlogic.net\/dk\/brancher\/e-commerce\/#primaryimage"},"thumbnailUrl":"https:\/\/www.elementlogic.net\/content\/uploads\/sites\/15\/2026\/03\/ecommerce-1.png","datePublished":"2026-03-27T10:11:31+00:00","dateModified":"2026-03-31T19:30:04+00:00","description":"I e-handel m\u00e5les kundernes forventninger i timer \u2013 ikke dage. For at forblive konkurrencedygtig skal ordreopfyldelsen v\u00e6re hurtig, pr\u00e6cis og uendeligt skalerbar.\u00a0","breadcrumb":{"@id":"https:\/\/www.elementlogic.net\/dk\/brancher\/e-commerce\/#breadcrumb"},"inLanguage":"da-DK","potentialAction":[{"@type":"ReadAction","target":["https:\/\/www.elementlogic.net\/dk\/brancher\/e-commerce\/"]}]},{"@type":"ImageObject","inLanguage":"da-DK","@id":"https:\/\/www.elementlogic.net\/dk\/brancher\/e-commerce\/#primaryimage","url":"https:\/\/www.elementlogic.net\/content\/uploads\/sites\/15\/2026\/03\/ecommerce-1.png","contentUrl":"https:\/\/www.elementlogic.net\/content\/uploads\/sites\/15\/2026\/03\/ecommerce-1.png","width":1536,"height":1024},{"@type":"BreadcrumbList","@id":"https:\/\/www.elementlogic.net\/dk\/brancher\/e-commerce\/#breadcrumb","itemListElement":[{"@type":"ListItem","position":1,"name":"Brancher","item":"https:\/\/www.elementlogic.net\/dk\/brancher\/"},{"@type":"ListItem","position":2,"name":"E-Commerce"}]},{"@type":"WebSite","@id":"https:\/\/www.elementlogic.net\/dk\/#website","url":"https:\/\/www.elementlogic.net\/dk\/","name":"Element Logic Denmark","description":"","potentialAction":[{"@type":"SearchAction","target":{"@type":"EntryPoint","urlTemplate":"https:\/\/www.elementlogic.net\/dk\/?s={search_term_string}"},"query-input":{"@type":"PropertyValueSpecification","valueRequired":true,"valueName":"search_term_string"}}],"inLanguage":"da-DK"}]}},"_links":{"self":[{"href":"https:\/\/www.elementlogic.net\/dk\/wp-json\/wp\/v2\/pages\/3757"}],"collection":[{"href":"https:\/\/www.elementlogic.net\/dk\/wp-json\/wp\/v2\/pages"}],"about":[{"href":"https:\/\/www.elementlogic.net\/dk\/wp-json\/wp\/v2\/types\/page"}],"author":[{"embeddable":true,"href":"https:\/\/www.elementlogic.net\/dk\/wp-json\/wp\/v2\/users\/2"}],"replies":[{"embeddable":true,"href":"https:\/\/www.elementlogic.net\/dk\/wp-json\/wp\/v2\/comments?post=3757"}],"version-history":[{"count":4,"href":"https:\/\/www.elementlogic.net\/dk\/wp-json\/wp\/v2\/pages\/3757\/revisions"}],"predecessor-version":[{"id":4265,"href":"https:\/\/www.elementlogic.net\/dk\/wp-json\/wp\/v2\/pages\/3757\/revisions\/4265"}],"up":[{"embeddable":true,"href":"https:\/\/www.elementlogic.net\/dk\/wp-json\/wp\/v2\/pages\/3782"}],"wp:featuredmedia":[{"embeddable":true,"href":"https:\/\/www.elementlogic.net\/dk\/wp-json\/wp\/v2\/media\/4061"}],"wp:attachment":[{"href":"https:\/\/www.elementlogic.net\/dk\/wp-json\/wp\/v2\/media?parent=3757"}],"curies":[{"name":"wp","href":"https:\/\/api.w.org\/{rel}","templated":true}]}}