{"id":3760,"date":"2026-03-27T10:10:17","date_gmt":"2026-03-27T10:10:17","guid":{"rendered":"https:\/\/www.elementlogic.net\/dk\/?page_id=3760"},"modified":"2026-03-31T19:31:04","modified_gmt":"2026-03-31T19:31:04","slug":"e-grocery","status":"publish","type":"page","link":"https:\/\/www.elementlogic.net\/dk\/brancher\/e-grocery\/","title":{"rendered":"e-Grocery"},"content":{"rendered":"\n\t\t<div style=\"--dekode-hero-dim:0.5; --t2-icon-fill:var(--wp--preset--color--white);\" class=\"alignfull dekode-hero-content-position-center has-media-background wp-block-dekode-hero has-text-color has-white-color\">\n\t\t\t<img loading=\"lazy\" decoding=\"async\" width=\"1024\" height=\"1024\" src=\"https:\/\/www.elementlogic.net\/content\/uploads\/sites\/15\/2026\/03\/egrocery-1.png\" class=\"dekode-hero__image\" alt=\"\" style=\"--focalpoint: 63% 74%;\" srcset=\"https:\/\/www.elementlogic.net\/content\/uploads\/sites\/15\/2026\/03\/egrocery-1.png 1024w, https:\/\/www.elementlogic.net\/content\/uploads\/sites\/15\/2026\/03\/egrocery-1-300x300.png 300w, https:\/\/www.elementlogic.net\/content\/uploads\/sites\/15\/2026\/03\/egrocery-1-150x150.png 150w, https:\/\/www.elementlogic.net\/content\/uploads\/sites\/15\/2026\/03\/egrocery-1-768x768.png 768w\" sizes=\"(max-width: 1024px) 100vw, 1024px\" \/>\n\t\t\t<div class=\"dekode-hero__content\">\n\t\t\t\t<div class=\"dekode-hero__container\">\n\t\t\t\t\t\n\n<p><\/p>\n\n\n\n<h1 class=\"wp-block-heading\" id=\"h-e-grocery\">e-Grocery<\/h1>\n\n\n<p class=\"t2-ingress wp-block-t2-ingress\">Friskt, hurtigt og fuldt automatiseret<\/p>\n\n\n<div class=\"wp-block-buttons is-layout-flex wp-block-buttons-is-layout-flex\">\n<div class=\"wp-block-button hs-cta-trigger-button hs-cta-trigger-button-195241208906 has-icon has-icon-theme_arrow\"><a class=\"wp-block-button__link wp-element-button\" href=\"https:\/\/www.elementlogic.net\/dk\/kontakt-os\/\">Kontakt os<svg xmlns=\"http:\/\/www.w3.org\/2000\/svg\" viewBox=\"0 0 24 24\" height=\"24\" width=\"24\" class=\"t2-icon t2-icon-theme_arrow\" aria-hidden=\"true\" focusable=\"false\"><path d=\"M16.627 12.75H5.25C5.03717 12.75 4.859 12.6782 4.7155 12.5345C4.57183 12.391 4.5 12.2128 4.5 12C4.5 11.7872 4.57183 11.609 4.7155 11.4655C4.859 11.3218 5.03717 11.25 5.25 11.25H16.627L11.4577 6.08076C11.3091 5.93209 11.2357 5.75809 11.2375 5.55876C11.2395 5.35942 11.318 5.18217 11.473 5.02701C11.6282 4.88217 11.8038 4.80717 12 4.80201C12.1962 4.79684 12.3718 4.87184 12.527 5.02701L18.8673 11.3673C18.9609 11.4609 19.0269 11.5597 19.0652 11.6635C19.1037 11.7673 19.123 11.8795 19.123 12C19.123 12.1205 19.1037 12.2327 19.0652 12.3365C19.0269 12.4403 18.9609 12.5391 18.8673 12.6328L12.527 18.973C12.3885 19.1115 12.217 19.1823 12.0125 19.1855C11.808 19.1887 11.6282 19.1178 11.473 18.973C11.318 18.8178 11.2405 18.6397 11.2405 18.4385C11.2405 18.2372 11.318 18.0589 11.473 17.9038L16.627 12.75Z\" fill=\"var(--t2-icon-fill, #000)\"\/><\/svg><\/a><\/div>\n<\/div>\n\n\n\t\t\t\t<\/div>\n\t\t\t<\/div>\n\t\t<\/div>\n\t\t\n\n<p class=\"t2-ingress wp-block-t2-ingress\">I online dagligvarehandel er b\u00e5de sekunder og temperatur afg\u00f8rende. Kunderne forventer hurtig og pr\u00e6cis levering af friske, frosne og tempererede varer \u2013 og fejl accepteres ikke. Med sm\u00e5 marginer og h\u00f8j oms\u00e6tningshastighed er effektivitet afg\u00f8rende for succes.<\/p>\n\n\n<p><\/p>\n\n\n\n<p>Element Logic hj\u00e6lper e-grocery-virksomheder med at h\u00e5ndtere ordrer <strong>hurtigt, pr\u00e6cist og med korrekt <\/strong>temperaturstyring. Med mere end 40 \u00e5rs erfaring inden for intralogistik designer vi automationsl\u00f8sninger, der holder varerne friske, effektiviserer ordreflowet og reducerer driftsomkostninger p\u00e5 tv\u00e6rs af almindelige, k\u00f8lede og frosne milj\u00f8er.<\/p>\n\n\n\n<div class=\"wp-block-group has-global-padding is-layout-constrained wp-block-group-is-layout-constrained\">\n<h2 class=\"wp-block-heading wp-container-content-1\" id=\"h-udfordringer-i-e-grocery-ordreopfyldelse\">Udfordringer i e-grocery-ordreopfyldelse<\/h2>\n\n\n\n<ul class=\"wp-block-list\">\n<li>H\u00e5ndtere almindelige, k\u00f8lede og frosne varer i \u00e9n samlet drift<\/li>\n\n\n\n<li>Overholde kort holdbarhed og strenge krav til friskhed<\/li>\n\n\n\n<li>H\u00e5ndtere h\u00f8je ordrevolumener med sm\u00e5, blandede kurve<\/li>\n\n\n\n<li>Im\u00f8deg\u00e5 stigende l\u00f8nomkostninger og udfordringer med at fastholde medarbejdere<\/li>\n\n\n\n<li>Leve op til kundernes forventninger om levering samme dag eller dagen efter<\/li>\n<\/ul>\n<\/div>\n\n\n\n\t\t<div style=\"--dekode-hero-dim:0.5; --t2-icon-fill:var(--wp--preset--color--white);\" class=\"alignfull dekode-hero-content-position-center has-media-background wp-block-dekode-hero has-text-color has-white-color\">\n\t\t\t\t\t<video\n\t\t\tautoplay\n\t\t\tloop\n\t\t\tmuted\n\t\t\tplaysinline\n\t\t\tposter=\"\"\n\t\t\tsrc=\"https:\/\/www.elementlogic.net\/content\/uploads\/2024\/07\/solutions-and-services.mp4\">\n\t\t<\/video>\n\t\t\n\t\t\t<div class=\"dekode-hero__content\">\n\t\t\t\t<div class=\"dekode-hero__container\">\n\t\t\t\t\t\n\n<h2 class=\"wp-block-heading\" id=\"h-anvendt-af-forende-e-grocery-virksomheder\">Anvendt af f\u00f8rende e-grocery-virksomheder:<\/h2>\n\n\n\t\t\t\t<\/div>\n\t\t\t<\/div>\n\t\t<\/div>\n\t\t\n\n<div class=\"t2-featured-content-layout alignwide wp-block-t2-featured-content-layout\">\n<div class=\"t2-featured-query-post t2-featured-content is-post-type-case case_tax-egrocery case_tax-koeleindustri wp-block-t2-featured-query-post t2-featured-content-layout-col-6\"><a class=\"t2-post-link wp-block-t2-post-link\" href=\"https:\/\/www.elementlogic.net\/dk\/cases\/matsmarts-rejse-mod-oeget-effektivitet\/\">\n\t<div class=\"client-logo-image-wrapper\"><img loading=\"lazy\" decoding=\"async\" width=\"232\" height=\"84\" src=\"https:\/\/www.elementlogic.net\/content\/uploads\/sites\/15\/2026\/03\/Skaermbillede-2026-03-23-kl.-13.47.35.png\" class=\"client-logo-image\" alt=\"\" \/><\/div>\n\t<figure style=\"--t2-focal-point: 50% 50%;\" class=\"t2-post-featured-image has-image-ratio-3-2 wp-block-t2-post-featured-image\"><img loading=\"lazy\" decoding=\"async\" width=\"612\" height=\"310\" src=\"https:\/\/www.elementlogic.net\/content\/uploads\/sites\/15\/2026\/03\/Skaermbillede-2026-03-23-kl.-13.48.16.png\" class=\"attachment-post-thumbnail size-post-thumbnail wp-post-image\" alt=\"\" srcset=\"https:\/\/www.elementlogic.net\/content\/uploads\/sites\/15\/2026\/03\/Skaermbillede-2026-03-23-kl.-13.48.16.png 612w, https:\/\/www.elementlogic.net\/content\/uploads\/sites\/15\/2026\/03\/Skaermbillede-2026-03-23-kl.-13.48.16-300x152.png 300w\" sizes=\"(max-width: 612px) 100vw, 612px\" \/><\/figure>\n\t\n<\/a>\n\n\t\t<div class=\"card-content wp-block-t2-wrapper\">\n\t<div class=\"wp-block-dekode-post-terms\"><span>eGrocery<\/span><span>K\u00f8leindustri<\/span><\/div>\n\t<h3 class=\"t2-post-title wp-block-t2-post-title\"><a href=\"https:\/\/www.elementlogic.net\/dk\/cases\/matsmarts-rejse-mod-oeget-effektivitet\/\" target=\"_self\" >Matsmarts rejse mod \u00f8get effektivitet<\/a><\/h3>\n\t<div class=\"t2-post-excerpt wp-block-t2-post-excerpt\"><p>Matsmart, en markant akt\u00f8r i det hastigt voksende eGrocery-segment, g\u00e5r forrest i udviklingen mod mere omkostningseffektiv logistik og en mere [&hellip;]<\/p><\/div>\n<\/div>\n<\/div>\n\n<div class=\"t2-featured-query-post t2-featured-content is-post-type-case case_tax-egrocery case_tax-elektroniske-komponenter case_tax-engros wp-block-t2-featured-query-post t2-featured-content-layout-col-6\"><a class=\"t2-post-link wp-block-t2-post-link\" href=\"https:\/\/www.elementlogic.net\/dk\/cases\/drevet-af-solen-og-styret-af-robotter\/\">\n\t<div class=\"client-logo-image-wrapper\"><img loading=\"lazy\" decoding=\"async\" width=\"300\" height=\"300\" src=\"https:\/\/www.elementlogic.net\/content\/uploads\/sites\/15\/2024\/10\/BA-300x300-1.jpg\" class=\"client-logo-image\" alt=\"\" \/><\/div>\n\t<figure style=\"--t2-focal-point: 50% 50%;\" class=\"t2-post-featured-image has-image-ratio-3-2 wp-block-t2-post-featured-image\"><img loading=\"lazy\" decoding=\"async\" width=\"1500\" height=\"851\" src=\"https:\/\/www.elementlogic.net\/content\/uploads\/sites\/15\/2024\/10\/BerggardAmundsen-Dronephoto-0345-e1664353157264.jpeg\" class=\"attachment-post-thumbnail size-post-thumbnail wp-post-image\" alt=\"Dronefoto\" srcset=\"https:\/\/www.elementlogic.net\/content\/uploads\/sites\/15\/2024\/10\/BerggardAmundsen-Dronephoto-0345-e1664353157264.jpeg 1500w, https:\/\/www.elementlogic.net\/content\/uploads\/sites\/15\/2024\/10\/BerggardAmundsen-Dronephoto-0345-e1664353157264-300x170.jpeg 300w, https:\/\/www.elementlogic.net\/content\/uploads\/sites\/15\/2024\/10\/BerggardAmundsen-Dronephoto-0345-e1664353157264-1024x581.jpeg 1024w, https:\/\/www.elementlogic.net\/content\/uploads\/sites\/15\/2024\/10\/BerggardAmundsen-Dronephoto-0345-e1664353157264-768x436.jpeg 768w\" sizes=\"(max-width: 1500px) 100vw, 1500px\" \/><\/figure>\n\t\n<\/a>\n\n\t\t<div class=\"card-content wp-block-t2-wrapper\">\n\t<div class=\"wp-block-dekode-post-terms\"><span>eGrocery<\/span><span>Elektroniske komponenter<\/span><span>Engros<\/span><\/div>\n\t<h3 class=\"t2-post-title wp-block-t2-post-title\"><a href=\"https:\/\/www.elementlogic.net\/dk\/cases\/drevet-af-solen-og-styret-af-robotter\/\" target=\"_self\" >Drevet af solen og styret af robotter<\/a><\/h3>\n\t<div class=\"t2-post-excerpt wp-block-t2-post-excerpt\"><p>Berggaard Amundsens futuristiske lager og hovedkvarter uden for Oslo er ganske unikt: Elektronikgrossisten \u00f8nskede, at deres 14.000 kvadratmeter nye bygning [&hellip;]<\/p><\/div>\n<\/div>\n<\/div>\n<\/div>\n\n\n<div class=\"wp-block-buttons is-layout-flex wp-block-buttons-is-layout-flex\">\n<div class=\"wp-block-button\"><a class=\"wp-block-button__link wp-element-button\" href=\"https:\/\/www.elementlogic.net\/dk\/cases\/category\/egrocery\/\">Se flere e-grocery-cases<\/a><\/div>\n<\/div>\n\n\n\n<div class=\"wp-block-group alignwide has-global-padding is-layout-constrained wp-block-group-is-layout-constrained\">\n<h2 class=\"wp-block-heading wp-container-content-2\" id=\"h-derfor-vaelger-e-grocery-virksomheder-element-logic\">Derfor v\u00e6lger e-grocery-virksomheder Element Logic:<\/h2>\n\n\n\n<ul class=\"wp-block-list\">\n<li>Sikr friskhed p\u00e5 tv\u00e6rs af almindelige, k\u00f8lede og frosne lagerzoner<\/li>\n\n\n\n<li>Opn\u00e5 hastighed og skalerbarhed for at leve op til leveringskrav<\/li>\n\n\n\n<li>Reduc\u00e9r driftsomkostninger gennem automation og effektiv brug af arbejdskraft<\/li>\n\n\n\n<li>F\u00e5 gavn af global ekspertise inden for dagligvarer og k\u00f8lek\u00e6deautomation<\/li>\n<\/ul>\n<\/div>\n\n\n\n<div style=\"height:100px\" aria-hidden=\"true\" class=\"wp-block-spacer\"><\/div>\n\n\n\n\t\t<div style=\"--dekode-hero-dim:0.6; --t2-icon-fill:var(--wp--preset--color--white);\" class=\"alignfull dekode-hero-content-position-center has-media-background wp-block-dekode-hero has-text-color has-white-color\">\n\t\t\t<img loading=\"lazy\" decoding=\"async\" width=\"1024\" height=\"683\" src=\"https:\/\/www.elementlogic.net\/content\/uploads\/sites\/15\/2026\/03\/egrocery3-1-1024x683.png\" class=\"dekode-hero__image\" alt=\"\" style=\"--focalpoint: 75% 71%;\" srcset=\"https:\/\/www.elementlogic.net\/content\/uploads\/sites\/15\/2026\/03\/egrocery3-1-1024x683.png 1024w, https:\/\/www.elementlogic.net\/content\/uploads\/sites\/15\/2026\/03\/egrocery3-1-300x200.png 300w, https:\/\/www.elementlogic.net\/content\/uploads\/sites\/15\/2026\/03\/egrocery3-1-768x512.png 768w, https:\/\/www.elementlogic.net\/content\/uploads\/sites\/15\/2026\/03\/egrocery3-1.png 1536w\" sizes=\"(max-width: 1024px) 100vw, 1024px\" \/>\n\t\t\t<div class=\"dekode-hero__content\">\n\t\t\t\t<div class=\"dekode-hero__container\">\n\t\t\t\t\t\n\n<h1 class=\"wp-block-heading\" id=\"h-lever-friskhed-i-stor-skala-med-lagerautomation\"><strong>Lever friskhed i stor skala med lagerautomation<\/strong><\/h1>\n\n\n\n<div class=\"wp-block-buttons is-layout-flex wp-block-buttons-is-layout-flex\">\n<div class=\"wp-block-button http:\/\/hs-cta-trigger-button hs-cta-trigger-button-195241208906\"><a class=\"wp-block-button__link wp-element-button\" href=\"https:\/\/www.elementlogic.net\/dk\/kontakt-os\/\">Kontakt os i dag<\/a><\/div>\n<\/div>\n\n\n\t\t\t\t<\/div>\n\t\t\t<\/div>\n\t\t<\/div>\n\t\t\n\n\n<p><\/p>\n","protected":false},"excerpt":{"rendered":"<p>Element Logic hj\u00e6lper e-grocery-virksomheder med at h\u00e5ndtere ordrer hurtigt, pr\u00e6cist og med korrekt temperaturstyring. Med mere end 40 \u00e5rs erfaring [&hellip;]<\/p>\n","protected":false},"author":2,"featured_media":4067,"parent":3782,"menu_order":0,"comment_status":"closed","ping_status":"closed","template":"","meta":{"hreflang_relation":0,"_el_cross_publish_source_blog_url":"","_el_cross_publish_source_blog_id":0,"_el_cross_publish_source_post_id":0,"_el_cross_publish_sync_state":"","exclude_from_search":false,"footnotes":""},"class_list":["post-3760","page","type-page","status-publish","has-post-thumbnail","hentry"],"yoast_head":"<!-- This site is optimized with the Yoast SEO Premium plugin v23.9 (Yoast SEO v23.9) - https:\/\/yoast.com\/wordpress\/plugins\/seo\/ -->\n<title>e-Grocery - Element Logic Denmark<\/title>\n<meta name=\"description\" content=\"Med sm\u00e5 marginer og h\u00f8j oms\u00e6tningshastighed er effektivitet afg\u00f8rende for succes, n\u00e5r det kommer til e-grocery.\" \/>\n<meta name=\"robots\" content=\"index, follow, max-snippet:-1, max-image-preview:large, max-video-preview:-1\" \/>\n<link rel=\"canonical\" href=\"https:\/\/www.elementlogic.net\/dk\/brancher\/e-grocery\/\" \/>\n<meta property=\"og:locale\" content=\"da_DK\" \/>\n<meta property=\"og:type\" content=\"article\" \/>\n<meta property=\"og:title\" content=\"e-Grocery\" \/>\n<meta property=\"og:description\" content=\"Med sm\u00e5 marginer og h\u00f8j oms\u00e6tningshastighed er effektivitet afg\u00f8rende for succes, n\u00e5r det kommer til e-grocery.\" \/>\n<meta property=\"og:url\" content=\"https:\/\/www.elementlogic.net\/dk\/brancher\/e-grocery\/\" \/>\n<meta property=\"og:site_name\" content=\"Element Logic Denmark\" \/>\n<meta property=\"article:modified_time\" content=\"2026-03-31T19:31:04+00:00\" \/>\n<meta property=\"og:image\" content=\"https:\/\/www.elementlogic.net\/content\/uploads\/sites\/15\/2026\/03\/egrocery-1-1.png\" \/>\n\t<meta property=\"og:image:width\" content=\"1024\" \/>\n\t<meta property=\"og:image:height\" content=\"1024\" \/>\n\t<meta property=\"og:image:type\" content=\"image\/png\" \/>\n<meta name=\"twitter:card\" content=\"summary_large_image\" \/>\n<meta name=\"twitter:label1\" content=\"Estimeret l\u00e6setid\" \/>\n\t<meta name=\"twitter:data1\" content=\"2 minutter\" \/>\n<script type=\"application\/ld+json\" class=\"yoast-schema-graph\">{\"@context\":\"https:\/\/schema.org\",\"@graph\":[{\"@type\":\"WebPage\",\"@id\":\"https:\/\/www.elementlogic.net\/dk\/brancher\/e-grocery\/\",\"url\":\"https:\/\/www.elementlogic.net\/dk\/brancher\/e-grocery\/\",\"name\":\"e-Grocery - Element Logic Denmark\",\"isPartOf\":{\"@id\":\"https:\/\/www.elementlogic.net\/dk\/#website\"},\"primaryImageOfPage\":{\"@id\":\"https:\/\/www.elementlogic.net\/dk\/brancher\/e-grocery\/#primaryimage\"},\"image\":{\"@id\":\"https:\/\/www.elementlogic.net\/dk\/brancher\/e-grocery\/#primaryimage\"},\"thumbnailUrl\":\"https:\/\/www.elementlogic.net\/content\/uploads\/sites\/15\/2026\/03\/egrocery-1-1.png\",\"datePublished\":\"2026-03-27T10:10:17+00:00\",\"dateModified\":\"2026-03-31T19:31:04+00:00\",\"description\":\"Med sm\u00e5 marginer og h\u00f8j oms\u00e6tningshastighed er effektivitet afg\u00f8rende for succes, n\u00e5r det kommer til e-grocery.\",\"breadcrumb\":{\"@id\":\"https:\/\/www.elementlogic.net\/dk\/brancher\/e-grocery\/#breadcrumb\"},\"inLanguage\":\"da-DK\",\"potentialAction\":[{\"@type\":\"ReadAction\",\"target\":[\"https:\/\/www.elementlogic.net\/dk\/brancher\/e-grocery\/\"]}]},{\"@type\":\"ImageObject\",\"inLanguage\":\"da-DK\",\"@id\":\"https:\/\/www.elementlogic.net\/dk\/brancher\/e-grocery\/#primaryimage\",\"url\":\"https:\/\/www.elementlogic.net\/content\/uploads\/sites\/15\/2026\/03\/egrocery-1-1.png\",\"contentUrl\":\"https:\/\/www.elementlogic.net\/content\/uploads\/sites\/15\/2026\/03\/egrocery-1-1.png\",\"width\":1024,\"height\":1024},{\"@type\":\"BreadcrumbList\",\"@id\":\"https:\/\/www.elementlogic.net\/dk\/brancher\/e-grocery\/#breadcrumb\",\"itemListElement\":[{\"@type\":\"ListItem\",\"position\":1,\"name\":\"Brancher\",\"item\":\"https:\/\/www.elementlogic.net\/dk\/brancher\/\"},{\"@type\":\"ListItem\",\"position\":2,\"name\":\"e-Grocery\"}]},{\"@type\":\"WebSite\",\"@id\":\"https:\/\/www.elementlogic.net\/dk\/#website\",\"url\":\"https:\/\/www.elementlogic.net\/dk\/\",\"name\":\"Element Logic Denmark\",\"description\":\"\",\"potentialAction\":[{\"@type\":\"SearchAction\",\"target\":{\"@type\":\"EntryPoint\",\"urlTemplate\":\"https:\/\/www.elementlogic.net\/dk\/?s={search_term_string}\"},\"query-input\":{\"@type\":\"PropertyValueSpecification\",\"valueRequired\":true,\"valueName\":\"search_term_string\"}}],\"inLanguage\":\"da-DK\"}]}<\/script>\n<!-- \/ Yoast SEO Premium plugin. -->","yoast_head_json":{"title":"e-Grocery - Element Logic Denmark","description":"Med sm\u00e5 marginer og h\u00f8j oms\u00e6tningshastighed er effektivitet afg\u00f8rende for succes, n\u00e5r det kommer til e-grocery.","robots":{"index":"index","follow":"follow","max-snippet":"max-snippet:-1","max-image-preview":"max-image-preview:large","max-video-preview":"max-video-preview:-1"},"canonical":"https:\/\/www.elementlogic.net\/dk\/brancher\/e-grocery\/","og_locale":"da_DK","og_type":"article","og_title":"e-Grocery","og_description":"Med sm\u00e5 marginer og h\u00f8j oms\u00e6tningshastighed er effektivitet afg\u00f8rende for succes, n\u00e5r det kommer til e-grocery.","og_url":"https:\/\/www.elementlogic.net\/dk\/brancher\/e-grocery\/","og_site_name":"Element Logic Denmark","article_modified_time":"2026-03-31T19:31:04+00:00","og_image":[{"width":1024,"height":1024,"url":"https:\/\/www.elementlogic.net\/content\/uploads\/sites\/15\/2026\/03\/egrocery-1-1.png","type":"image\/png"}],"twitter_card":"summary_large_image","twitter_misc":{"Estimeret l\u00e6setid":"2 minutter"},"schema":{"@context":"https:\/\/schema.org","@graph":[{"@type":"WebPage","@id":"https:\/\/www.elementlogic.net\/dk\/brancher\/e-grocery\/","url":"https:\/\/www.elementlogic.net\/dk\/brancher\/e-grocery\/","name":"e-Grocery - Element Logic Denmark","isPartOf":{"@id":"https:\/\/www.elementlogic.net\/dk\/#website"},"primaryImageOfPage":{"@id":"https:\/\/www.elementlogic.net\/dk\/brancher\/e-grocery\/#primaryimage"},"image":{"@id":"https:\/\/www.elementlogic.net\/dk\/brancher\/e-grocery\/#primaryimage"},"thumbnailUrl":"https:\/\/www.elementlogic.net\/content\/uploads\/sites\/15\/2026\/03\/egrocery-1-1.png","datePublished":"2026-03-27T10:10:17+00:00","dateModified":"2026-03-31T19:31:04+00:00","description":"Med sm\u00e5 marginer og h\u00f8j oms\u00e6tningshastighed er effektivitet afg\u00f8rende for succes, n\u00e5r det kommer til e-grocery.","breadcrumb":{"@id":"https:\/\/www.elementlogic.net\/dk\/brancher\/e-grocery\/#breadcrumb"},"inLanguage":"da-DK","potentialAction":[{"@type":"ReadAction","target":["https:\/\/www.elementlogic.net\/dk\/brancher\/e-grocery\/"]}]},{"@type":"ImageObject","inLanguage":"da-DK","@id":"https:\/\/www.elementlogic.net\/dk\/brancher\/e-grocery\/#primaryimage","url":"https:\/\/www.elementlogic.net\/content\/uploads\/sites\/15\/2026\/03\/egrocery-1-1.png","contentUrl":"https:\/\/www.elementlogic.net\/content\/uploads\/sites\/15\/2026\/03\/egrocery-1-1.png","width":1024,"height":1024},{"@type":"BreadcrumbList","@id":"https:\/\/www.elementlogic.net\/dk\/brancher\/e-grocery\/#breadcrumb","itemListElement":[{"@type":"ListItem","position":1,"name":"Brancher","item":"https:\/\/www.elementlogic.net\/dk\/brancher\/"},{"@type":"ListItem","position":2,"name":"e-Grocery"}]},{"@type":"WebSite","@id":"https:\/\/www.elementlogic.net\/dk\/#website","url":"https:\/\/www.elementlogic.net\/dk\/","name":"Element Logic Denmark","description":"","potentialAction":[{"@type":"SearchAction","target":{"@type":"EntryPoint","urlTemplate":"https:\/\/www.elementlogic.net\/dk\/?s={search_term_string}"},"query-input":{"@type":"PropertyValueSpecification","valueRequired":true,"valueName":"search_term_string"}}],"inLanguage":"da-DK"}]}},"_links":{"self":[{"href":"https:\/\/www.elementlogic.net\/dk\/wp-json\/wp\/v2\/pages\/3760"}],"collection":[{"href":"https:\/\/www.elementlogic.net\/dk\/wp-json\/wp\/v2\/pages"}],"about":[{"href":"https:\/\/www.elementlogic.net\/dk\/wp-json\/wp\/v2\/types\/page"}],"author":[{"embeddable":true,"href":"https:\/\/www.elementlogic.net\/dk\/wp-json\/wp\/v2\/users\/2"}],"replies":[{"embeddable":true,"href":"https:\/\/www.elementlogic.net\/dk\/wp-json\/wp\/v2\/comments?post=3760"}],"version-history":[{"count":4,"href":"https:\/\/www.elementlogic.net\/dk\/wp-json\/wp\/v2\/pages\/3760\/revisions"}],"predecessor-version":[{"id":4266,"href":"https:\/\/www.elementlogic.net\/dk\/wp-json\/wp\/v2\/pages\/3760\/revisions\/4266"}],"up":[{"embeddable":true,"href":"https:\/\/www.elementlogic.net\/dk\/wp-json\/wp\/v2\/pages\/3782"}],"wp:featuredmedia":[{"embeddable":true,"href":"https:\/\/www.elementlogic.net\/dk\/wp-json\/wp\/v2\/media\/4067"}],"wp:attachment":[{"href":"https:\/\/www.elementlogic.net\/dk\/wp-json\/wp\/v2\/media?parent=3760"}],"curies":[{"name":"wp","href":"https:\/\/api.w.org\/{rel}","templated":true}]}}