{"id":3762,"date":"2026-03-27T10:07:59","date_gmt":"2026-03-27T10:07:59","guid":{"rendered":"https:\/\/www.elementlogic.net\/dk\/?page_id=3762"},"modified":"2026-03-30T13:31:36","modified_gmt":"2026-03-30T13:31:36","slug":"3pl-og-logistik","status":"publish","type":"page","link":"https:\/\/www.elementlogic.net\/dk\/brancher\/3pl-og-logistik\/","title":{"rendered":"3PL og Logistik"},"content":{"rendered":"\n\t\t<div style=\"--dekode-hero-dim:0.5; --t2-icon-fill:var(--wp--preset--color--white);\" class=\"alignfull dekode-hero-content-position-center has-media-background wp-block-dekode-hero has-text-color has-white-color\">\n\t\t\t<img loading=\"lazy\" decoding=\"async\" width=\"1024\" height=\"1024\" src=\"https:\/\/www.elementlogic.net\/content\/uploads\/sites\/15\/2026\/03\/3pl-hub-1.png\" class=\"dekode-hero__image\" alt=\"\" style=\"--focalpoint: 48% 51%;\" srcset=\"https:\/\/www.elementlogic.net\/content\/uploads\/sites\/15\/2026\/03\/3pl-hub-1.png 1024w, https:\/\/www.elementlogic.net\/content\/uploads\/sites\/15\/2026\/03\/3pl-hub-1-300x300.png 300w, https:\/\/www.elementlogic.net\/content\/uploads\/sites\/15\/2026\/03\/3pl-hub-1-150x150.png 150w, https:\/\/www.elementlogic.net\/content\/uploads\/sites\/15\/2026\/03\/3pl-hub-1-768x768.png 768w\" sizes=\"(max-width: 1024px) 100vw, 1024px\" \/>\n\t\t\t<div class=\"dekode-hero__content\">\n\t\t\t\t<div class=\"dekode-hero__container\">\n\t\t\t\t\t\n\n<p><\/p>\n\n\n\n<h1 class=\"wp-block-heading\" id=\"h-3pl-og-logistikvirksomheder\">3PL- og logistikvirksomheder<\/h1>\n\n\n<p class=\"t2-ingress wp-block-t2-ingress\">Smartere automation til fleksibel ordreopfyldelse<\/p>\n\n\n<div class=\"wp-block-buttons is-layout-flex wp-block-buttons-is-layout-flex\">\n<div class=\"wp-block-button hs-cta-trigger-button hs-cta-trigger-button-195241208906 has-icon has-icon-theme_arrow\"><a class=\"wp-block-button__link wp-element-button\" href=\"https:\/\/www.elementlogic.net\/dk\/kontakt-os\/\">Kontakt os <svg xmlns=\"http:\/\/www.w3.org\/2000\/svg\" viewBox=\"0 0 24 24\" height=\"24\" width=\"24\" class=\"t2-icon t2-icon-theme_arrow\" aria-hidden=\"true\" focusable=\"false\"><path d=\"M16.627 12.75H5.25C5.03717 12.75 4.859 12.6782 4.7155 12.5345C4.57183 12.391 4.5 12.2128 4.5 12C4.5 11.7872 4.57183 11.609 4.7155 11.4655C4.859 11.3218 5.03717 11.25 5.25 11.25H16.627L11.4577 6.08076C11.3091 5.93209 11.2357 5.75809 11.2375 5.55876C11.2395 5.35942 11.318 5.18217 11.473 5.02701C11.6282 4.88217 11.8038 4.80717 12 4.80201C12.1962 4.79684 12.3718 4.87184 12.527 5.02701L18.8673 11.3673C18.9609 11.4609 19.0269 11.5597 19.0652 11.6635C19.1037 11.7673 19.123 11.8795 19.123 12C19.123 12.1205 19.1037 12.2327 19.0652 12.3365C19.0269 12.4403 18.9609 12.5391 18.8673 12.6328L12.527 18.973C12.3885 19.1115 12.217 19.1823 12.0125 19.1855C11.808 19.1887 11.6282 19.1178 11.473 18.973C11.318 18.8178 11.2405 18.6397 11.2405 18.4385C11.2405 18.2372 11.318 18.0589 11.473 17.9038L16.627 12.75Z\" fill=\"var(--t2-icon-fill, #000)\"\/><\/svg><\/a><\/div>\n<\/div>\n\n\n\t\t\t\t<\/div>\n\t\t\t<\/div>\n\t\t<\/div>\n\t\t\n\n<p class=\"t2-ingress wp-block-t2-ingress\">Som tredjepartslogistikudbyder (3PL) forventer dine kunder hastighed, pr\u00e6cision og skalerbarhed \u2013 uden kompromiser. Uanset om du h\u00e5ndterer e-handel, retail-genopfyldning eller B2B-distribution, leverer Element Logic automationsl\u00f8sninger, der sikrer driftssikkerhed, fleksibilitet og effektivitet for hver enkelt kunde.<\/p>\n\n\n<p><\/p>\n\n\n\n<p>Med mere end 40 \u00e5rs erfaring inden for intralogistik hj\u00e6lper vi 3PL-virksomheder med at tilpasse sig hurtigt skiftende krav, reducere driftsomkostninger og opbygge robuste ordreopfyldelsesprocesser.<\/p>\n\n\n\n<div class=\"wp-block-group has-global-padding is-layout-constrained wp-block-group-is-layout-constrained\">\n<h2 class=\"wp-block-heading wp-container-content-1\" id=\"h-udfordringer-som-3pl-virksomheder-star-overfor\"><strong>Udfordringer, som 3PL-virksomheder st\u00e5r overfor<\/strong><\/h2>\n\n\n\n<ul class=\"wp-block-list\">\n<li>H\u00e5ndtere s\u00e6sonudsving og uforudsigelig eftersp\u00f8rgsel<\/li>\n\n\n\n<li>H\u00e5ndtere forskellige produktsortimenter for flere kunder<\/li>\n\n\n\n<li>Im\u00f8deg\u00e5 stigende l\u00f8nomkostninger og mangel p\u00e5 arbejdskraft<\/li>\n\n\n\n<li>Leve op til pres for hurtigere levering og h\u00f8jere pr\u00e6cision<\/li>\n\n\n\n<li>Levere skalerbare og fleksible l\u00f8sninger, der matcher kundernes forventninger<\/li>\n<\/ul>\n<\/div>\n\n\n\n\t\t<div style=\"--dekode-hero-dim:0.5; --t2-icon-fill:var(--wp--preset--color--white);\" class=\"alignfull dekode-hero-content-position-center has-media-background wp-block-dekode-hero has-text-color has-white-color\">\n\t\t\t\t\t<video\n\t\t\tautoplay\n\t\t\tloop\n\t\t\tmuted\n\t\t\tplaysinline\n\t\t\tposter=\"\"\n\t\t\tsrc=\"https:\/\/www.elementlogic.net\/content\/uploads\/2024\/07\/solutions-and-services.mp4\">\n\t\t<\/video>\n\t\t\n\t\t\t<div class=\"dekode-hero__content\">\n\t\t\t\t<div class=\"dekode-hero__container\">\n\t\t\t\t\t\n\n<h2 class=\"wp-block-heading\" id=\"h-anvendt-af-forende-3pl-virksomheder\">Anvendt af f\u00f8rende 3PL-virksomheder:<\/h2>\n\n\n\t\t\t\t<\/div>\n\t\t\t<\/div>\n\t\t<\/div>\n\t\t\n\n<div class=\"t2-featured-content-layout alignwide wp-block-t2-featured-content-layout\">\n\n\n\n\n\n<\/div>\n\n\n<div class=\"wp-block-buttons is-layout-flex wp-block-buttons-is-layout-flex\">\n<div class=\"wp-block-button\"><a class=\"wp-block-button__link wp-element-button\" href=\"https:\/\/www.elementlogic.net\/dk\/cases\/category\/3pl\/\">Se flere 3PL-cases<\/a><\/div>\n<\/div>\n\n\n\n<div class=\"wp-block-group alignwide has-global-padding is-layout-constrained wp-block-group-is-layout-constrained\">\n<h2 class=\"wp-block-heading wp-container-content-2\" id=\"h-derfor-vaelger-3pl-virksomheder-element-logic\">Derfor v\u00e6lger 3PL-virksomheder Element Logic<\/h2>\n\n\n\n<ul class=\"wp-block-list\">\n<li>Skalerbare systemer, der tilpasser sig skiftende kundebehov<\/li>\n\n\n\n<li>Hurtig ROI gennem effektiv udnyttelse af arbejdskraft og driftsbesparelser<\/li>\n\n\n\n<li>Fremtidssikret teknologi dokumenteret p\u00e5 tv\u00e6rs af flere brancher<\/li>\n\n\n\n<li>Global ekspertise leveret med lokal support<\/li>\n<\/ul>\n<\/div>\n\n\n\n<div style=\"height:100px;width:0px\" aria-hidden=\"true\" class=\"wp-block-spacer\"><\/div>\n\n\n\n\t\t<div style=\"--dekode-hero-dim:0.6; --t2-icon-fill:var(--wp--preset--color--white);\" class=\"alignfull dekode-hero-content-position-center has-media-background wp-block-dekode-hero has-text-color has-white-color\">\n\t\t\t<img loading=\"lazy\" decoding=\"async\" width=\"1024\" height=\"683\" src=\"https:\/\/www.elementlogic.net\/content\/uploads\/sites\/15\/2026\/03\/Fiege_1-3-1.jpg\" class=\"dekode-hero__image\" alt=\"\" style=\"--focalpoint: 75% 71%;\" srcset=\"https:\/\/www.elementlogic.net\/content\/uploads\/sites\/15\/2026\/03\/Fiege_1-3-1.jpg 1024w, https:\/\/www.elementlogic.net\/content\/uploads\/sites\/15\/2026\/03\/Fiege_1-3-1-300x200.jpg 300w, https:\/\/www.elementlogic.net\/content\/uploads\/sites\/15\/2026\/03\/Fiege_1-3-1-768x512.jpg 768w\" sizes=\"(max-width: 1024px) 100vw, 1024px\" \/>\n\t\t\t<div class=\"dekode-hero__content\">\n\t\t\t\t<div class=\"dekode-hero__container\">\n\t\t\t\t\t\n\n<h1 class=\"wp-block-heading\" id=\"h-tag-naeste-skridt-mod-fremtidens-lager-med-os\"><strong>Tag n\u00e6ste skridt mod fremtidens lager med os<\/strong><\/h1>\n\n\n\n<div class=\"wp-block-buttons is-layout-flex wp-block-buttons-is-layout-flex\">\n<div class=\"wp-block-button http:\/\/hs-cta-trigger-button hs-cta-trigger-button-195241208906\"><a class=\"wp-block-button__link wp-element-button\" href=\"https:\/\/www.elementlogic.net\/dk\/kontakt-os\/https-www-elementlogic-net-dk-kontakt-os-alle-kontakter\/\">Kontakt os i dag<\/a><\/div>\n<\/div>\n\n\n\t\t\t\t<\/div>\n\t\t\t<\/div>\n\t\t<\/div>\n\t\t\n\n\n<p><\/p>\n","protected":false},"excerpt":{"rendered":"<p>Med mere end 40 \u00e5rs erfaring inden for intralogistik hj\u00e6lper vi 3PL-virksomheder med at tilpasse sig hurtigt skiftende krav, reducere [&hellip;]<\/p>\n","protected":false},"author":2,"featured_media":4073,"parent":3782,"menu_order":0,"comment_status":"closed","ping_status":"closed","template":"","meta":{"hreflang_relation":0,"_el_cross_publish_source_blog_url":"","_el_cross_publish_source_blog_id":0,"_el_cross_publish_source_post_id":0,"_el_cross_publish_sync_state":"","exclude_from_search":false,"footnotes":""},"class_list":["post-3762","page","type-page","status-publish","has-post-thumbnail","hentry"],"yoast_head":"<!-- This site is optimized with the Yoast SEO Premium plugin v23.9 (Yoast SEO v23.9) - https:\/\/yoast.com\/wordpress\/plugins\/seo\/ -->\n<title>3PL og Logistik - Element Logic Denmark<\/title>\n<meta name=\"description\" content=\"Som tredjepartslogistikudbyder (3PL) forventer dine kunder hastighed, pr\u00e6cision og skalerbarhed. Element Logic leverer automationsl\u00f8sninger, der sikrer driftssikkerhed, fleksibilitet og effektivitet for hver enkelt kunde.\" \/>\n<meta name=\"robots\" content=\"index, follow, max-snippet:-1, max-image-preview:large, max-video-preview:-1\" \/>\n<link rel=\"canonical\" href=\"https:\/\/www.elementlogic.net\/dk\/brancher\/3pl-og-logistik\/\" \/>\n<meta property=\"og:locale\" content=\"da_DK\" \/>\n<meta property=\"og:type\" content=\"article\" \/>\n<meta property=\"og:title\" content=\"3PL og Logistik\" \/>\n<meta property=\"og:description\" content=\"Som tredjepartslogistikudbyder (3PL) forventer dine kunder hastighed, pr\u00e6cision og skalerbarhed. Element Logic leverer automationsl\u00f8sninger, der sikrer driftssikkerhed, fleksibilitet og effektivitet for hver enkelt kunde.\" \/>\n<meta property=\"og:url\" content=\"https:\/\/www.elementlogic.net\/dk\/brancher\/3pl-og-logistik\/\" \/>\n<meta property=\"og:site_name\" content=\"Element Logic Denmark\" \/>\n<meta property=\"article:modified_time\" content=\"2026-03-30T13:31:36+00:00\" \/>\n<meta property=\"og:image\" content=\"https:\/\/www.elementlogic.net\/content\/uploads\/sites\/15\/2026\/03\/3pl-hub-1.png\" \/>\n\t<meta property=\"og:image:width\" content=\"1024\" \/>\n\t<meta property=\"og:image:height\" content=\"1024\" \/>\n\t<meta property=\"og:image:type\" content=\"image\/png\" \/>\n<meta name=\"twitter:card\" content=\"summary_large_image\" \/>\n<meta name=\"twitter:label1\" content=\"Estimeret l\u00e6setid\" \/>\n\t<meta name=\"twitter:data1\" content=\"1 minut\" \/>\n<script type=\"application\/ld+json\" class=\"yoast-schema-graph\">{\"@context\":\"https:\/\/schema.org\",\"@graph\":[{\"@type\":\"WebPage\",\"@id\":\"https:\/\/www.elementlogic.net\/dk\/brancher\/3pl-og-logistik\/\",\"url\":\"https:\/\/www.elementlogic.net\/dk\/brancher\/3pl-og-logistik\/\",\"name\":\"3PL og Logistik - Element Logic Denmark\",\"isPartOf\":{\"@id\":\"https:\/\/www.elementlogic.net\/dk\/#website\"},\"primaryImageOfPage\":{\"@id\":\"https:\/\/www.elementlogic.net\/dk\/brancher\/3pl-og-logistik\/#primaryimage\"},\"image\":{\"@id\":\"https:\/\/www.elementlogic.net\/dk\/brancher\/3pl-og-logistik\/#primaryimage\"},\"thumbnailUrl\":\"https:\/\/www.elementlogic.net\/content\/uploads\/sites\/15\/2026\/03\/3pl-hub-1.png\",\"datePublished\":\"2026-03-27T10:07:59+00:00\",\"dateModified\":\"2026-03-30T13:31:36+00:00\",\"description\":\"Som tredjepartslogistikudbyder (3PL) forventer dine kunder hastighed, pr\u00e6cision og skalerbarhed. Element Logic leverer automationsl\u00f8sninger, der sikrer driftssikkerhed, fleksibilitet og effektivitet for hver enkelt kunde.\",\"breadcrumb\":{\"@id\":\"https:\/\/www.elementlogic.net\/dk\/brancher\/3pl-og-logistik\/#breadcrumb\"},\"inLanguage\":\"da-DK\",\"potentialAction\":[{\"@type\":\"ReadAction\",\"target\":[\"https:\/\/www.elementlogic.net\/dk\/brancher\/3pl-og-logistik\/\"]}]},{\"@type\":\"ImageObject\",\"inLanguage\":\"da-DK\",\"@id\":\"https:\/\/www.elementlogic.net\/dk\/brancher\/3pl-og-logistik\/#primaryimage\",\"url\":\"https:\/\/www.elementlogic.net\/content\/uploads\/sites\/15\/2026\/03\/3pl-hub-1.png\",\"contentUrl\":\"https:\/\/www.elementlogic.net\/content\/uploads\/sites\/15\/2026\/03\/3pl-hub-1.png\",\"width\":1024,\"height\":1024},{\"@type\":\"BreadcrumbList\",\"@id\":\"https:\/\/www.elementlogic.net\/dk\/brancher\/3pl-og-logistik\/#breadcrumb\",\"itemListElement\":[{\"@type\":\"ListItem\",\"position\":1,\"name\":\"Brancher\",\"item\":\"https:\/\/www.elementlogic.net\/dk\/brancher\/\"},{\"@type\":\"ListItem\",\"position\":2,\"name\":\"3PL og Logistik\"}]},{\"@type\":\"WebSite\",\"@id\":\"https:\/\/www.elementlogic.net\/dk\/#website\",\"url\":\"https:\/\/www.elementlogic.net\/dk\/\",\"name\":\"Element Logic Denmark\",\"description\":\"\",\"potentialAction\":[{\"@type\":\"SearchAction\",\"target\":{\"@type\":\"EntryPoint\",\"urlTemplate\":\"https:\/\/www.elementlogic.net\/dk\/?s={search_term_string}\"},\"query-input\":{\"@type\":\"PropertyValueSpecification\",\"valueRequired\":true,\"valueName\":\"search_term_string\"}}],\"inLanguage\":\"da-DK\"}]}<\/script>\n<!-- \/ Yoast SEO Premium plugin. -->","yoast_head_json":{"title":"3PL og Logistik - Element Logic Denmark","description":"Som tredjepartslogistikudbyder (3PL) forventer dine kunder hastighed, pr\u00e6cision og skalerbarhed. Element Logic leverer automationsl\u00f8sninger, der sikrer driftssikkerhed, fleksibilitet og effektivitet for hver enkelt kunde.","robots":{"index":"index","follow":"follow","max-snippet":"max-snippet:-1","max-image-preview":"max-image-preview:large","max-video-preview":"max-video-preview:-1"},"canonical":"https:\/\/www.elementlogic.net\/dk\/brancher\/3pl-og-logistik\/","og_locale":"da_DK","og_type":"article","og_title":"3PL og Logistik","og_description":"Som tredjepartslogistikudbyder (3PL) forventer dine kunder hastighed, pr\u00e6cision og skalerbarhed. Element Logic leverer automationsl\u00f8sninger, der sikrer driftssikkerhed, fleksibilitet og effektivitet for hver enkelt kunde.","og_url":"https:\/\/www.elementlogic.net\/dk\/brancher\/3pl-og-logistik\/","og_site_name":"Element Logic Denmark","article_modified_time":"2026-03-30T13:31:36+00:00","og_image":[{"width":1024,"height":1024,"url":"https:\/\/www.elementlogic.net\/content\/uploads\/sites\/15\/2026\/03\/3pl-hub-1.png","type":"image\/png"}],"twitter_card":"summary_large_image","twitter_misc":{"Estimeret l\u00e6setid":"1 minut"},"schema":{"@context":"https:\/\/schema.org","@graph":[{"@type":"WebPage","@id":"https:\/\/www.elementlogic.net\/dk\/brancher\/3pl-og-logistik\/","url":"https:\/\/www.elementlogic.net\/dk\/brancher\/3pl-og-logistik\/","name":"3PL og Logistik - Element Logic Denmark","isPartOf":{"@id":"https:\/\/www.elementlogic.net\/dk\/#website"},"primaryImageOfPage":{"@id":"https:\/\/www.elementlogic.net\/dk\/brancher\/3pl-og-logistik\/#primaryimage"},"image":{"@id":"https:\/\/www.elementlogic.net\/dk\/brancher\/3pl-og-logistik\/#primaryimage"},"thumbnailUrl":"https:\/\/www.elementlogic.net\/content\/uploads\/sites\/15\/2026\/03\/3pl-hub-1.png","datePublished":"2026-03-27T10:07:59+00:00","dateModified":"2026-03-30T13:31:36+00:00","description":"Som tredjepartslogistikudbyder (3PL) forventer dine kunder hastighed, pr\u00e6cision og skalerbarhed. Element Logic leverer automationsl\u00f8sninger, der sikrer driftssikkerhed, fleksibilitet og effektivitet for hver enkelt kunde.","breadcrumb":{"@id":"https:\/\/www.elementlogic.net\/dk\/brancher\/3pl-og-logistik\/#breadcrumb"},"inLanguage":"da-DK","potentialAction":[{"@type":"ReadAction","target":["https:\/\/www.elementlogic.net\/dk\/brancher\/3pl-og-logistik\/"]}]},{"@type":"ImageObject","inLanguage":"da-DK","@id":"https:\/\/www.elementlogic.net\/dk\/brancher\/3pl-og-logistik\/#primaryimage","url":"https:\/\/www.elementlogic.net\/content\/uploads\/sites\/15\/2026\/03\/3pl-hub-1.png","contentUrl":"https:\/\/www.elementlogic.net\/content\/uploads\/sites\/15\/2026\/03\/3pl-hub-1.png","width":1024,"height":1024},{"@type":"BreadcrumbList","@id":"https:\/\/www.elementlogic.net\/dk\/brancher\/3pl-og-logistik\/#breadcrumb","itemListElement":[{"@type":"ListItem","position":1,"name":"Brancher","item":"https:\/\/www.elementlogic.net\/dk\/brancher\/"},{"@type":"ListItem","position":2,"name":"3PL og Logistik"}]},{"@type":"WebSite","@id":"https:\/\/www.elementlogic.net\/dk\/#website","url":"https:\/\/www.elementlogic.net\/dk\/","name":"Element Logic Denmark","description":"","potentialAction":[{"@type":"SearchAction","target":{"@type":"EntryPoint","urlTemplate":"https:\/\/www.elementlogic.net\/dk\/?s={search_term_string}"},"query-input":{"@type":"PropertyValueSpecification","valueRequired":true,"valueName":"search_term_string"}}],"inLanguage":"da-DK"}]}},"_links":{"self":[{"href":"https:\/\/www.elementlogic.net\/dk\/wp-json\/wp\/v2\/pages\/3762"}],"collection":[{"href":"https:\/\/www.elementlogic.net\/dk\/wp-json\/wp\/v2\/pages"}],"about":[{"href":"https:\/\/www.elementlogic.net\/dk\/wp-json\/wp\/v2\/types\/page"}],"author":[{"embeddable":true,"href":"https:\/\/www.elementlogic.net\/dk\/wp-json\/wp\/v2\/users\/2"}],"replies":[{"embeddable":true,"href":"https:\/\/www.elementlogic.net\/dk\/wp-json\/wp\/v2\/comments?post=3762"}],"version-history":[{"count":4,"href":"https:\/\/www.elementlogic.net\/dk\/wp-json\/wp\/v2\/pages\/3762\/revisions"}],"predecessor-version":[{"id":4214,"href":"https:\/\/www.elementlogic.net\/dk\/wp-json\/wp\/v2\/pages\/3762\/revisions\/4214"}],"up":[{"embeddable":true,"href":"https:\/\/www.elementlogic.net\/dk\/wp-json\/wp\/v2\/pages\/3782"}],"wp:featuredmedia":[{"embeddable":true,"href":"https:\/\/www.elementlogic.net\/dk\/wp-json\/wp\/v2\/media\/4073"}],"wp:attachment":[{"href":"https:\/\/www.elementlogic.net\/dk\/wp-json\/wp\/v2\/media?parent=3762"}],"curies":[{"name":"wp","href":"https:\/\/api.w.org\/{rel}","templated":true}]}}