{"id":3770,"date":"2026-03-27T09:59:53","date_gmt":"2026-03-27T09:59:53","guid":{"rendered":"https:\/\/www.elementlogic.net\/dk\/?page_id=3770"},"modified":"2026-03-30T13:33:35","modified_gmt":"2026-03-30T13:33:35","slug":"reservedele-og-distribution","status":"publish","type":"page","link":"https:\/\/www.elementlogic.net\/dk\/brancher\/reservedele-og-distribution\/","title":{"rendered":"Reservedele og distribution"},"content":{"rendered":"\n\t\t<div style=\"--dekode-hero-dim:0.5; --t2-icon-fill:var(--wp--preset--color--white);\" class=\"alignfull dekode-hero-content-position-center has-media-background wp-block-dekode-hero has-text-color has-white-color\">\n\t\t\t<img loading=\"lazy\" decoding=\"async\" width=\"1024\" height=\"683\" src=\"https:\/\/www.elementlogic.net\/content\/uploads\/sites\/15\/2026\/03\/Parts-distribution-v2-1-1024x683.png\" class=\"dekode-hero__image\" alt=\"Reservedele og distribution hos Element Logic\" style=\"--focalpoint: 50% 90%;\" srcset=\"https:\/\/www.elementlogic.net\/content\/uploads\/sites\/15\/2026\/03\/Parts-distribution-v2-1-1024x683.png 1024w, https:\/\/www.elementlogic.net\/content\/uploads\/sites\/15\/2026\/03\/Parts-distribution-v2-1-300x200.png 300w, https:\/\/www.elementlogic.net\/content\/uploads\/sites\/15\/2026\/03\/Parts-distribution-v2-1-768x512.png 768w, https:\/\/www.elementlogic.net\/content\/uploads\/sites\/15\/2026\/03\/Parts-distribution-v2-1.png 1536w\" sizes=\"(max-width: 1024px) 100vw, 1024px\" \/>\n\t\t\t<div class=\"dekode-hero__content\">\n\t\t\t\t<div class=\"dekode-hero__container\">\n\t\t\t\t\t\n\n<p><\/p>\n\n\n\n<h1 class=\"wp-block-heading\" id=\"h-reservedele-og-distribution\"><br>Reservedele og distribution<\/h1>\n\n\n<p class=\"t2-ingress wp-block-t2-ingress\">Hurtigt, pr\u00e6cist og altid tilg\u00e6ngeligt<\/p>\n\n\n<div class=\"wp-block-buttons is-layout-flex wp-block-buttons-is-layout-flex\">\n<div class=\"wp-block-button hs-cta-trigger-button hs-cta-trigger-button-195241208906 has-icon has-icon-theme_arrow\"><a class=\"wp-block-button__link wp-element-button\" href=\"https:\/\/www.elementlogic.net\/dk\/kontakt-os\/\">Kontakt os<svg xmlns=\"http:\/\/www.w3.org\/2000\/svg\" viewBox=\"0 0 24 24\" height=\"24\" width=\"24\" class=\"t2-icon t2-icon-theme_arrow\" aria-hidden=\"true\" focusable=\"false\"><path d=\"M16.627 12.75H5.25C5.03717 12.75 4.859 12.6782 4.7155 12.5345C4.57183 12.391 4.5 12.2128 4.5 12C4.5 11.7872 4.57183 11.609 4.7155 11.4655C4.859 11.3218 5.03717 11.25 5.25 11.25H16.627L11.4577 6.08076C11.3091 5.93209 11.2357 5.75809 11.2375 5.55876C11.2395 5.35942 11.318 5.18217 11.473 5.02701C11.6282 4.88217 11.8038 4.80717 12 4.80201C12.1962 4.79684 12.3718 4.87184 12.527 5.02701L18.8673 11.3673C18.9609 11.4609 19.0269 11.5597 19.0652 11.6635C19.1037 11.7673 19.123 11.8795 19.123 12C19.123 12.1205 19.1037 12.2327 19.0652 12.3365C19.0269 12.4403 18.9609 12.5391 18.8673 12.6328L12.527 18.973C12.3885 19.1115 12.217 19.1823 12.0125 19.1855C11.808 19.1887 11.6282 19.1178 11.473 18.973C11.318 18.8178 11.2405 18.6397 11.2405 18.4385C11.2405 18.2372 11.318 18.0589 11.473 17.9038L16.627 12.75Z\" fill=\"var(--t2-icon-fill, #000)\"\/><\/svg><\/a><\/div>\n<\/div>\n\n\n\t\t\t\t<\/div>\n\t\t\t<\/div>\n\t\t<\/div>\n\t\t\n\n<p class=\"t2-ingress wp-block-t2-ingress\">Inden for reservedele og distribution er <strong>hastighed og pr\u00e6cision <\/strong>afg\u00f8rende for succes. Uanset om det g\u00e6lder automotive, industri eller aftermarket-komponenter, forventer kunderne den rette del \u2013 med det samme. Med omfattende SKU-kataloger, uforudsigelig eftersp\u00f8rgsel og pres for at overholde stramme leveringstider kan distribut\u00f8rer ikke l\u00e6ngere f\u00f8lge med ved hj\u00e6lp af manuelle processer.<\/p>\n\n\n<p><\/p>\n\n\n\n<p>Element Logic hj\u00e6lper reservedelsdistribut\u00f8rer med at optimere lageret, accelerere ordreopfyldelsen og eliminere kostbare fejl. Med mere end 40 \u00e5rs erfaring inden for intralogistik leverer vi automation, der holder varerne i bev\u00e6gelse, s\u00e5 dine kunder aldrig skal vente.<\/p>\n\n\n\n<div class=\"wp-block-group has-global-padding is-layout-constrained wp-block-group-is-layout-constrained\">\n<h2 class=\"wp-block-heading wp-container-content-1\" id=\"h-udfordringer-inden-for-reservedele-og-distribution\"><strong>Udfordringer inden for reservedele og distribution<\/strong>\u00a0<\/h2>\n\n\n\n<ul class=\"wp-block-list\">\n<li>H\u00e5ndtere titusindvis af SKU\u2019er: Fra sm\u00e5 skruer til store komponenter<\/li>\n\n\n\n<li>Leve op til krav om levering samme dag eller dagen efter<\/li>\n\n\n\n<li>Reducere h\u00f8je fejlomkostninger ved forkerte leverancer<\/li>\n\n\n\n<li>Im\u00f8deg\u00e5 mangel p\u00e5 arbejdskraft i gentagne plukke- og pakkeopgaver<\/li>\n\n\n\n<li>H\u00e5ndtere komplekse ordreprofiler, fra enkeltlinjer til komplette kits<\/li>\n<\/ul>\n<\/div>\n\n\n\n\t\t<div style=\"--dekode-hero-dim:0.5; --t2-icon-fill:var(--wp--preset--color--white);\" class=\"alignfull dekode-hero-content-position-center has-media-background wp-block-dekode-hero has-text-color has-white-color\">\n\t\t\t\t\t<video\n\t\t\tautoplay\n\t\t\tloop\n\t\t\tmuted\n\t\t\tplaysinline\n\t\t\tposter=\"\"\n\t\t\tsrc=\"https:\/\/www.elementlogic.net\/content\/uploads\/2024\/07\/solutions-and-services.mp4\">\n\t\t<\/video>\n\t\t\n\t\t\t<div class=\"dekode-hero__content\">\n\t\t\t\t<div class=\"dekode-hero__container\">\n\t\t\t\t\t\n\n<h2 class=\"wp-block-heading\" id=\"h-valgt-af-forende-aktorer-inden-for-reservedele-og-distribution\">Valgt af f\u00f8rende akt\u00f8rer inden for reservedele og distribution:<\/h2>\n\n\n\t\t\t\t<\/div>\n\t\t\t<\/div>\n\t\t<\/div>\n\t\t\n\n<div class=\"t2-featured-content-layout alignwide wp-block-t2-featured-content-layout\">\n\n\n\n\n\n<\/div>\n\n\n<div class=\"wp-block-buttons is-layout-flex wp-block-buttons-is-layout-flex\">\n<div class=\"wp-block-button\"><a class=\"wp-block-button__link has-text-align-left wp-element-button\" href=\"https:\/\/www.elementlogic.net\/dk\/cases\/category\/parts-and-distribution\/\">Se flere cases inden for reservedele og distribution<\/a><\/div>\n<\/div>\n\n\n\n<div class=\"wp-block-group alignwide has-global-padding is-layout-constrained wp-block-group-is-layout-constrained\">\n<h2 class=\"wp-block-heading wp-container-content-2\" id=\"h-derfor-vaelger-virksomheder-inden-for-reservedele-og-distribution-element-logic\">Derfor v\u00e6lger virksomheder inden for reservedele og distribution Element Logic<\/h2>\n\n\n\n<ul class=\"wp-block-list\">\n<li>\u00d8g hastigheden i ordreopfyldelsen for levering samme dag og dagen efter<\/li>\n\n\n\n<li>Reduc\u00e9r omkostningstunge fejl med pr\u00e6cision drevet af automation<\/li>\n\n\n\n<li>Maksim\u00e9r pladsudnyttelsen med ultrakompakte lagersystemer<\/li>\n\n\n\n<li>Skal\u00e9r kapaciteten problemfrit for at h\u00e5ndtere spidsbelastninger<\/li>\n<\/ul>\n<\/div>\n\n\n\n<div style=\"height:100px\" aria-hidden=\"true\" class=\"wp-block-spacer\"><\/div>\n\n\n\n\t\t<div style=\"--dekode-hero-dim:0.6; --t2-icon-fill:var(--wp--preset--color--white);\" class=\"alignfull dekode-hero-content-position-center has-media-background wp-block-dekode-hero has-text-color has-white-color\">\n\t\t\t<img loading=\"lazy\" decoding=\"async\" width=\"1024\" height=\"1024\" src=\"https:\/\/www.elementlogic.net\/content\/uploads\/sites\/15\/2026\/03\/Parts-distribution-1.png\" class=\"dekode-hero__image\" alt=\"\" style=\"--focalpoint: 73% 18%;\" srcset=\"https:\/\/www.elementlogic.net\/content\/uploads\/sites\/15\/2026\/03\/Parts-distribution-1.png 1024w, https:\/\/www.elementlogic.net\/content\/uploads\/sites\/15\/2026\/03\/Parts-distribution-1-300x300.png 300w, https:\/\/www.elementlogic.net\/content\/uploads\/sites\/15\/2026\/03\/Parts-distribution-1-150x150.png 150w, https:\/\/www.elementlogic.net\/content\/uploads\/sites\/15\/2026\/03\/Parts-distribution-1-768x768.png 768w\" sizes=\"(max-width: 1024px) 100vw, 1024px\" \/>\n\t\t\t<div class=\"dekode-hero__content\">\n\t\t\t\t<div class=\"dekode-hero__container\">\n\t\t\t\t\t\n\n<h1 class=\"wp-block-heading\" id=\"h-fa-den-rette-del-frem-hver-gang-med-automation-fra-element-logic\">F\u00e5 den rette del frem \u2013 hver gang \u2013 med automation fra Element Logic<\/h1>\n\n\n\n<div class=\"wp-block-buttons is-layout-flex wp-block-buttons-is-layout-flex\">\n<div class=\"wp-block-button http:\/\/hs-cta-trigger-button hs-cta-trigger-button-195241208906\"><a class=\"wp-block-button__link wp-element-button\" href=\"https:\/\/www.elementlogic.net\/dk\/kontakt-os\/\">Kontakt os i dag<\/a><\/div>\n<\/div>\n\n\n\t\t\t\t<\/div>\n\t\t\t<\/div>\n\t\t<\/div>\n\t\t\n\n\n<p><\/p>\n","protected":false},"excerpt":{"rendered":"<p>Element Logic hj\u00e6lper reservedelsdistribut\u00f8rer med at optimere lageret, accelerere ordreopfyldelsen og eliminere kostbare fejl. Med mere end 40 \u00e5rs erfaring [&hellip;]<\/p>\n","protected":false},"author":2,"featured_media":0,"parent":3782,"menu_order":0,"comment_status":"closed","ping_status":"closed","template":"","meta":{"hreflang_relation":0,"_el_cross_publish_source_blog_url":"","_el_cross_publish_source_blog_id":0,"_el_cross_publish_source_post_id":0,"_el_cross_publish_sync_state":"","exclude_from_search":false,"footnotes":""},"class_list":["post-3770","page","type-page","status-publish","hentry"],"yoast_head":"<!-- This site is optimized with the Yoast SEO Premium plugin v23.9 (Yoast SEO v23.9) - https:\/\/yoast.com\/wordpress\/plugins\/seo\/ -->\n<title>Reservedele og distribution - Element Logic Denmark<\/title>\n<meta name=\"description\" content=\"Inden for reservedele og distribution er hastighed og pr\u00e6cision afg\u00f8rende for succes. Uanset om det g\u00e6lder automotive, industri eller aftermarket-komponenter, forventer kunderne den rette del \u2013 med det samme. Det f\u00e5r du hos Element Logic.\" \/>\n<meta name=\"robots\" content=\"index, follow, max-snippet:-1, max-image-preview:large, max-video-preview:-1\" \/>\n<link rel=\"canonical\" href=\"https:\/\/www.elementlogic.net\/dk\/brancher\/reservedele-og-distribution\/\" \/>\n<meta property=\"og:locale\" content=\"da_DK\" \/>\n<meta property=\"og:type\" content=\"article\" \/>\n<meta property=\"og:title\" content=\"Reservedele og distribution\" \/>\n<meta property=\"og:description\" content=\"Inden for reservedele og distribution er hastighed og pr\u00e6cision afg\u00f8rende for succes. Uanset om det g\u00e6lder automotive, industri eller aftermarket-komponenter, forventer kunderne den rette del \u2013 med det samme. Det f\u00e5r du hos Element Logic.\" \/>\n<meta property=\"og:url\" content=\"https:\/\/www.elementlogic.net\/dk\/brancher\/reservedele-og-distribution\/\" \/>\n<meta property=\"og:site_name\" content=\"Element Logic Denmark\" \/>\n<meta property=\"article:modified_time\" content=\"2026-03-30T13:33:35+00:00\" \/>\n<meta name=\"twitter:card\" content=\"summary_large_image\" \/>\n<meta name=\"twitter:label1\" content=\"Estimeret l\u00e6setid\" \/>\n\t<meta name=\"twitter:data1\" content=\"1 minut\" \/>\n<script type=\"application\/ld+json\" class=\"yoast-schema-graph\">{\"@context\":\"https:\/\/schema.org\",\"@graph\":[{\"@type\":\"WebPage\",\"@id\":\"https:\/\/www.elementlogic.net\/dk\/brancher\/reservedele-og-distribution\/\",\"url\":\"https:\/\/www.elementlogic.net\/dk\/brancher\/reservedele-og-distribution\/\",\"name\":\"Reservedele og distribution - Element Logic Denmark\",\"isPartOf\":{\"@id\":\"https:\/\/www.elementlogic.net\/dk\/#website\"},\"datePublished\":\"2026-03-27T09:59:53+00:00\",\"dateModified\":\"2026-03-30T13:33:35+00:00\",\"description\":\"Inden for reservedele og distribution er hastighed og pr\u00e6cision afg\u00f8rende for succes. Uanset om det g\u00e6lder automotive, industri eller aftermarket-komponenter, forventer kunderne den rette del \u2013 med det samme. Det f\u00e5r du hos Element Logic.\",\"breadcrumb\":{\"@id\":\"https:\/\/www.elementlogic.net\/dk\/brancher\/reservedele-og-distribution\/#breadcrumb\"},\"inLanguage\":\"da-DK\",\"potentialAction\":[{\"@type\":\"ReadAction\",\"target\":[\"https:\/\/www.elementlogic.net\/dk\/brancher\/reservedele-og-distribution\/\"]}]},{\"@type\":\"BreadcrumbList\",\"@id\":\"https:\/\/www.elementlogic.net\/dk\/brancher\/reservedele-og-distribution\/#breadcrumb\",\"itemListElement\":[{\"@type\":\"ListItem\",\"position\":1,\"name\":\"Brancher\",\"item\":\"https:\/\/www.elementlogic.net\/dk\/brancher\/\"},{\"@type\":\"ListItem\",\"position\":2,\"name\":\"Reservedele og distribution\"}]},{\"@type\":\"WebSite\",\"@id\":\"https:\/\/www.elementlogic.net\/dk\/#website\",\"url\":\"https:\/\/www.elementlogic.net\/dk\/\",\"name\":\"Element Logic Denmark\",\"description\":\"\",\"potentialAction\":[{\"@type\":\"SearchAction\",\"target\":{\"@type\":\"EntryPoint\",\"urlTemplate\":\"https:\/\/www.elementlogic.net\/dk\/?s={search_term_string}\"},\"query-input\":{\"@type\":\"PropertyValueSpecification\",\"valueRequired\":true,\"valueName\":\"search_term_string\"}}],\"inLanguage\":\"da-DK\"}]}<\/script>\n<!-- \/ Yoast SEO Premium plugin. -->","yoast_head_json":{"title":"Reservedele og distribution - Element Logic Denmark","description":"Inden for reservedele og distribution er hastighed og pr\u00e6cision afg\u00f8rende for succes. Uanset om det g\u00e6lder automotive, industri eller aftermarket-komponenter, forventer kunderne den rette del \u2013 med det samme. Det f\u00e5r du hos Element Logic.","robots":{"index":"index","follow":"follow","max-snippet":"max-snippet:-1","max-image-preview":"max-image-preview:large","max-video-preview":"max-video-preview:-1"},"canonical":"https:\/\/www.elementlogic.net\/dk\/brancher\/reservedele-og-distribution\/","og_locale":"da_DK","og_type":"article","og_title":"Reservedele og distribution","og_description":"Inden for reservedele og distribution er hastighed og pr\u00e6cision afg\u00f8rende for succes. Uanset om det g\u00e6lder automotive, industri eller aftermarket-komponenter, forventer kunderne den rette del \u2013 med det samme. Det f\u00e5r du hos Element Logic.","og_url":"https:\/\/www.elementlogic.net\/dk\/brancher\/reservedele-og-distribution\/","og_site_name":"Element Logic Denmark","article_modified_time":"2026-03-30T13:33:35+00:00","twitter_card":"summary_large_image","twitter_misc":{"Estimeret l\u00e6setid":"1 minut"},"schema":{"@context":"https:\/\/schema.org","@graph":[{"@type":"WebPage","@id":"https:\/\/www.elementlogic.net\/dk\/brancher\/reservedele-og-distribution\/","url":"https:\/\/www.elementlogic.net\/dk\/brancher\/reservedele-og-distribution\/","name":"Reservedele og distribution - Element Logic Denmark","isPartOf":{"@id":"https:\/\/www.elementlogic.net\/dk\/#website"},"datePublished":"2026-03-27T09:59:53+00:00","dateModified":"2026-03-30T13:33:35+00:00","description":"Inden for reservedele og distribution er hastighed og pr\u00e6cision afg\u00f8rende for succes. Uanset om det g\u00e6lder automotive, industri eller aftermarket-komponenter, forventer kunderne den rette del \u2013 med det samme. Det f\u00e5r du hos Element Logic.","breadcrumb":{"@id":"https:\/\/www.elementlogic.net\/dk\/brancher\/reservedele-og-distribution\/#breadcrumb"},"inLanguage":"da-DK","potentialAction":[{"@type":"ReadAction","target":["https:\/\/www.elementlogic.net\/dk\/brancher\/reservedele-og-distribution\/"]}]},{"@type":"BreadcrumbList","@id":"https:\/\/www.elementlogic.net\/dk\/brancher\/reservedele-og-distribution\/#breadcrumb","itemListElement":[{"@type":"ListItem","position":1,"name":"Brancher","item":"https:\/\/www.elementlogic.net\/dk\/brancher\/"},{"@type":"ListItem","position":2,"name":"Reservedele og distribution"}]},{"@type":"WebSite","@id":"https:\/\/www.elementlogic.net\/dk\/#website","url":"https:\/\/www.elementlogic.net\/dk\/","name":"Element Logic Denmark","description":"","potentialAction":[{"@type":"SearchAction","target":{"@type":"EntryPoint","urlTemplate":"https:\/\/www.elementlogic.net\/dk\/?s={search_term_string}"},"query-input":{"@type":"PropertyValueSpecification","valueRequired":true,"valueName":"search_term_string"}}],"inLanguage":"da-DK"}]}},"_links":{"self":[{"href":"https:\/\/www.elementlogic.net\/dk\/wp-json\/wp\/v2\/pages\/3770"}],"collection":[{"href":"https:\/\/www.elementlogic.net\/dk\/wp-json\/wp\/v2\/pages"}],"about":[{"href":"https:\/\/www.elementlogic.net\/dk\/wp-json\/wp\/v2\/types\/page"}],"author":[{"embeddable":true,"href":"https:\/\/www.elementlogic.net\/dk\/wp-json\/wp\/v2\/users\/2"}],"replies":[{"embeddable":true,"href":"https:\/\/www.elementlogic.net\/dk\/wp-json\/wp\/v2\/comments?post=3770"}],"version-history":[{"count":3,"href":"https:\/\/www.elementlogic.net\/dk\/wp-json\/wp\/v2\/pages\/3770\/revisions"}],"predecessor-version":[{"id":4197,"href":"https:\/\/www.elementlogic.net\/dk\/wp-json\/wp\/v2\/pages\/3770\/revisions\/4197"}],"up":[{"embeddable":true,"href":"https:\/\/www.elementlogic.net\/dk\/wp-json\/wp\/v2\/pages\/3782"}],"wp:attachment":[{"href":"https:\/\/www.elementlogic.net\/dk\/wp-json\/wp\/v2\/media?parent=3770"}],"curies":[{"name":"wp","href":"https:\/\/api.w.org\/{rel}","templated":true}]}}