{"id":3772,"date":"2026-03-27T09:58:44","date_gmt":"2026-03-27T09:58:44","guid":{"rendered":"https:\/\/www.elementlogic.net\/dk\/?page_id=3772"},"modified":"2026-03-30T13:34:03","modified_gmt":"2026-03-30T13:34:03","slug":"koelelager","status":"publish","type":"page","link":"https:\/\/www.elementlogic.net\/dk\/brancher\/koelelager\/","title":{"rendered":"K\u00f8leindustrien"},"content":{"rendered":"\n\t\t<div style=\"--dekode-hero-dim:0.5; --t2-icon-fill:var(--wp--preset--color--white);\" class=\"alignfull dekode-hero-content-position-center has-media-background wp-block-dekode-hero has-text-color has-white-color\">\n\t\t\t<img loading=\"lazy\" decoding=\"async\" width=\"1024\" height=\"683\" src=\"https:\/\/www.elementlogic.net\/content\/uploads\/sites\/15\/2026\/03\/cold-storage2-1-1024x683.png\" class=\"dekode-hero__image\" alt=\"K\u00f8lelager hos Element Logic\" style=\"--focalpoint: 46% 35%;\" srcset=\"https:\/\/www.elementlogic.net\/content\/uploads\/sites\/15\/2026\/03\/cold-storage2-1-1024x683.png 1024w, https:\/\/www.elementlogic.net\/content\/uploads\/sites\/15\/2026\/03\/cold-storage2-1-300x200.png 300w, https:\/\/www.elementlogic.net\/content\/uploads\/sites\/15\/2026\/03\/cold-storage2-1-768x512.png 768w, https:\/\/www.elementlogic.net\/content\/uploads\/sites\/15\/2026\/03\/cold-storage2-1.png 1536w\" sizes=\"(max-width: 1024px) 100vw, 1024px\" \/>\n\t\t\t<div class=\"dekode-hero__content\">\n\t\t\t\t<div class=\"dekode-hero__container\">\n\t\t\t\t\t\n\n<p><\/p>\n\n\n\n<h1 class=\"wp-block-heading\" id=\"h-kolelagre\">K\u00f8lelagre<\/h1>\n\n\n<p class=\"t2-ingress wp-block-t2-ingress\">Udnyt hver grad i dit lager optimalt<\/p>\n\n\n<div class=\"wp-block-buttons is-layout-flex wp-block-buttons-is-layout-flex\">\n<div class=\"wp-block-button hs-cta-trigger-button hs-cta-trigger-button-195241208906\"><a class=\"wp-block-button__link wp-element-button\" href=\"https:\/\/www.elementlogic.net\/dk\/kontakt-os\/\">Kontakt os<\/a><\/div>\n<\/div>\n\n\n\t\t\t\t<\/div>\n\t\t\t<\/div>\n\t\t<\/div>\n\t\t\n\n<p class=\"t2-ingress wp-block-t2-ingress\">K\u00f8lelagerdrift er under konstant pres: stigende energiomkostninger, strenge temperaturkrav og udfordringer med arbejdskraft i kr\u00e6vende arbejdsmilj\u00f8er. Samtidig stiger eftersp\u00f8rgslen p\u00e5 frosne og k\u00f8lede varer \u2013 fra f\u00f8devarer til pharma \u2013 markant.<\/p>\n\n\n<p><\/p>\n\n\n\n<p>Element Logic hj\u00e6lper akt\u00f8rer inden for k\u00f8lelager med at maksimere kapaciteten, minimere l\u00f8nomkostningerne og beskytte produkternes kvalitet med automation, der er designet til frosne, k\u00f8lede og tempererede zoner. Med mere end 40 \u00e5rs erfaring inden for intralogistik g\u00f8r vi det muligt at holde varerne i bev\u00e6gelse med maksimal effektivitet \u2013 selv i ekstreme milj\u00f8er.<\/p>\n\n\n\n<div class=\"wp-block-group alignwide has-global-padding is-layout-constrained wp-block-group-is-layout-constrained\">\n<h2 class=\"wp-block-heading wp-container-content-1\" id=\"h-udfordringer-i-kolelagerdrift\">Udfordringer i k\u00f8lelagerdrift<\/h2>\n\n\n\n<ul class=\"wp-block-list\">\n<li><strong>H\u00e5ndtere h\u00f8je energiomkostninger<\/strong> samtidig med, at den kubiske <strong>lagerplads udnyttes optimalt<\/strong><\/li>\n\n\n\n<li><strong>Overvinde mangel p\u00e5 arbejdskraft <\/strong>i lavtemperaturmilj\u00f8er<\/li>\n\n\n\n<li>Overholde <strong>strenge krav til temperaturkontrol<\/strong> og sporbarhed<\/li>\n\n\n\n<li><strong>Im\u00f8dekomme den stigende eftersp\u00f8rgsel<\/strong> p\u00e5 k\u00f8lede og frosne f\u00f8devarer, drikkevarer og pharma<\/li>\n\n\n\n<li>H\u00e5ndtere <strong>komplekse lagerbeholdninger<\/strong> p\u00e5 tv\u00e6rs af flere temperaturzoner effektivt<\/li>\n<\/ul>\n<\/div>\n\n\n\n<div class=\"wp-block-group alignwide has-global-padding is-layout-constrained wp-block-group-is-layout-constrained\">\n<h2 class=\"wp-block-heading wp-container-content-2\" id=\"h-derfor-vaelger-kolelageraktorer-element-logic-nbsp\"><strong>Derfor v\u00e6lger k\u00f8lelagerakt\u00f8rer Element Logic<\/strong>&nbsp;<\/h2>\n\n\n\n<ul class=\"wp-block-list\">\n<li><strong>F\u00e5 mere ud af pladsen <\/strong>og s\u00e6nk energiomkostningen pr. enhed<\/li>\n\n\n\n<li><strong>G\u00f8r driften mindre afh\u00e6ngig af arbejdskraft i kr\u00e6vende milj\u00f8er<\/strong><\/li>\n\n\n\n<li><strong>Overhold nemt kravene<\/strong> til temperaturkontrol og dokumentation<\/li>\n\n\n\n<li><strong>Skal\u00e9r <\/strong>fleksibelt p\u00e5 tv\u00e6rs af frosne, k\u00f8lede og tempererede zoner<\/li>\n<\/ul>\n<\/div>\n\n\n\n<div style=\"height:100px\" aria-hidden=\"true\" class=\"wp-block-spacer\"><\/div>\n\n\n\n\t\t<div style=\"--dekode-hero-dim:0.6; --t2-icon-fill:var(--wp--preset--color--white);\" class=\"alignfull dekode-hero-content-position-center has-media-background wp-block-dekode-hero has-text-color has-white-color\">\n\t\t\t<img loading=\"lazy\" decoding=\"async\" width=\"1024\" height=\"324\" src=\"https:\/\/www.elementlogic.net\/content\/uploads\/sites\/15\/2026\/03\/20190730_ElementLogic_ONLINE_DSC_4622-WP-3-1024x324.jpg\" class=\"dekode-hero__image\" alt=\"\" style=\"--focalpoint: 62% 52%;\" srcset=\"https:\/\/www.elementlogic.net\/content\/uploads\/sites\/15\/2026\/03\/20190730_ElementLogic_ONLINE_DSC_4622-WP-3-1024x324.jpg 1024w, https:\/\/www.elementlogic.net\/content\/uploads\/sites\/15\/2026\/03\/20190730_ElementLogic_ONLINE_DSC_4622-WP-3-300x95.jpg 300w, https:\/\/www.elementlogic.net\/content\/uploads\/sites\/15\/2026\/03\/20190730_ElementLogic_ONLINE_DSC_4622-WP-3-768x243.jpg 768w, https:\/\/www.elementlogic.net\/content\/uploads\/sites\/15\/2026\/03\/20190730_ElementLogic_ONLINE_DSC_4622-WP-3-1536x485.jpg 1536w, https:\/\/www.elementlogic.net\/content\/uploads\/sites\/15\/2026\/03\/20190730_ElementLogic_ONLINE_DSC_4622-WP-3.jpg 2000w\" sizes=\"(max-width: 1024px) 100vw, 1024px\" \/>\n\t\t\t<div class=\"dekode-hero__content\">\n\t\t\t\t<div class=\"dekode-hero__container\">\n\t\t\t\t\t\n\n<h1 class=\"wp-block-heading\" id=\"h-sadan-skaber-element-logic-effektivitet-i-kolelageret\">S\u00e5dan skaber Element Logic effektivitet i k\u00f8lelageret<\/h1>\n\n\n<p class=\"t2-ingress wp-block-t2-ingress\">Vi samler flere teknologier i \u00e9t sammenh\u00e6ngende system, s\u00e5 du kan skalere uden kompromiser:<\/p>\n\n\t\t\t\t<\/div>\n\t\t\t<\/div>\n\t\t<\/div>\n\t\t\n\n\n\t\t<div style=\"--link-cards-grid-columns: 3\" class=\"dekode-link-cards has-3-columns alignwide wp-block-dekode-link-cards\">\n\t\t\t<div class=\"dekode-link-cards__items\">\n\t\t\t\t\n<div class=\"wp-block-dekode-link-card has-background has-primary-background-color\"><img loading=\"lazy\" decoding=\"async\" width=\"768\" height=\"512\" src=\"https:\/\/www.elementlogic.net\/content\/uploads\/sites\/15\/2026\/03\/AutoStoreSystem-1920x1080px-_1-1-768x512.jpg\" class=\"\" alt=\"\" \/>\t<div class=\"dekode-link-card__content\">\n\t\t\t\t<p class=\"dekode-link-card__title\">\n\t\t\tAutomatiserede lager- og pluksystemer (ASRS)\t\t<\/p>\n\t\t\t\t\t<p class=\"dekode-link-card__description\">Opbevar mere p\u00e5 mindre plads med ultrakompakt og temperaturstyret automation \u2013 ideelt til frosne og k\u00f8lede milj\u00f8er.\u00a0<\/p>\n\t\t\t<\/div>\n\t<\/div>\n\n<div class=\"wp-block-dekode-link-card has-background has-primary-background-color\"><img loading=\"lazy\" decoding=\"async\" width=\"768\" height=\"513\" src=\"https:\/\/www.elementlogic.net\/content\/uploads\/sites\/15\/2026\/03\/ElementLogic_Conveyors-in-action-768x513-1-4.jpg\" class=\"\" alt=\"\" \/>\t<div class=\"dekode-link-card__content\">\n\t\t\t\t<p class=\"dekode-link-card__title\">\n\t\t\tConveyor-l\u00f8sninger\t\t<\/p>\n\t\t\t\t\t<p class=\"dekode-link-card__description\">Hold varerne i et effektivt og sammenh\u00e6ngende flow mellem pluk, pakning og forsendelse \u2013 uden at g\u00e5 p\u00e5 kompromis med k\u00f8lek\u00e6den.<\/p>\n\t\t\t<\/div>\n\t<\/div>\n\n<div class=\"wp-block-dekode-link-card has-background has-primary-background-color\"><img loading=\"lazy\" decoding=\"async\" width=\"498\" height=\"332\" src=\"https:\/\/www.elementlogic.net\/content\/uploads\/sites\/15\/2026\/03\/DSCF2940_TSPNT_v2-Custom-2.png\" class=\"\" alt=\"\" \/>\t<div class=\"dekode-link-card__content\">\n\t\t\t\t<p class=\"dekode-link-card__title\">\n\t\t\tPluk- og pakningsl\u00f8sninger\t\t<\/p>\n\t\t\t\t\t<p class=\"dekode-link-card__description\">Reduc\u00e9r h\u00e5ndteringstid og eksponering med ergonomiske og effektive arbejdsstationer, der er tilpasset k\u00f8lede og frosne milj\u00f8er.<\/p>\n\t\t\t<\/div>\n\t<\/div>\n\n<div class=\"wp-block-dekode-link-card has-background has-primary-background-color\"><img loading=\"lazy\" decoding=\"async\" width=\"768\" height=\"513\" src=\"https:\/\/www.elementlogic.net\/content\/uploads\/sites\/15\/2026\/03\/REISSER_Schraubentechnik_DE_ELE_01764-1-1-768x513.jpg\" class=\"\" alt=\"\" \/>\t<div class=\"dekode-link-card__content\">\n\t\t\t\t<p class=\"dekode-link-card__title\">\n\t\t\tSelvk\u00f8rende robotter\t\t<\/p>\n\t\t\t\t\t<p class=\"dekode-link-card__description\">Transport\u00e9r varer mellem zoner uden at uds\u00e6tte medarbejdere for ekstrem kulde \u2013 det reducerer belastningen og \u00f8ger sikkerheden.<\/p>\n\t\t\t<\/div>\n\t<\/div>\n\n<div class=\"wp-block-dekode-link-card has-background has-primary-background-color\"><img loading=\"lazy\" decoding=\"async\" width=\"768\" height=\"512\" src=\"https:\/\/www.elementlogic.net\/content\/uploads\/sites\/15\/2026\/03\/EL_Solar_eOperator_robot-1-768x512.jpg\" class=\"\" alt=\"\" \/>\t<div class=\"dekode-link-card__content\">\n\t\t\t\t<p class=\"dekode-link-card__title\">\n\t\t\tRobotpluk\t\t<\/p>\n\t\t\t\t\t<p class=\"dekode-link-card__description\">Automatis\u00e9r gentagne opgaver i kolde milj\u00f8er, s\u00e5 du \u00f8ger hastigheden, forbedrer pr\u00e6cisionen og skaber et mere sikkert arbejdsmilj\u00f8.<\/p>\n\t\t\t<\/div>\n\t<\/div>\n\n<div class=\"wp-block-dekode-link-card has-background has-primary-background-color\"><img loading=\"lazy\" decoding=\"async\" width=\"768\" height=\"512\" src=\"https:\/\/www.elementlogic.net\/content\/uploads\/sites\/15\/2026\/03\/Element_logic_FDS_Kalle_warehousev2-4-768x512.jpg\" class=\"\" alt=\"\" \/>\t<div class=\"dekode-link-card__content\">\n\t\t\t\t<p class=\"dekode-link-card__title\">\n\t\t\tStatiske lagerl\u00f8sninger\t\t<\/p>\n\t\t\t\t\t<p class=\"dekode-link-card__description\">H\u00e5ndt\u00e9r store, langsomt oms\u00e6ttelige eller pladskr\u00e6vende varer med statiske reolsystemer, der nemt integreres med automatiserede l\u00f8sninger.<\/p>\n\t\t\t<\/div>\n\t<\/div>\n\n\t\t\t<\/div>\n\t\t<\/div>\n\n\n<div style=\"height:100px;width:0px\" aria-hidden=\"true\" class=\"wp-block-spacer\"><\/div>\n\n\n\n\t\t<div style=\"--dekode-hero-dim:0.6; --t2-icon-fill:var(--wp--preset--color--white);\" class=\"alignfull dekode-hero-content-position-center has-media-background wp-block-dekode-hero has-text-color has-white-color\">\n\t\t\t<img loading=\"lazy\" decoding=\"async\" width=\"1024\" height=\"683\" src=\"https:\/\/www.elementlogic.net\/content\/uploads\/sites\/15\/2026\/03\/Fiege_1-4.jpg\" class=\"dekode-hero__image\" alt=\"\" style=\"--focalpoint: 75% 71%;\" srcset=\"https:\/\/www.elementlogic.net\/content\/uploads\/sites\/15\/2026\/03\/Fiege_1-4.jpg 1024w, https:\/\/www.elementlogic.net\/content\/uploads\/sites\/15\/2026\/03\/Fiege_1-4-300x200.jpg 300w, https:\/\/www.elementlogic.net\/content\/uploads\/sites\/15\/2026\/03\/Fiege_1-4-768x512.jpg 768w\" sizes=\"(max-width: 1024px) 100vw, 1024px\" \/>\n\t\t\t<div class=\"dekode-hero__content\">\n\t\t\t\t<div class=\"dekode-hero__container\">\n\t\t\t\t\t\n\n<h1 class=\"wp-block-heading\" id=\"h-hold-din-kolekaede-i-bevaegelse-med-intelligent-automation\"><strong><section class=\"text-token-text-primary w-full focus:outline-none [--shadow-height:45px] has-data-writing-block:pointer-events-none has-data-writing-block:-mt-(--shadow-height) has-data-writing-block:pt-(--shadow-height) [&amp;:has([data-writing-block])&gt;*]:pointer-events-auto scroll-mt-(--header-height)\" dir=\"auto\" data-turn-id=\"227f7f54-00c7-4232-9b47-3aabf1b67ee4\" data-testid=\"conversation-turn-705\" data-scroll-anchor=\"false\" data-turn=\"user\"><\/section>Hold din k\u00f8lek\u00e6de i bev\u00e6gelse med intelligent automation<\/strong><\/h1>\n\n\n\n<div class=\"wp-block-buttons is-layout-flex wp-block-buttons-is-layout-flex\">\n<div class=\"wp-block-button http:\/\/hs-cta-trigger-button hs-cta-trigger-button-195241208906\"><a class=\"wp-block-button__link wp-element-button\" href=\"https:\/\/www.elementlogic.net\/dk\/kontakt-os\/\"><strong>K<\/strong>ontakt os i dag<\/a><\/div>\n<\/div>\n\n\n\t\t\t\t<\/div>\n\t\t\t<\/div>\n\t\t<\/div>\n\t\t\n\n\n<p><\/p>\n","protected":false},"excerpt":{"rendered":"<p>Element Logic hj\u00e6lper akt\u00f8rer inden for k\u00f8lelager med at maksimere kapaciteten, minimere l\u00f8nomkostningerne og beskytte produkternes kvalitet med automation, der [&hellip;]<\/p>\n","protected":false},"author":2,"featured_media":4141,"parent":3782,"menu_order":0,"comment_status":"closed","ping_status":"closed","template":"","meta":{"hreflang_relation":0,"_el_cross_publish_source_blog_url":"","_el_cross_publish_source_blog_id":0,"_el_cross_publish_source_post_id":0,"_el_cross_publish_sync_state":"","exclude_from_search":false,"footnotes":""},"class_list":["post-3772","page","type-page","status-publish","has-post-thumbnail","hentry"],"yoast_head":"<!-- This site is optimized with the Yoast SEO Premium plugin v23.9 (Yoast SEO v23.9) - https:\/\/yoast.com\/wordpress\/plugins\/seo\/ -->\n<title>K\u00f8leindustrien - Element Logic Denmark<\/title>\n<meta name=\"description\" content=\"Element Logic hj\u00e6lper akt\u00f8rer inden for k\u00f8lelager med at maksimere kapaciteten, minimere l\u00f8nomkostningerne og beskytte produkternes kvalitet med automation, der er designet til frosne, k\u00f8lede og tempererede zoner.\" \/>\n<meta name=\"robots\" content=\"index, follow, max-snippet:-1, max-image-preview:large, max-video-preview:-1\" \/>\n<link rel=\"canonical\" href=\"https:\/\/www.elementlogic.net\/dk\/brancher\/koelelager\/\" \/>\n<meta property=\"og:locale\" content=\"da_DK\" \/>\n<meta property=\"og:type\" content=\"article\" \/>\n<meta property=\"og:title\" content=\"K\u00f8leindustrien\" \/>\n<meta property=\"og:description\" content=\"Element Logic hj\u00e6lper akt\u00f8rer inden for k\u00f8lelager med at maksimere kapaciteten, minimere l\u00f8nomkostningerne og beskytte produkternes kvalitet med automation, der er designet til frosne, k\u00f8lede og tempererede zoner.\" \/>\n<meta property=\"og:url\" content=\"https:\/\/www.elementlogic.net\/dk\/brancher\/koelelager\/\" \/>\n<meta property=\"og:site_name\" content=\"Element Logic Denmark\" \/>\n<meta property=\"article:modified_time\" content=\"2026-03-30T13:34:03+00:00\" \/>\n<meta property=\"og:image\" content=\"https:\/\/www.elementlogic.net\/content\/uploads\/sites\/15\/2026\/03\/cold-storage2-1-1024x683.png\" \/>\n\t<meta property=\"og:image:width\" content=\"1024\" \/>\n\t<meta property=\"og:image:height\" content=\"683\" \/>\n\t<meta property=\"og:image:type\" content=\"image\/png\" \/>\n<meta name=\"twitter:card\" content=\"summary_large_image\" \/>\n<meta name=\"twitter:label1\" content=\"Estimeret l\u00e6setid\" \/>\n\t<meta name=\"twitter:data1\" content=\"2 minutter\" \/>\n<script type=\"application\/ld+json\" class=\"yoast-schema-graph\">{\"@context\":\"https:\/\/schema.org\",\"@graph\":[{\"@type\":\"WebPage\",\"@id\":\"https:\/\/www.elementlogic.net\/dk\/brancher\/koelelager\/\",\"url\":\"https:\/\/www.elementlogic.net\/dk\/brancher\/koelelager\/\",\"name\":\"K\u00f8leindustrien - Element Logic Denmark\",\"isPartOf\":{\"@id\":\"https:\/\/www.elementlogic.net\/dk\/#website\"},\"primaryImageOfPage\":{\"@id\":\"https:\/\/www.elementlogic.net\/dk\/brancher\/koelelager\/#primaryimage\"},\"image\":{\"@id\":\"https:\/\/www.elementlogic.net\/dk\/brancher\/koelelager\/#primaryimage\"},\"thumbnailUrl\":\"https:\/\/www.elementlogic.net\/content\/uploads\/sites\/15\/2026\/03\/cold-storage2-1.png\",\"datePublished\":\"2026-03-27T09:58:44+00:00\",\"dateModified\":\"2026-03-30T13:34:03+00:00\",\"description\":\"Element Logic hj\u00e6lper akt\u00f8rer inden for k\u00f8lelager med at maksimere kapaciteten, minimere l\u00f8nomkostningerne og beskytte produkternes kvalitet med automation, der er designet til frosne, k\u00f8lede og tempererede zoner.\",\"breadcrumb\":{\"@id\":\"https:\/\/www.elementlogic.net\/dk\/brancher\/koelelager\/#breadcrumb\"},\"inLanguage\":\"da-DK\",\"potentialAction\":[{\"@type\":\"ReadAction\",\"target\":[\"https:\/\/www.elementlogic.net\/dk\/brancher\/koelelager\/\"]}]},{\"@type\":\"ImageObject\",\"inLanguage\":\"da-DK\",\"@id\":\"https:\/\/www.elementlogic.net\/dk\/brancher\/koelelager\/#primaryimage\",\"url\":\"https:\/\/www.elementlogic.net\/content\/uploads\/sites\/15\/2026\/03\/cold-storage2-1.png\",\"contentUrl\":\"https:\/\/www.elementlogic.net\/content\/uploads\/sites\/15\/2026\/03\/cold-storage2-1.png\",\"width\":1536,\"height\":1024,\"caption\":\"K\u00f8lelager hos Element Logic\"},{\"@type\":\"BreadcrumbList\",\"@id\":\"https:\/\/www.elementlogic.net\/dk\/brancher\/koelelager\/#breadcrumb\",\"itemListElement\":[{\"@type\":\"ListItem\",\"position\":1,\"name\":\"Brancher\",\"item\":\"https:\/\/www.elementlogic.net\/dk\/brancher\/\"},{\"@type\":\"ListItem\",\"position\":2,\"name\":\"K\u00f8leindustrien\"}]},{\"@type\":\"WebSite\",\"@id\":\"https:\/\/www.elementlogic.net\/dk\/#website\",\"url\":\"https:\/\/www.elementlogic.net\/dk\/\",\"name\":\"Element Logic Denmark\",\"description\":\"\",\"potentialAction\":[{\"@type\":\"SearchAction\",\"target\":{\"@type\":\"EntryPoint\",\"urlTemplate\":\"https:\/\/www.elementlogic.net\/dk\/?s={search_term_string}\"},\"query-input\":{\"@type\":\"PropertyValueSpecification\",\"valueRequired\":true,\"valueName\":\"search_term_string\"}}],\"inLanguage\":\"da-DK\"}]}<\/script>\n<!-- \/ Yoast SEO Premium plugin. -->","yoast_head_json":{"title":"K\u00f8leindustrien - Element Logic Denmark","description":"Element Logic hj\u00e6lper akt\u00f8rer inden for k\u00f8lelager med at maksimere kapaciteten, minimere l\u00f8nomkostningerne og beskytte produkternes kvalitet med automation, der er designet til frosne, k\u00f8lede og tempererede zoner.","robots":{"index":"index","follow":"follow","max-snippet":"max-snippet:-1","max-image-preview":"max-image-preview:large","max-video-preview":"max-video-preview:-1"},"canonical":"https:\/\/www.elementlogic.net\/dk\/brancher\/koelelager\/","og_locale":"da_DK","og_type":"article","og_title":"K\u00f8leindustrien","og_description":"Element Logic hj\u00e6lper akt\u00f8rer inden for k\u00f8lelager med at maksimere kapaciteten, minimere l\u00f8nomkostningerne og beskytte produkternes kvalitet med automation, der er designet til frosne, k\u00f8lede og tempererede zoner.","og_url":"https:\/\/www.elementlogic.net\/dk\/brancher\/koelelager\/","og_site_name":"Element Logic Denmark","article_modified_time":"2026-03-30T13:34:03+00:00","og_image":[{"width":1024,"height":683,"url":"https:\/\/www.elementlogic.net\/content\/uploads\/sites\/15\/2026\/03\/cold-storage2-1-1024x683.png","type":"image\/png"}],"twitter_card":"summary_large_image","twitter_misc":{"Estimeret l\u00e6setid":"2 minutter"},"schema":{"@context":"https:\/\/schema.org","@graph":[{"@type":"WebPage","@id":"https:\/\/www.elementlogic.net\/dk\/brancher\/koelelager\/","url":"https:\/\/www.elementlogic.net\/dk\/brancher\/koelelager\/","name":"K\u00f8leindustrien - Element Logic Denmark","isPartOf":{"@id":"https:\/\/www.elementlogic.net\/dk\/#website"},"primaryImageOfPage":{"@id":"https:\/\/www.elementlogic.net\/dk\/brancher\/koelelager\/#primaryimage"},"image":{"@id":"https:\/\/www.elementlogic.net\/dk\/brancher\/koelelager\/#primaryimage"},"thumbnailUrl":"https:\/\/www.elementlogic.net\/content\/uploads\/sites\/15\/2026\/03\/cold-storage2-1.png","datePublished":"2026-03-27T09:58:44+00:00","dateModified":"2026-03-30T13:34:03+00:00","description":"Element Logic hj\u00e6lper akt\u00f8rer inden for k\u00f8lelager med at maksimere kapaciteten, minimere l\u00f8nomkostningerne og beskytte produkternes kvalitet med automation, der er designet til frosne, k\u00f8lede og tempererede zoner.","breadcrumb":{"@id":"https:\/\/www.elementlogic.net\/dk\/brancher\/koelelager\/#breadcrumb"},"inLanguage":"da-DK","potentialAction":[{"@type":"ReadAction","target":["https:\/\/www.elementlogic.net\/dk\/brancher\/koelelager\/"]}]},{"@type":"ImageObject","inLanguage":"da-DK","@id":"https:\/\/www.elementlogic.net\/dk\/brancher\/koelelager\/#primaryimage","url":"https:\/\/www.elementlogic.net\/content\/uploads\/sites\/15\/2026\/03\/cold-storage2-1.png","contentUrl":"https:\/\/www.elementlogic.net\/content\/uploads\/sites\/15\/2026\/03\/cold-storage2-1.png","width":1536,"height":1024,"caption":"K\u00f8lelager hos Element Logic"},{"@type":"BreadcrumbList","@id":"https:\/\/www.elementlogic.net\/dk\/brancher\/koelelager\/#breadcrumb","itemListElement":[{"@type":"ListItem","position":1,"name":"Brancher","item":"https:\/\/www.elementlogic.net\/dk\/brancher\/"},{"@type":"ListItem","position":2,"name":"K\u00f8leindustrien"}]},{"@type":"WebSite","@id":"https:\/\/www.elementlogic.net\/dk\/#website","url":"https:\/\/www.elementlogic.net\/dk\/","name":"Element Logic Denmark","description":"","potentialAction":[{"@type":"SearchAction","target":{"@type":"EntryPoint","urlTemplate":"https:\/\/www.elementlogic.net\/dk\/?s={search_term_string}"},"query-input":{"@type":"PropertyValueSpecification","valueRequired":true,"valueName":"search_term_string"}}],"inLanguage":"da-DK"}]}},"_links":{"self":[{"href":"https:\/\/www.elementlogic.net\/dk\/wp-json\/wp\/v2\/pages\/3772"}],"collection":[{"href":"https:\/\/www.elementlogic.net\/dk\/wp-json\/wp\/v2\/pages"}],"about":[{"href":"https:\/\/www.elementlogic.net\/dk\/wp-json\/wp\/v2\/types\/page"}],"author":[{"embeddable":true,"href":"https:\/\/www.elementlogic.net\/dk\/wp-json\/wp\/v2\/users\/2"}],"replies":[{"embeddable":true,"href":"https:\/\/www.elementlogic.net\/dk\/wp-json\/wp\/v2\/comments?post=3772"}],"version-history":[{"count":4,"href":"https:\/\/www.elementlogic.net\/dk\/wp-json\/wp\/v2\/pages\/3772\/revisions"}],"predecessor-version":[{"id":4213,"href":"https:\/\/www.elementlogic.net\/dk\/wp-json\/wp\/v2\/pages\/3772\/revisions\/4213"}],"up":[{"embeddable":true,"href":"https:\/\/www.elementlogic.net\/dk\/wp-json\/wp\/v2\/pages\/3782"}],"wp:featuredmedia":[{"embeddable":true,"href":"https:\/\/www.elementlogic.net\/dk\/wp-json\/wp\/v2\/media\/4141"}],"wp:attachment":[{"href":"https:\/\/www.elementlogic.net\/dk\/wp-json\/wp\/v2\/media?parent=3772"}],"curies":[{"name":"wp","href":"https:\/\/api.w.org\/{rel}","templated":true}]}}